{"id":13130,"date":"2024-02-19T14:11:39","date_gmt":"2024-02-19T13:11:39","guid":{"rendered":"https:\/\/www.leaplytics.de\/?page_id=13130"},"modified":"2024-02-20T10:03:59","modified_gmt":"2024-02-20T09:03:59","slug":"lad-power-bi-saette-skub-i-din-projektledelse","status":"publish","type":"page","link":"https:\/\/www.leaplytics.de\/da\/lad-power-bi-saette-skub-i-din-projektledelse\/","title":{"rendered":"Lad Power BI give din projektledelse et l\u00f8ft"},"content":{"rendered":"<p>I projektledelsens dynamiske landskab, hvor pr\u00e6cision og fremsyn er altafg\u00f8rende, er det afg\u00f8rende at udnytte teknologien. Microsoft Power BI har vist sig at v\u00e6re en game-changer. Power BI giver projektledere en dynamisk platform til at forbedre deres beslutningsprocesser.<\/p>\n\n\n\n<p>I denne omfattende guide vil vi unders\u00f8ge, hvordan Power BI kan forbedre hver fase.<sup>1 <\/sup>af projektledelse. Vi taler om de grundl\u00e6ggende aspekter af et st\u00e6rkt projektledelsesdashboard.<\/p>\n\n\n\n<h3 class=\"wp-block-heading\" style=\"font-size:30px\">Projektets planl\u00e6gningsfase<\/h3>\n\n\n\n<p class=\"has-medium-font-size\">1. <strong>Definer det virkelige problem:<\/strong><\/p>\n\n\n\n<p>F\u00f8r du g\u00e5r i gang med projektet, er det afg\u00f8rende at finde frem til det problem, du fors\u00f8ger at l\u00f8se. Power BI hj\u00e6lper med dette ved at hj\u00e6lpe dig med at analysere historiske data, identificere m\u00f8nstre og afd\u00e6kke underliggende problemer. Visualiser tidligere projekters succes- og fiaskofaktorer for at tr\u00e6ffe informerede beslutninger.<\/p>\n\n\n\n<p class=\"has-medium-font-size\">2. <strong>Identificer interessenter:<\/strong><\/p>\n\n\n\n<p>Power BI's muligheder str\u00e6kker sig til styring af interessenter. Skab billeder, der fremh\u00e6ver de forskellige funktioner eller personer, der er ber\u00f8rt af projektet. Brug interaktive organisationsdiagrammer til at vise deres bidrag og forventninger. P\u00e5 den m\u00e5de sikrer vi overensstemmelse fra starten.<\/p>\n\n\n\n<p class=\"has-medium-font-size\">3. <strong>Defin\u00e9r projektets m\u00e5l:<\/strong><\/p>\n\n\n\n<p>Det er en udfordring at udforme eksplicitte og h\u00e5ndterbare m\u00e5l. Interessenternes forventninger og m\u00e5l kan ogs\u00e5 skifte i l\u00f8bet af projektet. Power BI's fleksibilitet giver dig mulighed for at tilpasse m\u00e5lene, efterh\u00e5nden som du indsamler flere oplysninger. Du kan f.eks. lave visualiseringer, der opdaterer m\u00e5lene baseret p\u00e5 data i realtid.<\/p>\n\n\n\n<p class=\"has-medium-font-size\">4. <strong>Bestem omfang, ressourcer og hovedopgaver:<\/strong><\/p>\n\n\n\n<p>Visualiser projektets omfang og opgaver, estimer tidslinjer og omkostninger. Det er med til at sikre, at du har en klar forst\u00e5else af ressourcekravene. Brug Power BI til at nedbryde komplekse aktiviteter med en Work Breakdown Structure (WBS).<\/p>\n\n\n\n<p class=\"has-medium-font-size\">5. <strong>Forbered dig p\u00e5 kompromiser:<\/strong><\/p>\n\n\n\n<p>Power BI hj\u00e6lper med at skabe balance mellem tid, omkostninger og kvalitet. Integrer dine data for at skabe billeder, der viser, hvordan variationer i disse variabler p\u00e5virker projektets resultater. Denne gennemsigtighed g\u00f8r det lettere at tr\u00e6ffe informerede beslutninger og tilpasse sig interessenterne.<\/p>\n\n\n\n<h3 class=\"wp-block-heading\" style=\"font-size:30px\">Projektets opbygningsfase<\/h3>\n\n\n\n<p class=\"has-medium-font-size\">6. <strong>Saml dit team:<\/strong><\/p>\n\n\n\n<p>Udnyt Power BI til at vurdere de n\u00f8dvendige f\u00e6rdigheder og visualisere teamets sammens\u00e6tning. Brug visualiseringer til at identificere kompetencegab, planl\u00e6gge uddannelse og ruste dit team til succes.<\/p>\n\n\n\n<p class=\"has-medium-font-size\">7. <strong>Planl\u00e6g opgaver:<\/strong><\/p>\n\n\n\n<p>Skab visualiseringer, der letter gennemsigtig kommunikation i teamet. Visualiser opgaver, n\u00f8dvendige f\u00e6rdigheder og individuelle f\u00e6rdigheder, s\u00e5 du sikrer en sammenh\u00e6ngende teamdynamik.<\/p>\n\n\n\n<p class=\"has-medium-font-size\">8. <strong>Lav en tidsplan:<\/strong><\/p>\n\n\n\n<p>Power BI's muligheder str\u00e6kker sig til projektplanl\u00e6gning gennem Gantt-diagrammer. Udvikl visuals, der illustrerer tidslinjer, identificerer kritiske stier og tilpasser sig faste deadlines. Oprethold en realistisk tidsplan inden for begr\u00e6nsningerne.<\/p>\n\n\n\n<p class=\"has-medium-font-size\">9. <strong>Hold et kickoff-m\u00f8de:<\/strong><\/p>\n\n\n\n<p>De fleste Power BI-visualiseringer kan eksporteres til MS PowerPoint. Brug Power BI-visualiseringer under kickoff-m\u00f8det til at forklare projektplanen, m\u00e5lene og tidsrammen. Opfordr teammedlemmerne til at komme med input, hvilket fremmer samarbejde og f\u00e6lles forst\u00e5else.<\/p>\n\n\n\n<p class=\"has-medium-font-size\">10. <strong>Udarbejd et budget:<\/strong><\/p>\n\n\n\n<p>Brug Power BI til at lave et omfattende budget. Visualiser omkostninger p\u00e5 tv\u00e6rs af kategorier, s\u00f8g input fra interessenter, og bevar fleksibiliteten inden for budgetbegr\u00e6nsningerne.<\/p>\n\n\n\n<h3 class=\"wp-block-heading\" style=\"font-size:30px\">Projektets implementeringsfase<\/h3>\n\n\n\n<p class=\"has-medium-font-size\">11. <strong>Overv\u00e5g og kontroller proces og budget:<\/strong><\/p>\n\n\n\n<p>Installer visualiseringer til projektoverv\u00e5gning i Power BI som vores Power BI Risk Matrix. Visualisering af risici sammen med projektets fremskridt giver et holistisk overblik over potentielle udfordringer. Se her, hvordan du g\u00f8r:<\/p>\n\n\n\n<p><strong>Vurdering af risikovirkning og sandsynlighed:<\/strong> Risikomatrixen til Power BI hj\u00e6lper med at vurdere hver enkelt risikos indvirkning og sandsynlighed. Brug farvekodede celler til at repr\u00e6sentere alvorligheden af risici. Det giver mulighed for hurtig identifikation af omr\u00e5der med stor indvirkning.<\/p>\n\n\n\n<p><strong>Budgetsporing i realtid:<\/strong> Kombiner visualisering af budgetsporing med risikomatrixen. Tildel budgetkonsekvenser til hver identificeret risiko, s\u00e5 du f\u00e5r et omfattende overblik over potentielle \u00f8konomiske konsekvenser. N\u00e5r risici udvikler sig, opdateres dine budgetbilleder i realtid, hvilket sikrer n\u00f8jagtig \u00f8konomisk overv\u00e5gning.<\/p>\n\n\n\n<p><strong>Gennemboring til detaljeret analyse:<\/strong> Udvid risikomatrixen ved hj\u00e6lp af drill-through-funktioner. At dykke ned i en specifik risiko kan omfatte en detaljeret analyse, der viser relevante \u00f8konomiske konsekvenser og n\u00f8dvendige afhj\u00e6lpningsstrategier.<\/p>\n\n\n\n<div class=\"wp-block-buttons is-layout-flex wp-block-buttons-is-layout-flex\">\n<div class=\"wp-block-button has-custom-font-size\" style=\"font-size:18px\"><a class=\"wp-block-button__link has-background wp-element-button\" href=\"https:\/\/www.leaplytics.de\/da\/forside\/projektledelse-brugerdefinerede-visualiseringer-microsoft-powerbi\/risiko-heatmap-brugerdefineret-visuel-til-power-bi\/\" style=\"background-color:#22316d\">Se vores tilpassede visuelle 'risikomatrix' til Power BI her!<\/a><\/div>\n<\/div>\n\n\n\n<p><\/p>\n\n\n\n<p class=\"has-medium-font-size\">12. <strong>Fleksibel reaktion p\u00e5 forandringer:<\/strong><\/p>\n\n\n\n<p>Power BI's datafunktioner i realtid giver dig mulighed for at reagere hurtigt p\u00e5 \u00e6ndringer. Visualiser data for at identificere potentielle problemer, s\u00e5 du kan tr\u00e6ffe proaktive beslutninger og korrigere kursen.<\/p>\n\n\n\n<p class=\"has-medium-font-size\">13. <strong>Rapport om fremskridt:<\/strong><\/p>\n\n\n\n<p>Skab visualiseringer til interessenter for at give regelm\u00e6ssige opdateringer og statusrapporter. Eksport af billeder til PowerPoint vil g\u00f8re regelm\u00e6ssige statusm\u00f8der til en leg. Power BI giver dig mulighed for at tilpasse rapporter baseret p\u00e5 interessenternes pr\u00e6ferencer, hvilket fremmer gennemsigtighed og tillid.<\/p>\n\n\n\n<p class=\"has-medium-font-size\">14. <strong>Hold ugentlige teamm\u00f8der:<\/strong><\/p>\n\n\n\n<p>Brug Power BI til at strukturere teamm\u00f8der omkring n\u00f8gletal. Visualiser pr\u00e6stationsdata, diskuter uopn\u00e5ede m\u00e5l, og fejr succeser. V\u00e6rkt\u00f8jet hj\u00e6lper med at fastholde fokus p\u00e5 vigtige aktiviteter og holder teamet p\u00e5 linje.<\/p>\n\n\n\n<p class=\"has-medium-font-size\">15. <strong>H\u00e5ndter problemer:<\/strong><\/p>\n\n\n\n<p>Power BI-visualiseringer kan hj\u00e6lpe med at identificere og h\u00e5ndtere nye problemer. Hold \u00f8je med teamdynamik og projektm\u00e5linger for at l\u00f8se problemer, f\u00f8r de eskalerer. Her hj\u00e6lper risikomatrixen med at spore og h\u00e5ndtere risici for at forhindre negative resultater.<\/p>\n\n\n\n<h3 class=\"wp-block-heading\" style=\"font-size:30px\">Projektets afsluttende fase<\/h3>\n\n\n\n<p class=\"has-medium-font-size\">16. <strong>Evaluer projektets resultater:<\/strong><\/p>\n\n\n\n<p>Brug Power BI til at sammenligne projektets fremskridt med det oprindeligt definerede omfang. Visualiser pr\u00e6stationsm\u00e5linger for at indlede diskussioner med interessenter om projektets f\u00e6rdigg\u00f8relse og succes. Sammenlign ogs\u00e5 projektm\u00e5linger med tidligere projekters succeser eller fiaskoer.<\/p>\n\n\n\n<p class=\"has-medium-font-size\">17. <strong>Luk projektet:<\/strong><\/p>\n\n\n\n<p>Visualiser de trin, der er involveret i at afslutte projektet. Power BI hj\u00e6lper med at dokumentere og kommunikere projektafslutningsprocesser. Derfor sikrer vi en gnidningsl\u00f8s overgang af leverancer.<\/p>\n\n\n\n<h3 class=\"wp-block-heading\" style=\"font-size:30px\">Debriefing<\/h3>\n\n\n\n<p>Integrer Power BI i hver projektfase for at skabe et omfattende og dynamisk projektdashboard. Ikke alle visuelle elementer er et must, men ved at anvende Power BI kan du holde styr p\u00e5 dit projekt i alle faser. Styrk dit team med brugbar indsigt, styrk samarbejdet og naviger i projektledelsens kompleksitet. Projektsucces er ikke l\u00e6ngere bare et m\u00e5l, med Power BI er det en visualiseret rejse.<\/p>\n\n\n\n<p><\/p>\n\n\n\n<hr class=\"wp-block-separator has-alpha-channel-opacity\"\/>\n\n\n\n<p class=\"has-small-font-size\"><sup>1<\/sup> Projektfaserne i denne artikel er baseret p\u00e5 f\u00f8lgende artikel: <a href=\"https:\/\/hbr.org\/2016\/11\/the-four-phases-of-project-management\">Harvard Business Review. (2016, 3. november). <em>De fire faser i projektledelse<\/em>.<\/a><\/p>","protected":false},"excerpt":{"rendered":"<p>I projektledelsens dynamiske landskab, hvor pr\u00e6cision og fremsyn er altafg\u00f8rende, er det afg\u00f8rende at udnytte teknologien. Microsoft Power BI har vist sig at v\u00e6re en game-changer. Power BI giver projektledere en dynamisk platform til at forbedre deres beslutningsprocesser. I denne omfattende guide vil vi unders\u00f8ge, hvordan Power BI kan l\u00f8fte hver fase1 af projektet ... <\/p>","protected":false},"author":55,"featured_media":13133,"parent":0,"menu_order":0,"comment_status":"closed","ping_status":"closed","template":"","meta":{"footnotes":"[]"},"class_list":["post-13130","page","type-page","status-publish","has-post-thumbnail","hentry","latest_post"],"_links":{"self":[{"href":"https:\/\/www.leaplytics.de\/da\/wp-json\/wp\/v2\/pages\/13130","targetHints":{"allow":["GET"]}}],"collection":[{"href":"https:\/\/www.leaplytics.de\/da\/wp-json\/wp\/v2\/pages"}],"about":[{"href":"https:\/\/www.leaplytics.de\/da\/wp-json\/wp\/v2\/types\/page"}],"author":[{"embeddable":true,"href":"https:\/\/www.leaplytics.de\/da\/wp-json\/wp\/v2\/users\/55"}],"replies":[{"embeddable":true,"href":"https:\/\/www.leaplytics.de\/da\/wp-json\/wp\/v2\/comments?post=13130"}],"version-history":[{"count":7,"href":"https:\/\/www.leaplytics.de\/da\/wp-json\/wp\/v2\/pages\/13130\/revisions"}],"predecessor-version":[{"id":13144,"href":"https:\/\/www.leaplytics.de\/da\/wp-json\/wp\/v2\/pages\/13130\/revisions\/13144"}],"wp:featuredmedia":[{"embeddable":true,"href":"https:\/\/www.leaplytics.de\/da\/wp-json\/wp\/v2\/media\/13133"}],"wp:attachment":[{"href":"https:\/\/www.leaplytics.de\/da\/wp-json\/wp\/v2\/media?parent=13130"}],"curies":[{"name":"wp","href":"https:\/\/api.w.org\/{rel}","templated":true}]}}