{"id":13321,"date":"2024-04-09T20:47:19","date_gmt":"2024-04-09T18:47:19","guid":{"rendered":"https:\/\/www.leaplytics.de\/?page_id=13321"},"modified":"2024-04-17T15:17:27","modified_gmt":"2024-04-17T13:17:27","slug":"mulighedsmatrix-for-power-bi","status":"publish","type":"page","link":"https:\/\/www.leaplytics.de\/da\/mulighedsmatrix-for-power-bi\/","title":{"rendered":"Mulighedsmatrix for Power BI - Udnyt den til at frig\u00f8re din konkurrencefordel"},"content":{"rendered":"<p>For projekt- og risikomanagere er det lige s\u00e5 vigtigt at udnytte muligheder som at mindske risici. Ved at tilpasse vores visuelle risikomatrix til Power BI kan vi konvertere den til en mulighedsmatrix. Denne tilgang g\u00f8r det muligt at identificere og udnytte muligheder, der giver konkurrencem\u00e6ssige fordele.<\/p>\n\n\n\n<figure class=\"wp-block-embed is-type-video is-provider-youtube wp-block-embed-youtube wp-embed-aspect-16-9 wp-has-aspect-ratio\"><div class=\"wp-block-embed__wrapper\">\n<iframe loading=\"lazy\" title=\"Mulighedsmatrix for Power BI - LeapLytics\" width=\"770\" height=\"433\" src=\"https:\/\/www.youtube.com\/embed\/VzEAOzIjrZY?feature=oembed\" frameborder=\"0\" allow=\"accelerometer; autoplay; clipboard-write; encrypted-media; gyroscope; picture-in-picture; web-share\" referrerpolicy=\"strict-origin-when-cross-origin\" allowfullscreen><\/iframe>\n<\/div><figcaption class=\"wp-element-caption\">I vores YouTube-video viser vi, hvordan man opretter en Opportunity Matrix i Power BI.<\/figcaption><\/figure>\n\n\n\n<h3 class=\"wp-block-heading has-medium-font-size\"><strong>Hvorfor mulighedsstyring er vigtig<\/strong><\/h3>\n\n\n\n<p>Opportunity management er afg\u00f8rende for virksomheder, der \u00f8nsker b\u00e6redygtig v\u00e6kst og konkurrencem\u00e6ssige fordele. Det handler om at identificere og udnytte muligheder. Organisationer kan udnytte markedstendenser, innovation og nye teknologier. Det giver ogs\u00e5 mulighed for l\u00f8bende at forbedre produkt- og servicekvaliteten. Desuden g\u00f8r effektiv mulighedsstyring det muligt for virksomheder at holde sig foran konkurrenterne. Det er afg\u00f8rende at tilpasse sig kundernes skiftende behov og pr\u00e6ferencer.<\/p>\n\n\n\n<h3 class=\"wp-block-heading has-medium-font-size\"><strong>Identificering af muligheder fra forskellige kilder<\/strong><\/h3>\n\n\n\n<p>For at identificere muligheder m\u00e5 vi udnytte alle de kilder, vi kender til.<\/p>\n\n\n\n<div class=\"wp-block-columns is-layout-flex wp-container-core-columns-is-layout-1 wp-block-columns-is-layout-flex\">\n<div class=\"wp-block-column is-layout-flow wp-block-column-is-layout-flow\" style=\"flex-basis:2%\">\n<p><strong>1.<\/strong><\/p>\n<\/div>\n\n\n\n<div class=\"wp-block-column is-layout-flow wp-block-column-is-layout-flow\" style=\"flex-basis:98%\">\n<p><strong>Vurder dit konkurrencelandskab:<\/strong> At vurdere forretningsmilj\u00f8et handler om at analysere konkurrenternes styrker, svagheder, markedspositionering og strategier. Benchmarking eller en SWOT-analyse kan v\u00e6re effektive v\u00e6rkt\u00f8jer. At f\u00e5 indsigt i konkurrenternes bedste praksis kan udfolde potentielle muligheder.<\/p>\n<\/div>\n<\/div>\n\n\n\n<div class=\"wp-block-columns is-layout-flex wp-container-core-columns-is-layout-2 wp-block-columns-is-layout-flex\">\n<div class=\"wp-block-column is-layout-flow wp-block-column-is-layout-flow\" style=\"flex-basis:2%\">\n<p><strong>2.<\/strong><\/p>\n<\/div>\n\n\n\n<div class=\"wp-block-column is-layout-flow wp-block-column-is-layout-flow\" style=\"flex-basis:98%\">\n<p><strong>Forst\u00e5 kundernes behov p\u00e5 forh\u00e5nd: <\/strong>Hold \u00f8je med markedstendenser, forbrugeradf\u00e6rd og nye pr\u00e6ferencer. Markedsunders\u00f8gelser, kundefeedback og analyse af indk\u00f8bsm\u00f8nstre hj\u00e6lper med at forudse kundernes behov.<\/p>\n<\/div>\n<\/div>\n\n\n\n<div class=\"wp-block-columns is-layout-flex wp-container-core-columns-is-layout-3 wp-block-columns-is-layout-flex\">\n<div class=\"wp-block-column is-layout-flow wp-block-column-is-layout-flow\" style=\"flex-basis:2%\">\n<p><strong>3.<\/strong><\/p>\n<\/div>\n\n\n\n<div class=\"wp-block-column is-layout-flow wp-block-column-is-layout-flow\" style=\"flex-basis:98%\">\n<p><strong>Tilskynd til innovation og indf\u00f8r praksis for videndeling:<\/strong> Fremme en kultur med innovation og kreativitet. At bringe folk fra forskellige segmenter sammen kan v\u00e6re en vigtig drivkraft for vidensdeling. Det kan f\u00f8re til mere innovative ideer gennem out-of-the-box-t\u00e6nkning.<\/p>\n<\/div>\n<\/div>\n\n\n\n<div class=\"wp-block-columns is-layout-flex wp-container-core-columns-is-layout-4 wp-block-columns-is-layout-flex\">\n<div class=\"wp-block-column is-layout-flow wp-block-column-is-layout-flow\" style=\"flex-basis:2%\">\n<p><strong>4.<\/strong><\/p>\n<\/div>\n\n\n\n<div class=\"wp-block-column is-layout-flow wp-block-column-is-layout-flow\" style=\"flex-basis:98%\">\n<p><strong>Identificer slaphed og find de grundl\u00e6ggende \u00e5rsager:<\/strong> Slack refererer til underudnyttede ressourcer, processer eller kapaciteter i en organisation. M\u00e5let er at identificere omr\u00e5der med slaphed og unders\u00f8ge de grundl\u00e6ggende \u00e5rsager bag dem. P\u00e5 den m\u00e5de kan du afd\u00e6kke skjulte muligheder for optimering og forbedring. Procesrevisioner og medarbejderfeedback kan bruges som identifikationsstrategier.<\/p>\n<\/div>\n<\/div>\n\n\n\n<div class=\"wp-block-columns is-layout-flex wp-container-core-columns-is-layout-5 wp-block-columns-is-layout-flex\">\n<div class=\"wp-block-column is-layout-flow wp-block-column-is-layout-flow\" style=\"flex-basis:2%\">\n<p><strong>5.<\/strong><\/p>\n<\/div>\n\n\n\n<div class=\"wp-block-column is-layout-flow wp-block-column-is-layout-flow\" style=\"flex-basis:98%\">\n<p><strong>Glem ikke dine risici, de kan d\u00e6kke over muligheder: <\/strong>Risici ses typisk som potentielle trusler mod forretningsdriften. Men de kan ogs\u00e5 afd\u00e6kke skjulte muligheder. N\u00e5r du analyserer og h\u00e5ndterer risici, kan du overveje at g\u00f8re nogle af dem til muligheder. F.eks. kan afhj\u00e6lpning af cybersikkerhedstrusler f\u00f8re til st\u00f8rre kundetillid og -loyalitet.<\/p>\n<\/div>\n<\/div>\n\n\n\n<div class=\"wp-block-columns is-layout-flex wp-container-core-columns-is-layout-6 wp-block-columns-is-layout-flex\">\n<div class=\"wp-block-column is-layout-flow wp-block-column-is-layout-flow\" style=\"flex-basis:2%\">\n<p><strong>6.<\/strong><\/p>\n<\/div>\n\n\n\n<div class=\"wp-block-column is-layout-flow wp-block-column-is-layout-flow\" style=\"flex-basis:98%\">\n<p><strong>Bliv din branches b\u00e6redygtige pioner:<\/strong> B\u00e6redygtighed kan \u00e5bne op for nye muligheder for innovation, omkostningsbesparelser og differentiering. Find ud af, hvordan du kan reducere din udledning og optimere ressourceforbruget. Omkostningsbesparelser, kundeloyalitet og et bedre omd\u00f8mme vil v\u00e6re resultatet.<\/p>\n<\/div>\n<\/div>\n\n\n\n<h3 class=\"wp-block-heading has-medium-font-size\"><strong>Fordele ved styring af muligheder<\/strong><\/h3>\n\n\n\n<p>Effektiv mulighedsh\u00e5ndtering giver mange fordele. Herunder \u00f8get rentabilitet, forbedret markedspositionering, st\u00f8rre kundetilfredshed og b\u00e6redygtig forretningsv\u00e6kst. Ved proaktivt at identificere og udnytte muligheder kan organisationer drive innovation. De fremmer en kultur med l\u00f8bende forbedringer og maksimerer deres konkurrencefordele.<\/p>\n\n\n\n<h3 class=\"wp-block-heading has-medium-font-size\"><strong>Forst\u00e5else af mulighedsmatrixen<\/strong><\/h3>\n\n\n\n<p>Mulighedsmatrixen afspejler i sin kerne den velkendte risikomatrix. Vurdering af potentielle muligheder med hensyn til deres sandsynlighed og indvirkning. Matrixen g\u00f8r det lettere at opdage, vurdere og styre muligheder. At vejlede organisationer i retning af bedre resultater og v\u00e6kst har h\u00f8jeste prioritet.<\/p>\n\n\n\n<div class=\"wp-block-columns is-layout-flex wp-container-core-columns-is-layout-7 wp-block-columns-is-layout-flex\">\n<div class=\"wp-block-column is-vertically-aligned-center is-layout-flow wp-block-column-is-layout-flow\" style=\"flex-basis:150px\">\n<figure class=\"wp-block-image size-full is-resized\"><img loading=\"lazy\" decoding=\"async\" width=\"255\" height=\"259\" src=\"https:\/\/www.leaplytics.de\/wp-content\/uploads\/2024\/04\/Bild3.jpg\" alt=\"\" class=\"wp-image-13324\" style=\"width:100px\" srcset=\"https:\/\/www.leaplytics.de\/wp-content\/uploads\/2024\/04\/Bild3.jpg 255w, https:\/\/www.leaplytics.de\/wp-content\/uploads\/2024\/04\/Bild3-59x60.jpg 59w\" sizes=\"auto, (max-width: 255px) 100vw, 255px\" \/><\/figure>\n<\/div>\n\n\n\n<div class=\"wp-block-column is-layout-flow wp-block-column-is-layout-flow\" style=\"flex-basis:66.66%\">\n<p><strong>Mulighed for v\u00e6rkt\u00f8jstip via mouse-over<\/strong><\/p>\n\n\n\n<p>Hvis man holder musen over datapunkterne, f\u00e5r man detaljerede oplysninger. Det giver brugerne mulighed for at dykke dybere ned i specifikke muligheder. Denne funktion forbedrer beslutningstagningen ved at give omfattende indsigt p\u00e5 et \u00f8jeblik.<\/p>\n<\/div>\n<\/div>\n\n\n\n<div class=\"wp-block-columns is-layout-flex wp-container-core-columns-is-layout-8 wp-block-columns-is-layout-flex\">\n<div class=\"wp-block-column is-vertically-aligned-center is-layout-flow wp-block-column-is-layout-flow\" style=\"flex-basis:150px\">\n<figure class=\"wp-block-image size-large is-resized\"><img loading=\"lazy\" decoding=\"async\" width=\"1024\" height=\"1024\" src=\"https:\/\/www.leaplytics.de\/wp-content\/uploads\/2022\/06\/Indicator-Settings-1024x1024.png\" alt=\"\" class=\"wp-image-8461\" style=\"width:128px;height:auto\" srcset=\"https:\/\/www.leaplytics.de\/wp-content\/uploads\/2022\/06\/Indicator-Settings-1024x1024.png 1024w, https:\/\/www.leaplytics.de\/wp-content\/uploads\/2022\/06\/Indicator-Settings-300x300.png 300w, https:\/\/www.leaplytics.de\/wp-content\/uploads\/2022\/06\/Indicator-Settings-150x150.png 150w, https:\/\/www.leaplytics.de\/wp-content\/uploads\/2022\/06\/Indicator-Settings-768x768.png 768w, https:\/\/www.leaplytics.de\/wp-content\/uploads\/2022\/06\/Indicator-Settings-1536x1536.png 1536w, https:\/\/www.leaplytics.de\/wp-content\/uploads\/2022\/06\/Indicator-Settings-370x370.png 370w, https:\/\/www.leaplytics.de\/wp-content\/uploads\/2022\/06\/Indicator-Settings-60x60.png 60w, https:\/\/www.leaplytics.de\/wp-content\/uploads\/2022\/06\/Indicator-Settings.png 1854w\" sizes=\"auto, (max-width: 1024px) 100vw, 1024px\" \/><\/figure>\n<\/div>\n\n\n\n<div class=\"wp-block-column is-layout-flow wp-block-column-is-layout-flow\">\n<p class=\"has-medium-font-size\"><strong>Betinget formatering<\/strong><\/p>\n\n\n\n<p>Brug betingede formateringsregler til at fremh\u00e6ve vigtige muligheder baseret p\u00e5 foruddefinerede kriterier. Denne funktion forbedrer synligheden og prioriterer handlingsorienteret indsigt til strategisk planl\u00e6gning og udf\u00f8relse. Derudover kan betinget formatering udvide matrixen med en anden dimension. For eksempel ved at vurdere gennemf\u00f8rligheden af hver mulighed ved hj\u00e6lp af farvekoder. Forskellige farvenuancer kan repr\u00e6sentere forskellige niveauer af gennemf\u00f8rlighed. Det giver interessenterne v\u00e6rdifuld indsigt i hver enkelt muligheds levedygtighed.<\/p>\n<\/div>\n<\/div>\n\n\n\n<div class=\"wp-block-columns is-layout-flex wp-container-core-columns-is-layout-9 wp-block-columns-is-layout-flex\">\n<div class=\"wp-block-column is-vertically-aligned-center is-layout-flow wp-block-column-is-layout-flow\" style=\"flex-basis:150px\">\n<figure class=\"wp-block-image size-full is-resized\"><img loading=\"lazy\" decoding=\"async\" width=\"355\" height=\"218\" src=\"https:\/\/www.leaplytics.de\/wp-content\/uploads\/2024\/04\/Bild2.jpg\" alt=\"\" class=\"wp-image-13323\" style=\"width:128px\" srcset=\"https:\/\/www.leaplytics.de\/wp-content\/uploads\/2024\/04\/Bild2.jpg 355w, https:\/\/www.leaplytics.de\/wp-content\/uploads\/2024\/04\/Bild2-300x184.jpg 300w, https:\/\/www.leaplytics.de\/wp-content\/uploads\/2024\/04\/Bild2-98x60.jpg 98w\" sizes=\"auto, (max-width: 355px) 100vw, 355px\" \/><\/figure>\n<\/div>\n\n\n\n<div class=\"wp-block-column is-layout-flow wp-block-column-is-layout-flow\" style=\"flex-basis:66.66%\">\n<p><strong>Mulighed for gennemboring for mere indsigt<\/strong><\/p>\n\n\n\n<p>Naviger gennem lag af data med drill-through-funktionen. Den giver brugerne mulighed for at udforske de underliggende faktorer, der p\u00e5virker hver mulighed. Denne mulighed for at dykke dybt fremmer en grundig forst\u00e5else af potentielle drivkr\u00e6fter og konsekvenser.<\/p>\n<\/div>\n<\/div>\n\n\n\n<div class=\"wp-block-columns is-layout-flex wp-container-core-columns-is-layout-10 wp-block-columns-is-layout-flex\">\n<div class=\"wp-block-column is-vertically-aligned-center is-layout-flow wp-block-column-is-layout-flow\" style=\"flex-basis:150px\">\n<figure class=\"wp-block-image size-large is-resized\"><img loading=\"lazy\" decoding=\"async\" width=\"1024\" height=\"1024\" src=\"https:\/\/www.leaplytics.de\/wp-content\/uploads\/2022\/05\/Color-Settings-1024x1024.png\" alt=\"\" class=\"wp-image-7710\" style=\"width:128px\" srcset=\"https:\/\/www.leaplytics.de\/wp-content\/uploads\/2022\/05\/Color-Settings-1024x1024.png 1024w, https:\/\/www.leaplytics.de\/wp-content\/uploads\/2022\/05\/Color-Settings-300x300.png 300w, https:\/\/www.leaplytics.de\/wp-content\/uploads\/2022\/05\/Color-Settings-150x150.png 150w, https:\/\/www.leaplytics.de\/wp-content\/uploads\/2022\/05\/Color-Settings-768x768.png 768w, https:\/\/www.leaplytics.de\/wp-content\/uploads\/2022\/05\/Color-Settings-1536x1536.png 1536w, https:\/\/www.leaplytics.de\/wp-content\/uploads\/2022\/05\/Color-Settings-2048x2048.png 2048w, https:\/\/www.leaplytics.de\/wp-content\/uploads\/2022\/05\/Color-Settings-370x370.png 370w, https:\/\/www.leaplytics.de\/wp-content\/uploads\/2022\/05\/Color-Settings-60x60.png 60w, https:\/\/www.leaplytics.de\/wp-content\/uploads\/2022\/05\/Color-Settings-600x600.png 600w, https:\/\/www.leaplytics.de\/wp-content\/uploads\/2022\/05\/Color-Settings-100x100.png 100w\" sizes=\"auto, (max-width: 1024px) 100vw, 1024px\" \/><\/figure>\n<\/div>\n\n\n\n<div class=\"wp-block-column is-layout-flow wp-block-column-is-layout-flow\" style=\"flex-basis:66.66%\">\n<p><strong>Brugerdefineret farvedesign<\/strong><\/p>\n\n\n\n<p>G\u00f8r matricen personlig med brugerdefinerede farveskemaer. Det bidrager til klarhed og muligg\u00f8r tilpasning til individuelle behov.<\/p>\n<\/div>\n<\/div>\n\n\n\n<div class=\"wp-block-columns is-layout-flex wp-container-core-columns-is-layout-11 wp-block-columns-is-layout-flex\">\n<div class=\"wp-block-column is-vertically-aligned-center is-layout-flow wp-block-column-is-layout-flow\" style=\"flex-basis:150px\">\n<figure class=\"wp-block-image size-large\"><img loading=\"lazy\" decoding=\"async\" width=\"1024\" height=\"1018\" src=\"https:\/\/www.leaplytics.de\/wp-content\/uploads\/2022\/06\/Axis-Settings-1024x1018.png\" alt=\"\" class=\"wp-image-8460\" srcset=\"https:\/\/www.leaplytics.de\/wp-content\/uploads\/2022\/06\/Axis-Settings-1024x1018.png 1024w, https:\/\/www.leaplytics.de\/wp-content\/uploads\/2022\/06\/Axis-Settings-300x298.png 300w, https:\/\/www.leaplytics.de\/wp-content\/uploads\/2022\/06\/Axis-Settings-150x150.png 150w, https:\/\/www.leaplytics.de\/wp-content\/uploads\/2022\/06\/Axis-Settings-768x763.png 768w, https:\/\/www.leaplytics.de\/wp-content\/uploads\/2022\/06\/Axis-Settings-1536x1527.png 1536w, https:\/\/www.leaplytics.de\/wp-content\/uploads\/2022\/06\/Axis-Settings-60x60.png 60w, https:\/\/www.leaplytics.de\/wp-content\/uploads\/2022\/06\/Axis-Settings.png 1827w\" sizes=\"auto, (max-width: 1024px) 100vw, 1024px\" \/><\/figure>\n<\/div>\n\n\n\n<div class=\"wp-block-column is-layout-flow wp-block-column-is-layout-flow\" style=\"flex-basis:66.66%\">\n<p><strong>Indstillinger for gitter, akse og indikator kan tilpasses<\/strong><\/p>\n\n\n\n<p>Skr\u00e6ddersy matrixlayoutet, s\u00e5 det passer til organisatoriske pr\u00e6ferencer og specifikke projektkrav. Juster gitterlinjer, akseetiketter og indikatormark\u00f8rer for at optimere l\u00e6sbarhed og klarhed.<\/p>\n<\/div>\n<\/div>\n\n\n\n<div class=\"wp-block-buttons is-layout-flex wp-block-buttons-is-layout-flex\">\n<div class=\"wp-block-button has-custom-font-size\" style=\"font-size:18px\"><a class=\"wp-block-button__link has-background wp-element-button\" href=\"https:\/\/www.leaplytics.de\/da\/forside\/projektledelse-brugerdefinerede-visualiseringer-microsoft-powerbi\/risiko-heatmap-brugerdefineret-visuel-til-power-bi\/\" style=\"background-color:#22316d\">Klik her for at komme til vores tilpassede visuelle 'risikomatrix' til Power BI her!<\/a><\/div>\n<\/div>\n\n\n\n<figure class=\"wp-block-image size-full\"><img loading=\"lazy\" decoding=\"async\" width=\"152\" height=\"37\" src=\"https:\/\/www.leaplytics.de\/wp-content\/uploads\/2022\/05\/PBI-Certified.png\" alt=\"\" class=\"wp-image-8358\" srcset=\"https:\/\/www.leaplytics.de\/wp-content\/uploads\/2022\/05\/PBI-Certified.png 152w, https:\/\/www.leaplytics.de\/wp-content\/uploads\/2022\/05\/PBI-Certified-150x37.png 150w\" sizes=\"auto, (max-width: 152px) 100vw, 152px\" \/><\/figure>\n\n\n\n<p><\/p>\n\n\n\n<h3 class=\"wp-block-heading has-medium-font-size\"><strong>Frig\u00f8relse af konkurrencefordele<\/strong><\/h3>\n\n\n\n<p>Virksomheder f\u00e5r en strategisk fordel p\u00e5 dagens marked ved at bruge Opportunity Matrix. Proaktiv identifikation og styring af muligheder driver innovation, v\u00e6kst og b\u00e6redygtige fordele. Power BI's Opportunity Matrix giver virksomheder mulighed for at styre muligheder med intuitive funktioner.<\/p>\n\n\n\n<h3 class=\"wp-block-heading has-medium-font-size\"><strong>Konklusion<\/strong><\/h3>\n\n\n\n<p>Mulighedsmatrixen er et st\u00e6rkt v\u00e6rkt\u00f8j til strategisk beslutningstagning. Den ruster organisationer til at opn\u00e5 b\u00e6redygtige konkurrencefordele. Med robuste funktioner ruster den organisationer til at trives p\u00e5 et konkurrencepr\u00e6get marked. Brug den til v\u00e6kst og innovation og frig\u00f8r skjult potentiale.<\/p>","protected":false},"excerpt":{"rendered":"<p>For projekt- og risikomanagere er det lige s\u00e5 vigtigt at udnytte muligheder som at mindske risici. Ved at tilpasse vores visuelle risikomatrix til Power BI kan vi konvertere den til en mulighedsmatrix. Denne tilgang g\u00f8r det muligt at identificere og udnytte muligheder, der giver konkurrencem\u00e6ssige fordele. Hvorfor Opportunity Management er vigtigt Opportunity Management er afg\u00f8rende for virksomheder, der \u00f8nsker ... <\/p>","protected":false},"author":55,"featured_media":13426,"parent":0,"menu_order":0,"comment_status":"closed","ping_status":"closed","template":"","meta":{"footnotes":""},"class_list":["post-13321","page","type-page","status-publish","has-post-thumbnail","hentry","latest_post"],"_links":{"self":[{"href":"https:\/\/www.leaplytics.de\/da\/wp-json\/wp\/v2\/pages\/13321","targetHints":{"allow":["GET"]}}],"collection":[{"href":"https:\/\/www.leaplytics.de\/da\/wp-json\/wp\/v2\/pages"}],"about":[{"href":"https:\/\/www.leaplytics.de\/da\/wp-json\/wp\/v2\/types\/page"}],"author":[{"embeddable":true,"href":"https:\/\/www.leaplytics.de\/da\/wp-json\/wp\/v2\/users\/55"}],"replies":[{"embeddable":true,"href":"https:\/\/www.leaplytics.de\/da\/wp-json\/wp\/v2\/comments?post=13321"}],"version-history":[{"count":11,"href":"https:\/\/www.leaplytics.de\/da\/wp-json\/wp\/v2\/pages\/13321\/revisions"}],"predecessor-version":[{"id":13424,"href":"https:\/\/www.leaplytics.de\/da\/wp-json\/wp\/v2\/pages\/13321\/revisions\/13424"}],"wp:featuredmedia":[{"embeddable":true,"href":"https:\/\/www.leaplytics.de\/da\/wp-json\/wp\/v2\/media\/13426"}],"wp:attachment":[{"href":"https:\/\/www.leaplytics.de\/da\/wp-json\/wp\/v2\/media?parent=13321"}],"curies":[{"name":"wp","href":"https:\/\/api.w.org\/{rel}","templated":true}]}}