{"id":13717,"date":"2025-05-12T15:34:59","date_gmt":"2025-05-12T13:34:59","guid":{"rendered":"https:\/\/www.leaplytics.de\/?page_id=13717"},"modified":"2025-05-12T15:35:01","modified_gmt":"2025-05-12T13:35:01","slug":"udtalelser","status":"publish","type":"page","link":"https:\/\/www.leaplytics.de\/da\/udtalelser\/","title":{"rendered":"Udtalelser"},"content":{"rendered":"<p><em>&#8220;<strong>Vi har brugt LeapLytics Risk Matrix \/ Heatmap visual i Power BI i over et \u00e5r nu.<\/strong><br>Det er blevet et uundv\u00e6rligt v\u00e6rkt\u00f8j for vores team. Dets intuitive design og funktioner, der kan tilpasses, giver os mulighed for effektivt at visualisere og prioritere risici, s\u00e5 vi kan fokusere p\u00e5 de mest kritiske omr\u00e5der. Muligheden for at skr\u00e6ddersy matrixen til vores specifikke behov har forbedret vores risikovurderingsprocesser betydeligt. Jeg kan varmt anbefale dette plugin til ethvert team, der \u00f8nsker at forbedre deres risikostyringsfunktioner inden for Power BI.\"<\/em> (Anonym)<\/p>\n\n\n\n<p><em>&#8220;<strong>Game Changer<\/strong> - Denne app har sparet os for hundredvis af udviklingstimer, timer med fejlfinding og alle de andre hovedpiner, der f\u00f8lger med, n\u00e5r man bygger en app helt fra bunden. Denne app var super nem at koble til en applikation, vi var ved at bygge, og den er ogs\u00e5 visuelt tiltalende og nem at bruge. Kan varmt anbefales til alle andre, der vil spare udviklingstimer og tid p\u00e5 at f\u00e5 noget, der allerede er testet!\"<\/em> (Anonym)<\/p>\n\n\n\n<p><em>\"Den visuelle risikomatrix i Power BI-platformen er blevet brugt som en <strong>strategisk v\u00e6rkt\u00f8j<\/strong> til styring af kritiske vedligeholdelsesaktiviteter, hvilket giver en hurtig og effektiv visualisering af de risici, der er forbundet med hvert aktiv. Matrixen kortl\u00e6gger visuelt aktivets kritikalitet baseret p\u00e5 dets p\u00e5virkningsniveau og sandsynlighed for fejl, hvilket direkte underst\u00f8tter prioriteringen af korrigerende og forebyggende handlinger. <br>Denne funktion hj\u00e6lper med at identificere vedligeholdelseselementer med den h\u00f8jeste driftsrelevans, hvilket bidrager til en mere selvsikker styring af ressourcer, teams og deadlines, is\u00e6r i komplekse scenarier som f.eks. nedlukninger eller n\u00f8dindgreb. Derudover giver den interaktive og tilpassede gr\u00e6nseflade mulighed for opdateringer og simuleringer i realtid, hvilket g\u00f8r beslutningsprocessen hurtigere og mere datadrevet.<br>Brugen af dette billede styrker ogs\u00e5 den risikobaserede styring af vedligeholdelsen og tilpasser den tekniske indsats til organisationens strategiske m\u00e5l for aktivernes p\u00e5lidelighed og tilg\u00e6ngelighed.\"<\/em> (CENIBRA)<\/p>\n\n\n\n<p><em>&#8220;<strong>Fantastisk visuel<\/strong> - Jeg har afpr\u00f8vet denne visuelle fremstilling i flere rapporter, og den er s\u00e5 nem at bruge, men alligevel s\u00e5 kraftfuld. Den visuelle fremstilling af risici i denne matrix har sparet mig for utallige timer, da jeg kan rette min opm\u00e6rksomhed mod de afsnit, der er markeret som meget vigtige. Leaplytics er ogs\u00e5 meget lydh\u00f8re pr. e-mail. Jeg kan varmt anbefale dette plug-in fra Leaplytics.\"<\/em> (Anonym)<\/p>\n\n\n\n<p><em>&#8220;<strong>Jeg plejede at kunne lide heatmaps, nu elsker jeg dem<\/strong> - Jeg havde ofte problemer, n\u00e5r jeg fors\u00f8gte at lave et heatmap. Denne har en st\u00e6rk fort\u00e6llekraft, og den er virkelig nem at bruge.\"<\/em> (Raphael de Taranto)<\/p>\n\n\n\n<p><em>&#8220;<strong>Fremragende app<\/strong> - Dette er en must-have-app, hvis du arbejder med risici. Den er nem at s\u00e6tte op og kan i h\u00f8j grad konfigureres, s\u00e5 den passer til dine behov.\"<\/em> (Roy Varghese)<\/p>\n\n\n\n<p><em>&#8220;<strong>Fantastisk dashboard til risikorapportering<\/strong> - Dashboardet giver et fremragende billede af risici, og vi har indarbejdet det i mange dashboards til risikorapportering i virksomheder. LeapLytics forts\u00e6tter med at forbedre funktionerne i dashboardet, herunder muligheden for at farvekode punkterne. Jeg kan varmt anbefale dette app-plug-in til risikokort til forbedring af Power BI-dashboards. Lydh\u00f8rhed over for sp\u00f8rgsm\u00e5l og support er ogs\u00e5 et plus.\"<\/em> (Becky Sterrett)<\/p>\n\n\n\n<p><em>&#8220;<strong>Fantastisk risiko-varmekort<\/strong> - Risk heatmap-v\u00e6rkt\u00f8jet har v\u00e6ret meget nyttigt til at kommunikere virksomhedsrisici og risikoniveauer til interessenter. Let at bruge og godt visuelt.\"<\/em> (Anonym)<\/p>\n\n\n\n<p class=\"has-text-align-left\"><em>&#8220;<strong>Dette v\u00e6rkt\u00f8j er brugervenligt<\/strong> og pr\u00e6senterer effektivt risikoscore i et klart og letforst\u00e5eligt format.\"<\/em> (Scott Nicol)<\/p>\n\n\n\n<p><em>&#8220;<strong>Fantastisk v\u00e6rkt\u00f8j<\/strong> - Dette v\u00e6rkt\u00f8j har v\u00e6ret medvirkende til vores kontinuerlige indsats for at str\u00f8mline vores risikoscoringsproces. Det giver et godt billede til hurtigt at vurdere risikoprofilen.\"<\/em> (Anonym)<\/p>\n\n\n\n<p><em>&#8220;<strong>Risikomatrix<\/strong> - Jeg var virkelig glad for at finde dette v\u00e6rkt\u00f8j og for, hvordan det har fungeret ud fra et risikostyrings-\/rapporteringsperspektiv - det er en fantastisk m\u00e5de at visualisere og gennemg\u00e5 risikoregistre med fokus p\u00e5 de vigtigste\/forh\u00f8jede risici. Teamet har ogs\u00e5 v\u00e6ret fantastisk at have med at g\u00f8re, de har ydet support og v\u00e6ret i dialog med mig om, hvordan jeg bruger det, og hvordan jeg kan forbedre det.\"<\/em> (Anonym)<\/p>\n\n\n\n<p><em>&#8220;<strong>Den fungerer pr\u00e6cis som forventet og annonceret.<\/strong> - K\u00f8bte en licens til denne app for n\u00e6sten 9 m\u00e5neder siden, installerede den i flere rapporter, der blev brugt af hundredvis af mennesker over hele verden, og har kun f\u00e5et positiv feedback fra brugerne.\"<\/em> (Lille, Roy)<\/p>\n\n\n\n<p><em>&#8220;<strong>Et godt v\u00e6rkt\u00f8j til at se din risikomatrix-historik<\/strong> - Et af de bedste specialv\u00e6rkt\u00f8jer til at styre risikomatrixen og vise den p\u00e5 en professionel m\u00e5de Jeg designede dette v\u00e6rkt\u00f8j og pr\u00e6senterede det for ledelsen 1- Fantastisk design 2- Fleksibilitet 3- Let at bruge 4- Jeg anbefaler at drage fordel af det Faktisk var det, hvad jeg ledte efter Tak, Stefan Preusler Tak, LeapLytics GmbH team\"<\/em> (\u0645\u062d\u064a\u064a \u0627\u0644\u062f\u064a\u0646)<\/p>\n\n\n\n<p><em>&#8220;<strong>Absolut det v\u00e6rd<\/strong> - Alt, hvad vi \u00f8nskede at opn\u00e5 med en risikomatrix, var vi i stand til at implementere med denne visualisering. Det er absolut det v\u00e6rd.\"<\/em> (Anonym)<\/p>\n\n\n\n<p><em>&#8220;<strong>Fantastisk l\u00f8sning til revisorer!<\/strong> - Det visuelle objekt opfylder perfekt kravene til en risikomatrix for revisorer.\" (David L\u00f3pez Morales)<\/em><\/p>\n\n\n\n<p><em>&#8220;<strong>God visuel<\/strong> til at underst\u00f8tte risikosamtaler.\"<\/em> (Elleke Bosworth)<\/p>\n\n\n\n<p><em>&#8220;<strong>Fantastisk visuel<\/strong> - Jeg ledte efter en fungerende l\u00f8sning til at visualisere mine risici. Denne visuelle l\u00f8sning fungerer godt for mig og er klar til brug i l\u00f8bet af f\u00e5 minutter. Interaktiviteten fungerer godt og f\u00f8les som \"the real deal\".\"<\/em> (Anonym)<\/p>\n\n\n\n<p><em>&#8220;<strong>Fantastisk visuelt v\u00e6rkt\u00f8j til risiko<\/strong> - Fantastisk v\u00e6rkt\u00f8j til at visualisere risiko-varmekort, meget effektivt og nemt at f\u00e5 adgang til\"<\/em> (Anonym)<\/p>\n\n\n\n<p><em>&#8220;<strong>Must have-v\u00e6rkt\u00f8j til risikostyring<\/strong> - V\u00e6rkt\u00f8jet er brugervenligt og pr\u00e6senterer effektivt risikoscore i et klart og letforst\u00e5eligt format.\"<\/em> (Anonym)<\/p>\n\n\n\n<p><em>&#8220;<strong>Meget nyttigt v\u00e6rkt\u00f8j til risikostyring<\/strong> - Jeg synes, at Risk Heatmap er meget nyttigt i vores risikostyringsproces. Det hj\u00e6lper med at visualisere risikoen p\u00e5 en nem og forst\u00e5elig m\u00e5de for b\u00e5de bestyrelsen og resten af virksomheden. Det er ogs\u00e5 nemt at bruge, og man f\u00e5r hurtigt styr p\u00e5, hvordan indstillingerne fungerer.\"<\/em> (Anonym)<\/p>\n\n\n\n<p><em>&#8220;<strong>Fantastisk lille tilf\u00f8jelse!<\/strong> - Vi har brugt LeapLytics' varmekort i det seneste \u00e5r. Det er nemt at bruge, giver god v\u00e6rdi for pengene, og det visuelle ser godt ud i vores risikodashboard.\"<\/em> (Anonym)<\/p>\n\n\n\n<p><em>&#8220;<strong>Perfekt<\/strong> - Es muy buena, vers\u00e1til y pr\u00e1ctica.\"<\/em> (Cynthia Mercedes Anaya Manrique)<\/p>\n\n\n\n<p><em>&#8220;<strong>Fantastisk visuel og respons<\/strong> - Den gav os det visuelle, vi havde brug for, og svaret p\u00e5 vores sp\u00f8rgsm\u00e5l var hurtigt og hj\u00e6lpsomt.\"<\/em> (Anonym)<\/p>\n\n\n\n<p><em>&#8220;<strong>Solid <\/strong>- Solid visuel\"<\/em> (Anonym)<\/p>","protected":false},"excerpt":{"rendered":"<p>\"Vi har brugt LeapLytics Risk Matrix \/ Heatmap visual i Power BI i over et \u00e5r nu, og det er blevet et uundv\u00e6rligt v\u00e6rkt\u00f8j for vores team. Dens intuitive design og funktioner, der kan tilpasses, giver os mulighed for effektivt at visualisere og prioritere risici, s\u00e5 vi kan fokusere p\u00e5 de mest kritiske omr\u00e5der. Muligheden for at skr\u00e6ddersy matrixen ... <\/p>","protected":false},"author":2,"featured_media":0,"parent":0,"menu_order":0,"comment_status":"closed","ping_status":"closed","template":"","meta":{"footnotes":""},"class_list":["post-13717","page","type-page","status-publish","hentry","latest_post"],"_links":{"self":[{"href":"https:\/\/www.leaplytics.de\/da\/wp-json\/wp\/v2\/pages\/13717","targetHints":{"allow":["GET"]}}],"collection":[{"href":"https:\/\/www.leaplytics.de\/da\/wp-json\/wp\/v2\/pages"}],"about":[{"href":"https:\/\/www.leaplytics.de\/da\/wp-json\/wp\/v2\/types\/page"}],"author":[{"embeddable":true,"href":"https:\/\/www.leaplytics.de\/da\/wp-json\/wp\/v2\/users\/2"}],"replies":[{"embeddable":true,"href":"https:\/\/www.leaplytics.de\/da\/wp-json\/wp\/v2\/comments?post=13717"}],"version-history":[{"count":5,"href":"https:\/\/www.leaplytics.de\/da\/wp-json\/wp\/v2\/pages\/13717\/revisions"}],"predecessor-version":[{"id":13725,"href":"https:\/\/www.leaplytics.de\/da\/wp-json\/wp\/v2\/pages\/13717\/revisions\/13725"}],"wp:attachment":[{"href":"https:\/\/www.leaplytics.de\/da\/wp-json\/wp\/v2\/media?parent=13717"}],"curies":[{"name":"wp","href":"https:\/\/api.w.org\/{rel}","templated":true}]}}