{"id":13808,"date":"2025-07-14T10:32:30","date_gmt":"2025-07-14T08:32:30","guid":{"rendered":"https:\/\/www.leaplytics.de\/?page_id=13808"},"modified":"2025-07-14T10:32:31","modified_gmt":"2025-07-14T08:32:31","slug":"gantt-leaplytics-power-bi","status":"publish","type":"page","link":"https:\/\/www.leaplytics.de\/da\/gantt-leaplytics-power-bi\/","title":{"rendered":"Gantt LeapLytics - Power BI"},"content":{"rendered":"<p>Det er ligetil. Vi giver dig mulighed for at bringe dine projekttidslinjer og tidsplaner til live direkte i Power BI. Vores Leaplytics Gantt Chart visual omdanner komplekse projektdata til professionelle, interaktive og omfattende tidslinjevisualiseringer. Vis projektplaner fra Microsoft Project, Primavera P6, Jira, Asana og Azure DevOps pr\u00e6cis som tilt\u00e6nkt.<\/p>\n<blockquote>\n<p>\"Endelig et Gantt-diagram, der rent faktisk fungerer i Power BI! At kunne vise vores projekttidslinjer med afh\u00e6ngigheder og fremdriftssporing direkte i vores executive dashboards i stedet for statiske sk\u00e6rmbilleder har \u00e6ndret vores projektpr\u00e6sentationer.\"<br \/>- <strong>Johnson M., Business Intelligence Manager<\/strong> <em>(Bygge- og anl\u00e6gssektoren)<\/em><\/p>\n<\/blockquote>\n<h2 id=\"what-s-in-it-for-you-\">Hvad f\u00e5r du ud af det?<\/h2>\n<p>L\u00e5s op for professionel projektvisualisering til dine Power BI-dashboards:<\/p>\n<p><strong>Visualiser projekter p\u00e5 en smuk m\u00e5de:<\/strong> Omdan r\u00e5 projektdata fra Microsoft Project, Primavera P6, Jira, Asana og Azure DevOps til professionelt gengivne Gantt-diagrammer.<\/p>\n<p><strong>Eliminer manuelt arbejde:<\/strong> Det er slut med at eksportere sk\u00e6rmbilleder eller manuelt oprette tidslinjediagrammer. Dine eksisterende projektdata vises som interaktive Gantt-diagrammer.<\/p>\n<p><strong>Impon\u00e9r p\u00e5 interessenter:<\/strong> Pr\u00e6sentere professionelle projektdashboards, der bevarer trov\u00e6rdigheden p\u00e5 lederm\u00f8der og i pr\u00e6sentationer for interessenter.<\/p>\n<p><strong>Spar tid:<\/strong> Hold op med at bruge timer p\u00e5 manuel oprettelse af tidslinjer. Forbind dine projektdata, og se opgavelister blive forvandlet til omfattende Gantt-visualiseringer.<\/p>\n<blockquote>\n<p>\"Vi plejede at bruge 12 timer om ugen p\u00e5 at lave tidslinjerapporter fra vores projektstyringsv\u00e6rkt\u00f8jer. Nu vises alt automatisk som smukke interaktive Gantt-diagrammer. Vores projektstatusrapporter ser professionelle ud igen.\"<br \/>- <strong>Rodriguez A., direkt\u00f8r for analyse<\/strong> <em>(Sundhedsteknologi)<\/em><\/p>\n<\/blockquote>\n<h2 id=\"how-you-can-benefit\">S\u00e5dan kan du f\u00e5 gavn af det<\/h2>\n<p>Brugere, der har taget vores Leaplytics Gantt Chart visuelle rapport til sig:<\/p>\n<p><strong>Eliminerede mareridt p\u00e5 tidslinjen:<\/strong> Ikke mere manuel oprettelse af diagrammer eller statiske tidslinje-sk\u00e6rmbilleder i pr\u00e6sentationer.<\/p>\n<p><strong>\u00d8get anvendelse af dashboards:<\/strong> Interessenter engagerer sig mere i interaktive Gantt-diagrammer, som de kan udforske og forst\u00e5.<\/p>\n<p><strong>Forbedret professionel trov\u00e6rdighed:<\/strong> Executive-pr\u00e6sentationer ser polerede ud og opretholder dit omd\u00f8mme som dataprofessionel.<\/p>\n<p><strong>Samlede projektvisninger:<\/strong> Vis projektdata fra flere virksomhedsplatforme i \u00e9t sammenh\u00e6ngende, interaktivt Power BI Gantt-diagram.<\/p>\n<h2 id=\"key-features\">Vigtige funktioner<\/h2>\n<p><strong>Underst\u00f8ttelse af flere platforme:<\/strong> Underst\u00f8tter Microsoft Project, Primavera P6, Jira, Asana, Azure DevOps og alle projektdata i tabelform.<\/p>\n<p><strong>Avanceret tidslinjemotor:<\/strong><\/p>\n<ul>\n<li>Intelligent opgaveplacering og dataskalering<\/li>\n<li>Smart hierarkisk opgavestyring til komplekse projekter<\/li>\n<\/ul>\n<p><strong>Professionel projektvisualisering:<\/strong> <\/p>\n<ul>\n<li>Gengiver korrekte opgavebj\u00e6lker, afh\u00e6ngigheder, milep\u00e6le og sporing af fremskridt, der respekterer Power BI-temaer<\/li>\n<li>Interaktiv tidslinjenavigation med zoom- og panoreringsfunktioner<\/li>\n<\/ul>\n<p><strong>Enterprise Project-funktioner:<\/strong><\/p>\n<ul>\n<li>Opgaveafh\u00e6ngighed med relationspile<\/li>\n<li>Sporing af fremskridt og f\u00e6rdigg\u00f8relsesstatus<\/li>\n<li>Visualisering af ressourcetildeling<\/li>\n<li>Analyse af den kritiske vej<\/li>\n<\/ul>\n<p><strong>Optimeret ydeevne:<\/strong> Effektiv gengivelse af store projektdatas\u00e6t med mere end 1000 opgaver og komplekse afh\u00e6ngighedsnetv\u00e6rk.<\/p>\n<p><strong>Problemfri integration af Power BI:<\/strong> Fungerer som alle andre Power BI-visualiseringer og respekterer filtre, skiver og krydsfiltrering.<\/p>\n<p><strong>Intuitiv konfiguration:<\/strong> Simpelt formatpanel med dropdown-valg til opgavefelter, datoer og visualiseringsmuligheder.<\/p>\n<p><strong>Klar til virksomheder:<\/strong> Robust licenssystem designet til virksomhedsudrulning med avancerede projektstyringsfunktioner.<\/p>\n<h2 id=\"your-team-will-thank-you\">Dit team vil takke dig<\/h2>\n<p><em>Tr\u00e6t af statiske projektsk\u00e6rmbilleder i ledelsespr\u00e6sentationer?<\/em> Har du nogensinde k\u00e6mpet med at forklare projektstatus ved hj\u00e6lp af kedelige tabelrapporter, n\u00e5r dine interessenter har brug for at se tidslinjer? Vores visuelle Leaplytics Gantt Chart er den l\u00f8sning, du har ventet p\u00e5. Det er det billede, vi som projektledere altid har \u00f8nsket eksisterede, n\u00e5r vi fors\u00f8gte at kommunikere projektstatus effektivt.<\/p>\n<blockquote>\n<p>\"At kunne vise vores Azure DevOps-sprints og projektafh\u00e6ngigheder med en ordentlig Gantt-visualisering har revolutioneret den m\u00e5de, vi pr\u00e6senterer projektstatus for lederne p\u00e5. Tidslinjen er interaktiv, og ops\u00e6tningen var utrolig nem.\"<br \/>- <strong>Chen L., ledende dataanalytiker<\/strong> <em>(Softwareudvikling)<\/em><\/p>\n<\/blockquote>\n<h2 id=\"letter-from-the-ceo\">Brev fra den administrerende direkt\u00f8r<\/h2>\n<p>Hej alle sammen.<\/p>\n<p>Jeg er Stefan, CEO her hos LeapLytics.<\/p>\n<p>Projektvisualisering i Power BI har v\u00e6ret et vedvarende smertepunkt i \u00e5revis. Organisationer investerer massivt i platforme som Microsoft Project, Primavera P6, Jira og Azure DevOps for at styre komplekse projektplaner og afh\u00e6ngigheder. Men n\u00e5r disse projektdata kommer ind i Power BI, bliver de til ul\u00e6selige tabeller eller kr\u00e6ver manuel oprettelse af diagrammer.<\/p>\n<p>Den manglende sammenh\u00e6ng mellem sofistikerede projektstyringsv\u00e6rkt\u00f8jer og basal Power BI-projektrapportering har frustreret utallige projektledere i ledelsespr\u00e6sentationer. Det underminerer trov\u00e6rdigheden og g\u00f8r v\u00e6rdifuld projektindsigt stort set usynlig i dashboards.<\/p>\n<p>Traditionelle BI-visualiseringer var simpelthen ikke designet til den komplekse virkelighed i moderne projektledelse, hvor opgaver har afh\u00e6ngigheder, fremdriftssporing, ressourcetildeling og tidsbegr\u00e6nsninger. Det er her, frustrationen begynder.<\/p>\n<p>Vores Leaplytics Gantt Chart visual til Power BI l\u00f8ser dette grundl\u00e6ggende problem. Vi mener, at dine projektdata b\u00f8r kommunikeres klart og professionelt overalt, ogs\u00e5 i dine Power BI-dashboards.<\/p>\n<p>Det handler om at bevare den investering, du har foretaget i sofistikeret projektplanl\u00e6gning, og pr\u00e6sentere den med den visuelle klarhed, som dine interessenter forventer. Vi har designet dette billede til at h\u00e5ndtere kompleksiteten i rigtige projektdata og samtidig holde ops\u00e6tningen enkel.<\/p>\n<p>Dette er vores bidrag til at eliminere det projektvisualiseringsmareridt, der har plaget Power BI-brugere alt for l\u00e6nge.<\/p>\n<p>De bedste hilsner,<br \/><strong>Stefan Preusler<\/strong><br \/>Medstifter og CEO, LeapLytics GmbH<\/p>\n<hr>\n<h2 id=\"ready-to-transform-your-project-visualization-\">Er du klar til at \u00e6ndre din projektvisualisering?<\/h2>\n<p><a href=\"https:\/\/www.leaplytics.de\/da\/\"><strong>Anmod om en pr\u00f8velicens<\/strong><\/a><\/p>\n<h2 id=\"getting-started\">Kom godt i gang<\/h2>\n<p>Har du f\u00e5et din licens, eller vil du bare vide mere?<br \/>Klik nedenfor for at f\u00e5 adgang til vores omfattende guide:<\/p>\n<p><a href=\"https:\/\/www.leaplytics.de\/da\/getting-started-gantt-chart-power-bi\/?utm_source=extension&amp;utm_medium=power-bi&amp;utm_campaign=gantt-chart\"><strong>Kom godt i gang - Leaplytics Gantt Chart Visual til Power BI<\/strong><\/a><\/p>\n<hr>\n<p><em>Omdan dine projektdata til professionelle tidslinjevisualiseringer, som interessenter rent faktisk forst\u00e5r.<\/em> <\/p>","protected":false},"excerpt":{"rendered":"<p>It&#39;s straightforward. We empower you to bring your project timelines and schedules to life directly within Power BI. Our Leaplytics Gantt Chart visual transforms complex project data into professional, interactive, and comprehensive timeline visualizations. Display project schedules from Microsoft Project, Primavera P6, Jira, Asana, and Azure DevOps exactly as intended. &quot;Finally, a Gantt chart that &hellip; <\/p>","protected":false},"author":2,"featured_media":0,"parent":0,"menu_order":0,"comment_status":"closed","ping_status":"closed","template":"","meta":{"footnotes":""},"class_list":["post-13808","page","type-page","status-publish","hentry","latest_post"],"_links":{"self":[{"href":"https:\/\/www.leaplytics.de\/da\/wp-json\/wp\/v2\/pages\/13808","targetHints":{"allow":["GET"]}}],"collection":[{"href":"https:\/\/www.leaplytics.de\/da\/wp-json\/wp\/v2\/pages"}],"about":[{"href":"https:\/\/www.leaplytics.de\/da\/wp-json\/wp\/v2\/types\/page"}],"author":[{"embeddable":true,"href":"https:\/\/www.leaplytics.de\/da\/wp-json\/wp\/v2\/users\/2"}],"replies":[{"embeddable":true,"href":"https:\/\/www.leaplytics.de\/da\/wp-json\/wp\/v2\/comments?post=13808"}],"version-history":[{"count":1,"href":"https:\/\/www.leaplytics.de\/da\/wp-json\/wp\/v2\/pages\/13808\/revisions"}],"predecessor-version":[{"id":13809,"href":"https:\/\/www.leaplytics.de\/da\/wp-json\/wp\/v2\/pages\/13808\/revisions\/13809"}],"wp:attachment":[{"href":"https:\/\/www.leaplytics.de\/da\/wp-json\/wp\/v2\/media?parent=13808"}],"curies":[{"name":"wp","href":"https:\/\/api.w.org\/{rel}","templated":true}]}}