{"id":13813,"date":"2025-07-14T10:52:57","date_gmt":"2025-07-14T08:52:57","guid":{"rendered":"https:\/\/www.leaplytics.de\/?page_id=13813"},"modified":"2025-11-08T21:23:14","modified_gmt":"2025-11-08T20:23:14","slug":"at-komme-i-gang-gantt","status":"publish","type":"page","link":"https:\/\/www.leaplytics.de\/da\/at-komme-i-gang-gantt\/","title":{"rendered":"Kom godt i gang - Gantt"},"content":{"rendered":"<p><a href=\"#minimum-requirement\">Minimumskrav<\/a> | <a href=\"#license\">Licens<\/a> |\u00a0<a href=\"#features\">Funktioner<\/a> | <a href=\"#zoom-pan\">Zoom og panorering<\/a> | <a href=\"#filter\">Filter<\/a> | <a href=\"#troubleshooting\">Fejlfinding<\/a><\/p>\n\n<p>Teams p\u00e5 tv\u00e6rs af brancher bruger LeapLytics Gantt Chart til at visualisere projekttidslinjer, afh\u00e6ngigheder, milep\u00e6le, hierarkier og ressourceallokeringer direkte i Power BI. Visualiseringen er hurtig og bygget til rapportering i virksomhedsklasse. Med funktioner som dynamisk zoom, visning af kritisk vej, tidslinjestyling, der kan tilpasses, afh\u00e6ngighedspile, milep\u00e6lstyper, basislinjer og fuld hierarkiunderst\u00f8ttelse f\u00e5r brugerne et \u00f8jeblikkeligt, p\u00e5lideligt overblik over hvert projekt.<\/p>\n\n<p><div class=\"wp-block-image\">\n<figure class=\"aligncenter size-large\"><img loading=\"lazy\" decoding=\"async\" width=\"1024\" height=\"466\" src=\"https:\/\/www.leaplytics.de\/wp-content\/uploads\/2025\/11\/resource-1024x466.png\" alt=\"\" class=\"wp-image-14108\" srcset=\"https:\/\/www.leaplytics.de\/wp-content\/uploads\/2025\/11\/resource-1024x466.png 1024w, https:\/\/www.leaplytics.de\/wp-content\/uploads\/2025\/11\/resource-300x137.png 300w, https:\/\/www.leaplytics.de\/wp-content\/uploads\/2025\/11\/resource-768x350.png 768w, https:\/\/www.leaplytics.de\/wp-content\/uploads\/2025\/11\/resource-18x8.png 18w, https:\/\/www.leaplytics.de\/wp-content\/uploads\/2025\/11\/resource-132x60.png 132w, https:\/\/www.leaplytics.de\/wp-content\/uploads\/2025\/11\/resource.png 1463w\" sizes=\"auto, (max-width: 1024px) 100vw, 1024px\" \/><\/figure><\/div><\/p>\n\n<p>Hvis dine projektdata er tilg\u00e6ngelige, kan du konfigurere og g\u00f8re LeapLytics Gantt Chart fuldt funktionsdygtigt i <strong>under 5 minutter<\/strong>. Du vil have en fungerende Gantt med opgaver, datoer, afh\u00e6ngigheder, milep\u00e6le og formatering - klar til pr\u00e6sentation, analyse og rapportering til interessenter.<\/p>\n\n\n\n<h3 class=\"wp-block-heading\" id=\"enhanced-data-model-structure\">Minimumskrav<\/h3>\n\n\n<p><div class=\"wp-block-image\">\n<figure class=\"aligncenter size-large\"><img decoding=\"async\" src=\"https:\/\/www.leaplytics.de\/wp-content\/uploads\/2025\/11\/minimum-requirement-arrows.png\" alt=\"\" class=\"wp-image-14108\"\/><\/figure><\/div><\/p>\n\n\n<blockquote class=\"wp-block-quote is-layout-flow wp-block-quote-is-layout-flow\">\n<p><strong>\u26a0\ufe0f Vigtigt:<\/strong> Dine data skal f\u00f8lge en tabelstruktur, hvor hver r\u00e6kke repr\u00e6senterer en opgave, og kolonnerne indeholder opgaveegenskaber.<\/p>\n<\/blockquote>\n\n\n<p>Det visuelle kr\u00e6ver kun et minimum af felter for at producere en fuldt funktionsdygtig tidslinje.  Hver opgave skal indeholde en unik <strong>Opgave-ID<\/strong>, en l\u00e6sbar <strong>Opgavens navn<\/strong>og et par datoer, der definerer dens varighed.\nDisse datoer kan v\u00e6re <strong>Planlagt<\/strong>, <strong>Faktisk<\/strong>eller <strong>Ansl\u00e5et<\/strong>-det visuelle registrerer automatisk den type data, du leverer, og justerer tidslinjen i overensstemmelse hermed. Med denne fleksibilitet kan Gantt repr\u00e6sentere enkle tidsplaner med kun en plan, fuld <strong>plan-versus-virkelighed<\/strong> sammenligninger eller avancerede scenarier, der kombinerer <strong>planlagt<\/strong>, <strong>faktisk<\/strong>og <strong>ansl\u00e5et<\/strong> tidslinjer parallelt.<\/p>\n\n<p><div class=\"wp-block-image\">\n<figure class=\"aligncenter size-large\"><img decoding=\"async\" src=\"https:\/\/www.leaplytics.de\/wp-content\/uploads\/2025\/11\/minimum-requirement-data-fields.png\" alt=\"\" class=\"wp-image-14108\"\/><\/figure><\/div><\/p>\n\n<p>Da visualiseringsprogrammet selv fortolker datatyperne, kan du angive de felter, som dine projektdata allerede indeholder. Hvis du inkluderer alle tre (<strong>Planlagt<\/strong>, <strong>Faktisk<\/strong>, <strong>Ansl\u00e5et<\/strong>), viser Gantt alle de tilsvarende s\u00f8jler. Hvis du kun angiver et enkelt s\u00e6t datoer, vises der kun en enkelt tidslinjes\u00f8jle. \n<strong>Felter med varighed<\/strong> kan ogs\u00e5 bruges i stedet for slutdatoer; n\u00e5r b\u00e5de varighed og slutdato er til stede,\nhar varighedsv\u00e6rdien forrang. Alle datofelter skal v\u00e6re i en <strong>Power BI-kompatibelt datetime-format<\/strong> \nfor at sikre korrekt gengivelse.\n<\/p>\n\n\n<pre class=\"wp-block-code\"><code>\n  -- =====================================================\n  -- P\u00c5KR\u00c6VEDE FELTER (n\u00f8dvendige minimumsdata)\n  -- =====================================================\n  'TASK-001' AS Task ID, -- Unik identifikator\n  'Requirements Analysis' AS Task Name, -- Visningsnavn\n  '2025-01-01' AS Planlagt\/estimeret\/aktuel startdato, -- Startdato\n  '2025-01-15' AS Planned\/Estimated\/Actual End Date, -- Slutdato\n\n  -- ===== UNDERST\u00d8TTEDE DATASCENARIER =====\n  -- Visualiseringen registrerer automatisk, hvilke data du leverer:\n  --\n  -- 1. Kun plan (baseline):        Kun planlagt startdato + planlagt slutdato\n  -- 2. Kun faktiske data (som bygget):      Kun faktisk startdato + faktisk slutdato\n  -- 3. Plan vs. faktisk: B\u00e5de planlagte og faktiske datoer (viser begge s\u00f8jler)\n  -- 4. Plan + estimeret:            Planlagte + estimerede datoer (viser planbj\u00e6lke + tyndt estimat)\n  -- 5. Faktisk + Estimeret:          Faktiske + estimerede datoer (viser faktisk bj\u00e6lke + tyndt estimat)\n  -- 6. Plan + Faktisk + Estimeret:   Alle tre datatyper (viser alle tre tidslinjebj\u00e6lker)\n  -- 7. Kun estimeret:              Kun ansl\u00e5et startdato + ansl\u00e5et slutdato\n  --\n  -- ===== NOTER =====\n  -- - Varighed-felter er valgfrie og tilsides\u00e6tter tilsvarende slutdato-felter, n\u00e5r begge er angivet\n  -- - Datofelter skal v\u00e6re i datetime-format, der genkendes af PowerBI\n<\/code><\/pre>\n\n\n<figure class=\"wp-block-image size-large is-resized\"><\/figure>\n\n\n<hr class=\"wp-block-separator has-alpha-channel-opacity\"\/>\n\n\n\n<h3 class=\"wp-block-heading\" id=\"license\">Licens<\/h3>\n\n\n\n<figure class=\"wp-block-image size-large\"><img loading=\"lazy\" decoding=\"async\" width=\"1024\" height=\"453\" src=\"https:\/\/www.leaplytics.de\/wp-content\/uploads\/2025\/11\/license-1024x453.png\" alt=\"Licens\" class=\"wp-image-14175\" srcset=\"https:\/\/www.leaplytics.de\/wp-content\/uploads\/2025\/11\/license-1024x453.png 1024w, https:\/\/www.leaplytics.de\/wp-content\/uploads\/2025\/11\/license-300x133.png 300w, https:\/\/www.leaplytics.de\/wp-content\/uploads\/2025\/11\/license-768x340.png 768w, https:\/\/www.leaplytics.de\/wp-content\/uploads\/2025\/11\/license-1536x680.png 1536w, https:\/\/www.leaplytics.de\/wp-content\/uploads\/2025\/11\/license-18x8.png 18w, https:\/\/www.leaplytics.de\/wp-content\/uploads\/2025\/11\/license-136x60.png 136w, https:\/\/www.leaplytics.de\/wp-content\/uploads\/2025\/11\/license.png 1687w\" sizes=\"auto, (max-width: 1024px) 100vw, 1024px\" \/><\/figure>\n\n\n<p>Kopier din licenskode, og s\u00e6t den ind i feltet Licens ved at trykke p\u00e5 CTRL+V. Hvis du endnu ikke har en pr\u00f8velicens, kan du anmode om en \n<a href=\"https:\/\/www.leaplytics.de\/da\/power-bi-gantt-prov-nu\/\" style=\"text-decoration: underline;\">her<\/a>.<\/p>\n\n\n<hr class=\"wp-block-separator has-alpha-channel-opacity\"\/>\n\n\n\n<h3 class=\"wp-block-heading\" id=\"features\">Funktioner<\/h3>\n\n\n<p>LeapLytics Gantt Chart giver projektvisualisering i virksomhedsklasse med funktioner som f.eks. <strong>opgavehierarkier<\/strong>, <strong>sporing af fremskridt<\/strong>, <strong>Tildeling af ressourcer<\/strong>, <strong>afh\u00e6ngigheder<\/strong>, <strong>milep\u00e6le<\/strong>og <strong>fleksibel tidslinje-navigation<\/strong> lige fra detaljer p\u00e5 minutniveau til visninger over et helt \u00e5rti. Den fortolker automatisk <strong>Planlagt<\/strong>, <strong>Faktisk<\/strong>og <strong>Ansl\u00e5et<\/strong> datoer, viser matchende tidslinjebj\u00e6lker og tilbyder komplet <strong>styling<\/strong> og <strong>Baseline<\/strong> muligheder - hvilket sikrer professionel rapportering med h\u00f8j klarhed direkte i Power BI.<\/p>\n\n<p> Hvis dine data er tilg\u00e6ngelige, kan du oprette en fuldt funktionsdygtig Gantt - inklusive opgaver, datoer, afh\u00e6ngigheder, milep\u00e6le, formatering og navigation - under <strong>5 minutter<\/strong>. Det visuelle billede tilpasser sig \u00f8jeblikkeligt til de felter, du angiver, hvilket giver mulighed for hurtig konfiguration med minimal indsats og leverer en tidslinje, der er klar til brug for teams, ledere og interessenter.<\/p>\n\n\n<h4 class=\"wp-block-heading\">Hierarki<\/h4>\n\n\n<p><div class=\"wp-block-image\">\n<figure class=\"aligncenter size-large\"><img decoding=\"async\" src=\"https:\/\/www.leaplytics.de\/wp-content\/uploads\/2025\/11\/hierarchy-arrow.png\" alt=\"\" class=\"wp-image-14095\"\/><\/figure><\/div><\/p>\n\n<p>Den <strong>Hierarki<\/strong> funktionen giver dig mulighed for at strukturere dit projekt i overordnede og underordnede opgaver, hvilket skaber en klar og intuitiv opdeling af arbejdet. Ved at tildele hver opgave en <strong>Overordnet opgave-ID<\/strong>Gantt-diagrammet opbygger automatisk indlejrede niveauer, der afspejler dit projekts sande struktur.  Det giver mulighed for at rulle op, sammenklappelige grupper og et klart overblik over komplekse projekter, hvilket hj\u00e6lper teams med at forst\u00e5 faser, arbejdspakker og detaljerede underopgaver p\u00e5 et \u00f8jeblik.<\/p>\n\n\n<pre class=\"wp-block-code\"><code>\n    'PROJ-001' AS ParentTaskID, -- Overordnet opgave for hierarki\n  -- ===== NOTES =====\n  -- - Hierarki: Opgave-ID for overordnet opgave\n<\/code><\/pre>\n\n\n<div class=\"wp-block-image\">\n<figure class=\"aligncenter size-large\"><img decoding=\"async\" src=\"https:\/\/www.leaplytics.de\/wp-content\/uploads\/2025\/11\/hiearchy-table.png\" alt=\"\" class=\"wp-image-14095\"\/><\/figure><\/div>\n\n\n<hr class=\"wp-block-separator has-alpha-channel-opacity\"\/>\n\n\n\n<h4 class=\"wp-block-heading\">Fremskridt<\/h4>\n\n\n<p><div class=\"wp-block-image\">\n<figure class=\"aligncenter size-large\"><img decoding=\"async\" src=\"https:\/\/www.leaplytics.de\/wp-content\/uploads\/2025\/11\/progress-arrows.png\" alt=\"\" class=\"wp-image-14100\"\/><\/figure><\/div><\/p>\n\n<p>Den <strong>Fremskridt<\/strong> giver dig mulighed for at spore opgavens f\u00e6rdigg\u00f8relse direkte i Gantt-diagrammet. Ved at angive en procentvis v\u00e6rdi mellem <strong>0<\/strong> og <strong>100<\/strong>Det visuelle billede viser tydeligt, hvor langt hver opgave er kommet, og giver \u00f8jeblikkelig indsigt i projektets status. Uanset om en opgave ikke er p\u00e5begyndt, delvist afsluttet eller helt f\u00e6rdig, hj\u00e6lper fremskridtsindikatorerne teams og interessenter med at overv\u00e5ge udf\u00f8relsen og identificere omr\u00e5der, der kan kr\u00e6ve opm\u00e6rksomhed.\n<\/p>\n\n\n<pre class=\"wp-block-code\"><code>\n  -- =====================================================\n  -- PROGRESS\n  -- =====================================================\n  65 AS Progress, -- Completion % (0-100)\n  -- ===== NOTES =====\n  -- - Fremskridt: 0 = ikke p\u00e5begyndt, 100 = afsluttet\n<\/code><\/pre>\n\n\n<p><div class=\"wp-block-image\">\n<figure class=\"aligncenter size-large\"><img decoding=\"async\" src=\"https:\/\/www.leaplytics.de\/wp-content\/uploads\/2025\/11\/progress-data-fields.png\" alt=\"\" class=\"wp-image-14100\"\/><\/figure><\/div><\/p>\n\n\n<hr class=\"wp-block-separator has-alpha-channel-opacity\"\/>\n\n\n\n<h4 class=\"wp-block-heading\" id=\"enhanced-data-model-structure\">Ressource<\/h4>\n\n\n<p><div class=\"wp-block-image\">\n<figure class=\"aligncenter size-large\"><img decoding=\"async\" src=\"https:\/\/www.leaplytics.de\/wp-content\/uploads\/2025\/11\/resource-overview.png\" alt=\"\" class=\"wp-image-14108\"\/><\/figure><\/div><\/p>\n\n<p>Den <strong>Ressource<\/strong> giver dig mulighed for at tildele en eller flere personer, teams eller roller til en opgave. Ved at angive et navn - eller en <strong>kommasepareret liste<\/strong> for flere ressourcer - Gantt-diagrammet viser tydeligt, hvem der er ansvarlig for hver aktivitet. Det hj\u00e6lper teams med at forst\u00e5 fordelingen af arbejdsbyrden, identificere potentielle flaskehalse og forbedre koordineringen p\u00e5 tv\u00e6rs af parallelle opgaver. Ressourcetildelinger vises direkte ved siden af tidslinjen, s\u00e5 det bliver tydeligt med det samme.\n<\/p>\n\n\n<pre class=\"wp-block-code\"><code>\n    'John Smith, Jane Doe' AS Resource, -- Kommasepareret for flere\n  -- ===== NOTES =====\n  -- - Flere ressourcer: kommaseparerede v\u00e6rdier i et enkelt felt\n<\/code><\/pre>\n\n\n<p><div class=\"wp-block-image\">\n<figure class=\"aligncenter size-large\"><img decoding=\"async\" src=\"https:\/\/www.leaplytics.de\/wp-content\/uploads\/2025\/11\/resource-arrows.png\" alt=\"\" class=\"wp-image-14108\"\/><\/figure><\/div><\/p>\n\n\n<hr class=\"wp-block-separator has-alpha-channel-opacity\"\/>\n\n\n\n<h4 class=\"wp-block-heading\" id=\"enhanced-data-model-structure\">Forg\u00e6ngere<\/h4>\n\n\n<p><div class=\"wp-block-image\">\n<figure class=\"aligncenter size-large\"><img decoding=\"async\" src=\"https:\/\/www.leaplytics.de\/wp-content\/uploads\/2025\/11\/predecessors-arrows.png\" alt=\"\" class=\"wp-image-14116\"\/><\/figure><\/div><\/p>\n\n<p>Den <strong>Forg\u00e6ngere<\/strong> definerer opgaveafh\u00e6ngigheder ved at angive et eller flere forudg\u00e5ende opgave-id'er. Ved at give en <strong>kommasepareret liste<\/strong> Gantt-diagrammet tegner automatisk afh\u00e6ngighedslinjer fra start til slut, hvilket g\u00f8r det logiske flow i dit projekt klart synligt. Det hj\u00e6lper teams med at forst\u00e5 r\u00e6kkef\u00f8lgen, identificere forsinkelser og opretholde en realistisk, sammenh\u00e6ngende projektplan.\n<\/p>\n\n\n<pre class=\"wp-block-code\"><code>\n    'TASK-005, TASK-007' AS Predecessors -- Kommaseparerede forg\u00e6nger-id'er\n  -- ===== NOTES =====\n  -- - Forg\u00e6ngere: kommaseparerede opgave-ID'er for afh\u00e6ngigheder mellem afslutning og start\n<\/code><\/pre>\n\n\n<p><div class=\"wp-block-image\">\n<figure class=\"aligncenter size-large\"><img decoding=\"async\" src=\"https:\/\/www.leaplytics.de\/wp-content\/uploads\/2025\/11\/predecessors-data-fields.png\" alt=\"\" class=\"wp-image-14116\"\/><\/figure><\/div><\/p>\n\n\n<hr class=\"wp-block-separator has-alpha-channel-opacity\"\/>\n\n\n\n<h3 class=\"wp-block-heading\" id=\"zoom-pan\">Zoom og panorering<\/h3>\n\n<p><div class=\"wp-block-image\">\n<figure class=\"aligncenter size-large\"><img decoding=\"async\" src=\"https:\/\/www.leaplytics.de\/wp-content\/uploads\/2025\/11\/zoom.gif\" alt=\"\" class=\"wp-image-14116\"\/><\/figure><\/div><\/p>\n\n<p>Du kan nemt navigere i tidslinjen ved hj\u00e6lp af indbyggede zoom- og panoreringskontroller. Hold <strong>ALT<\/strong> og bruge <strong>musehjul<\/strong> for at zoome ind eller ud, eller brug en <strong>Knibebev\u00e6gelse med to fingre<\/strong> p\u00e5 mobile enheder. For at panorere skal du holde <strong>venstre museknap<\/strong> og tr\u00e6k diagrammet til venstre eller h\u00f8jre, eller placer blot fingeren p\u00e5 sk\u00e6rmen og flyt den for at udforske tidslinjen p\u00e5 mobilen. Det visuelle underst\u00f8tter alt fra en <strong>Minut-for-minut-visning af en enkelt dag<\/strong> til en <strong>Projektoversigt p\u00e5 h\u00f8jt niveau, der sp\u00e6nder over 10 \u00e5r<\/strong>.\n<\/p>\n\n\n<h3 class=\"wp-block-heading\" id=\"troubleshooting\">Fejlfinding<\/h3>\n\n\n\n<h4 class=\"wp-block-heading\" id=\"-cross-filtering-problems-\">Problemer med krydsfiltrering<\/h4>\n\n\n\n<p><strong>Markeringen fungerer ikke sammen med andre billeder:<\/strong><\/p>\n\n\n\n<ul class=\"wp-block-list\">\n<li>\u2705 Kontroll\u00e9r, at kategorisk datatilknytning er korrekt konfigureret<\/li>\n\n\n\n<li>\u2705 Tjek PowerBI-krydsfiltreringsindstillingerne for det visuelle<\/li>\n\n\n\n<li>\u2705 S\u00f8rg for, at TaskID-feltet bruges konsekvent p\u00e5 tv\u00e6rs af alle visuals<\/li>\n\n\n\n<li>\u2705 Testudv\u00e6lgelsesfunktionalitet med forenklet rapport<\/li>\n<\/ul>\n\n\n\n<p><strong>Fremh\u00e6vning reagerer ikke:<\/strong><\/p>\n\n\n\n<ul class=\"wp-block-list\">\n<li>\u2705 Tjek fremh\u00e6v datastruktur i kategorisk kortl\u00e6gning<\/li>\n\n\n\n<li>\u2705 Bekr\u00e6ft integrationen af PowerBI Selection Manager<\/li>\n\n\n\n<li>\u2705 Test med PowerBI table visual for at bekr\u00e6fte, at krydsfiltrering fungerer<\/li>\n\n\n\n<li>\u2705 Gennemg\u00e5 valg af ID-generering for opgavedata<\/li>\n<\/ul>\n\n\n\n<h4 class=\"wp-block-heading\" id=\"-data-mapping-problems-\">Problemer med datakortl\u00e6gning<\/h4>\n\n\n\n<p><strong>Felter, der ikke genkendes:<\/strong><\/p>\n\n\n\n<ul class=\"wp-block-list\">\n<li>\u2705 Tjek, at feltdatatyperne matcher de forventede formater (datoer, tal, tekst)<\/li>\n\n\n\n<li>\u2705 Kontroll\u00e9r, at felttilknytningen i dataruden matcher kolonnenavne<\/li>\n\n\n\n<li>\u2705 S\u00f8rg for, at beregnede kolonner er korrekt defineret i datamodellen<\/li>\n\n\n\n<li>\u2705 Test med simpelt datas\u00e6t for at isolere problemer med feltkortl\u00e6gning<\/li>\n<\/ul>\n\n\n\n<p><strong>Fremskridt\/status vises ikke:<\/strong><\/p>\n\n\n\n<ul class=\"wp-block-list\">\n<li>\u2705 Verify Progress-feltet indeholder numeriske v\u00e6rdier mellem 0-100<\/li>\n\n\n\n<li>\u2705 Check Status-feltet indeholder forventede statusv\u00e6rdier<\/li>\n\n\n\n<li>\u2705 S\u00f8rg for, at statuslinjer er aktiveret i formatpanelet<\/li>\n\n\n\n<li>\u2705 Test med eksempeldata, der indeholder forskellige fremskridtsv\u00e6rdier<\/li>\n<\/ul>\n\n\n\n<h4 class=\"wp-block-heading\" id=\"-hierarchical-structure-issues-\">Problemer med hierarkisk struktur<\/h4>\n\n\n\n<p><strong>For\u00e6ldre-barn-relationen fungerer ikke:<\/strong><\/p>\n\n\n\n<ul class=\"wp-block-list\">\n<li>\u2705 Kontroll\u00e9r, at feltet ParentTask indeholder gyldige TaskID'er for overordnede opgaver<\/li>\n\n\n\n<li>\u2705 Tjek for cirkul\u00e6re for\u00e6ldre-barn-referencer<\/li>\n\n\n\n<li>\u2705 S\u00f8rg for, at hierarkiniveauer ikke overskrider rimelige gr\u00e6nser<\/li>\n\n\n\n<li>\u2705 Test udvidelses- og sammenklapningsfunktionalitet med simpelt hierarki<\/li>\n<\/ul>\n\n\n\n<p><strong>Rollup-beregninger er forkerte:<\/strong><\/p>\n\n\n\n<ul class=\"wp-block-list\">\n<li>\u2705 Tjek rollup-konfigurationen i indstillingerne for formatpanelet<\/li>\n\n\n\n<li>\u2705 Kontroll\u00e9r, at data om barnets opgaver er komplette og n\u00f8jagtige<\/li>\n\n\n\n<li>\u2705 Test rollup-logik med kendte testcases<\/li>\n\n\n\n<li>\u2705 Gennemg\u00e5 datoberegningslogik for overordnede opgavesp\u00e6nd<\/li>\n<\/ul>\n\n\n\n<hr class=\"wp-block-separator has-alpha-channel-opacity\"\/>\n\n\n\n<h3 class=\"wp-block-heading\" id=\"-advanced-best-practices\">Avancerede bedste praksisser<\/h3>\n\n\n\n<ul class=\"wp-block-list\">\n<li><strong>Datakvalitet<\/strong>: Valider alle datoer, s\u00f8rg for, at TaskID'er er unikke, tjek afh\u00e6ngighedsreferencer<\/li>\n\n\n\n<li><strong>Optimering af ydeevne<\/strong>: Begr\u00e6ns datas\u00e6ttets st\u00f8rrelse, brug passende datatyper, optimer DAX-beregninger<\/li>\n\n\n\n<li><strong>Design af hierarki<\/strong>: Planl\u00e6g logiske for\u00e6ldre-barn-forhold, undg\u00e5 dyb indlejring, bevar en klar struktur<\/li>\n\n\n\n<li><strong>Modellering af afh\u00e6ngighed<\/strong>: Kortl\u00e6g realistiske afh\u00e6ngigheder, undg\u00e5 cirkul\u00e6re referencer, brug passende forsinkelser<\/li>\n\n\n\n<li><strong>Strategi for testning<\/strong>: Test med eksempeldata, valider alle funktioner, performancetest med store datas\u00e6t<\/li>\n<\/ul>\n\n\n\n<h4 class=\"wp-block-heading\" id=\"-visual-configuration-best-practices-\"><strong>Bedste praksis for visuel konfiguration<\/strong> \u2728<\/h4>\n\n\n\n<ul class=\"wp-block-list\">\n<li><strong>Skalering af tidslinje<\/strong>: V\u00e6lg passende standardzoomniveau, konfigurer rimelige datointervaller, aktiver adaptiv skalering<\/li>\n\n\n\n<li><strong>Farve-strategi<\/strong>: Brug ensartede farveskemaer, tilknyt farver til meningsfulde dataattributter, s\u00f8rg for overholdelse af tilg\u00e6ngelighed.<\/li>\n\n\n\n<li><strong>Optimering af layout<\/strong>: Konfigurer passende h\u00f8jder p\u00e5 opgavebj\u00e6lker, optimer tekstplacering, afbalancer informationst\u00e6thed<\/li>\n\n\n\n<li><strong>Interaktivt design<\/strong>: Muligg\u00f8r intuitiv navigation, giver klar visuel feedback, underst\u00f8tter b\u00e5de muse- og ber\u00f8ringsinteraktion<\/li>\n<\/ul>\n\n\n\n\n<h4 class=\"wp-block-heading\" id=\"supported-data-sources-reference\">Underst\u00f8ttede datakilder Reference<\/h4>\n\n\n\n<figure class=\"wp-block-table\"><table class=\"has-fixed-layout\"><thead><tr><th><strong>Datakilde<\/strong><\/th><th><strong>Platform<\/strong><\/th><th><strong>Status<\/strong><\/th><th><strong>N\u00f8glefelter<\/strong><\/th><th><strong>Noter om integration<\/strong><\/th><\/tr><\/thead><tbody><tr><td><strong>Microsoft Project<\/strong><\/td><td>MS Project<\/td><td>\u2705 Prim\u00e6r<\/td><td>Opgave-ID, navn, start, slut, afh\u00e6ngigheder<\/td><td>Eksporter som Excel eller opret forbindelse via Project Online<\/td><\/tr><tr><td><strong>Primavera P6<\/strong><\/td><td>Oracle<\/td><td>\u2705 Prim\u00e6r<\/td><td>Aktivitets-ID, navn, start, slut, forg\u00e6ngere<\/td><td>Eksport som Excel eller XML-import<\/td><\/tr><tr><td><strong>Azure DevOps<\/strong><\/td><td>Microsoft<\/td><td>\u2705 Prim\u00e6r<\/td><td>Arbejdsemne-ID, titel, startdato, m\u00e5ldato<\/td><td>Direkte API-forbindelse eller eksport<\/td><\/tr><tr><td><strong>Jira<\/strong><\/td><td>Atlassian<\/td><td>\u2705 Prim\u00e6r<\/td><td>Udstedelsesn\u00f8gle, resum\u00e9, forfaldsdato, links<\/td><td>Eksport eller API-integration<\/td><\/tr><tr><td><strong>Excel\/CSV<\/strong><\/td><td>Generelt<\/td><td>\u2705 Prim\u00e6r<\/td><td>Brugerdefinerede felter knyttet til Gantt-krav<\/td><td>Direkte PowerBI-import<\/td><\/tr><tr><td><strong>Asana<\/strong><\/td><td>Asana<\/td><td>\u2705 Sekund\u00e6r<\/td><td>Opgave-ID, navn, startdato, forfaldsdato<\/td><td>Eksporter som CSV<\/td><\/tr><tr><td><strong>Tilpassede borde<\/strong><\/td><td>Database<\/td><td>\u2705 Sekund\u00e6r<\/td><td>Brugerdefineret skema, der matcher Gantt-modellen<\/td><td>Direkte databaseforbindelse<\/td><\/tr><\/tbody><\/table><\/figure>\n\n\n\n<p>Denne omfattende visuelle l\u00f8sning omdanner komplekse projektdata til smukke, interaktive Gantt-diagrammer, der opretholder professionel kvalitet og underst\u00f8tter sofistikerede projektstyringsworkflows direkte i PowerBI-dashboards. Dine interessenter vil endelig se projektets tidslinjer, som de skal vises - klart, interaktivt og professionelt formateret.<\/p>","protected":false},"excerpt":{"rendered":"<p>Minimum Requirements | License |\u00a0Features | Zoom &amp; Pan | Filter | Troubleshooting Teams across industries use the LeapLytics Gantt Chart to visualize project timelines, dependencies, milestones, hierarchies, and resource allocations directly inside Power BI. The visual is fast, and built for enterprise-grade reporting. With features such as dynamic zooming, critical path display, customizable timeline &hellip; <\/p>","protected":false},"author":2,"featured_media":0,"parent":0,"menu_order":0,"comment_status":"closed","ping_status":"closed","template":"","meta":{"footnotes":""},"class_list":["post-13813","page","type-page","status-publish","hentry","latest_post"],"_links":{"self":[{"href":"https:\/\/www.leaplytics.de\/da\/wp-json\/wp\/v2\/pages\/13813","targetHints":{"allow":["GET"]}}],"collection":[{"href":"https:\/\/www.leaplytics.de\/da\/wp-json\/wp\/v2\/pages"}],"about":[{"href":"https:\/\/www.leaplytics.de\/da\/wp-json\/wp\/v2\/types\/page"}],"author":[{"embeddable":true,"href":"https:\/\/www.leaplytics.de\/da\/wp-json\/wp\/v2\/users\/2"}],"replies":[{"embeddable":true,"href":"https:\/\/www.leaplytics.de\/da\/wp-json\/wp\/v2\/comments?post=13813"}],"version-history":[{"count":124,"href":"https:\/\/www.leaplytics.de\/da\/wp-json\/wp\/v2\/pages\/13813\/revisions"}],"predecessor-version":[{"id":14246,"href":"https:\/\/www.leaplytics.de\/da\/wp-json\/wp\/v2\/pages\/13813\/revisions\/14246"}],"wp:attachment":[{"href":"https:\/\/www.leaplytics.de\/da\/wp-json\/wp\/v2\/media?parent=13813"}],"curies":[{"name":"wp","href":"https:\/\/api.w.org\/{rel}","templated":true}]}}