{"id":14425,"date":"2025-12-19T01:29:43","date_gmt":"2025-12-19T00:29:43","guid":{"rendered":"https:\/\/www.leaplytics.de\/?page_id=14425"},"modified":"2025-12-19T01:29:44","modified_gmt":"2025-12-19T00:29:44","slug":"revision-af-overensstemmelse-ai","status":"publish","type":"page","link":"https:\/\/www.leaplytics.de\/da\/revision-af-overensstemmelse-ai\/","title":{"rendered":"Revision og overholdelse af AI"},"content":{"rendered":"<h2>AI til revision og compliance: Kontinuerlig overv\u00e5gning i stedet for punktuel panik<\/h2>\n\n<p>Revisioner er stressende. Revisorerne kommer. Du skal finde dokumentation for tusindvis af transaktioner. Teste kontroller. Bevise, at processer blev fulgt. Forklare undtagelser.<\/p>\n<p>Du skynder dig at samle beviser. Tager pr\u00f8ver. Opbygge revisionsfiler. Besvarer sp\u00f8rgsm\u00e5l. H\u00e5ber, at der ikke bliver fundet noget alvorligt.<\/p>\n<p>Intern kontrol kr\u00e6ver konstant overv\u00e5gning. Adskillelse af opgaver. Arbejdsgange for godkendelse. Adgangsrettigheder. Gennemgang af journalposter. De fleste virksomheder tjekker en gang om \u00e5ret under revisionen. Problemer bliver ikke opdaget i m\u00e5nedsvis.<\/p>\n<p>Reglerne \u00e6ndrer sig hele tiden. Nye regnskabsstandarder. Opdaterede skatteregler. Krav fra industrien. Nogen skal holde styr p\u00e5, hvad der g\u00e6lder for dig, og sikre, at det overholdes.<\/p>\n<p>Dette er kontrolarbejde. Registrering af m\u00f8nstre. Identifikation af undtagelser. Overv\u00e5gning af regler. AI er bygget til netop dette.<\/p>\n<p>AI erstatter ikke revisorer eller d\u00f8mmekraft. Den overv\u00e5ger transaktioner l\u00f8bende. Markerer undtagelser, n\u00e5r de sker. Forbereder dokumentation automatisk. Lader dig finde problemer tidligt i stedet for at opdage dem under revisionen.<\/p>\n\n\n<hr class=\"wp-block-separator has-alpha-channel-opacity\"\/>\n\n\n\n<h3 class=\"wp-block-heading\">Udfordringen med revision og compliance<\/h3>\n\n\n<p>Traditionel audit og compliance er point-in-time:<\/p>\n\n<p><strong>\u00c5rlig revision:<\/strong><br \/>\nRevisorer dukker op. Test et udvalg af transaktioner. Se p\u00e5 saldi ved m\u00e5nedens eller \u00e5rets udgang. Tjekker, at processerne er blevet fulgt. De problemer, de finder, skete for flere m\u00e5neder siden. Det er for sent at rette op p\u00e5.<\/p>\n\n<p><strong>Kvartalsvise anmeldelser:<\/strong><br \/>\nLidt hyppigere, men stadig point-in-time. At se bagud. At finde problemer, efter at de allerede har p\u00e5virket din \u00f8konomi.<\/p>\n\n<p><strong>Kontroltest:<\/strong><br \/>\nTest en stikpr\u00f8ve p\u00e5 25 eller 50 transaktioner. H\u00e5ber, at pr\u00f8ven repr\u00e6senterer hele populationen. H\u00e5ber, at intet er sluppet igennem i de andre tusindvis af transaktioner.<\/p>\n\n<p><strong>Manuel overv\u00e5gning:<\/strong><br \/>\nControllere og regnskabschefer foretager stikpr\u00f8vekontrol. Gennemg\u00e5 journalposter. Kigger efter us\u00e6dvanlige transaktioner. Men de kan ikke tjekke alt. De er afh\u00e6ngige af stikpr\u00f8ver og d\u00f8mmekraft.<\/p>\n\n<p><strong>Sporing af overholdelse:<\/strong><br \/>\nNogen skal spore \u00e6ndringer i lovgivningen. Bestemme indvirkningen. Opdatere processer. Uddanne personale. Det er meget at holde styr p\u00e5.<\/p>\n\n<p>Resultatet: Problemerne gemmer sig indtil revisionen. Kontrolforanstaltninger fungerer m\u00e5ske ikke efter hensigten i flere m\u00e5neder, f\u00f8r nogen opdager det. Problemer med overholdelse akkumuleres.<\/p>\n\n<p>AI \u00e6ndrer dette fra periodisk kontrol til kontinuerlig overv\u00e5gning.<\/p>\n\n\n<hr class=\"wp-block-separator has-alpha-channel-opacity\"\/>\n\n\n\n<h3 class=\"wp-block-heading\">Hvad AI g\u00f8r for revision og compliance<\/h3>\n\n\n\n<h4 class=\"wp-block-heading\">Overv\u00e5ger transaktioner kontinuerligt<\/h4>\n\n\n<p>I stedet for stikpr\u00f8ver tjekker AI'en hver transaktion. Ikke m\u00e5nedligt. Ikke kvartalsvis. Kontinuerligt.<\/p>\n\n<p><strong>Regelbaseret overv\u00e5gning:<\/strong><br \/>\nDu definerer regler. AI'en tjekker hver transaktion i forhold til dem:<\/p>\n<ul>\n<li>Journalposter over $50K skal godkendes<\/li>\n<li>Udgiftsrapporter over policygr\u00e6nser skal godkendes af direkt\u00f8ren<\/li>\n<li>Leverand\u00f8rbetalinger uden PO'er kr\u00e6ver forklaring<\/li>\n<li>Koncerninterne transaktioner skal balancere<\/li>\n<li>Indregning af indt\u00e6gter skal f\u00f8lge kriterier<\/li>\n<\/ul>\n\n<p>Regel overtr\u00e5dt? AI'en markerer det med det samme. Ikke under n\u00e6ste m\u00e5neds gennemgang. Lige nu.<\/p>\n\n<p><strong>100%-test, ikke pr\u00f8veudtagning:<\/strong><br \/>\nRevisorer tester stikpr\u00f8ver, fordi det er umuligt at teste alt manuelt. AI'en tester alt. Hver eneste transaktion. Hver eneste dag.<\/p>\n\n<p>Hvis der er et problem, finder man det med det samme. Hvis der ikke er, har du bevis for, at kontrollen virker for hele befolkningen, ikke kun for en stikpr\u00f8ve.<\/p>\n\n<p><strong>Advarsler i realtid:<\/strong><br \/>\nProblem opdaget? Meddelelsen sendes ud med det samme. E-mail, Slack, Teams, mobil-push. Uanset hvad der fungerer for dit team. Problemer bliver l\u00f8st, mens de er friske og kan l\u00f8ses.<\/p>\n\n\n<h4 class=\"wp-block-heading\">Registrerer uregelm\u00e6ssigheder automatisk<\/h4>\n\n\n<p>Nogle problemer overtr\u00e6der ikke specifikke regler. De er bare us\u00e6dvanlige. Det l\u00e6gger AI'en m\u00e6rke til.<\/p>\n\n<p><strong>Statistiske afvigelser:<\/strong><br \/>\nTransaktionsbel\u00f8bet er 3 standardafvigelser fra gennemsnittet for denne konto. Det kunne v\u00e6re legitimt. Det kan v\u00e6re en fejl. V\u00e6rd at tjekke.<\/p>\n\n<p><strong>M\u00f8nsteret brydes:<\/strong><br \/>\nDenne leverand\u00f8r f\u00e5r normalt betalt $5.000-$7.000 om m\u00e5neden. I denne m\u00e5ned er det $25.000. Hvad har \u00e6ndret sig?<\/p>\n\n<p><strong>Uregelm\u00e6ssigheder i timingen:<\/strong><br \/>\nStort dagbogsindl\u00e6g skrevet kl. 23.47 p\u00e5 kvartalets sidste dag. M\u00e5ske er det fint. M\u00e5ske er det indtjeningsstyring. Flag til gennemgang.<\/p>\n\n<p><strong>Anomalier i forholdet:<\/strong><br \/>\nOms\u00e6tningen steg 20%, men forsendelsesomkostningerne forblev u\u00e6ndrede. Normalt bev\u00e6ger de sig sammen. Hvorfor ikke denne gang?<\/p>\n\n<p><strong>Afvigelser i brugeradf\u00e6rd:<\/strong><br \/>\nDenne bruger skriver typisk 5-10 dagbogsindl\u00e6g om m\u00e5neden. De har skrevet 47 i denne m\u00e5ned. Hvad er det, der sker?<\/p>\n\n<p>AI'en anklager ikke. Den markerer. \"Det her ser us\u00e6dvanligt ud. Nogen b\u00f8r tjekke det.\" Dit team unders\u00f8ger det og bekr\u00e6fter enten, at det er i orden, eller opdager et problem.<\/p>\n\n\n<h4 class=\"wp-block-heading\">Tester kontroller automatisk<\/h4>\n\n\n<p>Interne kontroller skal testes. Det sker normalt \u00e5rligt eller kvartalsvis ved stikpr\u00f8ver. AI tester l\u00f8bende.<\/p>\n\n<p><strong>Adskillelse af opgaver:<\/strong><br \/>\nDen kunstige intelligens tjekker: Var det den samme person, der oprettede og godkendte? Var det den samme person, der bestilte og modtog? Var det den samme person, der indtastede og bogf\u00f8rte? Overtr\u00e6delser markeres med det samme.<\/p>\n\n<p><strong>Arbejdsgange for godkendelse:<\/strong><br \/>\nBlev der indhentet godkendelse f\u00f8r behandling? Kom godkendelsen fra en autoriseret person? Var godkendelsesbel\u00f8bet tilstr\u00e6kkeligt i forhold til transaktionsst\u00f8rrelsen? Hver transaktion er kontrolleret.<\/p>\n\n<p><strong>Adgangskontrol:<\/strong><br \/>\nHvem har adgang til hvad? Er nogens adgang udvidet ud over deres rolle? Er opsagte medarbejdere stadig aktive i systemerne? AI overv\u00e5ger l\u00f8bende.<\/p>\n\n<p><strong>Overholdelse af afstemninger:<\/strong><br \/>\nBliver konti afstemt til tiden? Bliver afstemningerne gennemg\u00e5et? Bliver afstemningsposter udlignet hurtigt? AI sporer alt dette.<\/p>\n\n<p><strong>Overholdelse af politik:<\/strong><br \/>\nUdgiftspolitikken siger m\u00e5ltider under $75. Nogen indsender $120. Politikken siger, at internationale rejser skal godkendes af VP. Nogen bookede uden. AI'en fanger overtr\u00e6delser af politikken.<\/p>\n\n<p>Resultat: Du ved, at kontrollerne fungerer, eller du ved pr\u00e6cis, hvilke der ikke g\u00f8r, og kan rette dem med det samme.<\/p>\n\n\n<h4 class=\"wp-block-heading\">Forbereder revisionsdokumentation<\/h4>\n\n\n<p>N\u00e5r revisorerne kommer, beder de om dokumentation. AI'en har den klar.<\/p>\n\n<p><strong>Automatiske revisionsspor:<\/strong><br \/>\nFor hver transaktion dokumenterer AI:<\/p>\n<ul>\n<li>Hvem skabte den og hvorn\u00e5r?<\/li>\n<li>Hvem godkendte det og hvorn\u00e5r?<\/li>\n<li>Hvilken dokumentation findes der?<\/li>\n<li>Hvilke kontroller blev testet og resultaterne<\/li>\n<li>Eventuelle undtagelser og hvordan de blev l\u00f8st<\/li>\n<\/ul>\n\n<p>Komplet spor. Ingen manuel logning n\u00f8dvendig.<\/p>\n\n<p><strong>Organiseret bevismateriale:<\/strong><br \/>\nVil revisorer se transaktioner efter type? Efter bel\u00f8b? Efter dato? AI'en organiserer alt p\u00e5 den m\u00e5de, de \u00f8nsker. Ingen roden rundt i filer.<\/p>\n\n<p><strong>Undtagelsesrapporter:<\/strong><br \/>\nHer er alle transaktioner, der overtr\u00e5dte kontrollen. Her er, hvordan hver enkelt blev l\u00f8st. Her er godkendelsen til at tilsides\u00e6tte politikken. Alt sammen dokumenteret og organiseret.<\/p>\n\n<p><strong>Resultater af kontroltest:<\/strong><br \/>\nDu testede alle transaktioner, ikke et udsnit. Her er testmetoden. Her er resultaterne. Her er beviset p\u00e5, at kontrollen virker. Ingen ekstrapolering fra stikpr\u00f8ver er n\u00f8dvendig.<\/p>\n\n<p><strong>Underst\u00f8ttende dokumenter:<\/strong><br \/>\nEr der brug for en faktura til denne transaktion? AI har den linket. ORDREBEKR\u00c6FTELSE? Tilknyttet. E-mail til godkendelse? Tilknyttet. Kvittering? Sammenk\u00e6det. Alt p\u00e5 \u00e9t sted.<\/p>\n\n<p>I stedet for at bruge to uger p\u00e5 at indsamle revisionsdokumentation, bruger du to timer p\u00e5 at gennemg\u00e5 det, som AI'en allerede har samlet.<\/p>\n\n\n<h4 class=\"wp-block-heading\">Sporer \u00e6ndringer i lovgivningen<\/h4>\n\n\n<p>Reglerne \u00e6ndrer sig hele tiden. AI'en hj\u00e6lper dig med at f\u00f8lge med.<\/p>\n\n<p><strong>Overv\u00e5ger relevante kilder:<\/strong><br \/>\nFASB-udtalelser. IRS-opdateringer. Meddelelser fra industriens tilsynsmyndigheder. Statslige skatte\u00e6ndringer. AI overv\u00e5ger kilder, der er relevante for din virksomhed.<\/p>\n\n<p><strong>Filtre til det, der betyder noget:<\/strong><br \/>\nIkke alle \u00e6ndringer p\u00e5virker dig. AI'en identificerer, hvad der er relevant ud fra din branche, struktur og drift.<\/p>\n\n<p><strong>Opsummerer virkningen:<\/strong><br \/>\nNy standard for leasingregnskaber? AI opsummerer, hvad der er \u00e6ndret, og hvordan det kan p\u00e5virke din \u00f8konomi. Ikke juridisk r\u00e5dgivning, men en informeret opsummering.<\/p>\n\n<p><strong>Flagene er deadlines:<\/strong><br \/>\nDatoer for ikrafttr\u00e6den. Tidsfrister for overholdelse. Krav til arkivering. AI holder styr p\u00e5 vigtige datoer, s\u00e5 du ikke g\u00e5r glip af noget.<\/p>\n\n<p><strong>Foresl\u00e5r \u00e6ndringer i processen:<\/strong><br \/>\nBaseret p\u00e5 lov\u00e6ndringen foresl\u00e5r AI'en, hvilke processer der m\u00e5ske skal opdateres. Udgangspunktet for dit teams planl\u00e6gning af compliance.<\/p>\n\n<p>Du har stadig brug for ekspertise til at fortolke og implementere. Men AI'en sikrer, at du f\u00e5r besked om \u00e6ndringer tidligt og ikke g\u00e5r glip af noget.<\/p>\n\n\n<h4 class=\"wp-block-heading\">Identificerer risikoindikatorer for svindel<\/h4>\n\n\n<p>AI kan ikke bevise svindel. Men den kan udpege m\u00f8nstre, som b\u00f8r unders\u00f8ges.<\/p>\n\n<p><strong>Us\u00e6dvanlige transaktionsm\u00f8nstre:<\/strong><br \/>\nLeverand\u00f8rfakturaer lige under godkendelsest\u00e6rsklen. Gentagne bel\u00f8b i runde dollars. Transaktioner i weekender eller p\u00e5 helligdage. Sekventielle fakturanumre fra forskellige leverand\u00f8rer.<\/p>\n\n<p><strong>Adf\u00e6rdsm\u00e6ssige r\u00f8de flag:<\/strong><br \/>\nBrugeradgang til systemer p\u00e5 us\u00e6dvanlige tidspunkter. Us\u00e6dvanlig m\u00e6ngde af manuelle journalposter. Tilsides\u00e6ttelse af kontroller. Adgang til systemer ud over den normale rolle.<\/p>\n\n<p><strong>Leverand\u00f8rens r\u00f8de flag:<\/strong><br \/>\nNy leverand\u00f8r uden udbudsproces. Leverand\u00f8rens adresse matcher medarbejdernes adresse. Flere leverand\u00f8rer med samme bankkonto. Leverand\u00f8r, der kun fakturerer, men aldrig leverer.<\/p>\n\n<p><strong>Finansielle r\u00f8de flag:<\/strong><br \/>\nLagerjusteringer nedskrives altid, aldrig op. Salgsreturneringer lige efter kvartalets afslutning. Omklassificeringer mellem konti t\u00e6t p\u00e5 periodens afslutning.<\/p>\n\n<p>De beviser ikke noget. Men de er v\u00e6rd at unders\u00f8ge. AI'en g\u00f8r opm\u00e6rksom p\u00e5 dem, s\u00e5 de ikke gemmer sig i tusindvis af normale transaktioner.<\/p>\n\n\n<hr class=\"wp-block-separator has-alpha-channel-opacity\"\/>\n\n\n\n<h3 class=\"wp-block-heading\">Hvad det betyder for dig<\/h3>\n\n\n\n<h4 class=\"wp-block-heading\">For CFO'er og \u00f8konomiledere<\/h4>\n\n\n<p><strong>Sov bedre f\u00f8r indtjeningssamtaler:<\/strong><br \/>\nN\u00e5r kontroller overv\u00e5ges l\u00f8bende, og problemer opdages tidligt, er der f\u00e6rre overraskelser. Mindre \"vi fandt et problem under revisionsforberedelserne\"-panik.<\/p>\n\n<p><strong>Lavere revisionsomkostninger:<\/strong><br \/>\nN\u00e5r dokumentationen er organiseret, og kontrollerne testes l\u00f8bende, g\u00e5r audits hurtigere. Hurtigere audits koster mindre. Nogle virksomheder sparer 30-50% p\u00e5 revisionsgebyrer.<\/p>\n\n<p><strong>Bedre intern kontrol:<\/strong><br \/>\nPoint-in-time-test viser kun, at kontrolforanstaltningerne virkede for stikpr\u00f8ven. Kontinuerlig overv\u00e5gning viser, at de virker for alt. Bedre dokumentation. St\u00f8rre tillid.<\/p>\n\n<p><strong>Tidlig opdagelse af problemer:<\/strong><br \/>\nFind problemer i l\u00f8bet af dage, ikke m\u00e5neder. L\u00f8s dem, mens de er sm\u00e5. Undg\u00e5 v\u00e6sentlige svagheder, der kr\u00e6ver offentligg\u00f8relse.<\/p>\n\n<p><strong>Tillid til overholdelse af lovgivningen:<\/strong><br \/>\nDu ved, at du er opm\u00e6rksom p\u00e5 relevante \u00e6ndringer. Du ved, at der er styr p\u00e5 deadlines. Vide, at processer bliver opdateret. Mindre bekymring for at g\u00e5 glip af noget vigtigt.<\/p>\n\n\n<h4 class=\"wp-block-heading\">For controllere og regnskabschefer<\/h4>\n\n\n<p><strong>Hold op med at kludre i det under audit:<\/strong><br \/>\nDokumentationen er klar. Kontroltest er udf\u00f8rt. Der findes undtagelsesrapporter. Du gennemg\u00e5r i stedet for at kompilere.<\/p>\n\n<p><strong>Fang fejl tidligt:<\/strong><br \/>\nForkert GL-kode? Fanges med det samme. Manglende godkendelse? Opdages med det samme. L\u00f8s det nu i stedet for at forklare det til revisorerne senere.<\/p>\n\n<p><strong>Bevis for, at kontrollen virker:<\/strong><br \/>\nIkke \"vi testede 25 transaktioner, og de bestod\". I stedet \"vi testede alle 15.000 transaktioner l\u00f8bende, og her er resultaterne.\"<\/p>\n\n<p><strong>Fokuser p\u00e5 forbedring, ikke brandslukning:<\/strong><br \/>\nN\u00e5r problemer markeres med det samme, l\u00f8ser man de grundl\u00e6ggende \u00e5rsager i stedet for hele tiden at opdage nye problemer.<\/p>\n\n<p><strong>Bedre ledelsesrapportering:<\/strong><br \/>\nRapporter til \u00f8konomidirekt\u00f8ren og revisionsudvalget om kontroleffektivitet med faktiske data, ikke estimater fra stikpr\u00f8ver.<\/p>\n\n\n<h4 class=\"wp-block-heading\">For revisorer (interne og eksterne)<\/h4>\n\n\n<p><strong>Bedre revisionsbevis:<\/strong><br \/>\nPopulationstest i stedet for stikpr\u00f8ver. Komplette revisionsspor. Organiseret dokumentation. Dette er bedre dokumentation for revisionserkl\u00e6ringer.<\/p>\n\n<p><strong>Hurtigere revisioner:<\/strong><br \/>\nMindre tid til at indsamle information. Mere tid til vurdering og risikoomr\u00e5der. Audits gennemf\u00f8res hurtigere.<\/p>\n\n<p><strong>Fokuser p\u00e5 vurderingsomr\u00e5der:<\/strong><br \/>\nDer udf\u00f8res rutinem\u00e6ssige kontroltests. Brug tid p\u00e5 sk\u00f8n, v\u00e6rdians\u00e6ttelser og ledelsens vurdering. Udf\u00f8r revisionsarbejde af h\u00f8jere v\u00e6rdi.<\/p>\n\n<p><strong>Muligheder for l\u00f8bende sikring:<\/strong><br \/>\nFor intern revision muligg\u00f8r dette kontinuerlige sikkerhedsprogrammer. Overv\u00e5gning i l\u00f8bet af \u00e5ret i stedet for periodiske audits.<\/p>\n\n\n<hr class=\"wp-block-separator has-alpha-channel-opacity\"\/>\n\n\n\n<h3 class=\"wp-block-heading\">Almindelige revisions- og compliance-scenarier<\/h3>\n\n\n\n<h4 class=\"wp-block-heading\">Overv\u00e5gning af funktionsadskillelse<\/h4>\n\n\n<p>Din politik: Samme person kan ikke oprette og godkende fakturaer.<\/p>\n\n<p>AI'en overv\u00e5ger hver eneste faktura:<\/p>\n<ol>\n<li>Faktura oprettet af bruger A<\/li>\n<li>Faktura godkendt af bruger A<\/li>\n<li>Overtr\u00e6delse af funktionsadskillelse opdaget<\/li>\n<li>Advarsel sendt til regnskabschef<\/li>\n<li>Lederen unders\u00f8ger sagen: Bruger A d\u00e6kkede for en, der var p\u00e5 ferie, og glemte at sende en anden godkendelse.<\/li>\n<li>Fakturaen omdirigeres til den relevante godkender<\/li>\n<li>H\u00e6ndelse logget til diskussion om kontrolsvaghed<\/li>\n<\/ol>\n\n<p>Problemet blev opdaget og l\u00f8st med det samme. Ikke opdaget under revisionen ved \u00e5rets udgang.<\/p>\n\n\n<h4 class=\"wp-block-heading\">Opdagelse af us\u00e6dvanlige journalposter<\/h4>\n\n\n<p>AI overv\u00e5ger dagbogsposter:<\/p>\n<ol>\n<li>Stor manuel journalpost bogf\u00f8rt sidste dag i kvartalet<\/li>\n<li>Postering tilbagef\u00f8res f\u00f8rste dag i n\u00e6ste kvartal<\/li>\n<li>Indgangen har minimal dokumentation<\/li>\n<li>M\u00f8nsteret matcher risikoindikatorer for indtjeningsstyring<\/li>\n<li>Markeret til controller-anmeldelse<\/li>\n<li>Controller unders\u00f8ger: Lovlig periodisering af kendt udgift, utilstr\u00e6kkelig dokumentation<\/li>\n<li>Yderligere dokumentation indhentet og vedlagt<\/li>\n<li>Indtastning gennemg\u00e5et og godkendt med tilbagevirkende kraft<\/li>\n<\/ol>\n\n<p>Lovlig adgang, men AI opdagede svagheder i dokumentationen f\u00f8r revisionen.<\/p>\n\n\n<h4 class=\"wp-block-heading\">Forebyggelse af svindel med leverand\u00f8rmaster<\/h4>\n\n\n<p>Ny leverand\u00f8r tilf\u00f8jet til systemet:<\/p>\n<ol>\n<li>AI tjekker leverand\u00f8rens adresse mod medarbejdernes adresse<\/li>\n<li>Match fundet: leverand\u00f8rens adresse matcher AP-medarbejderens hjemmeadresse<\/li>\n<li>\u00d8jeblikkelig alarm til controller og CFO<\/li>\n<li>Unders\u00f8gelse iv\u00e6rksat<\/li>\n<li>Det viser sig, at en medarbejder oprettede en falsk leverand\u00f8r for at sende falske fakturaer<\/li>\n<li>Svindel stoppet f\u00f8r f\u00f8rste betaling<\/li>\n<\/ol>\n\n<p>Uden AI-overv\u00e5gning kunne dette v\u00e6re g\u00e5et uopdaget hen i m\u00e5neder eller \u00e5r.<\/p>\n\n\n<h4 class=\"wp-block-heading\">Forberedelse af revision<\/h4>\n\n\n<p>Revisorerne ankommer til den \u00e5rlige revision:<\/p>\n<ol>\n<li>Anmod om PBC-liste (leveret af kunden)<\/li>\n<li>AI genererer det meste af PBC automatisk:<\/li>\n<li>Trial balance? Genereret.<\/li>\n<li>Lead-planer? Genereret.<\/li>\n<li>Stikpr\u00f8ve af transaktioner efter kategori? Genereret.<\/li>\n<li>Resultater af kontroltest? Det er allerede gjort for 100% af befolkningen.<\/li>\n<li>Undtagelsesrapporter? Jeg er klar.<\/li>\n<li>Underst\u00f8ttende dokumentation? Organiseret og forbundet.<\/li>\n<\/ol>\n\n<p>Det, der f\u00f8r tog to ugers forberedelsestid, tager nu to dage at gennemg\u00e5 og f\u00e6rdigg\u00f8re.<\/p>\n\n\n<hr class=\"wp-block-separator has-alpha-channel-opacity\"\/>\n\n\n\n<h3 class=\"wp-block-heading\">Hvad AI ikke kan g\u00f8re<\/h3>\n\n\n<p>AI er st\u00e6rk til overv\u00e5gning og dokumentation. Men den har klare gr\u00e6nser:<\/p>\n\n<p><strong>Den kan ikke foretage juridiske vurderinger:<\/strong><br \/>\nEr denne regnskabsm\u00e6ssige behandling i overensstemmelse med GAAP? B\u00f8r vi oplyse om det? Det kr\u00e6ver regnskabsm\u00e6ssig ekspertise og d\u00f8mmekraft.<\/p>\n\n<p><strong>Den kan ikke designe kontroller:<\/strong><br \/>\nAI kan teste, om kontrollerne virker. Den kan ikke designe, hvilke kontroller du skal have. Det kr\u00e6ver, at du forst\u00e5r din virksomhed og dine risici.<\/p>\n\n<p><strong>Den kan ikke afgive revisionserkl\u00e6ringer:<\/strong><br \/>\nRevisorer afgiver udtalelser baseret p\u00e5 professionel vurdering. AI leverer dokumentation og testresultater. Udtalelsen kr\u00e6ver menneskelig ekspertise.<\/p>\n\n<p><strong>Den kan ikke fortolke komplekse regler:<\/strong><br \/>\nAI kan markere lov\u00e6ndringer og opsummere dem. Det kr\u00e6ver ekspertise at finde ud af, pr\u00e6cis hvordan de g\u00e6lder for din specifikke situation.<\/p>\n\n<p><strong>Det kan ikke bevise svindel:<\/strong><br \/>\nAI markerer mist\u00e6nkelige m\u00f8nstre. Efterforskning og bevisf\u00f8relse kr\u00e6ver menneskelig analyse, interviews og d\u00f8mmekraft.<\/p>\n\n<p><strong>Det kan ikke erstatte ledelse:<\/strong><br \/>\nRevisionsudvalg. Bestyrelsens tilsyn. Ledelsens ansvar. Det er fortsat menneskelige funktioner. AI underst\u00f8tter dem, men erstatter dem ikke.<\/p>\n\n<p>AI h\u00e5ndterer kontrol, overv\u00e5gning og dokumentation p\u00e5 glimrende vis. Ekspertisen, d\u00f8mmekraften og ansvarligheden forbliver hos mennesker.<\/p>\n\n\n<hr class=\"wp-block-separator has-alpha-channel-opacity\"\/>\n\n\n\n<h3 class=\"wp-block-heading\">Kom godt i gang<\/h3>\n\n\n<p>Start med det omr\u00e5de, der har den h\u00f8jeste risiko eller den st\u00f8rste indsats:<\/p>\n\n<p><strong>V\u00e6lg en kontrol, der skal overv\u00e5ges f\u00f8rst:<\/strong><br \/>\nAdskillelse af opgaver? Arbejdsgange for godkendelse? Overholdelse af politikker? V\u00e6lg en, der er vigtig og klart defineret. Bevis, at AI-overv\u00e5gning virker.<\/p>\n\n<p><strong>Defin\u00e9r klare regler:<\/strong><br \/>\nAI har brug for klare regler til at overv\u00e5ge. \"Udgifterne skal v\u00e6re rimelige\" er for vagt. \"M\u00e5ltidsudgifter over $75 kr\u00e6ver direkt\u00f8rens godkendelse\" er klart.<\/p>\n\n<p><strong>Start med at advare en lille gruppe:<\/strong><br \/>\nLad v\u00e6re med at oversv\u00f8mme alle med alarmer til at begynde med. Send til controlleren eller et lille team. Juster reglerne. Reducer falske positiver. Udvid derefter.<\/p>\n\n<p><strong>Dokument\u00e9r fordelene:<\/strong><br \/>\nF\u00f8lg med i, hvor mange problemer der blev opdaget. Hvor tidligt de blev opdaget. Hvor meget revisionstid der blev sparet. Opbyg en business case for udvidelse.<\/p>\n\n<p><strong>Udvid gradvist:<\/strong><br \/>\nTilf\u00f8j flere kontroller til overv\u00e5gning. Tilf\u00f8j flere regler. Tilf\u00f8j flere personer, der modtager advarsler. Opbyg omfattende overv\u00e5gning over tid.<\/p>\n\n<p><strong>Arbejde med revisorer:<\/strong><br \/>\nVis dem, hvad du laver. F\u00e5 deres input. De vil v\u00e6rds\u00e6tte populationstest frem for stikpr\u00f8ver. Det kan reducere revisionens omfang og omkostninger.<\/p>\n\n<p>Kontinuerlig overv\u00e5gning sker ikke fra den ene dag til den anden. Men du kan starte i det sm\u00e5 og bygge p\u00e5 over tid.<\/p>\n\n\n<hr class=\"wp-block-separator has-alpha-channel-opacity\"\/>\n\n\n\n<h3 class=\"wp-block-heading\">Er du klar til kontinuerlig overv\u00e5gning i stedet for punktvis panik?<\/h3>\n\n\n<p>Hver virksomhed har forskellige risici. Forskellige kontroller. Forskellige revisionskrav. Forskellige regler.<\/p>\n<p>Vi s\u00e6lger ikke generiske compliance-tjeklister. Vi ser p\u00e5 dine specifikke kontroller. Dine risici. Dine revisionskrav.<\/p>\n<p>S\u00e5 bygger vi AI-overv\u00e5gning, der passer til dit milj\u00f8. Samme kontrol, som du har nu. Bare overv\u00e5get kontinuerligt i stedet for periodisk.<\/p>\n<p>Vi starter med \u00e9t omr\u00e5de. Beviser, at kontinuerlig overv\u00e5gning virker. Derefter udvider vi. Praktisk automatisering af compliance, der reducerer risiko og sparer tid.<\/p>\n\n<p><strong><a href=\"https:\/\/www.leaplytics.de\/da\/kontakt\/\">Tal med os om dine behov for revision og compliance<\/a><\/strong><\/p>\n\n<p><a href=\"https:\/\/www.leaplytics.de\/da\/finans-ai\/\">Tilbage til oversigt over Finance AI<\/a><\/p>","protected":false},"excerpt":{"rendered":"<p>AI for Audit &#038; Compliance: Continuous Monitoring Instead of Point-in-Time Panic Audits are stressful. The auditors are coming. You need to find supporting documentation for thousands of transactions. Test controls. Prove processes were followed. Explain exceptions. You scramble to gather evidence. Pull samples. Build audit files. Answer questions. Hope nothing major gets found. Internal controls &hellip; <\/p>","protected":false},"author":2,"featured_media":0,"parent":0,"menu_order":0,"comment_status":"closed","ping_status":"closed","template":"","meta":{"footnotes":""},"class_list":["post-14425","page","type-page","status-publish","hentry","latest_post"],"_links":{"self":[{"href":"https:\/\/www.leaplytics.de\/da\/wp-json\/wp\/v2\/pages\/14425","targetHints":{"allow":["GET"]}}],"collection":[{"href":"https:\/\/www.leaplytics.de\/da\/wp-json\/wp\/v2\/pages"}],"about":[{"href":"https:\/\/www.leaplytics.de\/da\/wp-json\/wp\/v2\/types\/page"}],"author":[{"embeddable":true,"href":"https:\/\/www.leaplytics.de\/da\/wp-json\/wp\/v2\/users\/2"}],"replies":[{"embeddable":true,"href":"https:\/\/www.leaplytics.de\/da\/wp-json\/wp\/v2\/comments?post=14425"}],"version-history":[{"count":1,"href":"https:\/\/www.leaplytics.de\/da\/wp-json\/wp\/v2\/pages\/14425\/revisions"}],"predecessor-version":[{"id":14426,"href":"https:\/\/www.leaplytics.de\/da\/wp-json\/wp\/v2\/pages\/14425\/revisions\/14426"}],"wp:attachment":[{"href":"https:\/\/www.leaplytics.de\/da\/wp-json\/wp\/v2\/media?parent=14425"}],"curies":[{"name":"wp","href":"https:\/\/api.w.org\/{rel}","templated":true}]}}