{"id":14477,"date":"2025-12-19T01:55:31","date_gmt":"2025-12-19T00:55:31","guid":{"rendered":"https:\/\/www.leaplytics.de\/?page_id=14477"},"modified":"2025-12-19T01:55:31","modified_gmt":"2025-12-19T00:55:31","slug":"skabelse-af-indhold-personalisering-ai","status":"publish","type":"page","link":"https:\/\/www.leaplytics.de\/da\/skabelse-af-indhold-personalisering-ai\/","title":{"rendered":"Oprettelse af indhold og personalisering AI"},"content":{"rendered":"<h2>AI til skabelse af indhold og personalisering: Stop med at starte fra tomme sider<\/h2>\n\n<p>Dit marketingteam har brug for mere indhold. E-mails. Annoncer. Sociale indl\u00e6g. Landingssider. Produktbeskrivelser. Blogindl\u00e6g. Casestudier.<\/p>\n<p>Og det m\u00e5 ikke v\u00e6re generisk. Hvert segment forventer budskaber, der taler til dem. Hver kanal har brug for sit eget format. Hver kampagne har brug for flere variationer til afpr\u00f8vning.<\/p>\n<p>Du beder mennesker om at skrive hurtigere. Men der er en gr\u00e6nse for, hvor hurtigt nogen kan skrive fra bunden.<\/p>\n<p>AI erstatter ikke dine skribenter. Den giver dem et udgangspunkt. Den genererer variationer i stor skala. Den personaliserer automatisk budskaber. Dit team g\u00e5r hurtigere fra blank side til poleret indhold.<\/p>\n\n\n<hr class=\"wp-block-separator has-alpha-channel-opacity\"\/>\n\n\n\n<h3 class=\"wp-block-heading\">Problemet: For meget indhold, for lidt tid<\/h3>\n\n\n<p>Alle marketingkanaler skal fodres. E-mail-abonnenter forventer regelm\u00e6ssige beskeder. Sociale medier har brug for daglige indl\u00e6g. Annoncekampagner har brug for ny kreativitet. Salg har brug for nyt materiale.<\/p>\n<p>Generisk indhold virker ikke l\u00e6ngere. Dit publikum forventer relevans. Forskellige brancher har brug for forskellige vinkler. Forskellige roller interesserer sig for forskellige ting.<\/p>\n<p>S\u00e5 du har brug for mere indhold. Og det skal v\u00e6re personligt. Og det skal v\u00e6re godt. Og du har brug for det i g\u00e5r.<\/p>\n<p>Dit team er presset. Enten producerer du mindre indhold og mister muligheder, eller ogs\u00e5 producerer du generisk indhold og ser engagementet falde. Ingen af delene er godt.<\/p>\n\n\n<hr class=\"wp-block-separator has-alpha-channel-opacity\"\/>\n\n\n\n<h3 class=\"wp-block-heading\">Hvad AI g\u00f8r for skabelsen af indhold<\/h3>\n\n\n<p>AI skriver ikke endelige tekster. Den skriver f\u00f8rste udkast. Den genererer muligheder. Den tager sig af det grove arbejde, s\u00e5 dit team kan fokusere p\u00e5 strategi og raffinement.<\/p>\n\n\n<h4 class=\"wp-block-heading\">Generering af udkast<\/h4>\n\n\n<p>Giv AI'en en briefing. Fort\u00e6l den, hvad du har brug for. E-mail med annoncering af ny funktion. Socialt indl\u00e6g om casestudie. Produktbeskrivelse til tekniske indk\u00f8bere.<\/p>\n<p>AI'en skriver et udkast p\u00e5 f\u00e5 sekunder. Ikke perfekt. Ikke endeligt. Men et reelt udgangspunkt, der er 70% af vejen.<\/p>\n<p>Din skribent redigerer i stedet for at starte fra nul. Det er forskellen mellem 30 minutter og 2 timer pr. artikel.<\/p>\n\n<p><strong>Hvad den udarbejder:<\/strong>\n<ul>\n<li>E-mail-kopi (emnelinjer, br\u00f8dtekst, CTA'er)<\/li>\n<li>Indl\u00e6g p\u00e5 sociale medier (LinkedIn, Twitter, Facebook)<\/li>\n<li>Annoncetekster (overskrifter, beskrivelser, variationer)<\/li>\n<li>Produktbeskrivelser<\/li>\n<li>Kopi af landingsside<\/li>\n<li>Skitser til blogindl\u00e6g og f\u00f8rste udkast<\/li>\n<li>Video-scripts<\/li>\n<li>Skabeloner til salgsmails<\/li>\n<\/ul>\n<\/p>\n\n\n<h4 class=\"wp-block-heading\">Skabelse af variation i stor skala<\/h4>\n\n\n<p>A\/B-test kr\u00e6ver variationer. Forskellige overskrifter. Forskellige vinkler. Forskellige CTA'er.<\/p>\n<p>Det tager tid at skrive 10 variationer af emnelinjer i h\u00e5nden. AI'en genererer dem p\u00e5 f\u00e5 sekunder.<\/p>\n<p>Har du brug for reklametekster til forskellige m\u00e5lgrupper? Giv AI'en et basisbudskab, og bed om versioner, der er m\u00e5lrettet forskellige brancher, roller eller smertepunkter. Du f\u00e5r 5, 10, 20 variationer med det samme.<\/p>\n<p>Dit team udv\u00e6lger de bedste. Tester dem. L\u00e6rer, hvad der virker. Gentager dem. Meget hurtigere end at skrive hver eneste variation manuelt.<\/p>\n\n\n<h4 class=\"wp-block-heading\">Personligg\u00f8relse af beskeder<\/h4>\n\n\n<p>Generiske e-mails bliver ignoreret. Folk forventer beskeder, der f\u00f8les relevante for deres situation.<\/p>\n<p>AI'en personaliserer i stor skala:\n<ul>\n<li>Forskellige kopier til forskellige brancher (sundhedspleje vs. produktion vs. finans)<\/li>\n<li>Forskellige smertepunkter for forskellige roller (CFO'er bekymrer sig om ROI, driftsledere bekymrer sig om effektivitet)<\/li>\n<li>Forskellig tone til forskellige virksomhedsst\u00f8rrelser (enterprise vs. SMB)<\/li>\n<li>Forskellige hastegrader baseret p\u00e5 k\u00f8bsfasen (bevidsthed vs. overvejelse vs. beslutning)<\/li>\n<\/ul>\n<\/p>\n\n<p>Du skriver en beskedramme. AI'en genererer personlige versioner til hvert segment. Alle f\u00e5r en kopi, der taler til dem.<\/p>\n\n\n<h4 class=\"wp-block-heading\">Optimering af emnelinje og overskrift<\/h4>\n\n\n<p>Emnelinjer afg\u00f8r, om e-mails bliver \u00e5bnet. Overskrifter afg\u00f8r, om der bliver klikket p\u00e5 annoncer.<\/p>\n<p>AI'en analyserer, hvad der har virket f\u00f8r - dine tidligere kampagner, branchebenchmarks, gennempr\u00f8vede formler. Den foresl\u00e5r emnelinjer og overskrifter, der er optimeret til performance.<\/p>\n<p>Ikke g\u00e6tterier. Forslag baseret p\u00e5 m\u00f8nstre i data om, hvad der f\u00e5r opm\u00e6rksomhed og driver klik.<\/p>\n<p>Det er stadig dig, der tr\u00e6ffer den endelige beslutning. Men du starter med muligheder, der har vist sig at fungere, ikke med skud i t\u00e5gen.<\/p>\n\n\n<h4 class=\"wp-block-heading\">Konsistens i brandets stemme<\/h4>\n\n\n<p>Alle brands har en stemme. Professionel, men ikke indelukket. Venlig, men ikke for afslappet. Selvsikker, men ikke arrogant.<\/p>\n<p>Det er sv\u00e6rt at fastholde den stemme p\u00e5 tv\u00e6rs af dusinvis af indholdsstykker, skrevet af forskellige mennesker.<\/p>\n<p>Tr\u00e6n AI'en i dit eksisterende indhold. Vis den dine bedste tekster. Den l\u00e6rer din tone, din stil, dit ordforr\u00e5d.<\/p>\n<p>Nu matcher hvert udkast dit brands stemme. Forskellige skribenter, forskellige indholdstyper - ensartet stemme hele vejen igennem.<\/p>\n\n\n<h4 class=\"wp-block-heading\">Genbrug af indhold<\/h4>\n\n\n<p>Du skriver et blogindl\u00e6g. Det kunne v\u00e6re et LinkedIn-indl\u00e6g. Det kunne v\u00e6re en Twitter-tr\u00e5d. Det kunne v\u00e6re indhold til en e-mail. Det kunne v\u00e6re et manuskript til en video.<\/p>\n<p>AI'en genbruger automatisk indhold:\n<ul>\n<li>G\u00f8r lang form til kort form<\/li>\n<li>Omdan blogindl\u00e6g til sociale uddrag<\/li>\n<li>Konverter casestudier til grafik med kundetilbud<\/li>\n<li>Opdel webinarudskrifter i blogindl\u00e6g og socialt indhold<\/li>\n<\/ul>\n<\/p>\n\n<p>Opret \u00e9n gang, distribuer overalt. Uden at skulle skrive alt om manuelt.<\/p>\n\n\n<hr class=\"wp-block-separator has-alpha-channel-opacity\"\/>\n\n\n\n<h3 class=\"wp-block-heading\">Hvad det betyder for dig<\/h3>\n\n\n\n<h4 class=\"wp-block-heading\">For CMO'er<\/h4>\n\n\n<p>Dit team producerer mere indhold uden flere medarbejdere. Kampagner lanceres hurtigere, fordi indholdsproduktionen ikke er flaskehalsen.<\/p>\n<p>Brandets stemme forbliver konsekvent i stor skala. Uanset om du udgiver 10 eller 100 artikler om ugen, s\u00e5 lyder alt som dig.<\/p>\n<p>Testning forbedres, fordi det er billigt at skabe variationer. Flere tests betyder bedre data om, hvad der giver genlyd.<\/p>\n<p>ROI for indhold \u00f8ges, fordi personalisering skaber engagement. Generiske udsendelser erstattes af m\u00e5lrettede budskaber, der konverterer.<\/p>\n\n\n<h4 class=\"wp-block-heading\">For indholdsskabere og marketingfolk<\/h4>\n\n\n<p>Slut med at v\u00e6re lammet af tomme sider. Du starter med et udkast, ikke med ingenting. Rediger og finpuds i stedet for at stirre p\u00e5 tomme sk\u00e6rme.<\/p>\n<p>Mindre tid p\u00e5 rutineindhold. E-mail nummer 50 tager ikke lige s\u00e5 lang tid som e-mail nummer 1. AI'en h\u00e5ndterer standardtekster, s\u00e5 du kan fokusere p\u00e5 strategi og indhold af h\u00f8j v\u00e6rdi.<\/p>\n<p>Mere tid til kreativt arbejde. F\u00e6rre variationer, mere tid til at t\u00e6nke p\u00e5 positionering og budskaber, der betyder noget.<\/p>\n<p>Du bliver redakt\u00f8r og strateg i stedet for bare skribent. Det er arbejde med h\u00f8jere v\u00e6rdi.<\/p>\n\n\n<h4 class=\"wp-block-heading\">For virksomheden<\/h4>\n\n\n<p>Hurtigere tid til markedet. Kampagner lanceres, n\u00e5r de skal, ikke n\u00e5r indholdet endelig er klar.<\/p>\n<p>Bedre engagement, fordi budskaberne f\u00f8les relevante. Personalisering er ikke l\u00e6ngere nice-to-have - det forventes. AI g\u00f8r det skalerbart.<\/p>\n<p>Lavere omkostninger pr. artikel. AI erstatter ikke skribenter, men det betyder, at hver skribent producerer mere. Det er effektivitet.<\/p>\n\n\n<hr class=\"wp-block-separator has-alpha-channel-opacity\"\/>\n\n\n\n<h3 class=\"wp-block-heading\">Virkelige eksempler p\u00e5 Content AI<\/h3>\n\n\n\n<h4 class=\"wp-block-heading\">Eksempel 1: E-handelsvirksomhed<\/h4>\n\n\n<p>En onlineforhandler havde 5.000 produkter. Mange havde minimale beskrivelser. Det var umuligt at skrive unikke, overbevisende tekster til hver enkelt med et indholdsteam p\u00e5 to personer.<\/p>\n<p><strong>Hvad har \u00e6ndret sig?<\/strong> AI genererede produktbeskrivelser baseret p\u00e5 produktattributter og retningslinjer for kategorien. Indholdsteamet gennemgik og forfinede de bedste og godkendte dem, der var gode nok, som de var.<\/p>\n<p><strong>Resultat:<\/strong> Gik fra 30% produkter med kvalitetsbeskrivelser til 95% p\u00e5 6 uger. SEO-trafikken steg med 35%, fordi produkterne kunne findes. Konverteringen blev forbedret, fordi k\u00f8berne fik de oplysninger, de havde brug for.<\/p>\n\n\n<h4 class=\"wp-block-heading\">Eksempel 2: B2B SaaS-virksomhed<\/h4>\n\n\n<p>En SaaS-virksomhed sendte den samme e-mail-sekvens til alle. Marketing vidste, at forskellige brancher havde forskellige smertepunkter, men havde ikke tid til at skrive tilpassede sekvenser.<\/p>\n<p><strong>Hvad har \u00e6ndret sig?<\/strong> AI genererede personlige e-mailvariationer til 5 m\u00e5lbrancher. Samme kernebudskab, forskellige smertepunkter og eksempler, der er relevante for hver branche.<\/p>\n<p><strong>Resultat:<\/strong> \u00c5bningsrater for e-mails steg 22%. Klikfrekvensen steg med 31%. Demoanmodninger fra e-mailpleje steg 40%, fordi beskederne f\u00f8ltes relevante.<\/p>\n\n\n<h4 class=\"wp-block-heading\">Eksempel 3: Marketingbureau<\/h4>\n\n\n<p>Et bureau administrerede sociale medier for 20 kunder. Alle havde brug for daglige indl\u00e6g. Skribenterne brugte 80% tid p\u00e5 rutinem\u00e6ssigt socialt indhold, 20% p\u00e5 strategi og kreative kampagner.<\/p>\n<p><strong>Hvad har \u00e6ndret sig?<\/strong> AI genererede f\u00f8rste udkast til sociale indl\u00e6g baseret p\u00e5 indholdskalendere og brandretningslinjer. Skribenterne gennemgik og forbedrede i stedet for at skrive fra bunden.<\/p>\n<p><strong>Resultat:<\/strong> Tidsfordelingen blev \u00e6ndret til 30% rutinem\u00e6ssigt indhold, 70% strategi og kreativitet. Kundetilfredsheden steg, fordi bureauet leverede mere strategisk v\u00e6rdi, ikke kun indholdsproduktion.<\/p>\n\n\n<hr class=\"wp-block-separator has-alpha-channel-opacity\"\/>\n\n\n\n<h3 class=\"wp-block-heading\">Hvad AI ikke vil g\u00f8re<\/h3>\n\n\n<p>Lad os g\u00f8re os klart, hvad AI ikke kan erstatte.<\/p>\n<p>AI forst\u00e5r ikke din strategi. Den kender ikke din positionering. Den ved ikke, hvad der adskiller dig fra konkurrenterne, eller hvilket budskab der vil give genlyd p\u00e5 dit specifikke marked lige nu.<\/p>\n<p>AI-genereret indhold skal gennemg\u00e5s af mennesker. Hver gang. Ingen undtagelser. AI'en tager nogle gange fejl af fakta. Den overser nogle gange nuancer. Nogle gange genererer den perfekt grammatisk indhold, der ikke siger noget meningsfuldt.<\/p>\n<p>Din brandstemme kommer fra AI, der l\u00e6rer af dit indhold - men der er stadig brug for nogen til at undervise den og rette den, n\u00e5r den glider. AI hj\u00e6lper skribenter, det erstatter ikke d\u00f8mmekraft.<\/p>\n<p>Og AI-indhold er ikke magisk. D\u00e5rlig positionering med AI-indhold er stadig d\u00e5rlig positionering, bare hurtigere. Hvis dit kernebudskab ikke v\u00e6kker genklang, kan AI ikke rette op p\u00e5 det. Strategien kommer f\u00f8rst.<\/p>\n\n\n<hr class=\"wp-block-separator has-alpha-channel-opacity\"\/>\n\n\n\n<h3 class=\"wp-block-heading\">S\u00e5dan kommer du i gang<\/h3>\n\n\n<p>Fors\u00f8g ikke at automatisere alt p\u00e5 \u00e9n gang. Start der, hvor AI kan hj\u00e6lpe mest:\n<ul>\n<li><strong>Start med rutinem\u00e6ssigt indhold.<\/strong> Udkast til e-mails. Sociale indl\u00e6g. Produktbeskrivelser. Indhold, der f\u00f8lger skabeloner. Lad AI h\u00e5ndtere de f\u00f8rste udkast.<\/li>\n<li><strong>Generering af testvariationer.<\/strong> Brug AI til at skabe variationer i emnelinjer eller annoncetekster. Se, om det sparer tid og giver brugbare resultater.<\/li>\n<li><strong>Tr\u00e6n din stemme.<\/strong> Giv AI'en dit bedste indhold. Lad den l\u00e6re din stil. Tjek, om udkastene lyder som dig.<\/li>\n<li><strong>Etablering af revisionsprocesser.<\/strong> Alle AI-udkast bliver gennemg\u00e5et af mennesker. Ingen undtagelser. Byg det ind i workflowet fra dag \u00e9t.<\/li>\n<li><strong>M\u00e5l kvalitet og hastighed.<\/strong> F\u00f8lg med i, hvor meget tid AI sparer. Spor kvaliteten af det endelige indhold. Juster din proces baseret p\u00e5, hvad der virker.<\/li>\n<\/ul>\n<\/p>\n\n<p>M\u00e5let er ikke at eliminere forfattere. Det er at fjerne skriveblokering og ensidigt gentaget arbejde. Start i det sm\u00e5, m\u00e5l resultaterne, skal\u00e9r det, der virker.<\/p>\n\n\n<hr class=\"wp-block-separator has-alpha-channel-opacity\"\/>\n\n\n\n<h3 class=\"wp-block-heading\">Den nederste linje<\/h3>\n\n\n<p>At skabe indhold er dels kreativitet, dels produktionsarbejde. AI h\u00e5ndterer produktionsarbejdet, s\u00e5 mennesker kan fokusere p\u00e5 kreativitet og strategi.<\/p>\n<p>Dit team ejer stadig budskabet. De finpudser stadig teksten. De tr\u00e6ffer stadig strategiske beslutninger om positionering og tone.<\/p>\n<p>De starter bare ikke l\u00e6ngere med blanke sider. De bruger ikke timer p\u00e5 at skrive den 47. produktbeskrivelse eller den 8. e-mail-variant.<\/p>\n<p>Det betyder mere indhold, hurtigere kampagner, bedre personalisering og skribenter, der udf\u00f8rer arbejde, som faktisk kr\u00e6ver menneskelig kreativitet.<\/p>\n\n\n<hr class=\"wp-block-separator has-alpha-channel-opacity\"\/>\n\n\n\n<h3 class=\"wp-block-heading\">Vil du skabe indhold hurtigere?<\/h3>\n\n\n<p>Alle virksomheder har forskellige behov for indhold. Forskellige brandstemmer. Forskellige m\u00e5lgrupper. Forskellige m\u00e6ngder.<\/p>\n<p>Vi s\u00e6lger ikke one-size-fits-all-indholdsv\u00e6rkt\u00f8jer. Vi ser p\u00e5 din indholdsproces. Vi identificerer flaskehalse. Vi implementerer AI, hvor det rent faktisk sparer tid uden at g\u00e5 p\u00e5 kompromis med kvaliteten.<\/p>\n<p>Derefter tr\u00e6ner vi systemet i at bruge dit brands stemme og indstiller workflows for anmeldelser, der fungerer for dit team. Dine skribenter bevarer kontrollen. De arbejder bare hurtigere.<\/p>\n<p>Ingen hype. Ingen l\u00f8fter om, at AI vil skrive alt for dig. Bare praktiske v\u00e6rkt\u00f8jer, der g\u00f8r det mindre smertefuldt at skabe indhold.<\/p>\n\n<p><a href=\"https:\/\/www.leaplytics.de\/da\/kontakt\/\">Lad os tale om din indholdsproces<\/a><\/p>\n\n<p><a href=\"https:\/\/www.leaplytics.de\/da\/markedsforing-salg-ai\/\">Tilbage til Marketing &amp; Salg AI<\/a><\/p>","protected":false},"excerpt":{"rendered":"<p>AI for Content Creation &#038; Personalization: Stop Starting from Blank Pages Your marketing team needs more content. Emails. Ads. Social posts. Landing pages. Product descriptions. Blog posts. Case studies. And it can&#8217;t be generic. Every segment expects messages that speak to them. Every channel needs its own format. Every campaign needs multiple variations for testing. &hellip; <\/p>","protected":false},"author":2,"featured_media":0,"parent":0,"menu_order":0,"comment_status":"closed","ping_status":"closed","template":"","meta":{"footnotes":""},"class_list":["post-14477","page","type-page","status-publish","hentry","latest_post"],"_links":{"self":[{"href":"https:\/\/www.leaplytics.de\/da\/wp-json\/wp\/v2\/pages\/14477","targetHints":{"allow":["GET"]}}],"collection":[{"href":"https:\/\/www.leaplytics.de\/da\/wp-json\/wp\/v2\/pages"}],"about":[{"href":"https:\/\/www.leaplytics.de\/da\/wp-json\/wp\/v2\/types\/page"}],"author":[{"embeddable":true,"href":"https:\/\/www.leaplytics.de\/da\/wp-json\/wp\/v2\/users\/2"}],"replies":[{"embeddable":true,"href":"https:\/\/www.leaplytics.de\/da\/wp-json\/wp\/v2\/comments?post=14477"}],"version-history":[{"count":1,"href":"https:\/\/www.leaplytics.de\/da\/wp-json\/wp\/v2\/pages\/14477\/revisions"}],"predecessor-version":[{"id":14488,"href":"https:\/\/www.leaplytics.de\/da\/wp-json\/wp\/v2\/pages\/14477\/revisions\/14488"}],"wp:attachment":[{"href":"https:\/\/www.leaplytics.de\/da\/wp-json\/wp\/v2\/media?parent=14477"}],"curies":[{"name":"wp","href":"https:\/\/api.w.org\/{rel}","templated":true}]}}