{"id":14565,"date":"2026-02-12T20:34:09","date_gmt":"2026-02-12T19:34:09","guid":{"rendered":"https:\/\/www.leaplytics.de\/?page_id=14565"},"modified":"2026-02-12T20:34:10","modified_gmt":"2026-02-12T19:34:10","slug":"matrix-tabel-leaplytics-privatlivspolitik","status":"publish","type":"page","link":"https:\/\/www.leaplytics.de\/da\/matrix-tabel-leaplytics-privatlivspolitik\/","title":{"rendered":"Matrix Table LeapLytics - Politik for beskyttelse af personlige oplysninger"},"content":{"rendered":"<p><strong>Fra og med: 11.02.2026<\/strong><\/p>\n<p>Vi er meget glade for, at du har vist interesse for vores Leaplytics Matrix Table Power BI Visual. Databeskyttelse er af s\u00e6rlig h\u00f8j prioritet for ledelsen af LeapLytics GmbH. <\/p>\n<p><strong>Fuldst\u00e6ndig uafh\u00e6ngighed af data<\/strong>: Vores Power BI-visual fungerer helt uafh\u00e6ngigt i dit Power BI-milj\u00f8. Vi modtager, indsamler, gemmer eller har ikke adgang til nogen data fra det visuelle. Al databehandling sker lokalt i Power BI, og ingen oplysninger overf\u00f8res til LeapLytics GmbH.<\/p>\n<p>Brugen af vores Power BI visual er mulig uden angivelse af personoplysninger; men hvis en registreret \u00f8nsker at bruge s\u00e6rlige virksomhedstjenester via vores hjemmeside eller supportkanaler, kan behandling af personoplysninger blive n\u00f8dvendig. Hvis behandlingen af personoplysninger er n\u00f8dvendig, og der ikke er noget lovbestemt grundlag for en s\u00e5dan behandling, indhenter vi generelt samtykke fra den registrerede.<\/p>\n<p>Behandlingen af personoplysninger, s\u00e5som den registreredes navn, adresse, e-mailadresse eller telefonnummer, skal altid v\u00e6re i overensstemmelse med den generelle databeskyttelsesforordning (GDPR) og i overensstemmelse med de landespecifikke databeskyttelsesbestemmelser, der g\u00e6lder for os. Ved hj\u00e6lp af denne databeskyttelseserkl\u00e6ring vil vores virksomhed gerne informere offentligheden om arten, omfanget og form\u00e5let med de personoplysninger, vi indsamler, bruger og behandler. Desuden informeres de registrerede ved hj\u00e6lp af denne databeskyttelseserkl\u00e6ring om de rettigheder, de har ret til.<\/p>\n<p>Som dataansvarlig har vi implementeret adskillige tekniske og organisatoriske foranstaltninger for at sikre den mest komplette beskyttelse af personoplysninger, der behandles via vores Power BI-visual og tilknyttede tjenester. Internetbaserede datatransmissioner kan dog i princippet have sikkerhedshuller, s\u00e5 absolut beskyttelse kan ikke garanteres. Af denne grund st\u00e5r det enhver registreret frit for at overf\u00f8re personoplysninger til os via alternative midler, f.eks. via telefon.<\/p>\n<h2 id=\"definitions\">Definitioner<\/h2>\n<p>Databeskyttelseserkl\u00e6ringen fra LeapLytics GmbH er baseret p\u00e5 de vilk\u00e5r, der anvendes af den europ\u00e6iske lovgiver til vedtagelse af den generelle databeskyttelsesforordning (GDPR). Vores databeskyttelseserkl\u00e6ring skal v\u00e6re l\u00e6selig og forst\u00e5elig for den brede offentlighed samt vores kunder og forretningspartnere. For at sikre dette vil vi gerne f\u00f8rst forklare den anvendte terminologi.<\/p>\n<p>I denne databeskyttelseserkl\u00e6ring bruger vi bl.a. f\u00f8lgende udtryk:<\/p>\n<p><strong>a) Personlige data<\/strong><\/p>\n<p>Personoplysninger er enhver form for information om en identificeret eller identificerbar fysisk person (\"den registrerede\"). En identificerbar fysisk person er en person, der direkte eller indirekte kan identificeres, navnlig ved henvisning til en identifikator som f.eks. et navn, et identifikationsnummer, lokaliseringsdata, en online-identifikator eller et eller flere elementer, der er specifikke for den fysiske persons fysiske, fysiologiske, genetiske, psykiske, \u00f8konomiske, kulturelle eller sociale identitet.<\/p>\n<p><strong>b) Den registrerede<\/strong><\/p>\n<p>Den registrerede er enhver identificeret eller identificerbar fysisk person, hvis personoplysninger behandles af den dataansvarlige, der er ansvarlig for behandlingen.<\/p>\n<p><strong>c) Forarbejdning<\/strong><\/p>\n<p>Behandling er enhver operation eller r\u00e6kke af operationer, der udf\u00f8res p\u00e5 personoplysninger eller p\u00e5 s\u00e6t af personoplysninger, uanset om det sker automatisk eller ej, s\u00e5som indsamling, registrering, organisering, strukturering, opbevaring, tilpasning eller \u00e6ndring, hentning, s\u00f8gning, brug, videregivelse ved transmission, formidling eller anden form for tilr\u00e5dighedsstillelse, justering eller kombination, begr\u00e6nsning, sletning eller tilintetg\u00f8relse.<\/p>\n<p><strong>d) Den dataansvarlige eller den dataansvarlige, der er ansvarlig for behandlingen<\/strong><\/p>\n<p>Den dataansvarlige eller den, der er ansvarlig for behandlingen, er den fysiske eller juridiske person, offentlige myndighed, institution eller andet organ, der alene eller sammen med andre afg\u00f8r, til hvilke form\u00e5l og med hvilke hj\u00e6lpemidler der m\u00e5 foretages behandling af personoplysninger; hvis form\u00e5lene med og hj\u00e6lpemidlerne til en s\u00e5dan behandling er fastsat i EU-retten eller medlemsstaternes nationale ret, kan den dataansvarlige eller de specifikke kriterier for udpegning af denne v\u00e6re fastsat i EU-retten eller medlemsstaternes nationale ret.<\/p>\n<p><strong>e) Samtykke<\/strong><\/p>\n<p>Samtykke fra den registrerede er enhver frivillig, specifik, informeret og utvetydig tilkendegivelse af den registreredes \u00f8nsker, hvorved han eller hun ved en erkl\u00e6ring eller en klar bekr\u00e6ftende handling giver sit samtykke til behandling af personoplysninger vedr\u00f8rende ham eller hende.<\/p>\n<h2 id=\"name-and-address-of-the-controller\">Navn og adresse p\u00e5 den dataansvarlige<\/h2>\n<p>Den dataansvarlige i henhold til den generelle forordning om databeskyttelse (GDPR), andre databeskyttelseslove, der g\u00e6lder i Den Europ\u00e6iske Unions medlemsstater, og andre bestemmelser vedr\u00f8rende databeskyttelse er:<\/p>\n<p><strong>LeapLytics GmbH<\/strong><br \/>Stefan Preusler &amp; Dominik Galsheimer<br \/>Teutonenweg 18<br \/>63128 Dietzenbach<br \/>Tyskland  <\/p>\n<p>E-Mail: i&#110;&#102;&#x6f;&#x40;&#x6c;&#x65;a&#112;&#108;&#121;&#x74;&#x69;&#x63;s&#46;&#100;&#101;<br \/>UST-ID\/Skatte-ID: DE344747402<\/p>\n<h2 id=\"power-bi-visual-operation\">Power BI visuel betjening<\/h2>\n<h3 id=\"nature-of-our-power-bi-visual\">Arten af vores Power BI Visual<\/h3>\n<p>Vores Leaplytics Matrix Table Power BI Visual er en datavisualiseringskomponent, der udelukkende fungerer inden for Microsoft Power BI. Den behandler data lokalt i dit Power BI-milj\u00f8 for at skabe interaktive matrixtabelvisualiseringer til finansiel rapportering, budgetanalyse og pr\u00e6stationssporing.<\/p>\n<h3 id=\"independent-operation-within-power-bi\">Uafh\u00e6ngig drift inden for Power BI<\/h3>\n<p>N\u00e5r du bruger vores Power BI visual:<\/p>\n<ol>\n<li><strong>Kun lokal behandling<\/strong>: Den visuelle behandling af dine data foreg\u00e5r udelukkende i dit Power BI-milj\u00f8<\/li>\n<li><strong>Ingen dataoverf\u00f8rsel til LeapLytics<\/strong>: Ingen data fra det visuelle overf\u00f8res til LeapLytics GmbH's servere eller systemer.<\/li>\n<li><strong>Kun Microsofts infrastruktur<\/strong>: Al behandling sker p\u00e5 Microsofts Power BI-infrastruktur<\/li>\n<li><strong>Fuldst\u00e6ndig uafh\u00e6ngighed af data<\/strong>: LeapLytics GmbH modtager, tilg\u00e5r eller gemmer ikke data fra din brug af den visuelle side.<\/li>\n<\/ol>\n<h3 id=\"data-processing-scope\">Databehandlingens omfang<\/h3>\n<p><strong>Vigtig afklaring<\/strong>: LeapLytics GmbH behandler ikke nogen data fra selve Power BI-visualet. Billedet fungerer uafh\u00e6ngigt i dit Power BI-milj\u00f8, og vi har ingen adgang til det:<\/p>\n<ul>\n<li>Dine finansielle data (v\u00e6rdier, kategorier, sammenligninger, afvigelser)<\/li>\n<li>Visuelle konfigurationsindstillinger (farver, formatering, diagramtilstande, layoutmuligheder)<\/li>\n<li>Brugsm\u00f8nstre eller analyser<\/li>\n<li>Alle oplysninger om din brug af det visuelle<\/li>\n<\/ul>\n<h3 id=\"legal-basis-for-visual-operation\">Juridisk grundlag for visuel betjening<\/h3>\n<p>Den visuelle funktion fungerer under din eksisterende Microsoft Power BI-licens og servicevilk\u00e5r. LeapLytics GmbH behandler ikke nogen personlige data gennem selve den visuelle funktionalitet.<\/p>\n<h2 id=\"microsoft-power-bi-integration\">Microsoft Power BI-integration<\/h2>\n<h3 id=\"data-processing-by-microsoft-only\">Kun databehandling af Microsoft<\/h3>\n<p>N\u00e5r du bruger vores visual i Power BI:<\/p>\n<ul>\n<li><strong>Microsoft Corporation<\/strong> behandler alle data gennem deres Power BI-tjeneste i henhold til deres privatlivspolitik<\/li>\n<li><strong>LeapLytics GmbH<\/strong> leverer kun den visuelle softwarekomponent og behandler ikke nogen brugerdata<\/li>\n<li>Al databehandling er udelukkende reguleret af Microsofts privatlivspolitik for den visuelle funktionalitet.<\/li>\n<\/ul>\n<h3 id=\"microsoft-s-sole-role-in-data-processing\">Microsofts eneste rolle i databehandling<\/h3>\n<p>For information om, hvordan Microsoft behandler dine data i Power BI, se venligst:<\/p>\n<ul>\n<li>Microsofts erkl\u00e6ring om beskyttelse af personlige oplysninger: <a href=\"https:\/\/privacy.microsoft.com\/privacystatement\">https:\/\/privacy.microsoft.com\/privacystatement<\/a><\/li>\n<li>Microsoft Power BI Privacy: <a href=\"https:\/\/powerbi.microsoft.com\/privacy\/\">https:\/\/powerbi.microsoft.com\/privacy\/<\/a><\/li>\n<\/ul>\n<p><strong>Bem\u00e6rk<\/strong>: LeapLytics GmbH er ikke involveret i nogen databehandling i forbindelse med din brug af Power BI visual.<\/p>\n<h2 id=\"website-and-support-services\">Hjemmeside og supporttjenester<\/h2>\n<h3 id=\"collection-of-general-data-and-information\">Indsamling af generelle data og oplysninger<\/h3>\n<p>Vores hjemmeside indsamler en r\u00e6kke generelle data og oplysninger, n\u00e5r en registreret eller et automatiseret system bes\u00f8ger hjemmesiden. Disse generelle data og oplysninger gemmes i serverens logfiler. Indsamlet kan v\u00e6re (1) de anvendte browsertyper og -versioner, (2) det operativsystem, der anvendes af det adgangsgivende system, (3) det websted, hvorfra et adgangsgivende system n\u00e5r vores websted (s\u00e5kaldte henvisninger), (4) underwebsteder, (5) dato og tidspunkt for adgang til webstedet, (6) en internetprotokoladresse (IP-adresse), (7) det adgangsgivende systems internetudbyder og (8) alle andre lignende data og oplysninger, der kan bruges i tilf\u00e6lde af angreb p\u00e5 vores informationsteknologisystemer.<\/p>\n<p>Ved brug af disse generelle data og oplysninger drager LeapLytics GmbH ingen konklusioner om den registrerede. Snarere er disse oplysninger n\u00f8dvendige for at (1) levere indholdet af vores websted korrekt, (2) optimere indholdet af vores websted s\u00e5vel som dets reklame, (3) sikre den langsigtede levedygtighed af vores informationsteknologisystemer og webstedsteknologi og (4) give retsh\u00e5ndh\u00e6vende myndigheder de n\u00f8dvendige oplysninger til strafferetlig forf\u00f8lgelse i tilf\u00e6lde af et cyberangreb.<\/p>\n<h3 id=\"contact-possibility-via-the-website\">Mulighed for kontakt via hjemmesiden<\/h3>\n<p>Vores hjemmeside indeholder oplysninger, der muligg\u00f8r en hurtig elektronisk kontakt til vores virksomhed samt direkte kommunikation med os, hvilket ogs\u00e5 inkluderer en generel adresse p\u00e5 den s\u00e5kaldte elektroniske post (e-mail-adresse). Hvis en registreret person kontakter den dataansvarlige via e-mail eller via en kontaktformular, gemmes de personoplysninger, der overf\u00f8res af den registrerede, automatisk. S\u00e5danne personoplysninger, der overf\u00f8res frivilligt af en registreret til den dataansvarlige, gemmes med henblik p\u00e5 at behandle eller kontakte den registrerede. Der sker ingen overf\u00f8rsel af disse personoplysninger til tredjeparter.<\/p>\n<h2 id=\"hosting\">Hosting<\/h2>\n<p>De hostingtjenester, vi bruger, tjener til levering af f\u00f8lgende tjenester: Infrastruktur- og platformstjenester, computerkapacitet, lagerplads og databasetjenester, sikkerhedstjenester samt tekniske vedligeholdelsestjenester, som vi bruger med henblik p\u00e5 at drive vores onlinetjenester.<\/p>\n<p>Vi eller vores hostingudbyder behandler lagerdata, kontaktdata, indholdsdata, kontraktdata, brugsdata, metadata og kommunikationsdata for kunder, interesserede parter og bes\u00f8gende p\u00e5 vores onlinetjenester p\u00e5 grundlag af vores legitime interesser i en effektiv og sikker levering af disse tjenester i overensstemmelse med art. 6 Para. 1 lit. f GDPR i.V.m. Art. 28 GDPR (indg\u00e5else af en kontrakt om behandling af ordrer).<\/p>\n<h2 id=\"no-data-collection-from-visual\">Ingen dataindsamling fra Visual<\/h2>\n<p>LeapLytics GmbH indsamler ikke, modtager ikke og har ikke adgang til nogen data gennem Power BI visual, herunder:<\/p>\n<ul>\n<li>Ingen brugsanalyse eller telemetridata<\/li>\n<li>Ingen oplysninger om brugeradf\u00e6rd  <\/li>\n<li>Ingen pr\u00e6stationsm\u00e5linger eller diagnostiske data<\/li>\n<li>Ingen finansielle data (v\u00e6rdier, kategorier, afvigelser, sammenligninger, budgetter)<\/li>\n<li>Ingen visuelle konfigurationsindstillinger (farver, formatering, diagramtilstande, layoutpr\u00e6ferencer)<\/li>\n<li>Ingen information om visuelle brugsm\u00f8nstre<\/li>\n<\/ul>\n<p>Det visuelle fungerer som en helt uafh\u00e6ngig softwarekomponent i dit Power BI-milj\u00f8. Alle data forbliver inden for Microsofts Power BI-infrastruktur og overf\u00f8res aldrig til LeapLytics GmbH.<\/p>\n<h2 id=\"routine-erasure-and-blocking-of-personal-data\">Rutinem\u00e6ssig sletning og blokering af persondata<\/h2>\n<p>Den dataansvarlige m\u00e5 kun behandle og opbevare den registreredes personoplysninger i den periode, der er n\u00f8dvendig for at opfylde form\u00e5let med opbevaringen, eller i det omfang dette er tilladt af den europ\u00e6iske lovgiver eller andre lovgivere i love eller bestemmelser, som den dataansvarlige er underlagt.<\/p>\n<p>Hvis opbevaringsform\u00e5let ikke er relevant, eller hvis en opbevaringsperiode, der er foreskrevet af den europ\u00e6iske lovgiver eller en anden kompetent lovgiver, udl\u00f8ber, blokeres eller slettes personoplysningerne rutinem\u00e6ssigt i overensstemmelse med lovkrav.<\/p>\n<h2 id=\"rights-of-the-data-subject\">Den registreredes rettigheder<\/h2>\n<h3 id=\"a-right-of-confirmation\">a) Ret til bekr\u00e6ftelse<\/h3>\n<p>Enhver registreret har ret til, i henhold til den europ\u00e6iske lovgiver, at f\u00e5 den dataansvarliges bekr\u00e6ftelse p\u00e5, om personoplysninger vedr\u00f8rende ham eller hende behandles eller ej. Hvis en registreret \u00f8nsker at benytte sig af denne ret til bekr\u00e6ftelse, kan han eller hun til enhver tid kontakte en hvilken som helst medarbejder hos den dataansvarlige.<\/p>\n<h3 id=\"b-right-of-access\">b) Ret til adgang<\/h3>\n<p>Hver registreret har ret til at f\u00e5 gratis information fra den dataansvarlige om hans eller hendes personlige data, der er gemt til enhver tid, og en kopi af denne information. Desuden giver de europ\u00e6iske direktiver og forordninger den registrerede adgang til f\u00f8lgende oplysninger:<\/p>\n<ul>\n<li>form\u00e5lene med behandlingen;<\/li>\n<li>de ber\u00f8rte kategorier af personoplysninger;<\/li>\n<li>de modtagere eller kategorier af modtagere, som personoplysningerne er blevet eller vil blive videregivet til;<\/li>\n<li>hvis det er muligt, den p\u00e5t\u00e6nkte periode, hvor personoplysningerne vil blive opbevaret;<\/li>\n<li>eksistensen af retten til at anmode om berigtigelse eller sletning af personoplysninger;<\/li>\n<li>eksistensen af retten til at indgive en klage til en tilsynsmyndighed;<\/li>\n<li>hvis personoplysningerne ikke er indsamlet fra den registrerede, alle tilg\u00e6ngelige oplysninger om deres kilde;<\/li>\n<li>forekomsten af automatiseret beslutningstagning, herunder profilering<\/li>\n<\/ul>\n<h3 id=\"c-right-to-rectification\">c) Ret til berigtigelse<\/h3>\n<p>Hver registreret har ret til, i henhold til EU-lovgivningen, uden un\u00f8dig forsinkelse at f\u00e5 urigtige personoplysninger om sig selv berigtiget af den dataansvarlige. Under hensyntagen til form\u00e5let med behandlingen skal den registrerede have ret til at f\u00e5 ufuldst\u00e6ndige personoplysninger suppleret, herunder ved at give en supplerende erkl\u00e6ring.<\/p>\n<h3 id=\"d-right-to-erasure-right-to-be-forgotten-\">d) Ret til sletning (ret til at blive glemt)<\/h3>\n<p>Hver registreret har ret til at f\u00e5 personoplysninger om sig selv slettet af den dataansvarlige uden un\u00f8dig forsinkelse, og den dataansvarlige er forpligtet til at slette personoplysninger uden un\u00f8dig forsinkelse, hvis en af f\u00f8lgende grunde g\u00f8r sig g\u00e6ldende, s\u00e5 l\u00e6nge behandlingen ikke er n\u00f8dvendig:<\/p>\n<ul>\n<li>Personoplysningerne er ikke l\u00e6ngere n\u00f8dvendige i forhold til de form\u00e5l, hvortil de blev indsamlet eller p\u00e5 anden m\u00e5de behandlet.<\/li>\n<li>Den registrerede tr\u00e6kker sit samtykke tilbage, og hvis der ikke er nogen anden juridisk grund til behandlingen.<\/li>\n<li>Den registrerede g\u00f8r indsigelse mod behandlingen, og der er ingen tvingende legitime grunde til behandlingen.<\/li>\n<li>Personoplysningerne er blevet behandlet ulovligt.<\/li>\n<li>Personoplysningerne skal slettes for at overholde en juridisk forpligtelse.<\/li>\n<\/ul>\n<h3 id=\"e-right-of-restriction-of-processing\">e) Ret til begr\u00e6nsning af behandling<\/h3>\n<p>Hver registreret har ret til at f\u00e5 den dataansvarlige til at begr\u00e6nse behandlingen, hvis et af f\u00f8lgende forhold g\u00f8r sig g\u00e6ldende:<\/p>\n<ul>\n<li>N\u00f8jagtigheden af personoplysningerne bestrides af den registrerede.<\/li>\n<li>Behandlingen er ulovlig, og den registrerede mods\u00e6tter sig sletning af personoplysningerne og anmoder i stedet om begr\u00e6nsning af brugen af dem.<\/li>\n<li>Den dataansvarlige har ikke l\u00e6ngere brug for personoplysningerne til form\u00e5let med behandlingen, men de kr\u00e6ves af den registrerede til juridiske krav.<\/li>\n<\/ul>\n<h3 id=\"f-right-to-data-portability\">f) Ret til dataportabilitet<\/h3>\n<p>Hver registreret har ret til at modtage de personoplysninger, der vedr\u00f8rer ham eller hende, og som er givet til en dataansvarlig, i et struktureret, almindeligt anvendt og maskinl\u00e6sbart format og til at transmittere disse oplysninger til en anden dataansvarlig uden hindring.<\/p>\n<h3 id=\"g-right-to-object\">g) Ret til at g\u00f8re indsigelse<\/h3>\n<p>Hver registreret har ret til, af grunde, der vedr\u00f8rer hans eller hendes s\u00e6rlige situation, til enhver tid at g\u00f8re indsigelse mod behandling af personoplysninger om ham eller hende, som er baseret p\u00e5 artikel 6, stk. 1, litra e) eller f), i GDPR.<\/p>\n<p>LeapLytics GmbH skal ikke l\u00e6ngere behandle personoplysningerne i tilf\u00e6lde af indsigelse, medmindre vi kan p\u00e5vise tvingende legitime grunde til behandlingen, som tilsides\u00e6tter den registreredes interesser, rettigheder og friheder.<\/p>\n<h3 id=\"h-right-to-withdraw-data-protection-consent\">h) Ret til at tr\u00e6kke samtykke til databeskyttelse tilbage<\/h3>\n<p>Hver registreret skal have ret til at tr\u00e6kke sit samtykke til behandling af hans eller hendes personoplysninger tilbage til enhver tid.<\/p>\n<p>Hvis den registrerede \u00f8nsker at ud\u00f8ve retten til at tr\u00e6kke sit samtykke tilbage, kan han eller hun til enhver tid kontakte en medarbejder hos LeapLytics GmbH.<\/p>\n<h2 id=\"legal-basis-for-the-processing\">Juridisk grundlag for behandlingen<\/h2>\n<p><strong>Vigtigt<\/strong>: F\u00f8lgende retsgrundlag g\u00e6lder kun for vores websted og supporttjenester, da LeapLytics GmbH ikke behandler nogen personlige data gennem selve Power BI-visualet.<\/p>\n<p>Art. 6(1) lit. a GDPR tjener som retsgrundlag for behandlingsaktiviteter, hvortil vi indhenter samtykke til et specifikt behandlingsform\u00e5l. Hvis behandlingen af personoplysninger er n\u00f8dvendig for udf\u00f8relsen af en kontrakt, som den registrerede er part i, som det er tilf\u00e6ldet med foresp\u00f8rgsler vedr\u00f8rende vores produkter eller tjenester, er behandlingen baseret p\u00e5 artikel 6, stk. 1, litra b, i GDPR. Det samme g\u00e6lder for s\u00e5danne behandlinger, der er n\u00f8dvendige for at gennemf\u00f8re foranstaltninger forud for kontraktindg\u00e5else, f.eks. i tilf\u00e6lde af foresp\u00f8rgsler vedr\u00f8rende vores produkter eller tjenester. <\/p>\n<p>Endelig kan behandlingen v\u00e6re baseret p\u00e5 artikel 6, stk. 1, litra f, i GDPR. Dette retsgrundlag anvendes til behandlingsaktiviteter, der ikke er omfattet af nogen af de ovenn\u00e6vnte retsgrundlag, hvis behandlingen er n\u00f8dvendig med henblik p\u00e5 de legitime interesser, der forf\u00f8lges af vores virksomhed eller af en tredjepart, undtagen hvor s\u00e5danne interesser tilsides\u00e6ttes af den registreredes interesser eller grundl\u00e6ggende rettigheder og friheder, som kr\u00e6ver beskyttelse af personoplysninger.<\/p>\n<h2 id=\"the-legitimate-interests-pursued-by-the-controller\">De legitime interesser, der forf\u00f8lges af den dataansvarlige<\/h2>\n<p><strong>Bem\u00e6rk<\/strong>: Dette afsnit g\u00e6lder kun for vores websted og supporttjenester, da vi ikke behandler nogen personlige data gennem selve Power BI-visualet.<\/p>\n<p>N\u00e5r behandlingen af personoplysninger er baseret p\u00e5 artikel 6, stk. 1, litra f, i GDPR, er vores legitime interesse at:<\/p>\n<ul>\n<li>Give kundesupport og teknisk assistance via vores hjemmeside og supportkanaler<\/li>\n<li>Udf\u00f8re vores forretning til fordel for alle vores medarbejderes og aktion\u00e6rers velbefindende<\/li>\n<\/ul>\n<h2 id=\"period-for-which-personal-data-will-be-stored\">Periode, hvor persondata vil blive opbevaret<\/h2>\n<p><strong>Til Power BI Visual<\/strong>: LeapLytics GmbH gemmer ikke nogen personlige data relateret til din brug af Power BI-visualet, da vi ikke modtager eller indsamler nogen data fra visualet.<\/p>\n<p><strong>Kun for website- og supporttjenester<\/strong>: Hvis du kontakter os via vores websted eller supportkanaler, er de kriterier, der bruges til at bestemme opbevaringsperioden for personoplysninger, den respektive lovbestemte opbevaringsperiode. Efter udl\u00f8bet af denne periode slettes de tilsvarende data rutinem\u00e6ssigt, s\u00e5 l\u00e6nge de ikke l\u00e6ngere er n\u00f8dvendige for opfyldelsen af kontrakten eller indledningen af en kontrakt.<\/p>\n<h2 id=\"existence-of-automated-decision-making\">Eksistensen af automatiseret beslutningstagning<\/h2>\n<p>Som en ansvarlig virksomhed bruger vi ikke automatisk beslutningstagning eller profilering i vores Power BI visual eller relaterede tjenester.<\/p>\n<h2 id=\"third-party-services\">Tredjeparts tjenester<\/h2>\n<h3 id=\"microsoft-power-bi-platform\">Microsoft Power BI-platform<\/h3>\n<p>Vores visualisering fungerer inden for Microsoft Power BI. Se venligst Microsofts privatlivspolitik for at f\u00e5 oplysninger om deres databehandlingspraksis:<\/p>\n<ul>\n<li>Microsofts erkl\u00e6ring om beskyttelse af personlige oplysninger: <a href=\"https:\/\/privacy.microsoft.com\/privacystatement\">https:\/\/privacy.microsoft.com\/privacystatement<\/a><\/li>\n<\/ul>\n<p><strong>Bem\u00e6rk<\/strong>: Vores visualisering integreres ikke med nogen tredjepartsanalyse eller dataindsamlingstjenester ud over selve Microsoft Power BI-platformen.<\/p>\n<h2 id=\"contact-information-for-privacy-matters\">Kontaktoplysninger til Privacy Matters<\/h2>\n<p>Hvis du har sp\u00f8rgsm\u00e5l til denne privatlivspolitik eller behandlingen af dine personoplysninger, bedes du kontakte os:<\/p>\n<p><strong>LeapLytics GmbH<\/strong><br \/>Databeskyttelsesr\u00e5dgiver<br \/>Teutonenweg 18<br \/>63128 Dietzenbach<br \/>Tyskland  <\/p>\n<p>E-mail: info@leaplytics.de<\/p>\n<h2 id=\"changes-to-this-privacy-policy\">\u00c6ndringer af denne privatlivspolitik<\/h2>\n<p>Vi forbeholder os ret til at opdatere denne privatlivspolitik for at afspejle \u00e6ndringer i vores databehandlingspraksis eller juridiske krav. Vi vil underrette brugerne om v\u00e6sentlige \u00e6ndringer via passende kanaler.<\/p>\n<h2 id=\"supervisory-authority\">Tilsynsmyndighed<\/h2>\n<p>Du har ret til at indgive en klage til en tilsynsmyndighed, is\u00e6r i den medlemsstat, hvor du har dit s\u00e6dvanlige opholdssted, dit arbejdssted eller stedet for den p\u00e5st\u00e5ede overtr\u00e6delse, hvis du mener, at behandlingen af personoplysninger vedr\u00f8rende dig overtr\u00e6der GDPR.<\/p>\n<h2 id=\"summary-complete-data-independence\">Resum\u00e9: Fuldst\u00e6ndig uafh\u00e6ngighed af data<\/h2>\n<p><strong>Power BI Visuel<\/strong>: Vores Leaplytics Matrix Table Power BI Visual fungerer med fuldst\u00e6ndig datauafh\u00e6ngighed. LeapLytics GmbH modtager, indsamler, gemmer, tilg\u00e5r eller behandler ingen data gennem det visuelle. Al databehandling sker i dit Power BI-milj\u00f8 i henhold til Microsofts privatlivspolitik.<\/p>\n<p><strong>Kun hjemmeside\/support<\/strong>: Denne privatlivspolitik omhandler prim\u00e6rt databehandling, der kan forekomme, hvis du kontakter os via vores websted eller supportkanaler - ikke via selve det visuelle.<\/p>\n<hr>\n<p><em>Denne fortrolighedspolitik blev sidst opdateret den 11.02.2026 og g\u00e6lder for Leaplytics Matrix Table Power BI Visual og tilknyttede tjenester, der leveres af LeapLytics GmbH.<\/em><\/p>","protected":false},"excerpt":{"rendered":"<p>As of: 11.02.2026 We are very delighted that you have shown interest in our Leaplytics Matrix Table Power BI Visual. Data protection is of a particularly high priority for the management of LeapLytics GmbH. Complete Data Independence: Our Power BI visual operates completely independently within your Power BI environment. We do not receive, collect, store, &hellip; <\/p>","protected":false},"author":2,"featured_media":0,"parent":0,"menu_order":0,"comment_status":"closed","ping_status":"closed","template":"","meta":{"footnotes":""},"class_list":["post-14565","page","type-page","status-publish","hentry","latest_post"],"_links":{"self":[{"href":"https:\/\/www.leaplytics.de\/da\/wp-json\/wp\/v2\/pages\/14565","targetHints":{"allow":["GET"]}}],"collection":[{"href":"https:\/\/www.leaplytics.de\/da\/wp-json\/wp\/v2\/pages"}],"about":[{"href":"https:\/\/www.leaplytics.de\/da\/wp-json\/wp\/v2\/types\/page"}],"author":[{"embeddable":true,"href":"https:\/\/www.leaplytics.de\/da\/wp-json\/wp\/v2\/users\/2"}],"replies":[{"embeddable":true,"href":"https:\/\/www.leaplytics.de\/da\/wp-json\/wp\/v2\/comments?post=14565"}],"version-history":[{"count":1,"href":"https:\/\/www.leaplytics.de\/da\/wp-json\/wp\/v2\/pages\/14565\/revisions"}],"predecessor-version":[{"id":14567,"href":"https:\/\/www.leaplytics.de\/da\/wp-json\/wp\/v2\/pages\/14565\/revisions\/14567"}],"wp:attachment":[{"href":"https:\/\/www.leaplytics.de\/da\/wp-json\/wp\/v2\/media?parent=14565"}],"curies":[{"name":"wp","href":"https:\/\/api.w.org\/{rel}","templated":true}]}}