{"id":1785,"date":"2021-04-30T00:16:19","date_gmt":"2021-04-29T22:16:19","guid":{"rendered":"https:\/\/www.leaplytics.de\/?page_id=1785"},"modified":"2024-10-29T13:47:21","modified_gmt":"2024-10-29T12:47:21","slug":"projektstyringssuite-til-qliksense","status":"publish","type":"page","link":"https:\/\/www.leaplytics.de\/da\/forside\/qlik-sense-udvidelser\/projektstyringssuite-til-qliksense\/","title":{"rendered":"Projektstyringssuite til Qlik Sense"},"content":{"rendered":"<p>Slip af med utilstr\u00e6kkeligt og umodent patchwork til projektstyring i Qlik Sense med LeapLytics Project Management Suite!<\/p>\n\n\n\n<p>Project Management Suite for Qlik Sense indeholder alt, hvad du beh\u00f8ver for at skabe en omfattende statusrapportering for projektledelse. Den indeholder 3 unikke kernevisualiseringer: Trafiklys, risikomatrix og tidslinje. Derudover f\u00e5r du de n\u00f8dvendige add-ons til at designe dit projektledelsesdashboard. Udvidelserne viser h\u00f8j ydeevne, h\u00f8j grad af modenhed og brugervenlighed samt fleksibilitet til at passe til dine individuelle behov.<\/p>\n\n\n\n<p>Suiten indeholder relevante Add-Ons, der virkelig forbedrer oprettelsen af et projektledelsesdashboard. Divider Strokes kan strukturere dashboardet i omr\u00e5der for at guide brugeren med maksimal ydeevne. Maturity Viewer giver mere klarhed over projektets stadier eller faser. Company Logo Extension overf\u00f8rer dit individuelle firmalogo til et brugbart QlikSense-objekt. Konverteringen af dit logo er gratis.<\/p>\n\n\n\n<p>Suiten kommer ogs\u00e5 med en brugervenlig bundling-integration, s\u00e5 man kan se projektstyringsudvidelserne p\u00e5 et \u00f8jeblik. Udvidelserne viser en harmoniseret brugervejledning gennem indstillingerne samt en intuitiv h\u00e5ndtering uden kodningserfaring. Den omfattende dokumentation med forretningsrelaterede use cases supplerer brugervenligheden. Hyppige og solide udgivelser holder din use case opdateret.<\/p>\n\n\n\n<h3 class=\"wp-block-heading\">Indhold i Project Management Suite til Qlik Sense<\/h3>\n\n\n\n<p>\u00c5bn den officielle dokumentation ved at klikke p\u00e5 billedet. <\/p>\n\n\n\n<div class=\"wp-block-columns is-layout-flex wp-container-core-columns-is-layout-1 wp-block-columns-is-layout-flex\">\n<div class=\"wp-block-column is-layout-flow wp-block-column-is-layout-flow\">\n<h4 class=\"wp-block-heading\"><strong>Trafiklys<\/strong><\/h4>\n<\/div>\n\n\n\n<div class=\"wp-block-column is-layout-flow wp-block-column-is-layout-flow\">\n<h4 class=\"wp-block-heading\"><strong>Heatmap over risiko<\/strong><\/h4>\n<\/div>\n\n\n\n<div class=\"wp-block-column is-layout-flow wp-block-column-is-layout-flow\">\n<h4 class=\"wp-block-heading\"><strong>Tidslinje<\/strong><\/h4>\n<\/div>\n\n\n\n<div class=\"wp-block-column is-layout-flow wp-block-column-is-layout-flow\">\n<h4 class=\"wp-block-heading\"><strong>Acceleratorer<\/strong><\/h4>\n<\/div>\n<\/div>\n\n\n\n<div class=\"wp-block-columns is-layout-flex wp-container-core-columns-is-layout-2 wp-block-columns-is-layout-flex\">\n<div class=\"wp-block-column is-layout-flow wp-block-column-is-layout-flow\">\n<figure class=\"wp-block-image size-full\"><img loading=\"lazy\" decoding=\"async\" width=\"287\" height=\"300\" src=\"https:\/\/www.leaplytics.de\/wp-content\/uploads\/2021\/11\/TrafficLight300pixel.png\" alt=\"\" class=\"wp-image-2361\" title=\"Projektledelsespakke Trafiklys\" srcset=\"https:\/\/www.leaplytics.de\/wp-content\/uploads\/2021\/11\/TrafficLight300pixel.png 287w, https:\/\/www.leaplytics.de\/wp-content\/uploads\/2021\/11\/TrafficLight300pixel-57x60.png 57w\" sizes=\"auto, (max-width: 287px) 100vw, 287px\" \/><\/figure>\n<\/div>\n\n\n\n<div class=\"wp-block-column is-layout-flow wp-block-column-is-layout-flow\">\n<figure class=\"wp-block-image size-full\"><img loading=\"lazy\" decoding=\"async\" width=\"287\" height=\"300\" src=\"https:\/\/www.leaplytics.de\/wp-content\/uploads\/2021\/11\/RiskHeatmap-Kasten-Blau_300pixel.png\" alt=\"\" class=\"wp-image-2363\" title=\"Project Management Suite Risk Heatmap\" srcset=\"https:\/\/www.leaplytics.de\/wp-content\/uploads\/2021\/11\/RiskHeatmap-Kasten-Blau_300pixel.png 287w, https:\/\/www.leaplytics.de\/wp-content\/uploads\/2021\/11\/RiskHeatmap-Kasten-Blau_300pixel-57x60.png 57w\" sizes=\"auto, (max-width: 287px) 100vw, 287px\" \/><\/figure>\n<\/div>\n\n\n\n<div class=\"wp-block-column is-vertically-aligned-center is-layout-flow wp-block-column-is-layout-flow\"><div class=\"wp-block-image\">\n<figure class=\"aligncenter size-full\"><img loading=\"lazy\" decoding=\"async\" width=\"287\" height=\"300\" src=\"https:\/\/www.leaplytics.de\/wp-content\/uploads\/2021\/11\/TIMELINE_300pixel.png\" alt=\"\" class=\"wp-image-2364\" title=\"Project Management Suite Milestone View\" srcset=\"https:\/\/www.leaplytics.de\/wp-content\/uploads\/2021\/11\/TIMELINE_300pixel.png 287w, https:\/\/www.leaplytics.de\/wp-content\/uploads\/2021\/11\/TIMELINE_300pixel-57x60.png 57w\" sizes=\"auto, (max-width: 287px) 100vw, 287px\" \/><\/figure><\/div><\/div>\n\n\n\n<div class=\"wp-block-column is-layout-flow wp-block-column-is-layout-flow\">\n<figure class=\"wp-block-image size-full\"><img loading=\"lazy\" decoding=\"async\" width=\"567\" height=\"593\" src=\"https:\/\/www.leaplytics.de\/wp-content\/uploads\/2021\/11\/Accelerators_1_300pixel.png\" alt=\"\" class=\"wp-image-2365\" title=\"Project Management Suite Accelerator\" srcset=\"https:\/\/www.leaplytics.de\/wp-content\/uploads\/2021\/11\/Accelerators_1_300pixel.png 567w, https:\/\/www.leaplytics.de\/wp-content\/uploads\/2021\/11\/Accelerators_1_300pixel-287x300.png 287w, https:\/\/www.leaplytics.de\/wp-content\/uploads\/2021\/11\/Accelerators_1_300pixel-57x60.png 57w\" sizes=\"auto, (max-width: 567px) 100vw, 567px\" \/><\/figure>\n<\/div>\n<\/div>\n\n\n\n<div class=\"wp-block-columns is-layout-flex wp-container-core-columns-is-layout-3 wp-block-columns-is-layout-flex\">\n<div class=\"wp-block-column is-layout-flow wp-block-column-is-layout-flow\">\n<h6 class=\"wp-block-heading\">Ryd statusindikation<\/h6>\n\n\n\n<h6 class=\"wp-block-heading\">Fleksible serier til alle typer enheder<\/h6>\n\n\n\n<h6 class=\"wp-block-heading\">Individuelt udseende og nem brug<\/h6>\n<\/div>\n\n\n\n<div class=\"wp-block-column is-layout-flow wp-block-column-is-layout-flow\">\n<h6 class=\"wp-block-heading\">Komplette risikoprofiler<\/h6>\n\n\n\n<h6 class=\"wp-block-heading\">Stabilt og enkelt gitter til 2 kategorier<\/h6>\n\n\n\n<h6 class=\"wp-block-heading\">Forskellige s\u00e6t af felter og farvekodning<\/h6>\n<\/div>\n\n\n\n<div class=\"wp-block-column is-layout-flow wp-block-column-is-layout-flow\">\n<h6 class=\"wp-block-heading\">Tidsskaleret milep\u00e6lsvisning<\/h6>\n\n\n\n<h6 class=\"wp-block-heading\">Automatisk skalering af tidslinjen med start og slut<\/h6>\n\n\n\n<h6 class=\"wp-block-heading\">Fleksible beskrivelser og afvigende farver<\/h6>\n<\/div>\n\n\n\n<div class=\"wp-block-column is-layout-flow wp-block-column-is-layout-flow\">\n<h6 class=\"wp-block-heading\">Performante add-ons<\/h6>\n\n\n\n<h6 class=\"wp-block-heading\">Individuelt firmalogo<\/h6>\n\n\n\n<h6 class=\"wp-block-heading\">Maturity view for mange use cases<\/h6>\n<\/div>\n<\/div>\n\n\n\n<hr class=\"wp-block-separator has-css-opacity\"\/>\n\n\n\n<p>Tilmeld dig her for at modtage eksklusive opdateringer og udgivelser: <a href=\"https:\/\/www.leaplytics.de\/da\/abonner_produkt\/\"><strong>Abonnement<\/strong><\/a><\/p>\n\n\n\n<div class=\"wp-block-columns are-vertically-aligned-center is-layout-flex wp-container-core-columns-is-layout-4 wp-block-columns-is-layout-flex\">\n<div class=\"wp-block-column is-vertically-aligned-center is-layout-flow wp-block-column-is-layout-flow\" style=\"flex-basis:100%\">\n<p><\/p>\n<\/div>\n<\/div>\n\n\n\n<p><\/p>","protected":false},"excerpt":{"rendered":"<p>F\u00e5 et skarpt visuelt overblik over dine risikoprofiler med Risk Heatmap til QilkSense! Udvidelsen er bygget til at visualisere profiler, der m\u00e5les i en matrix med to KPI'er og forskellige kategorier. Den er i stand til at visualisere flere indikatorer (op til 4 i den gratis version) pr. felt. Forskellige indstillinger som et let skift mellem en 3\u00d73- og 5\u00d75-felt-matrix, ramme- og tekstindstillinger tilpasser denne udvidelse til dine rapporteringsbehov. <\/p>\n<p>Denne udvidelse kan ogs\u00e5 bruges til at overv\u00e5ge og angive t\u00e6rskler for alle typer fysiske m\u00e5l, kvalitetsindikatorer og afvigelser i almindelighed. Dermed kan den anvendes til en lang r\u00e6kke anvendelser, der forekommer i forskellige virksomheder.<\/p>","protected":false},"author":1,"featured_media":0,"parent":227,"menu_order":1,"comment_status":"closed","ping_status":"closed","template":"","meta":{"footnotes":""},"class_list":["post-1785","page","type-page","status-publish","hentry","latest_post"],"_links":{"self":[{"href":"https:\/\/www.leaplytics.de\/da\/wp-json\/wp\/v2\/pages\/1785","targetHints":{"allow":["GET"]}}],"collection":[{"href":"https:\/\/www.leaplytics.de\/da\/wp-json\/wp\/v2\/pages"}],"about":[{"href":"https:\/\/www.leaplytics.de\/da\/wp-json\/wp\/v2\/types\/page"}],"author":[{"embeddable":true,"href":"https:\/\/www.leaplytics.de\/da\/wp-json\/wp\/v2\/users\/1"}],"replies":[{"embeddable":true,"href":"https:\/\/www.leaplytics.de\/da\/wp-json\/wp\/v2\/comments?post=1785"}],"version-history":[{"count":3,"href":"https:\/\/www.leaplytics.de\/da\/wp-json\/wp\/v2\/pages\/1785\/revisions"}],"predecessor-version":[{"id":13665,"href":"https:\/\/www.leaplytics.de\/da\/wp-json\/wp\/v2\/pages\/1785\/revisions\/13665"}],"up":[{"embeddable":true,"href":"https:\/\/www.leaplytics.de\/da\/wp-json\/wp\/v2\/pages\/227"}],"wp:attachment":[{"href":"https:\/\/www.leaplytics.de\/da\/wp-json\/wp\/v2\/media?parent=1785"}],"curies":[{"name":"wp","href":"https:\/\/api.w.org\/{rel}","templated":true}]}}