{"id":23,"date":"2020-10-13T23:19:51","date_gmt":"2020-10-13T21:19:51","guid":{"rendered":"https:\/\/www.blytics.de\/?page_id=23"},"modified":"2025-04-15T20:00:36","modified_gmt":"2025-04-15T18:00:36","slug":"om","status":"publish","type":"page","link":"https:\/\/www.leaplytics.de\/da\/om\/","title":{"rendered":"Oprindelsen af LeapLytics"},"content":{"rendered":"<p>Dette er en historie om to venner fra Frankfurt i Tyskland. Det var i \u00e5r 2020. Vi havde arbejdet i flere projektroller som f.eks. projektleder, strategisk og operativ PMO. Og vi inds\u00e5, at der ikke fandtes en reel projektledelsesrapporterings- og analysel\u00f8sning, der passede til behovene i flere projektledelsesroller. Derfor begyndte vi at springe over projektledelse med friske ideer til analytiske l\u00f8sninger.<\/p>\n\n\n\n<p>Vi etablerede LeapLytics med en vision om at bringe projektledelsesrelaterede analyser til live. Fra begyndelsen var det klart, at en integreret rapportering ikke kunne leveres med en enkeltst\u00e5ende rapporteringsl\u00f8sning, men snarere med en integreret tilgang. Projektrapportering skulle v\u00e6re mulig med allerede eksisterende l\u00f8sninger i virksomheder og koncerner.<\/p>\n\n\n\n<p>I dag st\u00e5r LeapLytics for friske og innovative rapporteringsl\u00f8sninger, der passer til forskellige integrationsniveauer: fra udvidelser, der skal integreres i dine dashboards, over hyldevarer og f\u00e6rdige dashboards til bestemte brugsscenarier til individuel r\u00e5dgivning om rapportering og datamodellering.<\/p>\n\n\n\n<p>Som grundl\u00e6ggere er vi ivrige efter at levere professionelle rapporteringsl\u00f8sninger inden for deres produkter og konsulenttilgang.<\/p>\n\n\n\n<figure class=\"wp-block-gallery has-nested-images columns-default is-cropped wp-block-gallery-1 is-layout-flex wp-block-gallery-is-layout-flex\">\n<figure class=\"wp-block-image size-large\"><a href=\"https:\/\/www.linkedin.com\/in\/stefanpreusler\/\"><img loading=\"lazy\" decoding=\"async\" width=\"768\" height=\"1024\" data-id=\"480\" src=\"https:\/\/www.leaplytics.de\/wp-content\/uploads\/2020\/11\/stefan-v2-2-768x1024.jpeg\" alt=\"\" class=\"wp-image-480\" srcset=\"https:\/\/www.leaplytics.de\/wp-content\/uploads\/2020\/11\/stefan-v2-2-768x1024.jpeg 768w, https:\/\/www.leaplytics.de\/wp-content\/uploads\/2020\/11\/stefan-v2-2-scaled-600x800.jpeg 600w, https:\/\/www.leaplytics.de\/wp-content\/uploads\/2020\/11\/stefan-v2-2-225x300.jpeg 225w, https:\/\/www.leaplytics.de\/wp-content\/uploads\/2020\/11\/stefan-v2-2-1152x1536.jpeg 1152w, https:\/\/www.leaplytics.de\/wp-content\/uploads\/2020\/11\/stefan-v2-2-1536x2048.jpeg 1536w, https:\/\/www.leaplytics.de\/wp-content\/uploads\/2020\/11\/stefan-v2-2-45x60.jpeg 45w, https:\/\/www.leaplytics.de\/wp-content\/uploads\/2020\/11\/stefan-v2-2-scaled.jpeg 1920w\" sizes=\"auto, (max-width: 768px) 100vw, 768px\" \/><\/a><figcaption class=\"wp-element-caption\">Stefan Preusler<\/figcaption><\/figure>\n\n\n\n<figure class=\"wp-block-image size-large\"><a href=\"https:\/\/www.linkedin.com\/in\/dominik-galsheimer-3233461b9\/\"><img loading=\"lazy\" decoding=\"async\" width=\"851\" height=\"1024\" data-id=\"488\" src=\"https:\/\/www.leaplytics.de\/wp-content\/uploads\/2020\/11\/Dominik_About-scaled-e1604523139831-851x1024.jpg\" alt=\"\" class=\"wp-image-488\" srcset=\"https:\/\/www.leaplytics.de\/wp-content\/uploads\/2020\/11\/Dominik_About-scaled-e1604523139831-851x1024.jpg 851w, https:\/\/www.leaplytics.de\/wp-content\/uploads\/2020\/11\/Dominik_About-scaled-e1604523139831-600x722.jpg 600w, https:\/\/www.leaplytics.de\/wp-content\/uploads\/2020\/11\/Dominik_About-scaled-e1604523139831-249x300.jpg 249w, https:\/\/www.leaplytics.de\/wp-content\/uploads\/2020\/11\/Dominik_About-scaled-e1604523139831-768x924.jpg 768w, https:\/\/www.leaplytics.de\/wp-content\/uploads\/2020\/11\/Dominik_About-scaled-e1604523139831-1277x1536.jpg 1277w, https:\/\/www.leaplytics.de\/wp-content\/uploads\/2020\/11\/Dominik_About-scaled-e1604523139831-1702x2048.jpg 1702w, https:\/\/www.leaplytics.de\/wp-content\/uploads\/2020\/11\/Dominik_About-scaled-e1604523139831-50x60.jpg 50w, https:\/\/www.leaplytics.de\/wp-content\/uploads\/2020\/11\/Dominik_About-scaled-e1604523139831.jpg 1920w\" sizes=\"auto, (max-width: 851px) 100vw, 851px\" \/><\/a><figcaption class=\"wp-element-caption\">Dominik Galsheimer<\/figcaption><\/figure>\n<\/figure>","protected":false},"excerpt":{"rendered":"<p>LeapLytics st\u00e5r for friske og innovative rapporteringsl\u00f8sninger, der passer til forskellige integrationsniveauer<\/p>","protected":false},"author":1,"featured_media":3395,"parent":0,"menu_order":0,"comment_status":"closed","ping_status":"closed","template":"","meta":{"footnotes":""},"class_list":["post-23","page","type-page","status-publish","has-post-thumbnail","hentry","latest_post"],"_links":{"self":[{"href":"https:\/\/www.leaplytics.de\/da\/wp-json\/wp\/v2\/pages\/23","targetHints":{"allow":["GET"]}}],"collection":[{"href":"https:\/\/www.leaplytics.de\/da\/wp-json\/wp\/v2\/pages"}],"about":[{"href":"https:\/\/www.leaplytics.de\/da\/wp-json\/wp\/v2\/types\/page"}],"author":[{"embeddable":true,"href":"https:\/\/www.leaplytics.de\/da\/wp-json\/wp\/v2\/users\/1"}],"replies":[{"embeddable":true,"href":"https:\/\/www.leaplytics.de\/da\/wp-json\/wp\/v2\/comments?post=23"}],"version-history":[{"count":15,"href":"https:\/\/www.leaplytics.de\/da\/wp-json\/wp\/v2\/pages\/23\/revisions"}],"predecessor-version":[{"id":13709,"href":"https:\/\/www.leaplytics.de\/da\/wp-json\/wp\/v2\/pages\/23\/revisions\/13709"}],"wp:featuredmedia":[{"embeddable":true,"href":"https:\/\/www.leaplytics.de\/da\/wp-json\/wp\/v2\/media\/3395"}],"wp:attachment":[{"href":"https:\/\/www.leaplytics.de\/da\/wp-json\/wp\/v2\/media?parent=23"}],"curies":[{"name":"wp","href":"https:\/\/api.w.org\/{rel}","templated":true}]}}