{"id":2301,"date":"2021-09-10T23:49:33","date_gmt":"2021-09-10T21:49:33","guid":{"rendered":"https:\/\/www.leaplytics.de\/?page_id=2301"},"modified":"2022-05-08T00:34:51","modified_gmt":"2022-05-07T22:34:51","slug":"projektledelse-brugerdefinerede-visualiseringer-microsoft-powerbi","status":"publish","type":"page","link":"https:\/\/www.leaplytics.de\/da\/forside\/projektledelse-brugerdefinerede-visualiseringer-microsoft-powerbi\/","title":{"rendered":"Brugerdefineret grafik til projektledelse til Microsoft Power BI"},"content":{"rendered":"<p><strong>Effektiv og forretningsrelateret<\/strong> er LeapLytics' varem\u00e6rke og merv\u00e6rdien af vores l\u00f8sninger.<\/p>\n<p>Vores Project Management Custom Visuals til Microsoft Power BI er officielt godkendt af Microsoft og indeholder dine individuelle l\u00f8sninger. Brug de forskellige muligheder til at forbedre dit dashboard og til at implementere dine ideer. Udvidelserne f\u00f8lger en klar struktur og er bygget med fokus p\u00e5 brugeren for at g\u00f8re det s\u00e5 intuitivt som muligt uden at give afkald p\u00e5 vigtige funktioner.<\/p>\n<p>Derfor fremskynder en omfattende dokumentation med detaljerede beskrivelser af mulige brugsscenarier brugen og implementeringen.<\/p>\n<p>Nedenfor finder du de tilg\u00e6ngelige billeder, og du kan udforske funktionaliteten ved at klikke p\u00e5 billederne.<\/p>\n<p>\u00a0<\/p>\n\n\n<div class=\"wp-block-media-text alignwide is-stacked-on-mobile\" style=\"grid-template-columns:43% auto\"><figure class=\"wp-block-media-text__media\"><a href=\"https:\/\/www.leaplytics.de\/da\/forside\/project-management-visuals-ms-powerbi\/trafiklysvisualiseringer-for-power-bi\/\"><img loading=\"lazy\" decoding=\"async\" width=\"287\" height=\"300\" src=\"https:\/\/www.leaplytics.de\/wp-content\/uploads\/2021\/11\/TrafficLight300pixel.png\" alt=\"\" class=\"wp-image-2361 size-full\" srcset=\"https:\/\/www.leaplytics.de\/wp-content\/uploads\/2021\/11\/TrafficLight300pixel.png 287w, https:\/\/www.leaplytics.de\/wp-content\/uploads\/2021\/11\/TrafficLight300pixel-57x60.png 57w\" sizes=\"auto, (max-width: 287px) 100vw, 287px\" \/><\/a><\/figure><div class=\"wp-block-media-text__content\">\n<p class=\"has-large-font-size\">Trafiklys brugerdefineret visuel<\/p>\n<\/div><\/div>\n\n\n\n<p><\/p>","protected":false},"excerpt":{"rendered":"<p>Effektiv og forretningsrelateret er LeapLytics' varem\u00e6rke og vores l\u00f8sningers merv\u00e6rdi.\u00a0<\/p>","protected":false},"author":1,"featured_media":0,"parent":111,"menu_order":0,"comment_status":"closed","ping_status":"closed","template":"","meta":{"footnotes":""},"class_list":["post-2301","page","type-page","status-publish","hentry","latest_post"],"_links":{"self":[{"href":"https:\/\/www.leaplytics.de\/da\/wp-json\/wp\/v2\/pages\/2301","targetHints":{"allow":["GET"]}}],"collection":[{"href":"https:\/\/www.leaplytics.de\/da\/wp-json\/wp\/v2\/pages"}],"about":[{"href":"https:\/\/www.leaplytics.de\/da\/wp-json\/wp\/v2\/types\/page"}],"author":[{"embeddable":true,"href":"https:\/\/www.leaplytics.de\/da\/wp-json\/wp\/v2\/users\/1"}],"replies":[{"embeddable":true,"href":"https:\/\/www.leaplytics.de\/da\/wp-json\/wp\/v2\/comments?post=2301"}],"version-history":[{"count":0,"href":"https:\/\/www.leaplytics.de\/da\/wp-json\/wp\/v2\/pages\/2301\/revisions"}],"up":[{"embeddable":true,"href":"https:\/\/www.leaplytics.de\/da\/wp-json\/wp\/v2\/pages\/111"}],"wp:attachment":[{"href":"https:\/\/www.leaplytics.de\/da\/wp-json\/wp\/v2\/media?parent=2301"}],"curies":[{"name":"wp","href":"https:\/\/api.w.org\/{rel}","templated":true}]}}