{"id":2436,"date":"2021-12-13T21:22:53","date_gmt":"2021-12-13T20:22:53","guid":{"rendered":"https:\/\/www.leaplytics.de\/?page_id=2436"},"modified":"2022-06-15T15:05:33","modified_gmt":"2022-06-15T13:05:33","slug":"trafiklys-power-bi-tilbud","status":"publish","type":"page","link":"https:\/\/www.leaplytics.de\/da\/trafiklys-power-bi-tilbud\/","title":{"rendered":"Power BI-tilbud med trafiklys"},"content":{"rendered":"<div class=\"wp-block-image\">\n<figure class=\"aligncenter size-full is-resized\"><img loading=\"lazy\" decoding=\"async\" src=\"https:\/\/www.leaplytics.de\/wp-content\/uploads\/2020\/10\/Three-Traffic-Lights-e1644325953391.png\" alt=\"\" class=\"wp-image-411\" width=\"175\" height=\"183\"\/><\/figure><\/div>\n\n\n<div style=\"height:50px\" aria-hidden=\"true\" class=\"wp-block-spacer\"><\/div>\n\n\n\n<div class=\"wp-block-columns alignwide is-layout-flex wp-container-core-columns-is-layout-1 wp-block-columns-is-layout-flex\">\n<div class=\"wp-block-column has-text-color has-background has-link-color wp-elements-50e564fd3b335201ec964f140d74ba12 is-layout-flow wp-block-column-is-layout-flow\" style=\"background-color:#eeeeee;color:#000000;padding-top:2em;padding-right:2em;padding-bottom:2em;padding-left:2em\">\n<h2 class=\"wp-block-heading\" id=\"single\" style=\"font-size:40px\"><strong>GRATIS version<\/strong><\/h2>\n\n\n\n<div style=\"height:10px\" aria-hidden=\"true\" class=\"wp-block-spacer\"><\/div>\n\n\n\n<p class=\"has-normal-font-size\" style=\"line-height:1.5\">Den GRATIS version af LeapLytics - Traffic Light er gratis at bruge med vandm\u00e6rke og begr\u00e6nset funktionalitet.<\/p>\n\n\n\n<div style=\"height:10px\" aria-hidden=\"true\" class=\"wp-block-spacer\"><\/div>\n\n\n\n<hr class=\"wp-block-separator has-text-color has-css-opacity has-background is-style-wide\" style=\"background-color:#000000;color:#000000\"\/>\n\n\n\n<div style=\"height:10px\" aria-hidden=\"true\" class=\"wp-block-spacer\"><\/div>\n\n\n\n<p><i class=\"fas fa-times\"><\/i> Vandm\u00e6rke fjernet<\/p>\n\n\n\n<p><i class=\"fas fa-check\"><\/i> System med tre lys<\/p>\n\n\n\n<p><i class=\"fas fa-times\"><\/i>  System med to lys<\/p>\n\n\n\n<p><i class=\"fas fa-times\"><\/i> Et lyssystem<\/p>\n\n\n\n<p><i class=\"fas fa-check\"><\/i> Lodret justering<\/p>\n\n\n\n<p><i class=\"fas fa-times\"><\/i> Vandret justering<\/p>\n\n\n\n<p><i class=\"fas fa-times\"><\/i> Gr\u00e6nseindstillinger<\/p>\n\n\n\n<p><i class=\"fas fa-times\"><\/i> Tekstindstillinger<\/p>\n\n\n\n<p><i class=\"fas fa-times\"><\/i> Farveindstillinger<\/p>\n\n\n\n<div class=\"wp-block-buttons alignfull is-horizontal is-content-justification-center is-layout-flex wp-container-core-buttons-is-layout-1 wp-block-buttons-is-layout-flex\">\n<div class=\"wp-block-button\"><a class=\"wp-block-button__link\" href=\"https:\/\/appsource.microsoft.com\/en-en\/product\/power-bi-visuals\/leaplyticsgmbh1633373694058.leaplytics_traffic_light?tab=overview\" target=\"_blank\" rel=\"noreferrer noopener\">F\u00e5 en gratis version<\/a><\/div>\n<\/div>\n\n\n\n<div style=\"height:30px\" aria-hidden=\"true\" class=\"wp-block-spacer\"><\/div>\n\n\n\n<p class=\"has-text-align-center has-text-color\" style=\"color:#98bd00\"><strong><em>Du bruger allerede den GRATIS version af dette billede.<\/em><\/strong><\/p>\n<\/div>\n\n\n\n<div class=\"wp-block-column has-text-color has-background has-link-color wp-elements-27bc483104e077d24b05df2e0f3ad857 is-layout-flow wp-block-column-is-layout-flow\" style=\"background-color:#f2c80f;color:#000000;padding-top:2em;padding-right:2em;padding-bottom:2em;padding-left:2em\">\n<h2 class=\"wp-block-heading\" id=\"family\" style=\"font-size:40px\"><strong>PRO-version<\/strong><\/h2>\n\n\n\n<div style=\"height:10px\" aria-hidden=\"true\" class=\"wp-block-spacer\"><\/div>\n\n\n\n<p class=\"has-normal-font-size\" style=\"line-height:1.5\">PRO-versionen af LeapLytics - Traffic Light fjerner vandm\u00e6rket og alle begr\u00e6nsninger for at frig\u00f8re den fulde effekt af dette visuelle element.<\/p>\n\n\n\n<div style=\"height:10px\" aria-hidden=\"true\" class=\"wp-block-spacer\"><\/div>\n\n\n\n<hr class=\"wp-block-separator has-text-color has-black-color has-css-opacity has-black-background-color has-background is-style-wide\"\/>\n\n\n\n<div style=\"height:10px\" aria-hidden=\"true\" class=\"wp-block-spacer\"><\/div>\n\n\n\n<p><i class=\"fas fa-check\"><\/i>  Vandm\u00e6rke fjernet<\/p>\n\n\n\n<p><i class=\"fas fa-check\"><\/i>   System med tre lys<\/p>\n\n\n\n<p><i class=\"fas fa-check\"><\/i>   System med to lys<\/p>\n\n\n\n<p><i class=\"fas fa-check\"><\/i> Et lyssystem<\/p>\n\n\n\n<p><i class=\"fas fa-check\"><\/i> Lodret justering<\/p>\n\n\n\n<p><i class=\"fas fa-check\"><\/i> Vandret justering<\/p>\n\n\n\n<p><i class=\"fas fa-check\"><\/i> Gr\u00e6nseindstillinger<\/p>\n\n\n\n<p><i class=\"fas fa-check\"><\/i> Tekstindstillinger<\/p>\n\n\n\n<p><i class=\"fas fa-check\"><\/i> Farveindstillinger<\/p>\n\n\n\n<div class=\"wp-block-buttons is-content-justification-center is-layout-flex wp-container-core-buttons-is-layout-2 wp-block-buttons-is-layout-flex\">\n<div class=\"wp-block-button\"><a class=\"wp-block-button__link\" href=\"https:\/\/shop.leaplytics.de\/product\/power-bi-traffic-light\/\">K\u00f8b PRO-version<\/a><\/div>\n<\/div>\n\n\n\n<div style=\"height:10px\" aria-hidden=\"true\" class=\"wp-block-spacer\"><\/div>\n\n\n\n<div class=\"wp-block-buttons alignfull is-horizontal is-content-justification-center is-layout-flex wp-container-core-buttons-is-layout-3 wp-block-buttons-is-layout-flex\">\n<div class=\"wp-block-button\"><a class=\"wp-block-button__link\" href=\"https:\/\/www.leaplytics.de\/da\/trafiklys-power-bi-tilbud\/#contact\">Pr\u00f8v PRO-versionen<\/a><\/div>\n<\/div>\n<\/div>\n<\/div>\n\n\n\n<div style=\"height:50px\" aria-hidden=\"true\" class=\"wp-block-spacer\"><\/div>\n\n\n\n<hr class=\"wp-block-separator has-text-color has-cyan-bluish-gray-color has-css-opacity has-cyan-bluish-gray-background-color has-background\"\/>\n\n\n\n<div style=\"height:50px\" aria-hidden=\"true\" class=\"wp-block-spacer\"><\/div>\n\n\n\n<h2 class=\"wp-block-heading\" id=\"contact\">Pr\u00f8v f\u00f8r du k\u00f8ber! <\/h2>\n\n\n\n<div style=\"height:10px\" aria-hidden=\"true\" class=\"wp-block-spacer\"><\/div>\n\n\n\n<h4 class=\"wp-block-heading\" id=\"contact\">Anmod om din personlige 2-ugers pr\u00f8velicens nu!<\/h4>\n\n\n\n<div style=\"height:50px\" aria-hidden=\"true\" class=\"wp-block-spacer\"><\/div>\n\n\n\n<div class=\"wpcf7 no-js\" id=\"wpcf7-f8633-o1\" lang=\"de-DE\" dir=\"ltr\" data-wpcf7-id=\"8633\">\n<div class=\"screen-reader-response\"><p role=\"status\" aria-live=\"polite\" aria-atomic=\"true\"><\/p> <ul><\/ul><\/div>\n<form action=\"\/da\/wp-json\/wp\/v2\/pages\/2436#wpcf7-f8633-o1\" method=\"post\" class=\"wpcf7-form init\" aria-label=\"Kontaktformular\" novalidate=\"novalidate\" data-status=\"init\" data-trp-original-action=\"\/da\/wp-json\/wp\/v2\/pages\/2436#wpcf7-f8633-o1\">\n<fieldset class=\"hidden-fields-container\"><input type=\"hidden\" name=\"_wpcf7\" value=\"8633\" \/><input type=\"hidden\" name=\"_wpcf7_version\" value=\"6.1.1\" \/><input type=\"hidden\" name=\"_wpcf7_locale\" value=\"de_DE\" \/><input type=\"hidden\" name=\"_wpcf7_unit_tag\" value=\"wpcf7-f8633-o1\" \/><input type=\"hidden\" name=\"_wpcf7_container_post\" value=\"0\" \/><input type=\"hidden\" name=\"_wpcf7_posted_data_hash\" value=\"\" \/><input type=\"hidden\" name=\"_wpcf7_recaptcha_response\" value=\"\" \/>\n<\/fieldset>\n<p><label> Fornavn (*)<br \/>\n<span class=\"wpcf7-form-control-wrap\" data-name=\"first-name\"><input size=\"40\" maxlength=\"400\" class=\"wpcf7-form-control wpcf7-text wpcf7-validates-as-required\" aria-required=\"true\" aria-invalid=\"false\" value=\"\" type=\"text\" name=\"first-name\" \/><\/span><\/label>\n<\/p>\n<p><label> Efternavn (*)<br \/>\n<span class=\"wpcf7-form-control-wrap\" data-name=\"your-name\"><input size=\"40\" maxlength=\"400\" class=\"wpcf7-form-control wpcf7-text wpcf7-validates-as-required\" aria-required=\"true\" aria-invalid=\"false\" value=\"\" type=\"text\" name=\"your-name\" \/><\/span> <\/label>\n<\/p>\n<p><label> E-mail til virksomheder (*)<br \/>\n<span class=\"wpcf7-form-control-wrap\" data-name=\"your-email\"><input size=\"40\" maxlength=\"400\" class=\"wpcf7-form-control wpcf7-email wpcf7-validates-as-required wpcf7-text wpcf7-validates-as-email\" aria-required=\"true\" aria-invalid=\"false\" value=\"\" type=\"email\" name=\"your-email\" \/><\/span> <\/label>\n<\/p>\n<p><label> Virksomhed (*)<br \/>\n<span class=\"wpcf7-form-control-wrap\" data-name=\"Company\"><input size=\"40\" maxlength=\"400\" class=\"wpcf7-form-control wpcf7-text wpcf7-validates-as-required\" aria-required=\"true\" aria-invalid=\"false\" value=\"\" type=\"text\" name=\"Company\" \/><\/span> <\/label>\n<\/p>\n<p><b>Bem\u00e6rk venligst:<\/b> Hvis du g\u00f8r det <u>ikke se<\/u> \"Send\" nedenfor, har du <u>ikke accepteret<\/u> vores privatlivspolitik. Derfor har vi ikke lov til at indsamle dine data i denne form. Du kan enten skrive til os i chatten til h\u00f8jre eller sende os en e-mail til <a href=\"\/da\/&\/#x6d;a&#x69;&#108;&#x74;&#111;:&#x69;n&#x66;&#111;&#x40;&#108;e&#x61;&#112;&#x6c;&#121;t&#x69;c&#x73;&#46;&#x64;&#101;\"><i class=\"fa fa-envelope\" aria-hidden=\"true\"><\/i>info@leaplytics.de<\/a> eller slet dine cookies i browseren (Ctrl + Shift + Delete), og accepter privatlivspolitikken, n\u00e5r du genindl\u00e6ser siden.\n<\/p><div class=\"wpcf7-response-output\" aria-hidden=\"true\"><\/div>\n<input type=\"hidden\" name=\"trp-form-language\" value=\"da\"\/><\/form>\n<\/div>\n\n\n\n\n<p><\/p>","protected":false},"excerpt":{"rendered":"<p>FREE Version The FREE Version of LeapLytics &#8211; Traffic Light is free to use with watermark and limited functionality. Watermark removed Three Light System Two Light System One Light System Vertical Alignment Horizontal Alignment Border Settings Text Settings Color Settings You are already using the FREE version of this visual. PRO Version The PRO Version &hellip; <\/p>","protected":false},"author":2,"featured_media":0,"parent":0,"menu_order":0,"comment_status":"closed","ping_status":"closed","template":"","meta":{"footnotes":""},"class_list":["post-2436","page","type-page","status-publish","hentry","latest_post"],"_links":{"self":[{"href":"https:\/\/www.leaplytics.de\/da\/wp-json\/wp\/v2\/pages\/2436","targetHints":{"allow":["GET"]}}],"collection":[{"href":"https:\/\/www.leaplytics.de\/da\/wp-json\/wp\/v2\/pages"}],"about":[{"href":"https:\/\/www.leaplytics.de\/da\/wp-json\/wp\/v2\/types\/page"}],"author":[{"embeddable":true,"href":"https:\/\/www.leaplytics.de\/da\/wp-json\/wp\/v2\/users\/2"}],"replies":[{"embeddable":true,"href":"https:\/\/www.leaplytics.de\/da\/wp-json\/wp\/v2\/comments?post=2436"}],"version-history":[{"count":0,"href":"https:\/\/www.leaplytics.de\/da\/wp-json\/wp\/v2\/pages\/2436\/revisions"}],"wp:attachment":[{"href":"https:\/\/www.leaplytics.de\/da\/wp-json\/wp\/v2\/media?parent=2436"}],"curies":[{"name":"wp","href":"https:\/\/api.w.org\/{rel}","templated":true}]}}