{"id":368,"date":"2020-10-20T21:17:49","date_gmt":"2020-10-20T19:17:49","guid":{"rendered":"https:\/\/www.leaplytics.de\/?page_id=368"},"modified":"2020-10-20T21:32:37","modified_gmt":"2020-10-20T19:32:37","slug":"aftryk","status":"publish","type":"page","link":"https:\/\/www.leaplytics.de\/da\/aftryk\/","title":{"rendered":"P\u00e5tryk"},"content":{"rendered":"<p>Oplysninger i henhold til \u00a7 5 TMG<\/p><p>LeapLytics GmbH<br \/>Stefan Preusler &amp; Dominik Galsheimer<br \/>Teutonenweg 18<br \/>63128 Dietzenbach<br \/>Tyskland<br \/><\/p><p><b>Vertreten durch:<\/b> Stefan Preusler &amp; Dominik Galsheimer<br \/><\/p><p><b>Kontakt:<\/b><br\/>E-mail: <img decoding=\"async\" class=\"dsgvoaio_emailpng\" src=\"https:\/\/www.leaplytics.de\/wp-content\/dsgvo-all-in-one-wp-pro\/sserdaliame.png\"><br\/><\/p><p><b>Registereintrag:<\/b><br\/>Registergericht: Amtsgericht Offenbach am Main<br\/>Registernummer: HRB 53774<br\/><\/p><p><b>Umsatzsteuer-ID:<\/b> DE344747402<\/p><b>Haftungsausschluss<\/b><br \/><b>Ansvar for links:<\/b><p>Vores tilbud indeholder links til eksterne hjemmesider Dritter, p\u00e5 hvis indhold vi ingen indflydelse har. Derfor kan vi ikke overtage nogen garanti for dette indhold. For indholdet p\u00e5 de linkede sider er det altid den p\u00e5g\u00e6ldende udbyder eller ejer af siderne, der er ansvarlig. De indrammede sider blev p\u00e5 tidspunktet for sammenk\u00e6dningen kontrolleret for mulige retsstridigheder. Rechtswidrige Inhalte waren zum Zeitpunkt der Verlinkung nicht erkennbar. Eine permanente inhaltliche Kontrolle der verlinkten Seiten ist jedoch ohne konkrete Anhaltspunkte einer Rechtsverletzung nicht zumutbar. Ved bekendtg\u00f8relse af retsovertr\u00e6delser vil vi fjerne disse links.<\/p><b>Ansvar for indhold:<\/b><p>Indholdet p\u00e5 vores sider blev udarbejdet med st\u00f8rre omhu. For indholdets rigtighed, fuldst\u00e6ndighed og aktualitet kan vi dog ikke overtage nogen garanti. Som tjenesteudbyder er vi i henhold til \u00a7 7 Abs.1 TMG for eget indhold p\u00e5 disse sider efter de generelle regler ansvarlige. I henhold til \u00a7 8 til 10 TMG er vi som tjenesteudbyder dog ikke forpligtet til at overtage overf\u00f8rte eller gespeicherede fremstillede oplysninger eller til at forske i omst\u00e6ndigheder, der er i strid med en rettighedsbeskyttet aktivitet. Forpligtelser til fjernelse eller sp\u00e6rring af brugen af oplysninger i henhold til de generelle regler forbliver uber\u00f8rte. Eine diesbez\u00fcgliche Haftung ist jedoch erst ab dem Zeitpunkt der Kenntnis einer konkreten Rechtsverletzung m\u00f6glich. Ved bekendtg\u00f8relser af tilsvarende retsforf\u00f8lgelser vil vi fjerne disse indhold.<\/p><b>Urheberrecht<\/b><br \/><p>Die durch die Seitenbetreiber erstellten Inhalte und Werke auf diesen Seiten unterliegen dem deutschen Urheberrecht. Vervielf\u00e4ltigung, Bearbeitung, Verbreitung und jede Art der Verwertung au\u00dferhalb der Grenzen des Urheberrechtes bed\u00fcrfen der schriftlichen Zustimmung des jeweiligen Autors bzw. Erstellers. Downloads og kopier af denne side er kun beregnet til privat, ikke kommerciel brug. S\u00e5fremt indholdet p\u00e5 denne side ikke er udarbejdet af brugeren, skal der tages hensyn til tredjeparts ophavsret. Insbesondere werden Inhalte Dritter als solche gekennzeichnet. Hvis du alligevel bliver opm\u00e6rksom p\u00e5 en overtr\u00e6delse af ophavsretten, beder vi om et tilsvarende r\u00e5d. Ved bekendtg\u00f8relser af rettighedsovertr\u00e6delser vil vi fjerne lignende indhold.<\/p>","protected":false},"excerpt":{"rendered":"","protected":false},"author":1,"featured_media":0,"parent":0,"menu_order":0,"comment_status":"closed","ping_status":"closed","template":"","meta":{"footnotes":""},"class_list":["post-368","page","type-page","status-publish","hentry","latest_post"],"_links":{"self":[{"href":"https:\/\/www.leaplytics.de\/da\/wp-json\/wp\/v2\/pages\/368","targetHints":{"allow":["GET"]}}],"collection":[{"href":"https:\/\/www.leaplytics.de\/da\/wp-json\/wp\/v2\/pages"}],"about":[{"href":"https:\/\/www.leaplytics.de\/da\/wp-json\/wp\/v2\/types\/page"}],"author":[{"embeddable":true,"href":"https:\/\/www.leaplytics.de\/da\/wp-json\/wp\/v2\/users\/1"}],"replies":[{"embeddable":true,"href":"https:\/\/www.leaplytics.de\/da\/wp-json\/wp\/v2\/comments?post=368"}],"version-history":[{"count":0,"href":"https:\/\/www.leaplytics.de\/da\/wp-json\/wp\/v2\/pages\/368\/revisions"}],"wp:attachment":[{"href":"https:\/\/www.leaplytics.de\/da\/wp-json\/wp\/v2\/media?parent=368"}],"curies":[{"name":"wp","href":"https:\/\/api.w.org\/{rel}","templated":true}]}}