{"id":699,"date":"2020-12-07T20:33:50","date_gmt":"2020-12-07T19:33:50","guid":{"rendered":"https:\/\/www.leaplytics.de\/?page_id=699"},"modified":"2024-11-04T10:02:48","modified_gmt":"2024-11-04T09:02:48","slug":"risikomatrix-udvidelse-til-qliksense","status":"publish","type":"page","link":"https:\/\/www.leaplytics.de\/da\/forside\/qlik-sense-udvidelser\/risikomatrix-udvidelse-til-qliksense\/","title":{"rendered":"Risikomatrix-udvidelse til Qlik Sense"},"content":{"rendered":"<p>F\u00e5 et skarpt visuelt overblik over dine risikoprofiler med Risk Matrix \/ Heatmap til Qlik Sense! Denne udvidelse er bygget til at visualisere profiler, der m\u00e5les i en matrix med to KPI'er og forskellige kategorier. Den er i stand til at visualisere flere indikatorer pr. felt. Du kan frit og dynamisk v\u00e6lge alle udtryk mellem en 3\u00d73- og 5\u00d75-matrix. Forskellige indstillinger som brugerdefinerede farver, fleksible rammer og tekstindstillinger tilpasser denne udvidelse til dine rapporteringsbehov.<\/p>\n\n\n\n<div style=\"height:10px\" aria-hidden=\"true\" class=\"wp-block-spacer\"><\/div>\n\n\n<div class=\"wp-block-image\">\n<figure class=\"aligncenter size-large\"><img loading=\"lazy\" decoding=\"async\" width=\"1024\" height=\"576\" src=\"https:\/\/www.leaplytics.de\/wp-content\/uploads\/2022\/04\/First_Slice_Risk_Map_QlikSense_stone-1024x576.png\" alt=\"\" class=\"wp-image-6471\" srcset=\"https:\/\/www.leaplytics.de\/wp-content\/uploads\/2022\/04\/First_Slice_Risk_Map_QlikSense_stone-1024x576.png 1024w, https:\/\/www.leaplytics.de\/wp-content\/uploads\/2022\/04\/First_Slice_Risk_Map_QlikSense_stone-300x169.png 300w, https:\/\/www.leaplytics.de\/wp-content\/uploads\/2022\/04\/First_Slice_Risk_Map_QlikSense_stone-768x432.png 768w, https:\/\/www.leaplytics.de\/wp-content\/uploads\/2022\/04\/First_Slice_Risk_Map_QlikSense_stone-107x60.png 107w, https:\/\/www.leaplytics.de\/wp-content\/uploads\/2022\/04\/First_Slice_Risk_Map_QlikSense_stone.png 1140w\" sizes=\"auto, (max-width: 1024px) 100vw, 1024px\" \/><\/figure><\/div>\n\n\n<div style=\"height:100px\" aria-hidden=\"true\" class=\"wp-block-spacer\"><\/div>\n\n\n\n<h3 class=\"wp-block-heading has-text-align-center\">Hent den nu!<\/h3>\n\n\n\n<div style=\"height:50px\" aria-hidden=\"true\" class=\"wp-block-spacer\"><\/div>\n\n\n\n<div class=\"wp-block-columns alignwide is-layout-flex wp-container-core-columns-is-layout-1 wp-block-columns-is-layout-flex\">\n<div class=\"wp-block-column has-text-color has-background has-link-color wp-elements-dfea0d1df7d7210c16180380cb297c35 is-layout-flow wp-block-column-is-layout-flow\" style=\"color:#000000;background-color:#eeeeee;padding-top:2em;padding-right:2em;padding-bottom:2em;padding-left:2em\">\n<h2 class=\"wp-block-heading\" id=\"single\" style=\"font-size:40px\"><strong>GRATIS version<\/strong><\/h2>\n\n\n\n<div style=\"height:10px\" aria-hidden=\"true\" class=\"wp-block-spacer\"><\/div>\n\n\n\n<p class=\"has-normal-font-size\" style=\"line-height:1.5\">Den GRATIS version af LeapLytics - Risk Matrix er gratis at bruge i fire uger p\u00e5 enhver server og i enhver virksomhed. Test nu, om vores l\u00f8sning opfylder dine krav.<\/p>\n\n\n\n<div style=\"height:10px\" aria-hidden=\"true\" class=\"wp-block-spacer\"><\/div>\n\n\n\n<hr class=\"wp-block-separator has-text-color has-css-opacity has-background is-style-wide\" style=\"background-color:#000000;color:#000000\"\/>\n\n\n\n<div style=\"height:10px\" aria-hidden=\"true\" class=\"wp-block-spacer\"><\/div>\n\n\n\n<p><i class=\"fas fa-check\"><\/i> Vandm\u00e6rke fjernet<\/p>\n\n\n\n<p><i class=\"fas fa-check\"><\/i> Individuel gitterst\u00f8rrelse<\/p>\n\n\n\n<p><i class=\"fas fa-check\"><\/i> Brugerdefineret farveskema<\/p>\n\n\n\n<p><i class=\"fas fa-check\"><\/i> Farveinverter<\/p>\n\n\n\n<p><i class=\"fas fa-check\"><\/i> Gr\u00e6nseindstillinger<\/p>\n\n\n\n<p><i class=\"fas fa-check\"><\/i> Akseindstillinger<\/p>\n\n\n\n<p><i class=\"fas fa-check\"><\/i> Indikatorindstillinger<\/p>\n\n\n\n<p><i class=\"fas fa-check\"><\/i> Tekstindstillinger<\/p>\n\n\n\n<p><i class=\"fas fa-check\"><\/i> Farveindstillinger<\/p>\n\n\n\n<p><i class=\"fas fa-check\"><\/i> Navigation og handlinger<\/p>\n\n\n\n<p><i class=\"fas fa-check\"><\/i> Kan skrives ud*<\/p>\n\n\n\n<div class=\"wp-block-buttons alignfull is-horizontal is-content-justification-center is-layout-flex wp-container-core-buttons-is-layout-1 wp-block-buttons-is-layout-flex\">\n<div class=\"wp-block-button\"><a class=\"wp-block-button__link has-white-color has-text-color wp-element-button\" href=\"https:\/\/developer.qlik.com\/garden\/5fd6531adae7960011eb30ec\" target=\"_blank\" rel=\"noreferrer noopener\">F\u00e5 en GRATIS version<\/a><\/div>\n<\/div>\n<\/div>\n\n\n\n<div class=\"wp-block-column has-text-color has-background has-link-color wp-elements-6ae2b82b5852519cfb4d42d032a83f17 is-layout-flow wp-block-column-is-layout-flow\" style=\"color:#000000;background-color:#98bd00;padding-top:2em;padding-right:2em;padding-bottom:2em;padding-left:2em\">\n<h2 class=\"wp-block-heading\" id=\"family\" style=\"font-size:40px\"><strong>PRO-version<\/strong><\/h2>\n\n\n\n<div style=\"height:10px\" aria-hidden=\"true\" class=\"wp-block-spacer\"><\/div>\n\n\n\n<p class=\"has-normal-font-size\" style=\"line-height:1.5\">PRO-versionen af LeapLytics - Risk Matrix frig\u00f8r den fulde effekt af dette visuelle v\u00e6rkt\u00f8j. \u00c9n licens pr. server og virksomhed - \u00e9n pris pr. \u00e5r.<\/p>\n\n\n\n<div style=\"height:10px\" aria-hidden=\"true\" class=\"wp-block-spacer\"><\/div>\n\n\n\n<hr class=\"wp-block-separator has-text-color has-black-color has-css-opacity has-black-background-color has-background is-style-wide\"\/>\n\n\n\n<div style=\"height:10px\" aria-hidden=\"true\" class=\"wp-block-spacer\"><\/div>\n\n\n\n<p><i class=\"fas fa-check\"><\/i>  Vandm\u00e6rke fjernet<\/p>\n\n\n\n<p><i class=\"fas fa-check\"><\/i>  Individuel gitterst\u00f8rrelse<\/p>\n\n\n\n<p><i class=\"fas fa-check\"><\/i>  Brugerdefineret farveskema<\/p>\n\n\n\n<p><i class=\"fas fa-check\"><\/i>  Farveinverter<\/p>\n\n\n\n<p><i class=\"fas fa-check\"><\/i>  Gr\u00e6nseindstillinger<\/p>\n\n\n\n<p><i class=\"fas fa-check\"><\/i>  Akseindstillinger<\/p>\n\n\n\n<p><i class=\"fas fa-check\"><\/i>  Indikatorindstillinger<\/p>\n\n\n\n<p><i class=\"fas fa-check\"><\/i>  Tekstindstillinger<\/p>\n\n\n\n<p><i class=\"fas fa-check\"><\/i>  Farveindstillinger<\/p>\n\n\n\n<p><i class=\"fas fa-check\"><\/i>  Navigation og handlinger<\/p>\n\n\n\n<p><i class=\"fas fa-check\"><\/i>  Kan skrives ud*<\/p>\n\n\n\n<div class=\"wp-block-buttons alignfull is-horizontal is-content-justification-center is-layout-flex wp-container-core-buttons-is-layout-2 wp-block-buttons-is-layout-flex\">\n<div class=\"wp-block-button\"><a class=\"wp-block-button__link has-white-color has-text-color wp-element-button\" href=\"https:\/\/shop.leaplytics.de\/product\/power-bi-risk-heatmap\/\">F\u00e5 en PRO-version<\/a><\/div>\n<\/div>\n<\/div>\n<\/div>\n\n\n\n<p>* se <a href=\"https:\/\/community.qlik.com\/t5\/Knowledge\/Qlik-Sense-Enterprise-SaaS-Third-party-extensions-cannot-be\/ta-p\/1755264\">Begr\u00e6nsninger i QlikSense <\/a><\/p>\n\n\n\n<div style=\"height:100px\" aria-hidden=\"true\" class=\"wp-block-spacer\"><\/div>\n\n\n\n<h3 class=\"wp-block-heading has-text-align-center\">Dokumentation<\/h3>\n\n\n\n<div style=\"height:50px\" aria-hidden=\"true\" class=\"wp-block-spacer\"><\/div>\n\n\n<div class=\"_df_book df-lite\" id=\"df_726\"  _slug=\"risk-heatmap\" data-title=\"risk-heatmap\" wpoptions=\"true\" thumb=\"https:\/\/www.leaplytics.de\/wp-content\/uploads\/2020\/12\/Risk-Map-picture.jpg\" thumbtype=\"\" ><\/div><script class=\"df-shortcode-script\" nowprocket type=\"application\/javascript\">window.option_df_726 = {\"outline\":[],\"autoEnableOutline\":\"false\",\"autoEnableThumbnail\":\"false\",\"overwritePDFOutline\":\"false\",\"backgroundImage\":\"https:\\\/\\\/www.leaplytics.de\\\/wp-content\\\/uploads\\\/2020\\\/10\\\/mathew-schwartz-sb7RUrRMaC4-unsplash-scaled.jpg\",\"direction\":\"1\",\"pageSize\":\"0\",\"source\":\"https:\\\/\\\/www.leaplytics.de\\\/wp-content\\\/uploads\\\/2022\\\/02\\\/Risk-Heatmap-Qlik-Sense-User-Documentation_Pro_1.4.0.0.pdf\",\"wpOptions\":\"true\"}; if(window.DFLIP && window.DFLIP.parseBooks){window.DFLIP.parseBooks();}<\/script>\n\n\n\n<div style=\"height:50px\" aria-hidden=\"true\" class=\"wp-block-spacer\"><\/div>\n\n\n\n<div class=\"wp-block-buttons is-content-justification-center is-layout-flex wp-container-core-buttons-is-layout-3 wp-block-buttons-is-layout-flex\">\n<div class=\"wp-block-button\"><a class=\"wp-block-button__link wp-element-button\" href=\"https:\/\/www.leaplytics.de\/wp-content\/uploads\/2022\/02\/Risk-Heatmap-Qlik-Sense-User-Documentation_Pro_1.4.0.0.pdf\" target=\"_blank\" rel=\"noreferrer noopener\">Download dokumentation<\/a><\/div>\n<\/div>\n\n\n\n<div style=\"height:50px\" aria-hidden=\"true\" class=\"wp-block-spacer\"><\/div>\n\n\n\n<p>Tilmeld dig her for at modtage eksklusive opdateringer og udgivelser: <a href=\"https:\/\/www.leaplytics.de\/da\/abonner_produkt\/\">Abonnement<\/a><\/p>\n\n\n\n<hr class=\"wp-block-separator has-css-opacity is-style-default\"\/>\n\n\n\n<h2 class=\"wp-block-heading\" id=\"introduction-risk-heatmap-extension-for-qlik-sense\">Introduktion Risikomatrix-udvidelse til Qlik Sense<\/h2>\n\n\n\n<p>F\u00e5 et skarpt visuelt overblik over dine risikoprofiler med Risk Matrix til Qlik Sense! Udvidelsen er bygget til at visualisere profiler, der m\u00e5les i en matrix med to KPI'er og forskellige kategorier. Den er i stand til at visualisere flere indikatorer pr. felt. Du kan frit og dynamisk v\u00e6lge alle udtryk mellem en 3\u00d73- og 5\u00d75-matrix. Forskellige indstillinger som brugerdefinerede farver, fleksible rammer og tekstindstillinger tilpasser denne udvidelse til dine rapporteringsbehov.<\/p>\n\n\n<div class=\"wp-block-image is-style-default\">\n<figure class=\"alignright size-full\"><img loading=\"lazy\" decoding=\"async\" width=\"912\" height=\"775\" src=\"https:\/\/www.leaplytics.de\/wp-content\/uploads\/2022\/02\/settings.gif\" alt=\"Risk Heatmap til Qlik Sense\" class=\"wp-image-3060\"\/><figcaption class=\"wp-element-caption\">Stort udvalg af indstillingsmuligheder<\/figcaption><\/figure><\/div>\n\n\n<p>Denne udvidelse kan ogs\u00e5 bruges til at overv\u00e5ge og angive t\u00e6rskler for alle typer fysiske m\u00e5l, kvalitetsindikatorer og afvigelser generelt. Dermed kan den anvendes til en lang r\u00e6kke anvendelser, der forekommer i forskellige virksomheder. F\u00f8lgende liste viser et udvalg af mulige anvendelser, som allerede er blevet implementeret:<\/p>\n\n\n\n<p><strong>Projektledelse<\/strong>: Visualiser risiko- og mulighedsprofiler for et projekt, et program eller en portef\u00f8lje<\/p>\n\n\n\n<p><strong>IT<\/strong>: Angiv applikationer, der er i gr\u00f8nt, gult eller r\u00f8dt statusomr\u00e5de (ydeevne, sundhed)<\/p>\n\n\n\n<hr class=\"wp-block-separator has-css-opacity\"\/>\n\n\n\n<h3 class=\"wp-block-heading\" id=\"getting-started-with-our-risk-heatmap-for-qlik-sense\">Kom godt i gang med vores risikomatrix til Qlik Sense<\/h3>\n\n\n<p>\u00c5ben <a href=\"https:\/\/www.qlik.com\/de-de\/products\/qlik-sense\" target=\"_blank\" rel=\"noopener\">Qlik Sense<\/a> og den relevante app, hvor du vil bruge udvidelsen \"Risk Matrix\". \u00c5bn dit regneark i redigeringstilstand, og du vil finde udvidelsen i afsnittet \"Brugerdefinerede objekter\". Tr\u00e6k og slip udvidelsen til et hvilket som helst omr\u00e5de p\u00e5 dit dashboard (<em>Du kan \u00e6ndre udvidelsens udseende senere i de avancerede indstillinger).<\/em><\/p>\n\n<div class=\"wp-block-image\">\n<figure class=\"alignright size-full\"><img decoding=\"async\" src=\"https:\/\/www.leaplytics.de\/wp-content\/uploads\/2022\/02\/drag-drop.gif\" alt=\"Indledende indstillinger og konfiguration for Risk Heatmap Qlik Sense\" class=\"wp-image-3060\"\/><figcaption class=\"wp-element-caption\">Stort udvalg af indstillingsmuligheder<\/figcaption><\/figure><\/div>\n\n<p>N\u00e5r du har placeret en instans af udvidelsen p\u00e5 dit dashboard, vises f\u00f8lgende egenskabspanel i h\u00f8jre side. Egenskabspanelet er opdelt i f\u00f8lgende sektioner:\u00a0 \u00a0 \u00a0 \u00a0 \u00a0 \u00a0 \u00a0 \u00a0 \u00a0 \u00a0 \u00a0 \u00a0 \u00a0 \u00a0 \u00a0 \u00a0 \u00a0 \u00a0 \u00a0 \u00a0 \u00a0 \u00a0 \u00a0 \u00a0 \u00a0 \u00a0 \u00a0 \u00a0 \u00a0 \u00a0 \u00a0 \u00a0 \u00a0 \u00a0 \u00a0 \u00a0 \u00a0 \u00a0 \u00a0 \u00a0 \u00a0 \u00a0 \u00a0 \u00a0 \u00a0 \u00a0 \u00a0\u00a0<\/p>\n<ul>\n<li>Foranstaltninger<\/li>\n<li>Dimensioner<\/li>\n<li>Ranges (generelt matrix-layout)<\/li>\n<li>Gitterindstillinger (alt inden for matrixen)<\/li>\n<li>Akseindstillinger (alt omkring matrixen)<\/li>\n<li>Indikatorindstillinger (alt vedr\u00f8rende matrix-indhold)<\/li>\n<li>Omkring \u00a0\u00a0\u00a0\u00a0\u00a0\u00a0\u00a0\u00a0\u00a0\u00a0\u00a0\u00a0\u00a0\u00a0 \u00a0\u00a0\u00a0\u00a0\u00a0\u00a0\u00a0\u00a0\u00a0\u00a0\u00a0\u00a0\u00a0\u00a0\u00a0\u00a0\u00a0\u00a0\u00a0\u00a0\u00a0\u00a0\u00a0\u00a0\u00a0\u00a0\u00a0\u00a0\u00a0<\/li>\n<\/ul>\n<p>I det f\u00f8lgende vil du l\u00e6re, hvordan du bruger LeapLytics \"Risk Matrix\"-udvidelse, og hvordan du tilpasser den til dine behov ved at bruge egenskaberne korrekt.\u00a0 \u00a0<\/p>\n\n\n<hr class=\"wp-block-separator has-css-opacity\"\/>\n\n\n\n<h3 class=\"wp-block-heading\" id=\"measures\">Foranstaltninger<\/h3>\n\n\n<div class=\"wp-block-image\">\n<figure class=\"alignright size-large is-resized\"><img loading=\"lazy\" decoding=\"async\" width=\"245\" height=\"329\" src=\"https:\/\/www.leaplytics.de\/wp-content\/uploads\/2020\/11\/measures.png\" alt=\"Beskrivelse af m\u00e5l for Risk Heatmap Qlik Sense\" class=\"wp-image-512\" style=\"width:236px;height:317px\" srcset=\"https:\/\/www.leaplytics.de\/wp-content\/uploads\/2020\/11\/measures.png 245w, https:\/\/www.leaplytics.de\/wp-content\/uploads\/2020\/11\/measures-223x300.png 223w, https:\/\/www.leaplytics.de\/wp-content\/uploads\/2020\/11\/measures-45x60.png 45w\" sizes=\"auto, (max-width: 245px) 100vw, 245px\" \/><\/figure><\/div>\n\n<p>Foranstaltningen definerer v\u00e6rdien for de to relevante KPI'er i matrixen. Den f\u00f8rste KPI definerer X-akse-KPI'erne, og den anden KPI definerer Y-akse-KPI'en. De kan skiftes individuelt. Matrixen forventer v\u00e6rdier i omr\u00e5det mellem 1 og 5 (5-felt-matrix) eller 1 og 3 (3-felt-matrix). Decimaler er ogs\u00e5 mulige, hvis det er nyttigt. V\u00e6rdierne kan hentes direkte fra datamodellen, hvis et pr\u00e6-system allerede indfanger og beregner intervallet. Hvis datamodellen indeholder nogen form for enheder, kan kategorierne oprettes individuelt i formularen.<\/p>\n<p>Du kan tilf\u00f8je et m\u00e5l som dette:<\/p>\n<ul>\n<li>Klik p\u00e5 knappen \"Tilf\u00f8j foranstaltning\" i egenskabspanelet under afsnittet \"Foranstaltning\" eller ved at klikke p\u00e5 knappen \"Tilf\u00f8j foranstaltning\" i udvidelsesvinduet p\u00e5 dit dashboard.<\/li>\n<li>V\u00e6lg en foranstaltning fra rullelisten, og klik p\u00e5 den<\/li>\n<li>(Valgfrit): V\u00e6lg den rigtige aggregering til dine behov (Sum, Gennemsnit, Min, Max osv.), eller definer en individuel formel.<\/li>\n<\/ul>\n<p>Ved brug af individuelle formler kan f\u00f8lgende eksempler bruges som vejledning:<\/p>\n\n\n<figure class=\"wp-block-image size-large\"><img loading=\"lazy\" decoding=\"async\" width=\"744\" height=\"255\" src=\"https:\/\/www.leaplytics.de\/wp-content\/uploads\/2020\/12\/heatmap_use_cases.png\" alt=\"\" class=\"wp-image-749\" srcset=\"https:\/\/www.leaplytics.de\/wp-content\/uploads\/2020\/12\/heatmap_use_cases.png 744w, https:\/\/www.leaplytics.de\/wp-content\/uploads\/2020\/12\/heatmap_use_cases-600x206.png 600w, https:\/\/www.leaplytics.de\/wp-content\/uploads\/2020\/12\/heatmap_use_cases-300x103.png 300w, https:\/\/www.leaplytics.de\/wp-content\/uploads\/2020\/12\/heatmap_use_cases-175x60.png 175w\" sizes=\"auto, (max-width: 744px) 100vw, 744px\" \/><\/figure>\n\n\n\n<hr class=\"wp-block-separator has-css-opacity\"\/>\n\n\n\n<h3 class=\"wp-block-heading\" id=\"dimensions\">Dimensioner<\/h3>\n\n\n<p>Brug dimensionen til at give indikatorerne et sl\u00e5ende navn. Det kan f.eks. v\u00e6re et ID eller et kort navn (1-2 ord). L\u00e6ngere navne eller beskrivelser anbefales ikke, da pladsen i selve matricen er begr\u00e6nset.<\/p>\n\n\n<hr class=\"wp-block-separator has-css-opacity\"\/>\n\n\n\n<h3 class=\"wp-block-heading\" id=\"advanced-settings\">Avancerede indstillinger<\/h3>\n\n\n\n<p>I Matrix Settings kan du foretage flere valg.<\/p>\n\n\n\n<p><strong>Matrix-indstillinger: <\/strong>F\u00f8rst kan du rette billedformatet. Dette holder visualiseringen i en kvadratisk tilstand. Derudover kan du indstille st\u00f8rrelsen p\u00e5 x- og y-retningen individuelt ved hj\u00e6lp af skyderen. Hvis dine data ligger uden for disse intervaller, f\u00e5r du et visuelt hint i udvidelsen! Desuden kan du invertere farverne med et enkelt klik. Endelig kan du definere bredden p\u00e5 kanten eller deaktivere den helt.<\/p>\n\n\n\n<p><strong>Gitterindstillinger<\/strong>: Brug gitterindstillingerne til at konfigurere selve matrixen, f.eks. st\u00f8rrelse eller konfiguration af gr\u00e6nserne. Du kan ogs\u00e5 vende farvekodningen om, s\u00e5 en h\u00f8jere kategori har farven \"gr\u00f8n\", og en lavere kategori bliver r\u00f8d. Det er ogs\u00e5 muligt at slukke for tabellen med detaljerede v\u00e6rdier.<\/p>\n\n\n\n<p><strong>Akseindstillinger:<\/strong> Med akseindstillingerne kan du konfigurere rammen efter dine behov. Du kan beslutte at sl\u00e5 tekster, akser eller h\u00f8j\/lav-indikationer fra.<\/p>\n\n\n\n<p><strong>Indikatorindstillinger:<\/strong> Brug indikatorindstillingerne til at \u00e6ndre st\u00f8rrelsen og udseendet af indikatorerne i gitteret.<\/p>\n\n\n<div class=\"wp-block-image\">\n<figure class=\"aligncenter size-full\"><img loading=\"lazy\" decoding=\"async\" width=\"912\" height=\"775\" src=\"https:\/\/www.leaplytics.de\/wp-content\/uploads\/2022\/02\/settings.gif\" alt=\"Forskellige indstillinger for Risk Heatmap Qlik Sense\" class=\"wp-image-3060\"\/><\/figure><\/div>\n\n\n<hr class=\"wp-block-separator has-css-opacity\"\/>\n\n\n\n<h3 class=\"wp-block-heading\" id=\"navigation-action\">Navigation og handling<\/h3>\n\n\n\n<p>Du kan anvende Navigation &amp; Actions til din udvidelse for at navigere til Qlik Sense-ark, hjemmesider osv. Du kan aktivere \"Handlinger\" med den tilsvarende knap. \"Risk Matrix\" underst\u00f8tter to forskellige navigationstyper:<\/p>\n\n\n\n<ul class=\"wp-block-list\">\n<li><strong>Knap:<\/strong> V\u00e6lg \"Button\" for at tilf\u00f8je en knap under dit trafiklys-ikon. Du kan omd\u00f8be knappen ved at bruge feltet \"Knaptekst\". Indtast en URL til en hjemmeside eller et Qlik Sense-ark, som du vil navigere til*. Du kan \u00e5bne URL'en i samme vindue eller i en separat fane ved at bruge afkrydsningsfeltet \"\u00c5bn i samme vindue\".<\/li>\n<\/ul>\n\n\n\n<ul class=\"wp-block-list\">\n<li><strong>Objekt:<\/strong> Som et alternativ kan du v\u00e6lge \"Objekt\" for at g\u00f8re hele objektet klikbart (<em>Feltet \"Knaptekst\" bliver skjult<\/em>). Indtast en URL til en hjemmeside eller et Qlik Sense-ark, som du vil navigere til*. Du kan \u00e5bne URL'en i samme vindue eller i en separat fane ved at bruge afkrydsningsfeltet \"\u00c5bn i samme vindue\".<\/li>\n<\/ul>\n\n\n\n<p>*Webadresser skal altid starte med \"http:\/\/www.\" eller \"https:\/\/www.\"<\/p>\n\n\n<div class=\"wp-block-image\">\n<figure class=\"aligncenter size-large\"><img loading=\"lazy\" decoding=\"async\" width=\"246\" height=\"464\" src=\"https:\/\/www.leaplytics.de\/wp-content\/uploads\/2021\/04\/Milestone_navigation-1.jpg\" alt=\"Indstillinger for navigation og handlinger for Risk Heatmap Qlik Sense\" class=\"wp-image-1739\" srcset=\"https:\/\/www.leaplytics.de\/wp-content\/uploads\/2021\/04\/Milestone_navigation-1.jpg 246w, https:\/\/www.leaplytics.de\/wp-content\/uploads\/2021\/04\/Milestone_navigation-1-159x300.jpg 159w, https:\/\/www.leaplytics.de\/wp-content\/uploads\/2021\/04\/Milestone_navigation-1-32x60.jpg 32w\" sizes=\"auto, (max-width: 246px) 100vw, 246px\" \/><\/figure><\/div>\n\n\n<hr class=\"wp-block-separator has-css-opacity\"\/>\n\n\n<h3>Om vores risikomatrix til Qlik Sense<\/h3>\n\n\n<\/p>\n<p>Denne Qlik Sense-udvidelse er udviklet af <a href=\"https:\/\/www.leaplytics.de\/da\/\">LeapLytics<\/a>. About-sektionen viser information om denne udvidelse.<\/p>\n<p>\n\n\n\n<\/p>\n<p><strong>Version:<\/strong> Viser den installerede version af denne udvidelse<\/p>\n<p>\n\n\n\n<\/p>\n<p><strong>Licens gyldig indtil:<\/strong> Viser licensens udl\u00f8bsdato<\/p>\n<p>\n\n\n\n<\/p>\n<p><strong>Licensen er gyldig p\u00e5 serveren:<\/strong> Viser, hvilket server-ID denne udvidelse kan bruges p\u00e5\n\n\n\n<hr class=\"wp-block-separator has-css-opacity\"\/>\n\n\n<h3>Versionshistorie<\/h3>\n\n\n<figure class=\"wp-block-table is-style-stripes\"><table><tbody><tr><td class=\"has-text-align-center\" data-align=\"center\"><strong>Version<\/strong><\/td><td class=\"has-text-align-center\" data-align=\"center\"><strong>Dato<\/strong><\/td><td class=\"has-text-align-left\" data-align=\"left\"><strong>Indhold<\/strong><\/td><\/tr><tr><td class=\"has-text-align-center\" data-align=\"center\">1.4<\/td><td class=\"has-text-align-center\" data-align=\"center\">14.02.2022<\/td><td class=\"has-text-align-left\" data-align=\"left\">Ny brug af API<\/td><\/tr><tr><td class=\"has-text-align-center\" data-align=\"center\">1.3<\/td><td class=\"has-text-align-center\" data-align=\"center\">13.12.2021<\/td><td class=\"has-text-align-left\" data-align=\"left\">Opgradering af risikomatrix<\/td><\/tr><tr><td class=\"has-text-align-center\" data-align=\"center\">1.2<\/td><td class=\"has-text-align-center\" data-align=\"center\">26.04.2021<\/td><td class=\"has-text-align-left\" data-align=\"left\">Navigation og handlinger tilf\u00f8jet,<br>Mere end 9 risici underst\u00f8ttes<br>Rulbar indikatortabel<\/td><\/tr><tr><td class=\"has-text-align-center\" data-align=\"center\">1.1<\/td><td class=\"has-text-align-center\" data-align=\"center\">28.01.2021<\/td><td class=\"has-text-align-left\" data-align=\"left\">Abonnement<br>funktionalitet til<br>frigive opgraderinger &amp;<br>panel med forbedrede egenskaber<\/td><\/tr><tr><td class=\"has-text-align-center\" data-align=\"center\">1.0<\/td><td class=\"has-text-align-center\" data-align=\"center\">13.11.2020<\/td><td class=\"has-text-align-left\" data-align=\"left\">F\u00f8rste version<\/td><\/tr><\/tbody><\/table><\/figure>\n\n\n\n<hr class=\"wp-block-separator has-css-opacity\"\/>\n\n\n\n<p><\/p>\n\n\n\n<div class=\"wp-block-columns are-vertically-aligned-center is-layout-flex wp-container-core-columns-is-layout-2 wp-block-columns-is-layout-flex\">\n<div class=\"wp-block-column is-vertically-aligned-center is-layout-flow wp-block-column-is-layout-flow\" style=\"flex-basis:100%\">\n<p><\/p>\n<\/div>\n<\/div>\n\n\n\n<p><\/p>","protected":false},"excerpt":{"rendered":"<p>F\u00e5 et skarpt visuelt overblik over dine risikoprofiler med Risk Heatmap til QilkSense! Udvidelsen er bygget til at visualisere profiler, der m\u00e5les i en matrix med to KPI'er og forskellige kategorier. Den er i stand til at visualisere flere indikatorer (op til 4 i den gratis version) pr. felt. Forskellige indstillinger som et let skift mellem en 3\u00d73- og 5\u00d75-felt-matrix, ramme- og tekstindstillinger tilpasser denne udvidelse til dine rapporteringsbehov. <\/p>\n<p>Denne udvidelse kan ogs\u00e5 bruges til at overv\u00e5ge og angive t\u00e6rskler for alle typer fysiske m\u00e5l, kvalitetsindikatorer og afvigelser i almindelighed. Dermed kan den anvendes til en lang r\u00e6kke anvendelser, der forekommer i forskellige virksomheder.<\/p>","protected":false},"author":1,"featured_media":0,"parent":227,"menu_order":1,"comment_status":"closed","ping_status":"closed","template":"","meta":{"footnotes":""},"class_list":["post-699","page","type-page","status-publish","hentry","latest_post"],"_links":{"self":[{"href":"https:\/\/www.leaplytics.de\/da\/wp-json\/wp\/v2\/pages\/699","targetHints":{"allow":["GET"]}}],"collection":[{"href":"https:\/\/www.leaplytics.de\/da\/wp-json\/wp\/v2\/pages"}],"about":[{"href":"https:\/\/www.leaplytics.de\/da\/wp-json\/wp\/v2\/types\/page"}],"author":[{"embeddable":true,"href":"https:\/\/www.leaplytics.de\/da\/wp-json\/wp\/v2\/users\/1"}],"replies":[{"embeddable":true,"href":"https:\/\/www.leaplytics.de\/da\/wp-json\/wp\/v2\/comments?post=699"}],"version-history":[{"count":5,"href":"https:\/\/www.leaplytics.de\/da\/wp-json\/wp\/v2\/pages\/699\/revisions"}],"predecessor-version":[{"id":13676,"href":"https:\/\/www.leaplytics.de\/da\/wp-json\/wp\/v2\/pages\/699\/revisions\/13676"}],"up":[{"embeddable":true,"href":"https:\/\/www.leaplytics.de\/da\/wp-json\/wp\/v2\/pages\/227"}],"wp:attachment":[{"href":"https:\/\/www.leaplytics.de\/da\/wp-json\/wp\/v2\/media?parent=699"}],"curies":[{"name":"wp","href":"https:\/\/api.w.org\/{rel}","templated":true}]}}