{"id":799,"date":"2021-01-04T21:52:31","date_gmt":"2021-01-04T20:52:31","guid":{"rendered":"https:\/\/www.leaplytics.de\/?page_id=799"},"modified":"2024-11-04T09:23:33","modified_gmt":"2024-11-04T08:23:33","slug":"dashboard-til-projektledelse-qlik-sense","status":"publish","type":"page","link":"https:\/\/www.leaplytics.de\/da\/forside\/dashboard-til-projektledelse-qlik-sense\/","title":{"rendered":"Dashboard til projektledelse Qlik Sense"},"content":{"rendered":"<h2 class=\"wp-block-heading\" id=\"dashboard\">Dashboard<\/h2>\n\n\n\n<p>Project Management Dashboard Qlik Sense f\u00f8lger en enkel regel: <strong>Vis de rigtige projektoplysninger i den rigtige aggregering til de ansvarlige personer med et enkelt blik, s\u00e5 de kan tr\u00e6ffe de rigtige beslutninger.<\/strong>. <\/p>\n\n\n\n<p>I projektmilj\u00f8et er der forskellige interessenter, som har forskellige informationskrav og hver is\u00e6r et forskelligt detaljeringsniveau. De f\u00f8lgende eksempler viser de mest almindelige to mods\u00e6tninger.  <\/p>\n\n\n\n<p><strong>Portef\u00f8ljeniveau:<\/strong> Der er portef\u00f8ljeledere, som skal s\u00f8rge for, at de rigtige projekter bliver prioriteret med de rigtige ressourcer. Flaskehalse skal identificeres, og projekt-pipelines skal styres.<\/p>\n\n\n\n<p><strong>Projektniveau: <\/strong>Projektledere har brug for at f\u00e5 det laveste informationsniveau for at have alle styringsvariabler ved h\u00e5nden. P\u00e5 den anden side skal sponsorer, bestyrelsesmedlemmer og CEO'er modtage den relevante essens af informationen for at kunne tr\u00e6ffe de rigtige beslutninger i den overordnede projektstyring.<\/p>\n\n\n\n<p>LeapLytics Advanced Project Management Reporting s\u00f8rger for, at alle rapporteringskrav er mulige, uanset hvilken type interessent eller aggregeringsniveau der er tale om. Gennem den integrerede informationsproces indsamles al information p\u00e5 det laveste niveau og aggregeres til alle mulige modtageres behov.<\/p>\n\n\n\n<p>Her er to eksempler p\u00e5 projektstatusrapportering, som kan realiseres med vores LeapLytics Extension Suite til QlikSense. Dashboardet bruger en underliggende datamodel, der f\u00f8lger standard PMI-regler for projektledelse. P\u00e5 den m\u00e5de kan projekter i hele virksomheden rapporteres p\u00e5 en harmoniseret, effektiv og brugervenlig m\u00e5de.<\/p>\n\n\n\n<h2 class=\"wp-block-heading\" id=\"project-status-report-qlik-sense\">Projektstatusrapport Qlik Sense<\/h2>\n\n\n\n<p>Den grundl\u00e6ggende projektstatusrapport er et eksempel p\u00e5 Project Management Dashboard Qlik Sense og giver brugeren mulighed for at v\u00e6lge et dedikeret projekt samt en rapporteringsdato. Han f\u00e5r alle n\u00f8dvendige oplysninger pr\u00e6senteret i et layout med tre kolonner og relevante stamdata i overskriften. De vigtigste funktioner er <a href=\"https:\/\/www.leaplytics.de\/da\/extensions\/traffic-light\/\">Trafiklys<\/a> og den <a href=\"https:\/\/www.leaplytics.de\/da\/extensions\/udvidelse-af-risk-heatmap-til-qliksense\/\">Risikomatrix<\/a>.<\/p>\n\n\n\n<figure class=\"wp-block-image size-large\"><img loading=\"lazy\" decoding=\"async\" width=\"1024\" height=\"600\" src=\"https:\/\/www.leaplytics.de\/wp-content\/uploads\/2021\/11\/Laptop-with-Dashboard-Page2-1024x600.png\" alt=\"\" class=\"wp-image-2407\" srcset=\"https:\/\/www.leaplytics.de\/wp-content\/uploads\/2021\/11\/Laptop-with-Dashboard-Page2-1024x600.png 1024w, https:\/\/www.leaplytics.de\/wp-content\/uploads\/2021\/11\/Laptop-with-Dashboard-Page2-300x176.png 300w, https:\/\/www.leaplytics.de\/wp-content\/uploads\/2021\/11\/Laptop-with-Dashboard-Page2-768x450.png 768w, https:\/\/www.leaplytics.de\/wp-content\/uploads\/2021\/11\/Laptop-with-Dashboard-Page2-1536x901.png 1536w, https:\/\/www.leaplytics.de\/wp-content\/uploads\/2021\/11\/Laptop-with-Dashboard-Page2-2048x1201.png 2048w, https:\/\/www.leaplytics.de\/wp-content\/uploads\/2021\/11\/Laptop-with-Dashboard-Page2-102x60.png 102w\" sizes=\"auto, (max-width: 1024px) 100vw, 1024px\" \/><figcaption class=\"wp-element-caption\">Dashboard til projektledelse Qlik Sense<\/figcaption><\/figure>\n\n\n\n<p>En variant af den grundl\u00e6ggende projektstatusrapport \u00e6ndrer layoutet til en vandret visning og tilf\u00f8jer Milestone View som en hovedfunktion for at f\u00e5 et overblik over relevante milep\u00e6le og deres m\u00e5lopfyldelse.<\/p>\n\n\n\n<figure class=\"wp-block-image size-large\"><img loading=\"lazy\" decoding=\"async\" width=\"1024\" height=\"602\" src=\"https:\/\/www.leaplytics.de\/wp-content\/uploads\/2021\/11\/Laptop-with-Dashboard-Page3-1024x602.png\" alt=\"\" class=\"wp-image-2408\" srcset=\"https:\/\/www.leaplytics.de\/wp-content\/uploads\/2021\/11\/Laptop-with-Dashboard-Page3-1024x602.png 1024w, https:\/\/www.leaplytics.de\/wp-content\/uploads\/2021\/11\/Laptop-with-Dashboard-Page3-300x176.png 300w, https:\/\/www.leaplytics.de\/wp-content\/uploads\/2021\/11\/Laptop-with-Dashboard-Page3-768x451.png 768w, https:\/\/www.leaplytics.de\/wp-content\/uploads\/2021\/11\/Laptop-with-Dashboard-Page3-1536x903.png 1536w, https:\/\/www.leaplytics.de\/wp-content\/uploads\/2021\/11\/Laptop-with-Dashboard-Page3-2048x1204.png 2048w, https:\/\/www.leaplytics.de\/wp-content\/uploads\/2021\/11\/Laptop-with-Dashboard-Page3-102x60.png 102w\" sizes=\"auto, (max-width: 1024px) 100vw, 1024px\" \/><figcaption class=\"wp-element-caption\">Dashboard til projektledelse Qlik Sense<\/figcaption><\/figure>\n\n\n\n<p>Vores udvidelse kan ogs\u00e5 bruges i overordnede portef\u00f8lje-dashboards.<\/p>\n\n\n\n<figure class=\"wp-block-image size-large\"><img loading=\"lazy\" decoding=\"async\" width=\"1024\" height=\"599\" src=\"https:\/\/www.leaplytics.de\/wp-content\/uploads\/2021\/11\/Laptop-with-Dashboard-Page1-1024x599.png\" alt=\"\" class=\"wp-image-2406\" srcset=\"https:\/\/www.leaplytics.de\/wp-content\/uploads\/2021\/11\/Laptop-with-Dashboard-Page1-1024x599.png 1024w, https:\/\/www.leaplytics.de\/wp-content\/uploads\/2021\/11\/Laptop-with-Dashboard-Page1-300x175.png 300w, https:\/\/www.leaplytics.de\/wp-content\/uploads\/2021\/11\/Laptop-with-Dashboard-Page1-768x449.png 768w, https:\/\/www.leaplytics.de\/wp-content\/uploads\/2021\/11\/Laptop-with-Dashboard-Page1-1536x898.png 1536w, https:\/\/www.leaplytics.de\/wp-content\/uploads\/2021\/11\/Laptop-with-Dashboard-Page1-2048x1198.png 2048w, https:\/\/www.leaplytics.de\/wp-content\/uploads\/2021\/11\/Laptop-with-Dashboard-Page1-103x60.png 103w\" sizes=\"auto, (max-width: 1024px) 100vw, 1024px\" \/><figcaption class=\"wp-element-caption\">Dashboard til projektportef\u00f8lje Qlik Sense<\/figcaption><\/figure>\n\n\n\n<p>Hvis du er nysgerrig efter at vide, hvad det vil betyde for dit projektstyringsmilj\u00f8, arrangerer vi gerne en samtale med dig. I s\u00e5 fald, eller hvis du har sp\u00f8rgsm\u00e5l om detaljer, implementering og priser, s\u00e5 lad os det vide, og vi kontakter dig med kort varsel:<\/p>\n\n\n<div class=\"wpforms-container wpforms-container-full\" id=\"wpforms-10645\"><form id=\"wpforms-form-10645\" class=\"wpforms-validate wpforms-form wpforms-ajax-form\" data-formid=\"10645\" method=\"post\" enctype=\"multipart\/form-data\" action=\"\/da\/wp-json\/wp\/v2\/pages\/799\" data-token=\"41977e70f35c3d60b9389276a11a8831\" data-token-time=\"1776085690\" data-trp-original-action=\"\/da\/wp-json\/wp\/v2\/pages\/799\"><noscript class=\"wpforms-error-noscript\">Aktiver venligst JavaScript i din browser for at udfylde denne formular.<\/noscript><div class=\"wpforms-field-container\"><div id=\"wpforms-10645-field_0-container\" class=\"wpforms-field wpforms-field-name\" data-field-id=\"0\"><label class=\"wpforms-field-label\">Navn <span class=\"wpforms-required-label\">*<\/span><\/label><div class=\"wpforms-field-row wpforms-field-medium\"><div class=\"wpforms-field-row-block wpforms-first wpforms-one-half\"><input type=\"text\" id=\"wpforms-10645-field_0\" class=\"wpforms-field-name-first wpforms-field-required\" name=\"wpforms[fields][0][first]\" required><label for=\"wpforms-10645-field_0\" class=\"wpforms-field-sublabel after\">F\u00f8rste gang<\/label><\/div><div class=\"wpforms-field-row-block wpforms-one-half\"><input type=\"text\" id=\"wpforms-10645-field_0-last\" class=\"wpforms-field-name-last wpforms-field-required\" name=\"wpforms[fields][0][last]\" required><label for=\"wpforms-10645-field_0-last\" class=\"wpforms-field-sublabel after\">Sidste gang<\/label><\/div><\/div><\/div><div id=\"wpforms-10645-field_1-container\" class=\"wpforms-field wpforms-field-email\" data-field-id=\"1\"><label class=\"wpforms-field-label\" for=\"wpforms-10645-field_1\">E-mail <span class=\"wpforms-required-label\">*<\/span><\/label><input type=\"email\" id=\"wpforms-10645-field_1\" class=\"wpforms-field-medium wpforms-field-required\" data-rule-restricted-email=\"1\" name=\"wpforms[fields][1]\" spellcheck=\"false\" required><\/div><div id=\"wpforms-10645-field_3-container\" class=\"wpforms-field wpforms-field-text\" data-field-id=\"3\"><label class=\"wpforms-field-label\" for=\"wpforms-10645-field_3\">Virksomhed <span class=\"wpforms-required-label\">*<\/span><\/label><input type=\"text\" id=\"wpforms-10645-field_3\" class=\"wpforms-field-medium wpforms-field-required\" name=\"wpforms[fields][3]\" required><\/div><div id=\"wpforms-10645-field_2-container\" class=\"wpforms-field wpforms-field-textarea\" data-field-id=\"2\"><label class=\"wpforms-field-label\" for=\"wpforms-10645-field_2\">Kommentar eller besked<\/label><textarea id=\"wpforms-10645-field_2\" class=\"wpforms-field-medium\" name=\"wpforms[fields][2]\" ><\/textarea><\/div><div id=\"wpforms-10645-field_4-container\" class=\"wpforms-field wpforms-field-gdpr-checkbox\" data-field-id=\"4\"><label class=\"wpforms-field-label\">GDPR-aftale <span class=\"wpforms-required-label\">*<\/span><\/label><ul id=\"wpforms-10645-field_4\" class=\"wpforms-field-required\"><li class=\"choice-1\"><input type=\"checkbox\" id=\"wpforms-10645-field_4_1\" name=\"wpforms[fields][4][]\" value=\"I consent to having this website store my submitted information so they can respond to my inquiry.\" required><label class=\"wpforms-field-label-inline\" for=\"wpforms-10645-field_4_1\">Jeg giver samtykke til, at dette websted gemmer mine indsendte oplysninger, s\u00e5 de kan svare p\u00e5 min foresp\u00f8rgsel.<\/label><\/li><\/ul><\/div><\/div><!-- .wpforms-field-container --><div class=\"wpforms-recaptcha-container wpforms-is-recaptcha wpforms-is-recaptcha-type-v3\" ><input type=\"hidden\" name=\"wpforms[recaptcha]\" value=\"\"><\/div><div class=\"wpforms-submit-container\" ><input type=\"hidden\" name=\"wpforms[id]\" value=\"10645\"><input type=\"hidden\" name=\"page_title\" value=\"\"><input type=\"hidden\" name=\"page_url\" value=\"https:\/\/www.leaplytics.de\/da\/wp-json\/wp\/v2\/pages\/799\"><input type=\"hidden\" name=\"url_referer\" value=\"\"><button type=\"submit\" name=\"wpforms[submit]\" id=\"wpforms-submit-10645\" class=\"wpforms-submit\" data-alt-text=\"Sending...\" data-submit-text=\"Submit\" aria-live=\"assertive\" value=\"wpforms-submit\">Send ind<\/button><img loading=\"lazy\" decoding=\"async\" src=\"https:\/\/www.leaplytics.de\/wp-content\/plugins\/wpforms-lite\/assets\/images\/submit-spin.svg\" class=\"wpforms-submit-spinner\" style=\"display: none;\" width=\"26\" height=\"26\" alt=\"Indl\u00e6sning\"><\/div><input type=\"hidden\" name=\"trp-form-language\" value=\"da\"\/><\/form><\/div>  <!-- .wpforms-container -->","protected":false},"excerpt":{"rendered":"<p>Dashboard Project Management Dashboard Qlik Sense f\u00f8lger en enkel regel: Vis de rigtige projektoplysninger i den rigtige aggregering til de ansvarlige personer med \u00e9t blik, s\u00e5 de kan tr\u00e6ffe de rigtige beslutninger. I projektmilj\u00f8et er der forskellige interessenter, som har forskellige informationskrav og hver is\u00e6r et forskelligt detaljeringsniveau. Det ... <\/p>","protected":false},"author":1,"featured_media":0,"parent":111,"menu_order":0,"comment_status":"closed","ping_status":"closed","template":"","meta":{"footnotes":""},"class_list":["post-799","page","type-page","status-publish","hentry","latest_post"],"_links":{"self":[{"href":"https:\/\/www.leaplytics.de\/da\/wp-json\/wp\/v2\/pages\/799","targetHints":{"allow":["GET"]}}],"collection":[{"href":"https:\/\/www.leaplytics.de\/da\/wp-json\/wp\/v2\/pages"}],"about":[{"href":"https:\/\/www.leaplytics.de\/da\/wp-json\/wp\/v2\/types\/page"}],"author":[{"embeddable":true,"href":"https:\/\/www.leaplytics.de\/da\/wp-json\/wp\/v2\/users\/1"}],"replies":[{"embeddable":true,"href":"https:\/\/www.leaplytics.de\/da\/wp-json\/wp\/v2\/comments?post=799"}],"version-history":[{"count":3,"href":"https:\/\/www.leaplytics.de\/da\/wp-json\/wp\/v2\/pages\/799\/revisions"}],"predecessor-version":[{"id":13668,"href":"https:\/\/www.leaplytics.de\/da\/wp-json\/wp\/v2\/pages\/799\/revisions\/13668"}],"up":[{"embeddable":true,"href":"https:\/\/www.leaplytics.de\/da\/wp-json\/wp\/v2\/pages\/111"}],"wp:attachment":[{"href":"https:\/\/www.leaplytics.de\/da\/wp-json\/wp\/v2\/media?parent=799"}],"curies":[{"name":"wp","href":"https:\/\/api.w.org\/{rel}","templated":true}]}}