{"id":8644,"date":"2022-06-15T15:09:14","date_gmt":"2022-06-15T13:09:14","guid":{"rendered":"https:\/\/www.leaplytics.de\/?page_id=8644"},"modified":"2025-10-14T22:41:42","modified_gmt":"2025-10-14T20:41:42","slug":"retssag","status":"publish","type":"page","link":"https:\/\/www.leaplytics.de\/da\/retssag\/","title":{"rendered":"Anmodning om retssag"},"content":{"rendered":"<p>Vil du have en pr\u00f8veperiode? Udfyld venligst kontaktformularen. Vi sender dig gerne en fire ugers pr\u00f8velicens via e-mail.<\/p>\n\n\n<div class=\"wpforms-container wpforms-container-full wpforms-block wpforms-block-52fff7ef-9cf3-4f0c-a56f-a21c84af0066\" id=\"wpforms-10637\"><form id=\"wpforms-form-10637\" class=\"wpforms-validate wpforms-form wpforms-ajax-form\" data-formid=\"10637\" method=\"post\" enctype=\"multipart\/form-data\" action=\"\/da\/wp-json\/wp\/v2\/pages\/8644\" data-token=\"21157217b235e6e4abf860a2dee4fd18\" data-token-time=\"1775756005\" data-trp-original-action=\"\/da\/wp-json\/wp\/v2\/pages\/8644\"><noscript class=\"wpforms-error-noscript\">Aktiver venligst JavaScript i din browser for at udfylde denne formular.<\/noscript><div class=\"wpforms-field-container\"><div id=\"wpforms-10637-field_0-container\" class=\"wpforms-field wpforms-field-name\" data-field-id=\"0\"><label class=\"wpforms-field-label\">Navn <span class=\"wpforms-required-label\">*<\/span><\/label><div class=\"wpforms-field-row wpforms-field-medium\"><div class=\"wpforms-field-row-block wpforms-first wpforms-one-half\"><input type=\"text\" id=\"wpforms-10637-field_0\" class=\"wpforms-field-name-first wpforms-field-required\" name=\"wpforms[fields][0][first]\" required><label for=\"wpforms-10637-field_0\" class=\"wpforms-field-sublabel after\">F\u00f8rste gang<\/label><\/div><div class=\"wpforms-field-row-block wpforms-one-half\"><input type=\"text\" id=\"wpforms-10637-field_0-last\" class=\"wpforms-field-name-last wpforms-field-required\" name=\"wpforms[fields][0][last]\" required><label for=\"wpforms-10637-field_0-last\" class=\"wpforms-field-sublabel after\">Sidste gang<\/label><\/div><\/div><\/div><div id=\"wpforms-10637-field_1-container\" class=\"wpforms-field wpforms-field-email\" data-field-id=\"1\"><label class=\"wpforms-field-label\" for=\"wpforms-10637-field_1\">E-mail <span class=\"wpforms-required-label\">*<\/span><\/label><input type=\"email\" id=\"wpforms-10637-field_1\" class=\"wpforms-field-medium wpforms-field-required\" data-rule-restricted-email=\"1\" name=\"wpforms[fields][1]\" spellcheck=\"false\" required><\/div><div id=\"wpforms-10637-field_3-container\" class=\"wpforms-field wpforms-field-text\" data-field-id=\"3\"><label class=\"wpforms-field-label\" for=\"wpforms-10637-field_3\">Virksomhed <span class=\"wpforms-required-label\">*<\/span><\/label><input type=\"text\" id=\"wpforms-10637-field_3\" class=\"wpforms-field-medium wpforms-field-required\" name=\"wpforms[fields][3]\" required><\/div><div id=\"wpforms-10637-field_4-container\" class=\"wpforms-field wpforms-field-select wpforms-field-select-style-classic\" data-field-id=\"4\"><label class=\"wpforms-field-label\" for=\"wpforms-10637-field_4\">V\u00e6lg venligst din BI-platform: <span class=\"wpforms-required-label\">*<\/span><\/label><select id=\"wpforms-10637-field_4\" class=\"wpforms-field-medium wpforms-field-required\" name=\"wpforms[fields][4]\" required=\"required\"><option value=\"Power BI\" >Power BI<\/option><option value=\"Qlik Sense\" >Qlik Sense<\/option><\/select><\/div><div id=\"wpforms-10637-field_6-container\" class=\"wpforms-field wpforms-field-checkbox\" data-field-id=\"6\"><label class=\"wpforms-field-label\">V\u00e6lg venligst dit billede: <span class=\"wpforms-required-label\">*<\/span><\/label><ul id=\"wpforms-10637-field_6\" class=\"wpforms-field-required\"><li class=\"choice-1 depth-1\"><input type=\"checkbox\" id=\"wpforms-10637-field_6_1\" name=\"wpforms[fields][6][]\" value=\"Risk Heatmap\" required><label class=\"wpforms-field-label-inline\" for=\"wpforms-10637-field_6_1\">Heatmap over risiko<\/label><\/li><li class=\"choice-2 depth-1\"><input type=\"checkbox\" id=\"wpforms-10637-field_6_2\" name=\"wpforms[fields][6][]\" value=\"Traffic Light\" required><label class=\"wpforms-field-label-inline\" for=\"wpforms-10637-field_6_2\">Trafiklys<\/label><\/li><li class=\"choice-3 depth-1\"><input type=\"checkbox\" id=\"wpforms-10637-field_6_3\" name=\"wpforms[fields][6][]\" value=\"Gantt Chart\" required><label class=\"wpforms-field-label-inline\" for=\"wpforms-10637-field_6_3\">Gantt-diagram<\/label><\/li><li class=\"choice-5 depth-1\"><input type=\"checkbox\" id=\"wpforms-10637-field_6_5\" name=\"wpforms[fields][6][]\" value=\"Markdown Viewer\" required><label class=\"wpforms-field-label-inline\" for=\"wpforms-10637-field_6_5\">Markdown-visningsprogram<\/label><\/li><\/ul><\/div><div id=\"wpforms-10637-field_7-container\" class=\"wpforms-field wpforms-field-gdpr-checkbox\" data-field-id=\"7\"><label class=\"wpforms-field-label\">GDPR-aftale <span class=\"wpforms-required-label\">*<\/span><\/label><ul id=\"wpforms-10637-field_7\" class=\"wpforms-field-required\"><li class=\"choice-1\"><input type=\"checkbox\" id=\"wpforms-10637-field_7_1\" name=\"wpforms[fields][7][]\" value=\"I consent to having this website store my submitted information so they can respond to my inquiry.\" required><label class=\"wpforms-field-label-inline\" for=\"wpforms-10637-field_7_1\">Jeg giver samtykke til, at dette websted gemmer mine indsendte oplysninger, s\u00e5 de kan svare p\u00e5 min foresp\u00f8rgsel.<\/label><\/li><\/ul><\/div><\/div><!-- .wpforms-field-container --><div class=\"wpforms-recaptcha-container wpforms-is-recaptcha wpforms-is-recaptcha-type-v3\" ><input type=\"hidden\" name=\"wpforms[recaptcha]\" value=\"\"><\/div><div class=\"wpforms-submit-container\" ><input type=\"hidden\" name=\"wpforms[id]\" value=\"10637\"><input type=\"hidden\" name=\"page_title\" value=\"\"><input type=\"hidden\" name=\"page_url\" value=\"https:\/\/www.leaplytics.de\/da\/wp-json\/wp\/v2\/pages\/8644\"><input type=\"hidden\" name=\"url_referer\" value=\"\"><button type=\"submit\" name=\"wpforms[submit]\" id=\"wpforms-submit-10637\" class=\"wpforms-submit\" data-alt-text=\"Sending...\" data-submit-text=\"Submit\" aria-live=\"assertive\" value=\"wpforms-submit\">Send ind<\/button><img loading=\"lazy\" decoding=\"async\" src=\"https:\/\/www.leaplytics.de\/wp-content\/plugins\/wpforms-lite\/assets\/images\/submit-spin.svg\" class=\"wpforms-submit-spinner\" style=\"display: none;\" width=\"26\" height=\"26\" alt=\"Indl\u00e6sning\"><\/div><input type=\"hidden\" name=\"trp-form-language\" value=\"da\"\/><\/form><\/div>  <!-- .wpforms-container -->","protected":false},"excerpt":{"rendered":"<p>Vil du have en pr\u00f8veperiode? Udfyld venligst kontaktformularen. Vi sender dig gerne en fire ugers pr\u00f8velicens via e-mail.<\/p>","protected":false},"author":2,"featured_media":0,"parent":0,"menu_order":0,"comment_status":"closed","ping_status":"closed","template":"","meta":{"footnotes":""},"class_list":["post-8644","page","type-page","status-publish","hentry","latest_post"],"_links":{"self":[{"href":"https:\/\/www.leaplytics.de\/da\/wp-json\/wp\/v2\/pages\/8644","targetHints":{"allow":["GET"]}}],"collection":[{"href":"https:\/\/www.leaplytics.de\/da\/wp-json\/wp\/v2\/pages"}],"about":[{"href":"https:\/\/www.leaplytics.de\/da\/wp-json\/wp\/v2\/types\/page"}],"author":[{"embeddable":true,"href":"https:\/\/www.leaplytics.de\/da\/wp-json\/wp\/v2\/users\/2"}],"replies":[{"embeddable":true,"href":"https:\/\/www.leaplytics.de\/da\/wp-json\/wp\/v2\/comments?post=8644"}],"version-history":[{"count":2,"href":"https:\/\/www.leaplytics.de\/da\/wp-json\/wp\/v2\/pages\/8644\/revisions"}],"predecessor-version":[{"id":14030,"href":"https:\/\/www.leaplytics.de\/da\/wp-json\/wp\/v2\/pages\/8644\/revisions\/14030"}],"wp:attachment":[{"href":"https:\/\/www.leaplytics.de\/da\/wp-json\/wp\/v2\/media?parent=8644"}],"curies":[{"name":"wp","href":"https:\/\/api.w.org\/{rel}","templated":true}]}}