{"id":11871,"date":"2023-06-17T21:49:52","date_gmt":"2023-06-17T19:49:52","guid":{"rendered":"https:\/\/www.leaplytics.de\/?page_id=11871"},"modified":"2023-11-03T11:27:35","modified_gmt":"2023-11-03T10:27:35","slug":"einstieg-markdown-viewer-power-bi","status":"publish","type":"page","link":"https:\/\/www.leaplytics.de\/de\/einstieg-markdown-viewer-power-bi\/","title":{"rendered":"Erste Schritte - Markdown Viewer"},"content":{"rendered":"<p>Nachdem Sie unsere Visualisierung geladen haben, fragen Sie sich sicher, was nun zu tun ist. Genau das werden wir Ihnen in diesem Tutorial erkl\u00e4ren.<\/p>\n\n\n\n<h3 class=\"wp-block-heading\">1. Ziehen Sie das Visual auf das Dashboard<\/h3>\n\n\n<div class=\"wp-block-image\">\n<figure class=\"alignleft size-full\"><img loading=\"lazy\" decoding=\"async\" width=\"281\" height=\"350\" src=\"https:\/\/www.leaplytics.de\/wp-content\/uploads\/2023\/11\/md.png\" alt=\"\" class=\"wp-image-12805\" srcset=\"https:\/\/www.leaplytics.de\/wp-content\/uploads\/2023\/11\/md.png 281w, https:\/\/www.leaplytics.de\/wp-content\/uploads\/2023\/11\/md-241x300.png 241w, https:\/\/www.leaplytics.de\/wp-content\/uploads\/2023\/11\/md-48x60.png 48w\" sizes=\"auto, (max-width: 281px) 100vw, 281px\" \/><\/figure><\/div>\n\n\n<div class=\"wp-block-columns is-layout-flex wp-container-core-columns-is-layout-1 wp-block-columns-is-layout-flex\">\n<div class=\"wp-block-column is-layout-flow wp-block-column-is-layout-flow\" style=\"flex-basis:66.66%\">\n<p>\u00d6ffnen Sie Microsoft Power BI und den entsprechenden Bericht oder das Arbeitsblatt, in dem Sie die Visualisierung \"Markdown Viewer\" verwenden m\u00f6chten. \u00d6ffnen Sie Ihr Arbeitsblatt im Bearbeitungsmodus und Sie finden das \"Markdown Viewer\"-Visual sowie alle anderen von Ihnen erworbenen LeapLytics-Produkte im Abschnitt \"Visualisierungen\". Klicken Sie auf das Visual, um es auf Ihrem Arbeitsblatt zu platzieren (<em>Sie k\u00f6nnen das Aussehen des Visuals sp\u00e4ter \u00fcber den Bereich \"Format\" \u00e4ndern<\/em>).<\/p>\n<\/div>\n<\/div>\n\n\n\n<div style=\"height:16px\" aria-hidden=\"true\" class=\"wp-block-spacer\"><\/div>\n\n\n\n<h3 class=\"wp-block-heading\">2. Eigentumspanel<\/h3>\n\n\n<div class=\"wp-block-image\">\n<figure class=\"alignleft size-full\"><img loading=\"lazy\" decoding=\"async\" width=\"187\" height=\"411\" src=\"https:\/\/www.leaplytics.de\/wp-content\/uploads\/2023\/11\/md2.png\" alt=\"\" class=\"wp-image-12806\" srcset=\"https:\/\/www.leaplytics.de\/wp-content\/uploads\/2023\/11\/md2.png 187w, https:\/\/www.leaplytics.de\/wp-content\/uploads\/2023\/11\/md2-136x300.png 136w, https:\/\/www.leaplytics.de\/wp-content\/uploads\/2023\/11\/md2-27x60.png 27w\" sizes=\"auto, (max-width: 187px) 100vw, 187px\" \/><\/figure><\/div>\n\n\n<div class=\"wp-block-columns is-layout-flex wp-container-core-columns-is-layout-2 wp-block-columns-is-layout-flex\">\n<div class=\"wp-block-column is-layout-flow wp-block-column-is-layout-flow\" style=\"flex-basis:33.33%\">\n<p>Nachdem Sie eine oder mehrere Instanzen des Visuals auf Ihrem Dashboard platziert haben, wird auf der rechten Seite das Eigenschaftsfenster angezeigt. Das Eigenschaftsfenster ist in die Abschnitte \"Felder\", \"Format\" und \"Analyse\" unterteilt.<\/p>\n\n\n\n<p>In den folgenden Kapiteln erfahren Sie, wie Sie LeapLytics \"Markdown Viewer\" visuell nutzen und wie Sie ihn durch die richtige Verwendung der Eigenschaften an Ihre Bed\u00fcrfnisse anpassen k\u00f6nnen.<\/p>\n<\/div>\n<\/div>\n\n\n\n<div style=\"height:16px\" aria-hidden=\"true\" class=\"wp-block-spacer\"><\/div>\n\n\n\n<h3 class=\"wp-block-heading\">3. Daten hinzuf\u00fcgen<\/h3>\n\n\n<div class=\"wp-block-image\">\n<figure class=\"alignleft size-full\"><img loading=\"lazy\" decoding=\"async\" width=\"364\" height=\"409\" src=\"https:\/\/www.leaplytics.de\/wp-content\/uploads\/2023\/11\/md3.png\" alt=\"\" class=\"wp-image-12807\" srcset=\"https:\/\/www.leaplytics.de\/wp-content\/uploads\/2023\/11\/md3.png 364w, https:\/\/www.leaplytics.de\/wp-content\/uploads\/2023\/11\/md3-267x300.png 267w, https:\/\/www.leaplytics.de\/wp-content\/uploads\/2023\/11\/md3-53x60.png 53w\" sizes=\"auto, (max-width: 364px) 100vw, 364px\" \/><\/figure><\/div>\n\n\n<div class=\"wp-block-columns is-layout-flex wp-container-core-columns-is-layout-3 wp-block-columns-is-layout-flex\">\n<div class=\"wp-block-column is-layout-flow wp-block-column-is-layout-flow\" style=\"flex-basis:66.66%\">\n<p>W\u00e4hlen Sie eine Dimension aus dem Abschnitt \"Daten\" aus, indem Sie darauf klicken oder sie auf das Feld \"Daten\" des Bildmaterials ziehen.<\/p>\n\n\n\n<p><strong>Bei der Verwendung unseres Markdown-Viewers muss sichergestellt sein, dass die Daten einer Dimension im Markdown-Format vorliegen.<\/strong><\/p>\n<\/div>\n<\/div>\n\n\n\n<div style=\"height:16px\" aria-hidden=\"true\" class=\"wp-block-spacer\"><\/div>\n\n\n\n<h3 class=\"wp-block-heading\">4. Ergebnis<\/h3>\n\n\n\n<figure class=\"wp-block-image size-large\"><img loading=\"lazy\" decoding=\"async\" width=\"1024\" height=\"407\" src=\"https:\/\/www.leaplytics.de\/wp-content\/uploads\/2023\/11\/grafik-2-1024x407.png\" alt=\"\" class=\"wp-image-12810\" srcset=\"https:\/\/www.leaplytics.de\/wp-content\/uploads\/2023\/11\/grafik-2-1024x407.png 1024w, https:\/\/www.leaplytics.de\/wp-content\/uploads\/2023\/11\/grafik-2-300x119.png 300w, https:\/\/www.leaplytics.de\/wp-content\/uploads\/2023\/11\/grafik-2-768x305.png 768w, https:\/\/www.leaplytics.de\/wp-content\/uploads\/2023\/11\/grafik-2-1536x610.png 1536w, https:\/\/www.leaplytics.de\/wp-content\/uploads\/2023\/11\/grafik-2-151x60.png 151w, https:\/\/www.leaplytics.de\/wp-content\/uploads\/2023\/11\/grafik-2.png 1880w\" sizes=\"auto, (max-width: 1024px) 100vw, 1024px\" \/><\/figure>","protected":false},"excerpt":{"rendered":"<p>Nachdem Sie unsere Visualisierung geladen haben, fragen Sie sich sicher, was nun zu tun ist. Genau das werden wir Ihnen in diesem Tutorial erkl\u00e4ren. 1. Visualisierung auf Arbeitsblatt ziehen \u00d6ffnen Sie Microsoft Power BI und den entsprechenden Bericht oder das Arbeitsblatt, in dem Sie die Visualisierung \"Markdown Viewer\" verwenden m\u00f6chten. \u00d6ffnen Sie Ihr Arbeitsblatt in ... <\/p>","protected":false},"author":2,"featured_media":0,"parent":0,"menu_order":0,"comment_status":"closed","ping_status":"closed","template":"","meta":{"footnotes":""},"class_list":["post-11871","page","type-page","status-publish","hentry","latest_post"],"_links":{"self":[{"href":"https:\/\/www.leaplytics.de\/de\/wp-json\/wp\/v2\/pages\/11871","targetHints":{"allow":["GET"]}}],"collection":[{"href":"https:\/\/www.leaplytics.de\/de\/wp-json\/wp\/v2\/pages"}],"about":[{"href":"https:\/\/www.leaplytics.de\/de\/wp-json\/wp\/v2\/types\/page"}],"author":[{"embeddable":true,"href":"https:\/\/www.leaplytics.de\/de\/wp-json\/wp\/v2\/users\/2"}],"replies":[{"embeddable":true,"href":"https:\/\/www.leaplytics.de\/de\/wp-json\/wp\/v2\/comments?post=11871"}],"version-history":[{"count":0,"href":"https:\/\/www.leaplytics.de\/de\/wp-json\/wp\/v2\/pages\/11871\/revisions"}],"wp:attachment":[{"href":"https:\/\/www.leaplytics.de\/de\/wp-json\/wp\/v2\/media?parent=11871"}],"curies":[{"name":"wp","href":"https:\/\/api.w.org\/{rel}","templated":true}]}}