{"id":11926,"date":"2023-07-18T10:22:34","date_gmt":"2023-07-18T08:22:34","guid":{"rendered":"https:\/\/www.leaplytics.de\/?page_id=11926"},"modified":"2024-10-29T12:39:50","modified_gmt":"2024-10-29T11:39:50","slug":"markdown-viewer-visual-fur-power-bi","status":"publish","type":"page","link":"https:\/\/www.leaplytics.de\/de\/markdown-viewer-visual-fur-power-bi\/","title":{"rendered":"Visueller Markdown-Viewer f\u00fcr Power BI"},"content":{"rendered":"<p>Das neue Markdown-to-HTML Custom Visual f\u00fcr Power BI: Erz\u00e4hlen Sie Ihre Datengeschichte mit einem vollwertigen Texteditor in Ihrem Daten-Dashboard! Heben Sie relevante Informationen durch formatierten Text in Ihrer Datenvisualisierung hervor!<\/p>\n\n\n\n<p>Wir freuen uns, eine bahnbrechende L\u00f6sung vorstellen zu k\u00f6nnen, mit der Power BI-Benutzer nahtlos sch\u00f6n formatierten Text in ihre Berichte und Dashboards integrieren k\u00f6nnen.<\/p>\n\n\n\n<h3 class=\"wp-block-heading has-text-align-left\">Vorteile<\/h3>\n\n\n\n<h5 class=\"wp-block-heading\">Entfesseln Sie die Macht von Markdown<\/h5>\n\n\n\n<p>Die weit verbreitete Markup-Sprache mit einfachen und ausdrucksstarken Textformatierungsfunktionen erm\u00f6glicht es Ihnen, \u00dcberschriften, Listen, Links und andere formatierte Textelemente direkt neben Ihren Datenvisualisierungen zu erstellen!<\/p>\n\n\n\n<h5 class=\"wp-block-heading\">Fesselnde visuelle Erz\u00e4hlungen erstellen<\/h5>\n\n\n\n<p>Mit dem benutzerdefinierten visuellen Markdown-to-HTML k\u00f6nnen Sie fesselnde Erz\u00e4hlungen in Ihrer Datengeschichte erstellen, indem Sie reich formatierten Text nahtlos mit Ihren Visualisierungen verbinden. Sie k\u00f6nnen detaillierte Erkl\u00e4rungen, Einblicke und unterst\u00fctzende Dokumentation direkt neben Ihren Daten bereitstellen und so die Klarheit und Wirkung Ihrer Botschaft verbessern.<\/p>\n\n\n\n<h5 class=\"wp-block-heading\">Rationalisierte Integration<\/h5>\n\n\n\n<p>Unser benutzerdefiniertes Visual f\u00fcgt sich nahtlos in Ihre Power BI-Umgebung ein und sorgt f\u00fcr eine benutzerfreundliche Erfahrung. Geben Sie einfach Ihren Markdown-Code ein oder stellen Sie eine Verbindung zu einer Datenquelle mit Markdown-Inhalten her, und unser Visual erledigt den Rest.<\/p>\n\n\n\n<h5 class=\"wp-block-heading\">Anpassen an Ihren Stil<\/h5>\n\n\n\n<p>Unser benutzerdefiniertes Markdown-to-HTML-Visual bietet umfangreiche Anpassungsm\u00f6glichkeiten, um Ihre einzigartige Markenidentit\u00e4t einzubringen. Passen Sie das Erscheinungsbild des Bildmaterials, wie Schriftarten, Farben und Hintergr\u00fcnde, an Ihr Branding oder Berichtsthema an, um die Identit\u00e4t Ihrer Organisation koh\u00e4rent und professionell zu pr\u00e4sentieren.<\/p>\n\n\n\n<h5 class=\"wp-block-heading\">F\u00f6rderung von Zusammenarbeit und Wissensaustausch<\/h5>\n\n\n\n<p>F\u00f6rdern Sie die Zusammenarbeit, den Wissensaustausch und optimierte Arbeitsabl\u00e4ufe in Ihrem Unternehmen mit diesem beliebten Format f\u00fcr Zusammenarbeit und Wissensaustausch.<\/p>\n\n\n\n<p>Verbessern Sie Ihre Datenvisualisierung mit unserem Markdown-to-HTML Custom Visual f\u00fcr Power BI. Pr\u00e4sentieren Sie Ihre Erkenntnisse und Analysen auf eine visuell beeindruckende und ansprechende Weise, die Ihr Publikum fesselt. Ganz gleich, ob Sie Datenanalyst, Fach- oder F\u00fchrungskraft sind, dieses Visual hilft Ihnen, komplexe Ideen m\u00fchelos zu vermitteln und einen bleibenden Eindruck zu hinterlassen.<\/p>\n\n\n\n<p>Sind Sie bereit, Ihre Power BI-Berichte und -Dashboards zu ver\u00e4ndern? Laden Sie noch heute unser Markdown-to-HTML Custom Visual herunter und erschlie\u00dfen Sie sich eine Welt dynamischer Textformatierungsm\u00f6glichkeiten.<\/p>\n\n\n\n<p><em>Unterst\u00fctzen Sie Ihre Datenpr\u00e4sentationen mit der perfekten Mischung aus visueller \u00c4sthetik und informativem Inhalt. Erleben Sie die Zukunft des Data Storytelling mit Markdown und Power BI.<\/em><\/p>\n\n\n\n<p><\/p>\n\n\n\n<h3 class=\"wp-block-heading\">Ihre Testlizenz anfordern<\/h3>\n\n\n<div class=\"wpforms-container wpforms-container-full\" id=\"wpforms-11888\"><form id=\"wpforms-form-11888\" class=\"wpforms-validate wpforms-form wpforms-ajax-form\" data-formid=\"11888\" method=\"post\" enctype=\"multipart\/form-data\" action=\"\/de\/wp-json\/wp\/v2\/pages\/11926\" data-token=\"eea5bbbf8bd8d59fccefd3b72b8ac8b9\" data-token-time=\"1775923690\" data-trp-original-action=\"\/de\/wp-json\/wp\/v2\/pages\/11926\"><noscript class=\"wpforms-error-noscript\">Bitte aktivieren Sie JavaScript in Ihrem Browser, um dieses Formular fertigzustellen.<\/noscript><div class=\"wpforms-field-container\"><div id=\"wpforms-11888-field_0-container\" class=\"wpforms-field wpforms-field-name\" data-field-id=\"0\"><label class=\"wpforms-field-label\">Name <span class=\"wpforms-required-label\">*<\/span><\/label><div class=\"wpforms-field-row wpforms-field-medium\"><div class=\"wpforms-field-row-block wpforms-first wpforms-one-half\"><input type=\"text\" id=\"wpforms-11888-field_0\" class=\"wpforms-field-name-first wpforms-field-required\" name=\"wpforms[fields][0][first]\" required><label for=\"wpforms-11888-field_0\" class=\"wpforms-field-sublabel after\">Vorname<\/label><\/div><div class=\"wpforms-field-row-block wpforms-one-half\"><input type=\"text\" id=\"wpforms-11888-field_0-last\" class=\"wpforms-field-name-last wpforms-field-required\" name=\"wpforms[fields][0][last]\" required><label for=\"wpforms-11888-field_0-last\" class=\"wpforms-field-sublabel after\">Nachname<\/label><\/div><\/div><\/div><div id=\"wpforms-11888-field_1-container\" class=\"wpforms-field wpforms-field-email\" data-field-id=\"1\"><label class=\"wpforms-field-label\" for=\"wpforms-11888-field_1\">Gesch\u00e4ftliche E-Mail <span class=\"wpforms-required-label\">*<\/span><\/label><input type=\"email\" id=\"wpforms-11888-field_1\" class=\"wpforms-field-medium wpforms-field-required\" data-rule-restricted-email=\"1\" name=\"wpforms[fields][1]\" spellcheck=\"false\" required><\/div><div id=\"wpforms-11888-field_4-container\" class=\"wpforms-field wpforms-field-text\" data-field-id=\"4\"><label class=\"wpforms-field-label\" for=\"wpforms-11888-field_4\">Unternehmen <span class=\"wpforms-required-label\">*<\/span><\/label><input type=\"text\" id=\"wpforms-11888-field_4\" class=\"wpforms-field-medium wpforms-field-required\" name=\"wpforms[fields][4]\" required><\/div><div id=\"wpforms-11888-field_3-container\" class=\"wpforms-field wpforms-field-gdpr-checkbox\" data-field-id=\"3\"><label class=\"wpforms-field-label\">DSGVO-Vereinbarung <span class=\"wpforms-required-label\">*<\/span><\/label><ul id=\"wpforms-11888-field_3\" class=\"wpforms-field-required\"><li class=\"choice-1\"><input type=\"checkbox\" id=\"wpforms-11888-field_3_1\" name=\"wpforms[fields][3][]\" value=\"I consent to having this website store my submitted information so they can respond to my inquiry.\" required><label class=\"wpforms-field-label-inline\" for=\"wpforms-11888-field_3_1\">Ich bin damit einverstanden, dass diese Website die von mir \u00fcbermittelten Daten speichert, damit sie auf meine Anfrage antworten kann.<\/label><\/li><\/ul><\/div><\/div><!-- .wpforms-field-container --><div class=\"wpforms-recaptcha-container wpforms-is-recaptcha wpforms-is-recaptcha-type-v3\" ><input type=\"hidden\" name=\"wpforms[recaptcha]\" value=\"\"><\/div><div class=\"wpforms-submit-container\" ><input type=\"hidden\" name=\"wpforms[id]\" value=\"11888\"><input type=\"hidden\" name=\"page_title\" value=\"\"><input type=\"hidden\" name=\"page_url\" value=\"https:\/\/www.leaplytics.de\/de\/wp-json\/wp\/v2\/pages\/11926\"><input type=\"hidden\" name=\"url_referer\" value=\"\"><button type=\"submit\" name=\"wpforms[submit]\" id=\"wpforms-submit-11888\" class=\"wpforms-submit\" data-alt-text=\"Sending...\" data-submit-text=\"Submit\" aria-live=\"assertive\" value=\"wpforms-submit\">Einreichen<\/button><img loading=\"lazy\" decoding=\"async\" src=\"https:\/\/www.leaplytics.de\/wp-content\/plugins\/wpforms-lite\/assets\/images\/submit-spin.svg\" class=\"wpforms-submit-spinner\" style=\"display: none;\" width=\"26\" height=\"26\" alt=\"Wird geladen\"><\/div><input type=\"hidden\" name=\"trp-form-language\" value=\"de\"\/><\/form><\/div>  <!-- .wpforms-container -->\n\n\n\n<div style=\"height:50px\" aria-hidden=\"true\" class=\"wp-block-spacer\"><\/div>\n\n\n\n<h3 class=\"wp-block-heading has-text-align-left\" id=\"tutorial\">Erste Schritte<\/h3>\n\n\n\n<p><em>Wie kann ich anfangen?<\/em> Fordern Sie oben eine Testlizenz an. Und wenn Sie einen Lizenzcode erhalten haben? Klicken Sie einfach unten, um unser Tutorial zu starten.<\/p>\n\n\n\n<figure class=\"wp-block-embed is-type-wp-embed is-provider-leaplytics wp-block-embed-leaplytics\"><div class=\"wp-block-embed__wrapper\">\n<blockquote class=\"wp-embedded-content\" data-secret=\"IL8vEweSWi\"><a href=\"https:\/\/www.leaplytics.de\/de\/einstieg-markdown-viewer-power-bi\/\">Erste Schritte - Markdown Viewer<\/a><\/blockquote><iframe loading=\"lazy\" class=\"wp-embedded-content\" sandbox=\"allow-scripts\" security=\"restricted\" style=\"position: absolute; clip: rect(1px, 1px, 1px, 1px);\" title=\"&quot;Erste Schritte - Markdown Viewer&quot; - LeapLytics\" src=\"https:\/\/www.leaplytics.de\/getting-started-markdown-viewer-power-bi\/embed\/#?secret=huMdA44Ho4#?secret=IL8vEweSWi\" data-secret=\"IL8vEweSWi\" width=\"600\" height=\"338\" frameborder=\"0\" marginwidth=\"0\" marginheight=\"0\" scrolling=\"no\"><\/iframe>\n<\/div><\/figure>","protected":false},"excerpt":{"rendered":"<p>Das neue Markdown-to-HTML Custom Visual f\u00fcr Power BI: Erz\u00e4hlen Sie Ihre Datengeschichte mit einem vollwertigen Texteditor in Ihrem Daten-Dashboard! Heben Sie relevante Informationen durch formatierten Text in Ihrer Datenvisualisierung hervor! Wir freuen uns, eine bahnbrechende L\u00f6sung vorstellen zu k\u00f6nnen, die es Power BI-Benutzern erm\u00f6glicht, sch\u00f6n formatierten Text nahtlos in ihre Berichte und ... <\/p>","protected":false},"author":2,"featured_media":0,"parent":0,"menu_order":0,"comment_status":"closed","ping_status":"closed","template":"","meta":{"footnotes":""},"class_list":["post-11926","page","type-page","status-publish","hentry","latest_post"],"_links":{"self":[{"href":"https:\/\/www.leaplytics.de\/de\/wp-json\/wp\/v2\/pages\/11926","targetHints":{"allow":["GET"]}}],"collection":[{"href":"https:\/\/www.leaplytics.de\/de\/wp-json\/wp\/v2\/pages"}],"about":[{"href":"https:\/\/www.leaplytics.de\/de\/wp-json\/wp\/v2\/types\/page"}],"author":[{"embeddable":true,"href":"https:\/\/www.leaplytics.de\/de\/wp-json\/wp\/v2\/users\/2"}],"replies":[{"embeddable":true,"href":"https:\/\/www.leaplytics.de\/de\/wp-json\/wp\/v2\/comments?post=11926"}],"version-history":[{"count":3,"href":"https:\/\/www.leaplytics.de\/de\/wp-json\/wp\/v2\/pages\/11926\/revisions"}],"predecessor-version":[{"id":13652,"href":"https:\/\/www.leaplytics.de\/de\/wp-json\/wp\/v2\/pages\/11926\/revisions\/13652"}],"wp:attachment":[{"href":"https:\/\/www.leaplytics.de\/de\/wp-json\/wp\/v2\/media?parent=11926"}],"curies":[{"name":"wp","href":"https:\/\/api.w.org\/{rel}","templated":true}]}}