{"id":12086,"date":"2023-08-02T17:05:19","date_gmt":"2023-08-02T15:05:19","guid":{"rendered":"https:\/\/www.leaplytics.de\/?page_id=12086"},"modified":"2023-08-06T14:32:15","modified_gmt":"2023-08-06T12:32:15","slug":"qlikview-migration-zu-power-bi","status":"publish","type":"page","link":"https:\/\/www.leaplytics.de\/de\/qlikview-migration-zu-power-bi\/","title":{"rendered":"QlikView-Migration zu Power BI - Unser Ansatz"},"content":{"rendered":"<p>Sie nutzen derzeit QlikView und erw\u00e4gen einen Wechsel zu Power BI?  Wir von LeapLytics haben uns darauf spezialisiert, Ihnen durch fachkundige Migrationsdienste einen nahtlosen \u00dcbergang von QlikView zu Power BI zu erm\u00f6glichen. Unser Team aus qualifizierten Fachleuten verf\u00fcgt \u00fcber umfangreiche Erfahrung in der Durchf\u00fchrung solcher Migrationen und gew\u00e4hrleistet einen reibungslosen und effizienten Prozess f\u00fcr Ihr Unternehmen.<\/p>\n\n\n\n<h3 class=\"wp-block-heading\"><strong>Warum von QlikView zu Power BI migrieren?<\/strong><\/h3>\n\n\n\n<p>Da sich die Business-Intelligence-Technologien st\u00e4ndig weiterentwickeln, ist es f\u00fcr Unternehmen oft von Vorteil, auf modernere und robustere Plattformen wie Power BI zu wechseln. Hier sind einige \u00fcberzeugende Gr\u00fcnde, die f\u00fcr eine Migration von QlikView zu Power BI sprechen:<\/p>\n\n\n\n<ol class=\"wp-block-list\">\n<li><strong>Verbesserte Datenvisualisierung:<\/strong> Power BI bietet eine breite Palette von Visualisierungsoptionen, mit denen Sie Daten aufschlussreicher und interaktiver darstellen k\u00f6nnen, um Ihren Entscheidungstr\u00e4gern bessere Einblicke zu erm\u00f6glichen.<\/li>\n\n\n\n<li><strong>Integration in das Microsoft-\u00d6kosystem:<\/strong> Wenn Ihr Unternehmen bereits Microsoft-Tools wie Excel, SharePoint oder Office 365 einsetzt, l\u00e4sst sich Power BI nahtlos in diese Plattformen integrieren und optimiert so Ihren Workflow.<\/li>\n\n\n\n<li><strong>Skalierbarkeit und Leistung:<\/strong> Wenn Ihr Datenbedarf w\u00e4chst, kann Power BI gro\u00dfe Datens\u00e4tze und komplexe Abfragen mit bemerkenswerter Effizienz und Geschwindigkeit verarbeiten.<\/li>\n\n\n\n<li><strong>Cloud-F\u00e4higkeiten:<\/strong> Mit den Cloud-Funktionen von Power BI k\u00f6nnen Sie problemlos Berichte austauschen und mit Kollegen zusammenarbeiten, um den Echtzeitzugriff auf wichtige Informationen zu gew\u00e4hrleisten.<\/li>\n\n\n\n<li><strong>Regelm\u00e4\u00dfige Updates und Support:<\/strong> Power BI wird von Microsoft regelm\u00e4\u00dfig aktualisiert und verbessert, sodass Sie immer Zugang zu den neuesten Funktionen und Erweiterungen haben.<\/li>\n<\/ol>\n\n\n\n<h3 class=\"wp-block-heading\"><strong>\u00dcberlegungen f\u00fcr eine erfolgreiche Migration von QlikView zu Power BI<\/strong><\/h3>\n\n\n\n<p>Die Migration von einer Business Intelligence-Plattform zu einer anderen kann ein komplexes Unterfangen sein. Um eine erfolgreiche Migration zu gew\u00e4hrleisten, ist es unerl\u00e4sslich, die folgenden wichtigen \u00dcberlegungen anzustellen:<\/p>\n\n\n\n<ol class=\"wp-block-list\">\n<li><strong>Bewertung der Daten:<\/strong> Analysieren Sie Ihre vorhandenen QlikView-Daten, um deren Struktur, Qualit\u00e4t und Relevanz f\u00fcr die Migration zu bestimmen. Identifizieren Sie m\u00f6gliche Anforderungen an die Datenbereinigung und -transformation.<\/li>\n\n\n\n<li><strong>Mapping von Datenbest\u00e4nden, Berichten und Dashboards:<\/strong> Verstehen Sie Ihre aktuellen QlikView Datenbest\u00e4nde, Berichte und Dashboards genau. Erstellen Sie einen Mapping-Plan, um diese Visualisierungen in Power BI zu replizieren und dabei die einzigartigen Funktionen von Power BI zu nutzen.<\/li>\n\n\n\n<li><strong>Datenmodellierung in Power BI:<\/strong> Entwerfen Sie ein effizientes Datenmodell in Power BI, das auf Ihre Gesch\u00e4ftsanforderungen abgestimmt ist und die Leistung optimiert.<\/li>\n\n\n\n<li><strong>Sicherheit und Berechtigungen:<\/strong> Definieren Sie Sicherheitsrollen und Berechtigungen in Power BI, um sicherzustellen, dass der Datenzugriff angemessen verwaltet und eingeschr\u00e4nkt wird.<\/li>\n\n\n\n<li><strong>Benutzerschulung und -anpassung:<\/strong> Bereiten Sie Ihr Team auf die Migration vor, indem Sie eine umfassende Schulung zu den Merkmalen und Funktionen von Power BI anbieten.<\/li>\n\n\n\n<li><strong>Pr\u00fcfung und Qualit\u00e4tssicherung:<\/strong> F\u00fchren Sie strenge Tests durch, um eventuelle Probleme zu erkennen und zu beheben, bevor Sie die L\u00f6sung in Betrieb nehmen.<\/li>\n\n\n\n<li><strong>Unterst\u00fctzung nach der Migration:<\/strong> Bieten Sie fortlaufenden Support an, um etwaige Herausforderungen nach der Migration zu bew\u00e4ltigen und den Anwendern dabei zu helfen, die Funktionen von Power BI vollst\u00e4ndig zu nutzen.<\/li>\n<\/ol>\n\n\n\n<h3 class=\"wp-block-heading\"><strong>Wie LeapLytics Ihre erfolgreiche Migration von QlikView zu Power BI sicherstellt?<\/strong><\/h3>\n\n\n\n<p>Wir bei LeapLytics sind stolz auf unseren kundenorientierten Ansatz und unser tiefes Verst\u00e4ndnis von QlikView und Power BI. Unser Expertenteam verf\u00fcgt \u00fcber die erforderlichen F\u00e4higkeiten und Kenntnisse, um den Migrationsprozess nahtlos durchzuf\u00fchren und minimale Unterbrechungen Ihrer Gesch\u00e4ftsabl\u00e4ufe zu gew\u00e4hrleisten. Wenn Sie sich f\u00fcr uns entscheiden, profitieren Sie von:<\/p>\n\n\n\n<ul class=\"wp-block-list\">\n<li><strong>Erfahrung und Fachwissen:<\/strong> Unsere erfahrenen Fachleute haben bereits zahlreiche Migrationen von QlikView zu Power BI erfolgreich durchgef\u00fchrt und sind daher in der Lage, alle auftretenden Komplexit\u00e4ten zu bew\u00e4ltigen.<\/li>\n\n\n\n<li><strong>Ma\u00dfgeschneiderte L\u00f6sungen:<\/strong> Wir wissen, dass die Bed\u00fcrfnisse jedes Unternehmens einzigartig sind. Daher bieten wir personalisierte Migrationsstrategien, die auf Ihre spezifischen Anforderungen abgestimmt sind.<\/li>\n\n\n\n<li><strong>Datensicherheit:<\/strong> Wir legen gr\u00f6\u00dften Wert auf die Sicherheit Ihrer sensiblen Daten und befolgen die besten Praktiken der Branche, um Ihre Daten w\u00e4hrend und nach der Migration zu sch\u00fctzen.<\/li>\n\n\n\n<li><strong>Kontinuierliche Unterst\u00fctzung:<\/strong> Unser Engagement f\u00fcr Ihren Erfolg geht \u00fcber den Migrationsprozess hinaus. Wir bieten fortlaufenden Support, um alle Bedenken auszur\u00e4umen und Sie bei der Einf\u00fchrung von Power BI zu unterst\u00fctzen.<\/li>\n<\/ul>\n\n\n\n<p>LeapLytics ist Ihr zuverl\u00e4ssiger Partner, wenn es darum geht, den Wechsel von QlikView zu Power BI so nahtlos wie m\u00f6glich zu gestalten. Kontaktieren Sie uns noch heute, um mehr \u00fcber unsere Migrationsservices zu erfahren und den ersten Schritt zur Erschlie\u00dfung des wahren Potenzials Ihrer Daten zu machen.<\/p>\n\n\n\n<h4 class=\"wp-block-heading\"><strong>Kontaktieren Sie uns heute<\/strong><\/h4>\n\n\n\n<p>Haben Sie Fragen zur Migration von QlikView zu Power BI oder Interesse an unseren Dienstleistungen? Z\u00f6gern Sie nicht, uns f\u00fcr ein Beratungsgespr\u00e4ch anzusprechen. Wir helfen Ihnen gerne bei einem reibungslosen und erfolgreichen Umstieg auf Power BI. Nehmen Sie Kontakt mit unseren Experten auf und <a href=\"https:\/\/www.leaplytics.de\/de\/kontakt\/\"><strong>Senden Sie uns eine Nachricht<\/strong><\/a>.<\/p>\n\n\n\n<p>(<em>Sie k\u00f6nnen uns auch dann kontaktieren, wenn Sie Beratung zu einem anderen Aspekt von Business Intelligence, Datenanalyse oder Visualisierung ben\u00f6tigen. Unser Team ist gut ger\u00fcstet, um Sie bei verschiedenen datenbezogenen Vorhaben zu unterst\u00fctzen.<\/em>)<\/p>","protected":false},"excerpt":{"rendered":"<p>Sie nutzen derzeit QlikView und erw\u00e4gen einen Wechsel zu Power BI? Wir von LeapLytics haben uns darauf spezialisiert, Ihnen durch fachkundige Migrationsdienste einen nahtlosen \u00dcbergang von QlikView zu Power BI zu erm\u00f6glichen. Unser Team aus qualifizierten Fachleuten verf\u00fcgt \u00fcber umfangreiche Erfahrung im Umgang mit solchen Migrationen und gew\u00e4hrleistet einen reibungslosen und effizienten Prozess f\u00fcr Ihr Unternehmen. Warum von ... migrieren? <\/p>","protected":false},"author":2,"featured_media":0,"parent":0,"menu_order":0,"comment_status":"closed","ping_status":"closed","template":"","meta":{"footnotes":""},"class_list":["post-12086","page","type-page","status-publish","hentry","latest_post"],"_links":{"self":[{"href":"https:\/\/www.leaplytics.de\/de\/wp-json\/wp\/v2\/pages\/12086","targetHints":{"allow":["GET"]}}],"collection":[{"href":"https:\/\/www.leaplytics.de\/de\/wp-json\/wp\/v2\/pages"}],"about":[{"href":"https:\/\/www.leaplytics.de\/de\/wp-json\/wp\/v2\/types\/page"}],"author":[{"embeddable":true,"href":"https:\/\/www.leaplytics.de\/de\/wp-json\/wp\/v2\/users\/2"}],"replies":[{"embeddable":true,"href":"https:\/\/www.leaplytics.de\/de\/wp-json\/wp\/v2\/comments?post=12086"}],"version-history":[{"count":0,"href":"https:\/\/www.leaplytics.de\/de\/wp-json\/wp\/v2\/pages\/12086\/revisions"}],"wp:attachment":[{"href":"https:\/\/www.leaplytics.de\/de\/wp-json\/wp\/v2\/media?parent=12086"}],"curies":[{"name":"wp","href":"https:\/\/api.w.org\/{rel}","templated":true}]}}