{"id":12944,"date":"2023-12-18T23:03:40","date_gmt":"2023-12-18T22:03:40","guid":{"rendered":"https:\/\/www.leaplytics.de\/?page_id=12944"},"modified":"2023-12-18T23:03:40","modified_gmt":"2023-12-18T22:03:40","slug":"ehs-risikomanagement-power-bi-fur-bergbau-und-erdolindustrie","status":"publish","type":"page","link":"https:\/\/www.leaplytics.de\/de\/ehs-risikomanagement-power-bi-fur-bergbau-und-erdolindustrie\/","title":{"rendered":"EHS Risk Management Power BI f\u00fcr die Bergbau- und Erd\u00f6lindustrie"},"content":{"rendered":"<h3 class=\"wp-block-heading\">Einf\u00fchrung<\/h3>\n\n\n\n<p>Branchen wie der Bergbau und die Erd\u00f6lindustrie sind f\u00fcr die Weltwirtschaft von entscheidender Bedeutung, da sie Ressourcen und Energie liefern. Sie stehen jedoch vor Herausforderungen in Bezug auf Umwelt-, Gesundheits- und Sicherheitsrisiken (EHS). Unternehmen betrachten ein solides EHS-Risikomanagement heute als grundlegend f\u00fcr ihren Erfolg. Dieser Artikel zeigt auf, wie unsere Power BI Risk Matrix das EHS-Risikomanagement verbessern kann.<\/p>\n\n\n\n<h3 class=\"wp-block-heading\"><strong>EHS-Risikomanagement verstehen<\/strong><\/h3>\n\n\n\n<p>Im Bergbau und in der Erd\u00f6lindustrie sind Umwelt-, Gesundheits- und Sicherheitsrisiken die gr\u00f6\u00dften Sorgen. Dazu geh\u00f6ren die Zerst\u00f6rung von Lebensr\u00e4umen, Verschmutzung, Unf\u00e4lle und rechtliche Fragen. Ein striktes EHS-Risikomanagement ist f\u00fcr einen nachhaltigen und erfolgreichen Betrieb unerl\u00e4sslich.<\/p>\n\n\n\n<h3 class=\"wp-block-heading\"><strong>Power BI-Risikomatrix<\/strong><\/h3>\n\n\n\n<p>Die Risikomatrix ist ein starkes Werkzeug f\u00fcr den Umgang mit EHS-Risiken mit Power BI. Hier sehen Sie, wie es hilft:<\/p>\n\n\n\n<ol class=\"wp-block-list\">\n<li><strong>Identifizierung von Risiken:<\/strong> Sammelt Daten, um Sicherheits-, Compliance- oder Gesundheitsrisiken zu erkennen.<\/li>\n\n\n\n<li><strong>Visualisierung:<\/strong> Kategorisiert Risiken und hilft den Entscheidungstr\u00e4gern, dringende Probleme zu erkennen.<\/li>\n\n\n\n<li><strong>Leistungs\u00fcberwachung:<\/strong> H\u00e4lt die EHS-Daten f\u00fcr ein proaktives Risikomanagement auf dem neuesten Stand.<\/li>\n\n\n\n<li><strong>Interaktive Dashboards: <\/strong>Anzeige von Risikokennzahlen, Vorf\u00e4llen und Trends in Echtzeit zur einfacheren Leistungsverfolgung.<\/li>\n<\/ol>\n\n\n\n<div class=\"wp-block-buttons is-layout-flex wp-block-buttons-is-layout-flex\" id=\"https:\/\/www.leaplytics.de\/frontpage\/project-management-custom-visuals-microsoft-powerbi\/risk-heatmap-custom-visual-for-power-bi\/\">\n<div class=\"wp-block-button has-custom-width wp-block-button__width-75 has-custom-font-size is-style-fill\" style=\"font-size:18px\"><a class=\"wp-block-button__link has-background wp-element-button\" href=\"https:\/\/www.leaplytics.de\/de\/titelseite\/projektmanagement-benutzerdefinierte-visuals-microsoft-powerbi\/benutzerdefinierte-visuelle-risikokarte-fur-power-bi\/\" style=\"background-color:#22316d\" rel=\"https:\/\/www.leaplytics.de\/frontpage\/project-management-custom-visuals-microsoft-powerbi\/risk-heatmap-custom-visual-for-power-bi\/\">Sehen Sie sich hier unsere benutzerdefinierte visuelle \"Risikomatrix\" f\u00fcr Power BI an!<\/a><\/div>\n<\/div>\n\n\n\n<p><\/p>\n\n\n\n<h3 class=\"wp-block-heading\"><strong>Steigerung der Leistung durch EHS-Risikomanagement<\/strong><\/h3>\n\n\n\n<p>Ein wirksames EHS-Risikomanagement verbessert die Leistung:<\/p>\n\n\n\n<ul class=\"wp-block-list\">\n<li><strong>Operative Effizienz:<\/strong> Weniger Unf\u00e4lle, Ger\u00e4teausf\u00e4lle und Umweltvorf\u00e4lle. Dies verbessert die Effizienz und verringert die Ausfallzeiten.<\/li>\n\n\n\n<li><strong>Kosteneinsparungen:<\/strong> Minimierung von Zwischenf\u00e4llen, Reduzierung von Bu\u00dfgeldern, Anwaltskosten und Aufr\u00e4umkosten.<\/li>\n\n\n\n<li><strong>Nachhaltigkeit und Reputation:<\/strong> Zeigt Engagement f\u00fcr Nachhaltigkeit. Dies steigert den Ruf und die Attraktivit\u00e4t f\u00fcr Investoren und Kunden.<\/li>\n\n\n\n<li><strong>Einhaltung der Vorschriften:<\/strong> Befolgt die EHS-Vorschriften, pflegt ein gutes Verh\u00e4ltnis zu den Aufsichtsbeh\u00f6rden und vermeidet Strafen.<\/li>\n\n\n\n<li><strong>Wohlbefinden der Mitarbeiter:<\/strong> Der Sicherheit und Gesundheit des Arbeitgebers wird Vorrang einger\u00e4umt. Dadurch werden Motivation und Produktivit\u00e4t verbessert und Fluktuation und Fehlzeiten verringert.<\/li>\n<\/ul>\n\n\n\n<h3 class=\"wp-block-heading\"><strong>Schlussfolgerung<\/strong><\/h3>\n\n\n\n<p>Das EHS-Risikomanagement ist f\u00fcr einen ausgezeichneten Betrieb unerl\u00e4sslich. Unsere Risikomatrix in Power BI ist ein hervorragendes Instrument f\u00fcr ein effektives Risikomanagement. EHS-Risikomanagement hilft Unternehmen, ihre Leistung zu steigern und Kosten zu senken. Au\u00dferdem hilft es ihnen, Vorschriften einzuhalten und eine Kultur der Nachhaltigkeit und Sicherheit aufzubauen. Angesichts der heutigen Herausforderungen ist das EHS-Risikomanagement mit Power BI der Schl\u00fcssel zum Erfolg.<\/p>","protected":false},"excerpt":{"rendered":"<p>Einleitung Branchen wie Bergbau und Erd\u00f6l sind f\u00fcr die Weltwirtschaft von entscheidender Bedeutung, da sie Ressourcen und Energie liefern. Sie stehen jedoch vor Herausforderungen in Bezug auf Umwelt-, Gesundheits- und Sicherheitsrisiken (EHS). Unternehmen betrachten ein solides EHS-Risikomanagement heute als grundlegend f\u00fcr ihren Erfolg. Dieser Artikel zeigt auf, wie unsere Power BI Risk Matrix das EHS-Risikomanagement verbessern kann. EHS-Risiko verstehen ... <\/p>","protected":false},"author":55,"featured_media":12952,"parent":0,"menu_order":0,"comment_status":"closed","ping_status":"closed","template":"","meta":{"footnotes":""},"class_list":["post-12944","page","type-page","status-publish","has-post-thumbnail","hentry","latest_post"],"_links":{"self":[{"href":"https:\/\/www.leaplytics.de\/de\/wp-json\/wp\/v2\/pages\/12944","targetHints":{"allow":["GET"]}}],"collection":[{"href":"https:\/\/www.leaplytics.de\/de\/wp-json\/wp\/v2\/pages"}],"about":[{"href":"https:\/\/www.leaplytics.de\/de\/wp-json\/wp\/v2\/types\/page"}],"author":[{"embeddable":true,"href":"https:\/\/www.leaplytics.de\/de\/wp-json\/wp\/v2\/users\/55"}],"replies":[{"embeddable":true,"href":"https:\/\/www.leaplytics.de\/de\/wp-json\/wp\/v2\/comments?post=12944"}],"version-history":[{"count":0,"href":"https:\/\/www.leaplytics.de\/de\/wp-json\/wp\/v2\/pages\/12944\/revisions"}],"wp:featuredmedia":[{"embeddable":true,"href":"https:\/\/www.leaplytics.de\/de\/wp-json\/wp\/v2\/media\/12952"}],"wp:attachment":[{"href":"https:\/\/www.leaplytics.de\/de\/wp-json\/wp\/v2\/media?parent=12944"}],"curies":[{"name":"wp","href":"https:\/\/api.w.org\/{rel}","templated":true}]}}