{"id":12961,"date":"2023-12-18T23:03:43","date_gmt":"2023-12-18T22:03:43","guid":{"rendered":"https:\/\/www.leaplytics.de\/?page_id=12961"},"modified":"2024-01-02T12:05:32","modified_gmt":"2024-01-02T11:05:32","slug":"erkennung-von-gefahren-durch-stromschlag-in-der-luftfahrt-und-im-transportwesen","status":"publish","type":"page","link":"https:\/\/www.leaplytics.de\/de\/erkennung-von-gefahren-durch-stromschlag-in-der-luftfahrt-und-im-transportwesen\/","title":{"rendered":"Power BI: Gefahrenermittlung in der Luftfahrt-, Kreuzfahrt- und Transportbranche"},"content":{"rendered":"<h2 class=\"wp-block-heading has-medium-font-size\"><strong>Einf\u00fchrung<\/strong><\/h2>\n\n\n\n<p>In der Luftfahrt, auf Kreuzfahrten und im Transportwesen sind Gefahrenerkennung und Risikomanagement von entscheidender Bedeutung. Unsere Risikomatrix in Power BI erweist sich als wertvolles Werkzeug f\u00fcr diesen Zweck.<\/p>\n\n\n\n<p>Das Tool zeichnet sich durch die Identifizierung von Gefahren und die vereinfachte Darstellung von Daten zur schnellen Erkennung aus. Diese F\u00e4higkeit erm\u00f6glicht ein sofortiges Handeln und erh\u00f6ht die Sicherheit im Betrieb.<\/p>\n\n\n\n<h2 class=\"wp-block-heading has-medium-font-size\"><strong>Navigieren durch Gefahren in der Luftfahrt<\/strong><\/h2>\n\n\n\n<p>In der Luftfahrt geh\u00f6ren Probleme mit Start- und Landebahnen oder Vogelschlag zu den \u00fcblichen Gefahren. Zu den KPIs geh\u00f6ren die H\u00e4ufigkeit von Beinaheunf\u00e4llen und die Wirksamkeit von Sicherheitsschulungen. So ist beispielsweise die Zuverl\u00e4ssigkeit der Kommunikationssysteme entscheidend.<\/p>\n\n\n\n<h2 class=\"wp-block-heading has-medium-font-size\"><strong>Gew\u00e4hrleistung der Sicherheit im Kreuzfahrtbetrieb<\/strong><\/h2>\n\n\n\n<p>Bei Kreuzfahrten kann es sich bei den Gefahren um Schiffskollisionen oder medizinische Notf\u00e4lle handeln. Zu den wichtigsten Leistungsindikatoren geh\u00f6ren die Reaktionszeiten bei Notf\u00e4llen und eine angemessene medizinische Versorgung. Die Gew\u00e4hrleistung der Sicherheit der Passagiere ist also entscheidend.<\/p>\n\n\n\n<h2 class=\"wp-block-heading has-medium-font-size\"><strong>Sicherung von Transportvorg\u00e4ngen<\/strong><\/h2>\n\n\n\n<p>Im Verkehrssektor k\u00f6nnen Unf\u00e4lle oder Unterbrechungen der Lieferkette zu den Gefahren geh\u00f6ren. KPIs sind Unfallraten, die Einhaltung von Wartungspl\u00e4nen und die Effizienz von Notfallpl\u00e4nen. So ist beispielsweise die Verfolgung der Wirksamkeit von Fahrerschulungsprogrammen von grundlegender Bedeutung.<\/p>\n\n\n\n<h2 class=\"wp-block-heading has-medium-font-size\"><strong>Risikomatrix f\u00fcr Power BI<\/strong><\/h2>\n\n\n\n<p>So verfeinert die Risikomatrix Ihr Risikomanagement:<\/p>\n\n\n\n<p><strong>Wahrscheinlichkeits-Achse:<\/strong> Auf dieser Achse wird die Wahrscheinlichkeit des Eintretens eines Risikos von niedrig bis hoch angegeben. Sie hilft, die Wahrscheinlichkeit des Eintretens potenzieller Risiken in diesen Sektoren zu verstehen.<\/p>\n\n\n\n<p><strong>Aufprall-Achse:<\/strong> Auf dieser Achse wird untersucht, wie schwerwiegend ein Risiko sein k\u00f6nnte, das als gering, mittel oder hoch eingestuft wird. Sie hilft Organisationen in den Bereichen Luftfahrt, Kreuzfahrt und Transport bei der Analyse, wie viel Schaden ein Risiko anrichten k\u00f6nnte.<\/p>\n\n\n\n<p>Durch die Kombination von Wahrscheinlichkeit und Auswirkung erh\u00e4lt jedes Risiko eine Punktzahl. Auf diese Weise lassen sich die Risiken nach ihrer Schwere einstufen. Die fr\u00fchzeitige Bew\u00e4ltigung von Risiken mit hoher Priorit\u00e4t minimiert die Bedrohungen und St\u00f6rungen des Betriebs.<\/p>\n\n\n\n<p>Mit der Risikomatrix k\u00f6nnen Organisationen in diesen Sektoren:<\/p>\n\n\n\n<ol class=\"wp-block-list\">\n<li><strong>Dashboards erstellen:<\/strong> Erstellen Sie Echtzeit-Dashboards, die Sicherheitsmetriken, Vorf\u00e4lle und Trends anzeigen. So k\u00f6nnen die Risikomanager leicht erkennen, wie es um die Sicherheit bestellt ist.<\/li>\n\n\n\n<li><strong>Risikodaten visualisieren:<\/strong> Verwenden Sie Diagramme und Grafiken zur Darstellung der Risikobewertungen aus der Risikomatrix. Dies hilft zu verstehen, wie ernst die identifizierten Risiken sind.<\/li>\n\n\n\n<li><strong>\u00dcberwachung:<\/strong> Verwenden Sie Power BI, um zu pr\u00fcfen, ob Sie die Sicherheitsvorschriften erf\u00fcllen. Finden Sie auch Bereiche, in denen mehr Sicherheitsma\u00dfnahmen in der Luftfahrt, bei Kreuzfahrten und im Transportwesen erforderlich sind.<\/li>\n\n\n\n<li><strong>Erkennen Sie Trends: <\/strong>Werfen Sie einen Blick auf Ihre Risikodaten. Mit der Risikomatrix k\u00f6nnen Sie die Gr\u00fcnde f\u00fcr Unf\u00e4lle verstehen und laufende Sicherheitsprobleme erkennen. So k\u00f6nnen Sie fundierte Entscheidungen treffen und die Sicherheit kontinuierlich verbessern.<\/li>\n<\/ol>\n\n\n\n<div class=\"wp-block-buttons is-layout-flex wp-block-buttons-is-layout-flex\">\n<div class=\"wp-block-button has-custom-font-size\" style=\"font-size:18px\"><a class=\"wp-block-button__link has-background wp-element-button\" href=\"https:\/\/www.leaplytics.de\/de\/titelseite\/projektmanagement-benutzerdefinierte-visuals-microsoft-powerbi\/benutzerdefinierte-visuelle-risikokarte-fur-power-bi\/\" style=\"background-color:#22316d\" rel=\"https:\/\/www.leaplytics.de\/frontpage\/project-management-custom-visuals-microsoft-powerbi\/risk-heatmap-custom-visual-for-power-bi\/\">Sehen Sie sich hier unsere benutzerdefinierte visuelle \"Risikomatrix\" f\u00fcr Power BI an!<\/a><\/div>\n<\/div>\n\n\n\n<figure class=\"wp-block-image size-full\"><img loading=\"lazy\" decoding=\"async\" width=\"1024\" height=\"576\" src=\"https:\/\/www.leaplytics.de\/wp-content\/uploads\/2023\/12\/Risk-Matrix.jpg\" alt=\"\" class=\"wp-image-12965\" srcset=\"https:\/\/www.leaplytics.de\/wp-content\/uploads\/2023\/12\/Risk-Matrix.jpg 1024w, https:\/\/www.leaplytics.de\/wp-content\/uploads\/2023\/12\/Risk-Matrix-300x169.jpg 300w, https:\/\/www.leaplytics.de\/wp-content\/uploads\/2023\/12\/Risk-Matrix-768x432.jpg 768w, https:\/\/www.leaplytics.de\/wp-content\/uploads\/2023\/12\/Risk-Matrix-107x60.jpg 107w\" sizes=\"auto, (max-width: 1024px) 100vw, 1024px\" \/><\/figure>\n\n\n\n<h2 class=\"wp-block-heading has-medium-font-size\"><strong>Schlussfolgerung<\/strong><\/h2>\n\n\n\n<p>Die Risikomatrix f\u00fcr Power BI bietet wertvolle Einblicke in die Risikolandschaft. Sie hilft, sich auf Ressourcen zu konzentrieren und die Sicherheit zu verbessern. Das Tool erm\u00f6glicht es Fachleuten, fundierte Entscheidungen zu treffen und ihre Risiken zu handhaben.<\/p>\n\n\n\n<p>Die Risikomatrix ist ein wichtiges Hilfsmittel f\u00fcr die Luftfahrt-, Kreuzfahrt- und Transportbranche. Sie macht die Risikoerkennung und das Risikomanagement leichter zug\u00e4nglich und effizienter. Auf diese Weise k\u00f6nnen Unternehmen einen sicheren und reibungslosen Betrieb in diesen wichtigen Sektoren aufrechterhalten.<\/p>","protected":false},"excerpt":{"rendered":"<p>Einleitung In der Luftfahrt, auf Kreuzfahrten und im Transportwesen sind Gefahrenerkennung und Risikomanagement von entscheidender Bedeutung. Unsere Risikomatrix in Power BI erweist sich als wertvolles Werkzeug f\u00fcr diesen Zweck. Das Tool eignet sich hervorragend zur Identifizierung von Gefahren und zur Vereinfachung der Datendarstellung f\u00fcr eine schnelle Erkennung. Diese F\u00e4higkeit erm\u00f6glicht ein sofortiges Handeln und erh\u00f6ht die Sicherheit im Betrieb. Navigieren durch Gefahren in der Luftfahrt In der Luftfahrt gibt es ... <\/p>","protected":false},"author":55,"featured_media":12962,"parent":0,"menu_order":0,"comment_status":"closed","ping_status":"closed","template":"","meta":{"footnotes":""},"class_list":["post-12961","page","type-page","status-publish","has-post-thumbnail","hentry","latest_post"],"_links":{"self":[{"href":"https:\/\/www.leaplytics.de\/de\/wp-json\/wp\/v2\/pages\/12961","targetHints":{"allow":["GET"]}}],"collection":[{"href":"https:\/\/www.leaplytics.de\/de\/wp-json\/wp\/v2\/pages"}],"about":[{"href":"https:\/\/www.leaplytics.de\/de\/wp-json\/wp\/v2\/types\/page"}],"author":[{"embeddable":true,"href":"https:\/\/www.leaplytics.de\/de\/wp-json\/wp\/v2\/users\/55"}],"replies":[{"embeddable":true,"href":"https:\/\/www.leaplytics.de\/de\/wp-json\/wp\/v2\/comments?post=12961"}],"version-history":[{"count":0,"href":"https:\/\/www.leaplytics.de\/de\/wp-json\/wp\/v2\/pages\/12961\/revisions"}],"wp:featuredmedia":[{"embeddable":true,"href":"https:\/\/www.leaplytics.de\/de\/wp-json\/wp\/v2\/media\/12962"}],"wp:attachment":[{"href":"https:\/\/www.leaplytics.de\/de\/wp-json\/wp\/v2\/media?parent=12961"}],"curies":[{"name":"wp","href":"https:\/\/api.w.org\/{rel}","templated":true}]}}