{"id":13065,"date":"2024-01-02T13:16:49","date_gmt":"2024-01-02T12:16:49","guid":{"rendered":"https:\/\/www.leaplytics.de\/?page_id=13065"},"modified":"2024-01-02T13:16:50","modified_gmt":"2024-01-02T12:16:50","slug":"power-bi-cybersecurity-risikomanagement","status":"publish","type":"page","link":"https:\/\/www.leaplytics.de\/de\/power-bi-cybersecurity-risikomanagement\/","title":{"rendered":"Power BI: Cybersecurity-Risikomanagement"},"content":{"rendered":"<h3 class=\"wp-block-heading has-medium-font-size\">Einf\u00fchrung<\/h3>\n\n\n\n<p>In der schnelllebigen digitalen Welt von heute ist das Management von Cybersicherheitsrisiken von entscheidender Bedeutung. Dieser Artikel befasst sich mit den wichtigsten Erkenntnissen \u00fcber das Management von Cybersicherheitsrisiken. Wir betonen die Notwendigkeit f\u00fcr Unternehmen, Strategien f\u00fcr das Risikomanagement in Power BI zu \u00fcbernehmen.<\/p>\n\n\n\n<h3 class=\"wp-block-heading has-medium-font-size\">Verstehen und Optimieren von Cybersicherheitsstrategien<\/h3>\n\n\n\n<p>Unternehmen auf der ganzen Welt investieren in Cybersicherheitsinitiativen, um Risiken zu minimieren und Kosten zu senken, indem sie Datenverletzungen und ungeplante Ausfallzeiten verhindern. Ein grundlegender Aspekt ist das Verst\u00e4ndnis der Arten von Risiken, denen man ausgesetzt ist. Dies erm\u00f6glicht es den Unternehmen, wirksame Strategien f\u00fcr das Risikomanagement zu entwickeln.<\/p>\n\n\n\n<p><strong>Schritt 1 - Detaillierte Risikoklassifizierung: <\/strong><br>Zu einem wirksamen Risikomanagement geh\u00f6rt eine genaue Klassifizierung der Risiken. Dieser granulare Ansatz erm\u00f6glicht es Unternehmen, potenzielle Bedrohungen zu identifizieren und einzustufen.<\/p>\n\n\n\n<p><strong>Schritt 2 - Proaktive Risikoerfassung: <\/strong><br>Ein proaktiver Ansatz zur Risikoerkennung ist von entscheidender Bedeutung. Unternehmen m\u00fcssen potenzielle Bedrohungen erkennen, bevor sie eskalieren, und so ihre Sicherheitsvorkehrungen verbessern.<\/p>\n\n\n\n<p><strong>Schritt 3 - Effiziente Risikominderung: <\/strong><br>Bei einer effizienten Risikominderung werden die Risiken auf der Grundlage von Wahrscheinlichkeit und Auswirkungen bewertet. Durch eine angemessene Ressourcenzuweisung wird die Wahrscheinlichkeit des Auftretens von Risiken minimiert und das Risikomanagement optimiert.<\/p>\n\n\n\n<h3 class=\"wp-block-heading has-medium-font-size\">Wichtige Leistungsindikatoren (KPIs) f\u00fcr die Cybersicherheit<\/h3>\n\n\n\n<p>Die Integration von KPIs in das Cybersecurity-Risikomanagement liefert verwertbare Erkenntnisse:<\/p>\n\n\n\n<ul class=\"wp-block-list\">\n<li> Schnelle Reaktion auf Vorf\u00e4lle: Sofortiges Handeln bei einem Problem ist der Schl\u00fcssel, um die Dinge unter Kontrolle zu halten. (KPI: <strong>Reaktionszeit<\/strong>)<\/li>\n<\/ul>\n\n\n\n<ul class=\"wp-block-list\">\n<li> Aufsp\u00fcren von Schwachstellen: Schnelle Identifizierung und Behebung von Schwachstellen sorgen f\u00fcr mehr digitale Sicherheit. (KPI: <strong>Ermittelte Risiken<\/strong>\/mitigiert)<\/li>\n<\/ul>\n\n\n\n<ul class=\"wp-block-list\">\n<li>\u00dcberpr\u00fcfung der Risikol\u00f6sungen: Die \u00dcberwachung der Wirksamkeit von Pl\u00e4nen zur Risikominderung gew\u00e4hrleistet eine kontinuierliche Verbesserung. (KPI: <strong>Aufgetretene Risiken<\/strong>[Finanzielle] Risikoauswirkungen)<\/li>\n<\/ul>\n\n\n\n<h3 class=\"wp-block-heading has-medium-font-size\">Risikomatrix f\u00fcr Power BI<\/h3>\n\n\n\n<figure class=\"wp-block-image size-full\"><img loading=\"lazy\" decoding=\"async\" width=\"1024\" height=\"576\" src=\"https:\/\/www.leaplytics.de\/wp-content\/uploads\/2024\/01\/Risk-Matrix.jpg\" alt=\"\" class=\"wp-image-13066\" srcset=\"https:\/\/www.leaplytics.de\/wp-content\/uploads\/2024\/01\/Risk-Matrix.jpg 1024w, https:\/\/www.leaplytics.de\/wp-content\/uploads\/2024\/01\/Risk-Matrix-300x169.jpg 300w, https:\/\/www.leaplytics.de\/wp-content\/uploads\/2024\/01\/Risk-Matrix-768x432.jpg 768w, https:\/\/www.leaplytics.de\/wp-content\/uploads\/2024\/01\/Risk-Matrix-107x60.jpg 107w\" sizes=\"auto, (max-width: 1024px) 100vw, 1024px\" \/><\/figure>\n\n\n\n<p>Wie die Risikomatrix in Power BI die Risiken bewertet:<\/p>\n\n\n\n<p>Das Verst\u00e4ndnis der Wahrscheinlichkeit und der potenziellen Auswirkungen eines Risikos hilft bei der Erstellung einer Risiko-Scorecard.  Durch die Kombination dieser Dimensionen k\u00f6nnen Unternehmen schwerwiegende Risiken nach Priorit\u00e4ten ordnen.<\/p>\n\n\n\n<p>In Form unserer Risikomatrix f\u00fcr Power BI liefern wir die folgenden L\u00f6sungen:<\/p>\n\n\n\n<ul class=\"wp-block-list\">\n<li> Dashboards in Echtzeit: Wir k\u00f6nnen Dashboards erstellen, die Sicherheitsinformationen in Echtzeit anzeigen. So k\u00f6nnen wir jederzeit feststellen, wie sicher die Dinge sind.<\/li>\n<\/ul>\n\n\n\n<ul class=\"wp-block-list\">\n<li>Visualisierung von Risikodaten: Die Matrix und die integrierten Diagramme zeigen die Risikokennzahlen an. So kann jeder leicht nachvollziehen, wie ernst die Risiken sind.<\/li>\n<\/ul>\n\n\n\n<ul class=\"wp-block-list\">\n<li> \u00dcberwachung und Erkennung von Trends: Anhand der Risikomatrix k\u00f6nnen wir \u00fcberpr\u00fcfen, ob wir die Sicherheitsvorschriften einhalten. Sie hilft uns, Bereiche zu finden, in denen weitere Sicherheitsma\u00dfnahmen erforderlich sind, und Trends f\u00fcr mehr Sicherheit zu erkennen.<\/li>\n<\/ul>\n\n\n\n<div class=\"wp-block-buttons is-layout-flex wp-block-buttons-is-layout-flex\">\n<div class=\"wp-block-button has-custom-font-size\" style=\"font-size:18px\"><a class=\"wp-block-button__link has-background wp-element-button\" href=\"https:\/\/www.leaplytics.de\/de\/titelseite\/projektmanagement-benutzerdefinierte-visuals-microsoft-powerbi\/benutzerdefinierte-visuelle-risikokarte-fur-power-bi\/\" style=\"background-color:#22316d\" rel=\"https:\/\/www.leaplytics.de\/frontpage\/project-management-custom-visuals-microsoft-powerbi\/risk-heatmap-custom-visual-for-power-bi\/\">Sehen Sie sich hier unsere benutzerdefinierte visuelle \"Risikomatrix\" f\u00fcr Power BI an!<\/a><\/div>\n<\/div>\n\n\n\n<p><\/p>\n\n\n\n<h3 class=\"wp-block-heading has-medium-font-size\">Schlussfolgerung<\/h3>\n\n\n\n<p>Angesichts der sich entwickelnden digitalen Bedrohungen ben\u00f6tigen Unternehmen optimale Strategien f\u00fcr das Risikomanagement. Das Verst\u00e4ndnis der Dimensionen von Risiken ist von entscheidender Bedeutung. Die Annahme eines proaktiven Ansatzes zur Eind\u00e4mmung von Bedrohungen st\u00e4rkt die Cybersicherheit von Unternehmen. Der Schwerpunkt liegt auf der Vereinfachung von Prozessen f\u00fcr einen intelligenten und effektiven Ansatz zur Cybersicherheit.<\/p>","protected":false},"excerpt":{"rendered":"<p>Einleitung In der schnelllebigen digitalen Welt von heute ist das Management von Cybersicherheitsrisiken von entscheidender Bedeutung. Dieser Artikel befasst sich mit den wichtigsten Erkenntnissen rund um das Management von Cybersicherheitsrisiken. Wir betonen die Notwendigkeit f\u00fcr Unternehmen, Strategien f\u00fcr das Risikomanagement in Power BI zu \u00fcbernehmen. Verstehen und Optimieren von Cybersicherheitsstrategien Unternehmen weltweit investieren in Cybersicherheitsinitiativen, um Risiken zu mindern und Kosten zu reduzieren, indem sie Datenverluste verhindern ... <\/p>","protected":false},"author":55,"featured_media":13070,"parent":0,"menu_order":0,"comment_status":"closed","ping_status":"closed","template":"","meta":{"footnotes":""},"class_list":["post-13065","page","type-page","status-publish","has-post-thumbnail","hentry","latest_post"],"_links":{"self":[{"href":"https:\/\/www.leaplytics.de\/de\/wp-json\/wp\/v2\/pages\/13065","targetHints":{"allow":["GET"]}}],"collection":[{"href":"https:\/\/www.leaplytics.de\/de\/wp-json\/wp\/v2\/pages"}],"about":[{"href":"https:\/\/www.leaplytics.de\/de\/wp-json\/wp\/v2\/types\/page"}],"author":[{"embeddable":true,"href":"https:\/\/www.leaplytics.de\/de\/wp-json\/wp\/v2\/users\/55"}],"replies":[{"embeddable":true,"href":"https:\/\/www.leaplytics.de\/de\/wp-json\/wp\/v2\/comments?post=13065"}],"version-history":[{"count":0,"href":"https:\/\/www.leaplytics.de\/de\/wp-json\/wp\/v2\/pages\/13065\/revisions"}],"wp:featuredmedia":[{"embeddable":true,"href":"https:\/\/www.leaplytics.de\/de\/wp-json\/wp\/v2\/media\/13070"}],"wp:attachment":[{"href":"https:\/\/www.leaplytics.de\/de\/wp-json\/wp\/v2\/media?parent=13065"}],"curies":[{"name":"wp","href":"https:\/\/api.w.org\/{rel}","templated":true}]}}