{"id":13103,"date":"2024-01-22T16:06:43","date_gmt":"2024-01-22T15:06:43","guid":{"rendered":"https:\/\/www.leaplytics.de\/?page_id=13103"},"modified":"2024-01-22T16:06:43","modified_gmt":"2024-01-22T15:06:43","slug":"anderungsprotokoll-power-bi-risikomatrix","status":"publish","type":"page","link":"https:\/\/www.leaplytics.de\/de\/anderungsprotokoll-power-bi-risikomatrix\/","title":{"rendered":"\u00c4nderungsliste - Power BI-Risikomatrix"},"content":{"rendered":"<p>23.09. - Benutzerdefinierte Kachelfarben: Das Web-Interface ist jetzt online verf\u00fcgbar unter <a href=\"https:\/\/www.leaplytics.de\/de\/custom-colors\/\" target=\"_blank\" rel=\"noreferrer noopener\">https:\/\/www.leaplytics.de\/custom-colors\/<\/a>.<\/p>\n\n\n\n<p>07\/23 - Bedingte Formatierung: Anpassen der Farbe von Risiken auf der Grundlage bestimmter Bedingungen (z. B. Abteilung, Priorit\u00e4t oder Status)<\/p>\n\n\n\n<p>23.06. - Achsenbeschriftungen: Unterst\u00fctzung f\u00fcr Sonderzeichen wurde hinzugef\u00fcgt.<\/p>\n\n\n\n<p>05\/23 - Maximale Anzahl von Risiken pro Kachel: Erh\u00f6ht auf 100.<\/p>\n\n\n\n<p>05\/23 - Mehrfache Auswahl an Risiken verf\u00fcgbar.<\/p>\n\n\n\n<p>03\/23 - Drill-Through zur Risiko-Optimierung: Klicken Sie mit der rechten Maustaste auf ein Risiko, um zu einer bestimmten Seite zu navigieren.<\/p>","protected":false},"excerpt":{"rendered":"<p>09\/23 &#8211; Custom Tile Colors: The web interface is now available online at https:\/\/www.leaplytics.de\/custom-colors\/. 07\/23 &#8211; Conditional formatting: Customize the color of risks based on certain conditions (e.g. department, priority or status) 06\/23 &#8211; Axis Labels: Support for special characters has been added. 05\/23 &#8211; Maximum Number of Risks per Tile: Increased to 100. 05\/23 &hellip; <\/p>","protected":false},"author":2,"featured_media":0,"parent":0,"menu_order":0,"comment_status":"closed","ping_status":"closed","template":"","meta":{"footnotes":""},"class_list":["post-13103","page","type-page","status-publish","hentry","latest_post"],"_links":{"self":[{"href":"https:\/\/www.leaplytics.de\/de\/wp-json\/wp\/v2\/pages\/13103","targetHints":{"allow":["GET"]}}],"collection":[{"href":"https:\/\/www.leaplytics.de\/de\/wp-json\/wp\/v2\/pages"}],"about":[{"href":"https:\/\/www.leaplytics.de\/de\/wp-json\/wp\/v2\/types\/page"}],"author":[{"embeddable":true,"href":"https:\/\/www.leaplytics.de\/de\/wp-json\/wp\/v2\/users\/2"}],"replies":[{"embeddable":true,"href":"https:\/\/www.leaplytics.de\/de\/wp-json\/wp\/v2\/comments?post=13103"}],"version-history":[{"count":2,"href":"https:\/\/www.leaplytics.de\/de\/wp-json\/wp\/v2\/pages\/13103\/revisions"}],"predecessor-version":[{"id":13441,"href":"https:\/\/www.leaplytics.de\/de\/wp-json\/wp\/v2\/pages\/13103\/revisions\/13441"}],"wp:attachment":[{"href":"https:\/\/www.leaplytics.de\/de\/wp-json\/wp\/v2\/media?parent=13103"}],"curies":[{"name":"wp","href":"https:\/\/api.w.org\/{rel}","templated":true}]}}