{"id":13130,"date":"2024-02-19T14:11:39","date_gmt":"2024-02-19T13:11:39","guid":{"rendered":"https:\/\/www.leaplytics.de\/?page_id=13130"},"modified":"2024-02-20T10:03:59","modified_gmt":"2024-02-20T09:03:59","slug":"lassen-sie-power-bi-ihr-projektmanagement-auf-vordermann-bringen","status":"publish","type":"page","link":"https:\/\/www.leaplytics.de\/de\/lassen-sie-power-bi-ihr-projektmanagement-auf-vordermann-bringen\/","title":{"rendered":"Mit Power BI k\u00f6nnen Sie Ihr Projektmanagement beschleunigen"},"content":{"rendered":"<p>In der dynamischen Landschaft des Projektmanagements, in der Pr\u00e4zision und Voraussicht an erster Stelle stehen, ist der Einsatz von Technologie von entscheidender Bedeutung. Microsoft Power BI hat sich dabei als Wegbereiter erwiesen. Power BI bietet Projektmanagern eine dynamische Plattform, um ihre Entscheidungsprozesse zu verbessern.<\/p>\n\n\n\n<p>In diesem umfassenden Leitfaden werden wir untersuchen, wie Power BI jede Phase verbessern kann<sup>1 <\/sup>des Projektmanagements. Wir sprechen \u00fcber die grundlegenden Aspekte eines leistungsf\u00e4higen Projektmanagement-Dashboards.<\/p>\n\n\n\n<h3 class=\"wp-block-heading\" style=\"font-size:30px\">Projektplanungsphase<\/h3>\n\n\n\n<p class=\"has-medium-font-size\">1. <strong>Definieren Sie das eigentliche Problem:<\/strong><\/p>\n\n\n\n<p>Bevor Sie sich in das Projekt st\u00fcrzen, m\u00fcssen Sie das Problem, das Sie zu l\u00f6sen versuchen, genau bestimmen. Power BI unterst\u00fctzt Sie dabei, indem es Ihnen hilft, historische Daten zu analysieren, Muster zu erkennen und zugrunde liegende Probleme aufzudecken. Visualisieren Sie die Erfolgs- und Misserfolgsfaktoren vergangener Projekte, um fundierte Entscheidungen zu treffen.<\/p>\n\n\n\n<p class=\"has-medium-font-size\">2. <strong>Identifizieren Sie die Interessenvertreter:<\/strong><\/p>\n\n\n\n<p>Die M\u00f6glichkeiten von Power BI erstrecken sich auch auf das Stakeholder-Management. Erstellen Sie visuelle Darstellungen, die die verschiedenen Funktionen oder Personen hervorheben, die von dem Projekt betroffen sind. Verwenden Sie interaktive Organigramme, um deren Beitr\u00e4ge und Erwartungen darzustellen. So stellen wir von Anfang an eine einheitliche Vorgehensweise sicher.<\/p>\n\n\n\n<p class=\"has-medium-font-size\">3. <strong>Definieren Sie die Projektziele:<\/strong><\/p>\n\n\n\n<p>Es ist eine Herausforderung, eindeutige und handhabbare Ziele zu formulieren. Die Erwartungen und Ziele der Interessengruppen k\u00f6nnen sich auch innerhalb des Projekts \u00e4ndern. Dank der Flexibilit\u00e4t von Power BI k\u00f6nnen Sie die Ziele anpassen, wenn Sie mehr Informationen sammeln. Erstellen Sie zum Beispiel Grafiken, die die Ziele auf der Grundlage von Echtzeitdaten aktualisieren.<\/p>\n\n\n\n<p class=\"has-medium-font-size\">4. <strong>Bestimmen Sie Umfang, Ressourcen und Hauptaufgaben:<\/strong><\/p>\n\n\n\n<p>Veranschaulichen Sie den Umfang und die Aufgaben des Projekts, sch\u00e4tzen Sie den Zeitplan und die Kosten. So stellen Sie sicher, dass Sie ein klares Verst\u00e4ndnis des Ressourcenbedarfs haben. Verwenden Sie Power BI, um komplexe Aktivit\u00e4ten mit einer Work Breakdown Structure (WBS) aufzuschl\u00fcsseln.<\/p>\n\n\n\n<p class=\"has-medium-font-size\">5. <strong>Bereiten Sie sich auf Abstriche vor:<\/strong><\/p>\n\n\n\n<p>Power BI hilft dabei, ein Gleichgewicht zwischen Zeit, Kosten und Qualit\u00e4t herzustellen. Integrieren Sie Ihre Daten, um visuelle Darstellungen zu erstellen, die zeigen, wie sich Variationen in diesen Variablen auf die Projektergebnisse auswirken. Diese Transparenz erleichtert eine fundierte Entscheidungsfindung und die Abstimmung mit den Beteiligten.<\/p>\n\n\n\n<h3 class=\"wp-block-heading\" style=\"font-size:30px\">Projekt-Aufbauphase<\/h3>\n\n\n\n<p class=\"has-medium-font-size\">6. <strong>Stellen Sie Ihr Team zusammen:<\/strong><\/p>\n\n\n\n<p>Nutzen Sie Power BI, um die erforderlichen F\u00e4higkeiten zu bewerten und die Zusammensetzung des Teams zu visualisieren. Nutzen Sie Visualisierungen, um Kompetenzl\u00fccken zu erkennen, Schulungen zu planen und Ihr Team f\u00fcr den Erfolg zu r\u00fcsten.<\/p>\n\n\n\n<p class=\"has-medium-font-size\">7. <strong>Planen Sie Zuweisungen:<\/strong><\/p>\n\n\n\n<p>Erstellen Sie Visualisierungen, die eine transparente Kommunikation innerhalb des Teams erleichtern. Visualisieren Sie Aufgaben, erforderliche F\u00e4higkeiten und individuelle F\u00e4higkeiten, um eine koh\u00e4rente Teamdynamik zu gew\u00e4hrleisten.<\/p>\n\n\n\n<p class=\"has-medium-font-size\">8. <strong>Erstellen Sie den Zeitplan:<\/strong><\/p>\n\n\n\n<p>Die M\u00f6glichkeiten von Power BI erstrecken sich auch auf die Projektplanung durch Gantt-Diagramme. Entwickeln Sie visuelle Darstellungen zur Veranschaulichung von Zeitpl\u00e4nen, zur Identifizierung kritischer Pfade und zum Abgleich mit festen Terminen. Behalten Sie einen realistischen Zeitplan innerhalb von Beschr\u00e4nkungen bei.<\/p>\n\n\n\n<p class=\"has-medium-font-size\">9. <strong>Halten Sie ein Kickoff-Meeting ab:<\/strong><\/p>\n\n\n\n<p>Die meisten Power BI-Visualisierungen k\u00f6nnen in MS PowerPoint exportiert werden. Erl\u00e4utern Sie beim Kickoff-Meeting anhand von Power BI-Visualisierungen den Projektplan, die Ziele und den Zeitrahmen. Ermutigen Sie die Teammitglieder, Beitr\u00e4ge zu leisten, um die Zusammenarbeit und das gemeinsame Verst\u00e4ndnis zu f\u00f6rdern.<\/p>\n\n\n\n<p class=\"has-medium-font-size\">10. <strong>Erstellen Sie ein Budget:<\/strong><\/p>\n\n\n\n<p>Nutzen Sie Power BI, um ein umfassendes Budget zu erstellen. Visualisieren Sie die Kosten \u00fcber alle Kategorien hinweg, holen Sie den Input von Interessengruppen ein und bleiben Sie innerhalb der Budgetgrenzen flexibel.<\/p>\n\n\n\n<h3 class=\"wp-block-heading\" style=\"font-size:30px\">Projektdurchf\u00fchrungsphase<\/h3>\n\n\n\n<p class=\"has-medium-font-size\">11. <strong>\u00dcberwachung und Kontrolle von Prozess und Budget:<\/strong><\/p>\n\n\n\n<p>Installieren Sie Projekt\u00fcberwachungsvisualisierungen in Power BI wie unsere Power BI-Risikomatrix. Die Visualisierung von Risiken neben dem Projektfortschritt erm\u00f6glicht eine ganzheitliche Sicht auf potenzielle Herausforderungen. So geht's:<\/p>\n\n\n\n<p><strong>Bewertung der Auswirkungen und der Wahrscheinlichkeit von Risiken:<\/strong> Die Risikomatrix f\u00fcr Power BI hilft bei der Bewertung der Auswirkungen und der Wahrscheinlichkeit eines jeden Risikos. Verwenden Sie farbcodierte Zellen, um den Schweregrad von Risiken darzustellen. Dies erm\u00f6glicht eine schnelle Identifizierung von Bereichen mit hoher Auswirkung.<\/p>\n\n\n\n<p><strong>Budgetverfolgung in Echtzeit:<\/strong> Kombinieren Sie die Visualisierungen zur Budgetverfolgung mit der Risikomatrix. Ordnen Sie jedem identifizierten Risiko Budgetauswirkungen zu und verschaffen Sie sich so einen umfassenden \u00dcberblick \u00fcber m\u00f6gliche finanzielle Auswirkungen. Wenn sich Risiken entwickeln, werden Ihre Budgetvisualisierungen in Echtzeit aktualisiert, was eine genaue finanzielle \u00dcberwachung gew\u00e4hrleistet.<\/p>\n\n\n\n<p><strong>Drill-through f\u00fcr eine detaillierte Analyse:<\/strong> Erweitern Sie die Risikomatrix durch Drill-Through-Funktionen. Die Vertiefung eines bestimmten Risikos kann eine detaillierte Analyse, die Anzeige relevanter finanzieller Auswirkungen und erforderlicher Strategien zur Risikominderung umfassen.<\/p>\n\n\n\n<div class=\"wp-block-buttons is-layout-flex wp-block-buttons-is-layout-flex\">\n<div class=\"wp-block-button has-custom-font-size\" style=\"font-size:18px\"><a class=\"wp-block-button__link has-background wp-element-button\" href=\"https:\/\/www.leaplytics.de\/de\/titelseite\/projektmanagement-benutzerdefinierte-visuals-microsoft-powerbi\/benutzerdefinierte-visuelle-risikokarte-fur-power-bi\/\" style=\"background-color:#22316d\">Sehen Sie sich hier unsere benutzerdefinierte visuelle \"Risikomatrix\" f\u00fcr Power BI an!<\/a><\/div>\n<\/div>\n\n\n\n<p><\/p>\n\n\n\n<p class=\"has-medium-font-size\">12. <strong>Flexible Reaktion auf Ver\u00e4nderungen:<\/strong><\/p>\n\n\n\n<p>Die Echtzeit-Datenfunktionen von Power BI erm\u00f6glichen es Ihnen, umgehend auf Ver\u00e4nderungen zu reagieren. Visualisieren Sie Daten, um potenzielle Probleme zu erkennen, und erm\u00f6glichen Sie so proaktive Entscheidungen und Kurskorrekturen.<\/p>\n\n\n\n<p class=\"has-medium-font-size\">13. <strong>Bericht Fortschritt:<\/strong><\/p>\n\n\n\n<p>Erstellen Sie Visualisierungen f\u00fcr die Beteiligten, um regelm\u00e4\u00dfige Aktualisierungen und Statusberichte zu liefern. Durch den Export von Visualisierungen nach PowerPoint werden regelm\u00e4\u00dfige Statusbesprechungen zum Kinderspiel. Mit Power BI k\u00f6nnen Sie die Berichte an die Pr\u00e4ferenzen der Stakeholder anpassen und so Transparenz und Vertrauen f\u00f6rdern.<\/p>\n\n\n\n<p class=\"has-medium-font-size\">14. <strong>W\u00f6chentliche Teambesprechungen abhalten:<\/strong><\/p>\n\n\n\n<p>Nutzen Sie Power BI, um Teambesprechungen anhand von Schl\u00fcsselkennzahlen zu strukturieren. Visualisieren Sie Leistungsdaten, diskutieren Sie verfehlte Ziele und feiern Sie Erfolge. Das Tool hilft dabei, sich auf die wesentlichen Aktivit\u00e4ten zu konzentrieren und das Team bei der Stange zu halten.<\/p>\n\n\n\n<p class=\"has-medium-font-size\">15. <strong>Probleme bew\u00e4ltigen:<\/strong><\/p>\n\n\n\n<p>Power BI-Visualisierungen k\u00f6nnen dabei helfen, entstehende Probleme zu erkennen und zu bew\u00e4ltigen. Beobachten Sie die Teamdynamik und Projektmetriken, um Probleme anzugehen, bevor sie eskalieren. Hier hilft die Risikomatrix bei der Verfolgung und Bew\u00e4ltigung von Risiken, um nachteilige Folgen zu verhindern.<\/p>\n\n\n\n<h3 class=\"wp-block-heading\" style=\"font-size:30px\">Projektabschlussphase<\/h3>\n\n\n\n<p class=\"has-medium-font-size\">16. <strong>Bewerten Sie die Projektleistung:<\/strong><\/p>\n\n\n\n<p>Verwenden Sie Power BI, um den Projektfortschritt mit dem urspr\u00fcnglich definierten Umfang zu vergleichen. Visualisieren Sie Leistungskennzahlen, um Diskussionen mit den Beteiligten \u00fcber den Projektabschluss und -erfolg zu initiieren. Vergleichen Sie die Projektmetriken auch mit fr\u00fcheren Projekterfolgen oder -misserfolgen.<\/p>\n\n\n\n<p class=\"has-medium-font-size\">17. <strong>Schlie\u00dfen Sie das Projekt:<\/strong><\/p>\n\n\n\n<p>Visualisieren Sie die Schritte, die zum Abschluss eines Projekts geh\u00f6ren. Power BI hilft bei der Dokumentation und Kommunikation von Projektabschlussprozessen. So stellen wir einen reibungslosen \u00dcbergang der Ergebnisse sicher.<\/p>\n\n\n\n<h3 class=\"wp-block-heading\" style=\"font-size:30px\">Nachbesprechung<\/h3>\n\n\n\n<p>Integrieren Sie Power BI in jede Projektphase, um ein umfassendes und dynamisches Projekt-Dashboard zu erstellen. Nicht jede Visualisierung ist ein Muss, aber die Anwendung von Power BI hilft Ihnen, in jeder Phase Ihres Projekts den \u00dcberblick zu behalten. Verschaffen Sie Ihrem Team verwertbare Erkenntnisse, f\u00f6rdern Sie die Zusammenarbeit und navigieren Sie durch die Komplexit\u00e4t des Projektmanagements. Der Projekterfolg ist nicht mehr nur ein Ziel, sondern mit Power BI eine visualisierte Reise.<\/p>\n\n\n\n<p><\/p>\n\n\n\n<hr class=\"wp-block-separator has-alpha-channel-opacity\"\/>\n\n\n\n<p class=\"has-small-font-size\"><sup>1<\/sup> Die Projektphasen in diesem Artikel beruhen auf dem folgenden Artikel: <a href=\"https:\/\/hbr.org\/2016\/11\/the-four-phases-of-project-management\">Harvard Business Review. (2016, November 3). <em>Die vier Phasen des Projektmanagements<\/em>.<\/a><\/p>","protected":false},"excerpt":{"rendered":"<p>In der dynamischen Landschaft des Projektmanagements, in der Pr\u00e4zision und Voraussicht von entscheidender Bedeutung sind, ist der Einsatz von Technologie von entscheidender Bedeutung. Microsoft Power BI hat sich dabei als Wegbereiter erwiesen. Power BI bietet Projektmanagern eine dynamische Plattform, um ihre Entscheidungsprozesse zu verbessern. In diesem umfassenden Leitfaden erfahren Sie, wie Power BI jede Phase1 eines Projekts verbessern kann ... <\/p>","protected":false},"author":55,"featured_media":13133,"parent":0,"menu_order":0,"comment_status":"closed","ping_status":"closed","template":"","meta":{"footnotes":"[]"},"class_list":["post-13130","page","type-page","status-publish","has-post-thumbnail","hentry","latest_post"],"_links":{"self":[{"href":"https:\/\/www.leaplytics.de\/de\/wp-json\/wp\/v2\/pages\/13130","targetHints":{"allow":["GET"]}}],"collection":[{"href":"https:\/\/www.leaplytics.de\/de\/wp-json\/wp\/v2\/pages"}],"about":[{"href":"https:\/\/www.leaplytics.de\/de\/wp-json\/wp\/v2\/types\/page"}],"author":[{"embeddable":true,"href":"https:\/\/www.leaplytics.de\/de\/wp-json\/wp\/v2\/users\/55"}],"replies":[{"embeddable":true,"href":"https:\/\/www.leaplytics.de\/de\/wp-json\/wp\/v2\/comments?post=13130"}],"version-history":[{"count":7,"href":"https:\/\/www.leaplytics.de\/de\/wp-json\/wp\/v2\/pages\/13130\/revisions"}],"predecessor-version":[{"id":13144,"href":"https:\/\/www.leaplytics.de\/de\/wp-json\/wp\/v2\/pages\/13130\/revisions\/13144"}],"wp:featuredmedia":[{"embeddable":true,"href":"https:\/\/www.leaplytics.de\/de\/wp-json\/wp\/v2\/media\/13133"}],"wp:attachment":[{"href":"https:\/\/www.leaplytics.de\/de\/wp-json\/wp\/v2\/media?parent=13130"}],"curies":[{"name":"wp","href":"https:\/\/api.w.org\/{rel}","templated":true}]}}