{"id":13182,"date":"2024-03-05T14:01:00","date_gmt":"2024-03-05T13:01:00","guid":{"rendered":"https:\/\/www.leaplytics.de\/?page_id=13182"},"modified":"2024-03-05T14:01:01","modified_gmt":"2024-03-05T13:01:01","slug":"workfront-text-viewer-visual-fur-power-bi","status":"publish","type":"page","link":"https:\/\/www.leaplytics.de\/de\/workfront-text-viewer-visual-fur-power-bi\/","title":{"rendered":"Workfront Text Viewer Visual f\u00fcr Power BI"},"content":{"rendered":"<p>Sind Sie auf der Suche nach einem Datenvisualisierungsprogramm, das Ihre Workfront-Datei in sch\u00f6n formatierten Text umwandelt? Einen vollwertigen Texteditor, der sich nahtlos in Ihr Dashboard integrieren l\u00e4sst.<\/p>\n\n\n\n<p>Wir entwickeln Visuals f\u00fcr Power BI, die die Probleme unserer Kunden adressieren. Mit unseren MS-zertifizierten Power BI Visuals verfolgen wir das Ziel, das Leben unserer Kunden einfacher und effizienter zu machen!<\/p>\n\n\n\n<p>Derzeit arbeiten wir an einem Text Viewer, der Workfront-Daten in sch\u00f6n formatierten Text umwandelt.<\/p>\n\n\n\n<p>Geben Sie unten Ihre Kontaktdaten ein und tragen Sie sich jetzt in unsere Warteliste ein, um benachrichtigt zu werden, sobald der Workfront Text Viewer visual einsatzbereit ist!<\/p>\n\n\n\n<div class=\"wpforms-container wpforms-container-full\" id=\"wpforms-13195\"><form id=\"wpforms-form-13195\" class=\"wpforms-validate wpforms-form wpforms-ajax-form\" data-formid=\"13195\" method=\"post\" enctype=\"multipart\/form-data\" action=\"\/de\/wp-json\/wp\/v2\/pages\/13182\" data-token=\"f9ff104fd44ad46dcbd70a21bb7ea9cb\" data-token-time=\"1775822588\" data-trp-original-action=\"\/de\/wp-json\/wp\/v2\/pages\/13182\"><noscript class=\"wpforms-error-noscript\">Bitte aktivieren Sie JavaScript in Ihrem Browser, um dieses Formular fertigzustellen.<\/noscript><div class=\"wpforms-field-container\"><div id=\"wpforms-13195-field_0-container\" class=\"wpforms-field wpforms-field-name\" data-field-id=\"0\"><label class=\"wpforms-field-label\">Name <span class=\"wpforms-required-label\">*<\/span><\/label><div class=\"wpforms-field-row wpforms-field-medium\"><div class=\"wpforms-field-row-block wpforms-first wpforms-one-half\"><input type=\"text\" id=\"wpforms-13195-field_0\" class=\"wpforms-field-name-first wpforms-field-required\" name=\"wpforms[fields][0][first]\" required><label for=\"wpforms-13195-field_0\" class=\"wpforms-field-sublabel after\">Vorname<\/label><\/div><div class=\"wpforms-field-row-block wpforms-one-half\"><input type=\"text\" id=\"wpforms-13195-field_0-last\" class=\"wpforms-field-name-last wpforms-field-required\" name=\"wpforms[fields][0][last]\" required><label for=\"wpforms-13195-field_0-last\" class=\"wpforms-field-sublabel after\">Nachname<\/label><\/div><\/div><\/div><div id=\"wpforms-13195-field_1-container\" class=\"wpforms-field wpforms-field-email\" data-field-id=\"1\"><label class=\"wpforms-field-label\" for=\"wpforms-13195-field_1\">Gesch\u00e4ftliche E-Mail <span class=\"wpforms-required-label\">*<\/span><\/label><input type=\"email\" id=\"wpforms-13195-field_1\" class=\"wpforms-field-medium wpforms-field-required\" data-rule-restricted-email=\"1\" name=\"wpforms[fields][1]\" spellcheck=\"false\" required><\/div><div id=\"wpforms-13195-field_4-container\" class=\"wpforms-field wpforms-field-text\" data-field-id=\"4\"><label class=\"wpforms-field-label\" for=\"wpforms-13195-field_4\">Unternehmen <span class=\"wpforms-required-label\">*<\/span><\/label><input type=\"text\" id=\"wpforms-13195-field_4\" class=\"wpforms-field-medium wpforms-field-required\" name=\"wpforms[fields][4]\" required><\/div><div id=\"wpforms-13195-field_3-container\" class=\"wpforms-field wpforms-field-gdpr-checkbox\" data-field-id=\"3\"><label class=\"wpforms-field-label\">DSGVO-Vereinbarung <span class=\"wpforms-required-label\">*<\/span><\/label><ul id=\"wpforms-13195-field_3\" class=\"wpforms-field-required\"><li class=\"choice-1\"><input type=\"checkbox\" id=\"wpforms-13195-field_3_1\" name=\"wpforms[fields][3][]\" value=\"I consent to having this website store my submitted information so they can respond to my inquiry.\" required><label class=\"wpforms-field-label-inline\" for=\"wpforms-13195-field_3_1\">Ich bin damit einverstanden, dass diese Website die von mir \u00fcbermittelten Daten speichert, damit sie auf meine Anfrage antworten kann.<\/label><\/li><\/ul><\/div><\/div><!-- .wpforms-field-container --><div class=\"wpforms-recaptcha-container wpforms-is-recaptcha wpforms-is-recaptcha-type-v3\" ><input type=\"hidden\" name=\"wpforms[recaptcha]\" value=\"\"><\/div><div class=\"wpforms-submit-container\" ><input type=\"hidden\" name=\"wpforms[id]\" value=\"13195\"><input type=\"hidden\" name=\"page_title\" value=\"\"><input type=\"hidden\" name=\"page_url\" value=\"https:\/\/www.leaplytics.de\/de\/wp-json\/wp\/v2\/pages\/13182\"><input type=\"hidden\" name=\"url_referer\" value=\"\"><button type=\"submit\" name=\"wpforms[submit]\" id=\"wpforms-submit-13195\" class=\"wpforms-submit\" data-alt-text=\"Sending...\" data-submit-text=\"Submit\" aria-live=\"assertive\" value=\"wpforms-submit\">Einreichen<\/button><img loading=\"lazy\" decoding=\"async\" src=\"https:\/\/www.leaplytics.de\/wp-content\/plugins\/wpforms-lite\/assets\/images\/submit-spin.svg\" class=\"wpforms-submit-spinner\" style=\"display: none;\" width=\"26\" height=\"26\" alt=\"Wird geladen\"><\/div><input type=\"hidden\" name=\"trp-form-language\" value=\"de\"\/><\/form><\/div>  <!-- .wpforms-container -->","protected":false},"excerpt":{"rendered":"<p>Sind Sie auf der Suche nach einem Datenvisualisierungsprogramm, das Ihre Workfront-Datei in sch\u00f6n formatierten Text umwandelt? Einen vollwertigen Texteditor, der sich nahtlos in Ihr Dashboard integrieren l\u00e4sst? Wir entwickeln Visuals f\u00fcr Power BI, die sich an den Problemen unserer Kunden orientieren. Mit unseren MS-zertifizierten Power BI-Visuals verfolgen wir das Ziel, das Leben unserer Kunden ... <\/p>","protected":false},"author":55,"featured_media":0,"parent":0,"menu_order":0,"comment_status":"closed","ping_status":"closed","template":"","meta":{"footnotes":""},"class_list":["post-13182","page","type-page","status-publish","hentry","latest_post"],"_links":{"self":[{"href":"https:\/\/www.leaplytics.de\/de\/wp-json\/wp\/v2\/pages\/13182","targetHints":{"allow":["GET"]}}],"collection":[{"href":"https:\/\/www.leaplytics.de\/de\/wp-json\/wp\/v2\/pages"}],"about":[{"href":"https:\/\/www.leaplytics.de\/de\/wp-json\/wp\/v2\/types\/page"}],"author":[{"embeddable":true,"href":"https:\/\/www.leaplytics.de\/de\/wp-json\/wp\/v2\/users\/55"}],"replies":[{"embeddable":true,"href":"https:\/\/www.leaplytics.de\/de\/wp-json\/wp\/v2\/comments?post=13182"}],"version-history":[{"count":2,"href":"https:\/\/www.leaplytics.de\/de\/wp-json\/wp\/v2\/pages\/13182\/revisions"}],"predecessor-version":[{"id":13215,"href":"https:\/\/www.leaplytics.de\/de\/wp-json\/wp\/v2\/pages\/13182\/revisions\/13215"}],"wp:attachment":[{"href":"https:\/\/www.leaplytics.de\/de\/wp-json\/wp\/v2\/media?parent=13182"}],"curies":[{"name":"wp","href":"https:\/\/api.w.org\/{rel}","templated":true}]}}