{"id":13321,"date":"2024-04-09T20:47:19","date_gmt":"2024-04-09T18:47:19","guid":{"rendered":"https:\/\/www.leaplytics.de\/?page_id=13321"},"modified":"2024-04-17T15:17:27","modified_gmt":"2024-04-17T13:17:27","slug":"chancenmatrix-fur-power-bi","status":"publish","type":"page","link":"https:\/\/www.leaplytics.de\/de\/chancenmatrix-fur-power-bi\/","title":{"rendered":"Opportunity Matrix f\u00fcr Power BI - Nutzen Sie Ihren Wettbewerbsvorteil"},"content":{"rendered":"<p>F\u00fcr Projekt- und Risikomanager ist die Nutzung von Chancen ebenso wichtig wie die Minderung von Risiken. Durch die Anpassung unserer visuellen Risikomatrix f\u00fcr Power BI k\u00f6nnen wir sie in eine Chancenmatrix umwandeln. Dieser Ansatz erm\u00f6glicht es, Chancen zu identifizieren und zu nutzen, die einen Wettbewerbsvorteil darstellen.<\/p>\n\n\n\n<figure class=\"wp-block-embed is-type-video is-provider-youtube wp-block-embed-youtube wp-embed-aspect-16-9 wp-has-aspect-ratio\"><div class=\"wp-block-embed__wrapper\">\n<iframe loading=\"lazy\" title=\"Opportunit\u00e4tsmatrix f\u00fcr Power BI - LeapLytics\" width=\"770\" height=\"433\" src=\"https:\/\/www.youtube.com\/embed\/VzEAOzIjrZY?feature=oembed\" frameborder=\"0\" allow=\"accelerometer; autoplay; clipboard-write; encrypted-media; gyroscope; picture-in-picture; web-share\" referrerpolicy=\"strict-origin-when-cross-origin\" allowfullscreen><\/iframe>\n<\/div><figcaption class=\"wp-element-caption\">In unserem YouTube-Video zeigen wir Ihnen, wie Sie eine Opportunity-Matrix in Power BI einrichten.<\/figcaption><\/figure>\n\n\n\n<h3 class=\"wp-block-heading has-medium-font-size\"><strong>Warum Opportunity Management wichtig ist<\/strong><\/h3>\n\n\n\n<p>Chancenmanagement ist f\u00fcr Unternehmen, die nachhaltiges Wachstum und Wettbewerbsvorteile anstreben, von entscheidender Bedeutung. Es geht darum, Chancen zu erkennen und zu ergreifen. Unternehmen k\u00f6nnen aus Markttrends, Innovationen und neuen Technologien Kapital schlagen. Au\u00dferdem erm\u00f6glicht es eine kontinuierliche Verbesserung der Produkt- und Dienstleistungsqualit\u00e4t. Dar\u00fcber hinaus erm\u00f6glicht ein effektives Chancenmanagement den Unternehmen, der Konkurrenz einen Schritt voraus zu sein. Die Anpassung an sich \u00e4ndernde Kundenbed\u00fcrfnisse und -pr\u00e4ferenzen ist entscheidend.<\/p>\n\n\n\n<h3 class=\"wp-block-heading has-medium-font-size\"><strong>Identifizierung von Chancen aus verschiedenen Quellen<\/strong><\/h3>\n\n\n\n<p>Um Chancen zu erkennen, m\u00fcssen wir alle uns bekannten Quellen anzapfen.<\/p>\n\n\n\n<div class=\"wp-block-columns is-layout-flex wp-container-core-columns-is-layout-1 wp-block-columns-is-layout-flex\">\n<div class=\"wp-block-column is-layout-flow wp-block-column-is-layout-flow\" style=\"flex-basis:2%\">\n<p><strong>1.<\/strong><\/p>\n<\/div>\n\n\n\n<div class=\"wp-block-column is-layout-flow wp-block-column-is-layout-flow\" style=\"flex-basis:98%\">\n<p><strong>Bewerten Sie Ihre Wettbewerbslandschaft:<\/strong> Bei der Bewertung des Unternehmensumfelds geht es um die Analyse der St\u00e4rken, Schw\u00e4chen, Marktpositionierung und Strategien der Wettbewerber. Benchmarking oder eine SWOT-Analyse k\u00f6nnen dabei sehr hilfreich sein. Einblicke in die besten Praktiken der Wettbewerber k\u00f6nnen potenzielle Chancen aufzeigen.<\/p>\n<\/div>\n<\/div>\n\n\n\n<div class=\"wp-block-columns is-layout-flex wp-container-core-columns-is-layout-2 wp-block-columns-is-layout-flex\">\n<div class=\"wp-block-column is-layout-flow wp-block-column-is-layout-flow\" style=\"flex-basis:2%\">\n<p><strong>2.<\/strong><\/p>\n<\/div>\n\n\n\n<div class=\"wp-block-column is-layout-flow wp-block-column-is-layout-flow\" style=\"flex-basis:98%\">\n<p><strong>Die Kundenbed\u00fcrfnisse im Voraus verstehen: <\/strong>Bleiben Sie auf dem Laufenden \u00fcber Markttrends, Verbraucherverhalten und neue Pr\u00e4ferenzen. Marktforschung, Kundenfeedback und die Analyse des Kaufverhaltens helfen dabei, Kundenbed\u00fcrfnisse zu erkennen.<\/p>\n<\/div>\n<\/div>\n\n\n\n<div class=\"wp-block-columns is-layout-flex wp-container-core-columns-is-layout-3 wp-block-columns-is-layout-flex\">\n<div class=\"wp-block-column is-layout-flow wp-block-column-is-layout-flow\" style=\"flex-basis:2%\">\n<p><strong>3.<\/strong><\/p>\n<\/div>\n\n\n\n<div class=\"wp-block-column is-layout-flow wp-block-column-is-layout-flow\" style=\"flex-basis:98%\">\n<p><strong>F\u00f6rderung von Innovation und Einf\u00fchrung von Praktiken zum Wissensaustausch:<\/strong> F\u00f6rdern Sie eine Kultur der Innovation und Kreativit\u00e4t. Die Zusammenf\u00fchrung von Menschen aus verschiedenen Bereichen kann ein wichtiger Faktor f\u00fcr den Wissensaustausch sein. Dies kann zu innovativeren Ideen durch \"out-of-the-box\"-Denken f\u00fchren.<\/p>\n<\/div>\n<\/div>\n\n\n\n<div class=\"wp-block-columns is-layout-flex wp-container-core-columns-is-layout-4 wp-block-columns-is-layout-flex\">\n<div class=\"wp-block-column is-layout-flow wp-block-column-is-layout-flow\" style=\"flex-basis:2%\">\n<p><strong>4.<\/strong><\/p>\n<\/div>\n\n\n\n<div class=\"wp-block-column is-layout-flow wp-block-column-is-layout-flow\" style=\"flex-basis:98%\">\n<p><strong>Schwachstellen erkennen und Ursachen finden:<\/strong> Slack bezieht sich auf nicht ausgelastete Ressourcen, Prozesse oder F\u00e4higkeiten innerhalb einer Organisation. Ziel ist es, die Bereiche zu identifizieren, in denen es zu einer Unterauslastung kommt, und die Ursachen daf\u00fcr zu erforschen. Auf diese Weise k\u00f6nnen Sie versteckte M\u00f6glichkeiten zur Optimierung und Verbesserung aufdecken. Prozessaudits und Mitarbeiterfeedback k\u00f6nnen als Identifizierungsstrategien dienen.<\/p>\n<\/div>\n<\/div>\n\n\n\n<div class=\"wp-block-columns is-layout-flex wp-container-core-columns-is-layout-5 wp-block-columns-is-layout-flex\">\n<div class=\"wp-block-column is-layout-flow wp-block-column-is-layout-flow\" style=\"flex-basis:2%\">\n<p><strong>5.<\/strong><\/p>\n<\/div>\n\n\n\n<div class=\"wp-block-column is-layout-flow wp-block-column-is-layout-flow\" style=\"flex-basis:98%\">\n<p><strong>Vergessen Sie Ihre Risiken nicht, sie k\u00f6nnten Chancen bergen: <\/strong>Risiken werden in der Regel als potenzielle Bedrohung f\u00fcr den Gesch\u00e4ftsbetrieb angesehen. Sie k\u00f6nnen aber auch versteckte Chancen aufdecken. Wenn Sie Risiken analysieren und verwalten, sollten Sie bedenken, dass Sie einige in Chancen umwandeln k\u00f6nnen. So kann beispielsweise die Behebung von Cybersicherheitsbedrohungen das Vertrauen und die Loyalit\u00e4t der Kunden st\u00e4rken.<\/p>\n<\/div>\n<\/div>\n\n\n\n<div class=\"wp-block-columns is-layout-flex wp-container-core-columns-is-layout-6 wp-block-columns-is-layout-flex\">\n<div class=\"wp-block-column is-layout-flow wp-block-column-is-layout-flow\" style=\"flex-basis:2%\">\n<p><strong>6.<\/strong><\/p>\n<\/div>\n\n\n\n<div class=\"wp-block-column is-layout-flow wp-block-column-is-layout-flow\" style=\"flex-basis:98%\">\n<p><strong>Werden Sie zum Vorreiter f\u00fcr Nachhaltigkeit in Ihrer Branche:<\/strong> Die Umsetzung von Nachhaltigkeit kann neue M\u00f6glichkeiten f\u00fcr Innovation, Kosteneinsparungen und Differenzierung er\u00f6ffnen. Suchen Sie nach M\u00f6glichkeiten, Ihre Emissionen zu reduzieren und den Ressourcenverbrauch zu optimieren. Kosteneinsparungen, Kundentreue und ein besseres Markenimage werden das Ergebnis sein.<\/p>\n<\/div>\n<\/div>\n\n\n\n<h3 class=\"wp-block-heading has-medium-font-size\"><strong>Vorteile des Opportunity Management<\/strong><\/h3>\n\n\n\n<p>Ein effektives Chancenmanagement bietet viele Vorteile. Dazu geh\u00f6ren h\u00f6here Rentabilit\u00e4t, bessere Marktpositionierung, gr\u00f6\u00dfere Kundenzufriedenheit und nachhaltiges Unternehmenswachstum. Durch proaktives Erkennen und Aussch\u00f6pfen von Chancen k\u00f6nnen Unternehmen Innovationen vorantreiben. Sie f\u00f6rdern eine Kultur der kontinuierlichen Verbesserung und maximieren ihren Wettbewerbsvorteil.<\/p>\n\n\n\n<h3 class=\"wp-block-heading has-medium-font-size\"><strong>Die Opportunity-Matrix verstehen<\/strong><\/h3>\n\n\n\n<p>Im Kern spiegelt die Chancenmatrix die bekannte Risikomatrix wider. Sie bewertet potenzielle Chancen im Hinblick auf ihre Wahrscheinlichkeit und ihre Auswirkungen. Die Matrix erleichtert die Erkennung, Bewertung und das Management von Chancen. Oberste Priorit\u00e4t ist es, Unternehmen zu mehr Leistung und Wachstum zu f\u00fchren.<\/p>\n\n\n\n<div class=\"wp-block-columns is-layout-flex wp-container-core-columns-is-layout-7 wp-block-columns-is-layout-flex\">\n<div class=\"wp-block-column is-vertically-aligned-center is-layout-flow wp-block-column-is-layout-flow\" style=\"flex-basis:150px\">\n<figure class=\"wp-block-image size-full is-resized\"><img loading=\"lazy\" decoding=\"async\" width=\"255\" height=\"259\" src=\"https:\/\/www.leaplytics.de\/wp-content\/uploads\/2024\/04\/Bild3.jpg\" alt=\"\" class=\"wp-image-13324\" style=\"width:100px\" srcset=\"https:\/\/www.leaplytics.de\/wp-content\/uploads\/2024\/04\/Bild3.jpg 255w, https:\/\/www.leaplytics.de\/wp-content\/uploads\/2024\/04\/Bild3-59x60.jpg 59w\" sizes=\"auto, (max-width: 255px) 100vw, 255px\" \/><\/figure>\n<\/div>\n\n\n\n<div class=\"wp-block-column is-layout-flow wp-block-column-is-layout-flow\" style=\"flex-basis:66.66%\">\n<p><strong>Tooltip-Option \u00fcber Mouse-over<\/strong><\/p>\n\n\n\n<p>Wenn Sie mit dem Mauszeiger \u00fcber Datenpunkte fahren, erhalten Sie detaillierte Informationen. So k\u00f6nnen die Nutzer bestimmte M\u00f6glichkeiten genauer untersuchen. Diese Funktion verbessert die Entscheidungsfindung, indem sie umfassende Einblicke auf einen Blick bietet.<\/p>\n<\/div>\n<\/div>\n\n\n\n<div class=\"wp-block-columns is-layout-flex wp-container-core-columns-is-layout-8 wp-block-columns-is-layout-flex\">\n<div class=\"wp-block-column is-vertically-aligned-center is-layout-flow wp-block-column-is-layout-flow\" style=\"flex-basis:150px\">\n<figure class=\"wp-block-image size-large is-resized\"><img loading=\"lazy\" decoding=\"async\" width=\"1024\" height=\"1024\" src=\"https:\/\/www.leaplytics.de\/wp-content\/uploads\/2022\/06\/Indicator-Settings-1024x1024.png\" alt=\"\" class=\"wp-image-8461\" style=\"width:128px;height:auto\" srcset=\"https:\/\/www.leaplytics.de\/wp-content\/uploads\/2022\/06\/Indicator-Settings-1024x1024.png 1024w, https:\/\/www.leaplytics.de\/wp-content\/uploads\/2022\/06\/Indicator-Settings-300x300.png 300w, https:\/\/www.leaplytics.de\/wp-content\/uploads\/2022\/06\/Indicator-Settings-150x150.png 150w, https:\/\/www.leaplytics.de\/wp-content\/uploads\/2022\/06\/Indicator-Settings-768x768.png 768w, https:\/\/www.leaplytics.de\/wp-content\/uploads\/2022\/06\/Indicator-Settings-1536x1536.png 1536w, https:\/\/www.leaplytics.de\/wp-content\/uploads\/2022\/06\/Indicator-Settings-370x370.png 370w, https:\/\/www.leaplytics.de\/wp-content\/uploads\/2022\/06\/Indicator-Settings-60x60.png 60w, https:\/\/www.leaplytics.de\/wp-content\/uploads\/2022\/06\/Indicator-Settings.png 1854w\" sizes=\"auto, (max-width: 1024px) 100vw, 1024px\" \/><\/figure>\n<\/div>\n\n\n\n<div class=\"wp-block-column is-layout-flow wp-block-column-is-layout-flow\">\n<p class=\"has-medium-font-size\"><strong>Bedingte Formatierung<\/strong><\/p>\n\n\n\n<p>Verwenden Sie bedingte Formatierungsregeln, um wichtige Chancen auf der Grundlage vordefinierter Kriterien hervorzuheben. Diese Funktion verbessert die Transparenz und priorisiert umsetzbare Erkenntnisse f\u00fcr die strategische Planung und Ausf\u00fchrung. Zus\u00e4tzlich kann die Matrix durch bedingte Formatierung um eine weitere Dimension erweitert werden. So kann beispielsweise die Durchf\u00fchrbarkeit jeder Chance durch Farbcodes bewertet werden. Unterschiedliche Farbschattierungen k\u00f6nnten f\u00fcr verschiedene Stufen der Durchf\u00fchrbarkeit stehen. So erhalten die Beteiligten wertvolle Einblicke in die Realisierbarkeit der einzelnen Chancen.<\/p>\n<\/div>\n<\/div>\n\n\n\n<div class=\"wp-block-columns is-layout-flex wp-container-core-columns-is-layout-9 wp-block-columns-is-layout-flex\">\n<div class=\"wp-block-column is-vertically-aligned-center is-layout-flow wp-block-column-is-layout-flow\" style=\"flex-basis:150px\">\n<figure class=\"wp-block-image size-full is-resized\"><img loading=\"lazy\" decoding=\"async\" width=\"355\" height=\"218\" src=\"https:\/\/www.leaplytics.de\/wp-content\/uploads\/2024\/04\/Bild2.jpg\" alt=\"\" class=\"wp-image-13323\" style=\"width:128px\" srcset=\"https:\/\/www.leaplytics.de\/wp-content\/uploads\/2024\/04\/Bild2.jpg 355w, https:\/\/www.leaplytics.de\/wp-content\/uploads\/2024\/04\/Bild2-300x184.jpg 300w, https:\/\/www.leaplytics.de\/wp-content\/uploads\/2024\/04\/Bild2-98x60.jpg 98w\" sizes=\"auto, (max-width: 355px) 100vw, 355px\" \/><\/figure>\n<\/div>\n\n\n\n<div class=\"wp-block-column is-layout-flow wp-block-column-is-layout-flow\" style=\"flex-basis:66.66%\">\n<p><strong>Drill-Through-Option f\u00fcr mehr Einblicke<\/strong><\/p>\n\n\n\n<p>Navigieren Sie mit der Drill-Through-Funktion durch die Datenebenen. Sie erm\u00f6glicht es den Nutzern, die zugrundeliegenden Faktoren zu untersuchen, die jede Opportunity beeinflussen. Diese \"Deep-Dive\"-Funktion f\u00f6rdert ein gr\u00fcndliches Verst\u00e4ndnis der potenziellen Einflussfaktoren und Auswirkungen.<\/p>\n<\/div>\n<\/div>\n\n\n\n<div class=\"wp-block-columns is-layout-flex wp-container-core-columns-is-layout-10 wp-block-columns-is-layout-flex\">\n<div class=\"wp-block-column is-vertically-aligned-center is-layout-flow wp-block-column-is-layout-flow\" style=\"flex-basis:150px\">\n<figure class=\"wp-block-image size-large is-resized\"><img loading=\"lazy\" decoding=\"async\" width=\"1024\" height=\"1024\" src=\"https:\/\/www.leaplytics.de\/wp-content\/uploads\/2022\/05\/Color-Settings-1024x1024.png\" alt=\"\" class=\"wp-image-7710\" style=\"width:128px\" srcset=\"https:\/\/www.leaplytics.de\/wp-content\/uploads\/2022\/05\/Color-Settings-1024x1024.png 1024w, https:\/\/www.leaplytics.de\/wp-content\/uploads\/2022\/05\/Color-Settings-300x300.png 300w, https:\/\/www.leaplytics.de\/wp-content\/uploads\/2022\/05\/Color-Settings-150x150.png 150w, https:\/\/www.leaplytics.de\/wp-content\/uploads\/2022\/05\/Color-Settings-768x768.png 768w, https:\/\/www.leaplytics.de\/wp-content\/uploads\/2022\/05\/Color-Settings-1536x1536.png 1536w, https:\/\/www.leaplytics.de\/wp-content\/uploads\/2022\/05\/Color-Settings-2048x2048.png 2048w, https:\/\/www.leaplytics.de\/wp-content\/uploads\/2022\/05\/Color-Settings-370x370.png 370w, https:\/\/www.leaplytics.de\/wp-content\/uploads\/2022\/05\/Color-Settings-60x60.png 60w, https:\/\/www.leaplytics.de\/wp-content\/uploads\/2022\/05\/Color-Settings-600x600.png 600w, https:\/\/www.leaplytics.de\/wp-content\/uploads\/2022\/05\/Color-Settings-100x100.png 100w\" sizes=\"auto, (max-width: 1024px) 100vw, 1024px\" \/><\/figure>\n<\/div>\n\n\n\n<div class=\"wp-block-column is-layout-flow wp-block-column-is-layout-flow\" style=\"flex-basis:66.66%\">\n<p><strong>Individuelle Farbgestaltung<\/strong><\/p>\n\n\n\n<p>Personalisieren Sie die Matrix mit individuellen Farbschemata. Dies f\u00f6rdert die \u00dcbersichtlichkeit und erm\u00f6glicht die Anpassung an individuelle Anforderungen.<\/p>\n<\/div>\n<\/div>\n\n\n\n<div class=\"wp-block-columns is-layout-flex wp-container-core-columns-is-layout-11 wp-block-columns-is-layout-flex\">\n<div class=\"wp-block-column is-vertically-aligned-center is-layout-flow wp-block-column-is-layout-flow\" style=\"flex-basis:150px\">\n<figure class=\"wp-block-image size-large\"><img loading=\"lazy\" decoding=\"async\" width=\"1024\" height=\"1018\" src=\"https:\/\/www.leaplytics.de\/wp-content\/uploads\/2022\/06\/Axis-Settings-1024x1018.png\" alt=\"\" class=\"wp-image-8460\" srcset=\"https:\/\/www.leaplytics.de\/wp-content\/uploads\/2022\/06\/Axis-Settings-1024x1018.png 1024w, https:\/\/www.leaplytics.de\/wp-content\/uploads\/2022\/06\/Axis-Settings-300x298.png 300w, https:\/\/www.leaplytics.de\/wp-content\/uploads\/2022\/06\/Axis-Settings-150x150.png 150w, https:\/\/www.leaplytics.de\/wp-content\/uploads\/2022\/06\/Axis-Settings-768x763.png 768w, https:\/\/www.leaplytics.de\/wp-content\/uploads\/2022\/06\/Axis-Settings-1536x1527.png 1536w, https:\/\/www.leaplytics.de\/wp-content\/uploads\/2022\/06\/Axis-Settings-60x60.png 60w, https:\/\/www.leaplytics.de\/wp-content\/uploads\/2022\/06\/Axis-Settings.png 1827w\" sizes=\"auto, (max-width: 1024px) 100vw, 1024px\" \/><\/figure>\n<\/div>\n\n\n\n<div class=\"wp-block-column is-layout-flow wp-block-column-is-layout-flow\" style=\"flex-basis:66.66%\">\n<p><strong>Anpassbare Raster-, Achsen- und Indikatoreinstellungen<\/strong><\/p>\n\n\n\n<p>Passen Sie das Matrix-Layout an die organisatorischen Pr\u00e4ferenzen und spezifischen Projektanforderungen an. Passen Sie Rasterlinien, Achsenbeschriftungen und Indikatormarkierungen an, um die Lesbarkeit und \u00dcbersichtlichkeit zu optimieren.<\/p>\n<\/div>\n<\/div>\n\n\n\n<div class=\"wp-block-buttons is-layout-flex wp-block-buttons-is-layout-flex\">\n<div class=\"wp-block-button has-custom-font-size\" style=\"font-size:18px\"><a class=\"wp-block-button__link has-background wp-element-button\" href=\"https:\/\/www.leaplytics.de\/de\/titelseite\/projektmanagement-benutzerdefinierte-visuals-microsoft-powerbi\/benutzerdefinierte-visuelle-risikokarte-fur-power-bi\/\" style=\"background-color:#22316d\">Klicken Sie hier, um zu unserer benutzerdefinierten visuellen 'Risikomatrix' f\u00fcr Power BI zu gelangen!<\/a><\/div>\n<\/div>\n\n\n\n<figure class=\"wp-block-image size-full\"><img loading=\"lazy\" decoding=\"async\" width=\"152\" height=\"37\" src=\"https:\/\/www.leaplytics.de\/wp-content\/uploads\/2022\/05\/PBI-Certified.png\" alt=\"\" class=\"wp-image-8358\" srcset=\"https:\/\/www.leaplytics.de\/wp-content\/uploads\/2022\/05\/PBI-Certified.png 152w, https:\/\/www.leaplytics.de\/wp-content\/uploads\/2022\/05\/PBI-Certified-150x37.png 150w\" sizes=\"auto, (max-width: 152px) 100vw, 152px\" \/><\/figure>\n\n\n\n<p><\/p>\n\n\n\n<h3 class=\"wp-block-heading has-medium-font-size\"><strong>Wettbewerbsvorteile freisetzen<\/strong><\/h3>\n\n\n\n<p>Mit der Opportunity Matrix verschaffen sich Unternehmen einen strategischen Vorteil auf dem heutigen Markt. Proaktives Erkennen und Verwalten von Chancen f\u00f6rdert Innovation, Wachstum und nachhaltige Vorteile. Die Opportunity-Matrix von Power BI erm\u00f6glicht es Unternehmen, Opportunities mit intuitiven Funktionen zu verwalten.<\/p>\n\n\n\n<h3 class=\"wp-block-heading has-medium-font-size\"><strong>Schlussfolgerung<\/strong><\/h3>\n\n\n\n<p>Die Opportunity Matrix ist ein leistungsf\u00e4higes Instrument f\u00fcr die strategische Entscheidungsfindung. Sie hilft Unternehmen, nachhaltige Wettbewerbsvorteile zu erzielen. Mit ihren robusten Funktionen r\u00fcstet sie Unternehmen f\u00fcr einen erfolgreichen Wettbewerb auf dem Markt. Nutzen Sie sie f\u00fcr Wachstum und Innovation, um verborgenes Potenzial freizusetzen.<\/p>","protected":false},"excerpt":{"rendered":"<p>F\u00fcr Projekt- und Risikomanager ist die Nutzung von Chancen ebenso wichtig wie die Minderung von Risiken. Durch die Anpassung unserer visuellen Risikomatrix f\u00fcr Power BI k\u00f6nnen wir sie in eine Chancenmatrix umwandeln. Dieser Ansatz erm\u00f6glicht es, Chancen zu identifizieren und zu nutzen, die einen Wettbewerbsvorteil darstellen. Warum Chancenmanagement wichtig ist Das Chancenmanagement ist f\u00fcr Unternehmen, die ... <\/p>","protected":false},"author":55,"featured_media":13426,"parent":0,"menu_order":0,"comment_status":"closed","ping_status":"closed","template":"","meta":{"footnotes":""},"class_list":["post-13321","page","type-page","status-publish","has-post-thumbnail","hentry","latest_post"],"_links":{"self":[{"href":"https:\/\/www.leaplytics.de\/de\/wp-json\/wp\/v2\/pages\/13321","targetHints":{"allow":["GET"]}}],"collection":[{"href":"https:\/\/www.leaplytics.de\/de\/wp-json\/wp\/v2\/pages"}],"about":[{"href":"https:\/\/www.leaplytics.de\/de\/wp-json\/wp\/v2\/types\/page"}],"author":[{"embeddable":true,"href":"https:\/\/www.leaplytics.de\/de\/wp-json\/wp\/v2\/users\/55"}],"replies":[{"embeddable":true,"href":"https:\/\/www.leaplytics.de\/de\/wp-json\/wp\/v2\/comments?post=13321"}],"version-history":[{"count":11,"href":"https:\/\/www.leaplytics.de\/de\/wp-json\/wp\/v2\/pages\/13321\/revisions"}],"predecessor-version":[{"id":13424,"href":"https:\/\/www.leaplytics.de\/de\/wp-json\/wp\/v2\/pages\/13321\/revisions\/13424"}],"wp:featuredmedia":[{"embeddable":true,"href":"https:\/\/www.leaplytics.de\/de\/wp-json\/wp\/v2\/media\/13426"}],"wp:attachment":[{"href":"https:\/\/www.leaplytics.de\/de\/wp-json\/wp\/v2\/media?parent=13321"}],"curies":[{"name":"wp","href":"https:\/\/api.w.org\/{rel}","templated":true}]}}