{"id":13482,"date":"2024-06-03T18:15:40","date_gmt":"2024-06-03T16:15:40","guid":{"rendered":"https:\/\/www.leaplytics.de\/?page_id=13482"},"modified":"2024-06-03T18:15:41","modified_gmt":"2024-06-03T16:15:41","slug":"top-10-der-risikomanagement-tools-die-jeder-projektmanager-im-jahr-2024-kennen-sollte","status":"publish","type":"page","link":"https:\/\/www.leaplytics.de\/de\/top-10-der-risikomanagement-tools-die-jeder-projektmanager-im-jahr-2024-kennen-sollte\/","title":{"rendered":"Risikomanagement-Tools - Die 10 wichtigsten Tools, die jeder Projektmanager im Jahr 2024 kennen sollte"},"content":{"rendered":"<p>Unerwartete Probleme oder Risiken k\u00f6nnen oft selbst die besten Projektpl\u00e4ne zum Scheitern bringen. Deshalb ist ein wirksames Risikomanagement f\u00fcr jeden Projektleiter von entscheidender Bedeutung. Mit den richtigen Tools und Techniken k\u00f6nnen Sie Risiken fr\u00fchzeitig erkennen, bewerten und abmildern. Hier sind die 10 wichtigsten Risikomanagement-Tools und -Techniken, die jeder Projektmanager kennen sollte:<\/p>\n\n\n\n<div class=\"wp-block-columns is-layout-flex wp-container-core-columns-is-layout-1 wp-block-columns-is-layout-flex\">\n<div class=\"wp-block-column is-vertically-aligned-center is-layout-flow wp-block-column-is-layout-flow\" style=\"flex-basis:150px\"><div class=\"wp-block-image wp-duotone-rgb949494-ffffff-1\">\n<figure class=\"aligncenter size-full is-resized\"><img loading=\"lazy\" decoding=\"async\" width=\"640\" height=\"427\" src=\"https:\/\/www.leaplytics.de\/wp-content\/uploads\/2024\/05\/excel-logo-8033473_640.webp\" alt=\"\" class=\"wp-image-13483\" style=\"width:170px\" srcset=\"https:\/\/www.leaplytics.de\/wp-content\/uploads\/2024\/05\/excel-logo-8033473_640.webp 640w, https:\/\/www.leaplytics.de\/wp-content\/uploads\/2024\/05\/excel-logo-8033473_640-300x200.webp 300w, https:\/\/www.leaplytics.de\/wp-content\/uploads\/2024\/05\/excel-logo-8033473_640-90x60.webp 90w\" sizes=\"auto, (max-width: 640px) 100vw, 640px\" \/><\/figure><\/div><\/div>\n\n\n\n<div class=\"wp-block-column is-layout-flow wp-block-column-is-layout-flow\" style=\"flex-basis:66.66%\">\n<p><strong>Microsoft Excel<\/strong><\/p>\n\n\n\n<p>Microsoft Excel ist ein grundlegendes Werkzeug f\u00fcr das Risikomanagement. Es ist benutzerfreundlich und weithin zug\u00e4nglich. Mit Excel k\u00f6nnen Projektmanager detaillierte Listen potenzieller Risiken erstellen und deren Status w\u00e4hrend des gesamten Projektlebenszyklus verfolgen. Sie k\u00f6nnen Excel zum Beispiel verwenden, um alle m\u00f6glichen Risiken f\u00fcr ein Projekt aufzulisten und Strategien zur Bew\u00e4ltigung der einzelnen Risiken zu skizzieren. Excel entfaltet sein wahres Potenzial, wenn es mit anderen leistungsstarken Tools zusammenarbeitet.<\/p>\n<\/div>\n<\/div>\n\n\n\n<div class=\"wp-block-columns is-layout-flex wp-container-core-columns-is-layout-2 wp-block-columns-is-layout-flex\">\n<div class=\"wp-block-column is-vertically-aligned-center is-layout-flow wp-block-column-is-layout-flow\" style=\"flex-basis:150px\"><div class=\"wp-block-image wp-duotone-grayscale\">\n<figure class=\"aligncenter size-full is-resized\"><img loading=\"lazy\" decoding=\"async\" width=\"225\" height=\"300\" src=\"https:\/\/www.leaplytics.de\/wp-content\/uploads\/2024\/05\/power-bi-icon-logo-E1B451ED39-seeklogo.com_.png\" alt=\"\" class=\"wp-image-13484\" style=\"width:76px;height:auto\" srcset=\"https:\/\/www.leaplytics.de\/wp-content\/uploads\/2024\/05\/power-bi-icon-logo-E1B451ED39-seeklogo.com_.png 225w, https:\/\/www.leaplytics.de\/wp-content\/uploads\/2024\/05\/power-bi-icon-logo-E1B451ED39-seeklogo.com_-45x60.png 45w\" sizes=\"auto, (max-width: 225px) 100vw, 225px\" \/><\/figure><\/div><\/div>\n\n\n\n<div class=\"wp-block-column is-layout-flow wp-block-column-is-layout-flow\" style=\"flex-basis:66.66%\">\n<p><strong>Microsoft Power BI<\/strong><\/p>\n\n\n\n<p>Power BI ist ein leistungsstarkes Datenvisualisierungstool, das komplexe Daten in aufschlussreiche Grafiken umwandelt. Excel und Power BI sind eine perfekte Kombination. Excel hilft Ihnen bei der Speicherung und Verwaltung Ihrer Daten und Power BI unterst\u00fctzt Sie mit interaktiven visuellen Berichten. Solche interaktiven Dashboards zeigen Ihre Risiken und Auswirkungen auf. Stellen Sie sich vor, Sie k\u00f6nnten die Risiken Ihres neuesten Projekts in bunten Diagrammen darstellen und so allen Beteiligten das Verstehen und Handeln erleichtern.<\/p>\n<\/div>\n<\/div>\n\n\n\n<div class=\"wp-block-columns is-layout-flex wp-container-core-columns-is-layout-3 wp-block-columns-is-layout-flex\">\n<div class=\"wp-block-column is-vertically-aligned-center is-layout-flow wp-block-column-is-layout-flow\" style=\"flex-basis:150px\"><div class=\"wp-block-image wp-duotone-858585-ffffff-2\">\n<figure class=\"aligncenter size-full is-resized\"><img loading=\"lazy\" decoding=\"async\" width=\"96\" height=\"96\" src=\"https:\/\/www.leaplytics.de\/wp-content\/uploads\/2024\/05\/Bild1.svg_.jpg\" alt=\"\" class=\"wp-image-13485\" style=\"width:120px\" srcset=\"https:\/\/www.leaplytics.de\/wp-content\/uploads\/2024\/05\/Bild1.svg_.jpg 96w, https:\/\/www.leaplytics.de\/wp-content\/uploads\/2024\/05\/Bild1.svg_-60x60.jpg 60w\" sizes=\"auto, (max-width: 96px) 100vw, 96px\" \/><\/figure><\/div><\/div>\n\n\n\n<div class=\"wp-block-column is-layout-flow wp-block-column-is-layout-flow\" style=\"flex-basis:66.66%\">\n<p><strong>Risikoregister<\/strong><\/p>\n\n\n\n<p>Ein Risikoregister ist ein wichtiges Dokument im Risikomanagement. Es hilft den Projektmanagern, alle ermittelten Risiken an einem Ort aufzubewahren. Stellen Sie es sich als ein umfassendes Notizbuch vor, in dem Sie jedes m\u00f6gliche Problem und die entsprechenden Abhilfestrategien dokumentieren. Auf diese Weise wird sichergestellt, dass Risiken nicht \u00fcbersehen werden und eine kontinuierliche \u00dcberwachung stattfindet.<\/p>\n<\/div>\n<\/div>\n\n\n\n<div class=\"wp-block-columns is-layout-flex wp-container-core-columns-is-layout-4 wp-block-columns-is-layout-flex\">\n<div class=\"wp-block-column is-vertically-aligned-center is-layout-flow wp-block-column-is-layout-flow\" style=\"flex-basis:150px\"><div class=\"wp-block-image wp-duotone-unset-3\">\n<figure class=\"aligncenter size-full is-resized\"><img loading=\"lazy\" decoding=\"async\" width=\"1827\" height=\"1816\" src=\"https:\/\/www.leaplytics.de\/wp-content\/uploads\/2022\/06\/Axis-Settings.png\" alt=\"\" class=\"wp-image-8460\" style=\"width:110px\" srcset=\"https:\/\/www.leaplytics.de\/wp-content\/uploads\/2022\/06\/Axis-Settings.png 1827w, https:\/\/www.leaplytics.de\/wp-content\/uploads\/2022\/06\/Axis-Settings-300x298.png 300w, https:\/\/www.leaplytics.de\/wp-content\/uploads\/2022\/06\/Axis-Settings-1024x1018.png 1024w, https:\/\/www.leaplytics.de\/wp-content\/uploads\/2022\/06\/Axis-Settings-150x150.png 150w, https:\/\/www.leaplytics.de\/wp-content\/uploads\/2022\/06\/Axis-Settings-768x763.png 768w, https:\/\/www.leaplytics.de\/wp-content\/uploads\/2022\/06\/Axis-Settings-1536x1527.png 1536w, https:\/\/www.leaplytics.de\/wp-content\/uploads\/2022\/06\/Axis-Settings-60x60.png 60w\" sizes=\"auto, (max-width: 1827px) 100vw, 1827px\" \/><\/figure><\/div><\/div>\n\n\n\n<div class=\"wp-block-column is-layout-flow wp-block-column-is-layout-flow\" style=\"flex-basis:66.66%\">\n<p><strong>Risikomatrix<\/strong><\/p>\n\n\n\n<p>Die Risikomatrix ist ein visuelles Hilfsmittel, das Projektmanagern hilft, Risiken nach ihrer Wahrscheinlichkeit und ihren Auswirkungen zu priorisieren. Indem Sie die Risiken in einer Matrix darstellen, k\u00f6nnen Sie schnell erkennen, welche Risiken sofortige Aufmerksamkeit erfordern. Die Risikomatrix ist nur eine der visuellen Darstellungen, die Teil des Power BI-Dashboards eines jeden Risikomanagers sein sollten.<\/p>\n<\/div>\n<\/div>\n\n\n\n<div class=\"wp-block-columns is-layout-flex wp-container-core-columns-is-layout-5 wp-block-columns-is-layout-flex\">\n<div class=\"wp-block-column is-vertically-aligned-center is-layout-flow wp-block-column-is-layout-flow\" style=\"flex-basis:150px\"><div class=\"wp-block-image wp-duotone-858585-ffffff-4\">\n<figure class=\"aligncenter size-full is-resized\"><img loading=\"lazy\" decoding=\"async\" width=\"500\" height=\"500\" src=\"https:\/\/www.leaplytics.de\/wp-content\/uploads\/2024\/05\/kisspng-computer-icons-normal-distribution-probability-dis-5adcdc96034e34.1804701715244238300136-removebg-preview.png\" alt=\"\" class=\"wp-image-13487\" style=\"width:110px\" srcset=\"https:\/\/www.leaplytics.de\/wp-content\/uploads\/2024\/05\/kisspng-computer-icons-normal-distribution-probability-dis-5adcdc96034e34.1804701715244238300136-removebg-preview.png 500w, https:\/\/www.leaplytics.de\/wp-content\/uploads\/2024\/05\/kisspng-computer-icons-normal-distribution-probability-dis-5adcdc96034e34.1804701715244238300136-removebg-preview-300x300.png 300w, https:\/\/www.leaplytics.de\/wp-content\/uploads\/2024\/05\/kisspng-computer-icons-normal-distribution-probability-dis-5adcdc96034e34.1804701715244238300136-removebg-preview-150x150.png 150w, https:\/\/www.leaplytics.de\/wp-content\/uploads\/2024\/05\/kisspng-computer-icons-normal-distribution-probability-dis-5adcdc96034e34.1804701715244238300136-removebg-preview-370x370.png 370w, https:\/\/www.leaplytics.de\/wp-content\/uploads\/2024\/05\/kisspng-computer-icons-normal-distribution-probability-dis-5adcdc96034e34.1804701715244238300136-removebg-preview-60x60.png 60w\" sizes=\"auto, (max-width: 500px) 100vw, 500px\" \/><\/figure><\/div><\/div>\n\n\n\n<div class=\"wp-block-column is-layout-flow wp-block-column-is-layout-flow\" style=\"flex-basis:66.66%\">\n<p><strong>Monte-Carlo-Simulation<\/strong><\/p>\n\n\n\n<p>Die Monte-Carlo-Simulation ist ein fortschrittlicheres Instrument, das statistische Methoden zur Vorhersage der Auswirkungen von Risiken verwendet. Es ist, als w\u00fcrde man viele Male w\u00fcrfeln, um die h\u00e4ufigsten Ergebnisse zu ermitteln. Mit diesem Werkzeug k\u00f6nnen Sie potenzielle Probleme vorhersehen und entsprechend planen. Eine Monte-Carlo-Simulation ist besonders n\u00fctzlich f\u00fcr komplexe Projekte mit mehreren Variablen. Microsoft Excel ist das ideale Werkzeug f\u00fcr die Durchf\u00fchrung einer Monte-Carlo-Simulation.<\/p>\n<\/div>\n<\/div>\n\n\n\n<div class=\"wp-block-columns is-layout-flex wp-container-core-columns-is-layout-6 wp-block-columns-is-layout-flex\">\n<div class=\"wp-block-column is-vertically-aligned-center is-layout-flow wp-block-column-is-layout-flow\" style=\"flex-basis:150px\"><div class=\"wp-block-image wp-duotone-858585-ffffff-5\">\n<figure class=\"aligncenter size-full is-resized\"><img loading=\"lazy\" decoding=\"async\" width=\"256\" height=\"256\" src=\"https:\/\/www.leaplytics.de\/wp-content\/uploads\/2024\/05\/pedigree-1-337562-removebg-preview.png\" alt=\"\" class=\"wp-image-13495\" style=\"width:110px\" srcset=\"https:\/\/www.leaplytics.de\/wp-content\/uploads\/2024\/05\/pedigree-1-337562-removebg-preview.png 256w, https:\/\/www.leaplytics.de\/wp-content\/uploads\/2024\/05\/pedigree-1-337562-removebg-preview-150x150.png 150w, https:\/\/www.leaplytics.de\/wp-content\/uploads\/2024\/05\/pedigree-1-337562-removebg-preview-60x60.png 60w\" sizes=\"auto, (max-width: 256px) 100vw, 256px\" \/><\/figure><\/div><\/div>\n\n\n\n<div class=\"wp-block-column is-layout-flow wp-block-column-is-layout-flow\" style=\"flex-basis:66.66%\">\n<p><strong>PERT (Technik zur \u00dcberpr\u00fcfung der Programmbewertung)<\/strong><\/p>\n\n\n\n<p>PERT ist eine Technik, die Projektmanagern hilft zu verstehen, wie Zeit und Risiken die Projektzeitpl\u00e4ne beeinflussen k\u00f6nnen. Durch die Darstellung aller Schritte und Aufgaben in einem Projekt und die Analyse m\u00f6glicher Verz\u00f6gerungen liefert PERT ein klareres Bild des Projektzeitplans. Die Analyse der Projektrisiken und ihrer Auswirkungen auf die Dauer der einzelnen Aufgaben kann Ihnen beispielsweise helfen, Projektverz\u00f6gerungen zu minimieren.<\/p>\n<\/div>\n<\/div>\n\n\n\n<div class=\"wp-block-columns is-layout-flex wp-container-core-columns-is-layout-7 wp-block-columns-is-layout-flex\">\n<div class=\"wp-block-column is-vertically-aligned-center is-layout-flow wp-block-column-is-layout-flow\" style=\"flex-basis:150px\"><div class=\"wp-block-image wp-duotone-858585-ffffff-6\">\n<figure class=\"aligncenter size-full is-resized\"><img loading=\"lazy\" decoding=\"async\" width=\"512\" height=\"512\" src=\"https:\/\/www.leaplytics.de\/wp-content\/uploads\/2024\/05\/4940750.png\" alt=\"\" class=\"wp-image-13489\" style=\"width:110px\" srcset=\"https:\/\/www.leaplytics.de\/wp-content\/uploads\/2024\/05\/4940750.png 512w, https:\/\/www.leaplytics.de\/wp-content\/uploads\/2024\/05\/4940750-300x300.png 300w, https:\/\/www.leaplytics.de\/wp-content\/uploads\/2024\/05\/4940750-150x150.png 150w, https:\/\/www.leaplytics.de\/wp-content\/uploads\/2024\/05\/4940750-370x370.png 370w, https:\/\/www.leaplytics.de\/wp-content\/uploads\/2024\/05\/4940750-60x60.png 60w\" sizes=\"auto, (max-width: 512px) 100vw, 512px\" \/><\/figure><\/div><\/div>\n\n\n\n<div class=\"wp-block-column is-layout-flow wp-block-column-is-layout-flow\" style=\"flex-basis:66.66%\">\n<p><strong>SWOT-Analyse<\/strong><\/p>\n\n\n\n<p>Die SWOT-Analyse ist ein strategisches Planungsinstrument, mit dem St\u00e4rken, Schw\u00e4chen, Chancen und Gefahren untersucht werden. Diese ganzheitliche Sichtweise hilft Projektmanagern, sowohl interne als auch externe Faktoren zu verstehen, die sich auf das Projekt auswirken k\u00f6nnten. Es ist, als w\u00fcrde man sein Gesch\u00e4ftsumfeld scannen, um bessere Entscheidungen zu treffen.<\/p>\n<\/div>\n<\/div>\n\n\n\n<div class=\"wp-block-columns is-layout-flex wp-container-core-columns-is-layout-8 wp-block-columns-is-layout-flex\">\n<div class=\"wp-block-column is-vertically-aligned-center is-layout-flow wp-block-column-is-layout-flow\" style=\"flex-basis:150px\"><div class=\"wp-block-image wp-duotone-858585-ffffff-7\">\n<figure class=\"aligncenter size-full is-resized\"><img loading=\"lazy\" decoding=\"async\" width=\"512\" height=\"512\" src=\"https:\/\/www.leaplytics.de\/wp-content\/uploads\/2024\/05\/bow_tie_icon_126607.png\" alt=\"\" class=\"wp-image-13490\" style=\"width:110px\" srcset=\"https:\/\/www.leaplytics.de\/wp-content\/uploads\/2024\/05\/bow_tie_icon_126607.png 512w, https:\/\/www.leaplytics.de\/wp-content\/uploads\/2024\/05\/bow_tie_icon_126607-300x300.png 300w, https:\/\/www.leaplytics.de\/wp-content\/uploads\/2024\/05\/bow_tie_icon_126607-150x150.png 150w, https:\/\/www.leaplytics.de\/wp-content\/uploads\/2024\/05\/bow_tie_icon_126607-370x370.png 370w, https:\/\/www.leaplytics.de\/wp-content\/uploads\/2024\/05\/bow_tie_icon_126607-60x60.png 60w\" sizes=\"auto, (max-width: 512px) 100vw, 512px\" \/><\/figure><\/div><\/div>\n\n\n\n<div class=\"wp-block-column is-layout-flow wp-block-column-is-layout-flow\" style=\"flex-basis:66.66%\">\n<p><strong>Bowtie-Diagramm<\/strong><\/p>\n\n\n\n<p>Ein Bowtie-Diagramm ist ein visuelles Hilfsmittel, das zeigt, wie Risiken entstehen und welche Auswirkungen sie haben. Es hilft Ihnen, die Ursachen von Risiken zu verstehen und zu erkennen, wie sie vermieden werden k\u00f6nnen. Die Aufnahme eines Bowtie-Diagramms in Ihr Power BI-Dashboard hilft Ihnen, die zugrunde liegenden Kr\u00e4fte Ihres Risikoportfolios zu verstehen.<\/p>\n<\/div>\n<\/div>\n\n\n\n<div class=\"wp-block-columns is-layout-flex wp-container-core-columns-is-layout-9 wp-block-columns-is-layout-flex\">\n<div class=\"wp-block-column is-vertically-aligned-center is-layout-flow wp-block-column-is-layout-flow\" style=\"flex-basis:150px\"><div class=\"wp-block-image wp-duotone-858585-ffffff-8\">\n<figure class=\"aligncenter size-full is-resized\"><img loading=\"lazy\" decoding=\"async\" width=\"200\" height=\"200\" src=\"https:\/\/www.leaplytics.de\/wp-content\/uploads\/2024\/05\/3732359-200.png\" alt=\"\" class=\"wp-image-13491\" style=\"width:110px\" srcset=\"https:\/\/www.leaplytics.de\/wp-content\/uploads\/2024\/05\/3732359-200.png 200w, https:\/\/www.leaplytics.de\/wp-content\/uploads\/2024\/05\/3732359-200-150x150.png 150w, https:\/\/www.leaplytics.de\/wp-content\/uploads\/2024\/05\/3732359-200-60x60.png 60w\" sizes=\"auto, (max-width: 200px) 100vw, 200px\" \/><\/figure><\/div><\/div>\n\n\n\n<div class=\"wp-block-column is-layout-flow wp-block-column-is-layout-flow\" style=\"flex-basis:66.66%\">\n<p><strong>Risikostrukturplan (RBS)<\/strong><\/p>\n\n\n\n<p>RBS ist ein hierarchischer Rahmen, der die Risiken in verschiedene Gruppen einteilt. Dieses Organisationsinstrument hilft Projektmanagern, Risiken systematisch zu ermitteln und zu verwalten. Sie k\u00f6nnen Risiken zum Beispiel nach ihrer Quelle oder dem Bereich, in dem sie sich auswirken, kategorisieren.<\/p>\n<\/div>\n<\/div>\n\n\n\n<div class=\"wp-block-columns is-layout-flex wp-container-core-columns-is-layout-10 wp-block-columns-is-layout-flex\">\n<div class=\"wp-block-column is-vertically-aligned-center is-layout-flow wp-block-column-is-layout-flow\" style=\"flex-basis:150px\"><div class=\"wp-block-image wp-duotone-858585-ffffff-9\">\n<figure class=\"aligncenter size-full is-resized\"><img loading=\"lazy\" decoding=\"async\" width=\"513\" height=\"486\" src=\"https:\/\/www.leaplytics.de\/wp-content\/uploads\/2024\/05\/6272532-middle-removebg-preview.png\" alt=\"\" class=\"wp-image-13493\" style=\"width:110px\" srcset=\"https:\/\/www.leaplytics.de\/wp-content\/uploads\/2024\/05\/6272532-middle-removebg-preview.png 513w, https:\/\/www.leaplytics.de\/wp-content\/uploads\/2024\/05\/6272532-middle-removebg-preview-300x284.png 300w, https:\/\/www.leaplytics.de\/wp-content\/uploads\/2024\/05\/6272532-middle-removebg-preview-63x60.png 63w\" sizes=\"auto, (max-width: 513px) 100vw, 513px\" \/><\/figure><\/div><\/div>\n\n\n\n<div class=\"wp-block-column is-layout-flow wp-block-column-is-layout-flow\" style=\"flex-basis:66.66%\">\n<p><strong>Szenario-Analyse<\/strong><\/p>\n\n\n\n<p>Die Szenarioanalyse hilft Projektmanagern bei der Planung f\u00fcr verschiedene potenzielle Situationen. Indem Sie verschiedene Szenarien durchdenken, k\u00f6nnen Sie Strategien entwickeln, um sie zu bew\u00e4ltigen. Durch die Planung in Szenarien wird man sich nicht nur des durchschnittlichen Ergebnisses bewusst, sondern auch der extremen Konsequenzen.<\/p>\n<\/div>\n<\/div>\n\n\n\n<h3 class=\"wp-block-heading has-medium-font-size\">Das Wichtigste zum Mitnehmen<\/h3>\n\n\n\n<p>Diese 10 leistungsstarken Tools helfen Projektmanagern, Risiken besser zu erkennen und zu bew\u00e4ltigen. Sie sorgen daf\u00fcr, dass Projekte reibungslos ablaufen und gut abgeschlossen werden. Durch den Einsatz dieser Tools k\u00f6nnen Sie Probleme fr\u00fchzeitig erkennen und beheben, bevor sie zu gro\u00df werden. Auf diese Weise bleiben Ihre Projekte auf Kurs.<\/p>","protected":false},"excerpt":{"rendered":"<p>Unerwartete Probleme oder Risiken k\u00f6nnen oft selbst die besten Projektpl\u00e4ne zum Scheitern bringen. Deshalb ist ein wirksames Risikomanagement f\u00fcr jeden Projektleiter von entscheidender Bedeutung. Mit den richtigen Tools und Techniken k\u00f6nnen Sie Risiken fr\u00fchzeitig erkennen, bewerten und abmildern. Hier sind die 10 wichtigsten Risikomanagement-Tools und -Techniken, die jeder Projektmanager kennen sollte: Microsoft ... <\/p>","protected":false},"author":55,"featured_media":0,"parent":0,"menu_order":0,"comment_status":"closed","ping_status":"closed","template":"","meta":{"footnotes":""},"class_list":["post-13482","page","type-page","status-publish","hentry","latest_post"],"_links":{"self":[{"href":"https:\/\/www.leaplytics.de\/de\/wp-json\/wp\/v2\/pages\/13482","targetHints":{"allow":["GET"]}}],"collection":[{"href":"https:\/\/www.leaplytics.de\/de\/wp-json\/wp\/v2\/pages"}],"about":[{"href":"https:\/\/www.leaplytics.de\/de\/wp-json\/wp\/v2\/types\/page"}],"author":[{"embeddable":true,"href":"https:\/\/www.leaplytics.de\/de\/wp-json\/wp\/v2\/users\/55"}],"replies":[{"embeddable":true,"href":"https:\/\/www.leaplytics.de\/de\/wp-json\/wp\/v2\/comments?post=13482"}],"version-history":[{"count":4,"href":"https:\/\/www.leaplytics.de\/de\/wp-json\/wp\/v2\/pages\/13482\/revisions"}],"predecessor-version":[{"id":13499,"href":"https:\/\/www.leaplytics.de\/de\/wp-json\/wp\/v2\/pages\/13482\/revisions\/13499"}],"wp:attachment":[{"href":"https:\/\/www.leaplytics.de\/de\/wp-json\/wp\/v2\/media?parent=13482"}],"curies":[{"name":"wp","href":"https:\/\/api.w.org\/{rel}","templated":true}]}}