{"id":13717,"date":"2025-05-12T15:34:59","date_gmt":"2025-05-12T13:34:59","guid":{"rendered":"https:\/\/www.leaplytics.de\/?page_id=13717"},"modified":"2025-05-12T15:35:01","modified_gmt":"2025-05-12T13:35:01","slug":"empfehlungsschreiben","status":"publish","type":"page","link":"https:\/\/www.leaplytics.de\/de\/empfehlungsschreiben\/","title":{"rendered":"Testimonials"},"content":{"rendered":"<p><em>&#8220;<strong>Wir verwenden die Risikomatrix \/ Heatmap von LeapLytics in Power BI nun schon seit \u00fcber einem Jahr.<\/strong><br>Es ist zu einem unverzichtbaren Werkzeug f\u00fcr unser Team geworden. Sein intuitives Design und seine anpassbaren Funktionen erm\u00f6glichen es uns, Risiken effektiv zu visualisieren und zu priorisieren, so dass wir uns auf die kritischsten Bereiche konzentrieren k\u00f6nnen. Die M\u00f6glichkeit, die Matrix an unsere spezifischen Bed\u00fcrfnisse anzupassen, hat unsere Risikobewertungsprozesse erheblich verbessert. Ich empfehle dieses Plugin jedem Team, das seine Risikomanagementf\u00e4higkeiten in Power BI verbessern m\u00f6chte.\"<\/em> (Anonym)<\/p>\n\n\n\n<p><em>&#8220;<strong>Spielver\u00e4nderer<\/strong> - Diese App hat uns Hunderte von Entwicklungsstunden, Stunden der Fehlersuche und alle anderen Kopfschmerzen erspart, die mit der Entwicklung einer App von Grund auf einhergehen. Diese App war super einfach in eine Anwendung einzubinden, die wir entwickelt haben, und sie ist auch optisch ansprechend und einfach zu bedienen. Sehr empfehlenswert f\u00fcr jeden, der Entwicklungsstunden und Zeit sparen m\u00f6chte, um etwas zu bekommen, das bereits kampferprobt ist!\"<\/em> (Anonym)<\/p>\n\n\n\n<p><em>\"Die visuelle Risikomatrix in der Power BI-Plattform wurde als Hilfsmittel f\u00fcr die <strong>strategisches Instrument<\/strong> f\u00fcr die Verwaltung kritischer Instandhaltungsaktivit\u00e4ten und bietet eine schnelle und effektive Visualisierung der mit jeder Anlage verbundenen Risiken. Die Matrix stellt die Kritikalit\u00e4t der Anlage auf der Grundlage ihrer Auswirkungsebene und Ausfallwahrscheinlichkeit visuell dar und unterst\u00fctzt so direkt die Priorisierung von Korrektur- und Vorbeugungsma\u00dfnahmen. <br>Diese Funktion hilft bei der Identifizierung von Wartungselementen mit der h\u00f6chsten betrieblichen Relevanz und tr\u00e4gt zu einem durchsetzungsf\u00e4higeren Management von Ressourcen, Teams und Fristen bei, insbesondere in komplexen Szenarien wie Stillst\u00e4nden oder Notfalleins\u00e4tzen. Dar\u00fcber hinaus erm\u00f6glicht die interaktive und anpassbare Schnittstelle Aktualisierungen und Simulationen in Echtzeit, wodurch der Entscheidungsprozess schneller und datengesteuerter wird.<br>Die Verwendung dieses Bildmaterials st\u00e4rkt auch die risikobasierte Instandhaltungssteuerung, indem es die technischen Bem\u00fchungen mit den strategischen Zielen des Unternehmens f\u00fcr die Zuverl\u00e4ssigkeit und Verf\u00fcgbarkeit der Anlagen in Einklang bringt.<\/em> (CENIBRA)<\/p>\n\n\n\n<p><em>&#8220;<strong>Fantastisches Bildmaterial<\/strong> - Ich habe diese visuelle Darstellung f\u00fcr mehrere Berichte ausprobiert, und sie ist so einfach zu bedienen und doch so leistungsstark. Die visuelle Darstellung der Risiken in dieser Matrix hat mir unz\u00e4hlige Stunden erspart, da ich meine Aufmerksamkeit auf die Abschnitte lenken kann, die als besonders gef\u00e4hrlich eingestuft sind. Leaplytics ist auch sehr reaktionsschnell per E-Mail. Ich kann dieses Plug-in von Leaplytics nur empfehlen.\"<\/em> (Anonym)<\/p>\n\n\n\n<p><em>&#8220;<strong>Ich mochte fr\u00fcher Heatmaps, jetzt liebe ich sie<\/strong> - Ich hatte oft Probleme, wenn ich versuchte, eine Heatmap zu erstellen. Diese hier hat eine starke Erz\u00e4hlkraft und ist wirklich einfach zu bedienen.\"<\/em> (Raphael de Taranto)<\/p>\n\n\n\n<p><em>&#8220;<strong>Ausgezeichnete App<\/strong> - Dies ist eine unverzichtbare Anwendung, wenn Sie mit Risiken arbeiten. Sie ist einfach einzurichten und l\u00e4sst sich hervorragend an Ihre Bed\u00fcrfnisse anpassen.<\/em> (Roy Varghese)<\/p>\n\n\n\n<p><em>&#8220;<strong>Gro\u00dfes Dashboard f\u00fcr die Risikoberichterstattung<\/strong> - Das Dashboard bietet eine hervorragende Darstellung der Risiken, und wir haben es in viele Dashboards zur Risikoberichterstattung von Unternehmen integriert. LeapLytics verbessert st\u00e4ndig die Funktionen des Dashboards, einschlie\u00dflich der M\u00f6glichkeit, die Punktpunkte farblich zu kodieren. Ich kann dieses Risiko-Heatmap-App-Plug-in zur Verbesserung von Power BI-Dashboards nur empfehlen. Die Reaktionsf\u00e4higkeit auf Fragen und der Support sind ebenfalls ein Pluspunkt.\"<\/em> (Becky Sterrett)<\/p>\n\n\n\n<p><em>&#8220;<strong>Gro\u00dfartige Risikokarte<\/strong> - Das Risiko-Heatmap-Tool hat sich als sehr n\u00fctzlich erwiesen, um den Beteiligten die Unternehmensrisiken und Risikostufen zu vermitteln. Einfach zu bedienen und gut visualisiert.\"<\/em> (Anonym)<\/p>\n\n\n\n<p class=\"has-text-align-left\"><em>&#8220;<strong>Dieses Tool ist benutzerfreundlich<\/strong> und stellt die Risikobewertungen in einem klaren, leicht verst\u00e4ndlichen Format dar.\"<\/em> (Scott Nicol)<\/p>\n\n\n\n<p><em>&#8220;<strong>Gro\u00dfartiges Werkzeug<\/strong> - Dieses Tool hat uns bei unseren st\u00e4ndigen Bem\u00fchungen um die Rationalisierung unseres Risikobewertungsprozesses sehr geholfen. Es bietet ein hervorragendes Anschauungsmaterial zur schnellen Bewertung des Risikoprofils.<\/em> (Anonym)<\/p>\n\n\n\n<p><em>&#8220;<strong>Risikomatrix<\/strong> - Ich war wirklich froh, dieses Tool gefunden zu haben und wie es aus der Perspektive des Risikomanagements und der Berichterstattung funktioniert hat - es ist eine gro\u00dfartige M\u00f6glichkeit, Risikoregister zu visualisieren und durchzugehen und sich dabei auf die wichtigsten\/erh\u00f6hten Risiken zu konzentrieren. Auch die Zusammenarbeit mit dem Team war fantastisch, es hat mich unterst\u00fctzt und mit mir besprochen, wie ich es nutzen und verbessern kann.\"<\/em> (Anonym)<\/p>\n\n\n\n<p><em>&#8220;<strong>Es funktioniert genau wie erwartet und beworben.<\/strong> - Ich habe vor fast 9 Monaten eine Lizenz f\u00fcr diese App erworben, sie in mehreren Berichten installiert, die von Hunderten von Menschen auf der ganzen Welt verwendet werden, und habe nur positive R\u00fcckmeldungen von den Benutzern erhalten.\"<\/em> (Klein, Roy)<\/p>\n\n\n\n<p><em>&#8220;<strong>Ein gro\u00dfartiges Werkzeug, um den Verlauf Ihrer Risikomatrix einzusehen<\/strong> - Eines der besten Spezialtools f\u00fcr die Verwaltung der Risikomatrix und deren professionelle Darstellung Ich habe dieses Tool entwickelt und der Gesch\u00e4ftsleitung vorgestellt 1 - Tolles Design 2 - Flexibilit\u00e4t 3 - Einfach zu bedienen 4 - Ich empfehle, es zu nutzen Genau das habe ich gesucht Danke, Stefan Preusler Danke, Team der LeapLytics GmbH\"<\/em> (\u0645\u062d\u064a\u064a \u0627\u0644\u062f\u064a\u0646)<\/p>\n\n\n\n<p><em>&#8220;<strong>Es lohnt sich auf jeden Fall<\/strong> - Alles, was wir mit einer Risikomatrix erreichen wollten, konnten wir mit dieser Visualisierung umsetzen. Es hat sich auf jeden Fall gelohnt.\"<\/em> (Anonym)<\/p>\n\n\n\n<p><em>&#8220;<strong>Gro\u00dfartige L\u00f6sung f\u00fcr Auditoren!<\/strong> - Das visuelle Objekt entspricht perfekt den Anforderungen und Bed\u00fcrfnissen einer Risikomatrix f\u00fcr Wirtschaftspr\u00fcfer\" (David L\u00f3pez Morales)<\/em><\/p>\n\n\n\n<p><em>&#8220;<strong>Gut sichtbar<\/strong> zur Unterst\u00fctzung von Risikogespr\u00e4chen\".<\/em> (Elleke Bosworth)<\/p>\n\n\n\n<p><em>&#8220;<strong>Tolles Bildmaterial<\/strong> - Ich war auf der Suche nach einer funktionierenden L\u00f6sung, um meine Risiken zu visualisieren. Diese Visualisierung ist f\u00fcr mich gro\u00dfartig und in wenigen Minuten einsatzbereit. Die Interaktivit\u00e4t funktioniert gut und f\u00fchlt sich an wie \"das echte Gesch\u00e4ft\".<\/em> (Anonym)<\/p>\n\n\n\n<p><em>&#8220;<strong>Gro\u00dfes visuelles Risiko-Tool<\/strong> - Tolles Tool zur Visualisierung von Risiko-Heatmaps, sehr effektiv und leicht zug\u00e4nglich\"<\/em> (Anonym)<\/p>\n\n\n\n<p><em>&#8220;<strong>Ein unverzichtbares Instrument f\u00fcr das Risikomanagement<\/strong> - Dieses Instrument ist benutzerfreundlich und stellt die Risikobewertungen in einem klaren, leicht verst\u00e4ndlichen Format dar.<\/em> (Anonym)<\/p>\n\n\n\n<p><em>&#8220;<strong>Sehr hilfreiches Instrument f\u00fcr das Risikomanagement<\/strong> - Ich finde die Risk Heatmap sehr hilfreich in unserem Risikomanagementprozess. Sie hilft, das Risiko auf einfache und verst\u00e4ndliche Weise zu visualisieren, sowohl f\u00fcr den Vorstand als auch f\u00fcr den Rest des Unternehmens. Au\u00dferdem ist sie einfach zu bedienen und man hat schnell den Dreh raus, wie die Einstellungen funktionieren.<\/em> (Anonym)<\/p>\n\n\n\n<p><em>&#8220;<strong>Tolles kleines Add-on!<\/strong> - Wir verwenden die Heatmap von LeapLytics bereits seit einem Jahr. Sie ist einfach zu bedienen, hat ein gutes Preis-Leistungs-Verh\u00e4ltnis und sieht in unserem Risiko-Dashboard gro\u00dfartig aus.<\/em> (Anonym)<\/p>\n\n\n\n<p><em>&#8220;<strong>Perfekt<\/strong> - Es muy buena, vers\u00e1til y pr\u00e1ctica.\"<\/em> (Cynthia Mercedes Anaya Manrique)<\/p>\n\n\n\n<p><em>&#8220;<strong>Tolle Optik und Reaktion<\/strong> - Es gibt uns das n\u00f6tige Bildmaterial und die Antworten auf unsere Fragen waren schnell und hilfreich.\"<\/em> (Anonym)<\/p>\n\n\n\n<p><em>&#8220;<strong>Solide <\/strong>- Solide visuell\"<\/em> (Anonym)<\/p>","protected":false},"excerpt":{"rendered":"<p>\"Wir verwenden die Risikomatrix \/ Heatmap von LeapLytics in Power BI nun seit \u00fcber einem Jahr und sie ist zu einem unverzichtbaren Tool f\u00fcr unser Team geworden. Das intuitive Design und die anpassbaren Funktionen erm\u00f6glichen es uns, Risiken effektiv zu visualisieren und zu priorisieren, sodass wir uns auf die kritischsten Bereiche konzentrieren k\u00f6nnen. Die M\u00f6glichkeit, die Matrix anzupassen ... <\/p>","protected":false},"author":2,"featured_media":0,"parent":0,"menu_order":0,"comment_status":"closed","ping_status":"closed","template":"","meta":{"footnotes":""},"class_list":["post-13717","page","type-page","status-publish","hentry","latest_post"],"_links":{"self":[{"href":"https:\/\/www.leaplytics.de\/de\/wp-json\/wp\/v2\/pages\/13717","targetHints":{"allow":["GET"]}}],"collection":[{"href":"https:\/\/www.leaplytics.de\/de\/wp-json\/wp\/v2\/pages"}],"about":[{"href":"https:\/\/www.leaplytics.de\/de\/wp-json\/wp\/v2\/types\/page"}],"author":[{"embeddable":true,"href":"https:\/\/www.leaplytics.de\/de\/wp-json\/wp\/v2\/users\/2"}],"replies":[{"embeddable":true,"href":"https:\/\/www.leaplytics.de\/de\/wp-json\/wp\/v2\/comments?post=13717"}],"version-history":[{"count":5,"href":"https:\/\/www.leaplytics.de\/de\/wp-json\/wp\/v2\/pages\/13717\/revisions"}],"predecessor-version":[{"id":13725,"href":"https:\/\/www.leaplytics.de\/de\/wp-json\/wp\/v2\/pages\/13717\/revisions\/13725"}],"wp:attachment":[{"href":"https:\/\/www.leaplytics.de\/de\/wp-json\/wp\/v2\/media?parent=13717"}],"curies":[{"name":"wp","href":"https:\/\/api.w.org\/{rel}","templated":true}]}}