{"id":13808,"date":"2025-07-14T10:32:30","date_gmt":"2025-07-14T08:32:30","guid":{"rendered":"https:\/\/www.leaplytics.de\/?page_id=13808"},"modified":"2025-07-14T10:32:31","modified_gmt":"2025-07-14T08:32:31","slug":"gantt-leaplytics-leistung-bi","status":"publish","type":"page","link":"https:\/\/www.leaplytics.de\/de\/gantt-leaplytics-leistung-bi\/","title":{"rendered":"Gantt LeapLytics - Power BI"},"content":{"rendered":"<p>Es ist ganz einfach. Wir versetzen Sie in die Lage, Ihre Projektzeitpl\u00e4ne und -abl\u00e4ufe direkt in Power BI zum Leben zu erwecken. Unser Leaplytics-Gantt-Diagramm verwandelt komplexe Projektdaten in professionelle, interaktive und umfassende Zeitplan-Visualisierungen. Zeigen Sie Projektzeitpl\u00e4ne aus Microsoft Project, Primavera P6, Jira, Asana und Azure DevOps genau wie vorgesehen an.<\/p>\n<blockquote>\n<p>\"Endlich ein Gantt-Diagramm, das in Power BI wirklich funktioniert! Die M\u00f6glichkeit, unsere Projektzeitpl\u00e4ne mit Abh\u00e4ngigkeiten und Fortschrittsverfolgung direkt in unseren Executive Dashboards statt in statischen Screenshots anzuzeigen, hat unsere Projektpr\u00e4sentationen ver\u00e4ndert.\"<br \/>- <strong>Johnson M., Leiter Business Intelligence<\/strong> <em>(Baugewerbe)<\/em><\/p>\n<\/blockquote>\n<h2 id=\"what-s-in-it-for-you-\">Was ist f\u00fcr Sie drin?<\/h2>\n<p>Schalten Sie die professionelle Projektvisualisierung f\u00fcr Ihre Power BI-Dashboards frei:<\/p>\n<p><strong>Projekte sch\u00f6n visualisieren:<\/strong> Wandeln Sie Projektrohdaten aus Microsoft Project, Primavera P6, Jira, Asana und Azure DevOps in professionell gestaltete Gantt-Diagramme um.<\/p>\n<p><strong>Eliminieren Sie manuelle Arbeit:<\/strong> Das Exportieren von Screenshots oder das manuelle Erstellen von Zeitachsendiagrammen entf\u00e4llt. Ihre vorhandenen Projektdaten werden als interaktive Gantt-Diagramme angezeigt.<\/p>\n<p><strong>Stakeholder beeindrucken:<\/strong> Pr\u00e4sentieren Sie professionelle Projekt-Dashboards, die in Vorstandssitzungen und Pr\u00e4sentationen f\u00fcr Interessengruppen glaubw\u00fcrdig sind.<\/p>\n<p><strong>Sparen Sie Zeit:<\/strong> Verbringen Sie nicht l\u00e4nger Stunden mit der manuellen Erstellung von Zeitpl\u00e4nen. Verbinden Sie Ihre Projektdaten und beobachten Sie, wie sich Aufgabenlisten in umfassende Gantt-Visualisierungen verwandeln.<\/p>\n<blockquote>\n<p>\"Fr\u00fcher verbrachten wir 12 Stunden pro Woche mit der Erstellung von Zeitplanberichten aus unseren Projektmanagement-Tools. Jetzt wird alles automatisch in sch\u00f6nen interaktiven Gantt-Diagrammen angezeigt. Unsere Projektstatusberichte sehen wieder professionell aus.\"<br \/>- <strong>Rodriguez A., Leiter der Analytik<\/strong> <em>(Technologie im Gesundheitswesen)<\/em><\/p>\n<\/blockquote>\n<h2 id=\"how-you-can-benefit\">Wie Sie davon profitieren k\u00f6nnen<\/h2>\n<p>Benutzer, die unseren visuellen Bericht Leaplytics Gantt Chart \u00fcbernommen haben:<\/p>\n<p><strong>Eliminierte Alptr\u00e4ume der Zeitachse:<\/strong> Die manuelle Erstellung von Diagrammen oder statische Zeitleisten-Screenshots in Pr\u00e4sentationen geh\u00f6ren der Vergangenheit an.<\/p>\n<p><strong>Verst\u00e4rkte Einf\u00fchrung von Dashboards:<\/strong> Interaktive Gantt-Diagramme, die sie erforschen und verstehen k\u00f6nnen, f\u00f6rdern das Engagement der Stakeholder.<\/p>\n<p><strong>Verbesserte berufliche Glaubw\u00fcrdigkeit:<\/strong> Pr\u00e4sentationen f\u00fcr F\u00fchrungskr\u00e4fte wirken ausgefeilt und wahren Ihren Ruf als Datenprofi.<\/p>\n<p><strong>Vereinheitlichte Projektansichten:<\/strong> Zeigen Sie Projektdaten aus mehreren Unternehmensplattformen in einem zusammenh\u00e4ngenden, interaktiven Power BI-Gantt-Diagramm an.<\/p>\n<h2 id=\"key-features\">Wesentliche Merkmale<\/h2>\n<p><strong>Unterst\u00fctzung mehrerer Plattformen:<\/strong> Unterst\u00fctzt Microsoft Project, Primavera P6, Jira, Asana, Azure DevOps und alle tabellarischen Projektdaten.<\/p>\n<p><strong>Erweiterte Zeitleisten-Engine:<\/strong><\/p>\n<ul>\n<li>Intelligente Aufgabenpositionierung und Datumsskalierung<\/li>\n<li>Intelligente hierarchische Aufgabenverwaltung f\u00fcr komplexe Projekte<\/li>\n<\/ul>\n<p><strong>Professionelle Projektvisualisierung:<\/strong> <\/p>\n<ul>\n<li>Stellt korrekte Aufgabenleisten, Abh\u00e4ngigkeiten, Meilensteine und Fortschrittsverfolgung dar, die die Power BI-Themen ber\u00fccksichtigen<\/li>\n<li>Interaktive Zeitleistennavigation mit Zoom- und Schwenkfunktionen<\/li>\n<\/ul>\n<p><strong>Enterprise Project-Funktionen:<\/strong><\/p>\n<ul>\n<li>Aufgabenabh\u00e4ngigkeiten mit Beziehungspfeilen<\/li>\n<li>Fortschrittsverfolgung und Abschlussstatus<\/li>\n<li>Visualisierung der Ressourcenzuweisung<\/li>\n<li>Analyse des kritischen Pfades<\/li>\n<\/ul>\n<p><strong>Optimierte Leistung:<\/strong> Effizientes Rendering f\u00fcr gro\u00dfe Projektdatens\u00e4tze mit mehr als 1000 Aufgaben und komplexen Abh\u00e4ngigkeitsnetzwerken.<\/p>\n<p><strong>Nahtlose Power BI-Integration:<\/strong> Funktioniert wie jedes andere Power BI-Visual und ber\u00fccksichtigt Filter, Slicer und Cross-Filtering.<\/p>\n<p><strong>Intuitive Konfiguration:<\/strong> Einfaches Formatierungsfeld mit Dropdown-Auswahlm\u00f6glichkeiten f\u00fcr Aufgabenfelder, Daten und Visualisierungsoptionen.<\/p>\n<p><strong>Unternehmensf\u00e4hig:<\/strong> Robustes Lizenzierungssystem f\u00fcr den Einsatz in Unternehmen mit erweiterten Projektmanagementfunktionen.<\/p>\n<h2 id=\"your-team-will-thank-you\">Ihr Team wird es Ihnen danken<\/h2>\n<p><em>Haben Sie genug von statischen Projekt-Screenshots in Pr\u00e4sentationen f\u00fcr F\u00fchrungskr\u00e4fte?<\/em> Hatten Sie schon einmal Probleme, den Projektstatus anhand von langweiligen Tabellenberichten zu erl\u00e4utern, wenn Ihre Stakeholder Zeitpl\u00e4ne sehen m\u00fcssen? Unser Gantt-Diagramm von Leaplytics bietet die L\u00f6sung, auf die Sie gewartet haben. Es ist die Visualisierung, die wir uns als Projektmanagement-Profis immer gew\u00fcnscht haben, wenn es darum geht, den Projektstatus effektiv zu kommunizieren.<\/p>\n<blockquote>\n<p>\"Die M\u00f6glichkeit, unsere Azure DevOps-Sprints und Projektabh\u00e4ngigkeiten mit einer geeigneten Gantt-Visualisierung darzustellen, hat die Art und Weise revolutioniert, wie wir den Projektstatus den F\u00fchrungskr\u00e4ften pr\u00e4sentieren. Die Zeitleiste ist interaktiv und die Einrichtung war unglaublich einfach.\"<br \/>- <strong>Chen L., leitender Datenanalyst<\/strong> <em>(Software-Entwicklung)<\/em><\/p>\n<\/blockquote>\n<h2 id=\"letter-from-the-ceo\">Brief des CEO<\/h2>\n<p>Hallo zusammen.<\/p>\n<p>Ich bin Stefan, CEO hier bei LeapLytics.<\/p>\n<p>Die Projektvisualisierung in Power BI ist seit Jahren ein hartn\u00e4ckiger Schmerzpunkt. Unternehmen investieren viel in Plattformen wie Microsoft Project, Primavera P6, Jira und Azure DevOps, um komplexe Projektzeitpl\u00e4ne und Abh\u00e4ngigkeiten zu verwalten. Wenn diese Projektdaten jedoch in Power BI eingegeben werden, werden sie zu unlesbaren Tabellen oder erfordern eine manuelle Diagrammerstellung.<\/p>\n<p>Diese Diskrepanz zwischen hochentwickelten Projektmanagement-Tools und grundlegenden Power BI-Projektberichten hat schon unz\u00e4hlige Projektmanager bei Pr\u00e4sentationen f\u00fcr F\u00fchrungskr\u00e4fte frustriert. Es untergr\u00e4bt die Glaubw\u00fcrdigkeit und macht wertvolle Projekteinblicke in Dashboards praktisch unsichtbar.<\/p>\n<p>Traditionelle BI-Visualisierungen wurden einfach nicht f\u00fcr die komplexe Realit\u00e4t des modernen Projektmanagements entwickelt, in dem Aufgaben Abh\u00e4ngigkeiten, Fortschrittsverfolgung, Ressourcenzuweisungen und zeitliche Beschr\u00e4nkungen aufweisen. Hier beginnt die Frustration.<\/p>\n<p>Unser Leaplytics Gantt Chart Visual f\u00fcr Power BI l\u00f6st dieses grundlegende Problem. Wir glauben, dass Ihre Projektdaten \u00fcberall klar und professionell kommuniziert werden sollten, auch in Ihren Power BI-Dashboards.<\/p>\n<p>Es geht darum, Ihre Investitionen in eine ausgefeilte Projektplanung zu bewahren und sie mit der visuellen Klarheit zu pr\u00e4sentieren, die Ihre Stakeholder erwarten. Wir haben dieses Visual entwickelt, um die Komplexit\u00e4t echter Projektdaten zu bew\u00e4ltigen und gleichzeitig die Einrichtung einfach zu halten.<\/p>\n<p>Dies ist unser Beitrag zur Beseitigung des Alptraums der Projektvisualisierung, der Power BI-Benutzer schon viel zu lange plagt.<\/p>\n<p>Mit freundlichen Gr\u00fc\u00dfen,<br \/><strong>Stefan Preusler<\/strong><br \/>Mitbegr\u00fcnder und Gesch\u00e4ftsf\u00fchrer, LeapLytics GmbH<\/p>\n<hr>\n<h2 id=\"ready-to-transform-your-project-visualization-\">Sind Sie bereit, Ihre Projektvisualisierung zu ver\u00e4ndern?<\/h2>\n<p><a href=\"https:\/\/www.leaplytics.de\/de\/\"><strong>Probelizenz anfordern<\/strong><\/a><\/p>\n<h2 id=\"getting-started\">Erste Schritte<\/h2>\n<p>Haben Sie Ihren F\u00fchrerschein erhalten oder m\u00f6chten Sie einfach mehr erfahren?<br \/>Klicken Sie unten, um unseren umfassenden Leitfaden aufzurufen:<\/p>\n<p><a href=\"https:\/\/www.leaplytics.de\/de\/getting-started-gantt-chart-power-bi\/?utm_source=extension&amp;utm_medium=power-bi&amp;utm_campaign=gantt-chart\"><strong>Erste Schritte - Leaplytics Gantt Chart Visual f\u00fcr Power BI<\/strong><\/a><\/p>\n<hr>\n<p><em>Wandeln Sie Ihre Projektdaten in professionelle Zeitleistenvisualisierungen um, die die Beteiligten tats\u00e4chlich verstehen.<\/em> <\/p>","protected":false},"excerpt":{"rendered":"<p>It&#39;s straightforward. We empower you to bring your project timelines and schedules to life directly within Power BI. Our Leaplytics Gantt Chart visual transforms complex project data into professional, interactive, and comprehensive timeline visualizations. Display project schedules from Microsoft Project, Primavera P6, Jira, Asana, and Azure DevOps exactly as intended. &quot;Finally, a Gantt chart that &hellip; <\/p>","protected":false},"author":2,"featured_media":0,"parent":0,"menu_order":0,"comment_status":"closed","ping_status":"closed","template":"","meta":{"footnotes":""},"class_list":["post-13808","page","type-page","status-publish","hentry","latest_post"],"_links":{"self":[{"href":"https:\/\/www.leaplytics.de\/de\/wp-json\/wp\/v2\/pages\/13808","targetHints":{"allow":["GET"]}}],"collection":[{"href":"https:\/\/www.leaplytics.de\/de\/wp-json\/wp\/v2\/pages"}],"about":[{"href":"https:\/\/www.leaplytics.de\/de\/wp-json\/wp\/v2\/types\/page"}],"author":[{"embeddable":true,"href":"https:\/\/www.leaplytics.de\/de\/wp-json\/wp\/v2\/users\/2"}],"replies":[{"embeddable":true,"href":"https:\/\/www.leaplytics.de\/de\/wp-json\/wp\/v2\/comments?post=13808"}],"version-history":[{"count":1,"href":"https:\/\/www.leaplytics.de\/de\/wp-json\/wp\/v2\/pages\/13808\/revisions"}],"predecessor-version":[{"id":13809,"href":"https:\/\/www.leaplytics.de\/de\/wp-json\/wp\/v2\/pages\/13808\/revisions\/13809"}],"wp:attachment":[{"href":"https:\/\/www.leaplytics.de\/de\/wp-json\/wp\/v2\/media?parent=13808"}],"curies":[{"name":"wp","href":"https:\/\/api.w.org\/{rel}","templated":true}]}}