{"id":13813,"date":"2025-07-14T10:52:57","date_gmt":"2025-07-14T08:52:57","guid":{"rendered":"https:\/\/www.leaplytics.de\/?page_id=13813"},"modified":"2025-11-08T21:23:14","modified_gmt":"2025-11-08T20:23:14","slug":"einstieg-in-gantt","status":"publish","type":"page","link":"https:\/\/www.leaplytics.de\/de\/einstieg-in-gantt\/","title":{"rendered":"Erste Schritte - Gantt"},"content":{"rendered":"<p><a href=\"#minimum-requirement\">Mindestanforderungen<\/a> | <a href=\"#license\">Lizenz<\/a> |\u00a0<a href=\"#features\">Eigenschaften<\/a> | <a href=\"#zoom-pan\">Zoomen und Schwenken<\/a> | <a href=\"#filter\">Filter<\/a> | <a href=\"#troubleshooting\">Fehlersuche<\/a><\/p>\n\n<p>Teams aus verschiedenen Branchen nutzen das LeapLytics-Gantt-Diagramm, um Projektzeitpl\u00e4ne, Abh\u00e4ngigkeiten, Meilensteine, Hierarchien und Ressourcenzuweisungen direkt in Power BI zu visualisieren. Das Diagramm ist schnell und f\u00fcr die Erstellung von Berichten auf Unternehmensebene konzipiert. Mit Funktionen wie dynamischem Zoomen, Anzeige des kritischen Pfads, anpassbarem Timeline-Styling, Abh\u00e4ngigkeitspfeilen, Meilensteintypen, Baselines und vollst\u00e4ndiger Hierarchieunterst\u00fctzung erhalten Benutzer einen sofortigen, zuverl\u00e4ssigen \u00dcberblick \u00fcber jedes Projekt.<\/p>\n\n<p><div class=\"wp-block-image\">\n<figure class=\"aligncenter size-large\"><img loading=\"lazy\" decoding=\"async\" width=\"1024\" height=\"466\" src=\"https:\/\/www.leaplytics.de\/wp-content\/uploads\/2025\/11\/resource-1024x466.png\" alt=\"\" class=\"wp-image-14108\" srcset=\"https:\/\/www.leaplytics.de\/wp-content\/uploads\/2025\/11\/resource-1024x466.png 1024w, https:\/\/www.leaplytics.de\/wp-content\/uploads\/2025\/11\/resource-300x137.png 300w, https:\/\/www.leaplytics.de\/wp-content\/uploads\/2025\/11\/resource-768x350.png 768w, https:\/\/www.leaplytics.de\/wp-content\/uploads\/2025\/11\/resource-18x8.png 18w, https:\/\/www.leaplytics.de\/wp-content\/uploads\/2025\/11\/resource-132x60.png 132w, https:\/\/www.leaplytics.de\/wp-content\/uploads\/2025\/11\/resource.png 1463w\" sizes=\"auto, (max-width: 1024px) 100vw, 1024px\" \/><\/figure><\/div><\/p>\n\n<p>Wenn Ihre Projektdaten verf\u00fcgbar sind, k\u00f6nnen Sie das LeapLytics-Gantt-Diagramm vollst\u00e4ndig konfigurieren und in Betrieb nehmen <strong>unter 5 Minuten<\/strong>. Sie erhalten ein funktionierendes Gantt mit Aufgaben, Terminen, Abh\u00e4ngigkeiten, Meilensteinen und Formatierung - bereit f\u00fcr Pr\u00e4sentation, Analyse und Stakeholder-Berichterstattung.<\/p>\n\n\n\n<h3 class=\"wp-block-heading\" id=\"enhanced-data-model-structure\">Mindestanforderungen<\/h3>\n\n\n<p><div class=\"wp-block-image\">\n<figure class=\"aligncenter size-large\"><img decoding=\"async\" src=\"https:\/\/www.leaplytics.de\/wp-content\/uploads\/2025\/11\/minimum-requirement-arrows.png\" alt=\"\" class=\"wp-image-14108\"\/><\/figure><\/div><\/p>\n\n\n<blockquote class=\"wp-block-quote is-layout-flow wp-block-quote-is-layout-flow\">\n<p><strong>\u26a0\ufe0f Wichtig:<\/strong> Ihre Daten sollten einer tabellarischen Struktur folgen, wobei jede Zeile eine Aufgabe darstellt und die Spalten Aufgabeneigenschaften enthalten.<\/p>\n<\/blockquote>\n\n\n<p>Die visuelle Darstellung erfordert nur eine minimale Anzahl von Feldern, um eine voll funktionsf\u00e4hige Zeitleiste zu erstellen.  Jede Aufgabe muss eine eindeutige <strong>Aufgaben-ID<\/strong>eine lesbare <strong>Aufgabe Name<\/strong>und ein Paar von Daten, die seine Dauer festlegen.\nDiese Daten k\u00f6nnen sein <strong>Geplant<\/strong>, <strong>Aktuell<\/strong>, oder <strong>Gesch\u00e4tzte<\/strong>-Das Visual erkennt automatisch die Art der von Ihnen bereitgestellten Daten und passt die Zeitleiste entsprechend an. Dank dieser Flexibilit\u00e4t kann das Gantt einfache Zeitpl\u00e4ne, vollst\u00e4ndige Zeitpl\u00e4ne <strong>Plan-Ist-Vergleich<\/strong> Vergleiche, oder fortgeschrittene Szenarien, die <strong>geplant<\/strong>, <strong>aktuell<\/strong>und <strong>gesch\u00e4tzte<\/strong> Zeitlinien parallel zueinander.<\/p>\n\n<p><div class=\"wp-block-image\">\n<figure class=\"aligncenter size-large\"><img decoding=\"async\" src=\"https:\/\/www.leaplytics.de\/wp-content\/uploads\/2025\/11\/minimum-requirement-data-fields.png\" alt=\"\" class=\"wp-image-14108\"\/><\/figure><\/div><\/p>\n\n<p>Da das Bildmaterial die Datumsarten selbst\u00e4ndig interpretiert, k\u00f6nnen Sie die Felder angeben, die Ihre Projektdaten bereits enthalten. Wenn Sie alle drei (<strong>Geplant<\/strong>, <strong>Aktuell<\/strong>, <strong>Gesch\u00e4tzte<\/strong>), zeigt das Gantt alle entsprechenden Balken an. Wenn Sie nur einen einzigen Satz von Daten angeben, wird nur ein einziger Balken angezeigt. \n<strong>Dauer der Felder<\/strong> k\u00f6nnen auch anstelle von Enddaten verwendet werden; wenn sowohl Dauer als auch Enddatum vorhanden sind,\nhat der Wert der Dauer Vorrang. Alle Datumsfelder m\u00fcssen in einem <strong>Power BI-kompatibles Datum-Zeit-Format<\/strong> \num eine korrekte Darstellung zu gew\u00e4hrleisten.\n<\/p>\n\n\n<pre class=\"wp-block-code\"><code>\n  -- =====================================================\n  -- ERFORDERLICHE FELDER (Mindestdaten erforderlich)\n  -- =====================================================\n  'TASK-001' AS Task ID, -- Eindeutige Kennung\n  'Anforderungsanalyse' AS Aufgabenname, -- Anzeigename\n  '2025-01-01' AS Geplanter\/gesch\u00e4tzter\/tats\u00e4chlicher Starttermin, -- Starttermin\n  '2025-01-15' AS Geplantes\/gesch\u00e4tztes\/aktuelles Enddatum, -- Enddatum\n\n  -- ===== UNTERST\u00dcTZTE DATENSZENARIEN =====\n  -- Das Visual erkennt automatisch, welche Daten Sie bereitstellen:\n  --\n  -- 1. nur Plan (Baseline):        Nur geplanter Starttermin + geplanter Endtermin\n  -- 2. nur Ist-Daten (As-Built):      Nur tats\u00e4chliches Startdatum + tats\u00e4chliches Enddatum\n  -- 3) Plan vs. Actual: Geplante UND tats\u00e4chliche Daten (zeigt beide Balken)\n  -- 4. geplant + gesch\u00e4tzt:            Geplante + gesch\u00e4tzte Termine (zeigt Planbalken + d\u00fcnne Sch\u00e4tzung)\n  -- 5. tats\u00e4chliche + gesch\u00e4tzte:          Tats\u00e4chliche + gesch\u00e4tzte Termine (zeigt den tats\u00e4chlichen Balken + d\u00fcnne Sch\u00e4tzung)\n  -- 6. geplant + tats\u00e4chlich + gesch\u00e4tzt:   Alle drei Datumsarten (zeigt alle drei Zeitleisten an)\n  -- 7. nur Sch\u00e4tzung:              Nur gesch\u00e4tztes Startdatum + gesch\u00e4tztes Enddatum\n  --\n  -- ===== HINWEISE =====\n  -- - Dauer-Felder sind optional und \u00fcberschreiben die entsprechenden EndDate-Felder, wenn beide vorhanden sind\n  -- - Datumsfelder m\u00fcssen im von PowerBI erkannten Datumsformat sein\n<\/code><\/pre>\n\n\n<figure class=\"wp-block-image size-large is-resized\"><\/figure>\n\n\n<hr class=\"wp-block-separator has-alpha-channel-opacity\"\/>\n\n\n\n<h3 class=\"wp-block-heading\" id=\"license\">Lizenz<\/h3>\n\n\n\n<figure class=\"wp-block-image size-large\"><img loading=\"lazy\" decoding=\"async\" width=\"1024\" height=\"453\" src=\"https:\/\/www.leaplytics.de\/wp-content\/uploads\/2025\/11\/license-1024x453.png\" alt=\"Lizenz\" class=\"wp-image-14175\" srcset=\"https:\/\/www.leaplytics.de\/wp-content\/uploads\/2025\/11\/license-1024x453.png 1024w, https:\/\/www.leaplytics.de\/wp-content\/uploads\/2025\/11\/license-300x133.png 300w, https:\/\/www.leaplytics.de\/wp-content\/uploads\/2025\/11\/license-768x340.png 768w, https:\/\/www.leaplytics.de\/wp-content\/uploads\/2025\/11\/license-1536x680.png 1536w, https:\/\/www.leaplytics.de\/wp-content\/uploads\/2025\/11\/license-18x8.png 18w, https:\/\/www.leaplytics.de\/wp-content\/uploads\/2025\/11\/license-136x60.png 136w, https:\/\/www.leaplytics.de\/wp-content\/uploads\/2025\/11\/license.png 1687w\" sizes=\"auto, (max-width: 1024px) 100vw, 1024px\" \/><\/figure>\n\n\n<p>Kopieren Sie Ihren Lizenzcode und f\u00fcgen Sie ihn mit der Tastenkombination STRG+V in das Feld Lizenz ein. Wenn Sie noch keine Testlizenz haben, k\u00f6nnen Sie eine anfordern \n<a href=\"https:\/\/www.leaplytics.de\/de\/power-bi-gantt-jetzt-ausprobieren\/\" style=\"text-decoration: underline;\">hier<\/a>.<\/p>\n\n\n<hr class=\"wp-block-separator has-alpha-channel-opacity\"\/>\n\n\n\n<h3 class=\"wp-block-heading\" id=\"features\">Eigenschaften<\/h3>\n\n\n<p>Das Gantt-Diagramm von LeapLytics bietet eine Projektvisualisierung auf Unternehmensniveau mit Funktionen wie <strong>Aufgabenhierarchien<\/strong>, <strong>Fortschrittskontrolle<\/strong>, <strong>Ressourcenzuweisungen<\/strong>, <strong>Abh\u00e4ngigkeiten<\/strong>, <strong>Meilensteine<\/strong>und <strong>flexible Navigation auf der Zeitachse<\/strong> von Details auf Minutenebene bis hin zu \u00dcbersichten \u00fcber ein Jahrzehnt. Es interpretiert automatisch <strong>Geplant<\/strong>, <strong>Aktuell<\/strong>und <strong>Gesch\u00e4tzte<\/strong> Daten, zeigt passende Zeitleisten an und bietet vollst\u00e4ndige <strong>Styling<\/strong> und <strong>Grundlinie<\/strong> Optionen - f\u00fcr eine professionelle, hochgradig transparente Berichterstattung direkt in Power BI.<\/p>\n\n<p> Wenn Ihre Daten verf\u00fcgbar sind, k\u00f6nnen Sie ein voll funktionsf\u00e4higes Gantt - einschlie\u00dflich Aufgaben, Terminen, Abh\u00e4ngigkeiten, Meilensteinen, Formatierung und Navigation - unter <strong>5 Minuten<\/strong>. Die visuelle Darstellung passt sich sofort an die von Ihnen bereitgestellten Felder an, was eine schnelle Konfiguration mit minimalem Aufwand erm\u00f6glicht und Teams, Managern und Stakeholdern einen sofort einsatzbereiten Zeitplan liefert.<\/p>\n\n\n<h4 class=\"wp-block-heading\">Hierarchie<\/h4>\n\n\n<p><div class=\"wp-block-image\">\n<figure class=\"aligncenter size-large\"><img decoding=\"async\" src=\"https:\/\/www.leaplytics.de\/wp-content\/uploads\/2025\/11\/hierarchy-arrow.png\" alt=\"\" class=\"wp-image-14095\"\/><\/figure><\/div><\/p>\n\n<p>Die <strong>Hierarchie<\/strong> erm\u00f6glicht es Ihnen, Ihr Projekt in \u00fcbergeordnete und untergeordnete Aufgaben zu strukturieren und so eine klare und intuitive Arbeitsaufteilung zu schaffen. Indem Sie jeder Aufgabe eine <strong>ID der \u00fcbergeordneten Aufgabe<\/strong>erstellt das Gantt-Diagramm automatisch verschachtelte Ebenen, die die tats\u00e4chliche Struktur Ihres Projekts widerspiegeln.  Dies erm\u00f6glicht eine Roll-up-Sichtbarkeit, zusammenklappbare Gruppen und einen klaren \u00dcberblick \u00fcber komplexe Projekte, sodass Teams Phasen, Arbeitspakete und detaillierte Teilaufgaben auf einen Blick erkennen k\u00f6nnen.<\/p>\n\n\n<pre class=\"wp-block-code\"><code>\n    'PROJ-001' AS ParentTaskID, -- \u00dcbergeordnete Aufgabe f\u00fcr Hierarchie\n  -- ===== NOTES =====\n  -- - Hierarchie: Aufgaben-ID f\u00fcr \u00fcbergeordnete Aufgabe\n<\/code><\/pre>\n\n\n<div class=\"wp-block-image\">\n<figure class=\"aligncenter size-large\"><img decoding=\"async\" src=\"https:\/\/www.leaplytics.de\/wp-content\/uploads\/2025\/11\/hiearchy-table.png\" alt=\"\" class=\"wp-image-14095\"\/><\/figure><\/div>\n\n\n<hr class=\"wp-block-separator has-alpha-channel-opacity\"\/>\n\n\n\n<h4 class=\"wp-block-heading\">Fortschritt<\/h4>\n\n\n<p><div class=\"wp-block-image\">\n<figure class=\"aligncenter size-large\"><img decoding=\"async\" src=\"https:\/\/www.leaplytics.de\/wp-content\/uploads\/2025\/11\/progress-arrows.png\" alt=\"\" class=\"wp-image-14100\"\/><\/figure><\/div><\/p>\n\n<p>Die <strong>Fortschritt<\/strong> k\u00f6nnen Sie die Fertigstellung einer Aufgabe direkt im Gantt-Diagramm verfolgen. Durch die Angabe eines Prozentwerts zwischen <strong>0<\/strong> und <strong>100<\/strong>Mit Hilfe der Fortschrittsindikatoren wird deutlich angezeigt, wie weit die einzelnen Aufgaben fortgeschritten sind, so dass ein unmittelbarer Einblick in den Projektstatus m\u00f6glich ist. Unabh\u00e4ngig davon, ob eine Aufgabe noch nicht begonnen, teilweise abgeschlossen oder vollst\u00e4ndig beendet ist, helfen die Fortschrittsindikatoren den Teams und Stakeholdern, die Ausf\u00fchrung zu \u00fcberwachen und Bereiche zu identifizieren, die m\u00f6glicherweise Aufmerksamkeit erfordern.\n<\/p>\n\n\n<pre class=\"wp-block-code\"><code>\n  -- =====================================================\n  -- PROGRESS\n  -- =====================================================\n  65 AS Fortschritt, -- Fertigstellung % (0-100)\n  -- ===== ANMERKUNGEN =====\n  -- - Fortschritt: 0 = nicht begonnen, 100 = abgeschlossen\n<\/code><\/pre>\n\n\n<p><div class=\"wp-block-image\">\n<figure class=\"aligncenter size-large\"><img decoding=\"async\" src=\"https:\/\/www.leaplytics.de\/wp-content\/uploads\/2025\/11\/progress-data-fields.png\" alt=\"\" class=\"wp-image-14100\"\/><\/figure><\/div><\/p>\n\n\n<hr class=\"wp-block-separator has-alpha-channel-opacity\"\/>\n\n\n\n<h4 class=\"wp-block-heading\" id=\"enhanced-data-model-structure\">Ressource<\/h4>\n\n\n<p><div class=\"wp-block-image\">\n<figure class=\"aligncenter size-large\"><img decoding=\"async\" src=\"https:\/\/www.leaplytics.de\/wp-content\/uploads\/2025\/11\/resource-overview.png\" alt=\"\" class=\"wp-image-14108\"\/><\/figure><\/div><\/p>\n\n<p>Die <strong>Ressource<\/strong> Feld k\u00f6nnen Sie einer Aufgabe eine oder mehrere Personen, Teams oder Rollen zuweisen. Durch Angabe eines Namens - oder einer <strong>kommagetrennte Liste<\/strong> f\u00fcr mehrere Ressourcen - das Gantt-Diagramm zeigt deutlich, wer f\u00fcr die einzelnen Aktivit\u00e4ten verantwortlich ist. Dies hilft Teams, die Verteilung der Arbeitslast zu verstehen, potenzielle Engp\u00e4sse zu erkennen und die Koordination paralleler Aufgaben zu verbessern. Die Ressourcenzuweisungen werden direkt neben der Zeitleiste angezeigt, um sofortige Klarheit zu schaffen.\n<\/p>\n\n\n<pre class=\"wp-block-code\"><code>\n    'John Smith, Jane Doe' AS Resource, -- Komma-getrennt f\u00fcr mehrere\n  -- ===== NOTES =====\n  -- - Mehrere Ressourcen: Komma-getrennte Werte in einem einzigen Feld\n<\/code><\/pre>\n\n\n<p><div class=\"wp-block-image\">\n<figure class=\"aligncenter size-large\"><img decoding=\"async\" src=\"https:\/\/www.leaplytics.de\/wp-content\/uploads\/2025\/11\/resource-arrows.png\" alt=\"\" class=\"wp-image-14108\"\/><\/figure><\/div><\/p>\n\n\n<hr class=\"wp-block-separator has-alpha-channel-opacity\"\/>\n\n\n\n<h4 class=\"wp-block-heading\" id=\"enhanced-data-model-structure\">Vorg\u00e4ngerinnen und Vorg\u00e4nger<\/h4>\n\n\n<p><div class=\"wp-block-image\">\n<figure class=\"aligncenter size-large\"><img decoding=\"async\" src=\"https:\/\/www.leaplytics.de\/wp-content\/uploads\/2025\/11\/predecessors-arrows.png\" alt=\"\" class=\"wp-image-14116\"\/><\/figure><\/div><\/p>\n\n<p>Die <strong>Vorg\u00e4ngerinnen und Vorg\u00e4nger<\/strong> Feld definiert Task-Abh\u00e4ngigkeiten durch Auflistung einer oder mehrerer vorangehender Task-IDs. Durch die Angabe einer <strong>kommagetrennte Liste<\/strong> von Vorg\u00e4ngeraufgaben zeichnet das Gantt-Diagramm automatisch die Abh\u00e4ngigkeitslinien zwischen Ende und Anfang und macht so den logischen Ablauf Ihres Projekts deutlich sichtbar. Dies hilft den Teams, die Abfolge zu verstehen, Verz\u00f6gerungen zu erkennen und einen realistischen, zusammenh\u00e4ngenden Projektplan zu erstellen.\n<\/p>\n\n\n<pre class=\"wp-block-code\"><code>\n    'TASK-005, TASK-007' AS Vorg\u00e4nger -- Durch Komma getrennte Vorg\u00e4nger-IDs\n  -- ===== HINWEISE =====\n  -- - Vorg\u00e4nger: Komma-getrennte Aufgaben-IDs f\u00fcr End-zu-Start-Abh\u00e4ngigkeiten\n<\/code><\/pre>\n\n\n<p><div class=\"wp-block-image\">\n<figure class=\"aligncenter size-large\"><img decoding=\"async\" src=\"https:\/\/www.leaplytics.de\/wp-content\/uploads\/2025\/11\/predecessors-data-fields.png\" alt=\"\" class=\"wp-image-14116\"\/><\/figure><\/div><\/p>\n\n\n<hr class=\"wp-block-separator has-alpha-channel-opacity\"\/>\n\n\n\n<h3 class=\"wp-block-heading\" id=\"zoom-pan\">Zoomen und Schwenken<\/h3>\n\n<p><div class=\"wp-block-image\">\n<figure class=\"aligncenter size-large\"><img decoding=\"async\" src=\"https:\/\/www.leaplytics.de\/wp-content\/uploads\/2025\/11\/zoom.gif\" alt=\"\" class=\"wp-image-14116\"\/><\/figure><\/div><\/p>\n\n<p>Mit den integrierten Zoom- und Schwenkfunktionen k\u00f6nnen Sie ganz einfach in der Zeitleiste navigieren. Halten Sie <strong>ALT<\/strong> und verwenden Sie die <strong>Mausrad<\/strong> um ein- oder auszuzoomen, oder verwenden Sie eine <strong>Zwei-Finger-Kniff-Geste<\/strong> auf mobilen Ger\u00e4ten. Um zu schwenken, halten Sie die <strong>linke Maustaste<\/strong> und ziehen Sie das Diagramm nach links oder rechts, oder legen Sie einfach Ihren Finger auf den Bildschirm und bewegen Sie ihn, um die Zeitleiste auf dem Handy zu erkunden. Das Visuelle unterst\u00fctzt alles von einer <strong>min\u00fctlicher \u00dcberblick \u00fcber einen einzigen Tag<\/strong> zu einer <strong>Projekt\u00fcbersicht auf hoher Ebene \u00fcber 10 Jahre<\/strong>.\n<\/p>\n\n\n<h3 class=\"wp-block-heading\" id=\"troubleshooting\">Fehlersuche<\/h3>\n\n\n\n<h4 class=\"wp-block-heading\" id=\"-cross-filtering-problems-\">Probleme bei der Cross-Filterung<\/h4>\n\n\n\n<p><strong>Die Auswahl funktioniert nicht mit anderem Bildmaterial:<\/strong><\/p>\n\n\n\n<ul class=\"wp-block-list\">\n<li>\u2705 \u00dcberpr\u00fcfen Sie, ob die Zuordnung kategorischer Daten korrekt konfiguriert ist.<\/li>\n\n\n\n<li>\u2705 \u00dcberpr\u00fcfen Sie die PowerBI-Cross-Filter-Einstellungen f\u00fcr das visuelle<\/li>\n\n\n\n<li>\u2705 Sicherstellen, dass das Feld TaskID in allen Bildern einheitlich verwendet wird<\/li>\n\n\n\n<li>\u2705 Testauswahlfunktion mit vereinfachtem Bericht<\/li>\n<\/ul>\n\n\n\n<p><strong>Hervorhebung reagiert nicht:<\/strong><\/p>\n\n\n\n<ul class=\"wp-block-list\">\n<li>\u2705 Pr\u00fcfen Sie die Struktur der Highlight-Daten in der kategorialen Zuordnung<\/li>\n\n\n\n<li>\u2705 \u00dcberpr\u00fcfung der Integration des PowerBI-Auswahlmanagers<\/li>\n\n\n\n<li>Test mit visueller PowerBI-Tabelle, um zu best\u00e4tigen, dass die Cross-Filterung funktioniert<\/li>\n\n\n\n<li>\u2705 \u00dcberpr\u00fcfung der Erzeugung von Auswahl-IDs f\u00fcr Aufgabendaten<\/li>\n<\/ul>\n\n\n\n<h4 class=\"wp-block-heading\" id=\"-data-mapping-problems-\">Probleme beim Daten-Mapping<\/h4>\n\n\n\n<p><strong>Felder werden nicht erkannt:<\/strong><\/p>\n\n\n\n<ul class=\"wp-block-list\">\n<li>\u2705 Pr\u00fcfen Sie, ob die Datentypen der Felder den erwarteten Formaten entsprechen (Daten, Zahlen, Text).<\/li>\n\n\n\n<li>\u00dcberpr\u00fcfen Sie, ob die Feldzuordnung im Datenbereich mit den Spaltennamen \u00fcbereinstimmt.<\/li>\n\n\n\n<li>\u2705 Sicherstellen, dass berechnete Spalten im Datenmodell richtig definiert sind<\/li>\n\n\n\n<li>\u2705 Test mit einfachem Datensatz, um Probleme bei der Feldzuordnung zu isolieren<\/li>\n<\/ul>\n\n\n\n<p><strong>Fortschritt\/Status wird nicht angezeigt:<\/strong><\/p>\n\n\n\n<ul class=\"wp-block-list\">\n<li>Das Feld \"Fortschritt \u00fcberpr\u00fcfen\" enth\u00e4lt numerische Werte zwischen 0 und 100.<\/li>\n\n\n\n<li>Das Feld Pr\u00fcfstatus enth\u00e4lt die erwarteten Statuswerte.<\/li>\n\n\n\n<li>\u2705 Sicherstellen, dass die Fortschrittsbalken im Formatbereich aktiviert sind<\/li>\n\n\n\n<li>\u2705 Test mit Beispieldaten, die verschiedene Fortschrittswerte enthalten<\/li>\n<\/ul>\n\n\n\n<h4 class=\"wp-block-heading\" id=\"-hierarchical-structure-issues-\">Probleme mit der hierarchischen Struktur<\/h4>\n\n\n\n<p><strong>Eltern-Kind-Beziehungen funktionieren nicht:<\/strong><\/p>\n\n\n\n<ul class=\"wp-block-list\">\n<li>\u00dcberpr\u00fcfen Sie, ob das Feld ParentTask g\u00fcltige TaskIDs f\u00fcr \u00fcbergeordnete Aufgaben enth\u00e4lt.<\/li>\n\n\n\n<li>\u2705 Pr\u00fcfung auf zirkul\u00e4re Eltern-Kind-Bez\u00fcge<\/li>\n\n\n\n<li>\u2705 Sicherstellen, dass die Hierarchieebenen angemessene Grenzen nicht \u00fcberschreiten<\/li>\n\n\n\n<li>\u2705 Testen Sie die Funktion \"Erweitern\/Kollabieren\" mit einer einfachen Hierarchie<\/li>\n<\/ul>\n\n\n\n<p><strong>Rollup-Berechnungen falsch:<\/strong><\/p>\n\n\n\n<ul class=\"wp-block-list\">\n<li>\u2705 \u00dcberpr\u00fcfen Sie die Rollup-Konfiguration in den Einstellungen des Formatbedienfelds.<\/li>\n\n\n\n<li>\u2705 \u00dcberpr\u00fcfen, ob die Daten zu den Aufgaben des Kindes vollst\u00e4ndig und korrekt sind<\/li>\n\n\n\n<li>\u2705 Test der Rollup-Logik mit bekannten Testf\u00e4llen<\/li>\n\n\n\n<li>\u2705 \u00dcberpr\u00fcfung der Datumsberechnungslogik f\u00fcr \u00fcbergeordnete Aufgabenbereiche<\/li>\n<\/ul>\n\n\n\n<hr class=\"wp-block-separator has-alpha-channel-opacity\"\/>\n\n\n\n<h3 class=\"wp-block-heading\" id=\"-advanced-best-practices\">Erweiterte Best Practices<\/h3>\n\n\n\n<ul class=\"wp-block-list\">\n<li><strong>Qualit\u00e4t der Daten<\/strong>: Alle Daten validieren, sicherstellen, dass die TaskIDs eindeutig sind, Abh\u00e4ngigkeitsreferenzen \u00fcberpr\u00fcfen<\/li>\n\n\n\n<li><strong>Optimierung der Leistung<\/strong>: Begrenzung der Datensatzgr\u00f6\u00dfe, Verwendung geeigneter Datentypen, Optimierung von DAX-Berechnungen<\/li>\n\n\n\n<li><strong>Hierarchie Entwurf<\/strong>: Logische Eltern-Kind-Beziehungen planen, tiefe Verschachtelung vermeiden, klare Struktur beibehalten<\/li>\n\n\n\n<li><strong>Modellierung von Abh\u00e4ngigkeiten<\/strong>: Realistische Abh\u00e4ngigkeiten abbilden, zirkul\u00e4re Verweise vermeiden, angemessene Verz\u00f6gerungszeiten verwenden<\/li>\n\n\n\n<li><strong>Pr\u00fcfstrategie<\/strong>: Test mit Beispieldaten, Validierung aller Funktionen, Leistungstest mit gro\u00dfen Datens\u00e4tzen<\/li>\n<\/ul>\n\n\n\n<h4 class=\"wp-block-heading\" id=\"-visual-configuration-best-practices-\"><strong>Bew\u00e4hrte Verfahren f\u00fcr die visuelle Konfiguration<\/strong> \u2728<\/h4>\n\n\n\n<ul class=\"wp-block-list\">\n<li><strong>Skalierung der Zeitleiste<\/strong>: W\u00e4hlen Sie eine geeignete Standard-Zoomstufe, konfigurieren Sie sinnvolle Datumsbereiche, aktivieren Sie die adaptive Skalierung<\/li>\n\n\n\n<li><strong>Farbstrategie<\/strong>: Verwenden Sie einheitliche Farbschemata, ordnen Sie Farben aussagekr\u00e4ftigen Datenattributen zu und sorgen Sie f\u00fcr die Einhaltung der Barrierefreiheit.<\/li>\n\n\n\n<li><strong>Layout-Optimierung<\/strong>: Angemessene H\u00f6he der Taskleiste konfigurieren, Textpositionierung optimieren, Informationsdichte ausgleichen<\/li>\n\n\n\n<li><strong>Interaktives Design<\/strong>: Intuitive Navigation, klares visuelles Feedback, Unterst\u00fctzung von Maus- und Touch-Interaktion<\/li>\n<\/ul>\n\n\n\n\n<h4 class=\"wp-block-heading\" id=\"supported-data-sources-reference\">Unterst\u00fctzte Datenquellen Referenz<\/h4>\n\n\n\n<figure class=\"wp-block-table\"><table class=\"has-fixed-layout\"><thead><tr><th><strong>Datenquelle<\/strong><\/th><th><strong>Plattform<\/strong><\/th><th><strong>Status<\/strong><\/th><th><strong>Wichtige Felder<\/strong><\/th><th><strong>Hinweise zur Integration<\/strong><\/th><\/tr><\/thead><tbody><tr><td><strong>Microsoft-Projekt<\/strong><\/td><td>MS-Projekt<\/td><td>\u2705 Prim\u00e4r<\/td><td>Aufgaben-ID, Name, Beginn, Ende, Abh\u00e4ngigkeiten<\/td><td>Export als Excel oder Verbindung \u00fcber Project Online<\/td><\/tr><tr><td><strong>Primavera P6<\/strong><\/td><td>Oracle<\/td><td>\u2705 Prim\u00e4r<\/td><td>Aktivit\u00e4ts-ID, Name, Beginn, Ende, Vorg\u00e4nger<\/td><td>Export als Excel oder XML-Import<\/td><\/tr><tr><td><strong>Azure DevOps<\/strong><\/td><td>Microsoft<\/td><td>\u2705 Prim\u00e4r<\/td><td>Aufgaben-ID, Titel, Startdatum, Zieldatum<\/td><td>Direkte API-Verbindung oder Export<\/td><\/tr><tr><td><strong>Jira<\/strong><\/td><td>Atlassian<\/td><td>\u2705 Prim\u00e4r<\/td><td>Themenschl\u00fcssel, Zusammenfassung, F\u00e4lligkeitsdatum, Links<\/td><td>Export oder API-Integration<\/td><\/tr><tr><td><strong>Excel\/CSV<\/strong><\/td><td>Allgemein<\/td><td>\u2705 Prim\u00e4r<\/td><td>Benutzerdefinierte Felder, die den Gantt-Anforderungen zugeordnet sind<\/td><td>Direkter PowerBI-Import<\/td><\/tr><tr><td><strong>Asana<\/strong><\/td><td>Asana<\/td><td>\u2705 Sekund\u00e4rbereich<\/td><td>Aufgaben-ID, Name, Startdatum, F\u00e4lligkeitsdatum<\/td><td>Exportieren als CSV<\/td><\/tr><tr><td><strong>Benutzerdefinierte Tische<\/strong><\/td><td>Datenbank<\/td><td>\u2705 Sekund\u00e4rbereich<\/td><td>Benutzerdefiniertes Schema passend zum Gantt-Modell<\/td><td>Direkte Datenbankverbindung<\/td><\/tr><\/tbody><\/table><\/figure>\n\n\n\n<p>Dieses umfassende visuelle Tool verwandelt komplexe Projektdaten in wundersch\u00f6ne, interaktive Gantt-Diagramme, die professionelle Qualit\u00e4t gew\u00e4hrleisten und anspruchsvolle Projektmanagement-Workflows direkt in PowerBI-Dashboards unterst\u00fctzen. Ihre Stakeholder sehen Projektzeitpl\u00e4ne endlich so, wie sie angezeigt werden sollten - klar, interaktiv und professionell formatiert.<\/p>","protected":false},"excerpt":{"rendered":"<p>Minimum Requirements | License |\u00a0Features | Zoom &amp; Pan | Filter | Troubleshooting Teams across industries use the LeapLytics Gantt Chart to visualize project timelines, dependencies, milestones, hierarchies, and resource allocations directly inside Power BI. The visual is fast, and built for enterprise-grade reporting. With features such as dynamic zooming, critical path display, customizable timeline &hellip; <\/p>","protected":false},"author":2,"featured_media":0,"parent":0,"menu_order":0,"comment_status":"closed","ping_status":"closed","template":"","meta":{"footnotes":""},"class_list":["post-13813","page","type-page","status-publish","hentry","latest_post"],"_links":{"self":[{"href":"https:\/\/www.leaplytics.de\/de\/wp-json\/wp\/v2\/pages\/13813","targetHints":{"allow":["GET"]}}],"collection":[{"href":"https:\/\/www.leaplytics.de\/de\/wp-json\/wp\/v2\/pages"}],"about":[{"href":"https:\/\/www.leaplytics.de\/de\/wp-json\/wp\/v2\/types\/page"}],"author":[{"embeddable":true,"href":"https:\/\/www.leaplytics.de\/de\/wp-json\/wp\/v2\/users\/2"}],"replies":[{"embeddable":true,"href":"https:\/\/www.leaplytics.de\/de\/wp-json\/wp\/v2\/comments?post=13813"}],"version-history":[{"count":124,"href":"https:\/\/www.leaplytics.de\/de\/wp-json\/wp\/v2\/pages\/13813\/revisions"}],"predecessor-version":[{"id":14246,"href":"https:\/\/www.leaplytics.de\/de\/wp-json\/wp\/v2\/pages\/13813\/revisions\/14246"}],"wp:attachment":[{"href":"https:\/\/www.leaplytics.de\/de\/wp-json\/wp\/v2\/media?parent=13813"}],"curies":[{"name":"wp","href":"https:\/\/api.w.org\/{rel}","templated":true}]}}