{"id":14440,"date":"2025-12-19T01:44:28","date_gmt":"2025-12-19T00:44:28","guid":{"rendered":"https:\/\/www.leaplytics.de\/?page_id=14440"},"modified":"2025-12-19T01:44:29","modified_gmt":"2025-12-19T00:44:29","slug":"mitarbeiter-onboarding-ki","status":"publish","type":"page","link":"https:\/\/www.leaplytics.de\/de\/mitarbeiter-onboarding-ki\/","title":{"rendered":"Mitarbeiter-Onboarding AI"},"content":{"rendered":"<h2>KI f\u00fcr das Onboarding von Mitarbeitern: Gro\u00dfartiger erster Eindruck in gro\u00dfem Ma\u00dfstab<\/h2>\n\n<p>Der erste Eindruck z\u00e4hlt. Wenn ein neuer Mitarbeiter anf\u00e4ngt, erf\u00e4hrt er in der ersten Woche alles \u00fcber Ihr Unternehmen.<\/p>\n<p>Reibungsloses Onboarding? Professionell. Organisiert. Sie haben das Gef\u00fchl, die richtige Wahl getroffen zu haben.<\/p>\n<p>Schlampiges Onboarding? Verloren. Verwirrt. Sie fragen sich, worauf sie sich eingelassen haben. Manche h\u00f6ren auf, bevor sie richtig angefangen haben.<\/p>\n<p>Das Problem: Das Onboarding ist repetitiv, aber detailliert. Der gleiche Prozess f\u00fcr jeden neuen Mitarbeiter. Aber bei jedem gibt es Papierkram, Systemzugang, Ausr\u00fcstung, Schulung, Einf\u00fchrungen. Wenn man etwas \u00fcbersieht, f\u00fchrt das zu Problemen.<\/p>\n<p>Die KI beherrscht das perfekt. Sie folgt jedes Mal demselben Prozess. Sie vergisst nie einen Schritt. Sie verfolgt, was erledigt ist und was noch aussteht. Sie beantwortet Fragen neuer Mitarbeiter sofort.<\/p>\n<p>Ihr Team h\u00f6rt auf, Papierkram zu erledigen, und beginnt, Menschen willkommen zu hei\u00dfen.<\/p>\n\n\n<hr class=\"wp-block-separator has-alpha-channel-opacity\"\/>\n\n\n\n<h3 class=\"wp-block-heading\">Warum Onboarding schwieriger ist, als es sein sollte<\/h3>\n\n\n<p>Onboarding sieht auf dem Papier einfach aus. Neue Mitarbeiter. Papierkram. Schulung. Erledigt.<\/p>\n<p>Die Realit\u00e4t ist chaotischer.<\/p>\n<p>Formulare kommen unvollst\u00e4ndig an. Der IT-Zugang wird verz\u00f6gert, weil jemand vergessen hat, das Ticket einzureichen. Schulungsaufgaben werden manuell zugewiesen - jemand muss nachschlagen, was f\u00fcr jede Rolle erforderlich ist. Ausr\u00fcstungsbestellungen fallen durch die Maschen. Neu eingestellte Mitarbeiter haben Fragen, aber die Personalabteilung ist mit anderen Br\u00e4nden besch\u00e4ftigt.<\/p>\n<p>Der neue Mitarbeiter sitzt herum und wartet. Vielleicht auf den Zugang zum System. Vielleicht auf Ausr\u00fcstung. Vielleicht auf jemanden, der ihm sagt, was er tun soll. Kein guter Start.<\/p>\n<p>Ihr HR-Team wei\u00df, dass dies schlecht ist. Sie sind nicht faul oder inkompetent. Sie sind \u00fcberw\u00e4ltigt. Jede Neueinstellung bedeutet mehr als 20 Aufgaben in mehreren Systemen. Multiplizieren Sie das mit jeder Neueinstellung pro Monat, und es entsteht ein Chaos.<\/p>\n<p>Einige neue Mitarbeiter werden hervorragend eingearbeitet, weil die richtige Person ihnen geholfen hat. Andere machen eine schreckliche Erfahrung, weil sie in einer arbeitsreichen Woche angefangen haben. Konsistenz ist unm\u00f6glich, wenn alles manuell erfolgt.<\/p>\n<p>Das ist kein Problem der Menschen. Es ist ein Prozessproblem. Und KI ist f\u00fcr Prozesse gemacht.<\/p>\n\n\n<hr class=\"wp-block-separator has-alpha-channel-opacity\"\/>\n\n\n\n<h3 class=\"wp-block-heading\">Was KI f\u00fcr das Onboarding leistet<\/h3>\n\n\n<p>KI ersetzt die Personalabteilung beim Onboarding nicht. Sie sorgt daf\u00fcr, dass nichts durch die Maschen f\u00e4llt. Und so geht's.<\/p>\n\n\n<h4 class=\"wp-block-heading\">Dokumentenverarbeitung, die wirklich funktioniert<\/h4>\n\n\n<p>Neu eingestellte Mitarbeiter reichen Formulare ein. Steuerunterlagen. Informationen zur direkten Einzahlung. Notfallkontakte. Anmeldung zu Sozialleistungen. Versicherungsbest\u00e4tigungen.<\/p>\n<p>Jemand muss jedes Formular \u00fcberpr\u00fcfen. Die Daten extrahieren. Sie in Systeme eingeben. Die Dokumente ablegen. Sicherstellen, dass nichts fehlt.<\/p>\n<p>Die KI macht das automatisch.<\/p>\n<p>Das Formular kommt an. AI extrahiert die Informationen. Sie pr\u00fcft, ob die erforderlichen Felder vollst\u00e4ndig sind. Sie leitet die Daten an die richtigen Systeme weiter - HRIS, Gehaltsabrechnung, Sozialleistungsplattform. Sie legt das Dokument in der Mitarbeiterakte ab. Fehlende oder falsche Angaben werden markiert.<\/p>\n<p>Keine manuelle Dateneingabe. Keine Transkriptionsfehler. Keine Formulare, die im Posteingang von jemandem verloren gehen. Einfach verarbeitet und fertig.<\/p>\n<p>Wenn die Formulare unvollst\u00e4ndig sind, benachrichtigt die KI den neuen Mitarbeiter sofort: \"In Ihrem Formular f\u00fcr die direkte Einzahlung fehlt die Kontonummer. Bitte reichen Sie es erneut ein.\" Und nicht erst drei Tage sp\u00e4ter, wenn die Personalabteilung das Formular endlich gepr\u00fcft hat - sofort.<\/p>\n<p>Dies allein spart Stunden pro Neueinstellung. Bei Dutzenden oder Hunderten von Neueinstellungen pro Jahr summiert sich das schnell.<\/p>\n\n\n<h4 class=\"wp-block-heading\">Personalisierte Ausbildungsauftr\u00e4ge<\/h4>\n\n\n<p>F\u00fcr jede Rolle ist eine Schulung erforderlich. Schulung zur Einhaltung der Vorschriften. Systemschulung. Rollenspezifische Schulungen. Orientierung in der Abteilung.<\/p>\n<p>Die manuelle Zuweisung ist m\u00fchsam. Schauen Sie nach, was f\u00fcr diese Rolle erforderlich ist. Pr\u00fcfen Sie die standortspezifischen Anforderungen. F\u00fcgen Sie abteilungsspezifische Inhalte hinzu. Erstellen Sie den Schulungsplan. Melden Sie die Person an. Verfolgen Sie den Abschluss.<\/p>\n<p>Die KI \u00fcbernimmt dies.<\/p>\n<p>Die Daten neuer Mitarbeiter werden in das System eingegeben - Rolle, Abteilung, Standort. Die KI wei\u00df, welche Schulungen f\u00fcr jede Kombination erforderlich sind. Sie erstellt automatisch einen personalisierten Onboarding-Plan. Sie meldet den neuen Mitarbeiter bei den richtigen Kursen an. Sie setzt Fristen auf der Grundlage von Priorit\u00e4ten.<\/p>\n<p>Vertriebsmitarbeiter in Kalifornien? Sie erhalten eine Vertriebsschulung, eine kalifornienspezifische Compliance-Schulung, eine Firmeneinweisung und eine CRM-Schulung. Softwareentwickler in Deutschland? Andere Compliance, andere Tools, anderer Einarbeitungsweg.<\/p>\n<p>Gleiche Qualit\u00e4t f\u00fcr alle. Nichts wird \u00fcbersehen. Keine manuellen Nachforschungen.<\/p>\n\n\n<h4 class=\"wp-block-heading\">Erledigungsverfolgung, die die Dinge in Bewegung h\u00e4lt<\/h4>\n\n\n<p>Onboarding ist nicht eine Aufgabe - es sind 30 Aufgaben. Einige sind schnell erledigt. Einige dauern Tage. Einige h\u00e4ngen von anderen Aufgaben ab, die zuerst erledigt werden m\u00fcssen.<\/p>\n<p>Wer verfolgt das alles? Normalerweise ein HR-Koordinator mit einer Tabelle. \"Hat die IT-Abteilung ihr Konto eingerichtet? Haben sie eine Schulung zur Einhaltung der Vorschriften absolviert? Haben sie ihr I-9 eingereicht? Hat ihr Vorgesetzter einen Termin f\u00fcr eine \u00dcberpr\u00fcfung angesetzt?\"<\/p>\n<p>AI verfolgt alles automatisch.<\/p>\n<p>Jede Aufgabe hat einen Status. Nicht gestartet. In Bearbeitung. Erledigt. \u00dcberf\u00e4llig. Die KI \u00fcberwacht all dies in Echtzeit.<\/p>\n<p>Wenn etwas \u00fcberf\u00e4llig ist, schickt die KI Erinnerungen. An den neuen Mitarbeiter, wenn er etwas tun muss. An die Personalabteilung, wenn etwas liegen geblieben ist. An Manager, wenn sie Ma\u00dfnahmen ergreifen m\u00fcssen.<\/p>\n<p>Nichts f\u00e4llt mehr durch die Maschen. Niemand muss mehr 30 Aufgaben f\u00fcr 10 neue Mitarbeiter manuell verfolgen. Das System erledigt das.<\/p>\n<p>Die Personalabteilung sieht ein Dashboard: den Onboarding-Status f\u00fcr jeden neuen Mitarbeiter auf einen Blick. Wer ist auf dem richtigen Weg. Wer blockiert ist. Was muss beachtet werden. Das war's.<\/p>\n\n\n<h4 class=\"wp-block-heading\">St\u00e4ndig verf\u00fcgbarer Support f\u00fcr neue Mitarbeiter<\/h4>\n\n\n<p>Neu eingestellte Mitarbeiter haben Fragen. Sehr viele sogar.<\/p>\n<p>\"Wo muss ich parken?\" \"Wie richte ich meine E-Mail ein?\" \"Wann beginnen die Sozialleistungen?\" \"Wo finde ich das Mitarbeiterhandbuch?\" \"Wie lautet die Kleiderordnung?\" \"Wie reiche ich Spesen ein?<\/p>\n<p>Dies sind einfache Fragen. Aber jemand muss sie beantworten. Und neu eingestellte Mitarbeiter haben sie oft au\u00dferhalb der Gesch\u00e4ftszeiten - zum Beispiel am Sonntagabend vor ihrem Arbeitsbeginn am Montag.<\/p>\n<p>Das erledigt der KI-Chatbot. 24\/7. Unverz\u00fcglich.<\/p>\n<p>Es kennt Ihre Politik. Sie kennt Ihre Verfahren. Sie kennt die h\u00e4ufigsten Fragen neuer Mitarbeiter. Es antwortet genau und sofort.<\/p>\n<p>Bei komplexen oder heiklen Fragen wird ein Mensch mit Kontext hinzugezogen. Aber die 80%, die Routinefragen sind, werden ohne Einbeziehung der Personalabteilung bearbeitet.<\/p>\n<p>Neu eingestellte Mitarbeiter f\u00fchlen sich unterst\u00fctzt. Die Personalabteilung muss sich nicht immer wieder mit denselben Fragen herumschlagen. Alle sind zufriedener.<\/p>\n\n\n<h4 class=\"wp-block-heading\">Konsistente Erfahrung unabh\u00e4ngig vom Volumen<\/h4>\n\n\n<p>Das eigentliche Problem beim manuellen Onboarding ist, dass die Qualit\u00e4t schwankt.<\/p>\n<p>Ein neuer Mitarbeiter f\u00e4ngt an, wenn die Personalabteilung ruhig ist. Sie werden mit wei\u00dfen H\u00e4nden bedient. Alles ist perfekt. Der n\u00e4chste Mitarbeiter f\u00e4ngt in einer arbeitsreichen Woche an. Schnelles Onboarding. Dinge werden \u00fcbersehen. Schlechte Erfahrung.<\/p>\n<p>Mit AI erh\u00e4lt jeder neue Mitarbeiter die gleiche Qualit\u00e4t. Derselbe Prozess. Gleiche Vollst\u00e4ndigkeit. Gleiche Reaktionsf\u00e4higkeit.<\/p>\n<p>Es spielt keine Rolle, ob Sie in dieser Woche 1 Person oder 20 Personen einf\u00fchren. Die KI erledigt das mit der gleichen Qualit\u00e4t.<\/p>\n<p>Dies ist besonders wichtig f\u00fcr Unternehmen mit schwankenden Einstellungszahlen - saisonale Spitzen, Wachstumsphasen, Einstellungsstopps. Die KI skaliert sofort.<\/p>\n\n\n<hr class=\"wp-block-separator has-alpha-channel-opacity\"\/>\n\n\n\n<h3 class=\"wp-block-heading\">Was das f\u00fcr Sie bedeutet<\/h3>\n\n\n\n<h4 class=\"wp-block-heading\">F\u00fcr Personalleiter und Personalverantwortliche<\/h4>\n\n\n<ul>\n<li><strong>Konsistentes Onboarding in gro\u00dfem Umfang.<\/strong> Gleiche Qualit\u00e4t, egal ob Sie in diesem Monat 2 oder 20 Personen einstellen.<\/li>\n<li><strong>K\u00fcrzere Zeit bis zur Produktivit\u00e4t.<\/strong> Neu eingestellte Mitarbeiter haben vom ersten Tag an, was sie brauchen. Kein Warten auf Zugang oder Informationen.<\/li>\n<li><strong>Bessere Bindung neuer Mitarbeiter.<\/strong> Gute Einf\u00fchrungserfahrungen korrelieren direkt mit der Mitarbeiterbindung. Menschen, die sich fr\u00fch unterst\u00fctzt f\u00fchlen, bleiben l\u00e4nger.<\/li>\n<li><strong>Geringerer Verwaltungsaufwand f\u00fcr HR.<\/strong> Weniger Zeit f\u00fcr die Suche nach Formularen. Weniger Zeit f\u00fcr die Verfolgung der Fertigstellung. Weniger Zeit f\u00fcr die Beantwortung von Routinefragen.<\/li>\n<li><strong>Sichtbarkeit der Onboarding-Qualit\u00e4t.<\/strong> Daten zu Abschlussquoten, Engp\u00e4ssen, Zeit bis zur Produktivit\u00e4t. Sie k\u00f6nnen sehen, was funktioniert und was nicht.<\/li>\n<li><strong>Bessere Arbeitgebermarke.<\/strong> Neu eingestellte Mitarbeiter reden. Ein gutes Onboarding schafft positive Mundpropaganda. Schlechtes Onboarding bewirkt das Gegenteil.<\/li>\n<\/ul>\n\n\n<h4 class=\"wp-block-heading\">F\u00fcr HR-Manager und -Koordinatoren<\/h4>\n\n\n<ul>\n<li><strong>H\u00f6ren Sie auf, dem Papierkram hinterherzulaufen.<\/strong> Die KI verarbeitet die Dokumente automatisch. Sie \u00fcberpr\u00fcfen nur Ausnahmen.<\/li>\n<li><strong>H\u00f6ren Sie auf, Aufgaben manuell zu verfolgen.<\/strong> Das System verfolgt alles. Sie sehen, was Aufmerksamkeit braucht, nicht jedes Detail.<\/li>\n<li><strong>H\u00f6ren Sie auf, immer dieselben Fragen zu beantworten.<\/strong> Die KI bearbeitet Routineanfragen. Sie bearbeiten die komplexen oder sensiblen Anfragen.<\/li>\n<li><strong>Mehr Zeit f\u00fcr die menschlichen Dinge.<\/strong> Neuen Mitarbeitern das Gef\u00fchl geben, willkommen zu sein. Auf Bedenken eingehen. Beziehungen aufbauen. Die Dinge, die wirklich wichtig sind.<\/li>\n<li><strong>Weniger Stress in Sto\u00dfzeiten.<\/strong> Wenn die Einstellungszahlen steigen, skaliert die KI. Sie ertrinken nicht in Onboarding-Administration.<\/li>\n<\/ul>\n\n\n<h4 class=\"wp-block-heading\">F\u00fcr neue Mitarbeiter<\/h4>\n\n\n<ul>\n<li><strong>Klarer Prozess vom ersten Tag an.<\/strong> Sie wissen, was zu tun ist. Wann Sie es tun m\u00fcssen. Was erforderlich ist. Keine Verwirrung.<\/li>\n<li><strong>Schnelle Antworten auf Fragen.<\/strong> Warten Sie nicht tagelang auf einfache Informationen. Die KI antwortet sofort.<\/li>\n<li><strong>Alles, was Sie brauchen, wenn Sie es brauchen.<\/strong> Zugang zum System. Ausr\u00fcstung. Ausbildung. Kein Warten auf Dinge, die schon fertig sein sollten.<\/li>\n<li><strong>Berufliche Erfahrung.<\/strong> Dies ist das Unternehmen, von dem Sie dachten, dass Sie es betreten. Organisiert, effizient, professionell.<\/li>\n<li><strong>Konzentrieren Sie sich darauf, den Beruf zu erlernen.<\/strong> Sie m\u00fcssen sich nicht um Formulare k\u00fcmmern oder grundlegende logistische Fragen kl\u00e4ren. Sie k\u00f6nnen sich darauf konzentrieren, tats\u00e4chlich produktiv zu werden.<\/li>\n<\/ul>\n\n\n<hr class=\"wp-block-separator has-alpha-channel-opacity\"\/>\n\n\n\n<h3 class=\"wp-block-heading\">Was KI nicht leisten wird<\/h3>\n\n\n<p>Seien wir realistisch, was die Grenzen angeht.<\/p>\n<p>KI ersetzt nicht die menschliche Begr\u00fc\u00dfung. Sie hat keinen Manager-Check-in. Sie baut keine Teambeziehungen auf. Sie erkennt nicht, wenn ein neuer Mitarbeiter Schwierigkeiten hat und Unterst\u00fctzung braucht.<\/p>\n<p>Sie wickelt den Verwaltungsprozess ab. Formulare. Trainingszuweisungen. Aufgabenverfolgung. Routinefragen.<\/p>\n<p>Die menschliche Verbindung kommt immer noch von Menschen. Das \"Wie leben Sie sich ein?\"-Gespr\u00e4ch. Das Mittagessen im Team. Das Mentorat. Die Weitergabe der Kultur.<\/p>\n<p>Die k\u00fcnstliche Intelligenz sorgt daf\u00fcr, dass die administrativen Aufgaben den menschlichen Aufgaben nicht in die Quere kommen. Wenn neue Mitarbeiter nicht auf den Systemzugang warten oder sich mit Formularen herumschlagen m\u00fcssen, kann sich Ihr Team darauf konzentrieren, sie tats\u00e4chlich willkommen zu hei\u00dfen.<\/p>\n<p>Au\u00dferdem kann KI einen schlechten Onboarding-Prozess nicht korrigieren. Wenn Ihr Onboarding-Prozess grundlegend fehlerhaft ist, wird KI einen fehlerhaften Prozess einfach effizienter ausf\u00fchren. Sie m\u00fcssen zuerst den Prozess verbessern und ihn dann mithilfe von KI konsistent ausf\u00fchren.<\/p>\n\n\n<hr class=\"wp-block-separator has-alpha-channel-opacity\"\/>\n\n\n\n<h3 class=\"wp-block-heading\">Auswirkungen auf die reale Welt<\/h3>\n\n\n<p>Wie sieht das in der Praxis aus?<\/p>\n<p>Ein wachsendes Unternehmen implementiert KI f\u00fcr das Onboarding. Vorher: F\u00fcr das Onboarding ben\u00f6tigten die HR-Koordinatoren 6-8 Stunden pro neuem Mitarbeiter. Danach: 2 Stunden. Das sind 4-6 Stunden Einsparung pro Person.<\/p>\n<p>F\u00fcr ein Unternehmen, das 5 Mitarbeiter pro Monat einstellt, sind das 20-30 Stunden pro Monat. Das ist ein halbes Vollzeit\u00e4quivalent allein f\u00fcr die Automatisierung.<\/p>\n<p>Die Zeit bis zur Produktivit\u00e4t von Neueinstellungen sinkt. Vorher dauerte es im Durchschnitt 8 Tage, bis neue Mitarbeiter alle erforderlichen Zugangsdaten hatten und die vorgeschriebenen Schulungen absolvierten. Danach: 3 Tage. Das sind 5 Tage Produktivit\u00e4tsgewinn pro Mitarbeiter.<\/p>\n<p>H\u00f6here Zufriedenheit bei Neueinstellungen. Schnelle Antworten. Klarer Prozess. Professionelle Erfahrung. Die Mitarbeiter haben ein gutes Gef\u00fchl bei ihrer Entscheidung f\u00fcr eine Stelle.<\/p>\n<p>Die 90-Tage-Bindung verbessert sich um 8%. Wenn die Eingliederung reibungslos verl\u00e4uft, k\u00fcndigen weniger Mitarbeiter in den ersten Monaten.<\/p>\n<p>Das ist keine Theorie. So sieht es aus, wenn KI die Onboarding-Verwaltung richtig handhabt.<\/p>\n\n\n<hr class=\"wp-block-separator has-alpha-channel-opacity\"\/>\n\n\n\n<h3 class=\"wp-block-heading\">Erste Schritte<\/h3>\n\n\n<p>Sie brauchen nicht alles auf einmal zu automatisieren. Beginnen Sie mit dem gr\u00f6\u00dften Schmerzpunkt.<\/p>\n<p>F\u00fcr die meisten Unternehmen ist das die Bearbeitung von Dokumenten. Unvollst\u00e4ndig eingereichte Formulare. Manuelle Dateneingabe. Dinge gehen verloren. Fangen Sie dort an.<\/p>\n<p>Oder vielleicht liegt es am Ausbildungsauftrag. Zu manuell. Dinge werden \u00fcbersehen. Unterschiedliche Leute bekommen unterschiedliche Qualit\u00e4t. Bringen Sie das zuerst in Ordnung.<\/p>\n<p>Oder vielleicht sind es die Fragen der neuen Mitarbeiter. Immer wieder die gleichen Anfragen. Langsame Antwortzeiten. \u00dcberlassen Sie das der KI.<\/p>\n<p>W\u00e4hlen Sie einen Engpass. Implementieren Sie AI. Messen Sie die Auswirkungen. Erweitern Sie dann auf andere Bereiche des Onboarding.<\/p>\n<p>Das Onboarding ist in jedem Unternehmen anders. Ihre Formulare sind einzigartig. Ihre Systeme haben spezifische Anforderungen. Ihr Prozess hat bestimmte Phasen.<\/p>\n<p>Deshalb ist KI beim Onboarding kein Plug-and-Play-System. Sie muss zu Ihrem tats\u00e4chlichen Arbeitsablauf passen. Ihre tats\u00e4chlichen Werkzeuge. Ihre tats\u00e4chlichen Anforderungen.<\/p>\n\n\n<hr class=\"wp-block-separator has-alpha-channel-opacity\"\/>\n\n\n\n<h3 class=\"wp-block-heading\">Die Quintessenz<\/h3>\n\n\n<p>Onboarding ist wichtig. Sie beeinflusst die Mitarbeiterbindung, die Zeit bis zur Produktivit\u00e4t und die Erfahrung der Mitarbeiter. Schlechtes Onboarding ist teuer - die Mitarbeiter verlassen das Unternehmen oder sie bleiben, brauchen aber l\u00e4nger, um produktiv zu werden.<\/p>\n<p>KI ersetzt nicht die menschliche Seite des Onboardings. Sie \u00fcbernimmt den administrativen Teil, sodass sich Ihr Team auf die menschliche Seite konzentrieren kann.<\/p>\n<p>Das Ergebnis: gleichbleibende Qualit\u00e4t, schnellere Produktivit\u00e4t, bessere Mitarbeiterbindung und HR-Teams, die in Wachstumsphasen nicht in Papierkram ertrinken.<\/p>\n<p>Das ist kein Hype. Das ist es, was KI f\u00fcr das Onboarding leistet, wenn es richtig gemacht wird.<\/p>\n\n\n<hr class=\"wp-block-separator has-alpha-channel-opacity\"\/>\n\n\n\n<h3 class=\"wp-block-heading\">Sind Sie bereit, Ihr Onboarding zu verbessern?<\/h3>\n\n\n<p>Wir verkaufen keine generische Onboarding-KI. Wir schauen uns Ihren spezifischen Prozess an. Ihre Formulare. Ihre Systeme. Ihre Anforderungen. Ihr Volumen.<\/p>\n<p>Dann entwickeln wir eine KI, die sich an die tats\u00e4chlichen Abl\u00e4ufe bei der Einstellung von Mitarbeitern anpasst. Nicht irgendein idealisierter Prozess, sondern Ihr tats\u00e4chlicher Prozess.<\/p>\n<p>Kein Hype. Kein \u00dcberangebot. Nur praktische KI, die das Onboarding f\u00fcr alle besser macht.<\/p>\n\n<p><a href=\"https:\/\/www.leaplytics.de\/de\/kontakt\/\">Lassen Sie uns \u00fcber Ihren Onboarding-Prozess sprechen<\/a><\/p>\n\n<p><a href=\"https:\/\/www.leaplytics.de\/de\/humanressourcen-ki\/\">Zur\u00fcck zu HR AI-L\u00f6sungen<\/a><\/p>","protected":false},"excerpt":{"rendered":"<p>AI for Employee Onboarding: Make Great First Impressions at Scale First impressions matter. When a new employee starts, the first week tells them everything about your company. Smooth onboarding? Professional. Organized. They feel confident they made the right choice. Messy onboarding? Lost. Confused. Wondering what they got themselves into. Some quit before they really start. &hellip; <\/p>","protected":false},"author":2,"featured_media":0,"parent":0,"menu_order":0,"comment_status":"closed","ping_status":"closed","template":"","meta":{"footnotes":""},"class_list":["post-14440","page","type-page","status-publish","hentry","latest_post"],"_links":{"self":[{"href":"https:\/\/www.leaplytics.de\/de\/wp-json\/wp\/v2\/pages\/14440","targetHints":{"allow":["GET"]}}],"collection":[{"href":"https:\/\/www.leaplytics.de\/de\/wp-json\/wp\/v2\/pages"}],"about":[{"href":"https:\/\/www.leaplytics.de\/de\/wp-json\/wp\/v2\/types\/page"}],"author":[{"embeddable":true,"href":"https:\/\/www.leaplytics.de\/de\/wp-json\/wp\/v2\/users\/2"}],"replies":[{"embeddable":true,"href":"https:\/\/www.leaplytics.de\/de\/wp-json\/wp\/v2\/comments?post=14440"}],"version-history":[{"count":1,"href":"https:\/\/www.leaplytics.de\/de\/wp-json\/wp\/v2\/pages\/14440\/revisions"}],"predecessor-version":[{"id":14449,"href":"https:\/\/www.leaplytics.de\/de\/wp-json\/wp\/v2\/pages\/14440\/revisions\/14449"}],"wp:attachment":[{"href":"https:\/\/www.leaplytics.de\/de\/wp-json\/wp\/v2\/media?parent=14440"}],"curies":[{"name":"wp","href":"https:\/\/api.w.org\/{rel}","templated":true}]}}