{"id":14441,"date":"2025-12-19T01:44:46","date_gmt":"2025-12-19T00:44:46","guid":{"rendered":"https:\/\/www.leaplytics.de\/?page_id=14441"},"modified":"2025-12-19T01:44:47","modified_gmt":"2025-12-19T00:44:47","slug":"unterstutzung-der-selbstbedienung-der-mitarbeiter-ai","status":"publish","type":"page","link":"https:\/\/www.leaplytics.de\/de\/unterstutzung-der-selbstbedienung-der-mitarbeiter-ai\/","title":{"rendered":"Mitarbeiter-Selbstbedienung &amp; Unterst\u00fctzung AI"},"content":{"rendered":"<h2>KI f\u00fcr Mitarbeiter-Selbstbedienung und -Support: H\u00f6ren Sie auf, die gleichen Fragen zu beantworten<\/h2>\n\n<p>Ihr HR-Team beantwortet den ganzen Tag Fragen. Dieselben Fragen. Immer und immer wieder.<\/p>\n<p>\"Wie viele Urlaubstage habe ich?\" \"Wie ist die Spesenregelung?\" \"Wie kann ich meine Adresse aktualisieren? \"Wann beginnt die Anmeldung f\u00fcr die Sozialleistungen?\" \"Kann ich aus der Ferne arbeiten?\"<\/p>\n<p>Jede Frage dauert 5 Minuten. Eine E-Mail hin und her. Eine Suche nach Richtlinien. Eine Systempr\u00fcfung. Nicht kompliziert, nur repetitiv.<\/p>\n<p>Aber 50 Fragen pro Tag? Das sind mehr als 4 Stunden. Jeden Tag. F\u00fcr die Beantwortung von Fragen, die die Mitarbeiter selbst beantworten k\u00f6nnten, wenn die Informationen zug\u00e4nglich w\u00e4ren.<\/p>\n<p>In der Zwischenzeit warten die Mitarbeiter. Manchmal Stunden. Manchmal Tage. Auf einfache Antworten, die keine Beteiligung der Personalabteilung erfordern sollten.<\/p>\n<p>KI behebt dieses Problem. Sie antwortet sofort. Akkurat. 24\/7. Bei Routinefragen und -anfragen erhalten die Mitarbeiter das, was sie brauchen, ohne die Personalabteilung. Bei komplexen Problemen wird die Personalabteilung hinzugezogen, da der Kontext bereits erfasst wurde.<\/p>\n<p>Ihr Team h\u00f6rt auf, als Helpdesk zu fungieren und beginnt mit der eigentlichen Personalarbeit.<\/p>\n\n\n<hr class=\"wp-block-separator has-alpha-channel-opacity\"\/>\n\n\n\n<h3 class=\"wp-block-heading\">Das Problem der Mitarbeiterunterst\u00fctzung heute<\/h3>\n\n\n<p>Die Personalabteilung ist f\u00fcr alle die erste Anlaufstelle f\u00fcr alles. Fragen zur Politik. Systemprobleme. Fragen zu Leistungen. Fragen zu Prozessen. \u00c4nderungen im Leben. Formulare. Genehmigungen.<\/p>\n<p>Die meisten dieser Fragen sind einfach. Die Antwort liegt in einem Grundsatzdokument oder einem System. Aber die Mitarbeiter wissen nicht, wo sie suchen m\u00fcssen. Oder sie haben es versucht und konnten es nicht finden. Also fragen sie die Personalabteilung.<\/p>\n<p>Die Personalabteilung muss aufh\u00f6ren, was sie tut. Schauen Sie nach. Reagieren. Wiederholen. Den ganzen Tag.<\/p>\n<p>Die Fragen h\u00e4ufen sich. Montagmorgen, nachdem die Leute am Wochenende \u00fcber ihre Arbeit und ihr Leben nachgedacht haben. W\u00e4hrend der Einschreibungsfristen. Nach Unternehmensank\u00fcndigungen. Wenn sich die Richtlinien \u00e4ndern.<\/p>\n<p>In ruhigen Zeiten ist es \u00fcberschaubar. In Sto\u00dfzeiten geht die Personalabteilung unter. Die Antwortzeiten verl\u00e4ngern sich auf Tage. Die Mitarbeiter sind frustriert. Die Personalabteilung wird gestresst. Die Arbeit, auf die man sich konzentrieren muss, wird st\u00e4ndig unterbrochen.<\/p>\n<p>Und die Sache ist die: Die meisten Arbeitnehmer wollen die Personalabteilung nicht damit bel\u00e4stigen. Sie wollen lieber selbst Antworten finden. Aber die Selbstbedienungsinstrumente sind schrecklich. Die Suche funktioniert nicht. Die Dokumente sind verstreut. Die Navigation ist verwirrend. Also geben sie auf und schicken eine E-Mail an die Personalabteilung.<\/p>\n<p>Das ist kein Problem der Menschen auf beiden Seiten. Es ist ein Systemproblem. Und KI l\u00f6st es.<\/p>\n\n\n<hr class=\"wp-block-separator has-alpha-channel-opacity\"\/>\n\n\n\n<h3 class=\"wp-block-heading\">Was AI f\u00fcr die Mitarbeiterunterst\u00fctzung leistet<\/h3>\n\n\n<p>KI ersetzt nicht die Personalabteilung bei der Mitarbeiterbetreuung. Sie \u00fcbernimmt die Routine, damit sich die Personalabteilung auf das konzentrieren kann, was tats\u00e4chlich menschliches Urteilsverm\u00f6gen erfordert. Und so geht's.<\/p>\n\n\n<h4 class=\"wp-block-heading\">Sofortige Antworten auf politische Fragen<\/h4>\n\n\n<p>Ein Mitarbeiter fragt: \"Wie viele Urlaubstage habe ich noch?\"<\/p>\n<p>Die KI \u00fcberpr\u00fcft das System. Sie sieht ihren Kumulierungssaldo. Antwortet: \"Sie haben noch 12 Urlaubstage \u00fcbrig. Ihr Guthaben wird am 1. Januar zur\u00fcckgesetzt. M\u00f6chten Sie einen Urlaubsantrag stellen?\"<\/p>\n<p>Oder: \"Wie hoch ist die Ausgabengrenze f\u00fcr Kundenessen?\"<\/p>\n<p>Die KI kennt die Ausgabenpolitik. \"Mahlzeiten f\u00fcr Kunden werden bis zu $75 pro Person genehmigt. Alkohol erfordert die Genehmigung des Direktors. Reichen Sie die Belege innerhalb von 30 Tagen \u00fcber das Spesensystem ein.\"<\/p>\n<p>Oder: \"Kann ich freitags von zu Hause aus arbeiten?\"<\/p>\n<p>Die KI kennt die Fernarbeitsrichtlinien f\u00fcr jede Abteilung. \"Ihre Abteilung erlaubt bis zu 2 Fernarbeitstage pro Woche mit Genehmigung des Vorgesetzten. Um die Genehmigung zu beantragen, hier ist das Formular: [link]\"<\/p>\n<p>Diese Antworten kommen sofort. Sie m\u00fcssen nicht auf eine Antwort der Personalabteilung warten. Kein Durchsuchen von Grundsatzdokumenten. Sie fragen einfach und erhalten eine Antwort.<\/p>\n<p>Die KI r\u00e4t nicht. Sie kennt Ihre Richtlinien. Sie wurde anhand Ihres Handbuchs, Ihrer Grundsatzdokumente und Ihrer FAQs geschult. Wenn sich die Richtlinien \u00e4ndern, aktualisieren Sie die Wissensbasis der KI. Das war's.<\/p>\n\n\n<h4 class=\"wp-block-heading\">Bearbeitung von Routineanfragen ohne HR-Beteiligung<\/h4>\n\n\n<p>Viele HR-Anfragen sind Standard. Kein Urteil erforderlich. Bearbeiten Sie sie einfach.<\/p>\n<p>Adress\u00e4nderung. \u00c4nderung des Namens. Aktualisierung des Notfallkontakts. Anforderung von Dokumenten. Steuerformular. Gehaltsabrechnung. Best\u00e4tigungsschreiben f\u00fcr Leistungen.<\/p>\n<p>Normalerweise reicht der Mitarbeiter einen Antrag ein. Die Personalabteilung bearbeitet ihn manuell. Aktualisiert das System. Schickt eine Best\u00e4tigung. Dauert 10-15 Minuten pro Antrag.<\/p>\n<p>Die KI erledigt dies automatisch.<\/p>\n<p>Angestellte: \"Ich bin umgezogen. Ich muss meine Adresse aktualisieren.\"<\/p>\n<p>AI: \"Da kann ich Ihnen helfen. Wie lautet Ihre neue Adresse?\"<\/p>\n<p>Der Mitarbeiter stellt es zur Verf\u00fcgung. AI validiert das Format. Aktualisiert das HRIS. Aktualisiert das Gehaltsabrechnungssystem. Best\u00e4tigt: \"Ihre Adresse ist aktualisiert. Ihr n\u00e4chster Gehaltsscheck wird die neue Adresse enthalten.\"<\/p>\n<p>Oder: \"Ich ben\u00f6tige ein Schreiben zur Best\u00e4tigung meiner Besch\u00e4ftigung f\u00fcr einen Hypothekenantrag\".<\/p>\n<p>AI: \"Ich werde das f\u00fcr Sie erstellen. Sie wird Ihre Berufsbezeichnung, Ihr Anfangsdatum und Ihr aktuelles Gehalt enthalten. Ist das korrekt?\" Der Mitarbeiter best\u00e4tigt. Die KI erstellt den Brief. Schickt ihn ab. Erledigt.<\/p>\n<p>Die Personalabteilung ist nicht involviert, es sei denn, etwas ist ungew\u00f6hnlich oder muss genehmigt werden. Standardanfragen werden einfach bearbeitet.<\/p>\n\n\n<h4 class=\"wp-block-heading\">Gef\u00fchrte Prozesse unterst\u00fctzen<\/h4>\n\n\n<p>Manche Dinge sind nicht eine einzige Frage - sie sind ein Prozess. Anmeldung von Leistungen. Urlaubsantr\u00e4ge. Leistungsbeurteilungen. Einreichung von Spesen.<\/p>\n<p>Diese verwirren die Menschen. Welche Schritte? Welche Formulare? Was ist obligatorisch? Was ist fakultativ? Wo muss ich einreichen?<\/p>\n<p>Die KI f\u00fchrt die Mitarbeiter Schritt f\u00fcr Schritt durch den Prozess.<\/p>\n<p>Arbeitnehmer: \"Ich gehe in Elternzeit. Was muss ich tun?\"<\/p>\n<p>AI: \"Ich werde Sie durch den Prozess des Elternurlaubs begleiten. Lassen Sie uns zun\u00e4chst einige Details kl\u00e4ren. Wann ist Ihr Geburtstermin?\"<\/p>\n<p>Antworten der Mitarbeiter. AI f\u00e4hrt fort: \"Sie haben Anspruch auf 12 Wochen bezahlten Elternurlaub. Sie sollten Ihren Antrag mindestens 30 Tage vor Beginn Ihres Urlaubs einreichen. Das m\u00fcssen Sie tun:<\/p>\n<ol>\n<li>F\u00fcllen Sie das Antragsformular f\u00fcr Elternurlaub aus [Link]<\/li>\n<li>Legen Sie medizinische Unterlagen von Ihrem Arzt vor<\/li>\n<li>Treffen Sie sich mit Ihrem Manager, um den Versicherungsschutz zu planen.<\/li>\n<li>Koordinierung mit der Personalabteilung bei der Fortf\u00fchrung von Leistungen<\/li>\n<\/ol>\n<p>Soll ich Ihnen das Formular jetzt zuschicken?\"<\/p>\n<p>Keine Verwirrung. Keine verpassten Schritte. Klare Anleitung von Anfang bis Ende.<\/p>\n<p>Das funktioniert bei jedem komplexen HR-Prozess. Die KI kennt die Schritte. Sie wei\u00df, was erforderlich ist. Sie kann Menschen durch den Prozess f\u00fchren, ohne dass die Personalabteilung jede Person einzeln an die Hand nehmen muss.<\/p>\n\n\n<h4 class=\"wp-block-heading\">Intelligente Eskalation zum Menschen<\/h4>\n\n\n<p>KI kann nicht alles erledigen. Manche Dinge m\u00fcssen von Menschen beurteilt werden. Manche Dinge sind sensibel. Manche Dinge sind einfach zu komplex oder einzigartig.<\/p>\n<p>Die KI kennt ihre Grenzen. Wenn eine Frage \u00fcber Routine hinausgeht, wird sie an die Personalabteilung weitergeleitet - aber mit Kontext.<\/p>\n<p>Arbeitnehmer: \"Ich habe eine Bel\u00e4stigungssituation mit meinem Vorgesetzten.\"<\/p>\n<p>AI sofort: \"Ich werde Sie sofort mit der Personalabteilung verbinden. Dies erfordert direkte menschliche Unterst\u00fctzung. Bitte erwarten Sie innerhalb einer Stunde einen Anruf von [Person der Personalabteilung]. In dringenden F\u00e4llen k\u00f6nnen Sie sie auch unter [Kontaktinfo] erreichen.\"<\/p>\n<p>Die KI protokolliert das Gespr\u00e4ch. Leitet es an die richtige Person weiter. Markiert es als vorrangig. Die Personalabteilung sieht den Kontext und kann entsprechend reagieren.<\/p>\n<p>Oder weniger heikel, aber komplex: \"Meine Situation ist einzigartig - ich ziehe in ein anderes Land, um den Arbeitsplatz meines Ehepartners zu \u00fcbernehmen.<\/p>\n<p>AI: \"Das ist eine komplexe Situation mit internationalen Verwicklungen. Ich leite das an die Personalabteilung weiter, die Ihre Optionen besprechen kann. Sie werden sich innerhalb von 24 Stunden bei Ihnen melden. In der Zwischenzeit finden Sie hier einige allgemeine Informationen \u00fcber internationale \u00dcberweisungen: [Link]\"<\/p>\n<p>Die KI tut nicht so, als k\u00f6nne sie alles erledigen. Sie wei\u00df, wann sie Menschen einbeziehen muss. Aber sie erfasst den Kontext, damit die Personalabteilung nicht bei Null anfangen muss.<\/p>\n\n\n<h4 class=\"wp-block-heading\">24\/7 Verf\u00fcgbarkeit<\/h4>\n\n\n<p>Personalfragen werden nicht nur von Montag bis Freitag von 9 bis 17 Uhr behandelt.<\/p>\n<p>Sonntagabend: \"Warte, wann beginnt morgen mein Vorstellungsgespr\u00e4ch?\"<\/p>\n<p>23 UHR: \"Mir ist gerade eingefallen, dass ich die Spesenabrechnung bis morgen einreichen muss.\"<\/p>\n<p>Am fr\u00fchen Morgen: \"Kann ich mein Kind heute zu einem Arzttermin mitnehmen, ohne die PTO zu nutzen?\"<\/p>\n<p>Normalerweise warten diese, bis die Personalabteilung verf\u00fcgbar ist. Bis dahin k\u00f6nnte es zu sp\u00e4t sein oder die Person hat es bereits selbst herausgefunden.<\/p>\n<p>Die KI ist immer da. Nachts. Wochenenden. An Feiertagen. Fragen werden beantwortet, wenn die Leute sie brauchen, und nicht, wenn die Personalabteilung gerade im B\u00fcro ist.<\/p>\n<p>Dies ist besonders wertvoll f\u00fcr Unternehmen mit mehreren Zeitzonen, Schichtarbeitern oder globalen Teams.<\/p>\n\n\n<hr class=\"wp-block-separator has-alpha-channel-opacity\"\/>\n\n\n\n<h3 class=\"wp-block-heading\">Was das f\u00fcr Sie bedeutet<\/h3>\n\n\n\n<h4 class=\"wp-block-heading\">F\u00fcr Personalleiter und Personalverantwortliche<\/h4>\n\n\n<ul>\n<li><strong>Verringerung des HR-Ticketvolumens.<\/strong> 60-80% der von der KI bearbeiteten Anfragen. Die Kapazit\u00e4t Ihres Teams wird effektiv erh\u00f6ht.<\/li>\n<li><strong>Bessere Mitarbeiterzufriedenheit.<\/strong> Sofortige Antworten. Kein Warten. Klare Anleitung. Die Mitarbeiter f\u00fchlen sich unterst\u00fctzt.<\/li>\n<li><strong>HR konzentriert sich auf die strategische Arbeit.<\/strong> Nicht den ganzen Tag die gleichen Fragen beantworten. Programme f\u00fcr Menschen tats\u00e4chlich verbessern.<\/li>\n<li><strong>Konsistente Informationen.<\/strong> Jedes Mal die gleichen Antworten. Keine \"Es kommt darauf an, wen Sie fragen\"-Probleme.<\/li>\n<li><strong>Sichtbarkeit der Anliegen der Mitarbeiter.<\/strong> Wonach fragen die Menschen? Wo herrscht Verwirrung? Die Daten zeigen Ihnen, wo Sie die Kommunikation verbessern k\u00f6nnen.<\/li>\n<li><strong>Skalieren Sie den Support, ohne die Zahl der Mitarbeiter zu erh\u00f6hen.<\/strong> Das Unternehmen w\u00e4chst 30%? AI bew\u00e4ltigt das erh\u00f6hte Volumen ohne zus\u00e4tzliches Personal.<\/li>\n<\/ul>\n\n\n<h4 class=\"wp-block-heading\">F\u00fcr HR-Manager und -Spezialisten<\/h4>\n\n\n<ul>\n<li><strong>Beantworten Sie keine sich wiederholenden Fragen.<\/strong> Die KI k\u00fcmmert sich um die Routine. Sie k\u00fcmmern sich um das Komplexe und Sensible.<\/li>\n<li><strong>Behandeln Sie Ausnahmen, keine Routineanfragen.<\/strong> Ihr Fachwissen wird dort eingesetzt, wo es darauf ankommt, nicht bei der Suche nach Richtlinien.<\/li>\n<li><strong>Weniger Unterbrechungen.<\/strong> Weniger st\u00e4ndige Pings. Mehr Zeit f\u00fcr konzentrierte Arbeit an Projekten, die die Personalarbeit tats\u00e4chlich verbessern.<\/li>\n<li><strong>Kontext, in dem die Eskalation stattfindet.<\/strong> Wenn Sie mit Problemen konfrontiert werden, haben Sie den Gespr\u00e4chsverlauf. Sie m\u00fcssen nicht bei Null anfangen.<\/li>\n<li><strong>Eine befriedigendere Arbeit.<\/strong> Weniger Verwaltung. Mehr Probleml\u00f6sung, mehr Strategie, mehr tats\u00e4chliche menschliche Arbeit.<\/li>\n<\/ul>\n\n\n<h4 class=\"wp-block-heading\">F\u00fcr Arbeitnehmer<\/h4>\n\n\n<ul>\n<li><strong>Sofortige Antworten.<\/strong> Keine stunden- oder tagelangen Wartezeiten f\u00fcr einfache Fragen. Fragen Sie und erfahren Sie es sofort.<\/li>\n<li><strong>Kein Warten auf Gesch\u00e4ftszeiten.<\/strong> Frage um 21 Uhr? Erhalten Sie um 21 Uhr eine Antwort.<\/li>\n<li><strong>Klare Leitlinien.<\/strong> Nicht nur Antworten - Hilfe bei ganzen Prozessen. Wissen, was zu tun ist und wie man es tut.<\/li>\n<li><strong>Weniger Reibung.<\/strong> Standardantr\u00e4ge werden automatisch bearbeitet. \u00c4ndern Sie Ihre Adresse ohne E-Mail an die Personalabteilung und ohne Wartezeit.<\/li>\n<li><strong>F\u00fchlen Sie sich unterst\u00fctzt.<\/strong> Wenn Sie Hilfe brauchen, ist sie da. Nicht \"ein Ticket einreichen und warten\".<\/li>\n<\/ul>\n\n\n<hr class=\"wp-block-separator has-alpha-channel-opacity\"\/>\n\n\n\n<h3 class=\"wp-block-heading\">Was KI nicht leisten wird<\/h3>\n\n\n<p>Wir sollten uns \u00fcber die Grenzen im Klaren sein.<\/p>\n<p>AI kann nicht mit sensiblen Themen umgehen. Bel\u00e4stigung. Diskriminierung. Leistungsprobleme. Zwischenmenschliche Konflikte. Probleme mit der psychischen Gesundheit. Diese gehen sofort an die Menschen.<\/p>\n<p>AI macht keine Ausnahmen von den Richtlinien. \"Kann ich bitte einen weiteren Urlaubstag bekommen, obwohl ich mein Limit erreicht habe?\" Das ist ein menschlicher Anruf, kein KI-Anruf.<\/p>\n<p>AI gibt keine Ratschl\u00e4ge zu komplexen pers\u00f6nlichen Situationen. \"Soll ich das neue Stellenangebot intern annehmen oder in meiner derzeitigen Position bleiben?\" Das erfordert eine Beratung durch die Personalabteilung, keine automatischen Antworten.<\/p>\n<p>Er erledigt die Routine. Die Richtlinienabfragen. Die einfachen Anfragen. Die Prozessf\u00fchrung. Der 80%, der kein menschliches Urteilsverm\u00f6gen erfordert.<\/p>\n<p>Die anderen 20% - die komplexen, die sensiblen, die einzigartigen - gehen nach wie vor an Ihr HR-Team. Aber jetzt haben sie Zeit, sie richtig zu bearbeiten, weil sie nicht mit Routineanfragen besch\u00e4ftigt sind.<\/p>\n\n\n<hr class=\"wp-block-separator has-alpha-channel-opacity\"\/>\n\n\n\n<h3 class=\"wp-block-heading\">Auswirkungen auf die reale Welt<\/h3>\n\n\n<p>Wie sieht das konkret aus?<\/p>\n<p>Ein Unternehmen mit 800 Mitarbeitern implementiert KI f\u00fcr die Mitarbeiterbetreuung. Vorher: Die Personalabteilung erhielt 150-200 Anfragen pro Woche. Die Personalabteilung verbrachte 30-40 Stunden pro Woche nur mit der Beantwortung von Fragen.<\/p>\n<p>Danach: KI bearbeitet 120-150 dieser Anfragen automatisch. Die Personalabteilung bearbeitet nur 30-50. Das sind 20-30 Stunden pro Woche, die eingespart werden. Im Grunde wird eine Vollzeitstelle an Kapazit\u00e4t frei.<\/p>\n<p>Die Zufriedenheit der Mitarbeiter mit dem HR-Support steigt. Die Antwortzeit f\u00fcr Routinefragen sinkt von Stunden auf Sekunden. Auch die Reaktionszeit f\u00fcr komplexe Fragen verbessert sich, weil die Personalabteilung Zeit hat, sie richtig zu bearbeiten.<\/p>\n<p>Die Personalabteilung arbeitet an Dingen, die wirklich wichtig sind. Verbesserungen des Leistungsprogramms. Schulungen f\u00fcr Manager. Initiativen zur Mitarbeiterbindung. Dinge, die beiseite geschoben wurden, als sie mit Anfragen \u00fcberh\u00e4uft wurden.<\/p>\n<p>Das ist nicht hypothetisch. So sieht es aus, wenn KI die Mitarbeiterunterst\u00fctzung richtig handhabt.<\/p>\n\n\n<hr class=\"wp-block-separator has-alpha-channel-opacity\"\/>\n\n\n\n<h3 class=\"wp-block-heading\">Erste Schritte<\/h3>\n\n\n<p>Sie brauchen nicht alles zu automatisieren. Beginnen Sie mit Anfragen mit hohem Aufkommen und geringer Komplexit\u00e4t.<\/p>\n<p>F\u00fcr die meisten Unternehmen sind das Grundsatzfragen. Urlaubssalden. Grundlagen der Sozialleistungen. Spesenpolitik. Fangen Sie dort an.<\/p>\n<p>Oder vielleicht sind es einfache Anfragen. Adress\u00e4nderungen. Anforderungen von Dokumenten. Formular-Downloads. Automatisieren Sie diese zuerst.<\/p>\n<p>Oder vielleicht geht es um Prozessbegleitung. Anmeldung von Leistungen. Urlaubsantr\u00e4ge. Spesen. Helfen Sie Ihren Mitarbeitern dabei, ohne dass die Personalabteilung die F\u00e4den in der Hand h\u00e4lt.<\/p>\n<p>W\u00e4hlen Sie eine Kategorie. Implementieren Sie AI. Messen Sie die Volumenreduzierung. Messen Sie die Mitarbeiterzufriedenheit. Dann erweitern Sie.<\/p>\n<p>Jedes Unternehmen hat einen anderen Unterst\u00fctzungsbedarf f\u00fcr seine Mitarbeiter. Ihre Richtlinien sind einzigartig. Ihre Systeme haben spezifische Eigenheiten. Ihre Mitarbeiter haben bestimmte Muster.<\/p>\n<p>Deshalb ist die KI f\u00fcr den Mitarbeiter-Support nicht sofort einsatzbereit. Sie muss Ihre Richtlinien lernen. sich in Ihre Systeme integrieren. Ihre Prozesse anpassen.<\/p>\n\n\n<hr class=\"wp-block-separator has-alpha-channel-opacity\"\/>\n\n\n\n<h3 class=\"wp-block-heading\">Die Quintessenz<\/h3>\n\n\n<p>HR-Teams sollten keine Helpdesks sein. Sie sollten strategische Partner sein, die das Unternehmen mit Talent-, Kultur- und Personalprogrammen unterst\u00fctzen.<\/p>\n<p>Aber sie k\u00f6nnen nicht strategisch vorgehen, wenn sie in Routineanfragen untergehen. Hier kommt die KI ins Spiel.<\/p>\n<p>AI erledigt die Routine. Die Richtlinienabfragen. Die einfachen Anfragen. Die grundlegende Anleitung. Unverz\u00fcglich. Kontinuierlich. 24\/7.<\/p>\n<p>Die Personalabteilung k\u00fcmmert sich um das Komplexe. Das Sensible. Das Einzigartige. Die Dinge, die tats\u00e4chlich menschliches Urteilsverm\u00f6gen und Fachwissen erfordern.<\/p>\n<p>Das Ergebnis: Die Mitarbeiter werden besser unterst\u00fctzt, die Personalabteilung leistet bessere Arbeit, und das Unternehmen kann den Wert seiner Personalfunktion steigern.<\/p>\n<p>Das ist kein Hype. Das ist es, was KI f\u00fcr die Mitarbeiterunterst\u00fctzung leistet, wenn sie richtig eingesetzt wird.<\/p>\n\n\n<hr class=\"wp-block-separator has-alpha-channel-opacity\"\/>\n\n\n\n<h3 class=\"wp-block-heading\">Sind Sie bereit, das Volumen Ihrer HR-Anfragen zu reduzieren?<\/h3>\n\n\n<p>Wir verkaufen keine generischen Chatbots. Wir schauen uns Ihre spezifischen Anfragemuster an. Ihre Richtlinien. Ihre Systeme. Ihre Prozesse.<\/p>\n<p>Dann entwickeln wir eine KI, die den tats\u00e4chlichen Bed\u00fcrfnissen Ihrer Mitarbeiter entspricht. Kein allgemeiner FAQ-Bot - tats\u00e4chliche Unterst\u00fctzung, die funktioniert.<\/p>\n<p>Kein Hype. Kein \u00dcberangebot. Nur praktische KI, die die Mitarbeiterbetreuung verbessert und die Personalarbeit strategischer macht.<\/p>\n\n<p><a href=\"https:\/\/www.leaplytics.de\/de\/kontakt\/\">Lassen Sie uns \u00fcber Ihre Herausforderungen bei der Mitarbeiterunterst\u00fctzung sprechen<\/a><\/p>\n\n<p><a href=\"https:\/\/www.leaplytics.de\/de\/humanressourcen-ki\/\">Zur\u00fcck zu HR AI-L\u00f6sungen<\/a><\/p>","protected":false},"excerpt":{"rendered":"<p>AI for Employee Self-Service &#038; Support: Stop Answering the Same Questions Your HR team answers questions all day. The same questions. Over and over. &#8220;How many vacation days do I have?&#8221; &#8220;What&#8217;s the expense policy?&#8221; &#8220;How do I update my address?&#8221; &#8220;When do benefits open enrollment start?&#8221; &#8220;Can I work remotely?&#8221; Each question takes 5 &hellip; <\/p>","protected":false},"author":2,"featured_media":0,"parent":0,"menu_order":0,"comment_status":"closed","ping_status":"closed","template":"","meta":{"footnotes":""},"class_list":["post-14441","page","type-page","status-publish","hentry","latest_post"],"_links":{"self":[{"href":"https:\/\/www.leaplytics.de\/de\/wp-json\/wp\/v2\/pages\/14441","targetHints":{"allow":["GET"]}}],"collection":[{"href":"https:\/\/www.leaplytics.de\/de\/wp-json\/wp\/v2\/pages"}],"about":[{"href":"https:\/\/www.leaplytics.de\/de\/wp-json\/wp\/v2\/types\/page"}],"author":[{"embeddable":true,"href":"https:\/\/www.leaplytics.de\/de\/wp-json\/wp\/v2\/users\/2"}],"replies":[{"embeddable":true,"href":"https:\/\/www.leaplytics.de\/de\/wp-json\/wp\/v2\/comments?post=14441"}],"version-history":[{"count":1,"href":"https:\/\/www.leaplytics.de\/de\/wp-json\/wp\/v2\/pages\/14441\/revisions"}],"predecessor-version":[{"id":14448,"href":"https:\/\/www.leaplytics.de\/de\/wp-json\/wp\/v2\/pages\/14441\/revisions\/14448"}],"wp:attachment":[{"href":"https:\/\/www.leaplytics.de\/de\/wp-json\/wp\/v2\/media?parent=14441"}],"curies":[{"name":"wp","href":"https:\/\/api.w.org\/{rel}","templated":true}]}}