{"id":14443,"date":"2025-12-19T01:44:54","date_gmt":"2025-12-19T00:44:54","guid":{"rendered":"https:\/\/www.leaplytics.de\/?page_id=14443"},"modified":"2025-12-19T01:44:55","modified_gmt":"2025-12-19T00:44:55","slug":"leistungsmanagement-analytik-ai","status":"publish","type":"page","link":"https:\/\/www.leaplytics.de\/de\/leistungsmanagement-analytik-ai\/","title":{"rendered":"Leistungsmanagement &amp; Analytik AI"},"content":{"rendered":"<h2>KI f\u00fcr Leistungsmanagement und Analytik: Probleme erkennen, bevor sie zu Krisen werden<\/h2>\n\n<p>Leistungsbeurteilungen finden ein- oder zweimal im Jahr statt. Zu diesem Zeitpunkt haben sich die Probleme bereits seit Monaten verfestigt. Gute Mitarbeiter haben bereits einen Fu\u00df in der T\u00fcr. Qualifikationsdefizite verz\u00f6gern Projekte seit Quartalen.<\/p>\n<p>Der \u00dcberpr\u00fcfungsprozess selbst ist schmerzhaft. Sammeln Sie Feedback von f\u00fcnf Personen. Lesen Sie die Kommentare seitenweise durch. Versuchen Sie, Themen zu finden. Schreiben Sie eine Zusammenfassung. Planen Sie das Treffen. Wiederholen Sie den Vorgang f\u00fcr jedes Teammitglied.<\/p>\n<p>Manager hassen es. Die Mitarbeiter trauen ihr nicht. Die Personalabteilung verbringt Wochen damit, die Mitarbeiter zum Abschluss von Beurteilungen zu bewegen. Und der eigentliche Wert - die Verbesserung der Mitarbeiter - geht im Verwaltungsaufwand unter.<\/p>\n<p>KI \u00e4ndert dies. Sie analysiert das Feedback in Echtzeit, nicht nur einmal im Jahr. Sie erkennt Muster in den Leistungsdaten. Sie identifiziert Qualifikationsl\u00fccken, bevor sie zu Problemen werden. Sie sagt Bindungsrisiken voraus, bevor Mitarbeiter k\u00fcndigen.<\/p>\n<p>Das Leistungsmanagement wird kontinuierlich, datengest\u00fctzt und tats\u00e4chlich hilfreich. Nicht zu einem gef\u00fcrchteten j\u00e4hrlichen Ritual.<\/p>\n\n\n<hr class=\"wp-block-separator has-alpha-channel-opacity\"\/>\n\n\n\n<h3 class=\"wp-block-heading\">Warum Leistungsmanagement heute nicht mehr funktioniert<\/h3>\n\n\n<p>Jeder wei\u00df, dass Leistungsbeurteilungen schlecht sind. Die Unternehmen machen sie trotzdem, weil sie etwas brauchen.<\/p>\n<p>Die Probleme liegen auf der Hand. \u00dcberpr\u00fcfungen sind r\u00fcckw\u00e4rtsgewandt - wenn Sie die Leistung des letzten Quartals \u00fcberpr\u00fcfen, ist sie bereits Schnee von gestern. Sie sind zeitaufw\u00e4ndig - Manager verbringen Stunden pro Person, multipliziert mit ihrem gesamten Team. Sie sind subjektiv - verschiedene Manager bewerten unterschiedlich, was zu Unstimmigkeiten f\u00fchrt.<\/p>\n<p>Und sie finden nur selten statt. J\u00e4hrliche \u00dcberpr\u00fcfungen bedeuten, dass man Probleme 6-12 Monate zu sp\u00e4t erkennt. Jemand hat Probleme? Das werden Sie erst bei der \u00dcberpr\u00fcfung feststellen. Jemand ist unzufrieden? Wenn Sie es bemerken, hat er sich bereits anderweitig beworben.<\/p>\n<p>Die Sammlung von Feedback ist schmerzhaft. \"K\u00f6nnen Sie bitte bis Freitag Bewertungen f\u00fcr Ihre drei Kollegen abgeben?\" Erinnern. Hinterherlaufen. Verl\u00e4ngern von Fristen. Manche Leute schreiben durchdachtes Feedback. Andere geben es telefonisch durch. Die Qualit\u00e4t ist sehr unterschiedlich.<\/p>\n<p>Dann muss jemand dem Ganzen einen Sinn geben. Lesen Sie alle Kommentare durch. Identifizieren Sie Themen. Was sind die wirklichen Probleme? Was ist nur L\u00e4rm? Welches Feedback ist widerspr\u00fcchlich? Das dauert Stunden pro Mitarbeiter.<\/p>\n<p>Wenn die eigentliche \u00dcberpr\u00fcfung stattfindet, sind die Manager ersch\u00f6pft. Die Mitarbeiter sind verunsichert. Und das Gespr\u00e4ch f\u00fchrt oft nicht zu sinnvollen Ver\u00e4nderungen, weil zu viele Informationen zu sp\u00e4t geliefert werden.<\/p>\n<p>Das liegt nicht daran, dass es den Menschen egal ist. Es liegt daran, dass der Prozess grunds\u00e4tzlich manuell, unregelm\u00e4\u00dfig und r\u00fcckw\u00e4rtsgewandt ist. KI behebt alle drei Probleme.<\/p>\n\n\n<hr class=\"wp-block-separator has-alpha-channel-opacity\"\/>\n\n\n\n<h3 class=\"wp-block-heading\">Was AI f\u00fcr das Leistungsmanagement leistet<\/h3>\n\n\n<p>KI ersetzt nicht die Manager beim Leistungsmanagement. Sie liefert ihnen schneller bessere Informationen, damit sie ihren Teams tats\u00e4chlich helfen k\u00f6nnen. Und so geht's.<\/p>\n\n\n<h4 class=\"wp-block-heading\">Feedback-Analyse, die echte Muster aufdeckt<\/h4>\n\n\n<p>Bei 360\u00b0-Bewertungen wird das Feedback von mehreren Personen gesammelt. Manager. Kollegen. Manchmal auch direkte Mitarbeiter. Jede Person schreibt Abs\u00e4tze mit Kommentaren.<\/p>\n<p>Das alles durchzulesen ist m\u00fchsam. Und das Erkennen von Mustern? Noch schwieriger. Eine Person spricht vage von \"Kommunikationsproblemen\". Ein anderer sagt: \"Manchmal l\u00e4uft es im Team nicht rund\". Ein anderer merkt an, dass \"wir gelegentlich zu sp\u00e4t von Dingen erfahren\". H\u00e4ngt das zusammen? Das gleiche Problem? Unterschiedliche Probleme?<\/p>\n<p>Die KI liest alle R\u00fcckmeldungen. Sie identifiziert Themen automatisch.<\/p>\n<p>\"Kommunikation\" erscheint in vier Bewertungen. Die KI fasst diese zusammen. Sie sieht, dass drei Personen speziell den \"Zeitpunkt der Aktualisierungen\" und zwei Personen den \"Detaillierungsgrad\" erw\u00e4hnen. Das Muster ist klar: Diese Person muss Projektaktualisierungen proaktiver kommunizieren.<\/p>\n<p>Oder die KI-Spots: F\u00fcnf Personen loben die \"technischen F\u00e4higkeiten\", aber drei erw\u00e4hnen, dass \"die Zusammenarbeit besser sein k\u00f6nnte\". Das Thema: starker Einzelk\u00e4mpfer, der sich in Sachen Teamarbeit weiterentwickeln muss.<\/p>\n<p>Die KI schreibt die Bewertung nicht f\u00fcr Sie. Aber sie gibt Ihnen klare Muster vor, damit Sie nicht 10 Seiten von Kommentaren lesen m\u00fcssen, um manuell Themen zu finden.<\/p>\n<p>Dies gilt auch f\u00fcr Ihr gesamtes Unternehmen. Bekommen bestimmte Teams st\u00e4ndig R\u00fcckmeldungen \u00fcber die Arbeitsbelastung? Das ist ein Ressourcenproblem. Haben neue Manager st\u00e4ndig Probleme mit der Delegation von Aufgaben? Das ist ein Schulungsproblem.<\/p>\n<p>Muster, die manuell erst in wochenlanger Arbeit zu erkennen w\u00e4ren? Die KI findet sie sofort.<\/p>\n\n\n<h4 class=\"wp-block-heading\">Identifizierung von Qualifikationsdefiziten<\/h4>\n\n\n<p>Ihr Team braucht bestimmte F\u00e4higkeiten. F\u00fcr ihre aktuellen Aufgaben. F\u00fcr kommende Projekte. F\u00fcr den Weg, den das Unternehmen einschl\u00e4gt.<\/p>\n<p>Wer hat diese F\u00e4higkeiten? Wer muss entwickelt werden? Normalerweise ist dies reine Spekulation. Manager haben Intuitionen. Die Personalabteilung wei\u00df einige Dinge. Aber umfassender Einblick? Selten.<\/p>\n<p>KI analysiert die Kompetenzdaten in Ihrem Unternehmen.<\/p>\n<p>Sie befasst sich mit den Arbeitsanforderungen. Leistungsfeedback. Abschluss der Ausbildung. Projektaufgaben. Selbsteinsch\u00e4tzungen. Manager-Bewertungen. All die Daten, die Sie bereits haben, nur \u00fcber verschiedene Systeme verstreut.<\/p>\n<p>Sie zeigt L\u00fccken auf: \"Ihr Analyseteam verf\u00fcgt \u00fcber gute SQL-Kenntnisse, hat aber nur wenig Erfahrung mit Python. Drei anstehende Projekte erfordern Python. Dies ist ein Risiko.\"<\/p>\n<p>Oder: \"F\u00fcnf leitende Ingenieure kommen f\u00fcr F\u00fchrungsaufgaben in Frage, aber nur zwei haben eine F\u00fchrungsausbildung absolviert. Dadurch entsteht eine L\u00fccke in der Nachfolgeplanung.\"<\/p>\n<p>Oder: \"Im Kundenfeedback wird immer wieder von 'langsamen Antwortzeiten' gesprochen. Die Analyse zeigt, dass Ihr Support-Team noch nicht f\u00fcr das neue Ticket-System geschult wurde. Das erkl\u00e4rt das Problem.\"<\/p>\n<p>Die KI verbindet Punkte, die Menschen bei Hunderten von Mitarbeitern nicht sehen k\u00f6nnen. Sie erkennt L\u00fccken, bevor sie Probleme verursachen. Und sie tut dies kontinuierlich, nicht nur einmal im Jahr.<\/p>\n<p>Jetzt k\u00f6nnen Sie die Entwicklung gezielt dort f\u00f6rdern, wo sie wichtig ist. Keine allgemeine Ausbildung, die jeder ignoriert. Spezifische F\u00e4higkeiten, die bestimmten Personen helfen, ihre Arbeit besser zu erledigen.<\/p>\n\n\n<h4 class=\"wp-block-heading\">Vorhersage des Retentionsrisikos<\/h4>\n\n\n<p>Menschen k\u00fcndigen nicht aus heiterem Himmel. Es gibt Anzeichen. Normalerweise subtil. Meist nur im Nachhinein sichtbar.<\/p>\n<p>Das Engagement sinkt. Die Teilnahme an Sitzungen nimmt ab. Das Feedback wird weniger detailliert. Einzelgespr\u00e4che werden verschoben. Die Leistung bleibt akzeptabel, aber die Begeisterung l\u00e4sst nach.<\/p>\n<p>Wenn die Manager es bemerken, hat die Person bereits ein anderes Angebot. Im K\u00fcndigungsgespr\u00e4ch stellt sich heraus, dass die Person schon seit Monaten unzufrieden ist. \"Warum hat niemand mit mir geredet?\"<\/p>\n<p>Die KI erkennt diese Muster fr\u00fchzeitig.<\/p>\n<p>Sie \u00fcberwacht Signale f\u00fcr das Engagement. Tendenziell sinkende Umfrageantworten. Weniger Fragen in Besprechungen. Verminderte Code-Reviews oder Zusammenarbeit. Erh\u00f6hte PTO-Nutzung. Ge\u00e4nderte Kommunikationsmuster.<\/p>\n<p>Einzeln betrachtet, bedeuten sie nichts. Zusammen bilden sie ein Muster. Die KI erkennt es und zeigt es an: \"Das Bindungsrisiko f\u00fcr diesen Mitarbeiter ist gestiegen. Empfehlen Sie dem Vorgesetzten, ihn zu \u00fcberpr\u00fcfen\".<\/p>\n<p>Nicht, weil die KI wei\u00df, dass die Person auf Jobsuche ist. Sondern weil das Muster mit Leuten \u00fcbereinstimmt, die in der Vergangenheit gegangen sind. Es ist eine Warnung, aufmerksam zu sein, bevor es zu sp\u00e4t ist.<\/p>\n<p>Die Manager k\u00f6nnen dann echte Gespr\u00e4che f\u00fchren. \"Wie laufen die Dinge? Wie kann ich Sie besser unterst\u00fctzen?\" Fr\u00fch genug, damit Probleme noch behoben werden k\u00f6nnen.<\/p>\n<p>Damit l\u00e4sst sich nicht jede Fluktuation verhindern - manchmal verlassen Menschen das Unternehmen aus Gr\u00fcnden, die Sie nicht beeinflussen k\u00f6nnen. Aber es verhindert, dass man Menschen verliert, weil niemand bemerkt hat, dass sie Probleme haben, bis sie gek\u00fcndigt haben.<\/p>\n\n\n<h4 class=\"wp-block-heading\">Leistungs\u00fcberpr\u00fcfung Entwurfsgenerierung<\/h4>\n\n\n<p>Das Schreiben von Leistungsbeurteilungen dauert ewig. Manager z\u00f6gern es hinaus. Die Personalabteilung verl\u00e4ngert die Fristen. Die Qualit\u00e4t leidet, weil die Leute sich beeilen.<\/p>\n<p>AI entwirft die \u00dcberpr\u00fcfung auf der Grundlage der verf\u00fcgbaren Daten. Feedback wird gesammelt. Ziele und Fortschritte. Leistungsmetriken. J\u00fcngste Erfolge. Identifizierte Entwicklungsbereiche.<\/p>\n<p>Es entsteht ein strukturierter Entwurf: \"Bereiche der St\u00e4rke: [Zusammenfassung des positiven Feedbacks mit Beispielen]. Bereiche mit Entwicklungsbedarf: [Zusammenfassung des konstruktiven Feedbacks mit Mustern]. Fortschritte bei den Zielen: [Status der einzelnen Ziele]. Empfohlene Schwerpunktbereiche: [Entwicklungsvorschl\u00e4ge].\"<\/p>\n<p>Der Manager \u00fcberpr\u00fcft es. F\u00fcgt pers\u00f6nliche Beobachtungen hinzu. Passt den Tonfall an. F\u00fcgt Kontext ein, den die KI nicht kennen konnte. Macht es pers\u00f6nlich.<\/p>\n<p>Aber die Schwerstarbeit - das Synthetisieren aller R\u00fcckmeldungen und Daten - ist erledigt. Was 2 Stunden dauerte, dauert jetzt 30 Minuten. Und die Qualit\u00e4t ist oft besser, weil nichts \u00fcbersehen wird.<\/p>\n<p>Dies ist keine KI, die Bewertungen schreibt. Es geht um KI, die die m\u00fchsame Synthese \u00fcbernimmt, damit sich die Manager auf das eigentliche Gespr\u00e4ch mit ihrem Teammitglied konzentrieren k\u00f6nnen.<\/p>\n\n\n<h4 class=\"wp-block-heading\">Zielverfolgung, die die Leistung sichtbar macht<\/h4>\n\n\n<p>Im Januar werden Ziele gesetzt. Im M\u00e4rz sind sie schon wieder vergessen. Im Dezember erinnern sich die Menschen krampfhaft daran, was sie eigentlich erreichen wollten.<\/p>\n<p>AI sorgt daf\u00fcr, dass Ziele sichtbar sind und kontinuierlich verfolgt werden.<\/p>\n<p>Es erinnert Mitarbeiter und Manager an ihre Ziele. Es verfolgt den Fortschritt auf der Grundlage von Aktualisierungen. Es kennzeichnet Ziele, die nicht auf dem richtigen Weg sind: \"Dieses Ziel zeigt in 6 Wochen keine Fortschritte. Statusaktualisierung erforderlich?\"<\/p>\n<p>Sie verkn\u00fcpft Ziele mit der tats\u00e4chlichen Arbeit. Wenn jemand das Ziel hat, \"die Kundenzufriedenheit zu verbessern\", und die Ergebnisse von Kundenumfragen verfolgt werden, kann die KI den Fortschritt automatisch anzeigen.<\/p>\n<p>Es werden Anpassungen vorgeschlagen. \"Dieses Ziel ist aufgrund von Ressourcenbeschr\u00e4nkungen durchgehend als blockiert gekennzeichnet. Sollte es \u00fcberarbeitet oder eskaliert werden?\"<\/p>\n<p>Das Leistungsmanagement wird kontinuierlich. Keine einmalige \u00dcberraschung im Jahr. Kontinuierliche Transparenz dar\u00fcber, wie es den Mitarbeitern geht und wo sie Unterst\u00fctzung brauchen.<\/p>\n\n\n<hr class=\"wp-block-separator has-alpha-channel-opacity\"\/>\n\n\n\n<h3 class=\"wp-block-heading\">Was das f\u00fcr Sie bedeutet<\/h3>\n\n\n\n<h4 class=\"wp-block-heading\">F\u00fcr Personalleiter und Personalverantwortliche<\/h4>\n\n\n<ul>\n<li><strong>Datengesteuerte Talententscheidungen.<\/strong> Kein Bauchgef\u00fchl. Tats\u00e4chliche Muster in Bezug auf Leistung, F\u00e4higkeiten und Engagement.<\/li>\n<li><strong>Fr\u00fchzeitige Warnung vor Selbstbehalt.<\/strong> Erkennen Sie Flugrisiken, bevor die Leute aufgeben. Zeit, Probleme anzugehen, solange sie noch behoben werden k\u00f6nnen.<\/li>\n<li><strong>Entwicklungsprogramme, die echte L\u00fccken schlie\u00dfen.<\/strong> Keine allgemeine Ausbildung. Gezielte Entwicklung, wo sie tats\u00e4chlich gebraucht wird.<\/li>\n<li><strong>Sichtbarkeit in der gesamten Organisation.<\/strong> Welche Teams sind erfolgreich? Welche haben zu k\u00e4mpfen? Wo gibt es systemische Probleme? Sehen Sie es klar.<\/li>\n<li><strong>Bessere Nachfolgeplanung.<\/strong> Wissen, wer f\u00fcr eine Bef\u00f6rderung bereit ist. Wer Entwicklung braucht. Wo die Bankst\u00e4rke schwach ist.<\/li>\n<li><strong>Ein Leistungsprozess, den die Leute nicht hassen.<\/strong> Weniger Verwaltungsaufwand. Mehr Konzentration auf die tats\u00e4chliche Entwicklung. Bessere Erfahrung f\u00fcr alle.<\/li>\n<\/ul>\n\n\n<h4 class=\"wp-block-heading\">F\u00fcr Manager<\/h4>\n\n\n<ul>\n<li><strong>Weniger Zeit f\u00fcr \u00dcberpr\u00fcfungsunterlagen.<\/strong> Die KI \u00fcbernimmt die Synthese. Sie konzentrieren sich auf das Gespr\u00e4ch und das Coaching.<\/li>\n<li><strong>Bessere Einblicke in die Teamleistung.<\/strong> Klare Muster aus dem Feedback. Sichtbare Kompetenzl\u00fccken. Fr\u00fchzeitige Warnungen zum Engagement.<\/li>\n<li><strong>Fangen Sie Probleme fr\u00fcher auf.<\/strong> Warten Sie nicht auf die j\u00e4hrliche \u00dcberpr\u00fcfung, um Probleme zu entdecken. Erkennen Sie sie, wenn sie noch klein sind.<\/li>\n<li><strong>Sinnvollere Entwicklungsgespr\u00e4che.<\/strong> Auf der Grundlage von tats\u00e4chlichen Daten und Mustern, nicht von vagen Eindr\u00fccken.<\/li>\n<li><strong>Ziele, die sichtbar bleiben.<\/strong> Nicht vergessen bis zur \u00dcberpr\u00fcfung. Kontinuierlich nachverfolgt und angepasst.<\/li>\n<\/ul>\n\n\n<h4 class=\"wp-block-heading\">F\u00fcr Arbeitnehmer<\/h4>\n\n\n<ul>\n<li><strong>Deutlicheres Feedback.<\/strong> Kein Haufen unorganisierter Kommentare. Klare Themen und spezifische Bereiche, an denen gearbeitet werden soll.<\/li>\n<li><strong>An den tats\u00e4chlichen Bedarf angepasste Entwicklung.<\/strong> Schulungen, die echte Qualifikationsdefizite beheben, keine allgemeinen Kurse.<\/li>\n<li><strong>Ziele, die relevant bleiben.<\/strong> Nicht einmal festgelegt und dann vergessen. Verfolgt und angepasst, wenn sich Situationen \u00e4ndern.<\/li>\n<li><strong>Keine \u00dcberraschungen bei den Bewertungen.<\/strong> Kontinuierliche Transparenz bedeutet, dass Sie wissen, wo Sie stehen, und nicht, dass Sie es einmal im Jahr erfahren.<\/li>\n<li><strong>Fairer Prozess.<\/strong> Konsistente Analyse im gesamten Unternehmen. Weniger abh\u00e4ngig von der Voreingenommenheit einzelner Manager.<\/li>\n<\/ul>\n\n\n<hr class=\"wp-block-separator has-alpha-channel-opacity\"\/>\n\n\n\n<h3 class=\"wp-block-heading\">Was KI nicht leisten wird<\/h3>\n\n\n<p>Wir sollten uns \u00fcber die Grenzen im Klaren sein.<\/p>\n<p>Die KI trifft keine Leistungsentscheidungen. Sie entscheidet nicht \u00fcber Bef\u00f6rderungen. Sie bestimmt nicht die Verg\u00fctung. Sie entl\u00e4sst keine Mitarbeiter. Sie bewertet nicht die Leistung.<\/p>\n<p>Das sind menschliche Entscheidungen, die Urteilsverm\u00f6gen, Kontext und Verantwortlichkeit erfordern. Manager treffen diese Entscheidungen. KI liefert Informationen, die ihnen helfen, bessere Entscheidungen zu treffen.<\/p>\n<p>KI kann auch keine Nuancen verstehen, wie es Menschen k\u00f6nnen. Sie sieht Muster in Daten. Sie versteht nicht, dass die Leistung eines Mitarbeiters aufgrund einer pers\u00f6nlichen Krise gesunken ist oder dass er zus\u00e4tzliche Arbeit leistet, die nicht in den Metriken auftaucht.<\/p>\n<p>Manager m\u00fcssen immer noch Gespr\u00e4che f\u00fchren. Sie m\u00fcssen Zusammenh\u00e4nge verstehen. Sie m\u00fcssen ihr Urteilsverm\u00f6gen einsetzen. Bei der Mitarbeiterf\u00fchrung menschlich sein.<\/p>\n<p>KI erleichtert dies, indem sie die Datenanalyse und die Verwaltungsarbeit \u00fcbernimmt. Aber sie ersetzt nicht das menschliche Element des Leistungsmanagements.<\/p>\n<p>Au\u00dferdem erfordert die KI im Leistungsmanagement gute Daten. Wenn Ihr Feedback mangelhaft ist, wird auch die KI-Analyse mangelhaft sein. Wenn die Ziele nicht verfolgt werden, kann die KI nicht helfen. Wenn keine Engagement-Signale erfasst werden, wird die Vorhersage der Kundenbindung nicht funktionieren.<\/p>\n<p>KI verst\u00e4rkt Ihren Prozess. Wenn Ihr Prozess gut ist, macht KI ihn besser. Wenn Ihr Prozess fehlerhaft ist, sollten Sie ihn zuerst reparieren.<\/p>\n\n\n<hr class=\"wp-block-separator has-alpha-channel-opacity\"\/>\n\n\n\n<h3 class=\"wp-block-heading\">Auswirkungen auf die reale Welt<\/h3>\n\n\n<p>Wie sieht das in der Praxis aus?<\/p>\n<p>Ein Unternehmen f\u00fchrt KI f\u00fcr das Leistungsmanagement ein. Vorher: Manager verbrachten 3-4 Stunden pro Mitarbeiter mit j\u00e4hrlichen Beurteilungen. Danach: 1 Stunde. Das sind 2-3 Stunden Einsparung pro Person. F\u00fcr einen Manager mit 8 direkten Untergebenen sind das 16-24 Stunden, die er pro Beurteilungszyklus einspart.<\/p>\n<p>Die Mitarbeiterbindung verbessert sich. Das Fr\u00fchwarnsystem erfasst 70% potenzielle Abg\u00e4nge fr\u00fch genug, um sie zu beseitigen. Nicht alle bleiben, aber viele Probleme k\u00f6nnen gel\u00f6st werden, bevor die Leute k\u00fcndigen.<\/p>\n<p>Die Entwicklungsausgaben werden effektiver. Anstatt das Schulungsbudget auf allgemeine Kurse zu verteilen, konzentrieren sich die Investitionen auf festgestellte Qualifikationsl\u00fccken. Die Zahl der absolvierten Schulungen steigt, weil sie tats\u00e4chlich relevant sind.<\/p>\n<p>Die Zufriedenheit der Mitarbeiter mit dem Leistungsprozess steigt. Das Feedback ist klarer. Bewertungen f\u00fchlen sich weniger willk\u00fcrlich an. Die Entwicklung erscheint sinnvoller.<\/p>\n<p>Das ist keine Theorie. Das passiert, wenn KI das Leistungsmanagement kontinuierlich und datengesteuert statt j\u00e4hrlich und subjektiv macht.<\/p>\n\n\n<hr class=\"wp-block-separator has-alpha-channel-opacity\"\/>\n\n\n\n<h3 class=\"wp-block-heading\">Erste Schritte<\/h3>\n\n\n<p>Sie m\u00fcssen nicht alles auf einmal umgestalten. Beginnen Sie mit einem St\u00fcck.<\/p>\n<p>F\u00fcr die meisten Unternehmen ist das die Feedback-Analyse. Lassen Sie im n\u00e4chsten \u00dcberpr\u00fcfungszyklus die KI das Feedback analysieren und Themen aufdecken. Sehen Sie, wie viel Zeit Sie dadurch sparen. Schauen Sie, ob Manager das n\u00fctzlich finden.<\/p>\n<p>Oder beginnen Sie mit einer Kompetenzl\u00fcckenanalyse. Stellen Sie Ihre Rollenanforderungen den tats\u00e4chlichen F\u00e4higkeiten gegen\u00fcber. Stellen Sie fest, wo L\u00fccken bestehen. Nutzen Sie dies f\u00fcr die gezielte Entwicklung.<\/p>\n<p>Oder f\u00fchren Sie eine Zielverfolgung ein. Halten Sie Leistungsziele sichtbar und verfolgen Sie sie kontinuierlich, anstatt sie zu setzen und zu vergessen.<\/p>\n<p>W\u00e4hlen Sie ein Element aus. Implementieren Sie es. Messen Sie die Auswirkungen. Dann erweitern.<\/p>\n<p>Das Leistungsmanagement in jedem Unternehmen ist anders. Ihr Beurteilungsprozess hat bestimmte Phasen. Ihre Feedback-Sammlung hat bestimmte Formate. Ihre Leistungsdaten werden in bestimmten Systemen gespeichert.<\/p>\n<p>Aus diesem Grund ist KI f\u00fcr das Leistungsmanagement kein Plug-and-Play-System. Sie muss an Ihren tats\u00e4chlichen Prozess angepasst werden. Ihre tats\u00e4chlichen Daten. Ihre tats\u00e4chliche Kultur.<\/p>\n\n\n<hr class=\"wp-block-separator has-alpha-channel-opacity\"\/>\n\n\n\n<h3 class=\"wp-block-heading\">Die Quintessenz<\/h3>\n\n\n<p>Leistungsmanagement sollte den Menschen helfen, sich zu verbessern. Stattdessen ist es zu einer administrativen Belastung geworden, die jeder f\u00fcrchtet.<\/p>\n<p>KI ersetzt nicht das menschliche Element des Leistungsmanagements. Sie nimmt den Menschen die l\u00e4stigen Aufgaben ab, damit sie sich auf das konzentrieren k\u00f6nnen, was wirklich wichtig ist: den Menschen zu helfen, sich zu entwickeln und erfolgreich zu sein.<\/p>\n<p>Das Ergebnis: Die Manager verbringen weniger Zeit mit Papierkram und mehr Zeit mit Coaching. Die Personalabteilung erkennt Probleme, bevor sie zu Krisen werden. Die Mitarbeiter erhalten ein klareres Feedback und k\u00f6nnen sich besser entwickeln. Das Unternehmen trifft kl\u00fcgere Personalentscheidungen.<\/p>\n<p>Das ist kein Hype. Das ist es, was KI f\u00fcr das Leistungsmanagement leistet, wenn sie richtig eingesetzt wird.<\/p>\n\n\n<hr class=\"wp-block-separator has-alpha-channel-opacity\"\/>\n\n\n\n<h3 class=\"wp-block-heading\">Sind Sie bereit, das Leistungsmanagement wirklich n\u00fctzlich zu machen?<\/h3>\n\n\n<p>Wir verkaufen keine generische Leistungsmanagement-KI. Wir schauen uns Ihren spezifischen Prozess an. Ihre Feedback-Mechanismen. Ihre Datensysteme. Ihre Bed\u00fcrfnisse.<\/p>\n<p>Dann entwickeln wir eine KI, die zu Ihrem tats\u00e4chlichen Leistungsmanagement passt. Nicht irgendein idealisierter Prozess - Ihr tats\u00e4chlicher Prozess.<\/p>\n<p>Kein Hype. Kein \u00dcberangebot. Nur praktische KI, die das Leistungsmanagement weniger schmerzhaft und effektiver macht.<\/p>\n\n<p><a href=\"https:\/\/www.leaplytics.de\/de\/kontakt\/\">Lassen Sie uns \u00fcber Ihre Herausforderungen im Leistungsmanagement sprechen<\/a><\/p>\n\n<p><a href=\"https:\/\/www.leaplytics.de\/de\/humanressourcen-ki\/\">Zur\u00fcck zu HR AI-L\u00f6sungen<\/a><\/p>","protected":false},"excerpt":{"rendered":"<p>KI f\u00fcr Leistungsmanagement und Analytik: Probleme erkennen, bevor sie zu Krisen werden Leistungs\u00fcberpr\u00fcfungen finden ein- oder zweimal im Jahr statt. Zu diesem Zeitpunkt haben sich die Probleme bereits seit Monaten verfestigt. Gute Mitarbeiter haben bereits einen Fu\u00df in der T\u00fcr. Qualifikationsdefizite verz\u00f6gern Projekte schon seit Quartalen. Das Beurteilungsverfahren selbst ist schmerzhaft. Sammeln Sie Feedback von ... <\/p>","protected":false},"author":2,"featured_media":0,"parent":0,"menu_order":0,"comment_status":"closed","ping_status":"closed","template":"","meta":{"footnotes":""},"class_list":["post-14443","page","type-page","status-publish","hentry","latest_post"],"_links":{"self":[{"href":"https:\/\/www.leaplytics.de\/de\/wp-json\/wp\/v2\/pages\/14443","targetHints":{"allow":["GET"]}}],"collection":[{"href":"https:\/\/www.leaplytics.de\/de\/wp-json\/wp\/v2\/pages"}],"about":[{"href":"https:\/\/www.leaplytics.de\/de\/wp-json\/wp\/v2\/types\/page"}],"author":[{"embeddable":true,"href":"https:\/\/www.leaplytics.de\/de\/wp-json\/wp\/v2\/users\/2"}],"replies":[{"embeddable":true,"href":"https:\/\/www.leaplytics.de\/de\/wp-json\/wp\/v2\/comments?post=14443"}],"version-history":[{"count":1,"href":"https:\/\/www.leaplytics.de\/de\/wp-json\/wp\/v2\/pages\/14443\/revisions"}],"predecessor-version":[{"id":14446,"href":"https:\/\/www.leaplytics.de\/de\/wp-json\/wp\/v2\/pages\/14443\/revisions\/14446"}],"wp:attachment":[{"href":"https:\/\/www.leaplytics.de\/de\/wp-json\/wp\/v2\/media?parent=14443"}],"curies":[{"name":"wp","href":"https:\/\/api.w.org\/{rel}","templated":true}]}}