{"id":14493,"date":"2025-12-19T01:59:35","date_gmt":"2025-12-19T00:59:35","guid":{"rendered":"https:\/\/www.leaplytics.de\/?page_id=14493"},"modified":"2025-12-19T01:59:36","modified_gmt":"2025-12-19T00:59:36","slug":"ki-fur-die-bestandsverwaltung-in-der-lieferkette","status":"publish","type":"page","link":"https:\/\/www.leaplytics.de\/de\/ki-fur-die-bestandsverwaltung-in-der-lieferkette\/","title":{"rendered":"Lieferketten- und Bestandsmanagement AI"},"content":{"rendered":"<h2>KI f\u00fcr Lieferkette und Bestandsmanagement<\/h2>\n\n<p>Ihr Bestand ist entweder zu hoch oder zu niedrig. Niemals genau richtig.<\/p>\n<p>Zu viele Best\u00e4nde? Bargeld ist in den Regalen gefangen. Lagerkosten fressen den Gewinn auf. Produkte veralten, bevor sie verkauft werden.<\/p>\n<p>Zu wenig? Lieferengp\u00e4sse. Verlorene Verk\u00e4ufe. Ver\u00e4rgerte Kunden. Eilauftr\u00e4ge zu H\u00f6chstpreisen.<\/p>\n<p>Und in der Zwischenzeit versuchen Sie, die Nachfrage vorherzusagen, die Sendungen mehrerer Lieferanten zu verfolgen und herauszufinden, wann Sie nachbestellen m\u00fcssen - und das alles, w\u00e4hrend sich der Markt st\u00e4ndig \u00e4ndert.<\/p>\n<p>KI kann Ihre Lieferkette nicht perfekt machen. Aber sie kann Ihre Entscheidungen besser machen. Sie \u00fcberwacht alles auf einmal. Sie erkennt Muster in Ihren historischen Daten. Sie warnt Sie vor Problemen, bevor sie zu Krisen werden.<\/p>\n<p>Es geht nicht darum, Ihr Lieferketten-Team zu ersetzen. Es geht darum, ihnen Transparenz und bessere Vorhersagen zu erm\u00f6glichen, damit sie ihre Arbeit effektiver erledigen k\u00f6nnen.<\/p>\n\n\n<hr class=\"wp-block-separator has-alpha-channel-opacity\"\/>\n\n\n\n<h3 class=\"wp-block-heading\">Das wahre Problem bei der Bestandsverwaltung<\/h3>\n\n\n<p>Jede SKU ist anders. Manche bewegen sich schnell. Einige bewegen sich langsam. Manche sind saisonabh\u00e4ngig. Manche folgen Trends, die niemand vorhergesehen hat.<\/p>\n<p>Ihre Planer versuchen, das alles unter einen Hut zu bringen. Sie schauen sich die Zahlen des letzten Jahres an. Sie ber\u00fccksichtigen das Wachstum. Sie ber\u00fccksichtigen Werbeaktionen. Sie gleichen bekannte Ereignisse aus.<\/p>\n<p>Aber es gibt zu viele Variablen. Zu viele SKUs. Zu viele Was-w\u00e4re-wenn-F\u00e4lle. Die Tabellenkalkulation kann nur eine bestimmte Menge abbilden.<\/p>\n<p>Das Ergebnis? Sie bestellen zu viel von dem, was sich nicht verkaufen l\u00e4sst. Zu wenig von dem, was die Kunden wollen. Ihr Cashflow leidet in beide Richtungen.<\/p>\n<p>Und die Lieferanten sind nicht hilfreich. Unterschiedliche Lieferzeiten. Qualit\u00e4tsprobleme, die Nachbestellungen erzwingen. Sendungen, die ohne Vorwarnung versp\u00e4tet eintreffen.<\/p>\n<p>Ihr Team verbringt die H\u00e4lfte seiner Zeit damit, den Stand der Dinge zu verfolgen, anstatt zu planen, was als N\u00e4chstes kommt.<\/p>\n\n\n<hr class=\"wp-block-separator has-alpha-channel-opacity\"\/>\n\n\n\n<h3 class=\"wp-block-heading\">Was KI f\u00fcr die Lieferkette und die Lagerhaltung bedeutet<\/h3>\n\n\n<p>KI ist Mustererkennung in gro\u00dfem Ma\u00dfstab. Ihre Lieferkette erzeugt Unmengen von Daten. KI findet die Muster, die Menschen nicht sehen k\u00f6nnen - oder keine Zeit haben, danach zu suchen.<\/p>\n\n\n<h4 class=\"wp-block-heading\">Nachfrageprognose, die tats\u00e4chlich funktioniert<\/h4>\n\n\n<p>AI pr\u00fcft Ihre historischen Verkaufsdaten. Nicht nur das letzte Jahr, sondern mehrere Jahre. Sie identifiziert:<\/p>\n<ul>\n<li>Saisonale Muster (monatliche, w\u00f6chentliche, sogar t\u00e4gliche Zyklen)<\/li>\n<li>Wachstumstrends und wie sie sich ver\u00e4ndern<\/li>\n<li>Die Auswirkungen von Werbeaktionen und Preis\u00e4nderungen<\/li>\n<li>Wie externe Faktoren (Wetter, Ereignisse, Marktbedingungen) die Nachfrage beeinflussen<\/li>\n<li>Korrelationen zwischen Produkten (was sich zusammen verkauft)<\/li>\n<\/ul>\n\n<p>Dann wird eine Prognose erstellt. Nicht perfekt - nichts ist perfekt - aber genauer als manuelle Methoden.<\/p>\n<p>Noch wichtiger ist, dass sie st\u00e4ndig aktualisiert wird, sobald neue Daten eingehen. Die tats\u00e4chlichen Verk\u00e4ufe des letzten Monats? Sind bereits ber\u00fccksichtigt. Marktverschiebung erkannt? Die Vorhersage wird angepasst.<\/p>\n<p>Ihre Planer erhalten bessere Ausgangszahlen. Sie wenden immer noch Urteilsverm\u00f6gen an. Sie passen sich immer noch an Dinge an, die die KI nicht wissen kann. Aber sie fangen nicht jedes Mal bei Null an.<\/p>\n\n\n<h4 class=\"wp-block-heading\">Realit\u00e4tsnahe Bestandsoptimierung<\/h4>\n\n\n<p>Jede SKU muss anders behandelt werden. Schnelldreher brauchen Verf\u00fcgbarkeit. Langsamdreher brauchen eine strenge Kontrolle. Kritische Artikel ben\u00f6tigen einen Sicherheitsbestand. Bei Artikeln mit geringem Wert besteht die Gefahr von Fehlbest\u00e4nden.<\/p>\n<p>KI berechnet die optimalen Lagerbest\u00e4nde f\u00fcr jede SKU auf der Grundlage von:<\/p>\n<ul>\n<li>Nachfragemuster und Variabilit\u00e4t<\/li>\n<li>Vorlaufzeiten der Lieferanten (tats\u00e4chlich, nicht versprochen)<\/li>\n<li>Auftragskosten versus Haltekosten<\/li>\n<li>Service-Level-Ziele (wie viel Ausfallrisiko ist akzeptabel)<\/li>\n<li>Lagerungsbeschr\u00e4nkungen und -kosten<\/li>\n<\/ul>\n\n<p>Es empfiehlt Bestellpunkte und Bestellmengen. Nicht f\u00fcr alles das Gleiche - f\u00fcr jeden Artikel wird die spezifische Situation angepasst.<\/p>\n<p>Das Ergebnis? Weniger Gesamtbestand. Weniger Fehlbest\u00e4nde. Besserer Cashflow. Die Dinge, die die Kunden wirklich wollen, sind auf Lager.<\/p>\n\n\n<h4 class=\"wp-block-heading\">Sendungsverfolgung, die niemals schl\u00e4ft<\/h4>\n\n\n<p>Wie viele Lieferanten haben Sie? Wie viele Sendungen sind gerade unterwegs? Wer beh\u00e4lt den \u00dcberblick?<\/p>\n<p>AI \u00fcberwacht all das. Sie verbindet sich mit Speditionssystemen, Lieferantenportalen, Ihrem ERP. Sie wei\u00df es:<\/p>\n<ul>\n<li>Was bestellt wurde und was erwartet wird<\/li>\n<li>Wo jede Sendung gerade ist<\/li>\n<li>Ob p\u00fcnktlich oder versp\u00e4tet<\/li>\n<li>Wann es tats\u00e4chlich eintreffen wird (nicht die urspr\u00fcngliche Sch\u00e4tzung)<\/li>\n<\/ul>\n\n<p>Wenn sich etwas versp\u00e4tet, wei\u00df man das sofort. Nicht, wenn es nicht auftaucht - wenn es zum ersten Mal aus dem Ruder l\u00e4uft.<\/p>\n<p>Ihre Planer k\u00f6nnen sich darauf einstellen. Einen Ersatzauftrag beschleunigen. die Produktion warnen. Kunden warnen. Was auch immer getan werden muss, sie haben Zeit daf\u00fcr.<\/p>\n\n\n<h4 class=\"wp-block-heading\">Analyse der Lieferantenleistung<\/h4>\n\n\n<p>Welche Anbieter sind zuverl\u00e4ssig? Welche sagen 4 Wochen, meinen aber 6? Bei welchen gibt es Qualit\u00e4tsprobleme?<\/p>\n<p>Ihr Team wei\u00df es anekdotisch. KI wei\u00df es statistisch. Sie verfolgt:<\/p>\n<ul>\n<li>Liefertermintreue nach Lieferanten<\/li>\n<li>Variabilit\u00e4t der Durchlaufzeit (Durchschnitt ist gut, aber Konsistenz ist wichtiger)<\/li>\n<li>Qualit\u00e4t der Ausschussquote<\/li>\n<li>Reaktionszeit bei Problemen<\/li>\n<li>Preisliche Wettbewerbsf\u00e4higkeit im Zeitverlauf<\/li>\n<\/ul>\n\n<p>Wenn Sie Lieferanten ausw\u00e4hlen oder Vertr\u00e4ge aushandeln, haben Sie echte Daten. Keine Gef\u00fchle, sondern Fakten.<\/p>\n<p>Und wenn ein Lieferant ins Schleudern ger\u00e4t (Termintreue sinkt, Qualit\u00e4tsprobleme nehmen zu), erkennen Sie das fr\u00fchzeitig. Es ist Zeit, ein Gespr\u00e4ch zu f\u00fchren, bevor es zu einer Krise wird.<\/p>\n\n\n<h4 class=\"wp-block-heading\">Erkennung von Risiken in der Lieferkette<\/h4>\n\n\n<p>Lieferketten brechen zusammen. Zulieferer werden arbeitslos. Versandrouten werden unterbrochen. Komponenten sind nicht mehr verf\u00fcgbar. Die Preise schnellen in die H\u00f6he.<\/p>\n<p>KI kann diese Dinge nicht verhindern. Aber sie kann Sie warnen:<\/p>\n<ul>\n<li>Abh\u00e4ngigkeiten von einer einzigen Quelle (Sie sind von einem einzigen Lieferanten abh\u00e4ngig und haben keine Unterst\u00fctzung)<\/li>\n<li>Artikel mit langer Vorlaufzeit und ohne Sicherheitsbestand<\/li>\n<li>Lieferanten, die Fr\u00fchwarnsignale zeigen (Lieferverz\u00f6gerungen, nachlassende Qualit\u00e4t)<\/li>\n<li>Geografische Konzentrationsrisiken (alle Lieferanten in einer Region)<\/li>\n<li>Nachfragemuster, die darauf hindeuten, dass Sie mehr Kapazit\u00e4t ben\u00f6tigen, als Sie haben<\/li>\n<\/ul>\n\n<p>Ihr Lieferkettenteam kann handeln, bevor die Krise eintritt. Suchen Sie nach alternativen Lieferanten. Bauen Sie Sicherheitsbest\u00e4nde f\u00fcr kritische Artikel auf. Backup-Vereinbarungen aushandeln.<\/p>\n\n\n<h4 class=\"wp-block-heading\">Automatisierte Nachbestellungsempfehlungen<\/h4>\n\n\n<p>Die KI schaut sich jeden Tag um:<\/p>\n<ul>\n<li>Aktuelle Lagerbest\u00e4nde<\/li>\n<li>Auftragseingang und Bedarfsprognose<\/li>\n<li>Vorlaufzeiten der Lieferanten<\/li>\n<li>Offene Bestellungen und erwartete Eing\u00e4nge<\/li>\n<li>Bestellpunkte und optimale Bestellmengen<\/li>\n<\/ul>\n\n<p>Dann schl\u00e4gt es vor, was zu bestellen ist. Ihre Planer pr\u00fcfen. Sie nehmen Anpassungen auf der Grundlage von Dingen vor, die die KI nicht kennt (Kapazit\u00e4tsengp\u00e4sse bei Lieferanten, bevorstehende Werbeaktionen, strategische Entscheidungen).<\/p>\n<p>Aber die eigentliche Arbeit ist getan. Die Berechnungen sind abgeschlossen. Sie treffen Entscheidungen und sammeln keine Daten.<\/p>\n\n\n<hr class=\"wp-block-separator has-alpha-channel-opacity\"\/>\n\n\n\n<h3 class=\"wp-block-heading\">Was das f\u00fcr Sie bedeutet<\/h3>\n\n\n\n<h4 class=\"wp-block-heading\">F\u00fcr COOs und operative F\u00fchrungskr\u00e4fte<\/h4>\n\n\n<p><strong>Niedrigere Lagerhaltungskosten.<\/strong> Sie raten nicht, Sie berechnen die optimalen Werte. Weniger \u00dcberschuss. Weniger \u00dcberalterung. Freiwerdendes Geld f\u00fcr bessere Zwecke.<\/p>\n\n<p><strong>Weniger Lieferengp\u00e4sse und Auftragsr\u00fcckst\u00e4nde.<\/strong> Bessere Prognosen und optimierte Sicherheitsbest\u00e4nde bedeuten, dass die richtigen Produkte verf\u00fcgbar sind, wenn die Kunden sie brauchen.<\/p>\n\n<p><strong>Verbesserter Cashflow.<\/strong> Vorr\u00e4te sind teuer. Eine geringere Lagerhaltung (bei gleichzeitiger Deckung der Nachfrage) verbessert unmittelbar das Betriebskapital.<\/p>\n\n<p><strong>Transparenz der Lieferkette.<\/strong> Sie wissen, was ansteht, was sich verz\u00f6gert und was gef\u00e4hrdet ist. Nicht durch manuelle Pr\u00fcfung, sondern automatisch.<\/p>\n\n<p><strong>Bessere Lieferantenbeziehungen.<\/strong> Leistungsdaten helfen Ihnen, konstruktive Gespr\u00e4che zu f\u00fchren. Belohnen Sie gute Lieferanten mit mehr Auftr\u00e4gen. Sprechen Sie Probleme mit Leistungstr\u00e4gern anhand von Fakten an.<\/p>\n\n\n<h4 class=\"wp-block-heading\">F\u00fcr Manager der Lieferkette und der Lagerhaltung<\/h4>\n\n\n<p><strong>Verfolgen Sie Sendungen nicht mehr manuell.<\/strong> Die KI \u00fcberwacht alles. Sie sehen Ausnahmen, die beachtet werden m\u00fcssen, keine Routine-Updates.<\/p>\n\n<p><strong>Bessere Prognosen als Grundlage f\u00fcr die Arbeit.<\/strong> Man wendet immer noch ein Urteilsverm\u00f6gen an, aber man verfeinert gute Vorhersagen und beginnt nicht mit leeren Tabellenkalkulationen.<\/p>\n\n<p><strong>Datengesteuerte Bestandsentscheidungen.<\/strong> Kein Bauchgef\u00fchl mehr bei Meldebest\u00e4nden. Berechnungen auf der Grundlage der tats\u00e4chlichen Bedarfsschwankungen und Vorlaufzeiten.<\/p>\n\n<p><strong>Fr\u00fchzeitige Warnung vor Problemen.<\/strong> Rutscht der Lieferant ab? Steht eine Nachfragespitze bevor? Steigendes Stockout-Risiko? Sie wissen es, bevor es zu einer Feuerwehr\u00fcbung kommt.<\/p>\n\n<p><strong>Zeit f\u00fcr strategische Arbeit.<\/strong> Weniger Zeit f\u00fcr das Sammeln von Daten und das Erstellen von Tabellenkalkulationen. Mehr Zeit f\u00fcr Lieferantenbeziehungen, Prozessverbesserung und Kapazit\u00e4tsplanung.<\/p>\n\n\n<h4 class=\"wp-block-heading\">F\u00fcr das Unternehmen<\/h4>\n\n\n<p><strong>Produkte sind verf\u00fcgbar, wenn die Kunden sie w\u00fcnschen.<\/strong> H\u00f6heres Serviceniveau ohne aufgebl\u00e4hte Best\u00e4nde.<\/p>\n\n<p><strong>Niedrigere Betriebskosten.<\/strong> Weniger Eilversand. Weniger Notfallbestellungen zu H\u00f6chstpreisen. Bessere Ausnutzung der Lagerfl\u00e4che.<\/p>\n\n<p><strong>Widerstandsf\u00e4hige Lieferkette.<\/strong> Sie erkennen Risiken fr\u00fchzeitig und haben Zeit, sie zu planen.<\/p>\n\n<p><strong>Skalierbarkeit.<\/strong> Hinzuf\u00fcgen von SKUs? Standorte er\u00f6ffnen? Die KI skaliert mit Ihnen. Ihr Team muss sich nicht vervielfachen, um Schritt zu halten.<\/p>\n\n\n<hr class=\"wp-block-separator has-alpha-channel-opacity\"\/>\n\n\n\n<h3 class=\"wp-block-heading\">Was AI nicht leisten kann<\/h3>\n\n\n<p>KI ist keine Zauberei. Hier ist, was sie nicht tun wird:<\/p>\n\n<p><strong>Beheben Sie schlechte Lieferantenbeziehungen.<\/strong> KI sagt Ihnen, welche Lieferanten unzuverl\u00e4ssig sind. Sie verhandelt nicht \u00fcber bessere Bedingungen oder entwickelt Alternativen. Daf\u00fcr ist immer noch Ihr Team zust\u00e4ndig.<\/p>\n\n<p><strong>Umgang mit noch nie dagewesenen Situationen.<\/strong> KI lernt aus der Geschichte. Wenn etwas wirklich Neues passiert (Pandemie, gro\u00dfe St\u00f6rung, neue Produktkategorie), ist das menschliche Urteilsverm\u00f6gen wichtiger.<\/p>\n\n<p><strong>Strategische Abw\u00e4gungen treffen.<\/strong> Dieses Produkt auf Vorrat kaufen, um Bargeld zu sparen? Luftfracht, um eine Kundenbeziehung zu retten? Diese Entscheidungen erfordern einen menschlichen Kontext, den die KI nicht hat.<\/p>\n\n<p><strong>Ersetzen Sie Fachleute der Lieferkette.<\/strong> Die KI \u00fcbernimmt die \u00dcberwachung, Verfolgung und Berechnung. Ihr Team \u00fcbernimmt weiterhin die Planung, Verhandlung, Probleml\u00f6sung und Entscheidungsfindung.<\/p>\n\n<p>Stellen Sie sich KI als einen wirklich guten Analysten vor, der niemals schl\u00e4ft. Sie beobachtet alles, rechnet Zahlen aus und pr\u00e4sentiert Optionen. Ihr Team trifft die Entscheidungen.<\/p>\n\n\n<hr class=\"wp-block-separator has-alpha-channel-opacity\"\/>\n\n\n\n<h3 class=\"wp-block-heading\">Erste Schritte<\/h3>\n\n\n<p>Sie brauchen nicht alles auf einmal zu automatisieren. Fangen Sie dort an, wo der Schmerz am gr\u00f6\u00dften ist:<\/p>\n\n<p><strong>Option 1: Beginnen Sie mit der Nachfrageprognose.<\/strong> Bessere Vorhersagen verbessern alle nachgelagerten Prozesse. Relativ einfach zu implementieren, wenn Sie \u00fcber historische Verkaufsdaten verf\u00fcgen.<\/p>\n\n<p><strong>Option 2: Beginnen Sie mit der Lieferantenverfolgung.<\/strong> Wenn versp\u00e4tete Lieferungen Ihr Problem sind, sollten Sie dort ansetzen. Schnelle Erfolge und sofortige Sichtbarkeit.<\/p>\n\n<p><strong>Option 3: Beginnen Sie mit Langsamdrehern.<\/strong> Hohe Lagerkosten f\u00fcr Artikel, die sich nicht verkaufen? Optimieren Sie diese zuerst. Schnelldreher sind vielleicht gut so, wie sie sind.<\/p>\n\n<p>Der Schl\u00fcssel liegt darin, ein Problem auszuw\u00e4hlen, es gut zu l\u00f6sen, seinen Wert zu beweisen und dann zu expandieren. Nicht zu versuchen, alles \u00fcber Nacht zu ver\u00e4ndern.<\/p>\n\n\n<hr class=\"wp-block-separator has-alpha-channel-opacity\"\/>\n\n\n\n<h3 class=\"wp-block-heading\">Die Quintessenz<\/h3>\n\n\n<p>Beim Lieferketten- und Bestandsmanagement geht es darum, mit unvollkommenen Informationen gute Entscheidungen zu treffen. KI macht die Informationen nicht perfekt, aber sie macht sie viel besser.<\/p>\n\n<p>Bessere Prognosen. Optimierte Lagerbest\u00e4nde. Vollst\u00e4ndige Transparenz der Sendungen. Fr\u00fchzeitige Warnungen bei Lieferantenproblemen. Empfehlungen, die auf Daten und nicht auf dem Bauchgef\u00fchl basieren.<\/p>\n\n<p>Ihr Lieferkettenteam trifft schneller bessere Entscheidungen. Weniger Zeit f\u00fcr die Nachverfolgung. Mehr Zeit f\u00fcr die Planung. Niedrigere Kosten und besserer Service zur gleichen Zeit.<\/p>\n\n<p>Das ist es, was KI f\u00fcr die Lieferkette tats\u00e4chlich leistet. Keine Magie - nur bessere Informationen und bessere Werkzeuge f\u00fcr die Menschen, die die Arbeit erledigen.<\/p>\n\n\n<hr class=\"wp-block-separator has-alpha-channel-opacity\"\/>\n\n\n\n<h3 class=\"wp-block-heading\">Sind Sie bereit, Ihre Lieferkette zu verbessern?<\/h3>\n\n\n<p>Jede Lieferkette ist anders. Ihre SKUs, Lieferanten, Kunden und Beschr\u00e4nkungen sind einzigartig f\u00fcr Ihr Unternehmen.<\/p>\n\n<p>Wir verkaufen keine generischen L\u00f6sungen. Wir gehen auf Ihre spezifische Situation ein. Wo gibt es die gr\u00f6\u00dften Probleme? Wo kann KI tats\u00e4chlich helfen? Was ist angesichts Ihrer Daten und Systeme realistisch?<\/p>\n\n<p>Dann bauen wir etwas, das zu Ihrer Arbeitsweise passt. Kein Hype. Kein \u00dcberangebot. Nur praktische Tools, die Ihre Lieferkette effektiver machen.<\/p>\n\n<p><a href=\"https:\/\/www.leaplytics.de\/de\/kontakt\/\">Sprechen Sie mit uns \u00fcber Ihre Lieferkette<\/a><\/p>\n\n<p><a href=\"https:\/\/www.leaplytics.de\/de\/betrieb-ki\/\">Zur\u00fcck zu Operationen AI<\/a><\/p>","protected":false},"excerpt":{"rendered":"<p>AI for Supply Chain &#038; Inventory Management Your inventory is either too high or too low. Never just right. Too much inventory? Cash trapped on shelves. Storage costs eating profit. Products aging out before they sell. Too little? Stockouts. Lost sales. Angry customers. Rush orders at premium prices. And meanwhile, you&#8217;re trying to predict demand, &hellip; <\/p>","protected":false},"author":2,"featured_media":0,"parent":0,"menu_order":0,"comment_status":"closed","ping_status":"closed","template":"","meta":{"footnotes":""},"class_list":["post-14493","page","type-page","status-publish","hentry","latest_post"],"_links":{"self":[{"href":"https:\/\/www.leaplytics.de\/de\/wp-json\/wp\/v2\/pages\/14493","targetHints":{"allow":["GET"]}}],"collection":[{"href":"https:\/\/www.leaplytics.de\/de\/wp-json\/wp\/v2\/pages"}],"about":[{"href":"https:\/\/www.leaplytics.de\/de\/wp-json\/wp\/v2\/types\/page"}],"author":[{"embeddable":true,"href":"https:\/\/www.leaplytics.de\/de\/wp-json\/wp\/v2\/users\/2"}],"replies":[{"embeddable":true,"href":"https:\/\/www.leaplytics.de\/de\/wp-json\/wp\/v2\/comments?post=14493"}],"version-history":[{"count":1,"href":"https:\/\/www.leaplytics.de\/de\/wp-json\/wp\/v2\/pages\/14493\/revisions"}],"predecessor-version":[{"id":14507,"href":"https:\/\/www.leaplytics.de\/de\/wp-json\/wp\/v2\/pages\/14493\/revisions\/14507"}],"wp:attachment":[{"href":"https:\/\/www.leaplytics.de\/de\/wp-json\/wp\/v2\/media?parent=14493"}],"curies":[{"name":"wp","href":"https:\/\/api.w.org\/{rel}","templated":true}]}}