{"id":14495,"date":"2025-12-19T01:58:56","date_gmt":"2025-12-19T00:58:56","guid":{"rendered":"https:\/\/www.leaplytics.de\/?page_id=14495"},"modified":"2025-12-19T01:58:57","modified_gmt":"2025-12-19T00:58:57","slug":"prozessautomatisierung-workflow-ki","status":"publish","type":"page","link":"https:\/\/www.leaplytics.de\/de\/prozessautomatisierung-workflow-ki\/","title":{"rendered":"Prozessautomatisierung &amp; Workflow AI"},"content":{"rendered":"<h2>KI f\u00fcr Prozessautomatisierung und Workflow<\/h2>\n\n<p>Der Betrieb l\u00e4uft \u00fcber Prozesse. Bestellung bis Erf\u00fcllung. Anfrage bis zur L\u00f6sung. Aufgabe bis zum Abschluss. Alles folgt Schritten.<\/p>\n<p>Wenn Prozesse reibungslos funktionieren, flie\u00dfen die Dinge. Wenn das nicht der Fall ist, bleibt alles stecken. Aufgaben stapeln sich. \u00dcbergaben scheitern. Die Mitarbeiter verschwenden Zeit mit Fragen wie \"Wo ist das?\" und \"Wer hat das?\".<\/p>\n<p>Die meisten Prozessprobleme sind nicht darauf zur\u00fcckzuf\u00fchren, dass die Menschen sich nicht k\u00fcmmern. Sie liegen daran, dass die Prozesse manuell sind. Jemand muss dies weiterleiten. Jemand muss das genehmigen. Jemand muss \u00fcberpr\u00fcfen, ob der vorherige Schritt abgeschlossen wurde.<\/p>\n<p>KI kann die Routinearbeiten automatisieren. Sie ersetzt nicht das menschliche Urteilsverm\u00f6gen, sondern \u00fcbernimmt nur die regelbasierte Arbeit, die es nicht braucht.<\/p>\n<p>Ihr Team h\u00f6rt auf, Prozesse zu verfolgen und beginnt, Probleme zu l\u00f6sen.<\/p>\n\n\n<hr class=\"wp-block-separator has-alpha-channel-opacity\"\/>\n\n\n\n<h3 class=\"wp-block-heading\">Warum manuelle Prozesse scheitern<\/h3>\n\n\n<p>Sie haben SOPs. Dokumentierte Verfahren. Klare Schritte, wie die Dinge funktionieren sollen.<\/p>\n<p>Die Ausf\u00fchrung erfolgt jedoch manuell. Jemand erh\u00e4lt ein Ersuchen. Sie \u00fcberlegen, wer sie bearbeiten soll. Sie schicken sie weiter. Sie stellen sicher, dass die Erledigung erfolgt.<\/p>\n<p>Wenn das Volumen gering ist, funktioniert dies. Wenn das Volumen hoch ist, fallen die Dinge durch die Maschen:<\/p>\n<ul>\n<li>Aufgaben werden an das falsche Team weitergeleitet<\/li>\n<li>Genehmigungen, die im Posteingang eines nicht im B\u00fcro befindlichen Mitarbeiters warten<\/li>\n<li>\u00dcbersprungene Schritte, weil niemand den Abschluss \u00fcberpr\u00fcft hat<\/li>\n<li>Ausnahmen werden zu sp\u00e4t erkannt<\/li>\n<li>Niemand wei\u00df, wo sich etwas im Prozess befindet<\/li>\n<\/ul>\n\n<p>Ihr Team verbringt mehr Zeit mit der Koordinierung als mit der Durchf\u00fchrung. Besprechungen zur Statusverfolgung. E-Mails zur Verfolgung von Aktualisierungen. Eskalationen, weil etwas h\u00e4ngen geblieben ist.<\/p>\n<p>Nicht, weil die Menschen schlecht in ihrem Job sind. Weil manuelle Koordination nicht skalierbar ist.<\/p>\n\n\n<hr class=\"wp-block-separator has-alpha-channel-opacity\"\/>\n\n\n\n<h3 class=\"wp-block-heading\">Was KI f\u00fcr die Prozessautomatisierung leistet<\/h3>\n\n\n<p>KI \u00fcbernimmt die routinem\u00e4\u00dfige Entscheidungsfindung in Ihren Prozessen. Sie wendet Regeln sofort an. Sie leitet die Arbeit korrekt weiter. Sie \u00fcberwacht den Fortschritt. Sie f\u00e4ngt Ausnahmen ab.<\/p>\n<p>Ihr Team konzentriert sich auf die eigentliche Arbeit und nicht auf die Koordinierung drum herum.<\/p>\n\n\n<h4 class=\"wp-block-heading\">Intelligente Weiterleitung von Aufgaben<\/h4>\n\n\n<p>Ein neuer Auftrag geht ein. Wohin kommt sie? In welches Lager? Welches Team? Das h\u00e4ngt von Standort, Produkttyp, Lagerbestand und Teamkapazit\u00e4t ab.<\/p>\n<p>Manuell muss sich jemand all das ansehen und entscheiden. Mit KI geschieht das sofort:<\/p>\n<ul>\n<li>Analysiert die Details der Anfrage<\/li>\n<li>\u00dcberpr\u00fcft die aktuelle Arbeitsbelastung der Teams<\/li>\n<li>Ber\u00fccksichtigt die erforderlichen F\u00e4higkeiten und Zertifizierungen<\/li>\n<li>Standortfaktoren und Logistik<\/li>\n<li>Wege zum optimalen Team<\/li>\n<\/ul>\n\n<p>Nicht nur schneller, sondern auch best\u00e4ndiger. Es gilt jedes Mal die gleiche Logik. Es gibt keine Unterschiede, je nachdem, wer die Aufgabe \u00fcbernommen hat.<\/p>\n<p>Sonderf\u00e4lle? Die KI markiert sie f\u00fcr die menschliche Weiterleitung. Aber Routinef\u00e4lle (und das sind die meisten F\u00e4lle) werden automatisch weitergeleitet.<\/p>\n\n\n<h4 class=\"wp-block-heading\">Intelligentes Genehmigungsmanagement<\/h4>\n\n\n<p>Genehmigungen verlangsamen alles. Jeder Kauf muss genehmigt werden. Jede Ausnahme muss abgezeichnet werden. Jede \u00c4nderung muss \u00fcberpr\u00fcft werden.<\/p>\n<p>Aber die meisten sind Routine. Standardanfrage innerhalb der Richtlinie? Sollte automatisch genehmigt werden. Ungew\u00f6hnliche Anfrage au\u00dferhalb der Parameter? Sollte an den richtigen Genehmiger mit vollst\u00e4ndigem Kontext weitergeleitet werden.<\/p>\n<p>AI \u00fcbernimmt die Genehmigungslogik:<\/p>\n<ul>\n<li>Standardantr\u00e4ge innerhalb der Schwellenwerte: automatische Genehmigung mit Pr\u00fcfprotokoll<\/li>\n<li>Zu pr\u00fcfende Antr\u00e4ge: Weiterleitung an die entsprechende Ebene auf der Grundlage von Betrag, Art und Risiko<\/li>\n<li>Komplexe Anfragen: Eskalation mit vollst\u00e4ndigem Kontext und Verlauf<\/li>\n<li>Blockierte Genehmigungen: automatische Eskalation bei zu langer Wartezeit<\/li>\n<\/ul>\n\n<p>Ihre Manager verbringen Zeit mit Entscheidungen, die tats\u00e4chlich beurteilt werden m\u00fcssen. Sie stempeln keine Routineanfragen ab.<\/p>\n<p>Und wenn jemand ausf\u00e4llt? Die k\u00fcnstliche Intelligenz leitet an den Ersatzmann weiter. Keine Anfragen mehr, die auf jemanden warten, der im Urlaub ist.<\/p>\n\n\n<h4 class=\"wp-block-heading\">Prozess\u00fcberwachung in Echtzeit<\/h4>\n\n\n<p>Wo ist alles? Was steckt fest? Wo besteht die Gefahr, dass Fristen vers\u00e4umt werden?<\/p>\n<p>KI verfolgt jede Aufgabe und jeden Schritt. Nicht, indem sie Menschen um Updates bittet, sondern indem sie Systeme automatisch \u00fcberwacht. Sie wei\u00df es:<\/p>\n<ul>\n<li>Was in Arbeit ist und wer daran arbeitet<\/li>\n<li>Was wartet (und wie lange es schon wartet)<\/li>\n<li>Was die Fristen anbelangt<\/li>\n<li>Wo sich die Engp\u00e4sse bilden<\/li>\n<li>Welche Prozesse laufen langsamer als normal?<\/li>\n<\/ul>\n\n<p>Das Dashboard zeigt den Status in Echtzeit an. Keine \"Stand von gestern\"-Berichte, sondern in Echtzeit. Ihre Manager wissen, worauf sie achten m\u00fcssen, ohne Updates hinterherlaufen zu m\u00fcssen.<\/p>\n\n\n<h4 class=\"wp-block-heading\">Ausnahmeerkennung, die tats\u00e4chlich funktioniert<\/h4>\n\n\n<p>Ausnahmen sind teuer. Bei der Bestellung fehlen Informationen. Schritt dauert viel zu lange. Verfahren nicht korrekt befolgt. Wenn es jemandem auff\u00e4llt, ist es bereits ein Problem.<\/p>\n<p>AI f\u00e4ngt Ausnahmen fr\u00fchzeitig auf:<\/p>\n<ul>\n<li><strong>Fehlende Daten:<\/strong> Bestellung ohne Pflichtfelder eingereicht? Sie wird sofort markiert, nicht erst, wenn sie die Abwicklung erreicht.<\/li>\n<li><strong>Prozessabweichungen:<\/strong> Schritte in falscher Reihenfolge erledigt? Checkliste \u00fcbersprungen? AI bemerkt.<\/li>\n<li><strong>Probleme mit dem Timing:<\/strong> Ein Schritt dauert 3x l\u00e4nger als normal? AI warnt, bevor die Frist verstreicht.<\/li>\n<li><strong>Bedenken hinsichtlich der Qualit\u00e4t:<\/strong> Die Fehlerrate steigt bei einem bestimmten Prozess an? Muster fr\u00fchzeitig erkannt.<\/li>\n<li><strong>Compliance-L\u00fccken:<\/strong> Fehlt die erforderliche Dokumentation? Genehmigungsschwelle \u00fcberschritten? Wird automatisch erkannt.<\/li>\n<\/ul>\n\n<p>Ihr Team behandelt Ausnahmen, wenn sie noch klein sind. Bevor sie sich ausbreiten. Bevor Kunden betroffen sind.<\/p>\n\n\n<h4 class=\"wp-block-heading\">Automatisierte Pr\u00fcfung der Einhaltung der Vorschriften<\/h4>\n\n\n<p>Jeder Prozess hat Anforderungen. Die Schritte m\u00fcssen in der richtigen Reihenfolge erfolgen. Die Dokumentation muss vollst\u00e4ndig sein. Genehmigungen m\u00fcssen eingeholt werden. Qualit\u00e4tskontrollen m\u00fcssen durchgef\u00fchrt werden.<\/p>\n<p>All dies manuell zu \u00fcberpr\u00fcfen? Jemand muss pr\u00fcfen. Bestenfalls Stichprobenkontrollen. Einhaltung der Vorschriften durch Hoffnung.<\/p>\n<p>AI pr\u00fcft jede Instanz:<\/p>\n<ul>\n<li>Wurden alle erforderlichen Schritte durchgef\u00fchrt?<\/li>\n<li>Wurde die richtige Reihenfolge eingehalten?<\/li>\n<li>Ist die Dokumentation vollst\u00e4ndig und korrekt?<\/li>\n<li>Wurden die erforderlichen Genehmigungen eingeholt?<\/li>\n<li>Ist aus dem Pr\u00fcfpfad ersichtlich, wer was wann getan hat?<\/li>\n<\/ul>\n\n<p>Nicht konformes Verfahren? Wird sofort bemerkt. Und nicht erst Wochen sp\u00e4ter bei einem Audit festgestellt. Ihre Konformit\u00e4t ist real, nicht erhofft.<\/p>\n\n\n<h4 class=\"wp-block-heading\">Analyse der Prozessleistung<\/h4>\n\n\n<p>Wie lange dauern die Prozesse tats\u00e4chlich? Wo verlangsamen sie sich? Welche Teams sind schneller? Und warum?<\/p>\n<p>KI verfolgt Leistungskennzahlen f\u00fcr alle Ihre Prozesse:<\/p>\n<ul>\n<li>Zykluszeit nach Prozessart<\/li>\n<li>Durchsatz pro Team und pro Person<\/li>\n<li>wo Verz\u00f6gerungen auftreten (welche Schritte, welche \u00dcbergaben)<\/li>\n<li>Fehlerquoten und Nacharbeitsh\u00e4ufigkeit<\/li>\n<li>Variation (Konsistenz ist genauso wichtig wie Geschwindigkeit)<\/li>\n<\/ul>\n\n<p>Sie sehen, wo Sie sich verbessern k\u00f6nnen. Nicht durch Raten, sondern durch Daten. Ist dieses Team konstant schneller? Lernen Sie, was sie anders machen. Dieser Schritt ist durchweg langsam? Untersuchen Sie, warum.<\/p>\n<p>Prozessverbesserung auf der Grundlage von Fakten, nicht von Gef\u00fchlen.<\/p>\n\n\n<hr class=\"wp-block-separator has-alpha-channel-opacity\"\/>\n\n\n\n<h3 class=\"wp-block-heading\">Was das f\u00fcr Sie bedeutet<\/h3>\n\n\n\n<h4 class=\"wp-block-heading\">F\u00fcr COOs und operative F\u00fchrungskr\u00e4fte<\/h4>\n\n\n<p><strong>Konsistente Ausf\u00fchrung an allen Standorten.<\/strong> Es gelten \u00fcberall die gleichen Regeln. Es gibt keine Unterschiede, je nachdem, wer gerade arbeitet oder wie besch\u00e4ftigt er ist.<\/p>\n\n<p><strong>Skalierbare Operationen.<\/strong> Bew\u00e4ltigen Sie das doppelte Volumen ohne die doppelte Anzahl von Mitarbeitern. Der Koordinierungsaufwand vervielfacht sich nicht mit dem Volumen.<\/p>\n\n<p><strong>Bessere Einhaltung von Vorschriften und Pr\u00fcfpfade.<\/strong> Jeder Vorgang wird automatisch dokumentiert. Vollst\u00e4ndiger Pr\u00fcfpfad f\u00fcr jede Transaktion. Compliance durch Design, nicht durch Kontrolle.<\/p>\n\n<p><strong>Sichtbarkeit der Vorg\u00e4nge.<\/strong> Echtzeit-Dashboard mit Informationen zum Geschehen. Sehen Sie, wie sich Engp\u00e4sse bilden, bevor sie zu Krisen werden.<\/p>\n\n<p><strong>Niedrigere Fehlerquoten.<\/strong> Automatisierte Pr\u00fcfung f\u00e4ngt Fehler fr\u00fchzeitig auf. Ausnahmen werden gekennzeichnet, bevor sie Probleme verursachen.<\/p>\n\n\n<h4 class=\"wp-block-heading\">F\u00fcr Betriebsleiter<\/h4>\n\n\n<p><strong>H\u00f6ren Sie auf, Status-Updates zu verfolgen.<\/strong> Das System verfolgt alles. Sie sehen, was Aufmerksamkeit braucht, ohne herumzufragen.<\/p>\n\n<p><strong>Konzentrieren Sie sich auf Ausnahmen, nicht auf Routine.<\/strong> KI k\u00fcmmert sich um den Standard-Workflow. Sie k\u00fcmmern sich um die ungew\u00f6hnlichen F\u00e4lle, die ein Urteil erfordern.<\/p>\n\n<p><strong>Wissen, wo es klemmt.<\/strong> Sie m\u00fcssen nicht darauf warten, dass Teammitglieder eskalieren. Sie sehen es in Echtzeit.<\/p>\n\n<p><strong>Daten f\u00fcr Verbesserungen.<\/strong> Sie wissen, welche Prozesse gut funktionieren und welche verbessert werden m\u00fcssen. Tats\u00e4chliche Zykluszeiten, keine Sch\u00e4tzungen.<\/p>\n\n<p><strong>Gerechte Verteilung der Arbeitslast.<\/strong> Erkennen Sie, wer \u00fcberlastet ist und wer Kapazit\u00e4ten hat. Balancieren Sie die Arbeit auf der Grundlage der Realit\u00e4t.<\/p>\n\n\n<h4 class=\"wp-block-heading\">F\u00fcr Teams, die die Arbeit machen<\/h4>\n\n\n<p><strong>Aufgabenwarteschlange l\u00f6schen.<\/strong> Keine Frage mehr: \"Woran soll ich arbeiten?\" Die Priorit\u00e4ten werden automatisch anhand von Fristen und Wichtigkeit berechnet.<\/p>\n\n<p><strong>Keine Verfolgung mehr.<\/strong> Das System leitet die Arbeit an Sie weiter. Sagt Ihnen, was Sie wissen m\u00fcssen. Eskaliert automatisch, wenn Sie nicht weiterkommen.<\/p>\n\n<p><strong>Weniger Koordinierungsaufwand.<\/strong> Verbringen Sie Ihre Zeit mit der Arbeit, nicht mit der Koordination der Arbeit. Keine Meetings, um den Status zu verfolgen.<\/p>\n\n<p><strong>Schnelle Genehmigungen.<\/strong> Routineangelegenheiten werden automatisch genehmigt. Kein tagelanges Warten, bis jemand seinen Stempel aufdr\u00fcckt.<\/p>\n\n<p><strong>Weniger Brandschutz\u00fcbungen.<\/strong> Ausnahmen werden fr\u00fchzeitig erkannt. Probleme werden erkannt, bevor sie explodieren. Weniger Panik, mehr Planung.<\/p>\n\n\n<hr class=\"wp-block-separator has-alpha-channel-opacity\"\/>\n\n\n\n<h3 class=\"wp-block-heading\">Was AI nicht leisten kann<\/h3>\n\n\n<p>KI automatisiert die regelbasierte Arbeit. Sie ersetzt nicht das Urteilsverm\u00f6gen. Hier ist der Mensch noch gefragt:<\/p>\n\n<p><strong>Umgang mit wirklich ungew\u00f6hnlichen Situationen.<\/strong> KI leitet Standardf\u00e4lle weiter und kennzeichnet Ausnahmen. Aber wirklich seltsame Grenzf\u00e4lle? Die m\u00fcssen von Menschen gel\u00f6st werden.<\/p>\n\n<p><strong>Verhandlungsf\u00fchrung und Beziehungsmanagement.<\/strong> Kunde ver\u00e4rgert \u00fcber eine Verz\u00f6gerung? Der Lieferant braucht eine besondere Behandlung? Das ist menschliche Arbeit.<\/p>\n\n<p><strong>Bessere Prozesse entwerfen.<\/strong> KI verfolgt, wie aktuelle Prozesse funktionieren. Sie neu gestalten, um bessere Ergebnisse zu erzielen? Das ist Sache Ihres Teams.<\/p>\n\n<p><strong>Ermessensentscheidungen treffen.<\/strong> Sollten wir das beschleunigen? Eine Ausnahme machen? Einen Verlust in Kauf nehmen, um eine Beziehung zu erhalten? Computer k\u00f6nnen diese Abw\u00e4gungen nicht treffen.<\/p>\n\n<p><strong>Komplexe Genehmigungen.<\/strong> Einfache Genehmigungen (im Rahmen von $X, innerhalb der Richtlinie) k\u00f6nnen automatisiert werden. Komplexe Entscheidungen (strategische Entscheidungen, erhebliche Ausnahmen, funktions\u00fcbergreifende Auswirkungen) m\u00fcssen von Menschen \u00fcberpr\u00fcft werden.<\/p>\n\n<p>Stellen Sie sich vor, dass die KI die Koordinierungsebene \u00fcbernimmt. Ihr Team \u00fcbernimmt die Denkebene. Sie tun es nur schneller, weil die Routinearbeit erledigt ist.<\/p>\n\n\n<hr class=\"wp-block-separator has-alpha-channel-opacity\"\/>\n\n\n\n<h3 class=\"wp-block-heading\">Erste Schritte in der Prozessautomatisierung<\/h3>\n\n\n<p>Sie k\u00f6nnen nicht alles auf einmal automatisieren. Beginnen Sie mit den Prozessen mit dem h\u00f6chsten Volumen und den meisten Standardisierungen:<\/p>\n\n<p><strong>Gute erste Kandidaten:<\/strong><\/p>\n<ul>\n<li>Weiterleitung und Zuweisung von Auftr\u00e4gen<\/li>\n<li>Standardm\u00e4\u00dfige Genehmigungsabl\u00e4ufe<\/li>\n<li>Antragsannahme und Triage<\/li>\n<li>\u00dcberpr\u00fcfung des Aufgabenabschlusses<\/li>\n<li>Statusbenachrichtigungen und Eskalationen<\/li>\n<\/ul>\n\n<p><strong>Keine gro\u00dfartigen ersten Kandidaten:<\/strong><\/p>\n<ul>\n<li>Hochgradig variable Prozesse mit vielen Ausnahmen<\/li>\n<li>Prozesse, die sich h\u00e4ufig \u00e4ndern<\/li>\n<li>Bereiche, in denen das menschliche Urteilsverm\u00f6gen in jedem Fall entscheidend ist<\/li>\n<li>Prozesse, die noch niemand dokumentiert hat<\/li>\n<\/ul>\n\n<p>Beginnen Sie dort, wo es einen klaren Prozess, ein hohes Volumen und offensichtliche Probleme gibt. Beweisen Sie den Wert. Erweitern Sie dann auf komplexere F\u00e4lle.<\/p>\n\n\n<hr class=\"wp-block-separator has-alpha-channel-opacity\"\/>\n\n\n\n<h3 class=\"wp-block-heading\">Die Quintessenz<\/h3>\n\n\n<p>Die manuelle Prozesskoordination ist nicht skalierbar. Mehr Volumen bedeutet mehr Koordinationsaufwand. Ihr Team vergr\u00e4bt sich in Routing, Tracking und Chasing, anstatt die eigentliche Arbeit zu erledigen.<\/p>\n\n<p>Die KI \u00fcbernimmt die Koordination. Sie leitet die Arbeit korrekt weiter. Sie \u00fcberwacht den Fortschritt. Sie f\u00e4ngt Ausnahmen ab. Sie sorgt f\u00fcr die Einhaltung der Vorschriften. Alles automatisch.<\/p>\n\n<p>Ihr Team arbeitet an der Arbeit selbst. Nicht an Besprechungen \u00fcber die Arbeit. Nicht an E-Mails, die die Arbeit verfolgen. Keine Tabellenkalkulationen zur \u00dcberwachung der Arbeit.<\/p>\n\n<p>Das Ergebnis sind flie\u00dfende Abl\u00e4ufe. Schnellere Zykluszeiten. Weniger Fehler. Bessere Einhaltung der Vorschriften. Und Fachleute tun das, was sie am besten k\u00f6nnen, anstatt sich um Prozesse zu k\u00fcmmern.<\/p>\n\n<p>Das ist es, was die Prozessautomatisierung mit KI tats\u00e4chlich leistet. Keine \"Lichter aus\"-Operationen. Nur weniger Reibung und mehr Konzentration auf das Wesentliche.<\/p>\n\n\n<hr class=\"wp-block-separator has-alpha-channel-opacity\"\/>\n\n\n\n<h3 class=\"wp-block-heading\">Sind Sie bereit, Ihre Arbeitsabl\u00e4ufe zu automatisieren?<\/h3>\n\n\n<p>Jeder Betrieb hat andere Prozesse. Was in Ihrem Unternehmen funktioniert, h\u00e4ngt davon ab, wie Sie heute arbeiten.<\/p>\n\n<p>Wir setzen keine allgemeinen Workflow-Tools ein. Wir schauen uns Ihre spezifischen Prozesse an. Wo ist der Koordinationsaufwand zu hoch? Wo bleiben die Dinge stecken? Was ist angesichts Ihrer Systeme realistisch zu automatisieren?<\/p>\n\n<p>Dann entwickeln wir eine Automatisierung, die zu Ihrem Arbeitsablauf passt. Sie werden nicht gezwungen, Ihre Arbeitsweise zu \u00e4ndern, um sie an die Software anzupassen. Eine Software, die so funktioniert, wie Sie arbeiten.<\/p>\n\n<p><a href=\"https:\/\/www.leaplytics.de\/de\/kontakt\/\">Lassen Sie uns \u00fcber Ihre Prozesse sprechen<\/a><\/p>\n\n<p><a href=\"https:\/\/www.leaplytics.de\/de\/betrieb-ki\/\">Zur\u00fcck zu Operationen AI<\/a><\/p>","protected":false},"excerpt":{"rendered":"<p>AI for Process Automation &#038; Workflow Operations runs on processes. Order to fulfillment. Request to resolution. Task to completion. Everything follows steps. When processes work smoothly, things flow. When they don&#8217;t, everything gets stuck. Tasks pile up. Handoffs fail. People waste time asking &#8220;where is this?&#8221; and &#8220;who has that?&#8221; Most process problems aren&#8217;t because &hellip; <\/p>","protected":false},"author":2,"featured_media":0,"parent":0,"menu_order":0,"comment_status":"closed","ping_status":"closed","template":"","meta":{"footnotes":""},"class_list":["post-14495","page","type-page","status-publish","hentry","latest_post"],"_links":{"self":[{"href":"https:\/\/www.leaplytics.de\/de\/wp-json\/wp\/v2\/pages\/14495","targetHints":{"allow":["GET"]}}],"collection":[{"href":"https:\/\/www.leaplytics.de\/de\/wp-json\/wp\/v2\/pages"}],"about":[{"href":"https:\/\/www.leaplytics.de\/de\/wp-json\/wp\/v2\/types\/page"}],"author":[{"embeddable":true,"href":"https:\/\/www.leaplytics.de\/de\/wp-json\/wp\/v2\/users\/2"}],"replies":[{"embeddable":true,"href":"https:\/\/www.leaplytics.de\/de\/wp-json\/wp\/v2\/comments?post=14495"}],"version-history":[{"count":1,"href":"https:\/\/www.leaplytics.de\/de\/wp-json\/wp\/v2\/pages\/14495\/revisions"}],"predecessor-version":[{"id":14501,"href":"https:\/\/www.leaplytics.de\/de\/wp-json\/wp\/v2\/pages\/14495\/revisions\/14501"}],"wp:attachment":[{"href":"https:\/\/www.leaplytics.de\/de\/wp-json\/wp\/v2\/media?parent=14495"}],"curies":[{"name":"wp","href":"https:\/\/api.w.org\/{rel}","templated":true}]}}