{"id":14497,"date":"2025-12-19T01:59:23","date_gmt":"2025-12-19T00:59:23","guid":{"rendered":"https:\/\/www.leaplytics.de\/?page_id=14497"},"modified":"2025-12-19T01:59:23","modified_gmt":"2025-12-19T00:59:23","slug":"ressourcenplanung-terminplanung-ai","status":"publish","type":"page","link":"https:\/\/www.leaplytics.de\/de\/ressourcenplanung-terminplanung-ai\/","title":{"rendered":"Ressourcenplanung &amp; Terminierung AI"},"content":{"rendered":"<h2>AI f\u00fcr Ressourcenplanung und -einsatz<\/h2>\n\n<p>Terminplanung ist ein R\u00e4tsel. Menschen. Ausr\u00fcstung. Aufgaben. Fristen. Fertigkeiten. Kapazit\u00e4t. Zw\u00e4nge. Jedes Teil muss passen.<\/p>\n<p>Und das R\u00e4tsel \u00e4ndert sich st\u00e4ndig. Jemand meldet sich krank. Die Ausr\u00fcstung f\u00e4llt aus. Ein Eilauftrag kommt herein. Der Kunde \u00e4ndert seine Anforderungen. Neuanfang.<\/p>\n<p>Ihre Planer verbringen Stunden mit der Erstellung von Pl\u00e4nen, die funktionieren. Dann verbringen Sie weitere Stunden damit, sie anzupassen, wenn die Realit\u00e4t nicht mitspielt.<\/p>\n<p>Inzwischen sind einige Teams \u00fcberlastet, w\u00e4hrend andere Kapazit\u00e4ten haben. In einer Abteilung stapeln sich die \u00dcberstunden, w\u00e4hrend eine andere unt\u00e4tig bleibt. Die Ausr\u00fcstung ist ungleichm\u00e4\u00dfig ausgelastet. Die Liefertermine verschieben sich.<\/p>\n<p>KI kann dies optimieren. Nicht perfekt - nichts kann die Realit\u00e4t perfekt handhaben. Aber besser als manuelle Planung. Schnellere Anpassungen. Bessere Auslastung. Realistischere Pl\u00e4ne.<\/p>\n\n\n<hr class=\"wp-block-separator has-alpha-channel-opacity\"\/>\n\n\n\n<h3 class=\"wp-block-heading\">Warum die manuelle Planung nicht skalierbar ist<\/h3>\n\n\n<p>Kleine Betriebe k\u00f6nnen manuell planen. Der Planer kennt jeden. Er kennt die Ausr\u00fcstung. Er kennt die Arbeit. Jongliert alles in seinem Kopf oder in einer Tabelle.<\/p>\n<p>Wenn Sie wachsen, bricht dies:<\/p>\n<ul>\n<li>Zu viele Variablen, um sie manuell zu verfolgen<\/li>\n<li>Zu viele Zw\u00e4nge, die gleichzeitig ausgeglichen werden m\u00fcssen<\/li>\n<li>Kaskade von \u00c4nderungen - die Korrektur eines Zeitplans f\u00fchrt zu einer Unterbrechung eines anderen<\/li>\n<li>Keine Zeit zum Optimieren - einfach etwas besorgen, das funktioniert<\/li>\n<li>Ausnahmen bek\u00e4mpfen, statt sie zu verhindern<\/li>\n<\/ul>\n\n<p>Ihre Planer sind klug und erfahren. Aber sie machen unm\u00f6gliche Berechnungen. Sie balancieren Hunderte von Einschr\u00e4nkungen \u00fcber Dutzende von Ressourcen hinweg aus.<\/p>\n<p>Das Ergebnis? Zeitpl\u00e4ne, die \"funktionieren\", aber nicht optimal sind. Die Auslastung ist niedriger als sie sein k\u00f6nnte. Mehr \u00dcberstunden als n\u00f6tig. Die Lieferleistung ist schlechter, als es Ihre Kapazit\u00e4t zulassen sollte.<\/p>\n<p>Nicht, weil die Planer ihre Arbeit nicht gut machen. Weil das Problem zu komplex f\u00fcr eine manuelle Optimierung ist.<\/p>\n\n\n<hr class=\"wp-block-separator has-alpha-channel-opacity\"\/>\n\n\n\n<h3 class=\"wp-block-heading\">Was KI f\u00fcr die Ressourcenplanung und -einteilung leistet<\/h3>\n\n\n<p>AI \u00fcbernimmt die mathematische Optimierung. Sie ber\u00fccksichtigt alle Randbedingungen gleichzeitig. Sie findet L\u00f6sungen schneller als der Mensch. Sie passt sich an, wenn sich die Dinge \u00e4ndern.<\/p>\n<p>Ihre Planer liefern das Urteilsverm\u00f6gen. Die KI sorgt f\u00fcr die Berechnung.<\/p>\n\n\n<h4 class=\"wp-block-heading\">Optimierte Zeitplanerstellung<\/h4>\n\n\n<p>Die KI erstellt Zeitpl\u00e4ne, die alle Ihre Einschr\u00e4nkungen gleichzeitig ber\u00fccksichtigen:<\/p>\n<ul>\n<li><strong>Nachfrage:<\/strong> Welche Arbeiten m\u00fcssen wann erledigt werden?<\/li>\n<li><strong>Kapazit\u00e4t:<\/strong> Wer ist verf\u00fcgbar, welche Ausr\u00fcstung ist verf\u00fcgbar<\/li>\n<li><strong>Fertigkeiten:<\/strong> Wer ist f\u00fcr welche Aufgaben qualifiziert?<\/li>\n<li><strong>Sachzw\u00e4nge:<\/strong> Schichtmuster, Pausenanforderungen, Einschr\u00e4nkungen der Ausr\u00fcstung<\/li>\n<li><strong>Priorit\u00e4ten:<\/strong> Eilauftr\u00e4ge, Vorzugskunden, strategische Bedeutung<\/li>\n<li><strong>Kosten:<\/strong> Regelm\u00e4\u00dfige Zeit vs. \u00dcberstunden, Verschlei\u00df der Ausr\u00fcstung, Einrichtungskosten<\/li>\n<\/ul>\n\n<p>Es findet nicht nur einen Zeitplan, der funktioniert. Es findet einen guten Plan - einen, der die Auslastung optimiert, die Kosten minimiert und die Fristen einh\u00e4lt.<\/p>\n<p>Ihr Planer pr\u00fcft den Vorschlag der KI. Er passt ihn an Dinge an, die die KI nicht kennt (Kundenbeziehungen, Teamdynamik, strategische Priorit\u00e4ten). Aber er geht von einer optimierten Ausgangsbasis aus, nicht von einem leeren Blatt Papier.<\/p>\n<p>Stundenlange Arbeit komprimiert auf Minuten.<\/p>\n\n\n<h4 class=\"wp-block-heading\">Intelligenter Workload-Ausgleich<\/h4>\n\n\n<p>Unausgewogene Arbeitsbelastungen sind teuer. Ein Team macht \u00dcberstunden, w\u00e4hrend ein anderes unausgelastet ist. Eine Maschine l\u00e4uft rund um die Uhr, w\u00e4hrend eine andere im Leerlauf ist.<\/p>\n<p>AI verteilt die Arbeit auf der Grundlage:<\/p>\n<ul>\n<li>Aktuelle Arbeitsbelastung nach Team und Person<\/li>\n<li>Kapazit\u00e4t und F\u00e4higkeit der einzelnen Ressourcen<\/li>\n<li>Effizienzunterschiede (manche Menschen sind bei bestimmten Aufgaben schneller)<\/li>\n<li>Geografische oder \u00f6rtliche Beschr\u00e4nkungen<\/li>\n<li>Ausbildungs- und Entwicklungsziele (abwechslungsreiche Arbeit zum Lernen verteilen)<\/li>\n<\/ul>\n\n<p>Das Ergebnis? Eine gleichm\u00e4\u00dfigere Arbeitsbelastung. Weniger \u00dcberstunden. Bessere Ressourcennutzung. Weniger Engp\u00e4sse.<\/p>\n<p>Die Menschen arbeiten in einem nachhaltigen Tempo, anstatt abwechselnd zuzuschlagen und zu ruhen.<\/p>\n\n\n<h4 class=\"wp-block-heading\">Zeitplananpassung in Echtzeit<\/h4>\n\n\n<p>Zeitpl\u00e4ne \u00fcberleben den Kontakt mit der Realit\u00e4t nicht. Jemand ist krank. Ger\u00e4te gehen kaputt. Ein Eilauftrag trifft ein. Der Kunde storniert.<\/p>\n<p>Die manuelle Neuplanung dauert Stunden. Bis Sie damit fertig sind, hat sich etwas anderes ge\u00e4ndert.<\/p>\n<p>KI passt sich in Echtzeit an:<\/p>\n<ul>\n<li>Abwesenheit gemeldet? Verteilen Sie die Arbeit auf das verbleibende Team.<\/li>\n<li>Ausr\u00fcstung ausgefallen? Verschieben Sie Aufgaben auf andere Maschinen.<\/li>\n<li>Eilauftrag eingetroffen? Legen Sie ihn ein und passen Sie alles andere an.<\/li>\n<li>Der Auftrag dauert zu lange? Ripple-Anpassungen vorw\u00e4rts.<\/li>\n<\/ul>\n\n<p>Ihr Planer \u00fcberpr\u00fcft die von der KI vorgeschlagenen Anpassungen. Genehmigt oder \u00e4ndert sie je nach Kontext. Aber er baut nicht von Grund auf neu auf.<\/p>\n<p>Schnellere Reaktion auf St\u00f6rungen. Weniger Chaos. Realistischere Versprechen an die Kunden.<\/p>\n\n\n<h4 class=\"wp-block-heading\">Kapazit\u00e4tsprognose<\/h4>\n\n\n<p>Werden Sie im n\u00e4chsten Monat gen\u00fcgend Kapazit\u00e4ten haben? Im n\u00e4chsten Quartal? M\u00fcssen Sie einstellen? Ausr\u00fcstung hinzuf\u00fcgen? Mehr Schichten?<\/p>\n<p>AI prognostiziert den Kapazit\u00e4tsbedarf auf der Grundlage von:<\/p>\n<ul>\n<li>Nachfrageprognose (aus Verk\u00e4ufen oder historischen Mustern)<\/li>\n<li>Derzeitige Kapazit\u00e4t (Personal, Ausr\u00fcstung, Zeit)<\/li>\n<li>Bekannte Einschr\u00e4nkungen (geplante Wartung, Urlaub, Ausbildung)<\/li>\n<li>Historische Produktivit\u00e4tsraten<\/li>\n<li>Wachstumstrends<\/li>\n<\/ul>\n\n<p>Sie zeigt, wann Sie an Kapazit\u00e4tsgrenzen sto\u00dfen. Wie viel Ihnen fehlen wird. Welche Arten von Ressourcen Sie ben\u00f6tigen.<\/p>\n<p>Sie k\u00f6nnen Kapazit\u00e4tserweiterungen planen, bevor Sie verzweifelt sind. Stellen Sie rechtzeitig ein, nicht erst in Panik. Planen Sie Wartungsarbeiten in Zeiten geringer Nachfrage und nicht, wenn Sie dadurch Lieferungen ausfallen lassen m\u00fcssen.<\/p>\n<p>Kapazit\u00e4tsentscheidungen auf der Grundlage von Daten, nicht von Bauchgef\u00fchl.<\/p>\n\n\n<h4 class=\"wp-block-heading\">Skills Matching<\/h4>\n\n\n<p>Nicht jeder kann jeden Job machen. Zertifizierungen sind wichtig. Erfahrung ist wichtig. Das aktuelle Qualifikationsniveau ist wichtig.<\/p>\n<p>AI-Spuren:<\/p>\n<ul>\n<li>Wer hat welche Zertifizierungen und Qualifikationen<\/li>\n<li>Wer hat Erfahrung mit welchen Produkten oder Prozessen?<\/li>\n<li>Wer ist in der Ausbildung oder voll qualifiziert?<\/li>\n<li>Wer leistet bei welchen Aufgaben mehr<\/li>\n<\/ul>\n\n<p>Bei der Arbeitsplanung werden die Qualifikationsanforderungen ber\u00fccksichtigt. Passt qualifizierte Personen an Aufgaben an. Kennzeichnet Jobs, die knappe F\u00e4higkeiten erfordern.<\/p>\n<p>Hilft auch bei der Ausbildungsplanung. Zeigt Qualifikationsl\u00fccken auf. Schl\u00e4gt vor, wer in welchen Bereichen geschult werden sollte.<\/p>\n<p>Die richtige Person f\u00fcr die richtige Aufgabe. Bessere Qualit\u00e4t. Weniger Fehler. Schnellerer Abschluss.<\/p>\n\n\n<h4 class=\"wp-block-heading\">Constraint Management<\/h4>\n\n\n<p>Jede Operation unterliegt Einschr\u00e4nkungen. Begrenzte Ausr\u00fcstung. Schichtmuster. Pausenanforderungen. Materialverf\u00fcgbarkeit. Zeitfenster der Kunden.<\/p>\n<p>AI verwaltet alle Nebenbedingungen gleichzeitig:<\/p>\n<ul>\n<li>Sicherstellen, dass niemand \u00fcber die Kapazit\u00e4t hinaus eingeplant wird<\/li>\n<li>Ber\u00fccksichtigt Schichtmuster und Pausenanforderungen<\/li>\n<li>Ber\u00fccksichtigung von R\u00fcstzeiten zwischen verschiedenen Auftr\u00e4gen<\/li>\n<li>Ber\u00fccksichtigt die Materialverf\u00fcgbarkeit (kann nicht einplanen, wenn die Materialien nicht da sind)<\/li>\n<li>Einhaltung der Lieferfristen der Kunden<\/li>\n<li>Abw\u00e4gung widerspr\u00fcchlicher Priorit\u00e4ten (Kosten vs. Geschwindigkeit vs. Qualit\u00e4t)<\/li>\n<\/ul>\n\n<p>Zeitpl\u00e4ne, die auch in der Realit\u00e4t funktionieren, nicht nur auf dem Papier.<\/p>\n\n\n<h4 class=\"wp-block-heading\">Zeitplan f\u00fcr Leistungsanalysen<\/h4>\n\n\n<p>Wie genau sind Ihre Zeitpl\u00e4ne? Wo gibt es Pannen? Was verursacht Verz\u00f6gerungen?<\/p>\n<p>AI verfolgt die Einhaltung des Zeitplans:<\/p>\n<ul>\n<li>Wie oft Aufgaben p\u00fcnktlich oder zu fr\u00fch\/zu sp\u00e4t beendet werden<\/li>\n<li>Welche Arten von Aufgaben werden regelm\u00e4\u00dfig \u00fcber<\/li>\n<li>Wo Engp\u00e4sse entstehen<\/li>\n<li>Wie oft wird umdisponiert (Zeichen f\u00fcr eine schlechte urspr\u00fcngliche Planung)<\/li>\n<li>Nutzungsraten nach Ressourcenart<\/li>\n<\/ul>\n\n<p>Sie sehen, wo Sch\u00e4tzungen falsch sind. Wo Prozesse langsamer sind als geplant. Wo die Kapazit\u00e4t tats\u00e4chlich eingeschr\u00e4nkt ist.<\/p>\n<p>Kontinuierliche Verbesserung der Termingenauigkeit. Bessere Versprechen. Zuverl\u00e4ssigere Lieferung.<\/p>\n\n\n<hr class=\"wp-block-separator has-alpha-channel-opacity\"\/>\n\n\n\n<h3 class=\"wp-block-heading\">Was das f\u00fcr Sie bedeutet<\/h3>\n\n\n\n<h4 class=\"wp-block-heading\">F\u00fcr COOs und operative F\u00fchrungskr\u00e4fte<\/h4>\n\n\n<p><strong>H\u00f6here Ressourcennutzung.<\/strong> Weniger Leerlaufzeiten. Weniger ungleichm\u00e4\u00dfige Arbeitsbelastungen. Mehr Leistung mit denselben Ressourcen.<\/p>\n\n<p><strong>Geringere \u00dcberstundenkosten.<\/strong> Eine bessere Verteilung der Arbeitslast bedeutet, dass weniger \u00dcberstunden gemacht werden m\u00fcssen, um die Fristen einzuhalten.<\/p>\n\n<p><strong>Bessere P\u00fcnktlichkeit der Lieferung.<\/strong> Zeitpl\u00e4ne, die alle Sachzw\u00e4nge ber\u00fccksichtigen und sich an \u00c4nderungen anpassen. Weniger verpasste Fristen.<\/p>\n\n<p><strong>Vorhersehbare Kapazit\u00e4tsplanung.<\/strong> Erkennen Sie, wann Sie mehr Ressourcen ben\u00f6tigen, bevor sie knapp werden. Planen Sie die Einstellung von Personal und den Kauf von Ausr\u00fcstung proaktiv.<\/p>\n\n<p><strong>Skalierbare Terminplanung.<\/strong> Bew\u00e4ltigen Sie Wachstum ohne zus\u00e4tzliche Planer. Die Mathematik skaliert, die manuelle Planung nicht.<\/p>\n\n\n<h4 class=\"wp-block-heading\">F\u00fcr Betriebs- und Produktionsleiter<\/h4>\n\n\n<p><strong>Verbringen Sie keine Stunden mehr mit Zeitpl\u00e4nen.<\/strong> Die KI f\u00fchrt die Optimierungsberechnungen durch. Sie \u00fcbernehmen die Beurteilung und die endg\u00fcltigen Anpassungen.<\/p>\n\n<p><strong>Schnelle Anpassung an Ver\u00e4nderungen.<\/strong> Unterbrechungen kommen vor. Verschieben Sie den Termin in Minuten, nicht in Stunden.<\/p>\n\n<p><strong>Realistische Versprechen an die Kunden.<\/strong> Sie m\u00fcssen wissen, was Sie auf der Grundlage der tats\u00e4chlichen Kapazit\u00e4ten und Beschr\u00e4nkungen tats\u00e4chlich leisten k\u00f6nnen.<\/p>\n\n<p><strong>Sichtbarkeit von Zw\u00e4ngen.<\/strong> Erkennen Sie, wo Sie Kapazit\u00e4tsengp\u00e4sse haben. Treffen Sie fundierte Entscheidungen \u00fcber Investitionen.<\/p>\n\n<p><strong>Gerechte Verteilung der Arbeitslast.<\/strong> Es werden nicht mehr einige Leute zugedr\u00f6hnt, w\u00e4hrend andere frei haben. Bessere Moral im Team.<\/p>\n\n\n<h4 class=\"wp-block-heading\">F\u00fcr Teams<\/h4>\n\n\n<p><strong>Vorhersehbare Zeitpl\u00e4ne.<\/strong> Sie wissen, woran Sie arbeiten und wann. Weniger \u00dcberraschungen in letzter Minute.<\/p>\n\n<p><strong>Angemessene Arbeitsbelastungen.<\/strong> Die Arbeit wird nach Kapazit\u00e4t verteilt und nicht danach, an wen der Planer zuerst gedacht hat.<\/p>\n\n<p><strong>Die richtigen F\u00e4higkeiten f\u00fcr den Job.<\/strong> Sie werden f\u00fcr Arbeiten eingeteilt, f\u00fcr die Sie qualifiziert sind, und nicht in Situationen gebracht, f\u00fcr die Sie nicht bereit sind.<\/p>\n\n<p><strong>Nachhaltiges Tempo.<\/strong> Weniger Schlemmen oder Hungern. Gleichm\u00e4\u00dfigeres Arbeitspensum.<\/p>\n\n\n<hr class=\"wp-block-separator has-alpha-channel-opacity\"\/>\n\n\n\n<h3 class=\"wp-block-heading\">Was AI nicht leisten kann<\/h3>\n\n\n<p>Die k\u00fcnstliche Intelligenz optimiert auf der Grundlage der von Ihnen vorgegebenen Beschr\u00e4nkungen und Priorit\u00e4ten. Aber sie ersetzt nicht das Urteil des Planers:<\/p>\n\n<p><strong>Verst\u00e4ndnis der Kundenbeziehungen.<\/strong> Dieser Kunde ist strategisch wichtig und verdient es, dass man ihm Priorit\u00e4t einr\u00e4umt, auch wenn er vertraglich nicht dazu verpflichtet ist. KI wei\u00df das nicht, wenn Sie es ihr nicht sagen.<\/p>\n\n<p><strong>Teamdynamik lesen.<\/strong> Diese beiden Personen arbeiten schlecht zusammen. Diese Person hat mit pers\u00f6nlichen Problemen zu k\u00e4mpfen und braucht eine Entlastung. Menschliches Wissen, keine Daten.<\/p>\n\n<p><strong>Strategische Abw\u00e4gungen treffen.<\/strong> Eine versp\u00e4tete Lieferung akzeptieren, um \u00dcberstunden abzubauen? Diesen Auftrag auf Kosten des anderen vorantreiben? Kontextabh\u00e4ngige Entscheidungen.<\/p>\n\n<p><strong>Umgang mit noch nie dagewesenen Situationen.<\/strong> Eine gro\u00dfe St\u00f6rung, wie sie in der Vergangenheit noch nie aufgetreten ist? Sie brauchen eine menschliche Probleml\u00f6sung, keine mathematische Optimierung.<\/p>\n\n<p><strong>Festlegung von Priorit\u00e4ten.<\/strong> AI plant nach den von Ihnen festgelegten Priorit\u00e4ten (Kosten, Geschwindigkeit, Qualit\u00e4t usw.). Die Festlegung dieser Priorit\u00e4ten? Das ist eine gesch\u00e4ftliche Entscheidung.<\/p>\n\n<p>Stellen Sie sich KI als einen wirklich guten Planer vor, der in Sekundenschnelle arbeitet und keine Rechenfehler macht. Der aber immer noch Anweisungen zu Priorit\u00e4ten und Kontext ben\u00f6tigt.<\/p>\n\n\n<hr class=\"wp-block-separator has-alpha-channel-opacity\"\/>\n\n\n\n<h3 class=\"wp-block-heading\">Erste Schritte mit AI Scheduling<\/h3>\n\n\n<p>Beginnen Sie dort, wo die Terminplanung am schmerzhaftesten ist:<\/p>\n\n<p><strong>Komplexe Terminplanung mit vielen Einschr\u00e4nkungen?<\/strong> KI bew\u00e4ltigt Komplexit\u00e4t besser als Menschen. Gro\u00dfe Erfolge bei der Optimierung.<\/p>\n\n<p><strong>H\u00e4ufige Terminverschiebungen aufgrund von Unterbrechungen?<\/strong> Die Anpassung in Echtzeit ist besonders hilfreich, wenn sich Pl\u00e4ne st\u00e4ndig \u00e4ndern.<\/p>\n\n<p><strong>Ungleichm\u00e4\u00dfige Ressourcennutzung?<\/strong> Der AI-Arbeitslastausgleich verbessert die Auslastung schnell.<\/p>\n\n<p><strong>Unsicherheit bei der Kapazit\u00e4tsplanung?<\/strong> Kapazit\u00e4tsprognosen helfen Ihnen, Ihre Investitionen sicher zu planen.<\/p>\n\n<p>Sie m\u00fcssen nicht die gesamte Terminplanung auf einmal automatisieren. Beginnen Sie mit einer Abteilung, einer Art von Arbeit oder einem Hauptproblem. Beweisen Sie den Wert. Dann expandieren Sie.<\/p>\n\n\n<hr class=\"wp-block-separator has-alpha-channel-opacity\"\/>\n\n\n\n<h3 class=\"wp-block-heading\">Die Quintessenz<\/h3>\n\n\n<p>Terminplanung ist Optimierungsmathematik. Je komplexer Ihr Betrieb ist, desto schwieriger wird die Berechnung. Die manuelle Planung st\u00f6\u00dft an ihre Grenzen, wenn Sie wachsen.<\/p>\n\n<p>AI bew\u00e4ltigt die mathematische Komplexit\u00e4t. Sie ber\u00fccksichtigt alle Randbedingungen gleichzeitig. Sie findet schnell optimierte L\u00f6sungen. Sie passt sich an, wenn sich die Realit\u00e4t \u00e4ndert.<\/p>\n\n<p>Ihre Planer konzentrieren sich auf Beurteilungen, Priorit\u00e4ten und Ausnahmen. Die KI k\u00fcmmert sich um die Berechnung.<\/p>\n\n<p>Das Ergebnis? Bessere Ressourcennutzung. Niedrigere Kosten. Zuverl\u00e4ssigere Lieferung. Und Planer, die strategisch denken, anstatt sich mit Tabellenkalkulationen herumzuschlagen.<\/p>\n\n<p>Das ist es, was KI f\u00fcr die Ressourcenplanung und -einteilung tats\u00e4chlich leistet. Sie ersetzt nicht das Planungswissen, sondern macht es effektiver.<\/p>\n\n\n<hr class=\"wp-block-separator has-alpha-channel-opacity\"\/>\n\n\n\n<h3 class=\"wp-block-heading\">Sind Sie bereit, Ihre Terminplanung zu optimieren?<\/h3>\n\n\n<p>Jeder Betrieb hat andere Herausforderungen bei der Planung. Ihre Beschr\u00e4nkungen, Ressourcen und Priorit\u00e4ten sind einzigartig f\u00fcr Ihr Unternehmen.<\/p>\n\n<p>Wir setzen nicht auf eine Einheitsl\u00f6sung f\u00fcr die Planung. Wir gehen auf Ihre spezifische Situation ein. Was macht die Planung f\u00fcr Sie schwierig? Welche Zw\u00e4nge sind am wichtigsten? Was ist angesichts Ihrer derzeitigen Systeme realistisch?<\/p>\n\n<p>Dann entwickeln wir eine Planungsoptimierung, die zu Ihrem Betrieb passt. Wir zwingen Sie nicht in den Arbeitsablauf eines anderen Unternehmens. L\u00f6sungen, die sich an Ihren tats\u00e4chlichen Arbeitsabl\u00e4ufen orientieren.<\/p>\n\n<p><a href=\"https:\/\/www.leaplytics.de\/de\/kontakt\/\">Sprechen wir \u00fcber Ihre Herausforderungen bei der Terminplanung<\/a><\/p>\n\n<p><a href=\"https:\/\/www.leaplytics.de\/de\/betrieb-ki\/\">Zur\u00fcck zu Operationen AI<\/a><\/p>","protected":false},"excerpt":{"rendered":"<p>KI f\u00fcr Ressourcenplanung und Terminplanung Terminplanung ist ein R\u00e4tsel. Menschen. Ausr\u00fcstung. Aufgaben. Fristen. Fertigkeiten. Kapazit\u00e4t. Zw\u00e4nge. Jedes Teil muss passen. Und das Puzzle \u00e4ndert sich st\u00e4ndig. Jemand meldet sich krank. Die Ausr\u00fcstung f\u00e4llt aus. Ein Eilauftrag kommt herein. Der Kunde \u00e4ndert seine Anforderungen. Alles beginnt von vorne. Ihre Planer verbringen Stunden mit der Erstellung von Pl\u00e4nen, die funktionieren. Dann verbringen sie noch mehr ... <\/p>","protected":false},"author":2,"featured_media":0,"parent":0,"menu_order":0,"comment_status":"closed","ping_status":"closed","template":"","meta":{"footnotes":""},"class_list":["post-14497","page","type-page","status-publish","hentry","latest_post"],"_links":{"self":[{"href":"https:\/\/www.leaplytics.de\/de\/wp-json\/wp\/v2\/pages\/14497","targetHints":{"allow":["GET"]}}],"collection":[{"href":"https:\/\/www.leaplytics.de\/de\/wp-json\/wp\/v2\/pages"}],"about":[{"href":"https:\/\/www.leaplytics.de\/de\/wp-json\/wp\/v2\/types\/page"}],"author":[{"embeddable":true,"href":"https:\/\/www.leaplytics.de\/de\/wp-json\/wp\/v2\/users\/2"}],"replies":[{"embeddable":true,"href":"https:\/\/www.leaplytics.de\/de\/wp-json\/wp\/v2\/comments?post=14497"}],"version-history":[{"count":1,"href":"https:\/\/www.leaplytics.de\/de\/wp-json\/wp\/v2\/pages\/14497\/revisions"}],"predecessor-version":[{"id":14505,"href":"https:\/\/www.leaplytics.de\/de\/wp-json\/wp\/v2\/pages\/14497\/revisions\/14505"}],"wp:attachment":[{"href":"https:\/\/www.leaplytics.de\/de\/wp-json\/wp\/v2\/media?parent=14497"}],"curies":[{"name":"wp","href":"https:\/\/api.w.org\/{rel}","templated":true}]}}