{"id":14510,"date":"2025-12-19T02:02:20","date_gmt":"2025-12-19T01:02:20","guid":{"rendered":"https:\/\/www.leaplytics.de\/?page_id=14510"},"modified":"2025-12-19T02:02:20","modified_gmt":"2025-12-19T01:02:20","slug":"vertragsmanagement-ki","status":"publish","type":"page","link":"https:\/\/www.leaplytics.de\/de\/vertragsmanagement-ki\/","title":{"rendered":"Vertragsmanagement AI"},"content":{"rendered":"<h2>KI f\u00fcr das Vertragsmanagement: Nie mehr eine Verl\u00e4ngerung verpassen, nie mehr den \u00dcberblick \u00fcber Laufzeiten verlieren<\/h2>\n\n<p>Vertr\u00e4ge sind in der Beschaffung allgegenw\u00e4rtig. Lieferantenvereinbarungen. Dienstleistungsvertr\u00e4ge. Mengenverpflichtungen. Lizenzvereinbarungen. Rahmenvereinbarungen. Alle haben Bedingungen, die wichtig sind.<\/p>\n<p>Preise. Volumina. Verl\u00e4ngerungsdaten. K\u00fcndigungsklauseln. Vereinbarungen \u00fcber das Leistungsniveau. Vertragsstrafen. Die Details, die bestimmen, ob Sie einen Mehrwert erhalten oder ausgenutzt werden.<\/p>\n<p>Aber die meisten Unternehmen wissen nicht, was in ihren Vertr\u00e4gen steht. Nicht, weil sie sich nicht darum scheren. Weil sie Hunderte von Vertr\u00e4gen haben und niemand die Zeit hat, jeden einzelnen zu lesen und zu verfolgen.<\/p>\n<p>Verl\u00e4ngerungsdaten werden verpasst. Automatische Verl\u00e4ngerungen erfolgen ohne \u00dcberpr\u00fcfung. Bedingungen werden vergessen. Lieferanten halten ihre Verpflichtungen nicht ein und niemand merkt es. \u00dcberall bleibt Geld auf dem Tisch liegen.<\/p>\n<p>Die KI \u00e4ndert dies. Sie liest Vertr\u00e4ge. Extrahiert, was wichtig ist. Verfolgt jedes Datum und jede Verpflichtung. Stellt sicher, dass Sie wissen, was Sie vereinbart haben und ob Sie es auch bekommen.<\/p>\n\n\n<hr class=\"wp-block-separator has-alpha-channel-opacity\"\/>\n\n\n\n<h3 class=\"wp-block-heading\">Warum Vertragsmanagement scheitert<\/h3>\n\n\n<p>So sieht das Vertragsmanagement in den meisten Unternehmen aus:<\/p>\n<p>Vertr\u00e4ge werden unterzeichnet. Jemand legt sie ab. Normalerweise in einem gemeinsamen Laufwerk, vielleicht in einem Vertragsmanagementsystem, wenn Sie eines haben.<\/p>\n<p>Was dann? Die Leute vergessen, was in den Vertr\u00e4gen steht. Der Eink\u00e4ufer, der den Vertrag ausgehandelt hat, wechselt in eine andere Funktion. Der Vertrag bleibt liegen.<\/p>\n<p>Ein Jahr sp\u00e4ter verl\u00e4ngert sich der Vertrag automatisch. Niemand hat ihn \u00fcberpr\u00fcft. Niemand hat \u00fcberpr\u00fcft, ob die Bedingungen noch wettbewerbsf\u00e4hig sind. Niemand hat \u00fcberpr\u00fcft, ob der Anbieter seine Verpflichtungen erf\u00fcllt hat. Sie sind f\u00fcr ein weiteres Jahr an den Vertrag gebunden.<\/p>\n<p>Oder noch schlimmer: Sie verpassen die K\u00fcndigungsfrist. Sie wollten den Anbieter wechseln, haben ihn aber nicht 90 Tage vor der Vertragsverl\u00e4ngerung benachrichtigt. Jetzt sitzen Sie f\u00fcr eine weitere Vertragslaufzeit fest.<\/p>\n<p>Inzwischen bestellen Sie bei Lieferanten, ohne zu wissen, was Sie ausgehandelt haben. Ist dies der vertraglich vereinbarte Preis? Bekommen wir die ausgehandelten Mengenrabatte? H\u00e4lt der Lieferant seine Lieferverpflichtungen ein?<\/p>\n<p>Das wei\u00df niemand. Nicht, weil sie es nicht wollen, sondern weil es unm\u00f6glich ist, all dies manuell zu erfassen.<\/p>\n<p>Beschaffungsteams k\u00f6nnen nicht Hunderte von Vertr\u00e4gen lesen und sich jede einzelne Klausel merken. Sie k\u00f6nnen nicht die Leistung jedes Lieferanten im Hinblick auf jede Verpflichtung \u00fcberwachen. Sie k\u00f6nnen nicht Dutzende von Verl\u00e4ngerungsdaten verfolgen, w\u00e4hrend sie alles andere tun.<\/p>\n<p>So verrutschen Dinge. Verl\u00e4ngerungen werden verpasst. Bedingungen werden nicht eingehalten. Geld wird verschwendet.<\/p>\n\n\n<hr class=\"wp-block-separator has-alpha-channel-opacity\"\/>\n\n\n\n<h3 class=\"wp-block-heading\">Was AI f\u00fcr das Vertragsmanagement leistet<\/h3>\n\n\n<p>Die KI speichert nicht nur Vertr\u00e4ge. Sie liest sie. Versteht sie. Verfolgt sie. Und so geht's.<\/p>\n\n\n<h4 class=\"wp-block-heading\">Extrahiert automatisch Schl\u00fcsselbegriffe<\/h4>\n\n\n<p>Laden Sie einen Vertrag in die KI. Sie liest das gesamte Dokument - jede Seite, jede Klausel, jede Bestimmung.<\/p>\n<p>Sie extrahiert, was wichtig ist:<\/p>\n<ul>\n<li><strong>Informationen zur Preisgestaltung:<\/strong> Preise pro Einheit. Mengenrabatte. Preisanpassungsklauseln. Mindest- und H\u00f6chstpreisklauseln.<\/li>\n<li><strong>Volumenverpflichtungen:<\/strong> Mindestabnahmeverpflichtungen. Mengenschwellen. Bindungsfristen. Vertragsstrafen bei Nichterf\u00fcllung.<\/li>\n<li><strong>Vertragsdaten:<\/strong> Anfangsdatum. Enddatum. Verl\u00e4ngerungsdatum. K\u00fcndigungsfristen. Automatische Verl\u00e4ngerungsbedingungen.<\/li>\n<li><strong>Dienstleistungsvereinbarungen:<\/strong> Lieferfristen. Qualit\u00e4tsstandards. Reaktionszeiten. Betriebszeitverpflichtungen. Leistungsmetriken.<\/li>\n<li><strong>Bedingungen f\u00fcr die Beendigung:<\/strong> K\u00fcndigungsvorschriften. Vorzeitige Beendigungsklauseln. Vertragsverletzungsbedingungen. Ausstiegsbedingungen und Geb\u00fchren.<\/li>\n<li><strong>Zahlungsbedingungen:<\/strong> Zahlungsfristen. Netto-Bedingungen. Rabatte bei vorzeitiger Zahlung. Strafen f\u00fcr versp\u00e4tete Zahlungen.<\/li>\n<li><strong>Anforderungen an die Einhaltung:<\/strong> Zertifizierungen. Versicherung. Audits. Berichtspflichten. Einhaltung gesetzlicher Vorschriften.<\/li>\n<\/ul>\n<p>Das ist keine Stichwortsuche. Die KI versteht den Kontext. Sie wei\u00df, dass eine \"Netto 30\"-Zahlungsfrist etwas anderes ist als eine \"30-t\u00e4gige K\u00fcndigungsfrist\". Sie unterscheidet zwischen Preiseskalationsklauseln und Mengenrabattstaffeln.<\/p>\n<p>Sie erhalten strukturierte Daten aus unstrukturierten Vertr\u00e4gen. Jeder Schl\u00fcsselbegriff wird extrahiert, kategorisiert und ist sofort einsatzbereit.<\/p>\n<p>Sie m\u00fcssen keine 40-seitigen Vertr\u00e4ge mehr lesen, um das Verl\u00e4ngerungsdatum zu finden. Kein Durchsuchen von Dokumenten mehr, um sich an die K\u00fcndigungsfrist zu erinnern. Es ist alles extrahiert und organisiert.<\/p>\n\n\n<h4 class=\"wp-block-heading\">Verfolgt Verl\u00e4ngerungsdaten und verpasst keine Fristen<\/h4>\n\n\n<p>Der teuerste Fehler im Vertragsmanagement? Verpasste Verl\u00e4ngerungen.<\/p>\n<p>Eine automatische Erneuerung erfolgt ohne \u00dcberpr\u00fcfung. Eine K\u00fcndigungsfrist verstreicht unbemerkt. Sie verlieren die M\u00f6glichkeit, neu zu verhandeln, den Anbieter zu wechseln oder die Bedingungen anzupassen.<\/p>\n<p>Die KI verfolgt jedes kritische Datum:<\/p>\n<ul>\n<li><strong>Termine f\u00fcr das Vertragsende:<\/strong> Wann l\u00e4uft dieser Vertrag aus?<\/li>\n<li><strong>Daten f\u00fcr die automatische Verl\u00e4ngerung:<\/strong> Wann verl\u00e4ngert sich dieser Vertrag automatisch, wenn wir nicht handeln?<\/li>\n<li><strong>K\u00fcndigungsfristen:<\/strong> Letzter Tag der K\u00fcndigungsfrist, wenn wir k\u00fcndigen oder neu verhandeln wollen.<\/li>\n<li><strong>Meilensteindaten:<\/strong> Kontrollpunkte f\u00fcr Volumenverpflichtungen. Termine der Leistungs\u00fcberpr\u00fcfung. Termine f\u00fcr Preisanpassungen.<\/li>\n<li><strong>Einhaltung der Fristen:<\/strong> Wenn Bescheinigungen erneuert werden m\u00fcssen. Wenn erforderliche Dokumente ablaufen.<\/li>\n<\/ul>\n<p>Es verfolgt nicht nur Daten. Es warnt Sie, bevor sie wichtig werden.<\/p>\n<p>K\u00fcndigung 90 Tage vor Vertragsverl\u00e4ngerung erforderlich? Sie erhalten eine Benachrichtigung 120 Tage vorher. Zeit, um den Anbieter zu bewerten, Alternativen zu pr\u00fcfen und eine Entscheidung zu treffen.<\/p>\n<p>Preisanpassungsklausel erlaubt j\u00e4hrliche Erh\u00f6hungen? Sie werden gewarnt, bevor der Lieferant sie in Anspruch nimmt. Zeit zu verhandeln oder sich vorzubereiten.<\/p>\n<p>Endet der Zeitraum der Volumenverpflichtung? Sie erhalten eine Prognose: Sind Sie auf dem besten Weg, diese zu erf\u00fcllen? Wenn nicht, ist es an der Zeit, die Bestellung anzupassen oder die Bedingungen neu auszuhandeln.<\/p>\n<p>Keine Tabellenkalkulationen zu pflegen. Keine manuellen Kalendereintr\u00e4ge. Keine verpassten Fristen, weil jemand vergessen hat, sie zu \u00fcberpr\u00fcfen.<\/p>\n\n\n<h4 class=\"wp-block-heading\">Vergleicht die Vertragsbedingungen der verschiedenen Anbieter<\/h4>\n\n\n<p>Sie haben f\u00fcnf Lieferanten, die \u00e4hnliche Produkte anbieten. Bekommen Sie einheitliche Konditionen? Oder hat ein Lieferant bessere Konditionen ausgehandelt, die Ihr Ma\u00dfstab sein sollten?<\/p>\n<p>Die KI vergleicht Vertr\u00e4ge:<\/p>\n<ul>\n<li><strong>Vergleich der Preise:<\/strong> Welcher Anbieter hat die besten Preise f\u00fcr vergleichbare Produkte? Wo gibt es Preisausrei\u00dfer?<\/li>\n<li><strong>Zahlungsbedingungen:<\/strong> Netto 30 bei einem Anbieter, netto 60 bei einem anderen. Warum der Unterschied? Kann man das standardisieren?<\/li>\n<li><strong>Dienstleistungsniveau:<\/strong> Ein Anbieter verspricht eine Lieferung innerhalb von 48 Stunden, ein anderer innerhalb von 5 Tagen. Zahlen Sie dasselbe?<\/li>\n<li><strong>Mengenrabatte:<\/strong> Unterschiedliche Breakpoints und Diskonts\u00e4tze. Welche Struktur ist am vorteilhaftesten?<\/li>\n<li><strong>Flexibilit\u00e4t bei der Beendigung:<\/strong> Einige Vertr\u00e4ge haben eine K\u00fcndigungsfrist von 90 Tagen, andere von 180 Tagen. Bei einigen gibt es Ausstiegsgeb\u00fchren, bei anderen nicht.<\/li>\n<li><strong>Risikoverteilung:<\/strong> Wer tr\u00e4gt das Risiko f\u00fcr Qualit\u00e4tsprobleme? Lieferausf\u00e4lle? Preisvolatilit\u00e4t?<\/li>\n<\/ul>\n<p>Sie erkennen Muster. Ein Anbieter erh\u00e4lt stets bessere Konditionen. Und warum? Entweder haben Sie dort eine engere Beziehung oder Ihr Team hat besser verhandelt. In jedem Fall wird dieser Lieferant zu Ihrem Ma\u00dfstab f\u00fcr andere Lieferanten.<\/p>\n<p>Sie erkennen Probleme. Ein Lieferant hat Bedingungen, die aus dem Rahmen fallen - schlechtere Zahlungsbedingungen, strengere Verpflichtungen, h\u00f6here Vertragsstrafen. Es ist an der Zeit, neu zu verhandeln oder Alternativen in Betracht zu ziehen.<\/p>\n<p>Vertragsverhandlungen werden strategisch. Sie wissen, welche Bedingungen in Ihrem Lieferantenstamm \u00fcblich sind. Sie wissen, wo Sie Einfluss nehmen k\u00f6nnen. Sie verhandeln aus einer Position des Wissens heraus.<\/p>\n\n\n<h4 class=\"wp-block-heading\">\u00dcberwacht die Einhaltung der Vertragsbedingungen<\/h4>\n\n\n<p>Vertr\u00e4ge sind nur von Bedeutung, wenn beide Parteien sie einhalten. Die meisten Unternehmen verfolgen jedoch nicht, ob die Lieferanten ihre Verpflichtungen einhalten.<\/p>\n<p>Die KI \u00fcberwacht die Vertragserf\u00fcllung:<\/p>\n<ul>\n<li><strong>Einhaltung des Preises:<\/strong> Wird uns der vertraglich vereinbarte Preis in Rechnung gestellt? Werden Rabatte gew\u00e4hrt? Werden Preiserh\u00f6hungen gem\u00e4\u00df den vereinbarten Bedingungen vorgenommen?<\/li>\n<li><strong>Verfolgung der Volumenverpflichtung:<\/strong> Erf\u00fcllen wir unsere Mindestabnahmeverpflichtungen? Haben wir Mengenschwellen erreicht, die zu einer besseren Preisgestaltung f\u00fchren sollten?<\/li>\n<li><strong>Lieferleistung:<\/strong> H\u00e4lt der Lieferant die zugesagten Lieferzeiten ein? Wie oft werden sie \u00fcberschritten? Um wie viel?<\/li>\n<li><strong>Qualit\u00e4tsstandards:<\/strong> Defektraten. R\u00fccklaufquoten. Qualit\u00e4tsmetriken im Vergleich zu den vertraglich vereinbarten Standards.<\/li>\n<li><strong>Einhaltung des Dienstleistungsniveaus:<\/strong> Reaktionszeiten. Probleml\u00f6sung. Verf\u00fcgbarkeit des Supports. Was auch immer im SLA versprochen wurde.<\/li>\n<li><strong>Einhaltung der Dokumentation:<\/strong> Sind die erforderlichen Zertifizierungen aktuell? Wird der Versicherungsschutz aufrechterhalten? Werden Audits durchgef\u00fchrt?<\/li>\n<\/ul>\n<p>Die KI verkn\u00fcpft Vertragsbedingungen mit Betriebsdaten. Sie wei\u00df nicht nur, was versprochen wurde, sondern verfolgt auch, ob es eingehalten wird.<\/p>\n<p>Ein Lieferant verpflichtet sich zu 95% p\u00fcnktlicher Lieferung, liefert aber nur 80% der Zeit p\u00fcnktlich? Die KI belegt dies mit Daten. Es ist Zeit f\u00fcr eine Diskussion \u00fcber die Lieferantenleistung, die sich auf Fakten st\u00fctzt.<\/p>\n<p>Es wird Ihnen mehr als der Vertragspreis in Rechnung gestellt? Die KI findet es heraus, bevor Sie die Rechnung bezahlen, und nicht erst Monate sp\u00e4ter bei einer Pr\u00fcfung.<\/p>\n<p>Hier geht es nicht darum, sich mit den Lieferanten zu streiten. Es geht um Verantwortlichkeit. Beide Parteien haben sich auf Bedingungen geeinigt. Die KI sorgt daf\u00fcr, dass beide Parteien sie einhalten.<\/p>\n\n\n<h4 class=\"wp-block-heading\">Schl\u00e4gt Verhandlungspunkte f\u00fcr Verl\u00e4ngerungen vor<\/h4>\n\n\n<p>Die Vertragsverl\u00e4ngerung r\u00fcckt n\u00e4her. Zeit zu verhandeln. Aber wor\u00fcber sollten Sie verhandeln?<\/p>\n<p>Die AI stellt ein Verhandlungsmandat zur Verf\u00fcgung:<\/p>\n<ul>\n<li><strong>Leistungsanalyse:<\/strong> Wie hat der Lieferant gearbeitet? Wo hat er seine Verpflichtungen erf\u00fcllt? Wo hat er versagt?<\/li>\n<li><strong>Benchmark f\u00fcr die Preisgestaltung:<\/strong> Wie sieht die Preisgestaltung dieses Anbieters im Vergleich zu anderen aus? Mit den Marktpreisen? Sind die Preise w\u00e4hrend der Vertragslaufzeit gestiegen?<\/li>\n<li><strong>Volumenanalyse:<\/strong> Haben wir die Mengenverpflichtungen erf\u00fcllt? Wenn wir sie \u00fcbertroffen haben, sollten wir bessere Preise aushandeln? Wenn wir sie nicht erreicht haben, sollten wir die Verpflichtungen anpassen?<\/li>\n<li><strong>Begriffsvergleich:<\/strong> Wie sind die Konditionen dieses Lieferanten im Vergleich zu Ihren anderen Lieferanten? Wo gibt es Verbesserungsm\u00f6glichkeiten?<\/li>\n<li><strong>Marktinformationen:<\/strong> Was ist auf dem Markt los? \u00c4ndern sich die Lieferbedingungen? Sind neue Lieferanten verf\u00fcgbar?<\/li>\n<li><strong>Bewertung der Hebelwirkung:<\/strong> Wo haben Sie einen Verhandlungsvorteil? Mengenkonzentration? Alternative Lieferanten? Starke Leistungsbilanz?<\/li>\n<\/ul>\n<p>Sie gehen mit Daten in die Vertragsverl\u00e4ngerungsverhandlungen. Sie fragen nicht nur nach \"besseren Bedingungen\". Sie bitten um spezifische Verbesserungen, die durch Leistungsdaten und den Marktkontext gest\u00fctzt werden.<\/p>\n<p>\"Ihre termingerechte Lieferrate lag bei 82% und damit unter den von uns vertraglich vereinbarten 95%. Wir brauchen entweder eine bessere Leistung oder eine Preisanpassung, die die zus\u00e4tzlichen Kosten widerspiegelt, die uns dadurch entstehen.\"<\/p>\n<p>\"Wir haben unsere Mengenverpflichtung um 30% \u00fcberschritten. Wir sollten \u00fcber eine bessere Preisgestaltung f\u00fcr dieses erh\u00f6hte Volumen sprechen.\"<\/p>\n<p>\"Vergleichbare Anbieter bieten Netto 45 Konditionen. Wir w\u00fcrden uns gerne von netto 30 an die Marktstandards anpassen.\"<\/p>\n<p>Spezifisch. Datengest\u00fctzt. Vern\u00fcnftig. Die Art von Verhandlung, die zu Ergebnissen f\u00fchrt.<\/p>\n\n\n<hr class=\"wp-block-separator has-alpha-channel-opacity\"\/>\n\n\n\n<h3 class=\"wp-block-heading\">Was das f\u00fcr Sie bedeutet<\/h3>\n\n\n\n<h4 class=\"wp-block-heading\">F\u00fcr CPOs und Leiter der Beschaffung<\/h4>\n\n\n<p>Sie erhalten vollst\u00e4ndige Transparenz und Kontrolle \u00fcber Ihr Vertragsportfolio.<\/p>\n<ul>\n<li><strong>Keine verpassten Verl\u00e4ngerungen:<\/strong> Jedes kritische Datum wird verfolgt. Warnungen, bevor Fristen verstreichen. Zeit, um strategische Entscheidungen zu treffen.<\/li>\n<li><strong>Bessere Verhandlungsposition:<\/strong> Leistungsdaten. Markt-Benchmarks. Laufzeitvergleiche. Beweise f\u00fcr Verhandlungen.<\/li>\n<li><strong>Sichtbarkeit der vertraglichen Verpflichtungen:<\/strong> Sie wissen, wozu Sie sich verpflichtet haben. Verfolgen Sie, ob die Verpflichtungen eingehalten werden.<\/li>\n<li><strong>Standardisierte Begriffe:<\/strong> Erkennen Sie, wo sich die Bedingungen der verschiedenen Anbieter unterscheiden. Sorgen Sie f\u00fcr Konsistenz, wo es sinnvoll ist.<\/li>\n<li><strong>Risikomanagement:<\/strong> Erkennen Sie, wo Sie ung\u00fcnstige Bedingungen haben. Identifizieren Sie Vertr\u00e4ge, die Aufmerksamkeit erfordern.<\/li>\n<\/ul>\n\n\n<h4 class=\"wp-block-heading\">F\u00fcr Beschaffungsmanager und Eink\u00e4ufer<\/h4>\n\n\n<p>Sie verwalten Vertr\u00e4ge, anstatt nach Informationen zu suchen.<\/p>\n<ul>\n<li><strong>Wissen, was in Ihren Vertr\u00e4gen steht:<\/strong> Ohne jede Seite erneut zu lesen. Schl\u00fcsselbegriffe extrahiert und verf\u00fcgbar.<\/li>\n<li><strong>Bereiten Sie Erneuerungen mit Daten vor:<\/strong> Leistungsanalyse. Marktkontext. Verhandlungspunkte bereit.<\/li>\n<li><strong>Verfolgen Sie die Leistung von Lieferanten:<\/strong> Gegen\u00fcber den vertraglich vereinbarten Verpflichtungen. Belege f\u00fcr Lieferantengespr\u00e4che.<\/li>\n<li><strong>Gew\u00e4hrleistung der Einhaltung der Preise:<\/strong> \u00dcberpr\u00fcfen Sie die Geb\u00fchren anhand der vertraglich vereinbarten Bedingungen. Erkennen Sie \u00fcberh\u00f6hte Geb\u00fchren vor der Zahlung.<\/li>\n<li><strong>Konzentration auf strategische Vertr\u00e4ge:<\/strong> Routinevertr\u00e4ge werden automatisch \u00fcberwacht. Sie konzentrieren sich auf hochwertige, komplexe Vertr\u00e4ge.<\/li>\n<\/ul>\n\n\n<h4 class=\"wp-block-heading\">F\u00fcr das Unternehmen<\/h4>\n\n\n<p>Ein besseres Vertragsmanagement bedeutet bessere Konditionen und weniger Probleme.<\/p>\n<ul>\n<li><strong>Bessere Vertragsbedingungen:<\/strong> Auf Daten gest\u00fctzte Verl\u00e4ngerungsverhandlungen f\u00fchren zu besseren Ergebnissen als reaktive Verl\u00e4ngerungen.<\/li>\n<li><strong>Lieferanten werden zur Verantwortung gezogen:<\/strong> Die Leistungs\u00fcberwachung stellt sicher, dass die Lieferanten halten, was sie versprechen.<\/li>\n<li><strong>Geld, das nicht auf dem Tisch liegt:<\/strong> \u00dcberpr\u00fcfung der Preiseinhaltung. Realisierung von Mengenrabatten. Strategisch eingesetzte K\u00fcndigungsfenster.<\/li>\n<li><strong>Risikominderung:<\/strong> Verfolgung der Vertragsverpflichtungen. \u00dcberwachung der Einhaltung. Probleme werden fr\u00fchzeitig erkannt.<\/li>\n<li><strong>Strategische Flexibilit\u00e4t:<\/strong> Wissen, wann Vertr\u00e4ge auslaufen. Planen Sie Lieferantenwechsel. Vermeiden Sie unerw\u00fcnschte automatische Vertragsverl\u00e4ngerungen.<\/li>\n<\/ul>\n\n\n<hr class=\"wp-block-separator has-alpha-channel-opacity\"\/>\n\n\n\n<h3 class=\"wp-block-heading\">Was KI nicht leisten wird<\/h3>\n\n\n<p>Wir sollten uns \u00fcber die Grenzen im Klaren sein.<\/p>\n<p>Die KI handelt keine Vertr\u00e4ge aus. Menschen verhandeln. Die KI liefert Daten und Analysen als Grundlage f\u00fcr die Verhandlungen.<\/p>\n<p>KI interpretiert keine zweideutige Vertragssprache, \u00fcber die sich selbst Juristen nicht einig sind. F\u00fcr komplexe juristische Auslegungen ist nach wie vor menschliches Fachwissen erforderlich.<\/p>\n<p>KI trifft keine strategischen Entscheidungen \u00fcber Vertragsverl\u00e4ngerungen. Ob ein Vertrag verl\u00e4ngert, neu verhandelt oder der Lieferant gewechselt werden soll, h\u00e4ngt von der Gesch\u00e4ftsstrategie, den Beziehungen und anderen Faktoren ab, die \u00fcber die Vertragsbedingungen hinausgehen.<\/p>\n<p>AI macht Vertragsinformationen zug\u00e4nglich. Sie verfolgt Termine und Verpflichtungen. Sie \u00fcberwacht die Einhaltung. Sie liefert Daten f\u00fcr die Entscheidungsfindung.<\/p>\n<p>Ihr Beschaffungsteam trifft nach wie vor strategische Entscheidungen. Sie treffen sie nur mit besseren Informationen und mehr Zeit, weil sie nicht in der Vertragsverwaltung untergehen.<\/p>\n\n\n<hr class=\"wp-block-separator has-alpha-channel-opacity\"\/>\n\n\n\n<h3 class=\"wp-block-heading\">Echte Ergebnisse durch KI im Vertragsmanagement<\/h3>\n\n\n<p>In der Praxis sieht das folgenderma\u00dfen aus:<\/p>\n\n<p><strong>Keine verpassten Verl\u00e4ngerungen:<\/strong> Jede Erneuerung wird verfolgt. Warnungen mit Zeit f\u00fcr strategisches Handeln. Keine unerw\u00fcnschten automatischen Verl\u00e4ngerungen mehr.<\/p>\n\n<p><strong>Bessere Verl\u00e4ngerungsbedingungen:<\/strong> Datengest\u00fctzte Verhandlungen f\u00fchren im Durchschnitt zu 5-15% besseren Preisen. Leistungsbezogene Gespr\u00e4che st\u00e4rken die Konditionen.<\/p>\n\n<p><strong>Einsparungen bei der Einhaltung der Preise:<\/strong> Das Aufsp\u00fcren von \u00fcberh\u00f6hten Geb\u00fchren und fehlenden Rabatten spart in der Regel 2-5% der Vertragsausgaben.<\/p>\n\n<p><strong>Schnellerer Vertragszugang:<\/strong> Das Auffinden von Schl\u00fcsselbegriffen dauert nur Sekunden, statt stundenlangem Lesen von Dokumenten. Fragen werden sofort beantwortet.<\/p>\n\n<p><strong>Verantwortlichkeit der Lieferanten:<\/strong> Die Nachverfolgung der Leistung schafft Beweise f\u00fcr Diskussionen. Lieferanten nehmen Verpflichtungen ernster, wenn sie verfolgt werden.<\/p>\n\n<p>Hier geht es nicht um revolution\u00e4re Ver\u00e4nderungen. Es geht darum, Vertragsmanagement richtig zu betreiben, ohne daf\u00fcr ein Heer von Mitarbeitern zu ben\u00f6tigen.<\/p>\n\n\n<hr class=\"wp-block-separator has-alpha-channel-opacity\"\/>\n\n\n\n<h3 class=\"wp-block-heading\">Sind Sie bereit, die Kontrolle \u00fcber Ihre Vertr\u00e4ge zu \u00fcbernehmen?<\/h3>\n\n\n<p>Jedes Unternehmen hat einen anderen Vertragsbestand. Unterschiedliche Lieferanten. Unterschiedliche Vertragsstrukturen. Unterschiedliche Bedingungen, die f\u00fcr Ihr Unternehmen wichtig sind.<\/p>\n<p>Wir verkaufen keine generischen Vertragsmanagementsysteme. Wir sehen uns Ihre spezifischen Vertr\u00e4ge an und ermitteln, was \u00fcberwacht werden muss. Wir entwickeln Systeme, die die f\u00fcr Sie wichtigen Bedingungen extrahieren. Wir erstellen Warnmeldungen und Berichte, die auf die Arbeitsweise Ihres Beschaffungsteams abgestimmt sind.<\/p>\n<p>Wir versprechen nicht, dass die KI jede rechtliche Nuance versteht. Nur praktische Werkzeuge, die Ihre Vertr\u00e4ge handhabbar machen und sicherstellen, dass Sie nichts Wichtiges \u00fcbersehen.<\/p>\n\n<p><a href=\"https:\/\/www.leaplytics.de\/de\/kontakt\/\">Lassen Sie uns \u00fcber Ihr Vertragsmanagement sprechen<\/a><\/p>\n\n<p><a href=\"https:\/\/www.leaplytics.de\/de\/beschaffung-beschaffung-ki\/\">Zur\u00fcck zu Sourcing &amp; Procurement AI<\/a><\/p>","protected":false},"excerpt":{"rendered":"<p>AI for Contract Management: Never Miss a Renewal, Never Lose Track of Terms Contracts are everywhere in procurement. Supplier agreements. Service contracts. Volume commitments. Licensing deals. Framework agreements. Each one has terms that matter. Prices. Volumes. Renewal dates. Termination clauses. Service level agreements. Penalty terms. The details that determine whether you&#8217;re getting value or getting &hellip; <\/p>","protected":false},"author":2,"featured_media":0,"parent":0,"menu_order":0,"comment_status":"closed","ping_status":"closed","template":"","meta":{"footnotes":""},"class_list":["post-14510","page","type-page","status-publish","hentry","latest_post"],"_links":{"self":[{"href":"https:\/\/www.leaplytics.de\/de\/wp-json\/wp\/v2\/pages\/14510","targetHints":{"allow":["GET"]}}],"collection":[{"href":"https:\/\/www.leaplytics.de\/de\/wp-json\/wp\/v2\/pages"}],"about":[{"href":"https:\/\/www.leaplytics.de\/de\/wp-json\/wp\/v2\/types\/page"}],"author":[{"embeddable":true,"href":"https:\/\/www.leaplytics.de\/de\/wp-json\/wp\/v2\/users\/2"}],"replies":[{"embeddable":true,"href":"https:\/\/www.leaplytics.de\/de\/wp-json\/wp\/v2\/comments?post=14510"}],"version-history":[{"count":1,"href":"https:\/\/www.leaplytics.de\/de\/wp-json\/wp\/v2\/pages\/14510\/revisions"}],"predecessor-version":[{"id":14516,"href":"https:\/\/www.leaplytics.de\/de\/wp-json\/wp\/v2\/pages\/14510\/revisions\/14516"}],"wp:attachment":[{"href":"https:\/\/www.leaplytics.de\/de\/wp-json\/wp\/v2\/media?parent=14510"}],"curies":[{"name":"wp","href":"https:\/\/api.w.org\/{rel}","templated":true}]}}