{"id":14511,"date":"2025-12-19T02:02:31","date_gmt":"2025-12-19T01:02:31","guid":{"rendered":"https:\/\/www.leaplytics.de\/?page_id=14511"},"modified":"2025-12-19T02:02:32","modified_gmt":"2025-12-19T01:02:32","slug":"bestellanforderung-bestellung-ki","status":"publish","type":"page","link":"https:\/\/www.leaplytics.de\/de\/bestellanforderung-bestellung-ki\/","title":{"rendered":"Bestellanforderung &amp; Bestellung AI"},"content":{"rendered":"<h2>AI f\u00fcr Bestellanforderung und Bestellung: Beschleunigen Sie den Einkaufsprozess<\/h2>\n\n<p>Bestellanfragen und Bestellungen sollten einfach sein. Jemand braucht etwas. Er fordert es an. Es wird genehmigt. Die Bestellung geht raus. Erledigt.<\/p>\n<p>Aber das ist nicht einfach. Anforderungen liegen im Posteingang und warten auf ihre Genehmigung. Eink\u00e4ufer bearbeiten Routineauftr\u00e4ge manuell. Die Mitarbeiter wissen nicht, welchen Lieferanten sie benutzen sollen. Bestellungen gehen an Lieferanten, mit denen keine Vertr\u00e4ge bestehen, weil der Genehmigungsprozess zu langsam ist.<\/p>\n<p>Das Ergebnis? Beschaffungsteams, die mit Transaktionsarbeit besch\u00e4ftigt sind. Un\u00fcberlegte Ausgaben, weil das System umgangen wird. Vertragsl\u00fccken, weil Auftr\u00e4ge nicht den ausgehandelten Bedingungen entsprechen.<\/p>\n<p>AI behebt dieses Problem. Sie verarbeitet Standard-Anforderungen automatisch. leitet Genehmigungen auf intelligente Weise weiter. Sie stellt sicher, dass Bestellungen den vertraglichen Bedingungen entsprechen. Sie macht den Prozess so schnell, dass die Mitarbeiter ihn tats\u00e4chlich nutzen.<\/p>\n\n\n<hr class=\"wp-block-separator has-alpha-channel-opacity\"\/>\n\n\n\n<h3 class=\"wp-block-heading\">Warum Purchase-to-Pay-Prozesse langsam sind<\/h3>\n\n\n<p>In den meisten Unternehmen sind die Prozesse von der Bedarfsanforderung bis zur Bestellung fehlerhaft. Nicht, weil die Beschaffungsteams ihre Arbeit schlecht machen. Sondern weil der Prozess zu viel manuelle Arbeit erfordert.<\/p>\n<p>Jemand reicht einen Antrag ein. Ein Eink\u00e4ufer muss sie \u00fcberpr\u00fcfen. Pr\u00fcfen, ob sie den Richtlinien entspricht. Bestimmen, wer ihn genehmigen soll. Leiten Sie sie an den richtigen Genehmiger weiter. Warten Sie auf die Genehmigung. Dann legen Sie manuell eine Bestellung an. W\u00e4hlen Sie einen Lieferanten. Geben Sie alle Details erneut ein.<\/p>\n<p>F\u00fcr Standard- und Routineauftr\u00e4ge. Jedes einzelne Mal.<\/p>\n<p>Eink\u00e4ufer verbringen Stunden mit der Bearbeitung von Bestellanforderungen, die immer nach dem gleichen Muster ablaufen. B\u00fcrobedarf. Standardkomponenten. Wiederkehrende Dienstleistungen. Auftr\u00e4ge, die kein menschliches Fachwissen ben\u00f6tigen, aber trotzdem bearbeitet werden, weil der Prozess eine manuelle Bearbeitung erfordert.<\/p>\n<p>Wenn der Prozess langsam ist, umgehen die Menschen ihn. Sie kaufen direkt bei den Lieferanten. Sie verwenden pers\u00f6nliche Kreditkarten. Sie \u00fcberspringen Genehmigungen. Unkonventionelle Ausgaben sind nicht b\u00f6swillig, sondern die Mitarbeiter versuchen, ihre Arbeit zu erledigen.<\/p>\n<p>Und die Beschaffung verliert die Kontrolle. Vertragslieferanten erhalten nicht das Volumen, das ihnen versprochen wurde. Ausgehandelte Konditionen werden nicht genutzt. Der \u00dcberblick \u00fcber die Ausgaben geht verloren.<\/p>\n\n\n<hr class=\"wp-block-separator has-alpha-channel-opacity\"\/>\n\n\n\n<h3 class=\"wp-block-heading\">Was AI f\u00fcr Bestellanforderung und Bestellung leistet<\/h3>\n\n\n<p>KI beschleunigt nicht nur den Beschaffungsprozess. Sie macht ihn intelligent. Und so geht's.<\/p>\n\n\n<h4 class=\"wp-block-heading\">Verarbeitet Suchauftr\u00e4ge automatisch<\/h4>\n\n\n<p>Die KI erh\u00e4lt eine Anforderung. Sie analysiert, was angefordert wird.<\/p>\n<p>Ist dies ein Standardartikel? Die KI erkennt ihn aus fr\u00fcheren Bestellungen. Sie pr\u00fcft die Anfrage anhand der Richtlinien. Sie pr\u00fcft die Verf\u00fcgbarkeit des Budgets. Best\u00e4tigt, dass die erforderlichen Informationen vollst\u00e4ndig sind.<\/p>\n<p>Wenn alles in Ordnung ist, leitet die KI die Anfrage automatisch zur Genehmigung weiter. F\u00fcr Routineanfragen ist kein Eingreifen des K\u00e4ufers erforderlich.<\/p>\n<p>Wenn etwas nicht stimmt, zeigt die KI bestimmte Probleme an:<\/p>\n<ul>\n<li>Fehlende Kostenstelle oder GL-Code<\/li>\n<li>\u00dcberschreitung der Haushaltsschwelle, die eine besondere Genehmigung erfordert<\/li>\n<li>Artikel entspricht nicht den zugelassenen Kategorien<\/li>\n<li>Erforderliche Unterlagen nicht beigef\u00fcgt<\/li>\n<li>Unklare und kl\u00e4rungsbed\u00fcrftige Spezifikationen<\/li>\n<\/ul>\n<p>Der Antragsteller erh\u00e4lt sofort eine klare R\u00fcckmeldung. Keine pauschale Ablehnung. Spezifische Probleme, die behoben werden m\u00fcssen.<\/p>\n<p>Standardanforderungen werden innerhalb von Minuten durch das System geleitet. Komplexe Anforderungen werden an Eink\u00e4ufer weitergeleitet, die wissen, was zu pr\u00fcfen ist.<\/p>\n\n\n<h4 class=\"wp-block-heading\">Leitet Genehmigungen auf intelligente Weise<\/h4>\n\n\n<p>Die Genehmigungsabl\u00e4ufe sind komplex. Unterschiedliche Genehmiger f\u00fcr unterschiedliche Betr\u00e4ge. Unterschiedliche Pfade f\u00fcr unterschiedliche Kategorien. Unterschiedliche Regeln f\u00fcr verschiedene Abteilungen.<\/p>\n<p>Die Leute kommen durcheinander. Anforderungen gehen an den falschen Genehmiger. Sie werden zur\u00fcckgeschickt. Sie verz\u00f6gern sich, w\u00e4hrend die Leute herausfinden, wer eigentlich genehmigen sollte.<\/p>\n<p>Die KI kennt die Zulassungsregeln:<\/p>\n<ul>\n<li><strong>Betragsabh\u00e4ngiges Routing:<\/strong> Unter $1.000 geht es an einen Genehmiger. \u00dcber $10.000 ist eine zus\u00e4tzliche Genehmigung erforderlich.<\/li>\n<li><strong>Kategoriebasiertes Routing:<\/strong> IT-K\u00e4ufe m\u00fcssen von der IT-Abteilung genehmigt werden. Investitionsg\u00fcter bed\u00fcrfen einer finanziellen \u00dcberpr\u00fcfung.<\/li>\n<li><strong>Regeln des Ministeriums:<\/strong> Verschiedene Abteilungen haben unterschiedliche Delegationsstufen und Genehmigungsketten.<\/li>\n<li><strong>Ausnahmeregelungen:<\/strong> Nicht-Katalogartikel. Nicht vertraglich gebundene Lieferanten. Besondere Genehmigungsanforderungen.<\/li>\n<li><strong>Substitutionslogik:<\/strong> Der Hauptgenehmiger ist nicht verf\u00fcgbar? Automatische Weiterleitung an den vorgesehenen Stellvertreter.<\/li>\n<\/ul>\n<p>Jede Anforderung geht gleich beim ersten Mal an den richtigen Genehmiger. Keine Verwirrung. Keine Verz\u00f6gerungen, w\u00e4hrend die Mitarbeiter pr\u00fcfen, wer was genehmigen sollte.<\/p>\n<p>Und die Genehmiger? Sie erhalten mit jeder Anfrage einen Kontext. Was wird bestellt. Warum. Budgetstatus. Einhaltung von Vertr\u00e4gen. Ob es sich um eine Routineangelegenheit handelt oder ob sie einer Pr\u00fcfung bedarf. Sie k\u00f6nnen schnell genehmigen, wenn es angebracht ist.<\/p>\n\n\n<h4 class=\"wp-block-heading\">Schl\u00e4gt bevorzugte Lieferanten vor<\/h4>\n\n\n<p>Jemand fordert B\u00fcromaterial an. Welchen Lieferanten sollten Sie w\u00e4hlen?<\/p>\n<p>Ihr Unternehmen hat drei Lieferanten f\u00fcr B\u00fcrobedarf unter Vertrag. Jeder hat unterschiedliche Preise f\u00fcr verschiedene Artikel. Unterschiedliche Lieferzeiten. Unterschiedliche Mindestbestellmengen.<\/p>\n<p>Die Eink\u00e4ufer wissen das. Sie haben die Vertr\u00e4ge ausgehandelt. Aber die Anforderer wissen das nicht. Und die Eink\u00e4ufer wollen nicht f\u00fcr jeden Auftrag manuell nachsehen, welcher Lieferant der beste ist.<\/p>\n<p>Die KI empfiehlt automatisch Lieferanten:<\/p>\n<ul>\n<li><strong>Beste Preise:<\/strong> Vergleicht die Vertragspreise verschiedener Lieferanten f\u00fcr die angefragten Artikel.<\/li>\n<li><strong>Liefergeschwindigkeit:<\/strong> Ber\u00fccksichtigt die Dringlichkeit und die Vorlaufzeiten der Lieferanten.<\/li>\n<li><strong>Gelegenheit zur Konsolidierung:<\/strong> Wenn es andere offene Bestellungen gibt, schlagen Sie vor, diese zu kombinieren, um die Mindestbestellmenge zu erreichen.<\/li>\n<li><strong>Einhaltung der Vertr\u00e4ge:<\/strong> Priorisiert Lieferanten, bei denen Sie Mengenverpflichtungen zu erf\u00fcllen haben.<\/li>\n<li><strong>Bisherige Leistungen:<\/strong> Ber\u00fccksichtigt die Liefertreue und die Qualit\u00e4tshistorie.<\/li>\n<\/ul>\n<p>Die Bestellung geht an den Lieferanten, der Ihnen das beste Angebot macht. Nicht wahllos. Nicht an den, den der Anforderer zuf\u00e4llig kennt. Die Bestellung geht an den vertraglich gebundenen Lieferanten mit den besten Konditionen f\u00fcr diesen speziellen Auftrag.<\/p>\n<p>Die Einhaltung der Vertr\u00e4ge wird verbessert. Ihre ausgehandelten Bedingungen werden tats\u00e4chlich genutzt. Die Lieferanten erf\u00fcllen ihre Mengenverpflichtungen, weil die Auftr\u00e4ge dorthin flie\u00dfen, wo sie sollen.<\/p>\n\n\n<h4 class=\"wp-block-heading\">Validierung von Auftr\u00e4gen gegen Vertr\u00e4ge<\/h4>\n\n\n<p>Sie haben die Vertr\u00e4ge aus einem bestimmten Grund ausgehandelt. Bessere Preise. Vereinbarte Bedingungen. Mengenrabatte. Aber wenn die Auftr\u00e4ge nicht den Vertragsbedingungen entsprechen, verlieren Sie die Vorteile.<\/p>\n<p>Die KI validiert jeden Auftrag anhand der Vertragsbedingungen:<\/p>\n<ul>\n<li><strong>Preis\u00fcberpr\u00fcfung:<\/strong> Ist dies der vertraglich vereinbarte Preis? Wenn nicht, kennzeichnen Sie ihn und erkl\u00e4ren Sie die Abweichung.<\/li>\n<li><strong>Einhaltung der Frist:<\/strong> Bestellen wir innerhalb der vereinbarten Mindest-\/H\u00f6chstmengen?<\/li>\n<li><strong>\u00dcberpr\u00fcfung des Rabatts:<\/strong> Werden die vertraglich vereinbarten Rabatte angewendet? Werden die Mengenrabatte korrekt berechnet?<\/li>\n<li><strong>Das passende Produkt:<\/strong> Handelt es sich um einen Vertragsgegenstand oder einen \u00e4hnlichen Ersatz zu einem anderen Preis?<\/li>\n<li><strong>Zahlungsbedingungen:<\/strong> Verwenden wir die ausgehandelten Zahlungsbedingungen oder andere Bedingungen?<\/li>\n<\/ul>\n<p>Wenn eine Bestellung nicht mit dem Vertrag \u00fcbereinstimmt, kennzeichnet die KI sie, bevor die Bestellung rausgeht.<\/p>\n<p>Vielleicht ist der Preis h\u00f6her als vertraglich vereinbart. Vielleicht hat der Lieferant \"versehentlich\" einen Rabatt gestrichen. Vielleicht bestellt jemand eine nicht vertraglich vereinbarte Ware, obwohl es eine vertraglich vereinbarte Alternative gibt.<\/p>\n<p>Sie bemerken es, bevor Sie es bezahlen. Nicht erst beim Rechnungsabgleich, wenn es zu sp\u00e4t ist.<\/p>\n<p>Hier geht es nicht darum, Lieferanten zu misstrauen. Es geht darum, sicherzustellen, dass die von Ihnen ausgehandelten Bedingungen tats\u00e4chlich auf jede Bestellung angewendet werden.<\/p>\n\n\n<h4 class=\"wp-block-heading\">Verfolgt den Auftragsstatus proaktiv<\/h4>\n\n\n<p>Die Bestellungen gehen raus. Dann beginnen die Fragen. \"Wo ist meine Bestellung?\" \"Wann wird sie eintreffen?\" \"Hat der Lieferant sie best\u00e4tigt?\"<\/p>\n<p>Eink\u00e4ufer stellen diese Fragen st\u00e4ndig. Sie \u00fcberpr\u00fcfen Systeme. Sie rufen Lieferanten an. Senden E-Mails. Statusaktualisierungen sind ein Vollzeitjob.<\/p>\n<p>Die KI \u00fcberwacht den Auftragsstatus automatisch:<\/p>\n<ul>\n<li><strong>Best\u00e4tigung des Lieferanten:<\/strong> Hat der Lieferant den Auftrag best\u00e4tigt? Hat er das Lieferdatum akzeptiert? Unstimmigkeiten festgestellt?<\/li>\n<li><strong>Produktions-\/Versandverfolgung:<\/strong> Liegt die Bestellung im Zeitplan? Wurde sie versandt? Wo befindet sie sich auf dem Transportweg?<\/li>\n<li><strong>\u00dcberwachung der Lieferung:<\/strong> Das erwartete Lieferdatum r\u00fcckt n\u00e4her. Ist es angekommen? Wurde es in den Bestand aufgenommen?<\/li>\n<li><strong>Ausnahmewarnungen:<\/strong> Verz\u00f6gerungen. R\u00fcckst\u00e4ndige Auftr\u00e4ge. Qualit\u00e4tsprobleme, die beim Wareneingang gemeldet werden. Mengenabweichungen.<\/li>\n<li><strong>Proaktive Kommunikation:<\/strong> Aktualisiert Antragsteller automatisch. Eskaliert nur dann an Eink\u00e4ufer, wenn ein Eingreifen erforderlich ist.<\/li>\n<\/ul>\n<p>Antragsteller erhalten Statusaktualisierungen, ohne zu fragen. Eink\u00e4ufer konzentrieren sich auf Ausnahmen, nicht auf routinem\u00e4\u00dfige Statuspr\u00fcfungen.<\/p>\n<p>Eine Bestellung verz\u00f6gert sich? Die KI benachrichtigt den Anforderer und den K\u00e4ufer, bevor jemand nachfragen muss. Sie liefert den Kontext - warum sich die Bestellung verz\u00f6gert, das neue erwartete Datum, ob es Alternativen gibt.<\/p>\n<p>Probleme werden proaktiv angegangen. Sie werden nicht entdeckt, wenn jemand fragt: \"Hey, wo ist die Bestellung, die ich vor drei Wochen aufgegeben habe?\"<\/p>\n\n\n<hr class=\"wp-block-separator has-alpha-channel-opacity\"\/>\n\n\n\n<h3 class=\"wp-block-heading\">Was das f\u00fcr Sie bedeutet<\/h3>\n\n\n\n<h4 class=\"wp-block-heading\">F\u00fcr CPOs und Leiter der Beschaffung<\/h4>\n\n\n<p>Sie erhalten die Kontrolle und den \u00dcberblick \u00fcber den gesamten Kauf- und Bestellprozess.<\/p>\n<ul>\n<li><strong>H\u00f6here Vertragstreue:<\/strong> Die Auftr\u00e4ge gehen an die vertraglich gebundenen Lieferanten. Ausgehandelte Bedingungen werden genutzt. Die Mengenverpflichtungen werden eingehalten.<\/li>\n<li><strong>Weniger unkonventionelle Ausgaben:<\/strong> Wenn das genehmigte Verfahren schnell ist, nutzen die Menschen es, anstatt es zu umgehen.<\/li>\n<li><strong>Schnellere Beschaffungszyklen:<\/strong> Bearbeitung von Standardauftr\u00e4gen in Minuten, nicht in Tagen. Gesch\u00e4ftsanforderungen schneller erf\u00fcllt.<\/li>\n<li><strong>Bessere Ressourcenzuweisung:<\/strong> Eink\u00e4ufer arbeiten an komplexen Eink\u00e4ufen und Verhandlungen, nicht an der routinem\u00e4\u00dfigen Auftragsabwicklung.<\/li>\n<li><strong>Sichtbarkeit der Ausgaben:<\/strong> Alle Auftr\u00e4ge flie\u00dfen durch das System. Vollst\u00e4ndige Transparenz dar\u00fcber, was gekauft wird und von wem.<\/li>\n<\/ul>\n\n\n<h4 class=\"wp-block-heading\">F\u00fcr Beschaffungsmanager und Eink\u00e4ufer<\/h4>\n\n\n<p>Sie h\u00f6ren auf, eine Bedarfsabwicklungsstelle zu sein und werden zu einer strategischen Funktion.<\/p>\n<ul>\n<li><strong>Stoppen Sie die Bearbeitung von Routineauftr\u00e4gen:<\/strong> Standard-Anforderungen flie\u00dfen automatisch. Sie bearbeiten nur das, was Fachwissen erfordert.<\/li>\n<li><strong>Konzentration auf komplexe K\u00e4ufe:<\/strong> Zeit f\u00fcr Verhandlungen. Management der Lieferantenbeziehungen. Strategische Beschaffung.<\/li>\n<li><strong>Bessere Nutzung der Vertr\u00e4ge:<\/strong> Die Bestellungen gehen automatisch an die richtigen Lieferanten zu den richtigen Konditionen.<\/li>\n<li><strong>Weniger Status\u00fcberpr\u00fcfung:<\/strong> Die automatisierte Nachverfolgung behandelt Routinefragen. Sie konzentrieren sich auf Ausnahmen.<\/li>\n<li><strong>Klare Arbeitsbelastung:<\/strong> Sie wissen, worauf Sie achten m\u00fcssen. Was Routine ist, wird automatisch erledigt.<\/li>\n<\/ul>\n\n\n<h4 class=\"wp-block-heading\">F\u00fcr Antragsteller und gesch\u00e4ftliche Nutzer<\/h4>\n\n\n<p>Sie bekommen, was Sie brauchen, schneller und mit weniger Aufwand.<\/p>\n<ul>\n<li><strong>Schnellere Bestellungen:<\/strong> Standardanforderungen werden in Minutenschnelle genehmigt und bestellt. Keine tagelangen Wartezeiten mehr f\u00fcr Routineartikel.<\/li>\n<li><strong>Status l\u00f6schen:<\/strong> Sie wissen, wo Ihre Bestellung ist, ohne zu fragen. Proaktive Updates \u00fcber die Lieferung.<\/li>\n<li><strong>Einfacher Prozess:<\/strong> Klare Anweisungen, was zu tun ist. Sofortige R\u00fcckmeldung, wenn etwas nicht in Ordnung ist.<\/li>\n<li><strong>Besserer Service:<\/strong> Bevorzugte Lieferanten werden automatisch vorgeschlagen. Beste Lieferzeiten und -bedingungen.<\/li>\n<li><strong>Keine Umgehungen mehr:<\/strong> Das Genehmigungsverfahren ist so schnell, dass Sie es nicht zu umgehen brauchen.<\/li>\n<\/ul>\n\n\n<hr class=\"wp-block-separator has-alpha-channel-opacity\"\/>\n\n\n\n<h3 class=\"wp-block-heading\">Was KI nicht leisten wird<\/h3>\n\n\n<p>Wir sollten uns dar\u00fcber im Klaren sein, worum es hier nicht geht.<\/p>\n<p>Die KI genehmigt keine K\u00e4ufe. Menschen genehmigen sie. Die KI leitet Anfragen nur an den richtigen Genehmiger mit den richtigen Informationen weiter.<\/p>\n<p>KI ersetzt nicht das Urteilsverm\u00f6gen des K\u00e4ufers bei komplexen Eink\u00e4ufen. Neue Lieferanten. Nicht standardisierte Artikel. Investitionsg\u00fcter. Strategische Eink\u00e4ufe. Hier ist menschliches Fachwissen gefragt.<\/p>\n<p>Die KI macht nicht alle manuellen Arbeiten \u00fcberfl\u00fcssig. Manche Bestellanforderungen sind komplex. Manche Auftr\u00e4ge erfordern eine besondere Behandlung. Manche Situationen erfordern ein menschliches Urteil \u00fcber Risiken, Qualit\u00e4t oder Lieferantenauswahl.<\/p>\n<p>Die KI k\u00fcmmert sich um die Routine. Die Standardauftr\u00e4ge, die Mustern folgen. Die 80%-Bestellungen, f\u00fcr die kein menschliches Fachwissen erforderlich ist, die aber in der Vergangenheit trotzdem bearbeitet wurden, weil der Prozess eine manuelle Bearbeitung erforderte.<\/p>\n<p>Ihre Kunden treffen immer noch Entscheidungen. Sie treffen nur Entscheidungen \u00fcber Dinge, die tats\u00e4chlich ihr Fachwissen erfordern.<\/p>\n\n\n<hr class=\"wp-block-separator has-alpha-channel-opacity\"\/>\n\n\n\n<h3 class=\"wp-block-heading\">Echte Ergebnisse von Requisition &amp; Ordering AI<\/h3>\n\n\n<p>In der Praxis sieht das folgenderma\u00dfen aus:<\/p>\n\n<p><strong>70-80% der automatisch verarbeiteten Bestellanforderungen:<\/strong> Standardauftr\u00e4ge werden ohne Eingreifen des K\u00e4ufers abgewickelt. Die Eink\u00e4ufer konzentrieren sich auf die 20-30%, die Fachwissen ben\u00f6tigen.<\/p>\n\n<p><strong>Verk\u00fcrzung des Genehmigungszyklus um 50-70%:<\/strong> Anforderungen werden sofort an den richtigen Genehmiger weitergeleitet. Keine Verwirrung, keine Verz\u00f6gerungen, kein Hin und Her.<\/p>\n\n<p><strong>Vertragserf\u00fcllung erh\u00f6ht 15-30%:<\/strong> Die Auftr\u00e4ge gehen automatisch an die vertraglich gebundenen Lieferanten zu den vertraglich vereinbarten Bedingungen. Die unkonventionellen Ausgaben sinken.<\/p>\n\n<p><strong>Freigewordene K\u00e4uferkapazit\u00e4t:<\/strong> Stunden pro Tag von der routinem\u00e4\u00dfigen Auftragsbearbeitung zur\u00fcckgewonnen. Zeit, die f\u00fcr strategische Beschaffung und Verhandlungen verwendet werden kann.<\/p>\n\n<p><strong>Bessere Benutzererfahrung:<\/strong> Schnell genug, damit die Menschen das System nutzen, anstatt nach Umgehungsl\u00f6sungen zu suchen. Eine h\u00f6here Akzeptanz bedeutet eine bessere Transparenz der Ausgaben.<\/p>\n\n<p>Es geht nicht darum, die Zahl der Mitarbeiter im Beschaffungswesen zu reduzieren. Es geht darum, dass die Beschaffung mit denselben Ressourcen mehr strategische Arbeit leisten kann.<\/p>\n\n\n<hr class=\"wp-block-separator has-alpha-channel-opacity\"\/>\n\n\n\n<h3 class=\"wp-block-heading\">Sind Sie bereit, Ihren Purchase-to-Order-Prozess zu beschleunigen?<\/h3>\n\n\n<p>Jedes Unternehmen hat einen anderen Bestell- und Anforderungsprozess. Ihre Genehmigungsabl\u00e4ufe spiegeln Ihre Organisationsstruktur wider. Ihr Lieferantenstamm weist einzigartige Merkmale auf. Ihre Kategorien haben unterschiedliche Anforderungen.<\/p>\n<p>Wir verkaufen keine generische Beschaffungsautomatisierung. Wir betrachten Ihren spezifischen Prozess von der Bedarfsanforderung bis zur Bestellung. Wir ermitteln, welche Bestellungen automatisiert werden k\u00f6nnen und welche menschliches Fachwissen erfordern. Wir entwickeln Systeme, die der tats\u00e4chlichen Arbeitsweise Ihres Unternehmens entsprechen.<\/p>\n<p>Wir versprechen nicht, dass alles automatisiert wird. Nur praktische KI, die Routineauftr\u00e4ge abwickelt, damit sich Ihre Eink\u00e4ufer auf die strategische Beschaffung konzentrieren k\u00f6nnen.<\/p>\n\n<p><a href=\"https:\/\/www.leaplytics.de\/de\/kontakt\/\">Sprechen wir \u00fcber Ihren Anforderungsprozess<\/a><\/p>\n\n<p><a href=\"https:\/\/www.leaplytics.de\/de\/beschaffung-beschaffung-ki\/\">Zur\u00fcck zu Sourcing &amp; Procurement AI<\/a><\/p>","protected":false},"excerpt":{"rendered":"<p>AI for Purchase Requisition &#038; Ordering: Speed Up the Buying Process Purchase requisitions and ordering should be simple. Someone needs something. They request it. It gets approved. The order goes out. Done. But it&#8217;s not simple. Requisitions sit in inboxes waiting for approval. Buyers manually process routine orders. People don&#8217;t know which supplier to use. &hellip; <\/p>","protected":false},"author":2,"featured_media":0,"parent":0,"menu_order":0,"comment_status":"closed","ping_status":"closed","template":"","meta":{"footnotes":""},"class_list":["post-14511","page","type-page","status-publish","hentry","latest_post"],"_links":{"self":[{"href":"https:\/\/www.leaplytics.de\/de\/wp-json\/wp\/v2\/pages\/14511","targetHints":{"allow":["GET"]}}],"collection":[{"href":"https:\/\/www.leaplytics.de\/de\/wp-json\/wp\/v2\/pages"}],"about":[{"href":"https:\/\/www.leaplytics.de\/de\/wp-json\/wp\/v2\/types\/page"}],"author":[{"embeddable":true,"href":"https:\/\/www.leaplytics.de\/de\/wp-json\/wp\/v2\/users\/2"}],"replies":[{"embeddable":true,"href":"https:\/\/www.leaplytics.de\/de\/wp-json\/wp\/v2\/comments?post=14511"}],"version-history":[{"count":1,"href":"https:\/\/www.leaplytics.de\/de\/wp-json\/wp\/v2\/pages\/14511\/revisions"}],"predecessor-version":[{"id":14518,"href":"https:\/\/www.leaplytics.de\/de\/wp-json\/wp\/v2\/pages\/14511\/revisions\/14518"}],"wp:attachment":[{"href":"https:\/\/www.leaplytics.de\/de\/wp-json\/wp\/v2\/media?parent=14511"}],"curies":[{"name":"wp","href":"https:\/\/api.w.org\/{rel}","templated":true}]}}