{"id":14514,"date":"2025-12-19T02:03:17","date_gmt":"2025-12-19T01:03:17","guid":{"rendered":"https:\/\/www.leaplytics.de\/?page_id=14514"},"modified":"2025-12-19T02:03:17","modified_gmt":"2025-12-19T01:03:17","slug":"risikomanagement-der-lieferantenleistung-ai","status":"publish","type":"page","link":"https:\/\/www.leaplytics.de\/de\/risikomanagement-der-lieferantenleistung-ai\/","title":{"rendered":"Lieferantenleistung und Risikomanagement AI"},"content":{"rendered":"<h2>AI f\u00fcr Lieferantenleistung und Risikomanagement: Kennen Sie Ihre Zulieferer, bevor sie Probleme verursachen<\/h2>\n\n<p>Ihr Unternehmen ist auf Lieferanten angewiesen. Sie liefern die Materialien, die Sie ben\u00f6tigen. Die Komponenten, mit denen Sie bauen. Die Dienstleistungen, die den Betrieb am Laufen halten.<\/p>\n<p>Wenn Lieferanten gut arbeiten, denkt man nicht \u00fcber sie nach. Wenn sie versagen, h\u00f6rt alles auf.<\/p>\n<p>Versp\u00e4tete Lieferungen verz\u00f6gern die Produktion. Qualit\u00e4tsprobleme f\u00fchren zu Nacharbeit und Kundenbeschwerden. Finanzielle Probleme f\u00fchren zu Lieferunterbrechungen. Verst\u00f6\u00dfe gegen die Vorschriften f\u00fchren zu rechtlichen Konsequenzen. Kleine Lieferantenprobleme werden zu gro\u00dfen Gesch\u00e4ftsproblemen.<\/p>\n<p>Doch die meisten Unternehmen \u00fcberwachen die Leistung ihrer Lieferanten nicht systematisch. Nicht, weil sie sich nicht darum k\u00fcmmern w\u00fcrden. Weil es unm\u00f6glich ist, Hunderte von Lieferanten manuell zu \u00fcberwachen.<\/p>\n<p>Sie bemerken Probleme erst, wenn sie Sie selbst betreffen. Die versp\u00e4tete Lieferung, die die Produktion stoppt. Das Qualit\u00e4tsproblem, das die Kunden erreicht. Der Konkurs des Lieferanten, der Sie auf der Suche nach Alternativen zur\u00fcckl\u00e4sst.<\/p>\n<p>KI \u00e4ndert dies. Sie \u00fcberwacht die Leistung der Lieferanten kontinuierlich. Verfolgt Risikosignale aus verschiedenen Quellen. macht Sie auf Probleme aufmerksam, bevor sie den Betrieb beeintr\u00e4chtigen. Verwandelt reaktive Brandbek\u00e4mpfung in proaktives Risikomanagement.<\/p>\n\n\n<hr class=\"wp-block-separator has-alpha-channel-opacity\"\/>\n\n\n\n<h3 class=\"wp-block-heading\">Warum Supplier Performance Management scheitert<\/h3>\n\n\n<p>Die meisten Unternehmen haben irgendeine Form der Leistungsverfolgung von Lieferanten. Scorecards. Viertelj\u00e4hrliche Gesch\u00e4fts\u00fcberpr\u00fcfungen. J\u00e4hrliche Bewertungen.<\/p>\n<p>Diese sind jedoch r\u00fcckblickend und periodisch. Sie sagen Ihnen, was im letzten Quartal passiert ist. Sie sagen nichts dar\u00fcber aus, was jetzt passiert oder welche Probleme auf uns zukommen werden.<\/p>\n<p>Die Lieferleistung eines Lieferanten sieht im Quartalsbericht gut aus. Aber in den letzten drei Wochen hat er die H\u00e4lfte seiner Lieferungen verpasst. Niemand merkt es, bis die Produktion beeintr\u00e4chtigt wird.<\/p>\n<p>Die Finanzen eines Zulieferers sahen bei der j\u00e4hrlichen \u00dcberpr\u00fcfung gut aus. Aber er hat gerade seinen gr\u00f6\u00dften Kunden verloren. Bis Sie davon erfahren, ist er in Schwierigkeiten und Ihre Lieferkette auch.<\/p>\n<p>Und das gilt f\u00fcr kritische Lieferanten, bei denen Sie formelle \u00dcberpr\u00fcfungen durchf\u00fchren. F\u00fcr die anderen 80% Ihrer Lieferantenbasis? Sie werden nur \u00fcberwacht, wenn Probleme offensichtlich werden.<\/p>\n<p>Die manuelle \u00dcberwachung ist nicht skalierbar. Sie k\u00f6nnen nicht die Lieferleistung von 300 Lieferanten verfolgen. Sie k\u00f6nnen nicht f\u00fcr jedes Unternehmen, bei dem Sie einkaufen, die Finanzdaten \u00fcberwachen. Sie k\u00f6nnen nicht st\u00e4ndig den Status der Einhaltung von Vorschriften \u00fcberpr\u00fcfen.<\/p>\n<p>Sie \u00fcberwachen also die gro\u00dfen Lieferanten und hoffen, dass die anderen keine Probleme verursachen. Hoffnung ist keine Strategie f\u00fcr das Risikomanagement.<\/p>\n\n\n<hr class=\"wp-block-separator has-alpha-channel-opacity\"\/>\n\n\n\n<h3 class=\"wp-block-heading\">Was AI f\u00fcr die Lieferantenleistung und das Risikomanagement bedeutet<\/h3>\n\n\n<p>KI verfolgt nicht nur die Leistung von Lieferanten. Sie kann auch Probleme vorhersagen. Und so geht's.<\/p>\n\n\n<h4 class=\"wp-block-heading\">Kontinuierliche \u00dcberwachung der Lieferantenleistung<\/h4>\n\n\n<p>Die KI verfolgt die Leistungsdaten der Lieferanten in Echtzeit. Keine viertelj\u00e4hrlichen \u00dcberpr\u00fcfungen. Kontinuierliche \u00dcberwachung jeder Transaktion.<\/p>\n\n<p><strong>Verfolgung der p\u00fcnktlichen Lieferung:<\/strong><\/p>\n<ul>\n<li>Jede Bestellung. Jede Lieferung. War sie p\u00fcnktlich? Zu fr\u00fch? Versp\u00e4tet? Um wie viel?<\/li>\n<li>Lieferleistung nach Lieferant, nach Kategorie, nach Zeitraum.<\/li>\n<li>Tendenzen: Steigt oder sinkt die Leistung?<\/li>\n<li>Variabilit\u00e4t: Konstante Leistung oder unberechenbar?<\/li>\n<li>Zusagen: Tats\u00e4chliche Leistung im Vergleich zu den vertraglich vereinbarten Service Levels.<\/li>\n<\/ul>\n<p>Die Gesamtleistung eines Lieferanten mag akzeptabel sein, aber seine Leistung bei kritischen Punkten ist schlecht. Die KI erkennt dies. Der Durchschnitt eines Lieferanten liegt bei 95% p\u00fcnktlicher Lieferung, aber die Leistung ist in letzter Zeit auf 80% gefallen. Die KI erkennt den Trend.<\/p>\n\n<p><strong>Qualit\u00e4tsmetriken:<\/strong><\/p>\n<ul>\n<li>Defektraten. R\u00fccklaufquoten. Nachbearbeitungsanforderungen.<\/li>\n<li>Qualit\u00e4tsvorf\u00e4lle nach Schweregrad und H\u00e4ufigkeit.<\/li>\n<li>Einhaltung von Spezifikationen und Normen.<\/li>\n<li>Kundenbeschwerden, die auf Lieferantenprobleme zur\u00fcckzuf\u00fchren sind.<\/li>\n<li>Qualit\u00e4tskosten: Inspektion, Nacharbeit, R\u00fccksendungen, Garantieanspr\u00fcche.<\/li>\n<\/ul>\n<p>Qualit\u00e4tsprobleme zeigen oft Muster, bevor sie offensichtlich werden. Langsam steigende Fehlerquoten. Bestimmte Produktlinien haben Probleme. Die KI identifiziert diese Muster fr\u00fchzeitig.<\/p>\n\n<p><strong>Reaktionsf\u00e4higkeit und Service:<\/strong><\/p>\n<ul>\n<li>Reaktionszeit auf Anfragen und Probleme.<\/li>\n<li>Geschwindigkeit und Effektivit\u00e4t der Probleml\u00f6sung.<\/li>\n<li>Flexibilit\u00e4t bei der Bearbeitung von \u00c4nderungen oder dringenden Anfragen.<\/li>\n<li>Kommunikationsqualit\u00e4t und Proaktivit\u00e4t.<\/li>\n<li>Technische Unterst\u00fctzung und Fachwissen.<\/li>\n<\/ul>\n\n<p><strong>Kommerzielle Leistung:<\/strong><\/p>\n<ul>\n<li>Genauigkeit der Rechnungen. Probleme und Fehler bei der Rechnungsstellung.<\/li>\n<li>Konsistenz der Preisgestaltung mit den Vertr\u00e4gen.<\/li>\n<li>Einhaltung der Zahlungsbedingungen.<\/li>\n<li>Bearbeitungszeit der Angebote und Wettbewerbsf\u00e4higkeit.<\/li>\n<\/ul>\n<p>Die KI sammelt nicht nur Daten. Sie analysiert sie. Zeigt Trends auf. Vergleicht Lieferanten. Sie zeigt Leistungseinbu\u00dfen an, bevor sie kritisch werden.<\/p>\n\n\n<h4 class=\"wp-block-heading\">Bewertung der Lieferantenbeziehungen<\/h4>\n\n\n<p>Sie haben Hunderte von Lieferanten. Welche davon verdienen Aufmerksamkeit? Welche erbringen gute Leistungen? Welche brauchen Verbesserungsgespr\u00e4che?<\/p>\n<p>Die KI bewertet jeden Anbieter anhand mehrerer Dimensionen:<\/p>\n\n<p><strong>Leistungsbewertung:<\/strong><\/p>\n<ul>\n<li>Gewichtete Kombination aus Liefer-, Qualit\u00e4ts-, Reaktions- und Gesch\u00e4ftskennzahlen.<\/li>\n<li>Bereinigt um die Wichtigkeit: Kritische Lieferanten werden strenger bewertet.<\/li>\n<li>Verglichen mit den vertraglich vereinbarten Verpflichtungen und der Leistung anderer Unternehmen.<\/li>\n<\/ul>\n\n<p><strong>Risikowert:<\/strong><\/p>\n<ul>\n<li>Finanzielles Risiko. Compliance-Risiko. Operationelles Risiko. Geografisches Risiko.<\/li>\n<li>Abh\u00e4ngigkeiten von einer einzigen Quelle. Konzentrationsrisiko.<\/li>\n<li>Externe Faktoren: geopolitische, regulatorische und Marktbedingungen.<\/li>\n<\/ul>\n\n<p><strong>Wertung:<\/strong><\/p>\n<ul>\n<li>Wettbewerbsf\u00e4higkeit bei den Kosten. Beitrag zur Innovation. Strategischer Wert.<\/li>\n<li>Leichte Gesch\u00e4ftsabwicklung. Flexibilit\u00e4t und partnerschaftlicher Ansatz.<\/li>\n<li>Gesamtwert \u00fcber den Preis hinaus.<\/li>\n<\/ul>\n\n<p><strong>Gesamtbewertung des Anbieters:<\/strong><\/p>\n<ul>\n<li>Kombinierte Betrachtung von Leistung, Risiko und Wert.<\/li>\n<li>Segmentierung: strategische Partner, bevorzugte Lieferanten, akzeptable Lieferanten, gef\u00e4hrdete Lieferanten.<\/li>\n<li>Handlungsempfehlungen auf der Grundlage von Bewertungen und Trends.<\/li>\n<\/ul>\n<p>Sie erhalten eine nach Priorit\u00e4ten geordnete Lieferantenliste. Wer braucht ein Leistungsgespr\u00e4ch? Wer verdient mehr Auftr\u00e4ge? Wer braucht einen \u00dcbergangsplan?<\/p>\n<p>Nicht auf der Grundlage des Bauchgef\u00fchls oder derjenigen, die sich am lautesten beschwert haben. Sondern auf der Grundlage umfassender, objektiver Daten.<\/p>\n\n\n<h4 class=\"wp-block-heading\">Fr\u00fchzeitige Erkennung von Risikosignalen<\/h4>\n\n\n<p>Lieferantenprobleme treten nicht pl\u00f6tzlich auf. Es gibt Warnzeichen. Die KI achtet auf sie.<\/p>\n\n<p><strong>Finanzielle Risikosignale:<\/strong><\/p>\n<ul>\n<li>Herabstufung der Kreditw\u00fcrdigkeit. Verschlechterung der Jahresabschl\u00fcsse.<\/li>\n<li>Zahlungsprobleme: versp\u00e4tete Zahlungen an ihre Lieferanten, Steuerpf\u00e4ndungen, Gerichtsurteile.<\/li>\n<li>Gro\u00dfe Kundenverluste. Konzentration oder R\u00fcckgang der Einnahmen.<\/li>\n<li>Entlassungen, Betriebsschlie\u00dfungen, Ank\u00fcndigungen von Umstrukturierungen.<\/li>\n<li>Eigent\u00fcmerwechsel, Managementwechsel, Konkursanmeldungen.<\/li>\n<\/ul>\n\n<p><strong>Signale f\u00fcr das operationelle Risiko:<\/strong><\/p>\n<ul>\n<li>Die Lieferleistung verschlechtert sich. Die Vorlaufzeiten nehmen zu.<\/li>\n<li>Qualit\u00e4tsprobleme nehmen an H\u00e4ufigkeit oder Schwere zu.<\/li>\n<li>Kapazit\u00e4tsbeschr\u00e4nkungen. Produktionsprobleme.<\/li>\n<li>Abg\u00e4nge von Schl\u00fcsselpersonal. Arbeitsprobleme oder Streiks.<\/li>\n<li>Probleme in der Lieferkette, die ihre Lieferanten betreffen.<\/li>\n<\/ul>\n\n<p><strong>Compliance und Reputationsrisiko:<\/strong><\/p>\n<ul>\n<li>Verst\u00f6\u00dfe gegen Rechtsvorschriften. Sicherheitsvorf\u00e4lle. Umweltprobleme.<\/li>\n<li>Rechtliche Probleme: Gerichtsverfahren, Ermittlungen, Geldstrafen.<\/li>\n<li>Negative Berichterstattung. Stimmungsumschwung in den sozialen Medien.<\/li>\n<li>Kundenbeschwerden. Der Ruf der Branche \u00e4ndert sich.<\/li>\n<li>Erl\u00f6schen der Zertifizierung. Versicherungs- oder Lizenzprobleme.<\/li>\n<\/ul>\n\n<p><strong>Markt- und externes Risiko:<\/strong><\/p>\n<ul>\n<li>Geopolitische Fragen, die den Standort der Lieferanten beeinflussen.<\/li>\n<li>Naturkatastrophen, Wetterereignisse, Infrastrukturprobleme.<\/li>\n<li>Regulatorische \u00c4nderungen mit Auswirkungen auf die T\u00e4tigkeit der Lieferanten.<\/li>\n<li>Marktverwerfungen in der Zulieferindustrie.<\/li>\n<li>Die Volatilit\u00e4t der Rohstoffpreise wirkt sich auf die Kosten der Lieferanten aus.<\/li>\n<\/ul>\n<p>Die KI \u00fcberwacht Nachrichten, Finanzdatenbanken, aufsichtsrechtliche Unterlagen, Branchenberichte und interne Leistungsdaten. Sie verkn\u00fcpft Signale, die isoliert betrachtet \u00fcbersehen w\u00fcrden.<\/p>\n<p>Ein Lieferant hat kleinere Lieferverz\u00f6gerungen. Das ist ein Signal. Derselbe Lieferant hat gerade 10% Mitarbeiter entlassen. Das ist ein weiteres Signal. Zusammengenommen deuten sie auf ein gr\u00f6\u00dferes Problem hin.<\/p>\n<p>Sie werden fr\u00fchzeitig gewarnt. Zeit, die Beschaffung zu diversifizieren. Bestandspuffer aufbauen. Alternativen aufstellen. Sie k\u00f6nnen Risiken proaktiv managen, anstatt auf Krisen zu reagieren.<\/p>\n\n\n<h4 class=\"wp-block-heading\">Prognostiziert Versorgungsunterbrechungen<\/h4>\n\n\n<p>Einige Lieferantenprobleme sind vorhersehbar. Die KI identifiziert Muster, die St\u00f6rungen vorausgehen.<\/p>\n\n<p><strong>Muster der Leistungsverschlechterung:<\/strong><\/p>\n<p>Die Lieferleistung nimmt ab. Die Qualit\u00e4t l\u00e4sst nach. L\u00e4ngere Vorlaufzeiten. Diese Muster gehen oft gr\u00f6\u00dferen Problemen voraus.<\/p>\n<p>Die KI lernt, welche Muster mit Unterbrechungen korrelieren. Sie kennzeichnet Lieferanten, die diese Muster aufweisen, bevor die St\u00f6rung eintritt.<\/p>\n\n<p><strong>Kumulierung von Risikofaktoren:<\/strong><\/p>\n<p>Das gleichzeitige Auftreten mehrerer Risikosignale erh\u00f6ht die Wahrscheinlichkeit einer St\u00f6rung.<\/p>\n<p>Finanzieller Stress + betriebliche Probleme + Branchenabschwung = hohe Wahrscheinlichkeit eines Lieferantenausfalls. Die KI quantifiziert dieses Risiko.<\/p>\n\n<p><strong>\u00dcberwachung externer Faktoren:<\/strong><\/p>\n<p>Witterungsbedingungen, die sich auf die Ernte der landwirtschaftlichen Lieferanten auswirken. Gesetzliche Fristen, die zu Kapazit\u00e4tsengp\u00e4ssen f\u00fchren. \u00dcberlastung der H\u00e4fen, die sich auf die Liefertermine auswirkt.<\/p>\n<p>Die KI \u00fcberwacht externe Faktoren, die Unterbrechungen der Lieferkette vorhersagen. Nicht perfekt, aber fr\u00fch genug, um sich vorzubereiten.<\/p>\n\n<p><strong>Analyse von Kapazit\u00e4t und Nachfrage:<\/strong><\/p>\n<p>Lieferant mit einer Kapazit\u00e4t von 90%. Die Nachfrage der Industrie steigt. Ihr Volumen w\u00e4chst. Die Mathematik sagt Kapazit\u00e4tsprobleme voraus.<\/p>\n<p>Die KI gleicht die Kapazit\u00e4ten der Lieferanten mit der Nachfrage ab. Sie zeigt Situationen an, in denen das Angebot wahrscheinlich eingeschr\u00e4nkt ist.<\/p>\n<p>Die St\u00f6rungsvorhersage ist nicht perfekt. Aber selbst eine 70%-Genauigkeit mit Fr\u00fchwarnung ist wertvoll. Man kann nicht alle Unterbrechungen verhindern. Aber man kann sich auf die vorbereiten, die man kommen sieht.<\/p>\n\n\n<h4 class=\"wp-block-heading\">Verfolgt den Status der Einhaltung<\/h4>\n\n\n<p>Die Lieferanten m\u00fcssen die Anforderungen erf\u00fcllen. Zertifizierungen. Versicherung. Dokumentation. Sicherheitsaufzeichnungen. Umweltgenehmigungen.<\/p>\n<p>Diese laufen ab. Die Lieferanten vergessen, sie zu erneuern. Oder sie informieren Sie nicht, wenn es Probleme gibt.<\/p>\n<p>Die KI verfolgt den Status der Einhaltung:<\/p>\n\n<p><strong>Erforderliche Unterlagen:<\/strong><\/p>\n<ul>\n<li>Versicherungsbescheinigungen. Deckungssummen und Verfallsdaten.<\/li>\n<li>Qualit\u00e4tszertifizierungen (ISO, branchenspezifisch). Aktueller Stand und Verl\u00e4ngerungsdaten.<\/li>\n<li>Sicherheitszertifizierungen und Auditergebnisse.<\/li>\n<li>Finanzberichte und Kreditinformationen.<\/li>\n<li>Lizenzen, Genehmigungen, Registrierungen.<\/li>\n<\/ul>\n\n<p><strong>Einhaltung von Vorschriften:<\/strong><\/p>\n<ul>\n<li>Einhaltung der Industrievorschriften. Ergebnisse der Inspektion.<\/li>\n<li>Einhaltung der Umweltvorschriften. Emissionen, Abfall, Berichterstattung.<\/li>\n<li>Arbeits- und Sicherheitsvorschriften. Pr\u00fcfungsergebnisse.<\/li>\n<li>Einhaltung von Import-\/Exportbestimmungen. Handelsbeschr\u00e4nkungen.<\/li>\n<li>Einhaltung der Datenschutz- und Sicherheitsbestimmungen f\u00fcr IT-Lieferanten.<\/li>\n<\/ul>\n\n<p><strong>Einhaltung von Vertr\u00e4gen:<\/strong><\/p>\n<ul>\n<li>Erforderliche Zertifizierungen gem\u00e4\u00df den Vertragsbedingungen.<\/li>\n<li>Anforderungen an die Berichterstattung. Pr\u00fcfungsrechte.<\/li>\n<li>Engagement f\u00fcr Diversit\u00e4t und Nachhaltigkeit.<\/li>\n<li>Anerkennung und Befolgung des Verhaltenskodex.<\/li>\n<\/ul>\n<p>Die KI verfolgt, was erforderlich ist. \u00dcberwacht den Status. warnt vor Ablauf der Frist. weist auf Probleme mit der Einhaltung von Vorschriften hin.<\/p>\n<p>Die Versicherung ist vor drei Monaten abgelaufen und niemand hat es bemerkt? Die KI merkt es. Zertifizierung nicht erneuert? Eine Warnung, bevor es zu einem Problem wird.<\/p>\n<p>Die \u00dcberwachung der Einhaltung von Vorschriften ist nicht aufregend. Aber die Nichteinhaltung von Vorschriften ist teuer. Rechtliches Risiko. Audit-Ergebnisse. Verst\u00f6\u00dfe gegen Kundenvertr\u00e4ge. Die KI verhindert diese Probleme.<\/p>\n\n\n<hr class=\"wp-block-separator has-alpha-channel-opacity\"\/>\n\n\n\n<h3 class=\"wp-block-heading\">Was das f\u00fcr Sie bedeutet<\/h3>\n\n\n\n<h4 class=\"wp-block-heading\">F\u00fcr CPOs und Leiter der Beschaffung<\/h4>\n\n\n<p>Sie gehen vom reaktiven zum proaktiven Lieferantenrisikomanagement \u00fcber.<\/p>\n<ul>\n<li><strong>Proaktives Risikomanagement:<\/strong> Probleme werden erkannt, bevor sie den Betrieb st\u00f6ren. Zeit, sich vorzubereiten, statt zu hetzen.<\/li>\n<li><strong>Lieferantenverantwortung mit Daten:<\/strong> Leistungsgespr\u00e4che, die durch objektive Messgr\u00f6\u00dfen gest\u00fctzt werden. Klare Erwartungen und Messung.<\/li>\n<li><strong>Gesch\u00fctzte Lieferkette:<\/strong> Fr\u00fchwarnsystem f\u00fcr Lieferantenprobleme. Geringere Auswirkungen von Unterbrechungen.<\/li>\n<li><strong>Kontinuierliche Verbesserung:<\/strong> Die systematische Verfolgung der Leistung treibt die Verbesserung der Lieferanten im Laufe der Zeit voran.<\/li>\n<li><strong>Strategisches Lieferantenmanagement:<\/strong> Wissen, welche Lieferanten Investitionen und Partnerschaften verdienen. Welche Leistung verbessert werden muss. Welche ersetzt werden m\u00fcssen.<\/li>\n<\/ul>\n\n\n<h4 class=\"wp-block-heading\">F\u00fcr Beschaffungsmanager und Eink\u00e4ufer<\/h4>\n\n\n<p>Sie wissen, auf welche Anbieter Sie achten m\u00fcssen, und haben Beweise f\u00fcr schwierige Gespr\u00e4che.<\/p>\n<ul>\n<li><strong>Sie wissen, welche Anbieter Sie beobachten m\u00fcssen:<\/strong> Priorit\u00e4tenliste auf der Grundlage von Leistung und Risiko. Richten Sie Ihre Aufmerksamkeit auf die wichtigen Punkte.<\/li>\n<li><strong>Beweise f\u00fcr Lieferantengespr\u00e4che:<\/strong> Datengest\u00fctzte Leistungsdiskussionen. Spezifische Themen mit klaren Metriken.<\/li>\n<li><strong>Fr\u00fchzeitige Warnung vor Problemen:<\/strong> Probleme angehen, bevor sie kritisch werden. Proaktives Management.<\/li>\n<li><strong>Vereinfachte Leistungsverfolgung:<\/strong> Keine manuellen Scorecards mehr. Automatisierte Datenerfassung und -analyse.<\/li>\n<li><strong>\u00dcberpr\u00fcfung der Einhaltung der Vorschriften:<\/strong> Sie kennen den Konformit\u00e4tsstatus von Lieferanten, ohne Dokumente manuell verfolgen zu m\u00fcssen.<\/li>\n<\/ul>\n\n\n<h4 class=\"wp-block-heading\">F\u00fcr Betrieb und Lieferkette<\/h4>\n\n\n<p>Sie erhalten eine zuverl\u00e4ssige Versorgung mit weniger Unterbrechungen.<\/p>\n<ul>\n<li><strong>Weniger Lieferunterbrechungen:<\/strong> Fr\u00fchwarnung erm\u00f6glicht Vorbereitung. Pufferbestand, alternative Quellen, Notfallpl\u00e4ne.<\/li>\n<li><strong>Bessere Qualit\u00e4t der Lieferanten:<\/strong> Kontinuierliche \u00dcberwachung und Feedback sorgen f\u00fcr Verbesserungen. Probleme werden fr\u00fchzeitig erkannt.<\/li>\n<li><strong>Geringere Risikoexposition:<\/strong> Finanzielle Ausf\u00e4lle, Verst\u00f6\u00dfe gegen die Vorschriften und betriebliche Probleme werden erkannt, bevor sie sich auf Sie auswirken.<\/li>\n<li><strong>Vorhersehbares Angebot:<\/strong> Bessere \u00dcbersicht \u00fcber die Kapazit\u00e4ten und Risiken der Lieferanten. Weniger \u00dcberraschungen.<\/li>\n<li><strong>Schnellere Probleml\u00f6sung:<\/strong> Probleme werden sofort erkannt und eskaliert. Weniger Zeit f\u00fcr die Entdeckung von Problemen.<\/li>\n<\/ul>\n\n\n<hr class=\"wp-block-separator has-alpha-channel-opacity\"\/>\n\n\n\n<h3 class=\"wp-block-heading\">Was KI nicht leisten wird<\/h3>\n\n\n<p>Wir sollten uns \u00fcber die Grenzen im Klaren sein.<\/p>\n<p>KI bietet Transparenz und Fr\u00fchwarnung. Sie verwaltet nicht die Lieferantenbeziehungen. Das ist immer noch menschliche Arbeit.<\/p>\n<p>KI kann nicht jede St\u00f6rung vorhersehen. Manche Probleme treten pl\u00f6tzlich und ohne Warnsignale auf. Einige Risikofaktoren tauchen in den Datenquellen, die die KI \u00fcberwacht, nicht auf.<\/p>\n<p>KI kann keine strategischen Entscheidungen \u00fcber Lieferantenbeziehungen treffen. Ob man mit einem Lieferanten zusammenarbeitet, um seine Leistung zu verbessern, oder ihn ersetzt, h\u00e4ngt von Faktoren ab, die \u00fcber Daten hinausgehen: strategische Bedeutung, Beziehungsgeschichte, verf\u00fcgbare Alternativen, Gesch\u00e4ftsstrategie.<\/p>\n<p>AI macht Probleme fr\u00fchzeitig sichtbar. Objektive Leistungsdaten bereitstellen. Verfolgen Sie Risikosignale aus verschiedenen Quellen. Zeit und Informationen f\u00fcr bessere Entscheidungen schaffen.<\/p>\n<p>Ihr Beschaffungsteam verwaltet nach wie vor die Lieferantenbeziehungen. Sie treffen nach wie vor strategische Entscheidungen. Sie tun es nur mit besseren Informationen und Fr\u00fchwarnungen, anstatt erst im Nachhinein zu reagieren.<\/p>\n\n\n<hr class=\"wp-block-separator has-alpha-channel-opacity\"\/>\n\n\n\n<h3 class=\"wp-block-heading\">Echte Ergebnisse von Supplier Performance &amp; Risk Management AI<\/h3>\n\n\n<p>In der Praxis sieht das folgenderma\u00dfen aus:<\/p>\n\n<p><strong>Verhinderung von Unterbrechungen:<\/strong> Fr\u00fchzeitige Warnung erm\u00f6glicht Vorbereitung. St\u00f6rungen, die die Produktion zum Stillstand gebracht h\u00e4tten, f\u00fchren stattdessen zu geringf\u00fcgigen Verz\u00f6gerungen, weil Alternativen bereitstanden.<\/p>\n\n<p><strong>Verbesserung der Leistung:<\/strong> Kontinuierliche \u00dcberwachung und datengest\u00fctzte Diskussionen treiben die Verbesserung der Lieferanten voran. Typische Verbesserung der Lieferleistung um 5-10 Prozentpunkte.<\/p>\n\n<p><strong>Risikovermeidung:<\/strong> Finanzielle Ausf\u00e4lle, Verst\u00f6\u00dfe gegen die Vorschriften und Qualit\u00e4tskrisen werden fr\u00fchzeitig erkannt. Probleme werden angegangen, bevor sie kritisch werden.<\/p>\n\n<p><strong>Zeitersparnis:<\/strong> Automatisierte Leistungsverfolgung ersetzt manuelle Scorecards. Eink\u00e4ufer verbringen ihre Zeit damit, Ausnahmen zu verwalten, anstatt Daten zu sammeln.<\/p>\n\n<p><strong>Bessere Lieferantenbeziehungen:<\/strong> Objektive Daten lassen Emotionen aus Leistungsdiskussionen verschwinden. Lieferanten respektieren Messungen und reagieren auf Fakten.<\/p>\n\n<p>Es geht nicht darum, das gesamte Lieferantenrisiko auszuschalten. Es gibt Risiken. Aber ein gemanagtes Risiko unterscheidet sich von einem ungemanagten Risiko. Durch Sichtbarkeit und Fr\u00fchwarnung wird das Risikomanagement von reaktiv zu proaktiv.<\/p>\n\n\n<hr class=\"wp-block-separator has-alpha-channel-opacity\"\/>\n\n\n\n<h3 class=\"wp-block-heading\">Sind Sie bereit, die Kontrolle \u00fcber das Lieferantenrisiko zu \u00fcbernehmen?<\/h3>\n\n\n<p>Die Lieferantenbasis eines jeden Unternehmens ist anders. Unterschiedliche Lieferanten. Unterschiedliche Risiken. Unterschiedliche Leistungskennzahlen, die f\u00fcr Ihren Betrieb wichtig sind.<\/p>\n<p>Wir verkaufen keine generischen Lieferantenmanagementsysteme. Wir betrachten Ihren spezifischen Lieferantenstamm und Ihre Risikofaktoren. Wir ermitteln, welche Leistungskennzahlen f\u00fcr Ihr Unternehmen wichtig sind. Wir entwickeln \u00dcberwachungs- und Warnsysteme, die Ihrer Risikotoleranz und Ihren betrieblichen Anforderungen entsprechen.<\/p>\n<p>Keine Versprechungen, dass KI jedes Problem vorhersagen wird. Nur praktische Werkzeuge, die die Leistung von Lieferanten sichtbar machen und fr\u00fchzeitig vor Risiken warnen, bevor sie zu Krisen werden.<\/p>\n\n<p><a href=\"https:\/\/www.leaplytics.de\/de\/kontakt\/\">Lassen Sie uns \u00fcber Ihr Risikomanagement f\u00fcr Lieferanten sprechen<\/a><\/p>\n\n<p><a href=\"https:\/\/www.leaplytics.de\/de\/beschaffung-beschaffung-ki\/\">Zur\u00fcck zu Sourcing &amp; Procurement AI<\/a><\/p>","protected":false},"excerpt":{"rendered":"<p>AI for Supplier Performance &#038; Risk Management: Know Your Suppliers Before They Cause Problems Your business depends on suppliers. They deliver the materials you need. The components you build with. The services that keep operations running. When suppliers perform well, you don&#8217;t think about them. When they fail, everything stops. Late deliveries delay production. Quality &hellip; <\/p>","protected":false},"author":2,"featured_media":0,"parent":0,"menu_order":0,"comment_status":"closed","ping_status":"closed","template":"","meta":{"footnotes":""},"class_list":["post-14514","page","type-page","status-publish","hentry","latest_post"],"_links":{"self":[{"href":"https:\/\/www.leaplytics.de\/de\/wp-json\/wp\/v2\/pages\/14514","targetHints":{"allow":["GET"]}}],"collection":[{"href":"https:\/\/www.leaplytics.de\/de\/wp-json\/wp\/v2\/pages"}],"about":[{"href":"https:\/\/www.leaplytics.de\/de\/wp-json\/wp\/v2\/types\/page"}],"author":[{"embeddable":true,"href":"https:\/\/www.leaplytics.de\/de\/wp-json\/wp\/v2\/users\/2"}],"replies":[{"embeddable":true,"href":"https:\/\/www.leaplytics.de\/de\/wp-json\/wp\/v2\/comments?post=14514"}],"version-history":[{"count":1,"href":"https:\/\/www.leaplytics.de\/de\/wp-json\/wp\/v2\/pages\/14514\/revisions"}],"predecessor-version":[{"id":14523,"href":"https:\/\/www.leaplytics.de\/de\/wp-json\/wp\/v2\/pages\/14514\/revisions\/14523"}],"wp:attachment":[{"href":"https:\/\/www.leaplytics.de\/de\/wp-json\/wp\/v2\/media?parent=14514"}],"curies":[{"name":"wp","href":"https:\/\/api.w.org\/{rel}","templated":true}]}}