{"id":1785,"date":"2021-04-30T00:16:19","date_gmt":"2021-04-29T22:16:19","guid":{"rendered":"https:\/\/www.leaplytics.de\/?page_id=1785"},"modified":"2024-10-29T13:47:21","modified_gmt":"2024-10-29T12:47:21","slug":"projektmanagement-suite-fur-qliksense","status":"publish","type":"page","link":"https:\/\/www.leaplytics.de\/de\/titelseite\/qlik-sense-erweiterungen\/projektmanagement-suite-fur-qliksense\/","title":{"rendered":"Projektmanagement Suite f\u00fcr Qlik Sense"},"content":{"rendered":"<p>Befreien Sie sich vom unzureichenden und unausgereiften Patchwork f\u00fcr das Projektmanagement in Qlik Sense mit der LeapLytics Project Management Suite!<\/p>\n\n\n\n<p>Die Project Management Suite f\u00fcr Qlik Sense enth\u00e4lt alles, was Sie f\u00fcr ein umfassendes Projektmanagement-Statusreporting ben\u00f6tigen. Sie beinhaltet 3 einzigartige Visualisierungen: Ampel, Risikomatrix und Zeitleiste. Zus\u00e4tzlich erhalten Sie die notwendigen Add-ons, um Ihr Projektmanagement-Dashboard zu gestalten. Die Erweiterungen zeichnen sich durch eine hohe Performance, einen hohen Reifegrad und Benutzerfreundlichkeit sowie durch die Flexibilit\u00e4t aus, sich Ihren individuellen Bed\u00fcrfnissen anzupassen.<\/p>\n\n\n\n<p>Die Suite enth\u00e4lt relevante Add-Ons, die die Erstellung eines Projektmanagement-Dashboards deutlich verbessern. Die Divider Strokes k\u00f6nnen das Dashboard in Bereiche strukturieren, um den Benutzer mit maximaler Leistung zu f\u00fchren. Der Maturity Viewer bringt mehr Klarheit \u00fcber die Phasen des Projekts. Die Company Logo Extension \u00fcbertr\u00e4gt Ihr individuelles Firmenlogo in ein nutzbares QlikSense-Objekt. Die Konvertierung Ihres Logos ist kostenlos.<\/p>\n\n\n\n<p>Die Suite verf\u00fcgt zudem \u00fcber eine einfach zu bedienende Bundling-Integration, um die Projektmanagement-Erweiterungen auf einen Blick zu sehen. Die Erweiterungen bieten eine einheitliche Benutzerf\u00fchrung durch die Einstellungen sowie eine intuitive Bedienung ohne Programmierkenntnisse. Die umfangreiche Dokumentation mit gesch\u00e4ftsrelevanten Anwendungsf\u00e4llen erg\u00e4nzt die Benutzerfreundlichkeit. Kontinuierliche und umfangreiche Updates halten Ihren Anwendungsfall auf dem neuesten Stand.<\/p>\n\n\n\n<h3 class=\"wp-block-heading\">Inhalt der Project Management Suite f\u00fcr Qlik Sense<\/h3>\n\n\n\n<p>Bitte \u00f6ffnen Sie die offizielle Dokumentation durch Anklicken des Bildes. <\/p>\n\n\n\n<div class=\"wp-block-columns is-layout-flex wp-container-core-columns-is-layout-1 wp-block-columns-is-layout-flex\">\n<div class=\"wp-block-column is-layout-flow wp-block-column-is-layout-flow\">\n<h4 class=\"wp-block-heading\"><strong>Ampel<\/strong><\/h4>\n<\/div>\n\n\n\n<div class=\"wp-block-column is-layout-flow wp-block-column-is-layout-flow\">\n<h4 class=\"wp-block-heading\"><strong>Risikomatrix<\/strong><\/h4>\n<\/div>\n\n\n\n<div class=\"wp-block-column is-layout-flow wp-block-column-is-layout-flow\">\n<h4 class=\"wp-block-heading\"><strong>Zeitleiste<\/strong><\/h4>\n<\/div>\n\n\n\n<div class=\"wp-block-column is-layout-flow wp-block-column-is-layout-flow\">\n<h4 class=\"wp-block-heading\"><strong>Beschleuniger<\/strong><\/h4>\n<\/div>\n<\/div>\n\n\n\n<div class=\"wp-block-columns is-layout-flex wp-container-core-columns-is-layout-2 wp-block-columns-is-layout-flex\">\n<div class=\"wp-block-column is-layout-flow wp-block-column-is-layout-flow\">\n<figure class=\"wp-block-image size-full\"><img loading=\"lazy\" decoding=\"async\" width=\"287\" height=\"300\" src=\"https:\/\/www.leaplytics.de\/wp-content\/uploads\/2021\/11\/TrafficLight300pixel.png\" alt=\"\" class=\"wp-image-2361\" title=\"Project Management Suite Ampel\" srcset=\"https:\/\/www.leaplytics.de\/wp-content\/uploads\/2021\/11\/TrafficLight300pixel.png 287w, https:\/\/www.leaplytics.de\/wp-content\/uploads\/2021\/11\/TrafficLight300pixel-57x60.png 57w\" sizes=\"auto, (max-width: 287px) 100vw, 287px\" \/><\/figure>\n<\/div>\n\n\n\n<div class=\"wp-block-column is-layout-flow wp-block-column-is-layout-flow\">\n<figure class=\"wp-block-image size-full\"><img loading=\"lazy\" decoding=\"async\" width=\"287\" height=\"300\" src=\"https:\/\/www.leaplytics.de\/wp-content\/uploads\/2021\/11\/RiskHeatmap-Kasten-Blau_300pixel.png\" alt=\"\" class=\"wp-image-2363\" title=\"Projektmanagement-Suite Risiko-Heatmap\" srcset=\"https:\/\/www.leaplytics.de\/wp-content\/uploads\/2021\/11\/RiskHeatmap-Kasten-Blau_300pixel.png 287w, https:\/\/www.leaplytics.de\/wp-content\/uploads\/2021\/11\/RiskHeatmap-Kasten-Blau_300pixel-57x60.png 57w\" sizes=\"auto, (max-width: 287px) 100vw, 287px\" \/><\/figure>\n<\/div>\n\n\n\n<div class=\"wp-block-column is-vertically-aligned-center is-layout-flow wp-block-column-is-layout-flow\"><div class=\"wp-block-image\">\n<figure class=\"aligncenter size-full\"><img loading=\"lazy\" decoding=\"async\" width=\"287\" height=\"300\" src=\"https:\/\/www.leaplytics.de\/wp-content\/uploads\/2021\/11\/TIMELINE_300pixel.png\" alt=\"\" class=\"wp-image-2364\" title=\"Project Management Suite Meilensteinansicht\" srcset=\"https:\/\/www.leaplytics.de\/wp-content\/uploads\/2021\/11\/TIMELINE_300pixel.png 287w, https:\/\/www.leaplytics.de\/wp-content\/uploads\/2021\/11\/TIMELINE_300pixel-57x60.png 57w\" sizes=\"auto, (max-width: 287px) 100vw, 287px\" \/><\/figure><\/div><\/div>\n\n\n\n<div class=\"wp-block-column is-layout-flow wp-block-column-is-layout-flow\">\n<figure class=\"wp-block-image size-full\"><img loading=\"lazy\" decoding=\"async\" width=\"567\" height=\"593\" src=\"https:\/\/www.leaplytics.de\/wp-content\/uploads\/2021\/11\/Accelerators_1_300pixel.png\" alt=\"\" class=\"wp-image-2365\" title=\"Projektmanagement Suite Accelerator\" srcset=\"https:\/\/www.leaplytics.de\/wp-content\/uploads\/2021\/11\/Accelerators_1_300pixel.png 567w, https:\/\/www.leaplytics.de\/wp-content\/uploads\/2021\/11\/Accelerators_1_300pixel-287x300.png 287w, https:\/\/www.leaplytics.de\/wp-content\/uploads\/2021\/11\/Accelerators_1_300pixel-57x60.png 57w\" sizes=\"auto, (max-width: 567px) 100vw, 567px\" \/><\/figure>\n<\/div>\n<\/div>\n\n\n\n<div class=\"wp-block-columns is-layout-flex wp-container-core-columns-is-layout-3 wp-block-columns-is-layout-flex\">\n<div class=\"wp-block-column is-layout-flow wp-block-column-is-layout-flow\">\n<h6 class=\"wp-block-heading\">Statusanzeige l\u00f6schen<\/h6>\n\n\n\n<h6 class=\"wp-block-heading\">Flexible Sortimente f\u00fcr alle Ger\u00e4tetypen<\/h6>\n\n\n\n<h6 class=\"wp-block-heading\">Individuelles Erscheinungsbild und einfache Nutzung<\/h6>\n<\/div>\n\n\n\n<div class=\"wp-block-column is-layout-flow wp-block-column-is-layout-flow\">\n<h6 class=\"wp-block-heading\">Vollst\u00e4ndige Risikoprofile<\/h6>\n\n\n\n<h6 class=\"wp-block-heading\">Stabiles und einfaches Raster f\u00fcr 2 Kategorien<\/h6>\n\n\n\n<h6 class=\"wp-block-heading\">Unterschiedliche Felder und Farbkodierung<\/h6>\n<\/div>\n\n\n\n<div class=\"wp-block-column is-layout-flow wp-block-column-is-layout-flow\">\n<h6 class=\"wp-block-heading\">Zeitlich skalierte Meilensteinanzeige<\/h6>\n\n\n\n<h6 class=\"wp-block-heading\">Automatische Skalierung der Zeitleiste mit Start und Ende<\/h6>\n\n\n\n<h6 class=\"wp-block-heading\">Flexible Beschreibungen &amp; Abweichungsfarben<\/h6>\n<\/div>\n\n\n\n<div class=\"wp-block-column is-layout-flow wp-block-column-is-layout-flow\">\n<h6 class=\"wp-block-heading\">Leistungsf\u00e4hige Add-ons<\/h6>\n\n\n\n<h6 class=\"wp-block-heading\">Individuelles Firmenlogo<\/h6>\n\n\n\n<h6 class=\"wp-block-heading\">Reifegradansicht f\u00fcr viele Anwendungsf\u00e4lle<\/h6>\n<\/div>\n<\/div>\n\n\n\n<hr class=\"wp-block-separator has-css-opacity\"\/>\n\n\n\n<p>Abonnieren Sie hier, um exklusive Updates und Ver\u00f6ffentlichungen zu erhalten: <a href=\"https:\/\/www.leaplytics.de\/de\/produkt_abonnieren\/\"><strong>Abonnement<\/strong><\/a><\/p>\n\n\n\n<div class=\"wp-block-columns are-vertically-aligned-center is-layout-flex wp-container-core-columns-is-layout-4 wp-block-columns-is-layout-flex\">\n<div class=\"wp-block-column is-vertically-aligned-center is-layout-flow wp-block-column-is-layout-flow\" style=\"flex-basis:100%\">\n<p><\/p>\n<\/div>\n<\/div>\n\n\n\n<p><\/p>","protected":false},"excerpt":{"rendered":"<p>Verschaffen Sie sich einen scharfen visuellen \u00dcberblick \u00fcber Ihre Risikoprofile mit der Risk Heatmap f\u00fcr QilkSense! Die Erweiterung wurde entwickelt, um Profile zu visualisieren, die in einer Matrix aus zwei KPIs und verschiedenen Kategorien gemessen werden. Sie ist in der Lage, mehrere Indikatoren (bis zu 4 in der kostenlosen Version) pro Feld zu visualisieren. Verschiedene Einstellungen wie ein einfacher Wechsel zwischen einer 3\u00d73- und 5\u00d75-Feld-Matrix, Rahmen- und Texteinstellungen passen diese Erweiterung an Ihre Berichtsanforderungen an. <\/p>\n<p>Diese Erweiterung kann auch f\u00fcr die \u00dcberwachung und Angabe von Schwellenwerten f\u00fcr alle Arten von physischen Ma\u00dfnahmen, Qualit\u00e4tsindikatoren und Abweichungen im Allgemeinen verwendet werden. Damit kann sie auf eine breite Anzahl von Anwendungsf\u00e4llen angewendet werden, die in verschiedenen Unternehmen auftreten.<\/p>","protected":false},"author":1,"featured_media":0,"parent":227,"menu_order":1,"comment_status":"closed","ping_status":"closed","template":"","meta":{"footnotes":""},"class_list":["post-1785","page","type-page","status-publish","hentry","latest_post"],"_links":{"self":[{"href":"https:\/\/www.leaplytics.de\/de\/wp-json\/wp\/v2\/pages\/1785","targetHints":{"allow":["GET"]}}],"collection":[{"href":"https:\/\/www.leaplytics.de\/de\/wp-json\/wp\/v2\/pages"}],"about":[{"href":"https:\/\/www.leaplytics.de\/de\/wp-json\/wp\/v2\/types\/page"}],"author":[{"embeddable":true,"href":"https:\/\/www.leaplytics.de\/de\/wp-json\/wp\/v2\/users\/1"}],"replies":[{"embeddable":true,"href":"https:\/\/www.leaplytics.de\/de\/wp-json\/wp\/v2\/comments?post=1785"}],"version-history":[{"count":3,"href":"https:\/\/www.leaplytics.de\/de\/wp-json\/wp\/v2\/pages\/1785\/revisions"}],"predecessor-version":[{"id":13665,"href":"https:\/\/www.leaplytics.de\/de\/wp-json\/wp\/v2\/pages\/1785\/revisions\/13665"}],"up":[{"embeddable":true,"href":"https:\/\/www.leaplytics.de\/de\/wp-json\/wp\/v2\/pages\/227"}],"wp:attachment":[{"href":"https:\/\/www.leaplytics.de\/de\/wp-json\/wp\/v2\/media?parent=1785"}],"curies":[{"name":"wp","href":"https:\/\/api.w.org\/{rel}","templated":true}]}}