{"id":2301,"date":"2021-09-10T23:49:33","date_gmt":"2021-09-10T21:49:33","guid":{"rendered":"https:\/\/www.leaplytics.de\/?page_id=2301"},"modified":"2022-05-08T00:34:51","modified_gmt":"2022-05-07T22:34:51","slug":"projektmanagement-benutzerdefinierte-visuals-microsoft-powerbi","status":"publish","type":"page","link":"https:\/\/www.leaplytics.de\/de\/titelseite\/projektmanagement-benutzerdefinierte-visuals-microsoft-powerbi\/","title":{"rendered":"Benutzerdefinierte Projektmanagement-Visualisierungen f\u00fcr Microsoft Power BI"},"content":{"rendered":"<p><strong>Effizient und gesch\u00e4ftsbezogen<\/strong> ist das Markenzeichen von LeapLytics und der Mehrwert unserer L\u00f6sungen.<\/p>\n<p>Unsere Project Management Custom Visuals f\u00fcr Microsoft Power BI sind offiziell von Microsoft freigegeben und beinhalten Ihre individuellen L\u00f6sungen. Nutzen Sie die verschiedenen M\u00f6glichkeiten, Ihr Dashboard zu erweitern und Ihre Ideen umzusetzen. Die Erweiterungen folgen einer klaren Struktur und sind benutzerorientiert aufgebaut, um die Bedienung so intuitiv wie m\u00f6glich zu gestalten, ohne auf wichtige Funktionalit\u00e4ten zu verzichten.<\/p>\n<p>Daher beschleunigt eine umfassende Dokumentation mit detaillierter Beschreibung m\u00f6glicher Anwendungsf\u00e4lle die Nutzung und Implementierung.<\/p>\n<p>Nachfolgend finden Sie das verf\u00fcgbare Bildmaterial und k\u00f6nnen die Funktionalit\u00e4t durch Anklicken der Bilder erkunden.<\/p>\n<p>\u00a0<\/p>\n\n\n<div class=\"wp-block-media-text alignwide is-stacked-on-mobile\" style=\"grid-template-columns:43% auto\"><figure class=\"wp-block-media-text__media\"><a href=\"https:\/\/www.leaplytics.de\/de\/titelseite\/project-management-visuals-ms-powerbi\/ampelschaltungen-fur-strom-bi\/\"><img loading=\"lazy\" decoding=\"async\" width=\"287\" height=\"300\" src=\"https:\/\/www.leaplytics.de\/wp-content\/uploads\/2021\/11\/TrafficLight300pixel.png\" alt=\"\" class=\"wp-image-2361 size-full\" srcset=\"https:\/\/www.leaplytics.de\/wp-content\/uploads\/2021\/11\/TrafficLight300pixel.png 287w, https:\/\/www.leaplytics.de\/wp-content\/uploads\/2021\/11\/TrafficLight300pixel-57x60.png 57w\" sizes=\"auto, (max-width: 287px) 100vw, 287px\" \/><\/a><\/figure><div class=\"wp-block-media-text__content\">\n<p class=\"has-large-font-size\">Ampel Custom Visual<\/p>\n<\/div><\/div>\n\n\n\n<p><\/p>","protected":false},"excerpt":{"rendered":"<p>Effizient und gesch\u00e4ftsbezogen ist das Markenzeichen von LeapLytics und der Value-Add unserer L\u00f6sungen.\u00a0<\/p>","protected":false},"author":1,"featured_media":0,"parent":111,"menu_order":0,"comment_status":"closed","ping_status":"closed","template":"","meta":{"footnotes":""},"class_list":["post-2301","page","type-page","status-publish","hentry","latest_post"],"_links":{"self":[{"href":"https:\/\/www.leaplytics.de\/de\/wp-json\/wp\/v2\/pages\/2301","targetHints":{"allow":["GET"]}}],"collection":[{"href":"https:\/\/www.leaplytics.de\/de\/wp-json\/wp\/v2\/pages"}],"about":[{"href":"https:\/\/www.leaplytics.de\/de\/wp-json\/wp\/v2\/types\/page"}],"author":[{"embeddable":true,"href":"https:\/\/www.leaplytics.de\/de\/wp-json\/wp\/v2\/users\/1"}],"replies":[{"embeddable":true,"href":"https:\/\/www.leaplytics.de\/de\/wp-json\/wp\/v2\/comments?post=2301"}],"version-history":[{"count":0,"href":"https:\/\/www.leaplytics.de\/de\/wp-json\/wp\/v2\/pages\/2301\/revisions"}],"up":[{"embeddable":true,"href":"https:\/\/www.leaplytics.de\/de\/wp-json\/wp\/v2\/pages\/111"}],"wp:attachment":[{"href":"https:\/\/www.leaplytics.de\/de\/wp-json\/wp\/v2\/media?parent=2301"}],"curies":[{"name":"wp","href":"https:\/\/api.w.org\/{rel}","templated":true}]}}