{"id":699,"date":"2020-12-07T20:33:50","date_gmt":"2020-12-07T19:33:50","guid":{"rendered":"https:\/\/www.leaplytics.de\/?page_id=699"},"modified":"2024-11-04T10:02:48","modified_gmt":"2024-11-04T09:02:48","slug":"risikomatrix-erweiterung-fur-qliksense","status":"publish","type":"page","link":"https:\/\/www.leaplytics.de\/de\/titelseite\/qlik-sense-erweiterungen\/risikomatrix-erweiterung-fur-qliksense\/","title":{"rendered":"Risikomatrix-Erweiterung f\u00fcr Qlik Sense"},"content":{"rendered":"<p>Verschaffen Sie sich einen scharfen visuellen \u00dcberblick \u00fcber Ihre Risikoprofile mit der Risk Matrix \/ Heatmap f\u00fcr Qlik Sense! Diese Erweiterung wurde entwickelt, um Profile zu visualisieren, die in einer Matrix aus zwei KPIs und verschiedenen Kategorien gemessen werden. Sie ist in der Lage, mehrere Indikatoren pro Feld zu visualisieren. Sie k\u00f6nnen alle Ausdr\u00fccke frei und dynamisch zwischen einer 3\u00d73 und 5\u00d75 Matrix ausw\u00e4hlen. Verschiedene Einstellungen wie benutzerdefinierte Farben, flexible Rahmen- und Texteinstellungen passen diese Erweiterung an Ihre Berichtsanforderungen an.<\/p>\n\n\n\n<div style=\"height:10px\" aria-hidden=\"true\" class=\"wp-block-spacer\"><\/div>\n\n\n<div class=\"wp-block-image\">\n<figure class=\"aligncenter size-large\"><img loading=\"lazy\" decoding=\"async\" width=\"1024\" height=\"576\" src=\"https:\/\/www.leaplytics.de\/wp-content\/uploads\/2022\/04\/First_Slice_Risk_Map_QlikSense_stone-1024x576.png\" alt=\"\" class=\"wp-image-6471\" srcset=\"https:\/\/www.leaplytics.de\/wp-content\/uploads\/2022\/04\/First_Slice_Risk_Map_QlikSense_stone-1024x576.png 1024w, https:\/\/www.leaplytics.de\/wp-content\/uploads\/2022\/04\/First_Slice_Risk_Map_QlikSense_stone-300x169.png 300w, https:\/\/www.leaplytics.de\/wp-content\/uploads\/2022\/04\/First_Slice_Risk_Map_QlikSense_stone-768x432.png 768w, https:\/\/www.leaplytics.de\/wp-content\/uploads\/2022\/04\/First_Slice_Risk_Map_QlikSense_stone-107x60.png 107w, https:\/\/www.leaplytics.de\/wp-content\/uploads\/2022\/04\/First_Slice_Risk_Map_QlikSense_stone.png 1140w\" sizes=\"auto, (max-width: 1024px) 100vw, 1024px\" \/><\/figure><\/div>\n\n\n<div style=\"height:100px\" aria-hidden=\"true\" class=\"wp-block-spacer\"><\/div>\n\n\n\n<h3 class=\"wp-block-heading has-text-align-center\">Holen Sie es ich jetzt!<\/h3>\n\n\n\n<div style=\"height:50px\" aria-hidden=\"true\" class=\"wp-block-spacer\"><\/div>\n\n\n\n<div class=\"wp-block-columns alignwide is-layout-flex wp-container-core-columns-is-layout-1 wp-block-columns-is-layout-flex\">\n<div class=\"wp-block-column has-text-color has-background has-link-color wp-elements-dfea0d1df7d7210c16180380cb297c35 is-layout-flow wp-block-column-is-layout-flow\" style=\"color:#000000;background-color:#eeeeee;padding-top:2em;padding-right:2em;padding-bottom:2em;padding-left:2em\">\n<h2 class=\"wp-block-heading\" id=\"single\" style=\"font-size:40px\"><strong>Kostenlose Version<\/strong><\/h2>\n\n\n\n<div style=\"height:10px\" aria-hidden=\"true\" class=\"wp-block-spacer\"><\/div>\n\n\n\n<p class=\"has-normal-font-size\" style=\"line-height:1.5\">Die KOSTENLOSE Version von LeapLytics - Risk Matrix k\u00f6nnen Sie vier Wochen lang auf jedem Server und in jedem Unternehmen kostenlos nutzen. Testen Sie jetzt, ob unsere L\u00f6sung Ihren Anforderungen entspricht.<\/p>\n\n\n\n<div style=\"height:10px\" aria-hidden=\"true\" class=\"wp-block-spacer\"><\/div>\n\n\n\n<hr class=\"wp-block-separator has-text-color has-css-opacity has-background is-style-wide\" style=\"background-color:#000000;color:#000000\"\/>\n\n\n\n<div style=\"height:10px\" aria-hidden=\"true\" class=\"wp-block-spacer\"><\/div>\n\n\n\n<p><i class=\"fas fa-check\"><\/i> Wasserzeichen entfernt<\/p>\n\n\n\n<p><i class=\"fas fa-check\"><\/i> Individuelle Rastergr\u00f6\u00dfe<\/p>\n\n\n\n<p><i class=\"fas fa-check\"><\/i> Benutzerdefiniertes Farbschema<\/p>\n\n\n\n<p><i class=\"fas fa-check\"><\/i> Farbinverter<\/p>\n\n\n\n<p><i class=\"fas fa-check\"><\/i> Randeinstellungen<\/p>\n\n\n\n<p><i class=\"fas fa-check\"><\/i> Axis Settings<\/p>\n\n\n\n<p><i class=\"fas fa-check\"><\/i> Indikator-Einstellungen<\/p>\n\n\n\n<p><i class=\"fas fa-check\"><\/i> Text-Einstellungen<\/p>\n\n\n\n<p><i class=\"fas fa-check\"><\/i> Farbeinstellungen<\/p>\n\n\n\n<p><i class=\"fas fa-check\"><\/i> Navigation &amp; Aktionen<\/p>\n\n\n\n<p><i class=\"fas fa-check\"><\/i> Druckbar*<\/p>\n\n\n\n<div class=\"wp-block-buttons alignfull is-horizontal is-content-justification-center is-layout-flex wp-container-core-buttons-is-layout-1 wp-block-buttons-is-layout-flex\">\n<div class=\"wp-block-button\"><a class=\"wp-block-button__link has-white-color has-text-color wp-element-button\" href=\"https:\/\/developer.qlik.com\/garden\/5fd6531adae7960011eb30ec\" target=\"_blank\" rel=\"noreferrer noopener\">Kostenlose Version anfordern<\/a><\/div>\n<\/div>\n<\/div>\n\n\n\n<div class=\"wp-block-column has-text-color has-background has-link-color wp-elements-6ae2b82b5852519cfb4d42d032a83f17 is-layout-flow wp-block-column-is-layout-flow\" style=\"color:#000000;background-color:#98bd00;padding-top:2em;padding-right:2em;padding-bottom:2em;padding-left:2em\">\n<h2 class=\"wp-block-heading\" id=\"family\" style=\"font-size:40px\"><strong>PRO-Version<\/strong><\/h2>\n\n\n\n<div style=\"height:10px\" aria-hidden=\"true\" class=\"wp-block-spacer\"><\/div>\n\n\n\n<p class=\"has-normal-font-size\" style=\"line-height:1.5\">Die PRO Version von LeapLytics - Risk Matrix entfaltet die volle Leistungsf\u00e4higkeit dieses Visuals. Eine Lizenz pro Server und Unternehmen - ein Preis pro Jahr.<\/p>\n\n\n\n<div style=\"height:10px\" aria-hidden=\"true\" class=\"wp-block-spacer\"><\/div>\n\n\n\n<hr class=\"wp-block-separator has-text-color has-black-color has-css-opacity has-black-background-color has-background is-style-wide\"\/>\n\n\n\n<div style=\"height:10px\" aria-hidden=\"true\" class=\"wp-block-spacer\"><\/div>\n\n\n\n<p><i class=\"fas fa-check\"><\/i>  Wasserzeichen entfernt<\/p>\n\n\n\n<p><i class=\"fas fa-check\"><\/i>  Individuelle Rastergr\u00f6\u00dfe<\/p>\n\n\n\n<p><i class=\"fas fa-check\"><\/i>  Benutzerdefiniertes Farbschema<\/p>\n\n\n\n<p><i class=\"fas fa-check\"><\/i>  Farbinverter<\/p>\n\n\n\n<p><i class=\"fas fa-check\"><\/i>  Randeinstellungen<\/p>\n\n\n\n<p><i class=\"fas fa-check\"><\/i>  Axis Settings<\/p>\n\n\n\n<p><i class=\"fas fa-check\"><\/i>  Indikator-Einstellungen<\/p>\n\n\n\n<p><i class=\"fas fa-check\"><\/i>  Text-Einstellungen<\/p>\n\n\n\n<p><i class=\"fas fa-check\"><\/i>  Farbeinstellungen<\/p>\n\n\n\n<p><i class=\"fas fa-check\"><\/i>  Navigation &amp; Aktionen<\/p>\n\n\n\n<p><i class=\"fas fa-check\"><\/i>  Druckbar*<\/p>\n\n\n\n<div class=\"wp-block-buttons alignfull is-horizontal is-content-justification-center is-layout-flex wp-container-core-buttons-is-layout-2 wp-block-buttons-is-layout-flex\">\n<div class=\"wp-block-button\"><a class=\"wp-block-button__link has-white-color has-text-color wp-element-button\" href=\"https:\/\/shop.leaplytics.de\/product\/power-bi-risk-heatmap\/\">PRO-Version erhalten<\/a><\/div>\n<\/div>\n<\/div>\n<\/div>\n\n\n\n<p>* siehe <a href=\"https:\/\/community.qlik.com\/t5\/Knowledge\/Qlik-Sense-Enterprise-SaaS-Third-party-extensions-cannot-be\/ta-p\/1755264\">QlikSense Einschr\u00e4nkungen <\/a><\/p>\n\n\n\n<div style=\"height:100px\" aria-hidden=\"true\" class=\"wp-block-spacer\"><\/div>\n\n\n\n<h3 class=\"wp-block-heading has-text-align-center\">Dokumentation<\/h3>\n\n\n\n<div style=\"height:50px\" aria-hidden=\"true\" class=\"wp-block-spacer\"><\/div>\n\n\n<div class=\"_df_book df-lite\" id=\"df_726\"  _slug=\"risk-heatmap\" data-title=\"risk-heatmap\" wpoptions=\"true\" thumb=\"https:\/\/www.leaplytics.de\/wp-content\/uploads\/2020\/12\/Risk-Map-picture.jpg\" thumbtype=\"\" ><\/div><script class=\"df-shortcode-script\" nowprocket type=\"application\/javascript\">window.option_df_726 = {\"outline\":[],\"autoEnableOutline\":\"false\",\"autoEnableThumbnail\":\"false\",\"overwritePDFOutline\":\"false\",\"backgroundImage\":\"https:\\\/\\\/www.leaplytics.de\\\/wp-content\\\/uploads\\\/2020\\\/10\\\/mathew-schwartz-sb7RUrRMaC4-unsplash-scaled.jpg\",\"direction\":\"1\",\"pageSize\":\"0\",\"source\":\"https:\\\/\\\/www.leaplytics.de\\\/wp-content\\\/uploads\\\/2022\\\/02\\\/Risk-Heatmap-Qlik-Sense-User-Documentation_Pro_1.4.0.0.pdf\",\"wpOptions\":\"true\"}; if(window.DFLIP && window.DFLIP.parseBooks){window.DFLIP.parseBooks();}<\/script>\n\n\n\n<div style=\"height:50px\" aria-hidden=\"true\" class=\"wp-block-spacer\"><\/div>\n\n\n\n<div class=\"wp-block-buttons is-content-justification-center is-layout-flex wp-container-core-buttons-is-layout-3 wp-block-buttons-is-layout-flex\">\n<div class=\"wp-block-button\"><a class=\"wp-block-button__link wp-element-button\" href=\"https:\/\/www.leaplytics.de\/wp-content\/uploads\/2022\/02\/Risk-Heatmap-Qlik-Sense-User-Documentation_Pro_1.4.0.0.pdf\" target=\"_blank\" rel=\"noreferrer noopener\">Dokumentation herunterladen<\/a><\/div>\n<\/div>\n\n\n\n<div style=\"height:50px\" aria-hidden=\"true\" class=\"wp-block-spacer\"><\/div>\n\n\n\n<p>Abonnieren Sie hier, um exklusive Updates und Ver\u00f6ffentlichungen zu erhalten: <a href=\"https:\/\/www.leaplytics.de\/de\/produkt_abonnieren\/\">Abonnement<\/a><\/p>\n\n\n\n<hr class=\"wp-block-separator has-css-opacity is-style-default\"\/>\n\n\n\n<h2 class=\"wp-block-heading\" id=\"introduction-risk-heatmap-extension-for-qlik-sense\">Einf\u00fchrung Risikomatrix-Erweiterung f\u00fcr Qlik Sense<\/h2>\n\n\n\n<p>Mit der Risikomatrix f\u00fcr Qlik Sense erhalten Sie eine scharfe visuelle Sicht auf Ihre Risikoprofile! Die Erweiterung wurde entwickelt, um Profile zu visualisieren, die in einer Matrix aus zwei KPIs und verschiedenen Kategorien gemessen werden. Sie ist in der Lage, mehrere Indikatoren pro Feld zu visualisieren. Sie k\u00f6nnen alle Ausdr\u00fccke frei und dynamisch zwischen einer 3\u00d73 und 5\u00d75 Matrix w\u00e4hlen. Verschiedene Einstellungen wie benutzerdefinierte Farben, flexible Rahmen- und Texteinstellungen passen diese Erweiterung an Ihre Berichtsanforderungen an.<\/p>\n\n\n<div class=\"wp-block-image is-style-default\">\n<figure class=\"alignright size-full\"><img loading=\"lazy\" decoding=\"async\" width=\"912\" height=\"775\" src=\"https:\/\/www.leaplytics.de\/wp-content\/uploads\/2022\/02\/settings.gif\" alt=\"Risiko-Heatmap f\u00fcr Qlik Sense\" class=\"wp-image-3060\"\/><figcaption class=\"wp-element-caption\">Breite Palette an Einstellungsm\u00f6glichkeiten<\/figcaption><\/figure><\/div>\n\n\n<p>Diese Erweiterung kann auch zur \u00dcberwachung und Angabe von Schwellenwerten f\u00fcr alle Arten von physischen Ma\u00dfnahmen, Qualit\u00e4tsindikatoren und Abweichungen im Allgemeinen verwendet werden. Damit kann sie auf eine breite Anzahl von Anwendungsf\u00e4llen angewendet werden, die in verschiedenen Unternehmen vorkommen. Die folgende Auflistung zeigt eine Auswahl m\u00f6glicher Anwendungsf\u00e4lle, die bereits umgesetzt wurden:<\/p>\n\n\n\n<p><strong>Projektleitung<\/strong>: Visualisierung von Risiko- und Chancenprofilen f\u00fcr ein Projekt, Programm oder Portfolio<\/p>\n\n\n\n<p><strong>IT<\/strong>: Anzeige der Anwendungen, die sich im gr\u00fcnen, gelben oder roten Bereich des Status befinden (Leistung, Gesundheit)<\/p>\n\n\n\n<hr class=\"wp-block-separator has-css-opacity\"\/>\n\n\n\n<h3 class=\"wp-block-heading\" id=\"getting-started-with-our-risk-heatmap-for-qlik-sense\">Erste Schritte mit unserer Risikomatrix f\u00fcr Qlik Sense<\/h3>\n\n\n<p>\u00d6ffnen Sie <a href=\"https:\/\/www.qlik.com\/de-de\/products\/qlik-sense\" target=\"_blank\" rel=\"noopener\">Qlik Sense<\/a> und die entsprechende Anwendung, in der Sie die Erweiterung \"Risikomatrix\" verwenden m\u00f6chten. \u00d6ffnen Sie Ihr Arbeitsblatt im Bearbeitungsmodus, und Sie werden die Erweiterung im Abschnitt \"Custom Objects\" finden. Ziehen Sie die Erweiterung per Drag &amp; Drop in einen beliebigen Bereich auf Ihrem Dashboard (<em>Sie k\u00f6nnen das Erscheinungsbild der Erweiterung sp\u00e4ter in den erweiterten Einstellungen \u00e4ndern).<\/em><\/p>\n\n<div class=\"wp-block-image\">\n<figure class=\"alignright size-full\"><img decoding=\"async\" src=\"https:\/\/www.leaplytics.de\/wp-content\/uploads\/2022\/02\/drag-drop.gif\" alt=\"Grundeinstellungen und Konfiguration f\u00fcr die Risiko-Heatmap Qlik Sense\" class=\"wp-image-3060\"\/><figcaption class=\"wp-element-caption\">Breite Palette an Einstellungsm\u00f6glichkeiten<\/figcaption><\/figure><\/div>\n\n<p>Nachdem Sie eine Instanz der Erweiterung in Ihrem Dashboard platziert haben, erscheint auf der rechten Seite das folgende Eigenschaftsfenster. Das Eigenschaftsfenster ist in die folgenden Abschnitte unterteilt:\u00a0 \u00a0 \u00a0 \u00a0 \u00a0 \u00a0 \u00a0 \u00a0 \u00a0 \u00a0 \u00a0 \u00a0 \u00a0 \u00a0 \u00a0 \u00a0 \u00a0 \u00a0 \u00a0 \u00a0 \u00a0 \u00a0 \u00a0 \u00a0 \u00a0 \u00a0 \u00a0 \u00a0 \u00a0 \u00a0 \u00a0 \u00a0 \u00a0 \u00a0 \u00a0 \u00a0 \u00a0 \u00a0 \u00a0 \u00a0 \u00a0 \u00a0 \u00a0 \u00a0 \u00a0 \u00a0 \u00a0\u00a0<\/p>\n<ul>\n<li>Measures<\/li>\n<li>Dimensions<\/li>\n<li>Ranges (allgemeiner Matrixaufbau)<\/li>\n<li>Grid Settings (alles innerhalb der Matrix)<\/li>\n<li>Axis Settings (alles rund um die Matrix)<\/li>\n<li>Indicator Settings (alles zum Matrix-Inhalt)<\/li>\n<li>About \u00a0\u00a0\u00a0\u00a0\u00a0\u00a0\u00a0\u00a0\u00a0\u00a0\u00a0\u00a0\u00a0\u00a0 \u00a0\u00a0\u00a0\u00a0\u00a0\u00a0\u00a0\u00a0\u00a0\u00a0\u00a0\u00a0\u00a0\u00a0\u00a0\u00a0\u00a0\u00a0\u00a0\u00a0\u00a0\u00a0\u00a0\u00a0\u00a0\u00a0\u00a0\u00a0\u00a0<\/li>\n<\/ul>\n<p>Im Folgenden erfahren Sie, wie Sie die LeapLytics-Erweiterung \"Risikomatrix\" verwenden und wie Sie sie durch die richtige Verwendung der Eigenschaften an Ihre Bed\u00fcrfnisse anpassen k\u00f6nnen.\u00a0 \u00a0<\/p>\n\n\n<hr class=\"wp-block-separator has-css-opacity\"\/>\n\n\n\n<h3 class=\"wp-block-heading\" id=\"measures\">Measures<\/h3>\n\n\n<div class=\"wp-block-image\">\n<figure class=\"alignright size-large is-resized\"><img loading=\"lazy\" decoding=\"async\" width=\"245\" height=\"329\" src=\"https:\/\/www.leaplytics.de\/wp-content\/uploads\/2020\/11\/measures.png\" alt=\"Beschreibung der Ma\u00dfnahme f\u00fcr die Risiko-Heatmap Qlik Sense\" class=\"wp-image-512\" style=\"width:236px;height:317px\" srcset=\"https:\/\/www.leaplytics.de\/wp-content\/uploads\/2020\/11\/measures.png 245w, https:\/\/www.leaplytics.de\/wp-content\/uploads\/2020\/11\/measures-223x300.png 223w, https:\/\/www.leaplytics.de\/wp-content\/uploads\/2020\/11\/measures-45x60.png 45w\" sizes=\"auto, (max-width: 245px) 100vw, 245px\" \/><\/figure><\/div>\n\n<p>Die Kennzahl definiert den Wert f\u00fcr die beiden relevanten KPIs der Matrix. Die erste KPI definiert die X-Achsen-KPIs und die zweite KPI definiert die Y-Achsen-KPIs. Sie k\u00f6nnen einzeln eingestellt werden. Die Matrix erwartet Werte im Bereich zwischen 1 und 5 (5-Felder-Matrix) bzw. 1 und 3 (3-Felder-Matrix). Auch Dezimalzahlen sind m\u00f6glich, falls sinnvoll. Die Werte k\u00f6nnen direkt aus dem Datenmodell \u00fcbernommen werden, wenn ein Vorsystem den Bereich bereits erfasst und berechnet. Enth\u00e4lt das Datenmodell beliebige Einheiten, so k\u00f6nnen die Kategorien innerhalb der Erweiterung individuell erstellt werden.<\/p>\n<p>Sie k\u00f6nnen eine Kennzahl wie folgt hinzuf\u00fcgen:<\/p>\n<ul>\n<li>Klicken Sie auf die Schaltfl\u00e4che \"Add Measure\" in der Eigenschaftsleiste unter dem Abschnitt \"Measure\" oder durch Klicken auf die Schaltfl\u00e4che \"Add Measure\" im Fenster der Erweiterung auf Ihrem Dashboard<\/li>\n<li>W\u00e4hlen Sie eine Kennzahl aus der Dropdown-Liste und klicken Sie sie an.<\/li>\n<li>(Optional): W\u00e4hlen Sie die richtige Aggregation f\u00fcr Ihre Bed\u00fcrfnisse (Summe, Durchschnitt, Minimum, Maximum usw.) oder definieren Sie eine individuelle Formel.<\/li>\n<\/ul>\n<p>Bei der Verwendung einzelner Formeln k\u00f6nnen die folgenden Beispiele als Orientierung dienen:<\/p>\n\n\n<figure class=\"wp-block-image size-large\"><img loading=\"lazy\" decoding=\"async\" width=\"744\" height=\"255\" src=\"https:\/\/www.leaplytics.de\/wp-content\/uploads\/2020\/12\/heatmap_use_cases.png\" alt=\"\" class=\"wp-image-749\" srcset=\"https:\/\/www.leaplytics.de\/wp-content\/uploads\/2020\/12\/heatmap_use_cases.png 744w, https:\/\/www.leaplytics.de\/wp-content\/uploads\/2020\/12\/heatmap_use_cases-600x206.png 600w, https:\/\/www.leaplytics.de\/wp-content\/uploads\/2020\/12\/heatmap_use_cases-300x103.png 300w, https:\/\/www.leaplytics.de\/wp-content\/uploads\/2020\/12\/heatmap_use_cases-175x60.png 175w\" sizes=\"auto, (max-width: 744px) 100vw, 744px\" \/><\/figure>\n\n\n\n<hr class=\"wp-block-separator has-css-opacity\"\/>\n\n\n\n<h3 class=\"wp-block-heading\" id=\"dimensions\">Dimensions<\/h3>\n\n\n<p>Verwenden Sie die Dimension, um den Indikatoren einen aussagekr\u00e4ftigen Namen zu geben. Dies kann z.B. eine ID oder ein Kurzname (1-2 W\u00f6rter) sein. L\u00e4ngere Namen oder Beschreibungen werden nicht empfohlen, da der Platz in der Matrix selbst begrenzt ist.<\/p>\n\n\n<hr class=\"wp-block-separator has-css-opacity\"\/>\n\n\n\n<h3 class=\"wp-block-heading\" id=\"advanced-settings\">Erweiterte Einstellungen<\/h3>\n\n\n\n<p>In den Matrix-Einstellungen k\u00f6nnen Sie mehrere Optionen ausw\u00e4hlen.<\/p>\n\n\n\n<p><strong>Matrix Settings: <\/strong>Zun\u00e4chst k\u00f6nnen Sie das Seitenverh\u00e4ltnis festlegen. Dadurch wird die Visualisierung in einem quadratischen Zustand gehalten. Dar\u00fcber hinaus k\u00f6nnen Sie die Gr\u00f6\u00dfe der x- und y-Richtung individuell mit dem Schieberegler einstellen. Wenn Ihre Daten au\u00dferhalb dieser Bereiche liegen, erhalten Sie in der Erweiterung einen visuellen Hinweis! Au\u00dferdem k\u00f6nnen Sie die Farben mit einem Klick invertieren. Schlie\u00dflich k\u00f6nnen Sie die Breite des Rahmens festlegen oder ihn ganz ausschalten.<\/p>\n\n\n\n<p><strong>Grid Settings<\/strong>: Verwenden Sie die Rastereinstellungen, um die Matrix selbst zu konfigurieren, z. B. die Gr\u00f6\u00dfe oder die Konfiguration der R\u00e4nder. Sie k\u00f6nnen auch die Farbkodierung umkehren, so dass eine h\u00f6here Kategorie die Farbe \"gr\u00fcn\" hat und eine niedrigere Kategorie rot wird. Es ist auch m\u00f6glich, die Tabelle mit detaillierten Werten auszuschalten.<\/p>\n\n\n\n<p><strong>Axis Settings:<\/strong> Mit den Achseneinstellungen k\u00f6nnen Sie den Rahmen an Ihre Bed\u00fcrfnisse anpassen. Sie k\u00f6nnen entscheiden, ob Sie Texte, Achsen oder Hoch\/Tief-Anzeige ausschalten m\u00f6chten.<\/p>\n\n\n\n<p><strong>Indicator Settings:<\/strong> Verwenden Sie die Indikatoreinstellungen, um die Gr\u00f6\u00dfe und das Aussehen der Indikatoren im Raster zu \u00e4ndern.<\/p>\n\n\n<div class=\"wp-block-image\">\n<figure class=\"aligncenter size-full\"><img loading=\"lazy\" decoding=\"async\" width=\"912\" height=\"775\" src=\"https:\/\/www.leaplytics.de\/wp-content\/uploads\/2022\/02\/settings.gif\" alt=\"Verschiedene Einstellungen f\u00fcr die Risiko-Heatmap Qlik Sense\" class=\"wp-image-3060\"\/><\/figure><\/div>\n\n\n<hr class=\"wp-block-separator has-css-opacity\"\/>\n\n\n\n<h3 class=\"wp-block-heading\" id=\"navigation-action\">Navigation &amp; Action<\/h3>\n\n\n\n<p>Sie k\u00f6nnen Navigation &amp; Actions auf Ihre Erweiterung anwenden, um zu Qlik Sense Sheets, Websites usw. zu navigieren. Sie k\u00f6nnen \"Actions\" \u00fcber die entsprechende Schaltfl\u00e4che aktivieren. Die \"Risikomatrix\" unterst\u00fctzt zwei verschiedene Navigationstypen:<\/p>\n\n\n\n<ul class=\"wp-block-list\">\n<li><strong>Button:<\/strong> W\u00e4hlen Sie \"Button\", um einen Button unter Ihrem Ampelsymbol hinzuzuf\u00fcgen. Sie k\u00f6nnen den Button \u00fcber das Feld \"Button Text\" umbenennen. Geben Sie eine URL f\u00fcr eine Website oder ein Qlik Sense Sheet ein, zu dem Sie navigieren m\u00f6chten*. Sie k\u00f6nnen die URL im gleichen Fenster oder in einer separaten Registerkarte \u00f6ffnen, indem Sie das Kontrollk\u00e4stchen \"Open in same window\" aktivieren.<\/li>\n<\/ul>\n\n\n\n<ul class=\"wp-block-list\">\n<li><strong>Object:<\/strong> Alternativ k\u00f6nnen Sie auch \"Objekt\" w\u00e4hlen, um das gesamte Objekt klickbar zu machen (<em>Das Feld \"Button Text\" wird ausgeblendet<\/em>). Geben Sie eine URL f\u00fcr eine Website oder ein Qlik Sense Sheet ein, zu dem Sie navigieren m\u00f6chten*. Sie k\u00f6nnen die URL im selben Fenster oder in einer separaten Registerkarte \u00f6ffnen, indem Sie das Kontrollk\u00e4stchen \"Open in same window\" aktivieren.<\/li>\n<\/ul>\n\n\n\n<p>*URLs m\u00fcssen immer mit \"http:\/\/www.\" oder \"https:\/\/www.\" beginnen.<\/p>\n\n\n<div class=\"wp-block-image\">\n<figure class=\"aligncenter size-large\"><img loading=\"lazy\" decoding=\"async\" width=\"246\" height=\"464\" src=\"https:\/\/www.leaplytics.de\/wp-content\/uploads\/2021\/04\/Milestone_navigation-1.jpg\" alt=\"Navigations- und Aktionseinstellungen f\u00fcr die Risiko-Heatmap Qlik Sense\" class=\"wp-image-1739\" srcset=\"https:\/\/www.leaplytics.de\/wp-content\/uploads\/2021\/04\/Milestone_navigation-1.jpg 246w, https:\/\/www.leaplytics.de\/wp-content\/uploads\/2021\/04\/Milestone_navigation-1-159x300.jpg 159w, https:\/\/www.leaplytics.de\/wp-content\/uploads\/2021\/04\/Milestone_navigation-1-32x60.jpg 32w\" sizes=\"auto, (max-width: 246px) 100vw, 246px\" \/><\/figure><\/div>\n\n\n<hr class=\"wp-block-separator has-css-opacity\"\/>\n\n\n<h3>\u00dcber unsere Risikomatrix f\u00fcr Qlik Sense<\/h3>\n\n\n<\/p>\n<p>Diese Qlik Sense-Erweiterung wird entwickelt von <a href=\"https:\/\/www.leaplytics.de\/de\/\">LeapLytics<\/a>. Im About-Abschnitt finden Sie Informationen zu dieser Erweiterung.<\/p>\n<p>\n\n\n\n<\/p>\n<p><strong>Version:<\/strong> Zeigt die installierte Version dieser Erweiterung an<\/p>\n<p>\n\n\n\n<\/p>\n<p><strong>Lizenz g\u00fcltig bis:<\/strong> Zeigt das Ablaufdatum der Lizenz an<\/p>\n<p>\n\n\n\n<\/p>\n<p><strong>Die Lizenz ist auf dem Server g\u00fcltig:<\/strong> Zeigt an, auf welcher Server-ID diese Erweiterung verwendet werden kann\n\n\n\n<hr class=\"wp-block-separator has-css-opacity\"\/>\n\n\n<h3>Versionsgeschichte<\/h3>\n\n\n<figure class=\"wp-block-table is-style-stripes\"><table><tbody><tr><td class=\"has-text-align-center\" data-align=\"center\"><strong>Version<\/strong><\/td><td class=\"has-text-align-center\" data-align=\"center\"><strong>Datum<\/strong><\/td><td class=\"has-text-align-left\" data-align=\"left\"><strong>Inhalt<\/strong><\/td><\/tr><tr><td class=\"has-text-align-center\" data-align=\"center\">1.4<\/td><td class=\"has-text-align-center\" data-align=\"center\">14.02.2022<\/td><td class=\"has-text-align-left\" data-align=\"left\">Neue API-Verwendung<\/td><\/tr><tr><td class=\"has-text-align-center\" data-align=\"center\">1.3<\/td><td class=\"has-text-align-center\" data-align=\"center\">13.12.2021<\/td><td class=\"has-text-align-left\" data-align=\"left\">Upgrade der Risikomatrix<\/td><\/tr><tr><td class=\"has-text-align-center\" data-align=\"center\">1.2<\/td><td class=\"has-text-align-center\" data-align=\"center\">26.04.2021<\/td><td class=\"has-text-align-left\" data-align=\"left\">Navigation und Aktionen hinzugef\u00fcgt,<br>Mehr als 9 Risiken unterst\u00fctzen<br>bl\u00e4tterbare Anzeigetabelle<\/td><\/tr><tr><td class=\"has-text-align-center\" data-align=\"center\">1.1<\/td><td class=\"has-text-align-center\" data-align=\"center\">28.01.2021<\/td><td class=\"has-text-align-left\" data-align=\"left\">Abonnement<br>Funktionalit\u00e4t f\u00fcr<br>Release-Upgrades &amp;<br>Panel f\u00fcr verbesserte Eigenschaften<\/td><\/tr><tr><td class=\"has-text-align-center\" data-align=\"center\">1.0<\/td><td class=\"has-text-align-center\" data-align=\"center\">13.11.2020<\/td><td class=\"has-text-align-left\" data-align=\"left\">Erste Fassung<\/td><\/tr><\/tbody><\/table><\/figure>\n\n\n\n<hr class=\"wp-block-separator has-css-opacity\"\/>\n\n\n\n<p><\/p>\n\n\n\n<div class=\"wp-block-columns are-vertically-aligned-center is-layout-flex wp-container-core-columns-is-layout-2 wp-block-columns-is-layout-flex\">\n<div class=\"wp-block-column is-vertically-aligned-center is-layout-flow wp-block-column-is-layout-flow\" style=\"flex-basis:100%\">\n<p><\/p>\n<\/div>\n<\/div>\n\n\n\n<p><\/p>","protected":false},"excerpt":{"rendered":"<p>Verschaffen Sie sich einen scharfen visuellen \u00dcberblick \u00fcber Ihre Risikoprofile mit der Risk Heatmap f\u00fcr QilkSense! Die Erweiterung wurde entwickelt, um Profile zu visualisieren, die in einer Matrix aus zwei KPIs und verschiedenen Kategorien gemessen werden. Sie ist in der Lage, mehrere Indikatoren (bis zu 4 in der kostenlosen Version) pro Feld zu visualisieren. Verschiedene Einstellungen wie ein einfacher Wechsel zwischen einer 3\u00d73- und 5\u00d75-Feld-Matrix, Rahmen- und Texteinstellungen passen diese Erweiterung an Ihre Berichtsanforderungen an. <\/p>\n<p>Diese Erweiterung kann auch f\u00fcr die \u00dcberwachung und Angabe von Schwellenwerten f\u00fcr alle Arten von physischen Ma\u00dfnahmen, Qualit\u00e4tsindikatoren und Abweichungen im Allgemeinen verwendet werden. Damit kann sie auf eine breite Anzahl von Anwendungsf\u00e4llen angewendet werden, die in verschiedenen Unternehmen auftreten.<\/p>","protected":false},"author":1,"featured_media":0,"parent":227,"menu_order":1,"comment_status":"closed","ping_status":"closed","template":"","meta":{"footnotes":""},"class_list":["post-699","page","type-page","status-publish","hentry","latest_post"],"_links":{"self":[{"href":"https:\/\/www.leaplytics.de\/de\/wp-json\/wp\/v2\/pages\/699","targetHints":{"allow":["GET"]}}],"collection":[{"href":"https:\/\/www.leaplytics.de\/de\/wp-json\/wp\/v2\/pages"}],"about":[{"href":"https:\/\/www.leaplytics.de\/de\/wp-json\/wp\/v2\/types\/page"}],"author":[{"embeddable":true,"href":"https:\/\/www.leaplytics.de\/de\/wp-json\/wp\/v2\/users\/1"}],"replies":[{"embeddable":true,"href":"https:\/\/www.leaplytics.de\/de\/wp-json\/wp\/v2\/comments?post=699"}],"version-history":[{"count":5,"href":"https:\/\/www.leaplytics.de\/de\/wp-json\/wp\/v2\/pages\/699\/revisions"}],"predecessor-version":[{"id":13676,"href":"https:\/\/www.leaplytics.de\/de\/wp-json\/wp\/v2\/pages\/699\/revisions\/13676"}],"up":[{"embeddable":true,"href":"https:\/\/www.leaplytics.de\/de\/wp-json\/wp\/v2\/pages\/227"}],"wp:attachment":[{"href":"https:\/\/www.leaplytics.de\/de\/wp-json\/wp\/v2\/media?parent=699"}],"curies":[{"name":"wp","href":"https:\/\/api.w.org\/{rel}","templated":true}]}}