{"id":799,"date":"2021-01-04T21:52:31","date_gmt":"2021-01-04T20:52:31","guid":{"rendered":"https:\/\/www.leaplytics.de\/?page_id=799"},"modified":"2024-11-04T09:23:33","modified_gmt":"2024-11-04T08:23:33","slug":"projektmanagement-dashboard-qlik-sense","status":"publish","type":"page","link":"https:\/\/www.leaplytics.de\/de\/titelseite\/projektmanagement-dashboard-qlik-sense\/","title":{"rendered":"Projektleitung Dashboard Qlik Sense"},"content":{"rendered":"<h2 class=\"wp-block-heading\" id=\"dashboard\">Dashboard<\/h2>\n\n\n\n<p>Project Management Dashboard Qlik Sense folgt einer einfachen Regel: <strong>den verantwortlichen Personen auf einen Blick die richtigen Projektinformationen in der richtigen Aggregation zu zeigen, damit sie die richtigen Entscheidungen treffen k\u00f6nnen<\/strong>. <\/p>\n\n\n\n<p>In der Projektumgebung gibt es verschiedene Interessengruppen, die unterschiedliche Informationsbed\u00fcrfnisse haben und jeweils einen anderen Detaillierungsgrad aufweisen. Die folgenden Beispiele zeigen die beiden h\u00e4ufigsten Gegens\u00e4tze.  <\/p>\n\n\n\n<p><strong>Portfolio-Ebene:<\/strong> Es gibt Portfolio-Manager, die daf\u00fcr sorgen m\u00fcssen, dass die richtigen Projekte mit den richtigen Ressourcen priorisiert werden. Engp\u00e4sse m\u00fcssen erkannt und Projektpipelines verwaltet werden.<\/p>\n\n\n\n<p><strong>Projekt-Ebene: <\/strong>Die Projektmanager m\u00fcssen die niedrigste Informationsstufe erhalten, um alle Steuerungsvariablen zur Hand zu haben. Auf der anderen Seite m\u00fcssen Sponsoren, Aufsichtsr\u00e4te und CEOs die relevante Essenz der Informationen erhalten, um die richtigen Entscheidungen in der \u00fcbergreifenden Projektsteuerung ableiten zu k\u00f6nnen.<\/p>\n\n\n\n<p>Das LeapLytics Advanced Project Management Reporting stellt sicher, dass alle Berichtsanforderungen erf\u00fcllt werden k\u00f6nnen, unabh\u00e4ngig von der Art der Stakeholder oder der Aggregationsebene. Durch den integrativen Informationsprozess werden alle Informationen auf der untersten Ebene gesammelt und entsprechend dem Bedarf aller m\u00f6glichen Empf\u00e4nger aggregiert.<\/p>\n\n\n\n<p>Hier sind zwei Beispiele f\u00fcr ein Projektstatus-Reporting, das mit unserer LeapLytics Extension Suite f\u00fcr QlikSense realisiert werden kann. Die Dashboards nutzen ein zugrunde liegendes Datenmodell, das den Standard PMI-Regeln f\u00fcr das Projektmanagement folgt. Damit k\u00f6nnen unternehmensweite Projekte auf harmonisierte, effiziente und benutzerfreundliche Weise berichtet werden.<\/p>\n\n\n\n<h2 class=\"wp-block-heading\" id=\"project-status-report-qlik-sense\">Projektstatusbericht Qlik Sense<\/h2>\n\n\n\n<p>Der grundlegende Projektstatusbericht ist ein Beispiel f\u00fcr das Project Management Dashboard Qlik Sense und l\u00e4sst den Benutzer ein bestimmtes Projekt sowie ein Berichtsdatum ausw\u00e4hlen. Er erh\u00e4lt alle notwendigen Informationen in einem dreispaltigen Layout mit relevanten Stammdaten in der Kopfzeile. Die wichtigsten Funktionen sind die <a href=\"https:\/\/www.leaplytics.de\/de\/extensions\/traffic-light\/\">Ampel<\/a> und die <a href=\"https:\/\/www.leaplytics.de\/de\/extensions\/risiko-heatmap-erweiterung-fur-qliksense\/\">Risikomatrix<\/a>.<\/p>\n\n\n\n<figure class=\"wp-block-image size-large\"><img loading=\"lazy\" decoding=\"async\" width=\"1024\" height=\"600\" src=\"https:\/\/www.leaplytics.de\/wp-content\/uploads\/2021\/11\/Laptop-with-Dashboard-Page2-1024x600.png\" alt=\"\" class=\"wp-image-2407\" srcset=\"https:\/\/www.leaplytics.de\/wp-content\/uploads\/2021\/11\/Laptop-with-Dashboard-Page2-1024x600.png 1024w, https:\/\/www.leaplytics.de\/wp-content\/uploads\/2021\/11\/Laptop-with-Dashboard-Page2-300x176.png 300w, https:\/\/www.leaplytics.de\/wp-content\/uploads\/2021\/11\/Laptop-with-Dashboard-Page2-768x450.png 768w, https:\/\/www.leaplytics.de\/wp-content\/uploads\/2021\/11\/Laptop-with-Dashboard-Page2-1536x901.png 1536w, https:\/\/www.leaplytics.de\/wp-content\/uploads\/2021\/11\/Laptop-with-Dashboard-Page2-2048x1201.png 2048w, https:\/\/www.leaplytics.de\/wp-content\/uploads\/2021\/11\/Laptop-with-Dashboard-Page2-102x60.png 102w\" sizes=\"auto, (max-width: 1024px) 100vw, 1024px\" \/><figcaption class=\"wp-element-caption\">Projektleitung Dashboard Qlik Sense<\/figcaption><\/figure>\n\n\n\n<p>Eine Variante des grundlegenden Projektstatusberichts stellt das Layout auf eine horizontale Ansicht um und f\u00fcgt die Meilensteinansicht als Hauptfunktion hinzu, um einen \u00dcberblick \u00fcber relevante Meilensteine und deren Zielerreichung zu erhalten.<\/p>\n\n\n\n<figure class=\"wp-block-image size-large\"><img loading=\"lazy\" decoding=\"async\" width=\"1024\" height=\"602\" src=\"https:\/\/www.leaplytics.de\/wp-content\/uploads\/2021\/11\/Laptop-with-Dashboard-Page3-1024x602.png\" alt=\"\" class=\"wp-image-2408\" srcset=\"https:\/\/www.leaplytics.de\/wp-content\/uploads\/2021\/11\/Laptop-with-Dashboard-Page3-1024x602.png 1024w, https:\/\/www.leaplytics.de\/wp-content\/uploads\/2021\/11\/Laptop-with-Dashboard-Page3-300x176.png 300w, https:\/\/www.leaplytics.de\/wp-content\/uploads\/2021\/11\/Laptop-with-Dashboard-Page3-768x451.png 768w, https:\/\/www.leaplytics.de\/wp-content\/uploads\/2021\/11\/Laptop-with-Dashboard-Page3-1536x903.png 1536w, https:\/\/www.leaplytics.de\/wp-content\/uploads\/2021\/11\/Laptop-with-Dashboard-Page3-2048x1204.png 2048w, https:\/\/www.leaplytics.de\/wp-content\/uploads\/2021\/11\/Laptop-with-Dashboard-Page3-102x60.png 102w\" sizes=\"auto, (max-width: 1024px) 100vw, 1024px\" \/><figcaption class=\"wp-element-caption\">Projektleitung Dashboard Qlik Sense<\/figcaption><\/figure>\n\n\n\n<p>Unsere Erweiterung kann auch in \u00fcbergreifenden Portfolio-Dashboards eingesetzt werden.<\/p>\n\n\n\n<figure class=\"wp-block-image size-large\"><img loading=\"lazy\" decoding=\"async\" width=\"1024\" height=\"599\" src=\"https:\/\/www.leaplytics.de\/wp-content\/uploads\/2021\/11\/Laptop-with-Dashboard-Page1-1024x599.png\" alt=\"\" class=\"wp-image-2406\" srcset=\"https:\/\/www.leaplytics.de\/wp-content\/uploads\/2021\/11\/Laptop-with-Dashboard-Page1-1024x599.png 1024w, https:\/\/www.leaplytics.de\/wp-content\/uploads\/2021\/11\/Laptop-with-Dashboard-Page1-300x175.png 300w, https:\/\/www.leaplytics.de\/wp-content\/uploads\/2021\/11\/Laptop-with-Dashboard-Page1-768x449.png 768w, https:\/\/www.leaplytics.de\/wp-content\/uploads\/2021\/11\/Laptop-with-Dashboard-Page1-1536x898.png 1536w, https:\/\/www.leaplytics.de\/wp-content\/uploads\/2021\/11\/Laptop-with-Dashboard-Page1-2048x1198.png 2048w, https:\/\/www.leaplytics.de\/wp-content\/uploads\/2021\/11\/Laptop-with-Dashboard-Page1-103x60.png 103w\" sizes=\"auto, (max-width: 1024px) 100vw, 1024px\" \/><figcaption class=\"wp-element-caption\">Projektportfolio-Dashboard Qlik Sense<\/figcaption><\/figure>\n\n\n\n<p>Wenn Sie neugierig sind, was dies f\u00fcr Ihre Projektmanagement-Umgebung bedeuten w\u00fcrde, vereinbaren wir gerne ein Gespr\u00e4ch mit Ihnen. In diesem Fall oder wenn Sie Fragen zu Details, Implementierung und Preisinformationen haben, lassen Sie es uns wissen und wir melden uns kurzfristig bei Ihnen:<\/p>\n\n\n<div class=\"wpforms-container wpforms-container-full\" id=\"wpforms-10645\"><form id=\"wpforms-form-10645\" class=\"wpforms-validate wpforms-form wpforms-ajax-form\" data-formid=\"10645\" method=\"post\" enctype=\"multipart\/form-data\" action=\"\/de\/wp-json\/wp\/v2\/pages\/799\" data-token=\"0adac17d8b6f5982a2f381160ee417a6\" data-token-time=\"1775817072\" data-trp-original-action=\"\/de\/wp-json\/wp\/v2\/pages\/799\"><noscript class=\"wpforms-error-noscript\">Bitte aktivieren Sie JavaScript in Ihrem Browser, um dieses Formular fertigzustellen.<\/noscript><div class=\"wpforms-field-container\"><div id=\"wpforms-10645-field_0-container\" class=\"wpforms-field wpforms-field-name\" data-field-id=\"0\"><label class=\"wpforms-field-label\">Name <span class=\"wpforms-required-label\">*<\/span><\/label><div class=\"wpforms-field-row wpforms-field-medium\"><div class=\"wpforms-field-row-block wpforms-first wpforms-one-half\"><input type=\"text\" id=\"wpforms-10645-field_0\" class=\"wpforms-field-name-first wpforms-field-required\" name=\"wpforms[fields][0][first]\" required><label for=\"wpforms-10645-field_0\" class=\"wpforms-field-sublabel after\">Vorname<\/label><\/div><div class=\"wpforms-field-row-block wpforms-one-half\"><input type=\"text\" id=\"wpforms-10645-field_0-last\" class=\"wpforms-field-name-last wpforms-field-required\" name=\"wpforms[fields][0][last]\" required><label for=\"wpforms-10645-field_0-last\" class=\"wpforms-field-sublabel after\">Nachname<\/label><\/div><\/div><\/div><div id=\"wpforms-10645-field_1-container\" class=\"wpforms-field wpforms-field-email\" data-field-id=\"1\"><label class=\"wpforms-field-label\" for=\"wpforms-10645-field_1\">E-Mail <span class=\"wpforms-required-label\">*<\/span><\/label><input type=\"email\" id=\"wpforms-10645-field_1\" class=\"wpforms-field-medium wpforms-field-required\" data-rule-restricted-email=\"1\" name=\"wpforms[fields][1]\" spellcheck=\"false\" required><\/div><div id=\"wpforms-10645-field_3-container\" class=\"wpforms-field wpforms-field-text\" data-field-id=\"3\"><label class=\"wpforms-field-label\" for=\"wpforms-10645-field_3\">Unternehmen <span class=\"wpforms-required-label\">*<\/span><\/label><input type=\"text\" id=\"wpforms-10645-field_3\" class=\"wpforms-field-medium wpforms-field-required\" name=\"wpforms[fields][3]\" required><\/div><div id=\"wpforms-10645-field_2-container\" class=\"wpforms-field wpforms-field-textarea\" data-field-id=\"2\"><label class=\"wpforms-field-label\" for=\"wpforms-10645-field_2\">Kommentar oder Nachricht<\/label><textarea id=\"wpforms-10645-field_2\" class=\"wpforms-field-medium\" name=\"wpforms[fields][2]\" ><\/textarea><\/div><div id=\"wpforms-10645-field_4-container\" class=\"wpforms-field wpforms-field-gdpr-checkbox\" data-field-id=\"4\"><label class=\"wpforms-field-label\">DSGVO-Vereinbarung <span class=\"wpforms-required-label\">*<\/span><\/label><ul id=\"wpforms-10645-field_4\" class=\"wpforms-field-required\"><li class=\"choice-1\"><input type=\"checkbox\" id=\"wpforms-10645-field_4_1\" name=\"wpforms[fields][4][]\" value=\"I consent to having this website store my submitted information so they can respond to my inquiry.\" required><label class=\"wpforms-field-label-inline\" for=\"wpforms-10645-field_4_1\">Ich bin damit einverstanden, dass diese Website die von mir \u00fcbermittelten Daten speichert, damit sie auf meine Anfrage antworten kann.<\/label><\/li><\/ul><\/div><\/div><!-- .wpforms-field-container --><div class=\"wpforms-recaptcha-container wpforms-is-recaptcha wpforms-is-recaptcha-type-v3\" ><input type=\"hidden\" name=\"wpforms[recaptcha]\" value=\"\"><\/div><div class=\"wpforms-submit-container\" ><input type=\"hidden\" name=\"wpforms[id]\" value=\"10645\"><input type=\"hidden\" name=\"page_title\" value=\"\"><input type=\"hidden\" name=\"page_url\" value=\"https:\/\/www.leaplytics.de\/de\/wp-json\/wp\/v2\/pages\/799\"><input type=\"hidden\" name=\"url_referer\" value=\"\"><button type=\"submit\" name=\"wpforms[submit]\" id=\"wpforms-submit-10645\" class=\"wpforms-submit\" data-alt-text=\"Sending...\" data-submit-text=\"Submit\" aria-live=\"assertive\" value=\"wpforms-submit\">Einreichen<\/button><img loading=\"lazy\" decoding=\"async\" src=\"https:\/\/www.leaplytics.de\/wp-content\/plugins\/wpforms-lite\/assets\/images\/submit-spin.svg\" class=\"wpforms-submit-spinner\" style=\"display: none;\" width=\"26\" height=\"26\" alt=\"Wird geladen\"><\/div><input type=\"hidden\" name=\"trp-form-language\" value=\"de\"\/><\/form><\/div>  <!-- .wpforms-container -->","protected":false},"excerpt":{"rendered":"<p>Dashboard Project Management Dashboard Qlik Sense folgt einer einfachen Regel: Die richtigen Projektinformationen in der richtigen Aggregation den Verantwortlichen auf einen Blick zeigen, damit diese die richtigen Entscheidungen treffen k\u00f6nnen. Im Projektumfeld gibt es verschiedene Stakeholder, die unterschiedliche Informationsbed\u00fcrfnisse haben und jeweils einen anderen Detaillierungsgrad. Die ... <\/p>","protected":false},"author":1,"featured_media":0,"parent":111,"menu_order":0,"comment_status":"closed","ping_status":"closed","template":"","meta":{"footnotes":""},"class_list":["post-799","page","type-page","status-publish","hentry","latest_post"],"_links":{"self":[{"href":"https:\/\/www.leaplytics.de\/de\/wp-json\/wp\/v2\/pages\/799","targetHints":{"allow":["GET"]}}],"collection":[{"href":"https:\/\/www.leaplytics.de\/de\/wp-json\/wp\/v2\/pages"}],"about":[{"href":"https:\/\/www.leaplytics.de\/de\/wp-json\/wp\/v2\/types\/page"}],"author":[{"embeddable":true,"href":"https:\/\/www.leaplytics.de\/de\/wp-json\/wp\/v2\/users\/1"}],"replies":[{"embeddable":true,"href":"https:\/\/www.leaplytics.de\/de\/wp-json\/wp\/v2\/comments?post=799"}],"version-history":[{"count":3,"href":"https:\/\/www.leaplytics.de\/de\/wp-json\/wp\/v2\/pages\/799\/revisions"}],"predecessor-version":[{"id":13668,"href":"https:\/\/www.leaplytics.de\/de\/wp-json\/wp\/v2\/pages\/799\/revisions\/13668"}],"up":[{"embeddable":true,"href":"https:\/\/www.leaplytics.de\/de\/wp-json\/wp\/v2\/pages\/111"}],"wp:attachment":[{"href":"https:\/\/www.leaplytics.de\/de\/wp-json\/wp\/v2\/media?parent=799"}],"curies":[{"name":"wp","href":"https:\/\/api.w.org\/{rel}","templated":true}]}}