{"id":9298,"date":"2022-08-01T18:12:55","date_gmt":"2022-08-01T16:12:55","guid":{"rendered":"https:\/\/www.leaplytics.de\/?page_id=9298"},"modified":"2024-10-29T10:26:15","modified_gmt":"2024-10-29T09:26:15","slug":"einstieg-in-die-ampel-strom-bi","status":"publish","type":"page","link":"https:\/\/www.leaplytics.de\/de\/einstieg-in-die-ampel-strom-bi\/","title":{"rendered":"Erste Schritte - Ampel"},"content":{"rendered":"<p>Sie haben gerade erst von der Ampelvisualisierung in Power BI erfahren und fragen sich, was die n\u00e4chsten Schritte sind?<\/p>\n\n\n\n<p>Dann sind Sie bei uns genau richtig! In unserer Schritt-f\u00fcr-Schritt-Anleitung, unterst\u00fctzt durch unsere Video-Tutorials, f\u00fchren wir Sie durch die Einrichtung und Anpassung unseres Visuals.<\/p>\n\n\n\n<div style=\"height:40px\" aria-hidden=\"true\" class=\"wp-block-spacer\"><\/div>\n\n\n\n<h3 class=\"wp-block-heading\">1. Laden Sie das Visual herunter<\/h3>\n\n\n\n<figure class=\"wp-block-embed is-type-video is-provider-youtube wp-block-embed-youtube wp-embed-aspect-16-9 wp-has-aspect-ratio\"><div class=\"wp-block-embed__wrapper\">\n<iframe loading=\"lazy\" title=\"Tutorial herunterladen - LeapLytics Ampel f\u00fcr Power BI\" width=\"770\" height=\"433\" src=\"https:\/\/www.youtube.com\/embed\/_u8gc4RcyO0?feature=oembed\" frameborder=\"0\" allow=\"accelerometer; autoplay; clipboard-write; encrypted-media; gyroscope; picture-in-picture; web-share\" referrerpolicy=\"strict-origin-when-cross-origin\" allowfullscreen><\/iframe>\n<\/div><figcaption class=\"wp-element-caption\">Der erste Schritt ist nat\u00fcrlich der Download des Traffic Light Visuals aus der Microsoft AppSource. In unserem Video erkl\u00e4ren wir den gesamten Download-Prozess in einer Minute.<\/figcaption><\/figure>\n\n\n\n<div style=\"height:40px\" aria-hidden=\"true\" class=\"wp-block-spacer\"><\/div>\n\n\n\n<h3 class=\"wp-block-heading\">2. Bereiten Sie Ihre Daten vor<\/h3>\n\n\n\n<div class=\"wp-block-columns is-layout-flex wp-container-core-columns-is-layout-1 wp-block-columns-is-layout-flex\">\n<div class=\"wp-block-column is-layout-flow wp-block-column-is-layout-flow\"><div class=\"wp-block-image\">\n<figure class=\"alignleft size-full is-resized\"><img loading=\"lazy\" decoding=\"async\" width=\"2285\" height=\"1538\" src=\"https:\/\/www.leaplytics.de\/wp-content\/uploads\/2024\/08\/data-preparation.png\" alt=\"\" class=\"wp-image-13550\" style=\"width:389px;height:auto\" srcset=\"https:\/\/www.leaplytics.de\/wp-content\/uploads\/2024\/08\/data-preparation.png 2285w, https:\/\/www.leaplytics.de\/wp-content\/uploads\/2024\/08\/data-preparation-300x202.png 300w, https:\/\/www.leaplytics.de\/wp-content\/uploads\/2024\/08\/data-preparation-1024x689.png 1024w, https:\/\/www.leaplytics.de\/wp-content\/uploads\/2024\/08\/data-preparation-768x517.png 768w, https:\/\/www.leaplytics.de\/wp-content\/uploads\/2024\/08\/data-preparation-1536x1034.png 1536w, https:\/\/www.leaplytics.de\/wp-content\/uploads\/2024\/08\/data-preparation-2048x1378.png 2048w, https:\/\/www.leaplytics.de\/wp-content\/uploads\/2024\/08\/data-preparation-89x60.png 89w\" sizes=\"auto, (max-width: 2285px) 100vw, 2285px\" \/><\/figure><\/div><\/div>\n\n\n\n<div class=\"wp-block-column is-layout-flow wp-block-column-is-layout-flow\">\n<p>Unsere Ampel ben\u00f6tigt entweder numerische, prozentuale oder zeitliche Werte (z.B. Datum), um Bereiche f\u00fcr jede Ampelfarbe einzurichten.<\/p>\n\n\n\n<p>Stellen Sie sicher, dass Sie Ihre Daten an eines der unterst\u00fctzten Datenformate anpassen.<\/p>\n<\/div>\n<\/div>\n\n\n\n<div style=\"height:40px\" aria-hidden=\"true\" class=\"wp-block-spacer\"><\/div>\n\n\n\n<h3 class=\"wp-block-heading\">3. Daten- und Lizenzimport<\/h3>\n\n\n\n<figure class=\"wp-block-embed is-type-video is-provider-youtube wp-block-embed-youtube wp-embed-aspect-16-9 wp-has-aspect-ratio\"><div class=\"wp-block-embed__wrapper\">\n<iframe loading=\"lazy\" title=\"Datenimport &amp; Lizenzaktivierung - LeapLytics Traffic Light f\u00fcr Power BI\" width=\"770\" height=\"433\" src=\"https:\/\/www.youtube.com\/embed\/S1HhF9H03K0?feature=oembed\" frameborder=\"0\" allow=\"accelerometer; autoplay; clipboard-write; encrypted-media; gyroscope; picture-in-picture; web-share\" referrerpolicy=\"strict-origin-when-cross-origin\" allowfullscreen><\/iframe>\n<\/div><figcaption class=\"wp-element-caption\">Sobald wir unsere Daten vorbereitet haben, ist es an der Zeit, sie in Power BI zu importieren. In diesem Video helfen wir Ihnen, Ihre Daten zu importieren und Ihren Lizenzcode zu aktivieren.<\/figcaption><\/figure>\n\n\n<div class=\"wp-block-image\">\n<figure class=\"alignleft size-full is-resized\"><img loading=\"lazy\" decoding=\"async\" width=\"964\" height=\"1875\" src=\"https:\/\/www.leaplytics.de\/wp-content\/uploads\/2024\/08\/datalicense.png\" alt=\"\" class=\"wp-image-13551\" style=\"width:204px;height:auto\" srcset=\"https:\/\/www.leaplytics.de\/wp-content\/uploads\/2024\/08\/datalicense.png 964w, https:\/\/www.leaplytics.de\/wp-content\/uploads\/2024\/08\/datalicense-154x300.png 154w, https:\/\/www.leaplytics.de\/wp-content\/uploads\/2024\/08\/datalicense-526x1024.png 526w, https:\/\/www.leaplytics.de\/wp-content\/uploads\/2024\/08\/datalicense-768x1494.png 768w, https:\/\/www.leaplytics.de\/wp-content\/uploads\/2024\/08\/datalicense-790x1536.png 790w, https:\/\/www.leaplytics.de\/wp-content\/uploads\/2024\/08\/datalicense-31x60.png 31w\" sizes=\"auto, (max-width: 964px) 100vw, 964px\" \/><\/figure><\/div>\n\n\n<p>Um Ihre Daten zu importieren, klicken Sie im Datenbereich auf \"Daten abrufen\" und w\u00e4hlen Sie die entsprechende Datenquelle aus, zum Beispiel eine Excel-Arbeitsmappe.<\/p>\n\n\n\n<p><\/p>\n\n\n\n<p>Im n\u00e4chsten Schritt w\u00e4hlen Sie das Bildmaterial aus der Liste aus, um es zu Ihrem Power BI-Bericht hinzuzuf\u00fcgen. Klicken Sie nun unter Visualisierungen auf \"Visual formatieren\" und w\u00e4hlen Sie den Abschnitt \"Lizenz\".<\/p>\n\n\n\n<p>Hier k\u00f6nnen Sie Ihren Lizenzcode einfach \u00fcber STRG + V einf\u00fcgen.<\/p>\n\n\n\n<div style=\"height:40px\" aria-hidden=\"true\" class=\"wp-block-spacer\"><\/div>\n\n\n\n<h3 class=\"wp-block-heading\">4. Einrichtung des Visuals<\/h3>\n\n\n\n<figure class=\"wp-block-embed is-type-video is-provider-youtube wp-block-embed-youtube wp-embed-aspect-16-9 wp-has-aspect-ratio\"><div class=\"wp-block-embed__wrapper\">\n<iframe loading=\"lazy\" title=\"Visuelle Einrichtung - LeapLytics Traffic Light f\u00fcr Power BI\" width=\"770\" height=\"433\" src=\"https:\/\/www.youtube.com\/embed\/rY4INTDBFAA?feature=oembed\" frameborder=\"0\" allow=\"accelerometer; autoplay; clipboard-write; encrypted-media; gyroscope; picture-in-picture; web-share\" referrerpolicy=\"strict-origin-when-cross-origin\" allowfullscreen><\/iframe>\n<\/div><figcaption class=\"wp-element-caption\">Als N\u00e4chstes m\u00fcssen wir unsere Daten zum Visual hinzuf\u00fcgen. Hier wird Schritt f\u00fcr Schritt erkl\u00e4rt, wie Sie Ihre Daten zum Visual hinzuf\u00fcgen und die Datenbereiche entsprechend definieren k\u00f6nnen.<\/figcaption><\/figure>\n\n\n\n<div class=\"wp-block-columns is-layout-flex wp-container-core-columns-is-layout-2 wp-block-columns-is-layout-flex\">\n<div class=\"wp-block-column is-layout-flow wp-block-column-is-layout-flow\" style=\"flex-basis:33.33%\"><div class=\"wp-block-image\">\n<figure class=\"alignleft size-full is-resized\"><img loading=\"lazy\" decoding=\"async\" width=\"1019\" height=\"1675\" src=\"https:\/\/www.leaplytics.de\/wp-content\/uploads\/2024\/08\/measure.png\" alt=\"\" class=\"wp-image-13554\" style=\"width:204px;height:auto\" srcset=\"https:\/\/www.leaplytics.de\/wp-content\/uploads\/2024\/08\/measure.png 1019w, https:\/\/www.leaplytics.de\/wp-content\/uploads\/2024\/08\/measure-183x300.png 183w, https:\/\/www.leaplytics.de\/wp-content\/uploads\/2024\/08\/measure-623x1024.png 623w, https:\/\/www.leaplytics.de\/wp-content\/uploads\/2024\/08\/measure-768x1262.png 768w, https:\/\/www.leaplytics.de\/wp-content\/uploads\/2024\/08\/measure-934x1536.png 934w, https:\/\/www.leaplytics.de\/wp-content\/uploads\/2024\/08\/measure-37x60.png 37w\" sizes=\"auto, (max-width: 1019px) 100vw, 1019px\" \/><\/figure><\/div><\/div>\n\n\n\n<div class=\"wp-block-column is-layout-flow wp-block-column-is-layout-flow\" style=\"flex-basis:66.66%\">\n<p>W\u00e4hlen Sie die gew\u00fcnschte Kennzahl aus dem Abschnitt \"Daten\" aus, indem Sie darauf klicken oder sie in das Feld \"Measure\" der Visualisierung ziehen.<\/p>\n\n\n\n<p><strong>Optional: <\/strong>Durch Anklicken der Dropdown-Liste k\u00f6nnen Sie die f\u00fcr Ihre Zwecke geeignete Aggregation ausw\u00e4hlen (Summe, Durchschnitt usw.).<\/p>\n\n\n\n<p>Bei der Verwendung von Zeitformaten ist darauf zu achten, dass das Format entsprechend dem Format der gew\u00e4hlten Kennzahl eingestellt ist.<\/p>\n<\/div>\n<\/div>\n\n\n\n<div style=\"height:40px\" aria-hidden=\"true\" class=\"wp-block-spacer\"><\/div>\n\n\n\n<h3 class=\"wp-block-heading\">5. Datenintervalle<\/h3>\n\n\n<div class=\"wp-block-image\">\n<figure class=\"alignleft size-full\"><img loading=\"lazy\" decoding=\"async\" width=\"185\" height=\"377\" src=\"https:\/\/www.leaplytics.de\/wp-content\/uploads\/2024\/08\/ranges.png\" alt=\"\" class=\"wp-image-13553\" srcset=\"https:\/\/www.leaplytics.de\/wp-content\/uploads\/2024\/08\/ranges.png 185w, https:\/\/www.leaplytics.de\/wp-content\/uploads\/2024\/08\/ranges-147x300.png 147w, https:\/\/www.leaplytics.de\/wp-content\/uploads\/2024\/08\/ranges-29x60.png 29w\" sizes=\"auto, (max-width: 185px) 100vw, 185px\" \/><\/figure><\/div>\n\n\n<p>Damit Ihre \"Ampel\"-Visualisierung richtig funktioniert, m\u00fcssen Sie als N\u00e4chstes die Bereiche f\u00fcr die Darstellung der Ampelfarben festlegen. Im Abschnitt \"Ranges\" unter \"Visual formatieren\" k\u00f6nnen Sie Mindest- und H\u00f6chstwerte f\u00fcr die entsprechende Farbe* festlegen.<\/p>\n\n\n\n<p>Wenn ein Datum oder ein Intervallma\u00df als Datenformat ausgew\u00e4hlt wird, m\u00fcssen Sie die Bereiche entsprechend dem ausgew\u00e4hlten Zeitformat im Abschnitt \"Time format\" definieren.<\/p>\n\n\n\n<p><em>*Gelb Minimum und Gelb Maximum sind deaktiviert, wenn \"Two-Light-System\" ausgew\u00e4hlt ist.<\/em><\/p>\n\n\n\n<div style=\"height:40px\" aria-hidden=\"true\" class=\"wp-block-spacer\"><\/div>\n\n\n\n<h3 class=\"wp-block-heading\">6. Passen Sie Ihr Lieblingsdesign an<\/h3>\n\n\n\n<figure class=\"wp-block-embed is-type-video is-provider-youtube wp-block-embed-youtube wp-embed-aspect-16-9 wp-has-aspect-ratio\"><div class=\"wp-block-embed__wrapper\">\n<iframe loading=\"lazy\" title=\"Benutzerdefinierte Design-Einstellungen - LeapLytics Traffic Light f\u00fcr Power BI\" width=\"770\" height=\"433\" src=\"https:\/\/www.youtube.com\/embed\/GpFtfzbQ_OE?feature=oembed\" frameborder=\"0\" allow=\"accelerometer; autoplay; clipboard-write; encrypted-media; gyroscope; picture-in-picture; web-share\" referrerpolicy=\"strict-origin-when-cross-origin\" allowfullscreen><\/iframe>\n<\/div><figcaption class=\"wp-element-caption\">Unser Visual bietet Ihnen eine breite Palette von Anpassungsm\u00f6glichkeiten. Schauen Sie sich unser Video-Tutorial oben an, um zu erfahren, wie Sie die Ampel an Ihre individuellen Vorlieben anpassen k\u00f6nnen.<\/figcaption><\/figure>\n\n\n<div class=\"wp-block-image\">\n<figure class=\"alignleft size-full is-resized\"><img loading=\"lazy\" decoding=\"async\" width=\"538\" height=\"1697\" src=\"https:\/\/www.leaplytics.de\/wp-content\/uploads\/2024\/08\/formats.png\" alt=\"\" class=\"wp-image-13552\" style=\"width:198px;height:auto\" srcset=\"https:\/\/www.leaplytics.de\/wp-content\/uploads\/2024\/08\/formats.png 538w, https:\/\/www.leaplytics.de\/wp-content\/uploads\/2024\/08\/formats-95x300.png 95w, https:\/\/www.leaplytics.de\/wp-content\/uploads\/2024\/08\/formats-325x1024.png 325w, https:\/\/www.leaplytics.de\/wp-content\/uploads\/2024\/08\/formats-487x1536.png 487w, https:\/\/www.leaplytics.de\/wp-content\/uploads\/2024\/08\/formats-19x60.png 19w\" sizes=\"auto, (max-width: 538px) 100vw, 538px\" \/><\/figure><\/div>\n\n\n<p>In einem letzten Schritt k\u00f6nnen wir das Visual an ein individuelles Design anpassen. Wenn Sie unter Visualisierungen auf \"Visual formatieren\" klicken, wird das folgende Fenster angezeigt.<\/p>\n\n\n\n<p>Hier k\u00f6nnen Sie alle Formatierungsoptionen anpassen, indem Sie Ihr bevorzugtes Design ausw\u00e4hlen. <\/p>\n\n\n\n<p>Anweisungen zu den einzelnen Formatierungsoptionen finden Sie in unserem Video-Tutorial oben.<\/p>\n\n\n\n<div style=\"height:40px\" aria-hidden=\"true\" class=\"wp-block-spacer\"><\/div>\n\n\n\n<p>Perfekt, Sie sind jetzt bereit, unsere Ampel zu nutzen und Ihre Berichterstattung zu verbessern!<\/p>\n\n\n\n<div style=\"height:40px\" aria-hidden=\"true\" class=\"wp-block-spacer\"><\/div>\n\n\n\n<div class=\"wp-block-buttons is-layout-flex wp-block-buttons-is-layout-flex\">\n<div class=\"wp-block-button\"><a class=\"wp-block-button__link has-background wp-element-button\" href=\"https:\/\/www.leaplytics.de\/de\/titelseite\/projektmanagement-benutzerdefinierte-visuals-microsoft-powerbi\/benutzerdefinierte-visuelle-risikokarte-fur-power-bi\/\" style=\"background-color:#44546a\">M\u00f6chten Sie Ihre Berichterstattung noch weiter verbessern? Sehen Sie sich unsere Risikomatrix f\u00fcr Power BI an!<\/a><\/div>\n<\/div>","protected":false},"excerpt":{"rendered":"<p>Sie haben soeben die Ampelvisualisierung in Power BI kennengelernt und fragen sich, wie es weitergehen soll? Dann sind Sie bei uns genau richtig! In unserer Schritt-f\u00fcr-Schritt-Anleitung, unterst\u00fctzt durch unsere Video-Tutorials, f\u00fchren wir Sie durch die Einrichtung und Anpassung unseres Visuals. 1. Laden Sie das Bildmaterial herunter 2. Bereiten Sie ... <\/p>","protected":false},"author":2,"featured_media":0,"parent":0,"menu_order":0,"comment_status":"closed","ping_status":"closed","template":"","meta":{"footnotes":""},"class_list":["post-9298","page","type-page","status-publish","hentry","latest_post"],"_links":{"self":[{"href":"https:\/\/www.leaplytics.de\/de\/wp-json\/wp\/v2\/pages\/9298","targetHints":{"allow":["GET"]}}],"collection":[{"href":"https:\/\/www.leaplytics.de\/de\/wp-json\/wp\/v2\/pages"}],"about":[{"href":"https:\/\/www.leaplytics.de\/de\/wp-json\/wp\/v2\/types\/page"}],"author":[{"embeddable":true,"href":"https:\/\/www.leaplytics.de\/de\/wp-json\/wp\/v2\/users\/2"}],"replies":[{"embeddable":true,"href":"https:\/\/www.leaplytics.de\/de\/wp-json\/wp\/v2\/comments?post=9298"}],"version-history":[{"count":11,"href":"https:\/\/www.leaplytics.de\/de\/wp-json\/wp\/v2\/pages\/9298\/revisions"}],"predecessor-version":[{"id":13635,"href":"https:\/\/www.leaplytics.de\/de\/wp-json\/wp\/v2\/pages\/9298\/revisions\/13635"}],"wp:attachment":[{"href":"https:\/\/www.leaplytics.de\/de\/wp-json\/wp\/v2\/media?parent=9298"}],"curies":[{"name":"wp","href":"https:\/\/api.w.org\/{rel}","templated":true}]}}