{"id":9336,"date":"2022-08-01T20:19:06","date_gmt":"2022-08-01T18:19:06","guid":{"rendered":"https:\/\/www.leaplytics.de\/?page_id=9336"},"modified":"2022-08-01T20:19:06","modified_gmt":"2022-08-01T18:19:06","slug":"formatoptionen-ampel-power-bi","status":"publish","type":"page","link":"https:\/\/www.leaplytics.de\/de\/formatoptionen-ampel-power-bi\/","title":{"rendered":"Formatoptionen - Ampel"},"content":{"rendered":"<h3 class=\"wp-block-heading\">1. Zeitformat<\/h3>\n\n\n<div class=\"wp-block-image\">\n<figure class=\"alignleft size-full\"><img loading=\"lazy\" decoding=\"async\" width=\"197\" height=\"238\" src=\"https:\/\/www.leaplytics.de\/wp-content\/uploads\/2022\/08\/grafik-7.png\" alt=\"\" class=\"wp-image-9337\" srcset=\"https:\/\/www.leaplytics.de\/wp-content\/uploads\/2022\/08\/grafik-7.png 197w, https:\/\/www.leaplytics.de\/wp-content\/uploads\/2022\/08\/grafik-7-50x60.png 50w\" sizes=\"auto, (max-width: 197px) 100vw, 197px\" \/><\/figure><\/div>\n\n\n<p>Der Abschnitt \"Time format\" ist ein optionaler Abschnitt. In diesem Abschnitt k\u00f6nnen Sie ein Zeit- oder Intervallformat ausw\u00e4hlen, das f\u00fcr die Berechnung der Bereiche und des Ausgabetextes neben dem Ampelsymbol verwendet wird. Bitte stellen Sie sicher, dass Sie das Zeitformat entsprechend den Eingabefeldern f\u00fcr die Bereiche ausw\u00e4hlen.<\/p>\n\n\n\n<div style=\"height:16px\" aria-hidden=\"true\" class=\"wp-block-spacer\"><\/div>\n\n\n\n<h3 class=\"wp-block-heading\">2. Lichtsystem<\/h3>\n\n\n<div class=\"wp-block-image\">\n<figure class=\"alignleft size-full\"><img loading=\"lazy\" decoding=\"async\" width=\"199\" height=\"187\" src=\"https:\/\/www.leaplytics.de\/wp-content\/uploads\/2022\/08\/grafik-8.png\" alt=\"\" class=\"wp-image-9338\" srcset=\"https:\/\/www.leaplytics.de\/wp-content\/uploads\/2022\/08\/grafik-8.png 199w, https:\/\/www.leaplytics.de\/wp-content\/uploads\/2022\/08\/grafik-8-64x60.png 64w\" sizes=\"auto, (max-width: 199px) 100vw, 199px\" \/><\/figure><\/div>\n\n\n<p>Im Bereich \"Light System\" k\u00f6nnen Sie zwischen einem Ein-, Zwei- und Drei-Licht-System w\u00e4hlen.<\/p>\n\n\n\n<p><strong>Drei-Licht-System:<\/strong> Gr\u00fcn, Gelb und Rot haben jeweils einen eigenen Kreis.<\/p>\n\n\n\n<p><strong>Zwei-Licht-System:<\/strong> Gr\u00fcn und Rot haben jeweils einen eigenen Kreis. Gelbes Licht wird nicht unterst\u00fctzt.<\/p>\n\n\n\n<p><strong>Ein-Licht-System:<\/strong> Gr\u00fcn, Gelb und Rot haben denselben Kreis.<\/p>\n\n\n\n<div style=\"height:0px\" aria-hidden=\"true\" class=\"wp-block-spacer\"><\/div>\n\n\n\n<h3 class=\"wp-block-heading\">3. Ausrichtung<\/h3>\n\n\n<div class=\"wp-block-image\">\n<figure class=\"alignleft size-full\"><img loading=\"lazy\" decoding=\"async\" width=\"198\" height=\"167\" src=\"https:\/\/www.leaplytics.de\/wp-content\/uploads\/2022\/08\/grafik-9.png\" alt=\"\" class=\"wp-image-9339\" srcset=\"https:\/\/www.leaplytics.de\/wp-content\/uploads\/2022\/08\/grafik-9.png 198w, https:\/\/www.leaplytics.de\/wp-content\/uploads\/2022\/08\/grafik-9-71x60.png 71w\" sizes=\"auto, (max-width: 198px) 100vw, 198px\" \/><\/figure><\/div>\n\n\n<p>Im Bereich \"Alignment\" k\u00f6nnen Sie zwischen einer vertikalen und einer horizontalen Ausrichtung f\u00fcr Ihr Ampelmotiv w\u00e4hlen. Alle vorhandenen Einstellungen sind f\u00fcr beide Ausrichtungen verf\u00fcgbar.<\/p>\n\n\n\n<div style=\"height:0px\" aria-hidden=\"true\" class=\"wp-block-spacer\"><\/div>\n\n\n\n<h3 class=\"wp-block-heading\">4. Randeinstellungen<\/h3>\n\n\n<div class=\"wp-block-image\">\n<figure class=\"alignleft size-full\"><img loading=\"lazy\" decoding=\"async\" width=\"198\" height=\"211\" src=\"https:\/\/www.leaplytics.de\/wp-content\/uploads\/2022\/08\/grafik-10.png\" alt=\"\" class=\"wp-image-9344\" srcset=\"https:\/\/www.leaplytics.de\/wp-content\/uploads\/2022\/08\/grafik-10.png 198w, https:\/\/www.leaplytics.de\/wp-content\/uploads\/2022\/08\/grafik-10-56x60.png 56w\" sizes=\"auto, (max-width: 198px) 100vw, 198px\" \/><\/figure><\/div>\n\n\n<p>Im Abschnitt \"Border Settings\" k\u00f6nnen Sie die Sichtbarkeit des \u00e4u\u00dferen Ampelrandes sowie der inneren Ampelschattierungen \u00e4ndern.<\/p>\n\n\n\n<div style=\"height:0px\" aria-hidden=\"true\" class=\"wp-block-spacer\"><\/div>\n\n\n\n<h3 class=\"wp-block-heading\">5. Text-Einstellungen<\/h3>\n\n\n<div class=\"wp-block-image\">\n<figure class=\"alignleft size-full\"><img loading=\"lazy\" decoding=\"async\" width=\"196\" height=\"403\" src=\"https:\/\/www.leaplytics.de\/wp-content\/uploads\/2022\/08\/grafik-11.png\" alt=\"\" class=\"wp-image-9346\" srcset=\"https:\/\/www.leaplytics.de\/wp-content\/uploads\/2022\/08\/grafik-11.png 196w, https:\/\/www.leaplytics.de\/wp-content\/uploads\/2022\/08\/grafik-11-146x300.png 146w, https:\/\/www.leaplytics.de\/wp-content\/uploads\/2022\/08\/grafik-11-29x60.png 29w\" sizes=\"auto, (max-width: 196px) 100vw, 196px\" \/><\/figure><\/div>\n\n\n<p>Diese Ampeleinstellung bietet eine breite Palette von Texteinstellungen. Sie k\u00f6nnen ein Textelement ein- und ausschalten, das im selben Fenster wie die Ampel angezeigt wird. Wenn der Text sichtbar ist, k\u00f6nnen Sie den Textstil, die Textgr\u00f6\u00dfe, die Textposition und die Schriftfamilie nach Ihren individuellen Bed\u00fcrfnissen \u00e4ndern<\/p>\n\n\n\n<div style=\"height:0px\" aria-hidden=\"true\" class=\"wp-block-spacer\"><\/div>\n\n\n\n<h3 class=\"wp-block-heading\">6. Farbeinstellungen<\/h3>\n\n\n<div class=\"wp-block-image\">\n<figure class=\"alignleft size-full\"><img loading=\"lazy\" decoding=\"async\" width=\"198\" height=\"482\" src=\"https:\/\/www.leaplytics.de\/wp-content\/uploads\/2022\/08\/grafik-12.png\" alt=\"\" class=\"wp-image-9349\" srcset=\"https:\/\/www.leaplytics.de\/wp-content\/uploads\/2022\/08\/grafik-12.png 198w, https:\/\/www.leaplytics.de\/wp-content\/uploads\/2022\/08\/grafik-12-123x300.png 123w, https:\/\/www.leaplytics.de\/wp-content\/uploads\/2022\/08\/grafik-12-25x60.png 25w\" sizes=\"auto, (max-width: 198px) 100vw, 198px\" \/><\/figure><\/div>\n\n\n<p>Im Abschnitt \"Color Settings\" k\u00f6nnen Sie die Farbe jedes Teils des Visuals \u00e4ndern. Klicken Sie einfach auf das Dropdown-Men\u00fc und w\u00e4hlen Sie eine Farbe aus den vordefinierten Themenfarben oder verwenden Sie die RGB- und Hex-Codes, um die Farbe selbst zu definieren.<\/p>","protected":false},"excerpt":{"rendered":"<p>1. Zeitformat Der Abschnitt \"Zeitformat\" ist ein optionaler Abschnitt. In diesem Abschnitt k\u00f6nnen Sie ein Zeit- oder Intervallformat ausw\u00e4hlen, das f\u00fcr die Berechnung der Bereiche und des Ausgabetextes neben dem Ampelsymbol verwendet wird. Bitte stellen Sie sicher, dass Sie das Zeitformat entsprechend der Bereichseingabefelder ausw\u00e4hlen. 2. Ampel ... <\/p>","protected":false},"author":2,"featured_media":0,"parent":0,"menu_order":0,"comment_status":"closed","ping_status":"closed","template":"","meta":{"footnotes":""},"class_list":["post-9336","page","type-page","status-publish","hentry","latest_post"],"_links":{"self":[{"href":"https:\/\/www.leaplytics.de\/de\/wp-json\/wp\/v2\/pages\/9336","targetHints":{"allow":["GET"]}}],"collection":[{"href":"https:\/\/www.leaplytics.de\/de\/wp-json\/wp\/v2\/pages"}],"about":[{"href":"https:\/\/www.leaplytics.de\/de\/wp-json\/wp\/v2\/types\/page"}],"author":[{"embeddable":true,"href":"https:\/\/www.leaplytics.de\/de\/wp-json\/wp\/v2\/users\/2"}],"replies":[{"embeddable":true,"href":"https:\/\/www.leaplytics.de\/de\/wp-json\/wp\/v2\/comments?post=9336"}],"version-history":[{"count":0,"href":"https:\/\/www.leaplytics.de\/de\/wp-json\/wp\/v2\/pages\/9336\/revisions"}],"wp:attachment":[{"href":"https:\/\/www.leaplytics.de\/de\/wp-json\/wp\/v2\/media?parent=9336"}],"curies":[{"name":"wp","href":"https:\/\/api.w.org\/{rel}","templated":true}]}}