{"id":11926,"date":"2023-07-18T10:22:34","date_gmt":"2023-07-18T08:22:34","guid":{"rendered":"https:\/\/www.leaplytics.de\/?page_id=11926"},"modified":"2024-10-29T12:39:50","modified_gmt":"2024-10-29T11:39:50","slug":"markdown-viewer-visual-para-power-bi","status":"publish","type":"page","link":"https:\/\/www.leaplytics.de\/es\/markdown-viewer-visual-para-power-bi\/","title":{"rendered":"Visual Markdown Viewer para Power BI"},"content":{"rendered":"<p>Presentamos el Visual personalizado Markdown-to-HTML para Power BI: \u00a1cuente la historia de sus datos con un editor de texto completo en su panel de datos! Eleve la informaci\u00f3n relevante mediante texto formateado en su experiencia de visualizaci\u00f3n de datos.<\/p>\n\n\n\n<p>Nos complace presentar una soluci\u00f3n revolucionaria que permite a los usuarios de Power BI integrar perfectamente texto con un formato atractivo en sus informes y cuadros de mando.<\/p>\n\n\n\n<h3 class=\"wp-block-heading has-text-align-left\">Beneficios<\/h3>\n\n\n\n<h5 class=\"wp-block-heading\">Libera el poder de Markdown<\/h5>\n\n\n\n<p>Un lenguaje de marcado ampliamente adoptado con funciones de formato de texto sencillas y expresivas que le permiten crear encabezados, listas, enlaces y otros elementos de texto con formato junto a sus visualizaciones de datos.<\/p>\n\n\n\n<h5 class=\"wp-block-heading\">Crear narrativas visuales convincentes<\/h5>\n\n\n\n<p>Markdown-to-HTML Custom Visual le permite crear narrativas cautivadoras en su historia de datos mediante la combinaci\u00f3n perfecta de texto con formato enriquecido con sus visualizaciones. Puede proporcionar explicaciones detalladas, perspectivas y documentaci\u00f3n de apoyo junto a sus datos, mejorando la claridad y el impacto de su mensaje.<\/p>\n\n\n\n<h5 class=\"wp-block-heading\">Integraci\u00f3n optimizada<\/h5>\n\n\n\n<p>Nuestro visual personalizado se integra perfectamente en su entorno de Power BI, garantizando una experiencia f\u00e1cil de usar. Solo tienes que introducir tu c\u00f3digo Markdown o conectarte a una fuente de datos que contenga contenido Markdown, y nuestro visual se encargar\u00e1 del resto.<\/p>\n\n\n\n<h5 class=\"wp-block-heading\">Personalice su estilo<\/h5>\n\n\n\n<p>Nuestro visual personalizado Markdown-to-HTML ofrece amplias opciones de personalizaci\u00f3n para incorporar su identidad de marca \u00fanica. Adapte el aspecto del visual, como las fuentes, los colores y los fondos, para alinearlo con su marca o con el tema del informe, a fin de presentar de forma coherente y profesional la identidad de su organizaci\u00f3n.<\/p>\n\n\n\n<h5 class=\"wp-block-heading\">Fomentar la colaboraci\u00f3n y el intercambio de conocimientos<\/h5>\n\n\n\n<p>Fomente la colaboraci\u00f3n, el intercambio de conocimientos y la agilizaci\u00f3n de los flujos de trabajo dentro de su organizaci\u00f3n con este popular formato de colaboraci\u00f3n e intercambio de conocimientos.<\/p>\n\n\n\n<p>Mejore la visualizaci\u00f3n de sus datos con nuestro visual personalizado Markdown-to-HTML para Power BI. Presente sus ideas y an\u00e1lisis de una forma visualmente impactante y atractiva que cautive a su audiencia. Si usted es un analista de datos, profesional de negocios o ejecutivo, este visual est\u00e1 dise\u00f1ado para ayudarle a comunicar ideas complejas sin esfuerzo y hacer un impacto duradero.<\/p>\n\n\n\n<p>\u00bfEst\u00e1 listo para transformar sus informes y cuadros de mando de Power BI? Descargue hoy mismo nuestro visual personalizado Markdown-to-HTML y descubra un mundo de posibilidades de formato de texto din\u00e1mico.<\/p>\n\n\n\n<p><em>Potencie sus presentaciones de datos con la combinaci\u00f3n perfecta de est\u00e9tica visual y contenido informativo. Experimenta el futuro de la narraci\u00f3n de datos con Markdown y Power BI.<\/em><\/p>\n\n\n\n<p><\/p>\n\n\n\n<h3 class=\"wp-block-heading\">Solicite su licencia de prueba<\/h3>\n\n\n<div class=\"wpforms-container wpforms-container-full\" id=\"wpforms-11888\"><form id=\"wpforms-form-11888\" class=\"wpforms-validate wpforms-form wpforms-ajax-form\" data-formid=\"11888\" method=\"post\" enctype=\"multipart\/form-data\" action=\"\/es\/wp-json\/wp\/v2\/pages\/11926\" data-token=\"e5da1159517e09abac0c70b767cdc9bf\" data-token-time=\"1776210681\" data-trp-original-action=\"\/es\/wp-json\/wp\/v2\/pages\/11926\"><noscript class=\"wpforms-error-noscript\">Por favor, active JavaScript en su navegador para completar este formulario.<\/noscript><div class=\"wpforms-field-container\"><div id=\"wpforms-11888-field_0-container\" class=\"wpforms-field wpforms-field-name\" data-field-id=\"0\"><label class=\"wpforms-field-label\">Nombre <span class=\"wpforms-required-label\">*<\/span><\/label><div class=\"wpforms-field-row wpforms-field-medium\"><div class=\"wpforms-field-row-block wpforms-first wpforms-one-half\"><input type=\"text\" id=\"wpforms-11888-field_0\" class=\"wpforms-field-name-first wpforms-field-required\" name=\"wpforms[fields][0][first]\" required><label for=\"wpforms-11888-field_0\" class=\"wpforms-field-sublabel after\">Nombre<\/label><\/div><div class=\"wpforms-field-row-block wpforms-one-half\"><input type=\"text\" id=\"wpforms-11888-field_0-last\" class=\"wpforms-field-name-last wpforms-field-required\" name=\"wpforms[fields][0][last]\" required><label for=\"wpforms-11888-field_0-last\" class=\"wpforms-field-sublabel after\">Apellidos<\/label><\/div><\/div><\/div><div id=\"wpforms-11888-field_1-container\" class=\"wpforms-field wpforms-field-email\" data-field-id=\"1\"><label class=\"wpforms-field-label\" for=\"wpforms-11888-field_1\">Correo electr\u00f3nico profesional <span class=\"wpforms-required-label\">*<\/span><\/label><input type=\"email\" id=\"wpforms-11888-field_1\" class=\"wpforms-field-medium wpforms-field-required\" data-rule-restricted-email=\"1\" name=\"wpforms[fields][1]\" spellcheck=\"false\" required><\/div><div id=\"wpforms-11888-field_4-container\" class=\"wpforms-field wpforms-field-text\" data-field-id=\"4\"><label class=\"wpforms-field-label\" for=\"wpforms-11888-field_4\">Empresa <span class=\"wpforms-required-label\">*<\/span><\/label><input type=\"text\" id=\"wpforms-11888-field_4\" class=\"wpforms-field-medium wpforms-field-required\" name=\"wpforms[fields][4]\" required><\/div><div id=\"wpforms-11888-field_3-container\" class=\"wpforms-field wpforms-field-gdpr-checkbox\" data-field-id=\"3\"><label class=\"wpforms-field-label\">Acuerdo GDPR <span class=\"wpforms-required-label\">*<\/span><\/label><ul id=\"wpforms-11888-field_3\" class=\"wpforms-field-required\"><li class=\"choice-1\"><input type=\"checkbox\" id=\"wpforms-11888-field_3_1\" name=\"wpforms[fields][3][]\" value=\"I consent to having this website store my submitted information so they can respond to my inquiry.\" required><label class=\"wpforms-field-label-inline\" for=\"wpforms-11888-field_3_1\">Doy mi consentimiento para que este sitio web almacene la informaci\u00f3n que he enviado para que puedan responder a mi consulta.<\/label><\/li><\/ul><\/div><\/div><!-- .wpforms-field-container --><div class=\"wpforms-recaptcha-container wpforms-is-recaptcha wpforms-is-recaptcha-type-v3\" ><input type=\"hidden\" name=\"wpforms[recaptcha]\" value=\"\"><\/div><div class=\"wpforms-submit-container\" ><input type=\"hidden\" name=\"wpforms[id]\" value=\"11888\"><input type=\"hidden\" name=\"page_title\" value=\"\"><input type=\"hidden\" name=\"page_url\" value=\"https:\/\/www.leaplytics.de\/es\/wp-json\/wp\/v2\/pages\/11926\"><input type=\"hidden\" name=\"url_referer\" value=\"\"><button type=\"submit\" name=\"wpforms[submit]\" id=\"wpforms-submit-11888\" class=\"wpforms-submit\" data-alt-text=\"Sending...\" data-submit-text=\"Submit\" aria-live=\"assertive\" value=\"wpforms-submit\">Enviar<\/button><img loading=\"lazy\" decoding=\"async\" src=\"https:\/\/www.leaplytics.de\/wp-content\/plugins\/wpforms-lite\/assets\/images\/submit-spin.svg\" class=\"wpforms-submit-spinner\" style=\"display: none;\" width=\"26\" height=\"26\" alt=\"Cargando\"><\/div><input type=\"hidden\" name=\"trp-form-language\" value=\"es\"\/><\/form><\/div>  <!-- .wpforms-container -->\n\n\n\n<div style=\"height:50px\" aria-hidden=\"true\" class=\"wp-block-spacer\"><\/div>\n\n\n\n<h3 class=\"wp-block-heading has-text-align-left\" id=\"tutorial\">Primeros pasos<\/h3>\n\n\n\n<p><em>\u00bfC\u00f3mo puedo empezar?<\/em> Solicite una licencia de prueba m\u00e1s arriba. \u00bfY cuando reciba el c\u00f3digo de licencia? Haga clic a continuaci\u00f3n para iniciar nuestro tutorial.<\/p>\n\n\n\n<figure class=\"wp-block-embed is-type-wp-embed is-provider-leaplytics wp-block-embed-leaplytics\"><div class=\"wp-block-embed__wrapper\">\n<blockquote class=\"wp-embedded-content\" data-secret=\"IL8vEweSWi\"><a href=\"https:\/\/www.leaplytics.de\/es\/como-empezar-markdown-viewer-power-bi\/\">Introducci\u00f3n - Visor Markdown<\/a><\/blockquote><iframe loading=\"lazy\" class=\"wp-embedded-content\" sandbox=\"allow-scripts\" security=\"restricted\" style=\"position: absolute; clip: rect(1px, 1px, 1px, 1px);\" title=\"&quot;Introducci\u00f3n - Visor Markdown&quot; - LeapLytics\" src=\"https:\/\/www.leaplytics.de\/getting-started-markdown-viewer-power-bi\/embed\/#?secret=huMdA44Ho4#?secret=IL8vEweSWi\" data-secret=\"IL8vEweSWi\" width=\"600\" height=\"338\" frameborder=\"0\" marginwidth=\"0\" marginheight=\"0\" scrolling=\"no\"><\/iframe>\n<\/div><\/figure>","protected":false},"excerpt":{"rendered":"<p>Presentamos el Visual personalizado Markdown-to-HTML para Power BI: \u00a1cuente la historia de sus datos con un editor de texto completo en su panel de datos! Eleve la informaci\u00f3n relevante a trav\u00e9s de texto formateado en su experiencia de visualizaci\u00f3n de datos. Nos complace presentar una soluci\u00f3n revolucionaria que permite a los usuarios de Power BI integrar perfectamente texto con un formato atractivo en sus informes y ... <\/p>","protected":false},"author":2,"featured_media":0,"parent":0,"menu_order":0,"comment_status":"closed","ping_status":"closed","template":"","meta":{"footnotes":""},"class_list":["post-11926","page","type-page","status-publish","hentry","latest_post"],"_links":{"self":[{"href":"https:\/\/www.leaplytics.de\/es\/wp-json\/wp\/v2\/pages\/11926","targetHints":{"allow":["GET"]}}],"collection":[{"href":"https:\/\/www.leaplytics.de\/es\/wp-json\/wp\/v2\/pages"}],"about":[{"href":"https:\/\/www.leaplytics.de\/es\/wp-json\/wp\/v2\/types\/page"}],"author":[{"embeddable":true,"href":"https:\/\/www.leaplytics.de\/es\/wp-json\/wp\/v2\/users\/2"}],"replies":[{"embeddable":true,"href":"https:\/\/www.leaplytics.de\/es\/wp-json\/wp\/v2\/comments?post=11926"}],"version-history":[{"count":3,"href":"https:\/\/www.leaplytics.de\/es\/wp-json\/wp\/v2\/pages\/11926\/revisions"}],"predecessor-version":[{"id":13652,"href":"https:\/\/www.leaplytics.de\/es\/wp-json\/wp\/v2\/pages\/11926\/revisions\/13652"}],"wp:attachment":[{"href":"https:\/\/www.leaplytics.de\/es\/wp-json\/wp\/v2\/media?parent=11926"}],"curies":[{"name":"wp","href":"https:\/\/api.w.org\/{rel}","templated":true}]}}