{"id":12086,"date":"2023-08-02T17:05:19","date_gmt":"2023-08-02T15:05:19","guid":{"rendered":"https:\/\/www.leaplytics.de\/?page_id=12086"},"modified":"2023-08-06T14:32:15","modified_gmt":"2023-08-06T12:32:15","slug":"migracion-de-qlikview-a-power-bi","status":"publish","type":"page","link":"https:\/\/www.leaplytics.de\/es\/migracion-de-qlikview-a-power-bi\/","title":{"rendered":"Migraci\u00f3n de QlikView a Power BI - Nuestro enfoque"},"content":{"rendered":"<p>\u00bfEst\u00e1 utilizando actualmente QlikView pero est\u00e1 considerando cambiar a Power BI?  En LeapLytics, estamos especializados en ofrecer servicios de migraci\u00f3n expertos para ayudarle a realizar una transici\u00f3n sin problemas de QlikView a Power BI. Nuestro equipo de profesionales cualificados tiene una amplia experiencia en la gesti\u00f3n de este tipo de migraciones, garantizando un proceso fluido y eficiente para su organizaci\u00f3n.<\/p>\n\n\n\n<h3 class=\"wp-block-heading\"><strong>\u00bfPor qu\u00e9 migrar de QlikView a Power BI?<\/strong><\/h3>\n\n\n\n<p>A medida que las tecnolog\u00edas de Business Intelligence siguen evolucionando, las organizaciones a menudo encuentran ventajoso actualizarse a plataformas m\u00e1s modernas y robustas como Power BI. He aqu\u00ed algunas razones de peso para considerar la migraci\u00f3n de QlikView a Power BI:<\/p>\n\n\n\n<ol class=\"wp-block-list\">\n<li><strong>Visualizaci\u00f3n de datos mejorada:<\/strong> Power BI ofrece una amplia gama de opciones de visualizaci\u00f3n, lo que le permite presentar los datos de una manera m\u00e1s perspicaz e interactiva, potenciando a los responsables de la toma de decisiones con mejores conocimientos.<\/li>\n\n\n\n<li><strong>Integraci\u00f3n con el ecosistema Microsoft:<\/strong> Si su organizaci\u00f3n ya utiliza herramientas de Microsoft como Excel, SharePoint u Office 365, Power BI se integra a la perfecci\u00f3n con estas plataformas, agilizando su flujo de trabajo.<\/li>\n\n\n\n<li><strong>Escalabilidad y rendimiento:<\/strong> A medida que crecen sus necesidades de datos, Power BI puede gestionar grandes conjuntos de datos y consultas complejas con notable eficacia y rapidez.<\/li>\n\n\n\n<li><strong>Capacidades en la nube:<\/strong> Con las capacidades de Power BI en la nube, puede compartir f\u00e1cilmente informes y colaborar con colegas, garantizando el acceso en tiempo real a la informaci\u00f3n cr\u00edtica.<\/li>\n\n\n\n<li><strong>Actualizaciones peri\u00f3dicas y asistencia:<\/strong> Power BI recibe actualizaciones y mejoras frecuentes de Microsoft, lo que le garantiza el acceso a las \u00faltimas funciones y mejoras.<\/li>\n<\/ol>\n\n\n\n<h3 class=\"wp-block-heading\"><strong>Consideraciones para una Migraci\u00f3n Exitosa de QlikView a Power BI<\/strong><\/h3>\n\n\n\n<p>Migrar de una plataforma de inteligencia empresarial a otra puede ser una tarea compleja. Para garantizar el \u00e9xito de la migraci\u00f3n, es esencial tener en cuenta las siguientes consideraciones clave:<\/p>\n\n\n\n<ol class=\"wp-block-list\">\n<li><strong>Evaluaci\u00f3n de datos:<\/strong> Analice sus datos QlikView existentes para determinar su estructura, calidad y relevancia para la migraci\u00f3n. Identifique los posibles requisitos de limpieza y transformaci\u00f3n de datos.<\/li>\n\n\n\n<li><strong>Repositorios de mapas, informes y cuadros de mando:<\/strong> Comprenda a fondo sus actuales repositorios, informes y cuadros de mando QlikView. Cree un plan de mapeo para replicar estas visualizaciones en Power BI aprovechando sus caracter\u00edsticas \u00fanicas.<\/li>\n\n\n\n<li><strong>Modelado de datos en Power BI:<\/strong> Dise\u00f1e un modelo de datos eficiente en Power BI que se ajuste a sus requisitos empresariales y optimice el rendimiento.<\/li>\n\n\n\n<li><strong>Seguridad y permisos:<\/strong> Definir roles y permisos de seguridad en Power BI para garantizar que el acceso a los datos se gestiona y restringe adecuadamente.<\/li>\n\n\n\n<li><strong>Formaci\u00f3n y adopci\u00f3n de usuarios:<\/strong> Prepare a su equipo para la migraci\u00f3n ofreci\u00e9ndole una formaci\u00f3n completa sobre las caracter\u00edsticas y funcionalidades de Power BI.<\/li>\n\n\n\n<li><strong>Pruebas y garant\u00eda de calidad:<\/strong> Realice pruebas rigurosas para identificar y resolver cualquier problema antes de poner en marcha la soluci\u00f3n.<\/li>\n\n\n\n<li><strong>Apoyo posterior a la migraci\u00f3n:<\/strong> Ofrezca asistencia continua para resolver cualquier problema posterior a la migraci\u00f3n y ayude a los usuarios a aprovechar al m\u00e1ximo las funciones de Power BI.<\/li>\n<\/ol>\n\n\n\n<h3 class=\"wp-block-heading\"><strong>\u00bfPor qu\u00e9 LeapLytics para su migraci\u00f3n de QlikView a Power BI?<\/strong><\/h3>\n\n\n\n<p>En LeapLytics, estamos orgullosos de nuestro enfoque centrado en el cliente y de nuestro profundo conocimiento tanto de QlikView como de Power BI. Nuestro equipo de expertos posee las habilidades y los conocimientos necesarios para llevar a cabo el proceso de migraci\u00f3n sin problemas, garantizando interrupciones m\u00ednimas en sus operaciones empresariales. Al elegirnos, se beneficiar\u00e1 de:<\/p>\n\n\n\n<ul class=\"wp-block-list\">\n<li><strong>Experiencia y conocimientos:<\/strong> Nuestros experimentados profesionales han ejecutado con \u00e9xito numerosas migraciones de QlikView a Power BI, por lo que son expertos en manejar cualquier complejidad que pueda surgir.<\/li>\n\n\n\n<li><strong>Soluciones a medida:<\/strong> Entendemos que las necesidades de cada organizaci\u00f3n son \u00fanicas. Por ello, ofrecemos estrategias de migraci\u00f3n personalizadas que se ajustan a sus requisitos espec\u00edficos.<\/li>\n\n\n\n<li><strong>Seguridad de los datos:<\/strong> Damos prioridad a la seguridad de su informaci\u00f3n confidencial y seguimos las mejores pr\u00e1cticas del sector para salvaguardar sus datos durante y despu\u00e9s de la migraci\u00f3n.<\/li>\n\n\n\n<li><strong>Apoyo continuo:<\/strong> Nuestro compromiso con su \u00e9xito va m\u00e1s all\u00e1 del proceso de migraci\u00f3n. Proporcionamos soporte continuo para resolver cualquier duda y ayudarle con la adopci\u00f3n de Power BI.<\/li>\n<\/ul>\n\n\n\n<p>LeapLytics es su socio de confianza para que el cambio de QlikView a Power BI sea lo m\u00e1s fluido posible. P\u00f3ngase en contacto con nosotros hoy mismo para obtener m\u00e1s informaci\u00f3n sobre nuestros servicios de migraci\u00f3n y dar el primer paso para liberar el verdadero potencial de sus datos.<\/p>\n\n\n\n<h4 class=\"wp-block-heading\"><strong>P\u00f3ngase en contacto con nosotros<\/strong><\/h4>\n\n\n\n<p>\u00bfTiene alguna pregunta sobre la migraci\u00f3n de QlikView a Power BI o est\u00e1 interesado en nuestros servicios? No dude en ponerse en contacto con nosotros para una consulta. Estamos aqu\u00ed para ayudarle a realizar una transici\u00f3n suave y exitosa a Power BI. P\u00f3ngase en contacto con nuestros expertos y <a href=\"https:\/\/www.leaplytics.de\/es\/kontakt\/\"><strong>env\u00edanos un mensaje<\/strong><\/a>.<\/p>\n\n\n\n<p>(<em>No dude en ponerse en contacto con nosotros incluso si necesita orientaci\u00f3n sobre un aspecto diferente de la inteligencia empresarial, el an\u00e1lisis de datos o la visualizaci\u00f3n. Nuestro equipo est\u00e1 bien equipado para ayudarle en diversas tareas relacionadas con los datos.<\/em>)<\/p>","protected":false},"excerpt":{"rendered":"<p>\u00bfEst\u00e1 utilizando actualmente QlikView pero est\u00e1 considerando cambiar a Power BI? En LeapLytics, estamos especializados en ofrecer servicios de migraci\u00f3n expertos para ayudarle a realizar una transici\u00f3n sin problemas de QlikView a Power BI. Nuestro equipo de profesionales cualificados tiene una amplia experiencia en la gesti\u00f3n de este tipo de migraciones, garantizando un proceso fluido y eficiente para su organizaci\u00f3n. \u00bfPor qu\u00e9 migrar de ... <\/p>","protected":false},"author":2,"featured_media":0,"parent":0,"menu_order":0,"comment_status":"closed","ping_status":"closed","template":"","meta":{"footnotes":""},"class_list":["post-12086","page","type-page","status-publish","hentry","latest_post"],"_links":{"self":[{"href":"https:\/\/www.leaplytics.de\/es\/wp-json\/wp\/v2\/pages\/12086","targetHints":{"allow":["GET"]}}],"collection":[{"href":"https:\/\/www.leaplytics.de\/es\/wp-json\/wp\/v2\/pages"}],"about":[{"href":"https:\/\/www.leaplytics.de\/es\/wp-json\/wp\/v2\/types\/page"}],"author":[{"embeddable":true,"href":"https:\/\/www.leaplytics.de\/es\/wp-json\/wp\/v2\/users\/2"}],"replies":[{"embeddable":true,"href":"https:\/\/www.leaplytics.de\/es\/wp-json\/wp\/v2\/comments?post=12086"}],"version-history":[{"count":0,"href":"https:\/\/www.leaplytics.de\/es\/wp-json\/wp\/v2\/pages\/12086\/revisions"}],"wp:attachment":[{"href":"https:\/\/www.leaplytics.de\/es\/wp-json\/wp\/v2\/media?parent=12086"}],"curies":[{"name":"wp","href":"https:\/\/api.w.org\/{rel}","templated":true}]}}