{"id":12944,"date":"2023-12-18T23:03:40","date_gmt":"2023-12-18T22:03:40","guid":{"rendered":"https:\/\/www.leaplytics.de\/?page_id=12944"},"modified":"2023-12-18T23:03:40","modified_gmt":"2023-12-18T22:03:40","slug":"gestion-de-riesgos-ehs-power-bi-para-las-industrias-minera-y-petrolera","status":"publish","type":"page","link":"https:\/\/www.leaplytics.de\/es\/gestion-de-riesgos-ehs-power-bi-para-las-industrias-minera-y-petrolera\/","title":{"rendered":"Power BI de gesti\u00f3n de riesgos en materia de medio ambiente, salud y seguridad para las industrias minera y petrolera"},"content":{"rendered":"<h3 class=\"wp-block-heading\">Introducci\u00f3n<\/h3>\n\n\n\n<p>Industrias como la miner\u00eda y el petr\u00f3leo son cruciales para la econom\u00eda mundial, ya que suministran recursos y energ\u00eda. Sin embargo, se enfrentan a retos relacionados con los riesgos para el medio ambiente, la salud y la seguridad (medio ambiente, salud y seguridad). En la actualidad, las empresas consideran que una s\u00f3lida gesti\u00f3n de los riesgos de medio ambiente, salud y seguridad es fundamental para el \u00e9xito. Este art\u00edculo examina c\u00f3mo nuestra Matriz de Riesgos de Power BI puede mejorar la gesti\u00f3n de riesgos EHS.<\/p>\n\n\n\n<h3 class=\"wp-block-heading\"><strong>Comprender la gesti\u00f3n de riesgos en materia de medio ambiente, salud y seguridad<\/strong><\/h3>\n\n\n\n<p>En la miner\u00eda y el petr\u00f3leo, las principales preocupaciones son los riesgos para el medio ambiente, la salud y la seguridad. Entre ellos figuran la alteraci\u00f3n del h\u00e1bitat, la contaminaci\u00f3n, los accidentes y los problemas legales. Una gesti\u00f3n estricta de los riesgos de medio ambiente, salud y seguridad es vital para el \u00e9xito y la sostenibilidad de las operaciones.<\/p>\n\n\n\n<h3 class=\"wp-block-heading\"><strong>Matriz de riesgos de Power BI<\/strong><\/h3>\n\n\n\n<p>La Matriz de Riesgos es una potente herramienta para gestionar los riesgos de medio ambiente, salud y seguridad con Power BI. He aqu\u00ed c\u00f3mo ayuda:<\/p>\n\n\n\n<ol class=\"wp-block-list\">\n<li><strong>Identificaci\u00f3n de riesgos:<\/strong> Recopila datos para detectar riesgos para la seguridad, el cumplimiento o la salud.<\/li>\n\n\n\n<li><strong>Visualizaci\u00f3n:<\/strong> Clasifica los riesgos, ayudando a los responsables de la toma de decisiones a ver los problemas urgentes.<\/li>\n\n\n\n<li><strong>Control del rendimiento:<\/strong> Mantiene actualizados los datos sobre medio ambiente, salud y seguridad para una gesti\u00f3n proactiva de los riesgos.<\/li>\n\n\n\n<li><strong>Cuadros de mando interactivos: <\/strong>Visualice m\u00e9tricas de riesgo, incidentes y tendencias en tiempo real para facilitar el seguimiento del rendimiento.<\/li>\n<\/ol>\n\n\n\n<div class=\"wp-block-buttons is-layout-flex wp-block-buttons-is-layout-flex\" id=\"https:\/\/www.leaplytics.de\/frontpage\/project-management-custom-visuals-microsoft-powerbi\/risk-heatmap-custom-visual-for-power-bi\/\">\n<div class=\"wp-block-button has-custom-width wp-block-button__width-75 has-custom-font-size is-style-fill\" style=\"font-size:18px\"><a class=\"wp-block-button__link has-background wp-element-button\" href=\"https:\/\/www.leaplytics.de\/es\/portada\/gestion-de-proyectos-visualizaciones-personalizadas-microsoft-powerbi\/mapa-de-riesgos-visual-personalizado-para-power-bi\/\" style=\"background-color:#22316d\" rel=\"https:\/\/www.leaplytics.de\/frontpage\/project-management-custom-visuals-microsoft-powerbi\/risk-heatmap-custom-visual-for-power-bi\/\">Consulte aqu\u00ed nuestra \"Matriz de riesgos\" visual personalizada para Power BI.<\/a><\/div>\n<\/div>\n\n\n\n<p><\/p>\n\n\n\n<h3 class=\"wp-block-heading\"><strong>Aumentar el rendimiento mediante la gesti\u00f3n de riesgos en materia de medio ambiente, salud y seguridad<\/strong><\/h3>\n\n\n\n<p>Una gesti\u00f3n eficaz de los riesgos en materia de medio ambiente, salud y seguridad mejora el rendimiento:<\/p>\n\n\n\n<ul class=\"wp-block-list\">\n<li><strong>Eficiencia operativa:<\/strong> Reduce los accidentes, los fallos de los equipos y los incidentes medioambientales. Esto mejora la eficiencia y reduce el tiempo de inactividad.<\/li>\n\n\n\n<li><strong>Ahorro de costes:<\/strong> Minimiza los incidentes, reduciendo las multas, las costas judiciales y los costes de limpieza.<\/li>\n\n\n\n<li><strong>Sostenibilidad y reputaci\u00f3n:<\/strong> Demuestra el compromiso con la sostenibilidad. Esto mejora la reputaci\u00f3n y el atractivo para inversores y clientes.<\/li>\n\n\n\n<li><strong>Conformidad:<\/strong> Sigue las normas de medio ambiente, salud y seguridad, manteniendo una buena relaci\u00f3n con los organismos reguladores y evitando sanciones.<\/li>\n\n\n\n<li><strong>Bienestar de los empleados:<\/strong> Prioriza la seguridad y la salud del empresario. As\u00ed, mejora la motivaci\u00f3n y la productividad, reduciendo la rotaci\u00f3n y el absentismo.<\/li>\n<\/ul>\n\n\n\n<h3 class=\"wp-block-heading\"><strong>Conclusi\u00f3n<\/strong><\/h3>\n\n\n\n<p>La gesti\u00f3n de riesgos en materia de medio ambiente, salud y seguridad es vital para unas operaciones excelentes. Nuestra matriz de riesgos en Power BI es una gran herramienta para gestionar los riesgos de forma eficaz. La gesti\u00f3n de riesgos en materia de medio ambiente, salud y seguridad ayuda a las empresas a mejorar su rendimiento y reducir costes. Tambi\u00e9n les ayuda a cumplir la normativa y a crear una cultura de sostenibilidad y seguridad. Frente a los retos actuales, la gesti\u00f3n de riesgos de medio ambiente, salud y seguridad a trav\u00e9s de Power BI es clave para el \u00e9xito.<\/p>","protected":false},"excerpt":{"rendered":"<p>Introducci\u00f3n Industrias como la miner\u00eda y el petr\u00f3leo son cruciales para la econom\u00eda mundial, ya que suministran recursos y energ\u00eda. Sin embargo, se enfrentan a retos en materia de riesgos medioambientales, de salud y seguridad (EHS). En la actualidad, las empresas consideran que una s\u00f3lida gesti\u00f3n de los riesgos de medio ambiente, salud y seguridad es fundamental para el \u00e9xito. Este art\u00edculo examina c\u00f3mo nuestra Matriz de Riesgos de Power BI puede mejorar la gesti\u00f3n de riesgos EHS. Comprender los riesgos de EHS ... <\/p>","protected":false},"author":55,"featured_media":12952,"parent":0,"menu_order":0,"comment_status":"closed","ping_status":"closed","template":"","meta":{"footnotes":""},"class_list":["post-12944","page","type-page","status-publish","has-post-thumbnail","hentry","latest_post"],"_links":{"self":[{"href":"https:\/\/www.leaplytics.de\/es\/wp-json\/wp\/v2\/pages\/12944","targetHints":{"allow":["GET"]}}],"collection":[{"href":"https:\/\/www.leaplytics.de\/es\/wp-json\/wp\/v2\/pages"}],"about":[{"href":"https:\/\/www.leaplytics.de\/es\/wp-json\/wp\/v2\/types\/page"}],"author":[{"embeddable":true,"href":"https:\/\/www.leaplytics.de\/es\/wp-json\/wp\/v2\/users\/55"}],"replies":[{"embeddable":true,"href":"https:\/\/www.leaplytics.de\/es\/wp-json\/wp\/v2\/comments?post=12944"}],"version-history":[{"count":0,"href":"https:\/\/www.leaplytics.de\/es\/wp-json\/wp\/v2\/pages\/12944\/revisions"}],"wp:featuredmedia":[{"embeddable":true,"href":"https:\/\/www.leaplytics.de\/es\/wp-json\/wp\/v2\/media\/12952"}],"wp:attachment":[{"href":"https:\/\/www.leaplytics.de\/es\/wp-json\/wp\/v2\/media?parent=12944"}],"curies":[{"name":"wp","href":"https:\/\/api.w.org\/{rel}","templated":true}]}}