{"id":12961,"date":"2023-12-18T23:03:43","date_gmt":"2023-12-18T22:03:43","guid":{"rendered":"https:\/\/www.leaplytics.de\/?page_id=12961"},"modified":"2024-01-02T12:05:32","modified_gmt":"2024-01-02T11:05:32","slug":"identificacion-de-riesgos-de-power-bi-en-las-industrias-de-transporte-de-cruceros-aereos","status":"publish","type":"page","link":"https:\/\/www.leaplytics.de\/es\/identificacion-de-riesgos-de-power-bi-en-las-industrias-de-transporte-de-cruceros-aereos\/","title":{"rendered":"Power BI: Identificaci\u00f3n de peligros en las industrias de aviaci\u00f3n, cruceros y transporte"},"content":{"rendered":"<h2 class=\"wp-block-heading has-medium-font-size\"><strong>Introducci\u00f3n<\/strong><\/h2>\n\n\n\n<p>En la aviaci\u00f3n, los cruceros y el transporte, la identificaci\u00f3n de peligros y la gesti\u00f3n de riesgos son cruciales. Nuestra Matriz de Riesgos en Power BI surge como una valiosa herramienta para este fin.<\/p>\n\n\n\n<p>La herramienta destaca en la identificaci\u00f3n de peligros y la simplificaci\u00f3n de la presentaci\u00f3n de datos para un reconocimiento r\u00e1pido. Esta capacidad permite actuar de inmediato, mejorando la seguridad en las operaciones.<\/p>\n\n\n\n<h2 class=\"wp-block-heading has-medium-font-size\"><strong>Navegar por los peligros de la aviaci\u00f3n<\/strong><\/h2>\n\n\n\n<p>En el sector de la aviaci\u00f3n, los peligros m\u00e1s comunes son los problemas en las pistas o los choques con aves. Los KPI incluyen la frecuencia de los cuasi accidentes y la eficacia de la formaci\u00f3n en seguridad. Por ejemplo, la fiabilidad de los sistemas de comunicaci\u00f3n es crucial.<\/p>\n\n\n\n<h2 class=\"wp-block-heading has-medium-font-size\"><strong>Garantizar la seguridad en las operaciones de crucero<\/strong><\/h2>\n\n\n\n<p>En el caso de los cruceros, los riesgos pueden consistir en colisiones de buques o emergencias sanitarias. Los indicadores clave de rendimiento incluyen el seguimiento de los tiempos de respuesta a las emergencias y la adecuaci\u00f3n de los suministros m\u00e9dicos. Por tanto, garantizar la seguridad de los pasajeros es fundamental.<\/p>\n\n\n\n<h2 class=\"wp-block-heading has-medium-font-size\"><strong>Garantizar las operaciones de transporte<\/strong><\/h2>\n\n\n\n<p>En el sector del transporte, los riesgos pueden ser accidentes o interrupciones de la cadena de suministro. Los indicadores clave de rendimiento son la tasa de accidentes, el cumplimiento del programa de mantenimiento y la eficacia de los planes de contingencia. Por ejemplo, el seguimiento de la eficacia de los programas de formaci\u00f3n de conductores es fundamental.<\/p>\n\n\n\n<h2 class=\"wp-block-heading has-medium-font-size\"><strong>Matriz de riesgos para Power BI<\/strong><\/h2>\n\n\n\n<p>As\u00ed es como la Matriz de Riesgos perfecciona su gesti\u00f3n de riesgos:<\/p>\n\n\n\n<p><strong>Eje de probabilidad:<\/strong> Este eje examina la probabilidad de que se produzca un riesgo, de baja a alta. Ayuda a comprender la probabilidad de que se produzcan riesgos potenciales en estos sectores.<\/p>\n\n\n\n<p><strong>Eje de impacto:<\/strong> Este eje examina la gravedad que puede tener un riesgo, clasificado como bajo, medio o alto. Ayuda a las organizaciones de aviaci\u00f3n, cruceros y transporte a analizar cu\u00e1nto da\u00f1o podr\u00eda causar un riesgo.<\/p>\n\n\n\n<p>Combinando la probabilidad y el impacto se obtiene una puntuaci\u00f3n para cada riesgo. Esto ayuda a clasificar los riesgos en funci\u00f3n de su gravedad. La gesti\u00f3n temprana de los riesgos prioritarios minimiza las amenazas y las interrupciones de las operaciones.<\/p>\n\n\n\n<p>Con la Matriz de Riesgos, las organizaciones de estos sectores pueden:<\/p>\n\n\n\n<ol class=\"wp-block-list\">\n<li><strong>Crear cuadros de mando:<\/strong> Elabore cuadros de mando en tiempo real que muestren las m\u00e9tricas de seguridad, los incidentes y las tendencias. De este modo, los gestores de riesgos pueden ver f\u00e1cilmente c\u00f3mo va la seguridad.<\/li>\n\n\n\n<li><strong>Visualice los datos de riesgo:<\/strong> Utilice tablas y gr\u00e1ficos para mostrar las puntuaciones de riesgo de la Matriz de Riesgos. Esto ayuda a comprender la gravedad de los riesgos identificados.<\/li>\n\n\n\n<li><strong>Supervisi\u00f3n:<\/strong> Utilice Power BI para comprobar si cumple la normativa de seguridad. Encuentre tambi\u00e9n \u00e1reas que necesiten m\u00e1s medidas de seguridad en aviaci\u00f3n, cruceros y transporte.<\/li>\n\n\n\n<li><strong>Identificar tendencias: <\/strong>Eche un vistazo a sus datos de riesgo. Con la Matriz de Riesgos puede comprender las razones de los accidentes y reconocer los problemas de seguridad en curso. Esto permite tomar decisiones con conocimiento de causa para mejorar continuamente la seguridad.<\/li>\n<\/ol>\n\n\n\n<div class=\"wp-block-buttons is-layout-flex wp-block-buttons-is-layout-flex\">\n<div class=\"wp-block-button has-custom-font-size\" style=\"font-size:18px\"><a class=\"wp-block-button__link has-background wp-element-button\" href=\"https:\/\/www.leaplytics.de\/es\/portada\/gestion-de-proyectos-visualizaciones-personalizadas-microsoft-powerbi\/mapa-de-riesgos-visual-personalizado-para-power-bi\/\" style=\"background-color:#22316d\" rel=\"https:\/\/www.leaplytics.de\/frontpage\/project-management-custom-visuals-microsoft-powerbi\/risk-heatmap-custom-visual-for-power-bi\/\">Consulte aqu\u00ed nuestra \"Matriz de riesgos\" visual personalizada para Power BI.<\/a><\/div>\n<\/div>\n\n\n\n<figure class=\"wp-block-image size-full\"><img loading=\"lazy\" decoding=\"async\" width=\"1024\" height=\"576\" src=\"https:\/\/www.leaplytics.de\/wp-content\/uploads\/2023\/12\/Risk-Matrix.jpg\" alt=\"\" class=\"wp-image-12965\" srcset=\"https:\/\/www.leaplytics.de\/wp-content\/uploads\/2023\/12\/Risk-Matrix.jpg 1024w, https:\/\/www.leaplytics.de\/wp-content\/uploads\/2023\/12\/Risk-Matrix-300x169.jpg 300w, https:\/\/www.leaplytics.de\/wp-content\/uploads\/2023\/12\/Risk-Matrix-768x432.jpg 768w, https:\/\/www.leaplytics.de\/wp-content\/uploads\/2023\/12\/Risk-Matrix-107x60.jpg 107w\" sizes=\"auto, (max-width: 1024px) 100vw, 1024px\" \/><\/figure>\n\n\n\n<h2 class=\"wp-block-heading has-medium-font-size\"><strong>Conclusi\u00f3n<\/strong><\/h2>\n\n\n\n<p>La matriz de riesgos para Power BI ofrece informaci\u00f3n valiosa sobre los riesgos. Ayuda a centrarse en los recursos y a mejorar la seguridad. La herramienta permite a los profesionales tomar decisiones informadas y gestionar sus riesgos.<\/p>\n\n\n\n<p>La Matriz de Riesgos es una baza importante para los sectores de la aviaci\u00f3n, los cruceros y el transporte. Hace que la identificaci\u00f3n y la gesti\u00f3n de riesgos sean m\u00e1s accesibles y eficaces. De este modo, las empresas pueden mantener operaciones seguras y fluidas en estos sectores vitales.<\/p>","protected":false},"excerpt":{"rendered":"<p>Introducci\u00f3n En la aviaci\u00f3n, los cruceros y el transporte, la identificaci\u00f3n de peligros y la gesti\u00f3n de riesgos son cruciales. Nuestra Matriz de Riesgos en Power BI surge como una valiosa herramienta para este fin. La herramienta destaca en la identificaci\u00f3n de peligros y la simplificaci\u00f3n de la presentaci\u00f3n de datos para un reconocimiento r\u00e1pido. Esta capacidad permite actuar de inmediato, mejorando la seguridad de las operaciones. Navegar por los peligros de la aviaci\u00f3n En la aviaci\u00f3n, los ... <\/p>","protected":false},"author":55,"featured_media":12962,"parent":0,"menu_order":0,"comment_status":"closed","ping_status":"closed","template":"","meta":{"footnotes":""},"class_list":["post-12961","page","type-page","status-publish","has-post-thumbnail","hentry","latest_post"],"_links":{"self":[{"href":"https:\/\/www.leaplytics.de\/es\/wp-json\/wp\/v2\/pages\/12961","targetHints":{"allow":["GET"]}}],"collection":[{"href":"https:\/\/www.leaplytics.de\/es\/wp-json\/wp\/v2\/pages"}],"about":[{"href":"https:\/\/www.leaplytics.de\/es\/wp-json\/wp\/v2\/types\/page"}],"author":[{"embeddable":true,"href":"https:\/\/www.leaplytics.de\/es\/wp-json\/wp\/v2\/users\/55"}],"replies":[{"embeddable":true,"href":"https:\/\/www.leaplytics.de\/es\/wp-json\/wp\/v2\/comments?post=12961"}],"version-history":[{"count":0,"href":"https:\/\/www.leaplytics.de\/es\/wp-json\/wp\/v2\/pages\/12961\/revisions"}],"wp:featuredmedia":[{"embeddable":true,"href":"https:\/\/www.leaplytics.de\/es\/wp-json\/wp\/v2\/media\/12962"}],"wp:attachment":[{"href":"https:\/\/www.leaplytics.de\/es\/wp-json\/wp\/v2\/media?parent=12961"}],"curies":[{"name":"wp","href":"https:\/\/api.w.org\/{rel}","templated":true}]}}