{"id":13004,"date":"2023-12-18T23:06:58","date_gmt":"2023-12-18T22:06:58","guid":{"rendered":"https:\/\/www.leaplytics.de\/?page_id=13004"},"modified":"2024-04-09T20:48:32","modified_gmt":"2024-04-09T18:48:32","slug":"temas-de-power-bi","status":"publish","type":"page","link":"https:\/\/www.leaplytics.de\/es\/temas-de-power-bi\/","title":{"rendered":"Temas de Power BI"},"content":{"rendered":"<p><a href=\"https:\/\/www.leaplytics.de\/es\/gestion-de-riesgos-ehs-power-bi-para-las-industrias-minera-y-petrolera\/\">Gesti\u00f3n de riesgos de medio ambiente, salud y seguridad en Power BI<\/a><\/p>\n\n\n\n<p><a href=\"https:\/\/www.leaplytics.de\/es\/identificacion-de-riesgos-de-power-bi-en-las-industrias-de-transporte-de-cruceros-aereos\/\">Identificaci\u00f3n de peligros en las industrias de aviaci\u00f3n, cruceros y transporte en Power BI<\/a><\/p>\n\n\n\n<p><a href=\"https:\/\/www.leaplytics.de\/es\/matriz-de-riesgos-osha-en-power-bi\/\">Matriz de riesgos OSHA en Power BI<\/a><\/p>\n\n\n\n<p><a href=\"https:\/\/www.leaplytics.de\/es\/matriz-de-riesgo-esg-con-microsoft-power-bi\/\">Matriz de riesgos ESG en Power BI<\/a><\/p>\n\n\n\n<p><a href=\"https:\/\/www.leaplytics.de\/es\/gestion-de-la-garantia-de-calidad-del-proveedor-con-power-bi\/\">Aseguramiento \/ Gesti\u00f3n de la Calidad de Proveedores con Power BI<\/a><\/p>\n\n\n\n<p><a href=\"https:\/\/www.leaplytics.de\/es\/gestion-de-riesgos-de-ciberseguridad-en-la-biotecnologia-energetica\/\">Power BI: Gesti\u00f3n de riesgos de ciberseguridad<\/a><\/p>\n\n\n\n<p><a href=\"https:\/\/www.leaplytics.de\/es\/gestion-del-riesgo-financiero-de-power-bi\/\">Power BI: Gesti\u00f3n del riesgo financiero en el sector de los servicios financieros<\/a><\/p>\n\n\n\n<p><a href=\"https:\/\/www.leaplytics.de\/es\/deje-que-power-bi-mejore-su-gestion-de-proyectos\/\">Deje que Power BI mejore su gesti\u00f3n de proyectos<\/a><\/p>\n\n\n\n<p><a href=\"https:\/\/www.leaplytics.de\/es\/visualizadores-de-texto-para-power-bi\/\">Visualizadores de texto para Power BI<\/a><\/p>\n\n\n\n<p><a href=\"https:\/\/www.leaplytics.de\/es\/matriz-de-oportunidades-para-power-bi\/\">Matriz de oportunidades para Power BI<\/a><\/p>","protected":false},"excerpt":{"rendered":"<p>Gesti\u00f3n de Riesgos EHS en Power BI Identificaci\u00f3n de Peligros en las Industrias de Aviaci\u00f3n, Cruceros y Transporte en Power BI Matriz de Riesgos OSHA en Power BI Matriz de Riesgos ESG en Power BI Aseguramiento \/ Gesti\u00f3n de la Calidad de Proveedores con Power BI Power BI: Gesti\u00f3n de Riesgos de Ciberseguridad Power BI: Gesti\u00f3n de Riesgos Financieros en el Sector de Servicios Financieros Let Power BI ... <\/p>","protected":false},"author":2,"featured_media":0,"parent":0,"menu_order":0,"comment_status":"closed","ping_status":"closed","template":"","meta":{"footnotes":""},"class_list":["post-13004","page","type-page","status-publish","hentry","latest_post"],"_links":{"self":[{"href":"https:\/\/www.leaplytics.de\/es\/wp-json\/wp\/v2\/pages\/13004","targetHints":{"allow":["GET"]}}],"collection":[{"href":"https:\/\/www.leaplytics.de\/es\/wp-json\/wp\/v2\/pages"}],"about":[{"href":"https:\/\/www.leaplytics.de\/es\/wp-json\/wp\/v2\/types\/page"}],"author":[{"embeddable":true,"href":"https:\/\/www.leaplytics.de\/es\/wp-json\/wp\/v2\/users\/2"}],"replies":[{"embeddable":true,"href":"https:\/\/www.leaplytics.de\/es\/wp-json\/wp\/v2\/comments?post=13004"}],"version-history":[{"count":4,"href":"https:\/\/www.leaplytics.de\/es\/wp-json\/wp\/v2\/pages\/13004\/revisions"}],"predecessor-version":[{"id":13338,"href":"https:\/\/www.leaplytics.de\/es\/wp-json\/wp\/v2\/pages\/13004\/revisions\/13338"}],"wp:attachment":[{"href":"https:\/\/www.leaplytics.de\/es\/wp-json\/wp\/v2\/media?parent=13004"}],"curies":[{"name":"wp","href":"https:\/\/api.w.org\/{rel}","templated":true}]}}